{"id":820,"date":"2016-06-30T15:26:08","date_gmt":"2016-06-30T13:26:08","guid":{"rendered":"https:\/\/www.nature-bois-concept.com\/magazine\/?page_id=820"},"modified":"2017-05-02T12:17:39","modified_gmt":"2017-05-02T10:17:39","slug":"accro-mats","status":"publish","type":"page","link":"https:\/\/www.nature-bois-concept.com\/magazine\/nbc\/actualites\/accro-mats\/","title":{"rendered":"Nature Bois Concept s\u2019allie \u00e0 un projet unique en Europe, l\u2019Accro-m\u00e2ts"},"content":{"rendered":"<p style=\"text-align: justify;\">Aux abords de l\u2019Hermione \u00e0 Rochefort en Charente-Maritime, s\u2019ouvre dans les prochaines semaines un projet qui allie histoire et activit\u00e9s en plein-air\u00a0: l\u2019Accro-m\u00e2ts.<\/p>\n<p style=\"text-align: justify;\">Dans un \u00e9crin rempli \u00a0d\u2019histoire, a commenc\u00e9 depuis d\u00e9j\u00e0 quelques mois un projet fou.<\/p>\n<p style=\"text-align: justify;\">Inspir\u00e9e du concept d\u2019accrobranche, la soci\u00e9t\u00e9 rochelaise Week\u2019n Go s\u2019est lanc\u00e9e dans une r\u00e9alisation unique en Europe. \u00c0 l\u2019endroit m\u00eame o\u00f9 ont \u00e9t\u00e9 construites, entre la fin du XVII \u00e9me et le d\u00e9but du XVIII \u00e9me, les plus belles fr\u00e9gates de la marine royale,\u00a0 dans la double forme Louis XV de l\u2019arsenal de Rochefort. \u00c0 c\u00f4t\u00e9 de la reproduction du mythique bateau l\u2019Hermione, se dresse aujourd\u2019hui une structure m\u00e9tallique accueillant un parc d\u2019aventures \u00e0 4 parcours, sur cette structure de 450 m\u00b2. Avec ses plateformes allant jusqu\u2019\u00e0 27 m\u00e8tres de haut, vous profiterez d\u2019une vue panoramique sur la ville, l\u2019arsenal et la corderie royale.<\/p>\n<p><img loading=\"lazy\" decoding=\"async\" class=\"aligncenter size-full wp-image-1555\" src=\"https:\/\/www.nature-bois-concept.com\/magazine\/wp-content\/uploads\/2016\/06\/bateau-bois-pin-sylvestre-classe-4.jpg\" alt=\"bateau-bois-pin-sylvestre-classe-4\" width=\"1200\" height=\"496\" srcset=\"https:\/\/www.nature-bois-concept.com\/magazine\/wp-content\/uploads\/2016\/06\/bateau-bois-pin-sylvestre-classe-4.jpg 1200w, https:\/\/www.nature-bois-concept.com\/magazine\/wp-content\/uploads\/2016\/06\/bateau-bois-pin-sylvestre-classe-4-300x124.jpg 300w, https:\/\/www.nature-bois-concept.com\/magazine\/wp-content\/uploads\/2016\/06\/bateau-bois-pin-sylvestre-classe-4-768x317.jpg 768w, https:\/\/www.nature-bois-concept.com\/magazine\/wp-content\/uploads\/2016\/06\/bateau-bois-pin-sylvestre-classe-4-1024x423.jpg 1024w, https:\/\/www.nature-bois-concept.com\/magazine\/wp-content\/uploads\/2016\/06\/bateau-bois-pin-sylvestre-classe-4-1060x438.jpg 1060w\" sizes=\"(max-width: 1200px) 100vw, 1200px\" \/><\/p>\n<p style=\"text-align: justify;\">Pour sa part Nature Bois Concept a fourni l\u2019ensemble du bois sur la structure, hormis les mats venant d\u2019une entreprise sp\u00e9cialis\u00e9e dans ce domaine. Nous ne pouvons que saluer le travail entrepris pour la mise en \u0153uvre de ce projet et de la qualit\u00e9 des finitions et d\u00e9corations.<\/p>\n<p style=\"text-align: justify;\">Premi\u00e8re r\u00e9alisation de ce type, elle marque le futur de l\u2019activit\u00e9 autour de l\u2019arsenal maritime tout en nous rappelant que celui-ci aura 350 ans en 2016. Sur le site de l\u2019arsenal, c\u2019est une nouvelle activit\u00e9 qui se cr\u00e9e. Sur ce site, 60 personnes pourront pratiquer simultan\u00e9ment cette activit\u00e9 en toute s\u00e9curit\u00e9, ces cr\u00e9ateurs attendent une affluence de 800 personnes par jour.<\/p>\n<p><iframe loading=\"lazy\" title=\"WEEKNGO ACCRO-MATS 1ER AOUT 2016\" width=\"500\" height=\"281\" src=\"https:\/\/www.youtube.com\/embed\/9xHSf40NIJk?feature=oembed\" frameborder=\"0\" allow=\"accelerometer; autoplay; clipboard-write; encrypted-media; gyroscope; picture-in-picture; web-share\" referrerpolicy=\"strict-origin-when-cross-origin\" allowfullscreen><\/iframe><\/p>\n<p style=\"text-align: justify;\">Alors n\u2019attendez plus initiez-vous \u00e0 l\u2019histoire, de la mairie \u00e0 la corderie royale en passant par l\u2019Hermione et tous ses secrets de r\u00e9alisation, puis essayez-vous \u00e0 l\u2019accrobranche de l\u2019accro-m\u00e2ts avec ses parcours remplis d\u2019\u00e9preuves, d\u2019escalade, de cordage et de tyrolienne.<\/p>\n<p style=\"text-align: justify;\">De l\u2019histoire et des sensations vous attendent, en parcourant les diverses activ\u00e9es que vous offre la ville de Rochefort, la visite de la corderie royale, de l\u2019arsenal, du mus\u00e9e maritime, de l\u2019Hermione et les parcours de l\u2019accro-m\u00e2ts.<\/p>\n","protected":false},"excerpt":{"rendered":"<p>Aux abords de l\u2019Hermione \u00e0 Rochefort en Charente-Maritime, s\u2019ouvre dans les prochaines semaines un projet qui allie histoire et activit\u00e9s en plein-air\u00a0: l\u2019Accro-m\u00e2ts. Dans un \u00e9crin rempli \u00a0d\u2019histoire, a commenc\u00e9 depuis d\u00e9j\u00e0 quelques mois un projet fou. Inspir\u00e9e du concept d\u2019accrobranche, la soci\u00e9t\u00e9 rochelaise Week\u2019n Go s\u2019est lanc\u00e9e dans une r\u00e9alisation unique en Europe. \u00c0 l\u2019endroit m\u00eame o\u00f9 ont \u00e9t\u00e9 construites, entre la fin du XVII \u00e9me et le d\u00e9but&#8230;<\/p>\n","protected":false},"author":2,"featured_media":3311,"parent":600,"menu_order":1,"comment_status":"closed","ping_status":"closed","template":"","meta":{"_acf_changed":false,"footnotes":""},"acf":[],"yoast_head":"<!-- This site is optimized with the Yoast SEO plugin v22.4 - https:\/\/yoast.com\/wordpress\/plugins\/seo\/ -->\n<title>L&#039;Accro-m\u00e2ts de Rochefort, un projet unique en Europe<\/title>\n<meta name=\"description\" content=\"Nature Bois Concept s\u2019allie \u00e0 un projet unique en Europe, l\u2019Accro-m\u00e2ts. Sous forme de navire se dress\u00e9 \u00e0 c\u00f4t\u00e9 de l&#039;Hermione ouvre un nouveau parc aventures\" \/>\n<meta name=\"robots\" content=\"index, follow, max-snippet:-1, max-image-preview:large, max-video-preview:-1\" \/>\n<link rel=\"canonical\" href=\"https:\/\/www.nature-bois-concept.com\/magazine\/nbc\/actualites\/accro-mats\/\" \/>\n<meta property=\"og:locale\" content=\"fr_FR\" \/>\n<meta property=\"og:type\" content=\"article\" \/>\n<meta property=\"og:title\" content=\"L&#039;Accro-m\u00e2ts de Rochefort, un projet unique en Europe\" \/>\n<meta property=\"og:description\" content=\"Nature Bois Concept s\u2019allie \u00e0 un projet unique en Europe, l\u2019Accro-m\u00e2ts. Sous forme de navire se dress\u00e9 \u00e0 c\u00f4t\u00e9 de l&#039;Hermione ouvre un nouveau parc aventures\" \/>\n<meta property=\"og:url\" content=\"https:\/\/www.nature-bois-concept.com\/magazine\/nbc\/actualites\/accro-mats\/\" \/>\n<meta property=\"og:site_name\" content=\"Magazine Nature Bois Concept\" \/>\n<meta property=\"article:publisher\" content=\"https:\/\/www.facebook.com\/Nature-Bois-Concept-1596307970584169\/\" \/>\n<meta property=\"article:modified_time\" content=\"2017-05-02T10:17:39+00:00\" \/>\n<meta property=\"og:image\" content=\"https:\/\/www.nature-bois-concept.com\/magazine\/wp-content\/uploads\/2016\/06\/accromat-rochefort.jpg\" \/>\n\t<meta property=\"og:image:width\" content=\"1800\" \/>\n\t<meta property=\"og:image:height\" content=\"440\" \/>\n\t<meta property=\"og:image:type\" content=\"image\/jpeg\" \/>\n<meta name=\"twitter:card\" content=\"summary_large_image\" \/>\n<meta name=\"twitter:site\" content=\"@nbc_bois\" \/>\n<meta name=\"twitter:label1\" content=\"Dur\u00e9e de lecture estim\u00e9e\" \/>\n\t<meta name=\"twitter:data1\" content=\"2 minutes\" \/>\n<script type=\"application\/ld+json\" class=\"yoast-schema-graph\">{\"@context\":\"https:\/\/schema.org\",\"@graph\":[{\"@type\":\"WebPage\",\"@id\":\"https:\/\/www.nature-bois-concept.com\/magazine\/nbc\/actualites\/accro-mats\/\",\"url\":\"https:\/\/www.nature-bois-concept.com\/magazine\/nbc\/actualites\/accro-mats\/\",\"name\":\"L'Accro-m\u00e2ts de Rochefort, un projet unique en Europe\",\"isPartOf\":{\"@id\":\"https:\/\/www.nature-bois-concept.com\/magazine\/#website\"},\"primaryImageOfPage\":{\"@id\":\"https:\/\/www.nature-bois-concept.com\/magazine\/nbc\/actualites\/accro-mats\/#primaryimage\"},\"image\":{\"@id\":\"https:\/\/www.nature-bois-concept.com\/magazine\/nbc\/actualites\/accro-mats\/#primaryimage\"},\"thumbnailUrl\":\"https:\/\/www.nature-bois-concept.com\/magazine\/wp-content\/uploads\/2016\/06\/accromat-rochefort.jpg\",\"datePublished\":\"2016-06-30T13:26:08+00:00\",\"dateModified\":\"2017-05-02T10:17:39+00:00\",\"description\":\"Nature Bois Concept s\u2019allie \u00e0 un projet unique en Europe, l\u2019Accro-m\u00e2ts. Sous forme de navire se dress\u00e9 \u00e0 c\u00f4t\u00e9 de l'Hermione ouvre un nouveau parc aventures\",\"breadcrumb\":{\"@id\":\"https:\/\/www.nature-bois-concept.com\/magazine\/nbc\/actualites\/accro-mats\/#breadcrumb\"},\"inLanguage\":\"fr-FR\",\"potentialAction\":[{\"@type\":\"ReadAction\",\"target\":[\"https:\/\/www.nature-bois-concept.com\/magazine\/nbc\/actualites\/accro-mats\/\"]}]},{\"@type\":\"ImageObject\",\"inLanguage\":\"fr-FR\",\"@id\":\"https:\/\/www.nature-bois-concept.com\/magazine\/nbc\/actualites\/accro-mats\/#primaryimage\",\"url\":\"https:\/\/www.nature-bois-concept.com\/magazine\/wp-content\/uploads\/2016\/06\/accromat-rochefort.jpg\",\"contentUrl\":\"https:\/\/www.nature-bois-concept.com\/magazine\/wp-content\/uploads\/2016\/06\/accromat-rochefort.jpg\",\"width\":1800,\"height\":440,\"caption\":\"Acromat \u00e0 Rochfort pr\u00e8s de l'hermione\"},{\"@type\":\"BreadcrumbList\",\"@id\":\"https:\/\/www.nature-bois-concept.com\/magazine\/nbc\/actualites\/accro-mats\/#breadcrumb\",\"itemListElement\":[{\"@type\":\"ListItem\",\"position\":1,\"name\":\"Magazine NBC\",\"item\":\"https:\/\/www.nature-bois-concept.com\/magazine\/\"},{\"@type\":\"ListItem\",\"position\":2,\"name\":\"NBC\",\"item\":\"https:\/\/www.nature-bois-concept.com\/magazine\/nbc\/\"},{\"@type\":\"ListItem\",\"position\":3,\"name\":\"Article Nature Bois Concept\",\"item\":\"https:\/\/www.nature-bois-concept.com\/magazine\/nbc\/actualites\/\"},{\"@type\":\"ListItem\",\"position\":4,\"name\":\"Nature Bois Concept s\u2019allie \u00e0 un projet unique en Europe, l\u2019Accro-m\u00e2ts\"}]},{\"@type\":\"WebSite\",\"@id\":\"https:\/\/www.nature-bois-concept.com\/magazine\/#website\",\"url\":\"https:\/\/www.nature-bois-concept.com\/magazine\/\",\"name\":\"Magazine Nature Bois Concept\",\"description\":\"En association avec Nature Bois Concept\",\"potentialAction\":[{\"@type\":\"SearchAction\",\"target\":{\"@type\":\"EntryPoint\",\"urlTemplate\":\"https:\/\/www.nature-bois-concept.com\/magazine\/?s={search_term_string}\"},\"query-input\":\"required name=search_term_string\"}],\"inLanguage\":\"fr-FR\"}]}<\/script>\n<!-- \/ Yoast SEO plugin. -->","yoast_head_json":{"title":"L'Accro-m\u00e2ts de Rochefort, un projet unique en Europe","description":"Nature Bois Concept s\u2019allie \u00e0 un projet unique en Europe, l\u2019Accro-m\u00e2ts. Sous forme de navire se dress\u00e9 \u00e0 c\u00f4t\u00e9 de l'Hermione ouvre un nouveau parc aventures","robots":{"index":"index","follow":"follow","max-snippet":"max-snippet:-1","max-image-preview":"max-image-preview:large","max-video-preview":"max-video-preview:-1"},"canonical":"https:\/\/www.nature-bois-concept.com\/magazine\/nbc\/actualites\/accro-mats\/","og_locale":"fr_FR","og_type":"article","og_title":"L'Accro-m\u00e2ts de Rochefort, un projet unique en Europe","og_description":"Nature Bois Concept s\u2019allie \u00e0 un projet unique en Europe, l\u2019Accro-m\u00e2ts. Sous forme de navire se dress\u00e9 \u00e0 c\u00f4t\u00e9 de l'Hermione ouvre un nouveau parc aventures","og_url":"https:\/\/www.nature-bois-concept.com\/magazine\/nbc\/actualites\/accro-mats\/","og_site_name":"Magazine Nature Bois Concept","article_publisher":"https:\/\/www.facebook.com\/Nature-Bois-Concept-1596307970584169\/","article_modified_time":"2017-05-02T10:17:39+00:00","og_image":[{"width":1800,"height":440,"url":"https:\/\/www.nature-bois-concept.com\/magazine\/wp-content\/uploads\/2016\/06\/accromat-rochefort.jpg","type":"image\/jpeg"}],"twitter_card":"summary_large_image","twitter_site":"@nbc_bois","twitter_misc":{"Dur\u00e9e de lecture estim\u00e9e":"2 minutes"},"schema":{"@context":"https:\/\/schema.org","@graph":[{"@type":"WebPage","@id":"https:\/\/www.nature-bois-concept.com\/magazine\/nbc\/actualites\/accro-mats\/","url":"https:\/\/www.nature-bois-concept.com\/magazine\/nbc\/actualites\/accro-mats\/","name":"L'Accro-m\u00e2ts de Rochefort, un projet unique en Europe","isPartOf":{"@id":"https:\/\/www.nature-bois-concept.com\/magazine\/#website"},"primaryImageOfPage":{"@id":"https:\/\/www.nature-bois-concept.com\/magazine\/nbc\/actualites\/accro-mats\/#primaryimage"},"image":{"@id":"https:\/\/www.nature-bois-concept.com\/magazine\/nbc\/actualites\/accro-mats\/#primaryimage"},"thumbnailUrl":"https:\/\/www.nature-bois-concept.com\/magazine\/wp-content\/uploads\/2016\/06\/accromat-rochefort.jpg","datePublished":"2016-06-30T13:26:08+00:00","dateModified":"2017-05-02T10:17:39+00:00","description":"Nature Bois Concept s\u2019allie \u00e0 un projet unique en Europe, l\u2019Accro-m\u00e2ts. Sous forme de navire se dress\u00e9 \u00e0 c\u00f4t\u00e9 de l'Hermione ouvre un nouveau parc aventures","breadcrumb":{"@id":"https:\/\/www.nature-bois-concept.com\/magazine\/nbc\/actualites\/accro-mats\/#breadcrumb"},"inLanguage":"fr-FR","potentialAction":[{"@type":"ReadAction","target":["https:\/\/www.nature-bois-concept.com\/magazine\/nbc\/actualites\/accro-mats\/"]}]},{"@type":"ImageObject","inLanguage":"fr-FR","@id":"https:\/\/www.nature-bois-concept.com\/magazine\/nbc\/actualites\/accro-mats\/#primaryimage","url":"https:\/\/www.nature-bois-concept.com\/magazine\/wp-content\/uploads\/2016\/06\/accromat-rochefort.jpg","contentUrl":"https:\/\/www.nature-bois-concept.com\/magazine\/wp-content\/uploads\/2016\/06\/accromat-rochefort.jpg","width":1800,"height":440,"caption":"Acromat \u00e0 Rochfort pr\u00e8s de l'hermione"},{"@type":"BreadcrumbList","@id":"https:\/\/www.nature-bois-concept.com\/magazine\/nbc\/actualites\/accro-mats\/#breadcrumb","itemListElement":[{"@type":"ListItem","position":1,"name":"Magazine NBC","item":"https:\/\/www.nature-bois-concept.com\/magazine\/"},{"@type":"ListItem","position":2,"name":"NBC","item":"https:\/\/www.nature-bois-concept.com\/magazine\/nbc\/"},{"@type":"ListItem","position":3,"name":"Article Nature Bois Concept","item":"https:\/\/www.nature-bois-concept.com\/magazine\/nbc\/actualites\/"},{"@type":"ListItem","position":4,"name":"Nature Bois Concept s\u2019allie \u00e0 un projet unique en Europe, l\u2019Accro-m\u00e2ts"}]},{"@type":"WebSite","@id":"https:\/\/www.nature-bois-concept.com\/magazine\/#website","url":"https:\/\/www.nature-bois-concept.com\/magazine\/","name":"Magazine Nature Bois Concept","description":"En association avec Nature Bois Concept","potentialAction":[{"@type":"SearchAction","target":{"@type":"EntryPoint","urlTemplate":"https:\/\/www.nature-bois-concept.com\/magazine\/?s={search_term_string}"},"query-input":"required name=search_term_string"}],"inLanguage":"fr-FR"}]}},"_links":{"self":[{"href":"https:\/\/www.nature-bois-concept.com\/magazine\/wp-json\/wp\/v2\/pages\/820"}],"collection":[{"href":"https:\/\/www.nature-bois-concept.com\/magazine\/wp-json\/wp\/v2\/pages"}],"about":[{"href":"https:\/\/www.nature-bois-concept.com\/magazine\/wp-json\/wp\/v2\/types\/page"}],"author":[{"embeddable":true,"href":"https:\/\/www.nature-bois-concept.com\/magazine\/wp-json\/wp\/v2\/users\/2"}],"replies":[{"embeddable":true,"href":"https:\/\/www.nature-bois-concept.com\/magazine\/wp-json\/wp\/v2\/comments?post=820"}],"version-history":[{"count":9,"href":"https:\/\/www.nature-bois-concept.com\/magazine\/wp-json\/wp\/v2\/pages\/820\/revisions"}],"predecessor-version":[{"id":3532,"href":"https:\/\/www.nature-bois-concept.com\/magazine\/wp-json\/wp\/v2\/pages\/820\/revisions\/3532"}],"up":[{"embeddable":true,"href":"https:\/\/www.nature-bois-concept.com\/magazine\/wp-json\/wp\/v2\/pages\/600"}],"wp:featuredmedia":[{"embeddable":true,"href":"https:\/\/www.nature-bois-concept.com\/magazine\/wp-json\/wp\/v2\/media\/3311"}],"wp:attachment":[{"href":"https:\/\/www.nature-bois-concept.com\/magazine\/wp-json\/wp\/v2\/media?parent=820"}],"curies":[{"name":"wp","href":"https:\/\/api.w.org\/{rel}","templated":true}]}}