{"id":7915,"date":"2025-08-01T16:01:29","date_gmt":"2025-08-01T14:01:29","guid":{"rendered":"https:\/\/www.nature-bois-concept.com\/magazine\/?page_id=7915"},"modified":"2025-08-01T16:58:44","modified_gmt":"2025-08-01T14:58:44","slug":"comment-poser-un-bardage-en-composite","status":"publish","type":"page","link":"https:\/\/www.nature-bois-concept.com\/magazine\/bardage-bois\/guides\/comment-poser-un-bardage-en-composite\/","title":{"rendered":"Comment poser un bardage en composite : guide complet"},"content":{"rendered":"","protected":false},"excerpt":{"rendered":"","protected":false},"author":20,"featured_media":7961,"parent":580,"menu_order":0,"comment_status":"closed","ping_status":"closed","template":"","meta":{"_acf_changed":false,"footnotes":""},"acf":[],"yoast_head":"<!-- This site is optimized with the Yoast SEO plugin v22.4 - https:\/\/yoast.com\/wordpress\/plugins\/seo\/ -->\n<title>Comment poser un bardage en composite : guide complet<\/title>\n<meta name=\"description\" content=\"Apprenez \u00e0 poser un bardage en composite en toute simplicit\u00e9 avec notre tutoriel d\u00e9taill\u00e9. Conseils pour une installation r\u00e9ussie.\" \/>\n<meta name=\"robots\" content=\"index, follow, max-snippet:-1, max-image-preview:large, max-video-preview:-1\" \/>\n<link rel=\"canonical\" href=\"https:\/\/www.nature-bois-concept.com\/magazine\/bardage-bois\/guides\/comment-poser-un-bardage-en-composite\/\" \/>\n<meta property=\"og:locale\" content=\"fr_FR\" \/>\n<meta property=\"og:type\" content=\"article\" \/>\n<meta property=\"og:title\" content=\"Comment poser un bardage en composite : guide complet\" \/>\n<meta property=\"og:description\" content=\"Apprenez \u00e0 poser un bardage en composite en toute simplicit\u00e9 avec notre tutoriel d\u00e9taill\u00e9. Conseils pour une installation r\u00e9ussie.\" \/>\n<meta property=\"og:url\" content=\"https:\/\/www.nature-bois-concept.com\/magazine\/bardage-bois\/guides\/comment-poser-un-bardage-en-composite\/\" \/>\n<meta property=\"og:site_name\" content=\"Magazine Nature Bois Concept\" \/>\n<meta property=\"article:publisher\" content=\"https:\/\/www.facebook.com\/Nature-Bois-Concept-1596307970584169\/\" \/>\n<meta property=\"article:modified_time\" content=\"2025-08-01T14:58:44+00:00\" \/>\n<meta property=\"og:image\" content=\"https:\/\/www.nature-bois-concept.com\/magazine\/wp-content\/uploads\/2025\/07\/couv-bardage-composite.jpg\" \/>\n\t<meta property=\"og:image:width\" content=\"1900\" \/>\n\t<meta property=\"og:image:height\" content=\"400\" \/>\n\t<meta property=\"og:image:type\" content=\"image\/jpeg\" \/>\n<meta name=\"twitter:card\" content=\"summary_large_image\" \/>\n<meta name=\"twitter:site\" content=\"@nbc_bois\" \/>\n<meta name=\"twitter:label1\" content=\"Dur\u00e9e de lecture estim\u00e9e\" \/>\n\t<meta name=\"twitter:data1\" content=\"1 minute\" \/>\n<script type=\"application\/ld+json\" class=\"yoast-schema-graph\">{\"@context\":\"https:\/\/schema.org\",\"@graph\":[{\"@type\":\"WebPage\",\"@id\":\"https:\/\/www.nature-bois-concept.com\/magazine\/bardage-bois\/guides\/comment-poser-un-bardage-en-composite\/\",\"url\":\"https:\/\/www.nature-bois-concept.com\/magazine\/bardage-bois\/guides\/comment-poser-un-bardage-en-composite\/\",\"name\":\"Comment poser un bardage en composite : guide complet\",\"isPartOf\":{\"@id\":\"https:\/\/www.nature-bois-concept.com\/magazine\/#website\"},\"primaryImageOfPage\":{\"@id\":\"https:\/\/www.nature-bois-concept.com\/magazine\/bardage-bois\/guides\/comment-poser-un-bardage-en-composite\/#primaryimage\"},\"image\":{\"@id\":\"https:\/\/www.nature-bois-concept.com\/magazine\/bardage-bois\/guides\/comment-poser-un-bardage-en-composite\/#primaryimage\"},\"thumbnailUrl\":\"https:\/\/www.nature-bois-concept.com\/magazine\/wp-content\/uploads\/2025\/07\/couv-bardage-composite.jpg\",\"datePublished\":\"2025-08-01T14:01:29+00:00\",\"dateModified\":\"2025-08-01T14:58:44+00:00\",\"description\":\"Apprenez \u00e0 poser un bardage en composite en toute simplicit\u00e9 avec notre tutoriel d\u00e9taill\u00e9. Conseils pour une installation r\u00e9ussie.\",\"breadcrumb\":{\"@id\":\"https:\/\/www.nature-bois-concept.com\/magazine\/bardage-bois\/guides\/comment-poser-un-bardage-en-composite\/#breadcrumb\"},\"inLanguage\":\"fr-FR\",\"potentialAction\":[{\"@type\":\"ReadAction\",\"target\":[\"https:\/\/www.nature-bois-concept.com\/magazine\/bardage-bois\/guides\/comment-poser-un-bardage-en-composite\/\"]}]},{\"@type\":\"ImageObject\",\"inLanguage\":\"fr-FR\",\"@id\":\"https:\/\/www.nature-bois-concept.com\/magazine\/bardage-bois\/guides\/comment-poser-un-bardage-en-composite\/#primaryimage\",\"url\":\"https:\/\/www.nature-bois-concept.com\/magazine\/wp-content\/uploads\/2025\/07\/couv-bardage-composite.jpg\",\"contentUrl\":\"https:\/\/www.nature-bois-concept.com\/magazine\/wp-content\/uploads\/2025\/07\/couv-bardage-composite.jpg\",\"width\":1900,\"height\":400,\"caption\":\"Bardage composite Silvadec\"},{\"@type\":\"BreadcrumbList\",\"@id\":\"https:\/\/www.nature-bois-concept.com\/magazine\/bardage-bois\/guides\/comment-poser-un-bardage-en-composite\/#breadcrumb\",\"itemListElement\":[{\"@type\":\"ListItem\",\"position\":1,\"name\":\"Magazine NBC\",\"item\":\"https:\/\/www.nature-bois-concept.com\/magazine\/\"},{\"@type\":\"ListItem\",\"position\":2,\"name\":\"Bardage bois\",\"item\":\"https:\/\/www.nature-bois-concept.com\/magazine\/bardage-bois\/\"},{\"@type\":\"ListItem\",\"position\":3,\"name\":\"Guide Bardage Bois\",\"item\":\"https:\/\/www.nature-bois-concept.com\/magazine\/bardage-bois\/guides\/\"},{\"@type\":\"ListItem\",\"position\":4,\"name\":\"Comment poser un bardage en composite : guide complet\"}]},{\"@type\":\"WebSite\",\"@id\":\"https:\/\/www.nature-bois-concept.com\/magazine\/#website\",\"url\":\"https:\/\/www.nature-bois-concept.com\/magazine\/\",\"name\":\"Magazine Nature Bois Concept\",\"description\":\"En association avec Nature Bois Concept\",\"potentialAction\":[{\"@type\":\"SearchAction\",\"target\":{\"@type\":\"EntryPoint\",\"urlTemplate\":\"https:\/\/www.nature-bois-concept.com\/magazine\/?s={search_term_string}\"},\"query-input\":\"required name=search_term_string\"}],\"inLanguage\":\"fr-FR\"}]}<\/script>\n<!-- \/ Yoast SEO plugin. -->","yoast_head_json":{"title":"Comment poser un bardage en composite : guide complet","description":"Apprenez \u00e0 poser un bardage en composite en toute simplicit\u00e9 avec notre tutoriel d\u00e9taill\u00e9. Conseils pour une installation r\u00e9ussie.","robots":{"index":"index","follow":"follow","max-snippet":"max-snippet:-1","max-image-preview":"max-image-preview:large","max-video-preview":"max-video-preview:-1"},"canonical":"https:\/\/www.nature-bois-concept.com\/magazine\/bardage-bois\/guides\/comment-poser-un-bardage-en-composite\/","og_locale":"fr_FR","og_type":"article","og_title":"Comment poser un bardage en composite : guide complet","og_description":"Apprenez \u00e0 poser un bardage en composite en toute simplicit\u00e9 avec notre tutoriel d\u00e9taill\u00e9. Conseils pour une installation r\u00e9ussie.","og_url":"https:\/\/www.nature-bois-concept.com\/magazine\/bardage-bois\/guides\/comment-poser-un-bardage-en-composite\/","og_site_name":"Magazine Nature Bois Concept","article_publisher":"https:\/\/www.facebook.com\/Nature-Bois-Concept-1596307970584169\/","article_modified_time":"2025-08-01T14:58:44+00:00","og_image":[{"width":1900,"height":400,"url":"https:\/\/www.nature-bois-concept.com\/magazine\/wp-content\/uploads\/2025\/07\/couv-bardage-composite.jpg","type":"image\/jpeg"}],"twitter_card":"summary_large_image","twitter_site":"@nbc_bois","twitter_misc":{"Dur\u00e9e de lecture estim\u00e9e":"1 minute"},"schema":{"@context":"https:\/\/schema.org","@graph":[{"@type":"WebPage","@id":"https:\/\/www.nature-bois-concept.com\/magazine\/bardage-bois\/guides\/comment-poser-un-bardage-en-composite\/","url":"https:\/\/www.nature-bois-concept.com\/magazine\/bardage-bois\/guides\/comment-poser-un-bardage-en-composite\/","name":"Comment poser un bardage en composite : guide complet","isPartOf":{"@id":"https:\/\/www.nature-bois-concept.com\/magazine\/#website"},"primaryImageOfPage":{"@id":"https:\/\/www.nature-bois-concept.com\/magazine\/bardage-bois\/guides\/comment-poser-un-bardage-en-composite\/#primaryimage"},"image":{"@id":"https:\/\/www.nature-bois-concept.com\/magazine\/bardage-bois\/guides\/comment-poser-un-bardage-en-composite\/#primaryimage"},"thumbnailUrl":"https:\/\/www.nature-bois-concept.com\/magazine\/wp-content\/uploads\/2025\/07\/couv-bardage-composite.jpg","datePublished":"2025-08-01T14:01:29+00:00","dateModified":"2025-08-01T14:58:44+00:00","description":"Apprenez \u00e0 poser un bardage en composite en toute simplicit\u00e9 avec notre tutoriel d\u00e9taill\u00e9. Conseils pour une installation r\u00e9ussie.","breadcrumb":{"@id":"https:\/\/www.nature-bois-concept.com\/magazine\/bardage-bois\/guides\/comment-poser-un-bardage-en-composite\/#breadcrumb"},"inLanguage":"fr-FR","potentialAction":[{"@type":"ReadAction","target":["https:\/\/www.nature-bois-concept.com\/magazine\/bardage-bois\/guides\/comment-poser-un-bardage-en-composite\/"]}]},{"@type":"ImageObject","inLanguage":"fr-FR","@id":"https:\/\/www.nature-bois-concept.com\/magazine\/bardage-bois\/guides\/comment-poser-un-bardage-en-composite\/#primaryimage","url":"https:\/\/www.nature-bois-concept.com\/magazine\/wp-content\/uploads\/2025\/07\/couv-bardage-composite.jpg","contentUrl":"https:\/\/www.nature-bois-concept.com\/magazine\/wp-content\/uploads\/2025\/07\/couv-bardage-composite.jpg","width":1900,"height":400,"caption":"Bardage composite Silvadec"},{"@type":"BreadcrumbList","@id":"https:\/\/www.nature-bois-concept.com\/magazine\/bardage-bois\/guides\/comment-poser-un-bardage-en-composite\/#breadcrumb","itemListElement":[{"@type":"ListItem","position":1,"name":"Magazine NBC","item":"https:\/\/www.nature-bois-concept.com\/magazine\/"},{"@type":"ListItem","position":2,"name":"Bardage bois","item":"https:\/\/www.nature-bois-concept.com\/magazine\/bardage-bois\/"},{"@type":"ListItem","position":3,"name":"Guide Bardage Bois","item":"https:\/\/www.nature-bois-concept.com\/magazine\/bardage-bois\/guides\/"},{"@type":"ListItem","position":4,"name":"Comment poser un bardage en composite : guide complet"}]},{"@type":"WebSite","@id":"https:\/\/www.nature-bois-concept.com\/magazine\/#website","url":"https:\/\/www.nature-bois-concept.com\/magazine\/","name":"Magazine Nature Bois Concept","description":"En association avec Nature Bois Concept","potentialAction":[{"@type":"SearchAction","target":{"@type":"EntryPoint","urlTemplate":"https:\/\/www.nature-bois-concept.com\/magazine\/?s={search_term_string}"},"query-input":"required name=search_term_string"}],"inLanguage":"fr-FR"}]}},"_links":{"self":[{"href":"https:\/\/www.nature-bois-concept.com\/magazine\/wp-json\/wp\/v2\/pages\/7915"}],"collection":[{"href":"https:\/\/www.nature-bois-concept.com\/magazine\/wp-json\/wp\/v2\/pages"}],"about":[{"href":"https:\/\/www.nature-bois-concept.com\/magazine\/wp-json\/wp\/v2\/types\/page"}],"author":[{"embeddable":true,"href":"https:\/\/www.nature-bois-concept.com\/magazine\/wp-json\/wp\/v2\/users\/20"}],"replies":[{"embeddable":true,"href":"https:\/\/www.nature-bois-concept.com\/magazine\/wp-json\/wp\/v2\/comments?post=7915"}],"version-history":[{"count":16,"href":"https:\/\/www.nature-bois-concept.com\/magazine\/wp-json\/wp\/v2\/pages\/7915\/revisions"}],"predecessor-version":[{"id":8001,"href":"https:\/\/www.nature-bois-concept.com\/magazine\/wp-json\/wp\/v2\/pages\/7915\/revisions\/8001"}],"up":[{"embeddable":true,"href":"https:\/\/www.nature-bois-concept.com\/magazine\/wp-json\/wp\/v2\/pages\/580"}],"wp:featuredmedia":[{"embeddable":true,"href":"https:\/\/www.nature-bois-concept.com\/magazine\/wp-json\/wp\/v2\/media\/7961"}],"wp:attachment":[{"href":"https:\/\/www.nature-bois-concept.com\/magazine\/wp-json\/wp\/v2\/media?parent=7915"}],"curies":[{"name":"wp","href":"https:\/\/api.w.org\/{rel}","templated":true}]}}