{"id":7866,"date":"2025-07-31T16:55:33","date_gmt":"2025-07-31T14:55:33","guid":{"rendered":"https:\/\/www.nature-bois-concept.com\/magazine\/?page_id=7866"},"modified":"2025-07-31T16:55:33","modified_gmt":"2025-07-31T14:55:33","slug":"prix-cloture-bois","status":"publish","type":"page","link":"https:\/\/www.nature-bois-concept.com\/magazine\/cloture-bois\/actualites\/prix-cloture-bois\/","title":{"rendered":"Combien co\u00fbte une cl\u00f4ture en bois ?"},"content":{"rendered":"","protected":false},"excerpt":{"rendered":"","protected":false},"author":20,"featured_media":7867,"parent":588,"menu_order":0,"comment_status":"closed","ping_status":"closed","template":"","meta":{"_acf_changed":false,"footnotes":""},"acf":[],"yoast_head":"<!-- This site is optimized with the Yoast SEO plugin v22.4 - https:\/\/yoast.com\/wordpress\/plugins\/seo\/ -->\n<title>Combien co\u00fbte une cl\u00f4ture en bois ? Estimation et prix<\/title>\n<meta name=\"description\" content=\"D\u00e9couvrez le prix moyen d\u2019une cl\u00f4ture en bois. Retrouvez toutes les informations pour estimer votre budget.\" \/>\n<meta name=\"robots\" content=\"index, follow, max-snippet:-1, max-image-preview:large, max-video-preview:-1\" \/>\n<link rel=\"canonical\" href=\"https:\/\/www.nature-bois-concept.com\/magazine\/cloture-bois\/actualites\/prix-cloture-bois\/\" \/>\n<meta property=\"og:locale\" content=\"fr_FR\" \/>\n<meta property=\"og:type\" content=\"article\" \/>\n<meta property=\"og:title\" content=\"Combien co\u00fbte une cl\u00f4ture en bois ? Estimation et prix\" \/>\n<meta property=\"og:description\" content=\"D\u00e9couvrez le prix moyen d\u2019une cl\u00f4ture en bois. Retrouvez toutes les informations pour estimer votre budget.\" \/>\n<meta property=\"og:url\" content=\"https:\/\/www.nature-bois-concept.com\/magazine\/cloture-bois\/actualites\/prix-cloture-bois\/\" \/>\n<meta property=\"og:site_name\" content=\"Magazine Nature Bois Concept\" \/>\n<meta property=\"article:publisher\" content=\"https:\/\/www.facebook.com\/Nature-Bois-Concept-1596307970584169\/\" \/>\n<meta property=\"og:image\" content=\"https:\/\/www.nature-bois-concept.com\/magazine\/wp-content\/uploads\/2025\/07\/ouv-article-Cloture.jpg\" \/>\n\t<meta property=\"og:image:width\" content=\"1900\" \/>\n\t<meta property=\"og:image:height\" content=\"400\" \/>\n\t<meta property=\"og:image:type\" content=\"image\/jpeg\" \/>\n<meta name=\"twitter:card\" content=\"summary_large_image\" \/>\n<meta name=\"twitter:site\" content=\"@nbc_bois\" \/>\n<meta name=\"twitter:label1\" content=\"Dur\u00e9e de lecture estim\u00e9e\" \/>\n\t<meta name=\"twitter:data1\" content=\"1 minute\" \/>\n<script type=\"application\/ld+json\" class=\"yoast-schema-graph\">{\"@context\":\"https:\/\/schema.org\",\"@graph\":[{\"@type\":\"WebPage\",\"@id\":\"https:\/\/www.nature-bois-concept.com\/magazine\/cloture-bois\/actualites\/prix-cloture-bois\/\",\"url\":\"https:\/\/www.nature-bois-concept.com\/magazine\/cloture-bois\/actualites\/prix-cloture-bois\/\",\"name\":\"Combien co\u00fbte une cl\u00f4ture en bois ? Estimation et prix\",\"isPartOf\":{\"@id\":\"https:\/\/www.nature-bois-concept.com\/magazine\/#website\"},\"primaryImageOfPage\":{\"@id\":\"https:\/\/www.nature-bois-concept.com\/magazine\/cloture-bois\/actualites\/prix-cloture-bois\/#primaryimage\"},\"image\":{\"@id\":\"https:\/\/www.nature-bois-concept.com\/magazine\/cloture-bois\/actualites\/prix-cloture-bois\/#primaryimage\"},\"thumbnailUrl\":\"https:\/\/www.nature-bois-concept.com\/magazine\/wp-content\/uploads\/2025\/07\/ouv-article-Cloture.jpg\",\"datePublished\":\"2025-07-31T14:55:33+00:00\",\"dateModified\":\"2025-07-31T14:55:33+00:00\",\"description\":\"D\u00e9couvrez le prix moyen d\u2019une cl\u00f4ture en bois. Retrouvez toutes les informations pour estimer votre budget.\",\"breadcrumb\":{\"@id\":\"https:\/\/www.nature-bois-concept.com\/magazine\/cloture-bois\/actualites\/prix-cloture-bois\/#breadcrumb\"},\"inLanguage\":\"fr-FR\",\"potentialAction\":[{\"@type\":\"ReadAction\",\"target\":[\"https:\/\/www.nature-bois-concept.com\/magazine\/cloture-bois\/actualites\/prix-cloture-bois\/\"]}]},{\"@type\":\"ImageObject\",\"inLanguage\":\"fr-FR\",\"@id\":\"https:\/\/www.nature-bois-concept.com\/magazine\/cloture-bois\/actualites\/prix-cloture-bois\/#primaryimage\",\"url\":\"https:\/\/www.nature-bois-concept.com\/magazine\/wp-content\/uploads\/2025\/07\/ouv-article-Cloture.jpg\",\"contentUrl\":\"https:\/\/www.nature-bois-concept.com\/magazine\/wp-content\/uploads\/2025\/07\/ouv-article-Cloture.jpg\",\"width\":1900,\"height\":400,\"caption\":\"Cloture bois autour de maison\"},{\"@type\":\"BreadcrumbList\",\"@id\":\"https:\/\/www.nature-bois-concept.com\/magazine\/cloture-bois\/actualites\/prix-cloture-bois\/#breadcrumb\",\"itemListElement\":[{\"@type\":\"ListItem\",\"position\":1,\"name\":\"Magazine NBC\",\"item\":\"https:\/\/www.nature-bois-concept.com\/magazine\/\"},{\"@type\":\"ListItem\",\"position\":2,\"name\":\"Cl\u00f4ture Bois\",\"item\":\"https:\/\/www.nature-bois-concept.com\/magazine\/cloture-bois\/\"},{\"@type\":\"ListItem\",\"position\":3,\"name\":\"Article Cl\u00f4ture Bois\",\"item\":\"https:\/\/www.nature-bois-concept.com\/magazine\/cloture-bois\/actualites\/\"},{\"@type\":\"ListItem\",\"position\":4,\"name\":\"Combien co\u00fbte une cl\u00f4ture en bois ?\"}]},{\"@type\":\"WebSite\",\"@id\":\"https:\/\/www.nature-bois-concept.com\/magazine\/#website\",\"url\":\"https:\/\/www.nature-bois-concept.com\/magazine\/\",\"name\":\"Magazine Nature Bois Concept\",\"description\":\"En association avec Nature Bois Concept\",\"potentialAction\":[{\"@type\":\"SearchAction\",\"target\":{\"@type\":\"EntryPoint\",\"urlTemplate\":\"https:\/\/www.nature-bois-concept.com\/magazine\/?s={search_term_string}\"},\"query-input\":\"required name=search_term_string\"}],\"inLanguage\":\"fr-FR\"}]}<\/script>\n<!-- \/ Yoast SEO plugin. -->","yoast_head_json":{"title":"Combien co\u00fbte une cl\u00f4ture en bois ? Estimation et prix","description":"D\u00e9couvrez le prix moyen d\u2019une cl\u00f4ture en bois. Retrouvez toutes les informations pour estimer votre budget.","robots":{"index":"index","follow":"follow","max-snippet":"max-snippet:-1","max-image-preview":"max-image-preview:large","max-video-preview":"max-video-preview:-1"},"canonical":"https:\/\/www.nature-bois-concept.com\/magazine\/cloture-bois\/actualites\/prix-cloture-bois\/","og_locale":"fr_FR","og_type":"article","og_title":"Combien co\u00fbte une cl\u00f4ture en bois ? Estimation et prix","og_description":"D\u00e9couvrez le prix moyen d\u2019une cl\u00f4ture en bois. Retrouvez toutes les informations pour estimer votre budget.","og_url":"https:\/\/www.nature-bois-concept.com\/magazine\/cloture-bois\/actualites\/prix-cloture-bois\/","og_site_name":"Magazine Nature Bois Concept","article_publisher":"https:\/\/www.facebook.com\/Nature-Bois-Concept-1596307970584169\/","og_image":[{"width":1900,"height":400,"url":"https:\/\/www.nature-bois-concept.com\/magazine\/wp-content\/uploads\/2025\/07\/ouv-article-Cloture.jpg","type":"image\/jpeg"}],"twitter_card":"summary_large_image","twitter_site":"@nbc_bois","twitter_misc":{"Dur\u00e9e de lecture estim\u00e9e":"1 minute"},"schema":{"@context":"https:\/\/schema.org","@graph":[{"@type":"WebPage","@id":"https:\/\/www.nature-bois-concept.com\/magazine\/cloture-bois\/actualites\/prix-cloture-bois\/","url":"https:\/\/www.nature-bois-concept.com\/magazine\/cloture-bois\/actualites\/prix-cloture-bois\/","name":"Combien co\u00fbte une cl\u00f4ture en bois ? Estimation et prix","isPartOf":{"@id":"https:\/\/www.nature-bois-concept.com\/magazine\/#website"},"primaryImageOfPage":{"@id":"https:\/\/www.nature-bois-concept.com\/magazine\/cloture-bois\/actualites\/prix-cloture-bois\/#primaryimage"},"image":{"@id":"https:\/\/www.nature-bois-concept.com\/magazine\/cloture-bois\/actualites\/prix-cloture-bois\/#primaryimage"},"thumbnailUrl":"https:\/\/www.nature-bois-concept.com\/magazine\/wp-content\/uploads\/2025\/07\/ouv-article-Cloture.jpg","datePublished":"2025-07-31T14:55:33+00:00","dateModified":"2025-07-31T14:55:33+00:00","description":"D\u00e9couvrez le prix moyen d\u2019une cl\u00f4ture en bois. Retrouvez toutes les informations pour estimer votre budget.","breadcrumb":{"@id":"https:\/\/www.nature-bois-concept.com\/magazine\/cloture-bois\/actualites\/prix-cloture-bois\/#breadcrumb"},"inLanguage":"fr-FR","potentialAction":[{"@type":"ReadAction","target":["https:\/\/www.nature-bois-concept.com\/magazine\/cloture-bois\/actualites\/prix-cloture-bois\/"]}]},{"@type":"ImageObject","inLanguage":"fr-FR","@id":"https:\/\/www.nature-bois-concept.com\/magazine\/cloture-bois\/actualites\/prix-cloture-bois\/#primaryimage","url":"https:\/\/www.nature-bois-concept.com\/magazine\/wp-content\/uploads\/2025\/07\/ouv-article-Cloture.jpg","contentUrl":"https:\/\/www.nature-bois-concept.com\/magazine\/wp-content\/uploads\/2025\/07\/ouv-article-Cloture.jpg","width":1900,"height":400,"caption":"Cloture bois autour de maison"},{"@type":"BreadcrumbList","@id":"https:\/\/www.nature-bois-concept.com\/magazine\/cloture-bois\/actualites\/prix-cloture-bois\/#breadcrumb","itemListElement":[{"@type":"ListItem","position":1,"name":"Magazine NBC","item":"https:\/\/www.nature-bois-concept.com\/magazine\/"},{"@type":"ListItem","position":2,"name":"Cl\u00f4ture Bois","item":"https:\/\/www.nature-bois-concept.com\/magazine\/cloture-bois\/"},{"@type":"ListItem","position":3,"name":"Article Cl\u00f4ture Bois","item":"https:\/\/www.nature-bois-concept.com\/magazine\/cloture-bois\/actualites\/"},{"@type":"ListItem","position":4,"name":"Combien co\u00fbte une cl\u00f4ture en bois ?"}]},{"@type":"WebSite","@id":"https:\/\/www.nature-bois-concept.com\/magazine\/#website","url":"https:\/\/www.nature-bois-concept.com\/magazine\/","name":"Magazine Nature Bois Concept","description":"En association avec Nature Bois Concept","potentialAction":[{"@type":"SearchAction","target":{"@type":"EntryPoint","urlTemplate":"https:\/\/www.nature-bois-concept.com\/magazine\/?s={search_term_string}"},"query-input":"required name=search_term_string"}],"inLanguage":"fr-FR"}]}},"_links":{"self":[{"href":"https:\/\/www.nature-bois-concept.com\/magazine\/wp-json\/wp\/v2\/pages\/7866"}],"collection":[{"href":"https:\/\/www.nature-bois-concept.com\/magazine\/wp-json\/wp\/v2\/pages"}],"about":[{"href":"https:\/\/www.nature-bois-concept.com\/magazine\/wp-json\/wp\/v2\/types\/page"}],"author":[{"embeddable":true,"href":"https:\/\/www.nature-bois-concept.com\/magazine\/wp-json\/wp\/v2\/users\/20"}],"replies":[{"embeddable":true,"href":"https:\/\/www.nature-bois-concept.com\/magazine\/wp-json\/wp\/v2\/comments?post=7866"}],"version-history":[{"count":17,"href":"https:\/\/www.nature-bois-concept.com\/magazine\/wp-json\/wp\/v2\/pages\/7866\/revisions"}],"predecessor-version":[{"id":7981,"href":"https:\/\/www.nature-bois-concept.com\/magazine\/wp-json\/wp\/v2\/pages\/7866\/revisions\/7981"}],"up":[{"embeddable":true,"href":"https:\/\/www.nature-bois-concept.com\/magazine\/wp-json\/wp\/v2\/pages\/588"}],"wp:featuredmedia":[{"embeddable":true,"href":"https:\/\/www.nature-bois-concept.com\/magazine\/wp-json\/wp\/v2\/media\/7867"}],"wp:attachment":[{"href":"https:\/\/www.nature-bois-concept.com\/magazine\/wp-json\/wp\/v2\/media?parent=7866"}],"curies":[{"name":"wp","href":"https:\/\/api.w.org\/{rel}","templated":true}]}}