{"id":7386,"date":"2024-08-05T16:37:16","date_gmt":"2024-08-05T14:37:16","guid":{"rendered":"https:\/\/www.nature-bois-concept.com\/magazine\/?page_id=7386"},"modified":"2025-06-30T16:51:55","modified_gmt":"2025-06-30T14:51:55","slug":"bardage-bois-ou-bardage-composite-lequel-choisir-pour-votre-maison","status":"publish","type":"page","link":"https:\/\/www.nature-bois-concept.com\/magazine\/bardage-bois\/guides\/bardage-bois-ou-bardage-composite-lequel-choisir-pour-votre-maison\/","title":{"rendered":"Bardage bois ou bardage composite : lequel choisir pour votre maison ?"},"content":{"rendered":"<h1 style=\"text-align: center;\">Bardage bois ou bardage composite : lequel choisir pour votre maison ?<\/h1>\n<p>Lors de la construction ou la r\u00e9novation d\u2019une maison, il est possible d\u2019apposer un<strong> bardage sur votre fa\u00e7ade<\/strong>. Le bardage sert principalement \u00e0 prot\u00e9ger vos murs contre les intemp\u00e9ries, \u00e0 am\u00e9liorer leurs performances thermiques, mais aussi \u00e0 embellir l\u2019aspect ext\u00e9rieur de votre propri\u00e9t\u00e9.<\/p>\n<p>Vous trouverez sur le march\u00e9 une grande diversit\u00e9 de bardages (PVC, m\u00e9tal, pierre, etc) mais les choix les plus courants restent le<strong> bardage en bois naturel<\/strong> et le <strong>bardage en bois composite<\/strong>. Si ces deux options paraissent de prime abord similaires, plusieurs diff\u00e9rences techniques et esth\u00e9tiques les opposent. Alors, <strong>bardage bois ou composite <\/strong>? Voici les 5 crit\u00e8res \u00e0 consid\u00e9rer selon nos experts.<\/p>\n<h2>1\/ Le rendu esth\u00e9tique<\/h2>\n<p>Pour un aspect naturel et chaleureux, on aura tendance \u00e0 se tourner vers une <strong>fa\u00e7ade en bois naturel<\/strong>. Avec sa vari\u00e9t\u00e9 d\u2019essences, de couleurs et de textures, le bardage bois s\u00e9duit de par son aspect rustique et authentique. Toutefois, le bois naturel se patine avec le temps, ce qui peut \u00eatre recherch\u00e9 par certains, mais peut \u00eatre pas pour vous. C\u2019est un <strong>mat\u00e9riau vivant. <\/strong><\/p>\n<p>Quant au bardage composite, celui-ci est con\u00e7u pour conf\u00e9rer une apparence plus moderne et uniforme. Disponible dans une gamme \u00e9tendue de couleurs et de finitions, il peut <strong>imiter le bois<\/strong> ou d&rsquo;autres mat\u00e9riaux avec une pr\u00e9cision surprenante et se pr\u00eate plus facilement \u00e0 une esth\u00e9tique contemporaine.<\/p>\n<h2>2\/ L\u2019entretien<\/h2>\n<p>Nous l\u2019avons dit plus haut : le bois naturel est une mati\u00e8re vivante. Aussi, le bardage bois n\u00e9cessite un<strong> entretien r\u00e9gulier<\/strong> pour maintenir son aspect et sa durabilit\u00e9. Cela inclut des traitements contre les insectes et les champignons, ainsi que des finitions protectrices appliqu\u00e9es de mani\u00e8re r\u00e9guli\u00e8re pour lui permettre de <strong>conserver toute sa beaut\u00e9. <\/strong><\/p>\n<p>Si vous pr\u00e9f\u00e9rez <strong>limiter l\u2019entretien de votre bardage<\/strong>, le bois composite n\u2019exige pas autant de d\u00e9vouement de votre part. R\u00e9sistant aux intemp\u00e9ries, il ne pourrit pas et ne se d\u00e9forme pas, offrant une alternative pratique pour ceux qui cherchent \u00e0 <strong>minimiser les travaux d&rsquo;entretien<\/strong> tout en b\u00e9n\u00e9ficiant d&rsquo;une fa\u00e7ade attrayante et durable.<\/p>\n<h2>3\/ La long\u00e9vit\u00e9<\/h2>\n<p>En termes de durabilit\u00e9, le bardage bois peut durer plusieurs d\u00e9cennies avec les soins appropri\u00e9s, surtout s&rsquo;il est fait de <strong>bois de haute qualit\u00e9<\/strong>. Cependant, il peut \u00eatre sensible aux intemp\u00e9ries et \u00e0 la pourriture dans certaines conditions climatiques. C&rsquo;est pourquoi Nature Bois Concept vous propose une large gamme de bardages en bois adapt\u00e9s \u00e0 tous les climats et r\u00e9gions, incluant des essences telles que le Douglas, le Red Cedar et le Padouk, reconnues pour leur r\u00e9sistance naturelle.<\/p>\n<p>Le bardage composite, quant \u00e0 lui, est con\u00e7u pour \u00eatre extr\u00eamement r\u00e9sistant aux intemp\u00e9ries. Il ne se d\u00e9colore pas facilement, ne pourrit pas et maintient son int\u00e9grit\u00e9 structurelle \u00e0 long terme sans n\u00e9cessiter autant d&rsquo;entretien que le bois naturel.<\/p>\n<p>&nbsp;<\/p>\n<p>CTA\u00a0: Besoin de plus de conseils\u00a0? Nous contacter<\/p>\n<p><em>(Lien vers https:\/\/www.nature-bois-concept.com\/boutique\/nous-contacter\/)<\/em><\/p>\n<h2>4\/ Le prix<\/h2>\n<p>Entre <strong>bardage bois et composite,<\/strong> les prix varient surtout en fonction de l\u2019essence de bois choisie ou de la qualit\u00e9 de l\u2019alliage. Nature Bois Concept a s\u00e9lectionn\u00e9 pour vous une gamme de bardages r\u00e9pondant \u00e0 tous les budgets, sans n\u00e9gliger la qualit\u00e9. Comptez entre une vingtaine d&rsquo;euros HT le m\u00b2 pour les options les plus abordables et une soixantaine d&rsquo;euros HT le m\u00b2 pour les mod\u00e8les les plus sophistiqu\u00e9s.<\/p>\n<p>En plus du co\u00fbt d&rsquo;achat, n\u2019oubliez pas de prendre en compte les co\u00fbts \u00e0 long terme li\u00e9s \u00e0 l&rsquo;entretien r\u00e9gulier et \u00e9ventuellement au remplacement de planches ou lames endommag\u00e9es. Comparativement, bien que le bardage composite puisse avoir un co\u00fbt initial l\u00e9g\u00e8rement plus \u00e9lev\u00e9, il offre souvent un <strong>meilleur rapport qualit\u00e9-prix sur le long terme<\/strong>. Avec des besoins d&rsquo;entretien minimaux et une durabilit\u00e9 sup\u00e9rieure, il peut se r\u00e9v\u00e9ler plus \u00e9conomique \u00e0 long terme tout en conservant son attrait esth\u00e9tique.<\/p>\n<h2>5\/ L\u2019impact environnemental<\/h2>\n<p>Sur le plan environnemental, le bardage bois est un<strong> choix durable et naturel,<\/strong> surtout si les essences de bois proviennent de for\u00eats g\u00e9r\u00e9es de mani\u00e8re responsable. Pour ce qui est du bardage en bois composite, celui-ci peut \u00e9galement satisfaire les \u00e9co-conscients, puisque la plupart des r\u00e9f\u00e9rences sont <strong>fabriqu\u00e9es \u00e0 partir de mat\u00e9riaux recycl\u00e9s.<\/strong> M\u00eame si le composite peut impliquer des processus de conception moins \u00e9cologiques que le bois naturel, il existe de tr\u00e8s bonnes alternatives. Nature Bois Concept propose par exemple deux marques, Silvadec, 100% fran\u00e7aise, et Supradeck, qui offrent des produits enti\u00e8rement recycl\u00e9s et recyclables.<\/p>\n<p>En outre, choisir entre<strong> le bardage bois naturel et le bardage en bois composite <\/strong>d\u00e9pend avant tout de vos pr\u00e9f\u00e9rences esth\u00e9tiques, de vos exigences en mati\u00e8re d&rsquo;entretien, de votre budget mais aussi de votre sensibilit\u00e9 \u00e0 la cause environnementale.<\/p>\n<p>&nbsp;<\/p>\n<p><strong>Vous souhaitez d\u00e9couvrir notre s\u00e9lection de bardages bois ou composite ? <\/strong>Consultez le <a href=\"https:\/\/www.nature-bois-concept.com\/fr\/bardage-bois\/\" target=\"_blank\" rel=\"noopener\">catalogue Nature Bois Concept<\/a> et demandez un devis personnalis\u00e9. <strong>Nature Bois Concept<\/strong> est \u00e9galement <strong>certifi\u00e9 FSC\u00ae<\/strong>, garantissant que nos produits en bois proviennent de for\u00eats g\u00e9r\u00e9es de mani\u00e8re responsable.<\/p>\n","protected":false},"excerpt":{"rendered":"<p>Bardage bois ou bardage composite : lequel choisir pour votre maison ? Lors de la construction ou la r\u00e9novation d\u2019une maison, il est possible d\u2019apposer un bardage sur votre fa\u00e7ade. Le bardage sert principalement \u00e0 prot\u00e9ger vos murs contre les intemp\u00e9ries, \u00e0 am\u00e9liorer leurs performances thermiques, mais aussi \u00e0 embellir l\u2019aspect ext\u00e9rieur de votre propri\u00e9t\u00e9. Vous trouverez sur le march\u00e9 une grande diversit\u00e9 de bardages (PVC, m\u00e9tal, pierre, etc) mais&#8230;<\/p>\n","protected":false},"author":12,"featured_media":7395,"parent":580,"menu_order":0,"comment_status":"closed","ping_status":"closed","template":"","meta":{"_acf_changed":false,"footnotes":""},"acf":[],"yoast_head":"<!-- This site is optimized with the Yoast SEO plugin v22.4 - https:\/\/yoast.com\/wordpress\/plugins\/seo\/ -->\n<title>Bardage bois ou bardage composite : que choisir ?<\/title>\n<meta name=\"description\" content=\"Entre un bardage en bois naturel et un bardage en bois composite, comment choisir le mat\u00e9riau id\u00e9al pour habiller la fa\u00e7ade de votre maison ? Explications.\" \/>\n<meta name=\"robots\" content=\"index, follow, max-snippet:-1, max-image-preview:large, max-video-preview:-1\" \/>\n<link rel=\"canonical\" href=\"https:\/\/www.nature-bois-concept.com\/magazine\/bardage-bois\/guides\/bardage-bois-ou-bardage-composite-lequel-choisir-pour-votre-maison\/\" \/>\n<meta property=\"og:locale\" content=\"fr_FR\" \/>\n<meta property=\"og:type\" content=\"article\" \/>\n<meta property=\"og:title\" content=\"Bardage bois ou bardage composite : que choisir ?\" \/>\n<meta property=\"og:description\" content=\"Entre un bardage en bois naturel et un bardage en bois composite, comment choisir le mat\u00e9riau id\u00e9al pour habiller la fa\u00e7ade de votre maison ? Explications.\" \/>\n<meta property=\"og:url\" content=\"https:\/\/www.nature-bois-concept.com\/magazine\/bardage-bois\/guides\/bardage-bois-ou-bardage-composite-lequel-choisir-pour-votre-maison\/\" \/>\n<meta property=\"og:site_name\" content=\"Magazine Nature Bois Concept\" \/>\n<meta property=\"article:publisher\" content=\"https:\/\/www.facebook.com\/Nature-Bois-Concept-1596307970584169\/\" \/>\n<meta property=\"article:modified_time\" content=\"2025-06-30T14:51:55+00:00\" \/>\n<meta property=\"og:image\" content=\"https:\/\/www.nature-bois-concept.com\/magazine\/wp-content\/uploads\/2024\/08\/0_Couverture.jpg\" \/>\n\t<meta property=\"og:image:width\" content=\"1900\" \/>\n\t<meta property=\"og:image:height\" content=\"400\" \/>\n\t<meta property=\"og:image:type\" content=\"image\/jpeg\" \/>\n<meta name=\"twitter:card\" content=\"summary_large_image\" \/>\n<meta name=\"twitter:site\" content=\"@nbc_bois\" \/>\n<meta name=\"twitter:label1\" content=\"Dur\u00e9e de lecture estim\u00e9e\" \/>\n\t<meta name=\"twitter:data1\" content=\"5 minutes\" \/>\n<script type=\"application\/ld+json\" class=\"yoast-schema-graph\">{\"@context\":\"https:\/\/schema.org\",\"@graph\":[{\"@type\":\"WebPage\",\"@id\":\"https:\/\/www.nature-bois-concept.com\/magazine\/bardage-bois\/guides\/bardage-bois-ou-bardage-composite-lequel-choisir-pour-votre-maison\/\",\"url\":\"https:\/\/www.nature-bois-concept.com\/magazine\/bardage-bois\/guides\/bardage-bois-ou-bardage-composite-lequel-choisir-pour-votre-maison\/\",\"name\":\"Bardage bois ou bardage composite : que choisir ?\",\"isPartOf\":{\"@id\":\"https:\/\/www.nature-bois-concept.com\/magazine\/#website\"},\"primaryImageOfPage\":{\"@id\":\"https:\/\/www.nature-bois-concept.com\/magazine\/bardage-bois\/guides\/bardage-bois-ou-bardage-composite-lequel-choisir-pour-votre-maison\/#primaryimage\"},\"image\":{\"@id\":\"https:\/\/www.nature-bois-concept.com\/magazine\/bardage-bois\/guides\/bardage-bois-ou-bardage-composite-lequel-choisir-pour-votre-maison\/#primaryimage\"},\"thumbnailUrl\":\"https:\/\/www.nature-bois-concept.com\/magazine\/wp-content\/uploads\/2024\/08\/0_Couverture.jpg\",\"datePublished\":\"2024-08-05T14:37:16+00:00\",\"dateModified\":\"2025-06-30T14:51:55+00:00\",\"description\":\"Entre un bardage en bois naturel et un bardage en bois composite, comment choisir le mat\u00e9riau id\u00e9al pour habiller la fa\u00e7ade de votre maison ? Explications.\",\"breadcrumb\":{\"@id\":\"https:\/\/www.nature-bois-concept.com\/magazine\/bardage-bois\/guides\/bardage-bois-ou-bardage-composite-lequel-choisir-pour-votre-maison\/#breadcrumb\"},\"inLanguage\":\"fr-FR\",\"potentialAction\":[{\"@type\":\"ReadAction\",\"target\":[\"https:\/\/www.nature-bois-concept.com\/magazine\/bardage-bois\/guides\/bardage-bois-ou-bardage-composite-lequel-choisir-pour-votre-maison\/\"]}]},{\"@type\":\"ImageObject\",\"inLanguage\":\"fr-FR\",\"@id\":\"https:\/\/www.nature-bois-concept.com\/magazine\/bardage-bois\/guides\/bardage-bois-ou-bardage-composite-lequel-choisir-pour-votre-maison\/#primaryimage\",\"url\":\"https:\/\/www.nature-bois-concept.com\/magazine\/wp-content\/uploads\/2024\/08\/0_Couverture.jpg\",\"contentUrl\":\"https:\/\/www.nature-bois-concept.com\/magazine\/wp-content\/uploads\/2024\/08\/0_Couverture.jpg\",\"width\":1900,\"height\":400,\"caption\":\"Comparatif bardage bois ou bardage bois composite\"},{\"@type\":\"BreadcrumbList\",\"@id\":\"https:\/\/www.nature-bois-concept.com\/magazine\/bardage-bois\/guides\/bardage-bois-ou-bardage-composite-lequel-choisir-pour-votre-maison\/#breadcrumb\",\"itemListElement\":[{\"@type\":\"ListItem\",\"position\":1,\"name\":\"Magazine NBC\",\"item\":\"https:\/\/www.nature-bois-concept.com\/magazine\/\"},{\"@type\":\"ListItem\",\"position\":2,\"name\":\"Bardage bois\",\"item\":\"https:\/\/www.nature-bois-concept.com\/magazine\/bardage-bois\/\"},{\"@type\":\"ListItem\",\"position\":3,\"name\":\"Guide Bardage Bois\",\"item\":\"https:\/\/www.nature-bois-concept.com\/magazine\/bardage-bois\/guides\/\"},{\"@type\":\"ListItem\",\"position\":4,\"name\":\"Bardage bois ou bardage composite : lequel choisir pour votre maison ?\"}]},{\"@type\":\"WebSite\",\"@id\":\"https:\/\/www.nature-bois-concept.com\/magazine\/#website\",\"url\":\"https:\/\/www.nature-bois-concept.com\/magazine\/\",\"name\":\"Magazine Nature Bois Concept\",\"description\":\"En association avec Nature Bois Concept\",\"potentialAction\":[{\"@type\":\"SearchAction\",\"target\":{\"@type\":\"EntryPoint\",\"urlTemplate\":\"https:\/\/www.nature-bois-concept.com\/magazine\/?s={search_term_string}\"},\"query-input\":\"required name=search_term_string\"}],\"inLanguage\":\"fr-FR\"}]}<\/script>\n<!-- \/ Yoast SEO plugin. -->","yoast_head_json":{"title":"Bardage bois ou bardage composite : que choisir ?","description":"Entre un bardage en bois naturel et un bardage en bois composite, comment choisir le mat\u00e9riau id\u00e9al pour habiller la fa\u00e7ade de votre maison ? Explications.","robots":{"index":"index","follow":"follow","max-snippet":"max-snippet:-1","max-image-preview":"max-image-preview:large","max-video-preview":"max-video-preview:-1"},"canonical":"https:\/\/www.nature-bois-concept.com\/magazine\/bardage-bois\/guides\/bardage-bois-ou-bardage-composite-lequel-choisir-pour-votre-maison\/","og_locale":"fr_FR","og_type":"article","og_title":"Bardage bois ou bardage composite : que choisir ?","og_description":"Entre un bardage en bois naturel et un bardage en bois composite, comment choisir le mat\u00e9riau id\u00e9al pour habiller la fa\u00e7ade de votre maison ? Explications.","og_url":"https:\/\/www.nature-bois-concept.com\/magazine\/bardage-bois\/guides\/bardage-bois-ou-bardage-composite-lequel-choisir-pour-votre-maison\/","og_site_name":"Magazine Nature Bois Concept","article_publisher":"https:\/\/www.facebook.com\/Nature-Bois-Concept-1596307970584169\/","article_modified_time":"2025-06-30T14:51:55+00:00","og_image":[{"width":1900,"height":400,"url":"https:\/\/www.nature-bois-concept.com\/magazine\/wp-content\/uploads\/2024\/08\/0_Couverture.jpg","type":"image\/jpeg"}],"twitter_card":"summary_large_image","twitter_site":"@nbc_bois","twitter_misc":{"Dur\u00e9e de lecture estim\u00e9e":"5 minutes"},"schema":{"@context":"https:\/\/schema.org","@graph":[{"@type":"WebPage","@id":"https:\/\/www.nature-bois-concept.com\/magazine\/bardage-bois\/guides\/bardage-bois-ou-bardage-composite-lequel-choisir-pour-votre-maison\/","url":"https:\/\/www.nature-bois-concept.com\/magazine\/bardage-bois\/guides\/bardage-bois-ou-bardage-composite-lequel-choisir-pour-votre-maison\/","name":"Bardage bois ou bardage composite : que choisir ?","isPartOf":{"@id":"https:\/\/www.nature-bois-concept.com\/magazine\/#website"},"primaryImageOfPage":{"@id":"https:\/\/www.nature-bois-concept.com\/magazine\/bardage-bois\/guides\/bardage-bois-ou-bardage-composite-lequel-choisir-pour-votre-maison\/#primaryimage"},"image":{"@id":"https:\/\/www.nature-bois-concept.com\/magazine\/bardage-bois\/guides\/bardage-bois-ou-bardage-composite-lequel-choisir-pour-votre-maison\/#primaryimage"},"thumbnailUrl":"https:\/\/www.nature-bois-concept.com\/magazine\/wp-content\/uploads\/2024\/08\/0_Couverture.jpg","datePublished":"2024-08-05T14:37:16+00:00","dateModified":"2025-06-30T14:51:55+00:00","description":"Entre un bardage en bois naturel et un bardage en bois composite, comment choisir le mat\u00e9riau id\u00e9al pour habiller la fa\u00e7ade de votre maison ? Explications.","breadcrumb":{"@id":"https:\/\/www.nature-bois-concept.com\/magazine\/bardage-bois\/guides\/bardage-bois-ou-bardage-composite-lequel-choisir-pour-votre-maison\/#breadcrumb"},"inLanguage":"fr-FR","potentialAction":[{"@type":"ReadAction","target":["https:\/\/www.nature-bois-concept.com\/magazine\/bardage-bois\/guides\/bardage-bois-ou-bardage-composite-lequel-choisir-pour-votre-maison\/"]}]},{"@type":"ImageObject","inLanguage":"fr-FR","@id":"https:\/\/www.nature-bois-concept.com\/magazine\/bardage-bois\/guides\/bardage-bois-ou-bardage-composite-lequel-choisir-pour-votre-maison\/#primaryimage","url":"https:\/\/www.nature-bois-concept.com\/magazine\/wp-content\/uploads\/2024\/08\/0_Couverture.jpg","contentUrl":"https:\/\/www.nature-bois-concept.com\/magazine\/wp-content\/uploads\/2024\/08\/0_Couverture.jpg","width":1900,"height":400,"caption":"Comparatif bardage bois ou bardage bois composite"},{"@type":"BreadcrumbList","@id":"https:\/\/www.nature-bois-concept.com\/magazine\/bardage-bois\/guides\/bardage-bois-ou-bardage-composite-lequel-choisir-pour-votre-maison\/#breadcrumb","itemListElement":[{"@type":"ListItem","position":1,"name":"Magazine NBC","item":"https:\/\/www.nature-bois-concept.com\/magazine\/"},{"@type":"ListItem","position":2,"name":"Bardage bois","item":"https:\/\/www.nature-bois-concept.com\/magazine\/bardage-bois\/"},{"@type":"ListItem","position":3,"name":"Guide Bardage Bois","item":"https:\/\/www.nature-bois-concept.com\/magazine\/bardage-bois\/guides\/"},{"@type":"ListItem","position":4,"name":"Bardage bois ou bardage composite : lequel choisir pour votre maison ?"}]},{"@type":"WebSite","@id":"https:\/\/www.nature-bois-concept.com\/magazine\/#website","url":"https:\/\/www.nature-bois-concept.com\/magazine\/","name":"Magazine Nature Bois Concept","description":"En association avec Nature Bois Concept","potentialAction":[{"@type":"SearchAction","target":{"@type":"EntryPoint","urlTemplate":"https:\/\/www.nature-bois-concept.com\/magazine\/?s={search_term_string}"},"query-input":"required name=search_term_string"}],"inLanguage":"fr-FR"}]}},"_links":{"self":[{"href":"https:\/\/www.nature-bois-concept.com\/magazine\/wp-json\/wp\/v2\/pages\/7386"}],"collection":[{"href":"https:\/\/www.nature-bois-concept.com\/magazine\/wp-json\/wp\/v2\/pages"}],"about":[{"href":"https:\/\/www.nature-bois-concept.com\/magazine\/wp-json\/wp\/v2\/types\/page"}],"author":[{"embeddable":true,"href":"https:\/\/www.nature-bois-concept.com\/magazine\/wp-json\/wp\/v2\/users\/12"}],"replies":[{"embeddable":true,"href":"https:\/\/www.nature-bois-concept.com\/magazine\/wp-json\/wp\/v2\/comments?post=7386"}],"version-history":[{"count":18,"href":"https:\/\/www.nature-bois-concept.com\/magazine\/wp-json\/wp\/v2\/pages\/7386\/revisions"}],"predecessor-version":[{"id":7865,"href":"https:\/\/www.nature-bois-concept.com\/magazine\/wp-json\/wp\/v2\/pages\/7386\/revisions\/7865"}],"up":[{"embeddable":true,"href":"https:\/\/www.nature-bois-concept.com\/magazine\/wp-json\/wp\/v2\/pages\/580"}],"wp:featuredmedia":[{"embeddable":true,"href":"https:\/\/www.nature-bois-concept.com\/magazine\/wp-json\/wp\/v2\/media\/7395"}],"wp:attachment":[{"href":"https:\/\/www.nature-bois-concept.com\/magazine\/wp-json\/wp\/v2\/media?parent=7386"}],"curies":[{"name":"wp","href":"https:\/\/api.w.org\/{rel}","templated":true}]}}