{"id":7361,"date":"2024-08-05T14:23:34","date_gmt":"2024-08-05T12:23:34","guid":{"rendered":"https:\/\/www.nature-bois-concept.com\/magazine\/?page_id=7361"},"modified":"2024-12-11T17:11:38","modified_gmt":"2024-12-11T16:11:38","slug":"quel-materiau-choisir-pour-bardage-exterieur-moderne","status":"publish","type":"page","link":"https:\/\/www.nature-bois-concept.com\/magazine\/bardage-bois\/guides\/quel-materiau-choisir-pour-bardage-exterieur-moderne\/","title":{"rendered":"Quel mat\u00e9riau choisir pour un bardage ext\u00e9rieur moderne ?"},"content":{"rendered":"<h1 style=\"text-align: center;\">Quel mat\u00e9riau choisir pour un bardage ext\u00e9rieur moderne ?<\/h1>\n<p>\u00c0 la fois protecteur et isolant, le bardage r\u00e9pond \u00e9galement \u00e0 un besoin esth\u00e9tique, notamment dans le cadre de la r\u00e9novation d\u2019une maison. Bois, PVC, composite ou encore m\u00e9tal : il existe <strong>diff\u00e9rents types de bardage ext\u00e9rieurs <\/strong>pour un look plus contemporain et sophistiqu\u00e9. Voici 5 id\u00e9es de <strong>bardages ext\u00e9rieurs modernes<\/strong> pour donner une seconde jeunesse \u00e0 votre habitation.<\/p>\n<h2>Le bardage en bois claire-voie, ou bardage ajour\u00e9<\/h2>\n<p>D&rsquo;un point de vue design, le <strong>bardage en claire-voie <\/strong>conf\u00e8re une esth\u00e9tique contemporaine et \u00e9l\u00e9gante \u00e0 une habitation, \u00e0 l\u2019image d\u2019une maison d\u2019architecte. Les espaces r\u00e9guliers entre les lames cr\u00e9ent un jeu d&rsquo;ombres et de lumi\u00e8res, ajoutant de la profondeur et du dynamisme \u00e0 la fa\u00e7ade. On parle d\u2019ailleurs aussi de <strong>bardage ajour\u00e9<\/strong>, laissant circuler l\u2019air et la lumi\u00e8re. Ce type de <strong>bardage ext\u00e9rieur moderne<\/strong> permet \u00e9galement de souligner les lignes architecturales du b\u00e2timent, offrant une apparence \u00e9pur\u00e9e et sophistiqu\u00e9e.<\/p>\n<p>Le bardage bois claire-voie, notamment le <strong>bardage bois vertical ajour\u00e9<\/strong>, est une des grandes tendances actuelles, les architectes l&rsquo;utilisent beaucoup dans leurs projets pour accompagner les points de fuite ! Retrouvez le <a href=\"https:\/\/www.nature-bois-concept.com\/fr\/bardage-bois\/claire-voie\/\" target=\"_blank\" rel=\"noopener\">bardage bois <\/a><a href=\"https:\/\/www.nature-bois-concept.com\/fr\/bardage-bois\/claire-voie\/\" target=\"_blank\" rel=\"noopener\">claire<\/a><a href=\"https:\/\/www.nature-bois-concept.com\/fr\/bardage-bois\/claire-voie\/\">-voie<\/a> \u00e0 partir de <strong>27,28 \u20ac HT \/ m2 <\/strong><em>(32,74 \u20ac TTC) <\/em>dans le catalogue Nature Bois Concept.<\/p>\n<p>Nous proposons \u00e9galement du <strong>bardage faux claire-voie<\/strong>, une alternative int\u00e9ressante pour ceux qui recherchent une solution de pose facilit\u00e9e. Le bardage faux claire-voie offre l\u2019apparence esth\u00e9tique du claire-voie tout en simplifiant le processus d&rsquo;installation, ce qui le rend id\u00e9al pour les projets n\u00e9cessitant une mise en \u0153uvre rapide et efficace.<\/p>\n<h2>Le bardage en bois composite<\/h2>\n<p>Le<strong> bardage ext\u00e9rieur en bois composite<\/strong> peut facilement s&rsquo;adapter \u00e0 diff\u00e9rents styles architecturaux contemporains. Un des principaux avantages du bardage composite est son faible entretien : il r\u00e9siste aux intemp\u00e9ries, ne pourrit pas et ne se d\u00e9forme pas. De plus, il offre une durabilit\u00e9 remarquable, garantissant une fa\u00e7ade attrayante et fonctionnelle pendant de nombreuses ann\u00e9es.<\/p>\n<p>Entre outre, il s\u2019agit d\u2019une solution parfaite lorsque l\u2019on d\u00e9sire b\u00e9n\u00e9ficier de tous les avantages du bardage bois, sans avoir la contrainte d\u2019un entretien trop m\u00e9ticuleux. Chez Nature Bois Concept, nous proposons le bardage ext\u00e9rieur moderne en bois composite \u00e0 partir de 65,04 \u20ac HT \/ m\u00b2 (78,05 \u20ac TTC). Nos produits incluent les mod\u00e8les de la marque Silvadec, tels que Silvadec Atmosph\u00e8re Traditionnel (clins emboitables), Silvadec Atmosph\u00e8re Claire-Voie, et Brise-Soleil Silvadec \u00c9l\u00e9gance. Tous nos bardages b\u00e9n\u00e9ficient d&rsquo;une garantie de 25 ans en r\u00e9sidentiel et de 10 ans en lieu public contre les dommages structuraux li\u00e9s aux attaques de champignons et d\u2019insectes. De plus, ils sont fabriqu\u00e9s en France et respectueux de l&rsquo;environnement.<\/p>\n<h2>Le bardage en bois peint<\/h2>\n<p>Le bardage en bois peint est un rev\u00eatement ext\u00e9rieur constitu\u00e9 de lames de bois qui ont \u00e9t\u00e9 peintes pour offrir une protection suppl\u00e9mentaire et une finition esth\u00e9tique. La peinture permet de personnaliser l&rsquo;apparence de la maison en choisissant parmi une large gamme de couleurs, tout en prot\u00e9geant le bois contre les intemp\u00e9ries, les UV et les insectes. Ce type de bardage combine l&rsquo;aspect chaleureux et naturel du bois avec la durabilit\u00e9 et la personnalisation offertes par la peinture.<\/p>\n<p>&nbsp;<\/p>\n<p>Pour apporter une touche authentique mais moderne \u00e0 la fa\u00e7ade de votre maison, rien de tel qu\u2019un bardage en bois couleur. D\u00e9couvrez le <a href=\"https:\/\/www.nature-bois-concept.com\/fr\/bardage-bois\/couleur\/peint\/\" target=\"_blank\" rel=\"noopener\"><strong>bardage en bois peint moderne<\/strong><\/a> \u00e0 partir de <strong>42,45 \u20ac HT \/ m\u00b2 <\/strong>(50,94 \u20ac TTC) dans notre s\u00e9lection Nature Bois Concept.<\/p>\n<p>&nbsp;<\/p>\n<p>Nos bardages en bois peint de la marque Silverwood b\u00e9n\u00e9ficient d&rsquo;une garantie de 10 ans sur la finition et de 10 ans sur la pr\u00e9servation. Fabriqu\u00e9s en France, ces bardages offrent une excellente isolation thermique et r\u00e9pondent aux normes HQE B\u00e2timent Durable. Ils sont r\u00e9alis\u00e9s en sapin du Nord Scandinave et Europe de l\u2019Ouest, avec une origine garantie issue de for\u00eats g\u00e9r\u00e9es durablement. Pour la finition, choisissez parmi les gammes EXTRA (finition opaque) et NATUR (finition semi-transparente), disponibles dans une vari\u00e9t\u00e9 de couleurs attrayantes.<\/p>\n<h2>Le bardage en m\u00e9tal<\/h2>\n<p>Bardage ext\u00e9rieur moderne et industriel par excellence, le <strong>rev\u00eatement en aluminium ou en acier<\/strong> est un choix audacieux et sophistiqu\u00e9 en plus d\u2019\u00eatre particuli\u00e8rement durable. Et pour cause, ce type de mat\u00e9riau offre une r\u00e9sistance sans \u00e9gale aux \u00e9l\u00e9ments et aux insectes.<\/p>\n<p>L&rsquo;aluminium, en particulier, ne rouille pas et demande peu d&rsquo;entretien.<\/p>\n<p>&nbsp;<\/p>\n<p>Le <strong>bardage en m\u00e9tal <\/strong>est \u00e9galement tr\u00e8s adaptable, permettant de cr\u00e9er des lignes \u00e9pur\u00e9es et des designs architecturaux audacieux.<\/p>\n<p>&nbsp;<\/p>\n<h2>Le bardage en PVC<\/h2>\n<p>Enfin, le <strong>bardage en PVC<\/strong> est une option \u00e9conomique qui peut imiter d&rsquo;autres mat\u00e9riaux tout en offrant une grande vari\u00e9t\u00e9 de styles et de couleurs. Facile \u00e0 nettoyer et \u00e0 entretenir, le PVC est r\u00e9sistant aux intemp\u00e9ries et durable.<\/p>\n<p>&nbsp;<\/p>\n<p>Bien qu&rsquo;il puisse ne pas avoir le m\u00eame cachet que des mat\u00e9riaux plus naturels comme le bois ou le m\u00e9tal, il reste une solution pratique et attrayante pour ceux qui cherchent \u00e0 profiter d\u2019un bardage ext\u00e9rieur moderne \u00e0 moindre co\u00fbt.<\/p>\n<p>&nbsp;<\/p>\n<p><strong>Vous souhaitez d\u00e9couvrir notre s\u00e9lection de bardages modernes ? <\/strong>Consultez le <a href=\"https:\/\/www.nature-bois-concept.com\/fr\/bardage-bois\/\" target=\"_blank\" rel=\"noopener\">catalogue Nature Bois Concept<\/a> et demandez un devis personnalis\u00e9.<\/p>\n","protected":false},"excerpt":{"rendered":"<p>Quel mat\u00e9riau choisir pour un bardage ext\u00e9rieur moderne ? \u00c0 la fois protecteur et isolant, le bardage r\u00e9pond \u00e9galement \u00e0 un besoin esth\u00e9tique, notamment dans le cadre de la r\u00e9novation d\u2019une maison. Bois, PVC, composite ou encore m\u00e9tal : il existe diff\u00e9rents types de bardage ext\u00e9rieurs pour un look plus contemporain et sophistiqu\u00e9. Voici 5 id\u00e9es de bardages ext\u00e9rieurs modernes pour donner une seconde jeunesse \u00e0 votre habitation. Le bardage&#8230;<\/p>\n","protected":false},"author":12,"featured_media":7372,"parent":580,"menu_order":0,"comment_status":"closed","ping_status":"closed","template":"","meta":{"_acf_changed":false,"footnotes":""},"acf":[],"yoast_head":"<!-- This site is optimized with the Yoast SEO plugin v22.4 - https:\/\/yoast.com\/wordpress\/plugins\/seo\/ -->\n<title>Quel mat\u00e9riau choisir pour un bardage ext\u00e9rieur moderne ?<\/title>\n<meta name=\"description\" content=\"PVC, m\u00e9tal, composite : il existe une grande diversit\u00e9 de mat\u00e9riaux pour donner \u00e0 votre maison une esth\u00e9tique moderne.\" \/>\n<meta name=\"robots\" content=\"index, follow, max-snippet:-1, max-image-preview:large, max-video-preview:-1\" \/>\n<link rel=\"canonical\" href=\"https:\/\/www.nature-bois-concept.com\/magazine\/bardage-bois\/guides\/quel-materiau-choisir-pour-bardage-exterieur-moderne\/\" \/>\n<meta property=\"og:locale\" content=\"fr_FR\" \/>\n<meta property=\"og:type\" content=\"article\" \/>\n<meta property=\"og:title\" content=\"Quel mat\u00e9riau choisir pour un bardage ext\u00e9rieur moderne ?\" \/>\n<meta property=\"og:description\" content=\"PVC, m\u00e9tal, composite : il existe une grande diversit\u00e9 de mat\u00e9riaux pour donner \u00e0 votre maison une esth\u00e9tique moderne.\" \/>\n<meta property=\"og:url\" content=\"https:\/\/www.nature-bois-concept.com\/magazine\/bardage-bois\/guides\/quel-materiau-choisir-pour-bardage-exterieur-moderne\/\" \/>\n<meta property=\"og:site_name\" content=\"Magazine Nature Bois Concept\" \/>\n<meta property=\"article:publisher\" content=\"https:\/\/www.facebook.com\/Nature-Bois-Concept-1596307970584169\/\" \/>\n<meta property=\"article:modified_time\" content=\"2024-12-11T16:11:38+00:00\" \/>\n<meta property=\"og:image\" content=\"https:\/\/www.nature-bois-concept.com\/magazine\/wp-content\/uploads\/2024\/08\/0_Couverture1.jpg\" \/>\n\t<meta property=\"og:image:width\" content=\"1900\" \/>\n\t<meta property=\"og:image:height\" content=\"400\" \/>\n\t<meta property=\"og:image:type\" content=\"image\/jpeg\" \/>\n<meta name=\"twitter:card\" content=\"summary_large_image\" \/>\n<meta name=\"twitter:site\" content=\"@nbc_bois\" \/>\n<meta name=\"twitter:label1\" content=\"Dur\u00e9e de lecture estim\u00e9e\" \/>\n\t<meta name=\"twitter:data1\" content=\"5 minutes\" \/>\n<script type=\"application\/ld+json\" class=\"yoast-schema-graph\">{\"@context\":\"https:\/\/schema.org\",\"@graph\":[{\"@type\":\"WebPage\",\"@id\":\"https:\/\/www.nature-bois-concept.com\/magazine\/bardage-bois\/guides\/quel-materiau-choisir-pour-bardage-exterieur-moderne\/\",\"url\":\"https:\/\/www.nature-bois-concept.com\/magazine\/bardage-bois\/guides\/quel-materiau-choisir-pour-bardage-exterieur-moderne\/\",\"name\":\"Quel mat\u00e9riau choisir pour un bardage ext\u00e9rieur moderne ?\",\"isPartOf\":{\"@id\":\"https:\/\/www.nature-bois-concept.com\/magazine\/#website\"},\"primaryImageOfPage\":{\"@id\":\"https:\/\/www.nature-bois-concept.com\/magazine\/bardage-bois\/guides\/quel-materiau-choisir-pour-bardage-exterieur-moderne\/#primaryimage\"},\"image\":{\"@id\":\"https:\/\/www.nature-bois-concept.com\/magazine\/bardage-bois\/guides\/quel-materiau-choisir-pour-bardage-exterieur-moderne\/#primaryimage\"},\"thumbnailUrl\":\"https:\/\/www.nature-bois-concept.com\/magazine\/wp-content\/uploads\/2024\/08\/0_Couverture1.jpg\",\"datePublished\":\"2024-08-05T12:23:34+00:00\",\"dateModified\":\"2024-12-11T16:11:38+00:00\",\"description\":\"PVC, m\u00e9tal, composite : il existe une grande diversit\u00e9 de mat\u00e9riaux pour donner \u00e0 votre maison une esth\u00e9tique moderne.\",\"breadcrumb\":{\"@id\":\"https:\/\/www.nature-bois-concept.com\/magazine\/bardage-bois\/guides\/quel-materiau-choisir-pour-bardage-exterieur-moderne\/#breadcrumb\"},\"inLanguage\":\"fr-FR\",\"potentialAction\":[{\"@type\":\"ReadAction\",\"target\":[\"https:\/\/www.nature-bois-concept.com\/magazine\/bardage-bois\/guides\/quel-materiau-choisir-pour-bardage-exterieur-moderne\/\"]}]},{\"@type\":\"ImageObject\",\"inLanguage\":\"fr-FR\",\"@id\":\"https:\/\/www.nature-bois-concept.com\/magazine\/bardage-bois\/guides\/quel-materiau-choisir-pour-bardage-exterieur-moderne\/#primaryimage\",\"url\":\"https:\/\/www.nature-bois-concept.com\/magazine\/wp-content\/uploads\/2024\/08\/0_Couverture1.jpg\",\"contentUrl\":\"https:\/\/www.nature-bois-concept.com\/magazine\/wp-content\/uploads\/2024\/08\/0_Couverture1.jpg\",\"width\":1900,\"height\":400,\"caption\":\"Bardage bois claire-voie ajour\u00e9 M\u00e9l\u00e8ze\"},{\"@type\":\"BreadcrumbList\",\"@id\":\"https:\/\/www.nature-bois-concept.com\/magazine\/bardage-bois\/guides\/quel-materiau-choisir-pour-bardage-exterieur-moderne\/#breadcrumb\",\"itemListElement\":[{\"@type\":\"ListItem\",\"position\":1,\"name\":\"Magazine NBC\",\"item\":\"https:\/\/www.nature-bois-concept.com\/magazine\/\"},{\"@type\":\"ListItem\",\"position\":2,\"name\":\"Bardage bois\",\"item\":\"https:\/\/www.nature-bois-concept.com\/magazine\/bardage-bois\/\"},{\"@type\":\"ListItem\",\"position\":3,\"name\":\"Guide Bardage Bois\",\"item\":\"https:\/\/www.nature-bois-concept.com\/magazine\/bardage-bois\/guides\/\"},{\"@type\":\"ListItem\",\"position\":4,\"name\":\"Quel mat\u00e9riau choisir pour un bardage ext\u00e9rieur moderne ?\"}]},{\"@type\":\"WebSite\",\"@id\":\"https:\/\/www.nature-bois-concept.com\/magazine\/#website\",\"url\":\"https:\/\/www.nature-bois-concept.com\/magazine\/\",\"name\":\"Magazine Nature Bois Concept\",\"description\":\"En association avec Nature Bois Concept\",\"potentialAction\":[{\"@type\":\"SearchAction\",\"target\":{\"@type\":\"EntryPoint\",\"urlTemplate\":\"https:\/\/www.nature-bois-concept.com\/magazine\/?s={search_term_string}\"},\"query-input\":\"required name=search_term_string\"}],\"inLanguage\":\"fr-FR\"}]}<\/script>\n<!-- \/ Yoast SEO plugin. -->","yoast_head_json":{"title":"Quel mat\u00e9riau choisir pour un bardage ext\u00e9rieur moderne ?","description":"PVC, m\u00e9tal, composite : il existe une grande diversit\u00e9 de mat\u00e9riaux pour donner \u00e0 votre maison une esth\u00e9tique moderne.","robots":{"index":"index","follow":"follow","max-snippet":"max-snippet:-1","max-image-preview":"max-image-preview:large","max-video-preview":"max-video-preview:-1"},"canonical":"https:\/\/www.nature-bois-concept.com\/magazine\/bardage-bois\/guides\/quel-materiau-choisir-pour-bardage-exterieur-moderne\/","og_locale":"fr_FR","og_type":"article","og_title":"Quel mat\u00e9riau choisir pour un bardage ext\u00e9rieur moderne ?","og_description":"PVC, m\u00e9tal, composite : il existe une grande diversit\u00e9 de mat\u00e9riaux pour donner \u00e0 votre maison une esth\u00e9tique moderne.","og_url":"https:\/\/www.nature-bois-concept.com\/magazine\/bardage-bois\/guides\/quel-materiau-choisir-pour-bardage-exterieur-moderne\/","og_site_name":"Magazine Nature Bois Concept","article_publisher":"https:\/\/www.facebook.com\/Nature-Bois-Concept-1596307970584169\/","article_modified_time":"2024-12-11T16:11:38+00:00","og_image":[{"width":1900,"height":400,"url":"https:\/\/www.nature-bois-concept.com\/magazine\/wp-content\/uploads\/2024\/08\/0_Couverture1.jpg","type":"image\/jpeg"}],"twitter_card":"summary_large_image","twitter_site":"@nbc_bois","twitter_misc":{"Dur\u00e9e de lecture estim\u00e9e":"5 minutes"},"schema":{"@context":"https:\/\/schema.org","@graph":[{"@type":"WebPage","@id":"https:\/\/www.nature-bois-concept.com\/magazine\/bardage-bois\/guides\/quel-materiau-choisir-pour-bardage-exterieur-moderne\/","url":"https:\/\/www.nature-bois-concept.com\/magazine\/bardage-bois\/guides\/quel-materiau-choisir-pour-bardage-exterieur-moderne\/","name":"Quel mat\u00e9riau choisir pour un bardage ext\u00e9rieur moderne ?","isPartOf":{"@id":"https:\/\/www.nature-bois-concept.com\/magazine\/#website"},"primaryImageOfPage":{"@id":"https:\/\/www.nature-bois-concept.com\/magazine\/bardage-bois\/guides\/quel-materiau-choisir-pour-bardage-exterieur-moderne\/#primaryimage"},"image":{"@id":"https:\/\/www.nature-bois-concept.com\/magazine\/bardage-bois\/guides\/quel-materiau-choisir-pour-bardage-exterieur-moderne\/#primaryimage"},"thumbnailUrl":"https:\/\/www.nature-bois-concept.com\/magazine\/wp-content\/uploads\/2024\/08\/0_Couverture1.jpg","datePublished":"2024-08-05T12:23:34+00:00","dateModified":"2024-12-11T16:11:38+00:00","description":"PVC, m\u00e9tal, composite : il existe une grande diversit\u00e9 de mat\u00e9riaux pour donner \u00e0 votre maison une esth\u00e9tique moderne.","breadcrumb":{"@id":"https:\/\/www.nature-bois-concept.com\/magazine\/bardage-bois\/guides\/quel-materiau-choisir-pour-bardage-exterieur-moderne\/#breadcrumb"},"inLanguage":"fr-FR","potentialAction":[{"@type":"ReadAction","target":["https:\/\/www.nature-bois-concept.com\/magazine\/bardage-bois\/guides\/quel-materiau-choisir-pour-bardage-exterieur-moderne\/"]}]},{"@type":"ImageObject","inLanguage":"fr-FR","@id":"https:\/\/www.nature-bois-concept.com\/magazine\/bardage-bois\/guides\/quel-materiau-choisir-pour-bardage-exterieur-moderne\/#primaryimage","url":"https:\/\/www.nature-bois-concept.com\/magazine\/wp-content\/uploads\/2024\/08\/0_Couverture1.jpg","contentUrl":"https:\/\/www.nature-bois-concept.com\/magazine\/wp-content\/uploads\/2024\/08\/0_Couverture1.jpg","width":1900,"height":400,"caption":"Bardage bois claire-voie ajour\u00e9 M\u00e9l\u00e8ze"},{"@type":"BreadcrumbList","@id":"https:\/\/www.nature-bois-concept.com\/magazine\/bardage-bois\/guides\/quel-materiau-choisir-pour-bardage-exterieur-moderne\/#breadcrumb","itemListElement":[{"@type":"ListItem","position":1,"name":"Magazine NBC","item":"https:\/\/www.nature-bois-concept.com\/magazine\/"},{"@type":"ListItem","position":2,"name":"Bardage bois","item":"https:\/\/www.nature-bois-concept.com\/magazine\/bardage-bois\/"},{"@type":"ListItem","position":3,"name":"Guide Bardage Bois","item":"https:\/\/www.nature-bois-concept.com\/magazine\/bardage-bois\/guides\/"},{"@type":"ListItem","position":4,"name":"Quel mat\u00e9riau choisir pour un bardage ext\u00e9rieur moderne ?"}]},{"@type":"WebSite","@id":"https:\/\/www.nature-bois-concept.com\/magazine\/#website","url":"https:\/\/www.nature-bois-concept.com\/magazine\/","name":"Magazine Nature Bois Concept","description":"En association avec Nature Bois Concept","potentialAction":[{"@type":"SearchAction","target":{"@type":"EntryPoint","urlTemplate":"https:\/\/www.nature-bois-concept.com\/magazine\/?s={search_term_string}"},"query-input":"required name=search_term_string"}],"inLanguage":"fr-FR"}]}},"_links":{"self":[{"href":"https:\/\/www.nature-bois-concept.com\/magazine\/wp-json\/wp\/v2\/pages\/7361"}],"collection":[{"href":"https:\/\/www.nature-bois-concept.com\/magazine\/wp-json\/wp\/v2\/pages"}],"about":[{"href":"https:\/\/www.nature-bois-concept.com\/magazine\/wp-json\/wp\/v2\/types\/page"}],"author":[{"embeddable":true,"href":"https:\/\/www.nature-bois-concept.com\/magazine\/wp-json\/wp\/v2\/users\/12"}],"replies":[{"embeddable":true,"href":"https:\/\/www.nature-bois-concept.com\/magazine\/wp-json\/wp\/v2\/comments?post=7361"}],"version-history":[{"count":14,"href":"https:\/\/www.nature-bois-concept.com\/magazine\/wp-json\/wp\/v2\/pages\/7361\/revisions"}],"predecessor-version":[{"id":7458,"href":"https:\/\/www.nature-bois-concept.com\/magazine\/wp-json\/wp\/v2\/pages\/7361\/revisions\/7458"}],"up":[{"embeddable":true,"href":"https:\/\/www.nature-bois-concept.com\/magazine\/wp-json\/wp\/v2\/pages\/580"}],"wp:featuredmedia":[{"embeddable":true,"href":"https:\/\/www.nature-bois-concept.com\/magazine\/wp-json\/wp\/v2\/media\/7372"}],"wp:attachment":[{"href":"https:\/\/www.nature-bois-concept.com\/magazine\/wp-json\/wp\/v2\/media?parent=7361"}],"curies":[{"name":"wp","href":"https:\/\/api.w.org\/{rel}","templated":true}]}}