{"id":728,"date":"2016-06-29T11:08:26","date_gmt":"2016-06-29T09:08:26","guid":{"rendered":"https:\/\/www.nature-bois-concept.com\/magazine\/?page_id=728"},"modified":"2025-12-01T08:48:26","modified_gmt":"2025-12-01T07:48:26","slug":"fiberon-xtrem","status":"publish","type":"page","link":"https:\/\/www.nature-bois-concept.com\/magazine\/guide-bois\/essences\/bois-composite\/fiberon-xtrem\/","title":{"rendered":"Pr\u00e9sentation et Explications du Composite Fiberon Xtrem"},"content":{"rendered":"<h2>Description de l\u2019aspect du bois composite Fiberon X-Trem<\/h2>\n<h3>Les caract\u00e9ristiques des lames de terrasse composite:<\/h3>\n<p><strong>Couleur de r\u00e9f\u00e9rence<\/strong> : Gris Aspen ou brun Acorn<\/p>\n<p><strong>Aspect<\/strong> : Dessin bois<\/p>\n<p style=\"text-align: justify;\"><strong>Observations<\/strong> : Gr\u00e2ce \u00e0 son aspect et sa protection anti-UV, le composite Fiberon X-Trem vous apporte un r\u00e9el aspect bois r\u00e9sistant \u00e0 toutes les agressions ext\u00e9rieures.<\/p>\n<h2>Descriptions techniques du composite Fiberon<\/h2>\n<p><strong>Durabilit\u00e9<\/strong> : Tr\u00e8s bonne (environ 40 ans)<\/p>\n<p><strong>Densit\u00e9<\/strong> : Environ 1033 kg par m3<\/p>\n<p><strong>Poids du Composite Fiberon au m\u00b2<\/strong> : 20.66 kg (pour des lames de terrasse d\u2019une \u00e9paisseur de 20mm)<\/p>\n<p><strong>Classe d\u2019emploi du bois<\/strong> : \u00c9quivalent \u00e0 la performance et \u00e0 la durabilit\u00e9 d\u2019une Classe 4<\/p>\n<p><strong>R\u00e9sistance aux conditions extr\u00eames (-18\u00b0c \/ +60\u00b0c)<\/strong> : Conforme (utilisable en haute montagne ou en zone d\u00e9sertique)<\/p>\n<p><strong>Glissance<\/strong> : Classe C selon norme DIN 51 097 (adapt\u00e9 \u00e0 un usage autour d\u2019une piscine)<\/p>\n","protected":false},"excerpt":{"rendered":"<p>Description de l\u2019aspect du bois composite Fiberon X-Trem Les caract\u00e9ristiques des lames de terrasse composite: Couleur de r\u00e9f\u00e9rence : Gris Aspen ou brun Acorn Aspect : Dessin bois Observations : Gr\u00e2ce \u00e0 son aspect et sa protection anti-UV, le composite Fiberon X-Trem vous apporte un r\u00e9el aspect bois r\u00e9sistant \u00e0 toutes les agressions ext\u00e9rieures. Descriptions techniques du composite Fiberon Durabilit\u00e9 : Tr\u00e8s bonne (environ 40 ans) Densit\u00e9 : Environ 1033&#8230;<\/p>\n","protected":false},"author":2,"featured_media":1681,"parent":618,"menu_order":1,"comment_status":"closed","ping_status":"closed","template":"","meta":{"_acf_changed":false,"footnotes":""},"acf":[],"yoast_head":"<!-- This site is optimized with the Yoast SEO plugin v22.4 - https:\/\/yoast.com\/wordpress\/plugins\/seo\/ -->\n<title>Fiberon X-Trem : Pr\u00e9sentation de cette essence de bois composite<\/title>\n<meta name=\"description\" content=\"Le Fiberon X-Trem est un bois composite. Nous r\u00e9pondons \u00e0 toutes vos questions sur ce produit : Description, Caract\u00e9ristiques, Utilisation, Entretien !\" \/>\n<meta name=\"robots\" content=\"index, follow, max-snippet:-1, max-image-preview:large, max-video-preview:-1\" \/>\n<link rel=\"canonical\" href=\"https:\/\/www.nature-bois-concept.com\/magazine\/guide-bois\/essences\/bois-composite\/fiberon-xtrem\/\" \/>\n<meta property=\"og:locale\" content=\"fr_FR\" \/>\n<meta property=\"og:type\" content=\"article\" \/>\n<meta property=\"og:title\" content=\"Fiberon X-Trem : Pr\u00e9sentation de cette essence de bois composite\" \/>\n<meta property=\"og:description\" content=\"Le Fiberon X-Trem est un bois composite. Nous r\u00e9pondons \u00e0 toutes vos questions sur ce produit : Description, Caract\u00e9ristiques, Utilisation, Entretien !\" \/>\n<meta property=\"og:url\" content=\"https:\/\/www.nature-bois-concept.com\/magazine\/guide-bois\/essences\/bois-composite\/fiberon-xtrem\/\" \/>\n<meta property=\"og:site_name\" content=\"Magazine Nature Bois Concept\" \/>\n<meta property=\"article:publisher\" content=\"https:\/\/www.facebook.com\/Nature-Bois-Concept-1596307970584169\/\" \/>\n<meta property=\"article:modified_time\" content=\"2025-12-01T07:48:26+00:00\" \/>\n<meta property=\"og:image\" content=\"https:\/\/www.nature-bois-concept.com\/magazine\/wp-content\/uploads\/2016\/06\/terrasse-composite-fiberdeck.jpg\" \/>\n\t<meta property=\"og:image:width\" content=\"1620\" \/>\n\t<meta property=\"og:image:height\" content=\"668\" \/>\n\t<meta property=\"og:image:type\" content=\"image\/jpeg\" \/>\n<meta name=\"twitter:card\" content=\"summary_large_image\" \/>\n<meta name=\"twitter:site\" content=\"@nbc_bois\" \/>\n<meta name=\"twitter:label1\" content=\"Dur\u00e9e de lecture estim\u00e9e\" \/>\n\t<meta name=\"twitter:data1\" content=\"1 minute\" \/>\n<script type=\"application\/ld+json\" class=\"yoast-schema-graph\">{\"@context\":\"https:\/\/schema.org\",\"@graph\":[{\"@type\":\"WebPage\",\"@id\":\"https:\/\/www.nature-bois-concept.com\/magazine\/guide-bois\/essences\/bois-composite\/fiberon-xtrem\/\",\"url\":\"https:\/\/www.nature-bois-concept.com\/magazine\/guide-bois\/essences\/bois-composite\/fiberon-xtrem\/\",\"name\":\"Fiberon X-Trem : Pr\u00e9sentation de cette essence de bois composite\",\"isPartOf\":{\"@id\":\"https:\/\/www.nature-bois-concept.com\/magazine\/#website\"},\"primaryImageOfPage\":{\"@id\":\"https:\/\/www.nature-bois-concept.com\/magazine\/guide-bois\/essences\/bois-composite\/fiberon-xtrem\/#primaryimage\"},\"image\":{\"@id\":\"https:\/\/www.nature-bois-concept.com\/magazine\/guide-bois\/essences\/bois-composite\/fiberon-xtrem\/#primaryimage\"},\"thumbnailUrl\":\"https:\/\/www.nature-bois-concept.com\/magazine\/wp-content\/uploads\/2016\/06\/terrasse-composite-fiberdeck.jpg\",\"datePublished\":\"2016-06-29T09:08:26+00:00\",\"dateModified\":\"2025-12-01T07:48:26+00:00\",\"description\":\"Le Fiberon X-Trem est un bois composite. Nous r\u00e9pondons \u00e0 toutes vos questions sur ce produit : Description, Caract\u00e9ristiques, Utilisation, Entretien !\",\"breadcrumb\":{\"@id\":\"https:\/\/www.nature-bois-concept.com\/magazine\/guide-bois\/essences\/bois-composite\/fiberon-xtrem\/#breadcrumb\"},\"inLanguage\":\"fr-FR\",\"potentialAction\":[{\"@type\":\"ReadAction\",\"target\":[\"https:\/\/www.nature-bois-concept.com\/magazine\/guide-bois\/essences\/bois-composite\/fiberon-xtrem\/\"]}]},{\"@type\":\"ImageObject\",\"inLanguage\":\"fr-FR\",\"@id\":\"https:\/\/www.nature-bois-concept.com\/magazine\/guide-bois\/essences\/bois-composite\/fiberon-xtrem\/#primaryimage\",\"url\":\"https:\/\/www.nature-bois-concept.com\/magazine\/wp-content\/uploads\/2016\/06\/terrasse-composite-fiberdeck.jpg\",\"contentUrl\":\"https:\/\/www.nature-bois-concept.com\/magazine\/wp-content\/uploads\/2016\/06\/terrasse-composite-fiberdeck.jpg\",\"width\":1620,\"height\":668,\"caption\":\"bois composite fiberdeck gris\"},{\"@type\":\"BreadcrumbList\",\"@id\":\"https:\/\/www.nature-bois-concept.com\/magazine\/guide-bois\/essences\/bois-composite\/fiberon-xtrem\/#breadcrumb\",\"itemListElement\":[{\"@type\":\"ListItem\",\"position\":1,\"name\":\"Magazine NBC\",\"item\":\"https:\/\/www.nature-bois-concept.com\/magazine\/\"},{\"@type\":\"ListItem\",\"position\":2,\"name\":\"Guide Bois\",\"item\":\"https:\/\/www.nature-bois-concept.com\/magazine\/guide-bois\/\"},{\"@type\":\"ListItem\",\"position\":3,\"name\":\"Guide Essences Bois\",\"item\":\"https:\/\/www.nature-bois-concept.com\/magazine\/guide-bois\/essences\/\"},{\"@type\":\"ListItem\",\"position\":4,\"name\":\"Guide Essence Bois Composite\",\"item\":\"https:\/\/www.nature-bois-concept.com\/magazine\/guide-bois\/essences\/bois-composite\/\"},{\"@type\":\"ListItem\",\"position\":5,\"name\":\"Pr\u00e9sentation et Explications du Composite Fiberon Xtrem\"}]},{\"@type\":\"WebSite\",\"@id\":\"https:\/\/www.nature-bois-concept.com\/magazine\/#website\",\"url\":\"https:\/\/www.nature-bois-concept.com\/magazine\/\",\"name\":\"Magazine Nature Bois Concept\",\"description\":\"En association avec Nature Bois Concept\",\"potentialAction\":[{\"@type\":\"SearchAction\",\"target\":{\"@type\":\"EntryPoint\",\"urlTemplate\":\"https:\/\/www.nature-bois-concept.com\/magazine\/?s={search_term_string}\"},\"query-input\":\"required name=search_term_string\"}],\"inLanguage\":\"fr-FR\"}]}<\/script>\n<!-- \/ Yoast SEO plugin. -->","yoast_head_json":{"title":"Fiberon X-Trem : Pr\u00e9sentation de cette essence de bois composite","description":"Le Fiberon X-Trem est un bois composite. Nous r\u00e9pondons \u00e0 toutes vos questions sur ce produit : Description, Caract\u00e9ristiques, Utilisation, Entretien !","robots":{"index":"index","follow":"follow","max-snippet":"max-snippet:-1","max-image-preview":"max-image-preview:large","max-video-preview":"max-video-preview:-1"},"canonical":"https:\/\/www.nature-bois-concept.com\/magazine\/guide-bois\/essences\/bois-composite\/fiberon-xtrem\/","og_locale":"fr_FR","og_type":"article","og_title":"Fiberon X-Trem : Pr\u00e9sentation de cette essence de bois composite","og_description":"Le Fiberon X-Trem est un bois composite. Nous r\u00e9pondons \u00e0 toutes vos questions sur ce produit : Description, Caract\u00e9ristiques, Utilisation, Entretien !","og_url":"https:\/\/www.nature-bois-concept.com\/magazine\/guide-bois\/essences\/bois-composite\/fiberon-xtrem\/","og_site_name":"Magazine Nature Bois Concept","article_publisher":"https:\/\/www.facebook.com\/Nature-Bois-Concept-1596307970584169\/","article_modified_time":"2025-12-01T07:48:26+00:00","og_image":[{"width":1620,"height":668,"url":"https:\/\/www.nature-bois-concept.com\/magazine\/wp-content\/uploads\/2016\/06\/terrasse-composite-fiberdeck.jpg","type":"image\/jpeg"}],"twitter_card":"summary_large_image","twitter_site":"@nbc_bois","twitter_misc":{"Dur\u00e9e de lecture estim\u00e9e":"1 minute"},"schema":{"@context":"https:\/\/schema.org","@graph":[{"@type":"WebPage","@id":"https:\/\/www.nature-bois-concept.com\/magazine\/guide-bois\/essences\/bois-composite\/fiberon-xtrem\/","url":"https:\/\/www.nature-bois-concept.com\/magazine\/guide-bois\/essences\/bois-composite\/fiberon-xtrem\/","name":"Fiberon X-Trem : Pr\u00e9sentation de cette essence de bois composite","isPartOf":{"@id":"https:\/\/www.nature-bois-concept.com\/magazine\/#website"},"primaryImageOfPage":{"@id":"https:\/\/www.nature-bois-concept.com\/magazine\/guide-bois\/essences\/bois-composite\/fiberon-xtrem\/#primaryimage"},"image":{"@id":"https:\/\/www.nature-bois-concept.com\/magazine\/guide-bois\/essences\/bois-composite\/fiberon-xtrem\/#primaryimage"},"thumbnailUrl":"https:\/\/www.nature-bois-concept.com\/magazine\/wp-content\/uploads\/2016\/06\/terrasse-composite-fiberdeck.jpg","datePublished":"2016-06-29T09:08:26+00:00","dateModified":"2025-12-01T07:48:26+00:00","description":"Le Fiberon X-Trem est un bois composite. Nous r\u00e9pondons \u00e0 toutes vos questions sur ce produit : Description, Caract\u00e9ristiques, Utilisation, Entretien !","breadcrumb":{"@id":"https:\/\/www.nature-bois-concept.com\/magazine\/guide-bois\/essences\/bois-composite\/fiberon-xtrem\/#breadcrumb"},"inLanguage":"fr-FR","potentialAction":[{"@type":"ReadAction","target":["https:\/\/www.nature-bois-concept.com\/magazine\/guide-bois\/essences\/bois-composite\/fiberon-xtrem\/"]}]},{"@type":"ImageObject","inLanguage":"fr-FR","@id":"https:\/\/www.nature-bois-concept.com\/magazine\/guide-bois\/essences\/bois-composite\/fiberon-xtrem\/#primaryimage","url":"https:\/\/www.nature-bois-concept.com\/magazine\/wp-content\/uploads\/2016\/06\/terrasse-composite-fiberdeck.jpg","contentUrl":"https:\/\/www.nature-bois-concept.com\/magazine\/wp-content\/uploads\/2016\/06\/terrasse-composite-fiberdeck.jpg","width":1620,"height":668,"caption":"bois composite fiberdeck gris"},{"@type":"BreadcrumbList","@id":"https:\/\/www.nature-bois-concept.com\/magazine\/guide-bois\/essences\/bois-composite\/fiberon-xtrem\/#breadcrumb","itemListElement":[{"@type":"ListItem","position":1,"name":"Magazine NBC","item":"https:\/\/www.nature-bois-concept.com\/magazine\/"},{"@type":"ListItem","position":2,"name":"Guide Bois","item":"https:\/\/www.nature-bois-concept.com\/magazine\/guide-bois\/"},{"@type":"ListItem","position":3,"name":"Guide Essences Bois","item":"https:\/\/www.nature-bois-concept.com\/magazine\/guide-bois\/essences\/"},{"@type":"ListItem","position":4,"name":"Guide Essence Bois Composite","item":"https:\/\/www.nature-bois-concept.com\/magazine\/guide-bois\/essences\/bois-composite\/"},{"@type":"ListItem","position":5,"name":"Pr\u00e9sentation et Explications du Composite Fiberon Xtrem"}]},{"@type":"WebSite","@id":"https:\/\/www.nature-bois-concept.com\/magazine\/#website","url":"https:\/\/www.nature-bois-concept.com\/magazine\/","name":"Magazine Nature Bois Concept","description":"En association avec Nature Bois Concept","potentialAction":[{"@type":"SearchAction","target":{"@type":"EntryPoint","urlTemplate":"https:\/\/www.nature-bois-concept.com\/magazine\/?s={search_term_string}"},"query-input":"required name=search_term_string"}],"inLanguage":"fr-FR"}]}},"_links":{"self":[{"href":"https:\/\/www.nature-bois-concept.com\/magazine\/wp-json\/wp\/v2\/pages\/728"}],"collection":[{"href":"https:\/\/www.nature-bois-concept.com\/magazine\/wp-json\/wp\/v2\/pages"}],"about":[{"href":"https:\/\/www.nature-bois-concept.com\/magazine\/wp-json\/wp\/v2\/types\/page"}],"author":[{"embeddable":true,"href":"https:\/\/www.nature-bois-concept.com\/magazine\/wp-json\/wp\/v2\/users\/2"}],"replies":[{"embeddable":true,"href":"https:\/\/www.nature-bois-concept.com\/magazine\/wp-json\/wp\/v2\/comments?post=728"}],"version-history":[{"count":12,"href":"https:\/\/www.nature-bois-concept.com\/magazine\/wp-json\/wp\/v2\/pages\/728\/revisions"}],"predecessor-version":[{"id":8105,"href":"https:\/\/www.nature-bois-concept.com\/magazine\/wp-json\/wp\/v2\/pages\/728\/revisions\/8105"}],"up":[{"embeddable":true,"href":"https:\/\/www.nature-bois-concept.com\/magazine\/wp-json\/wp\/v2\/pages\/618"}],"wp:featuredmedia":[{"embeddable":true,"href":"https:\/\/www.nature-bois-concept.com\/magazine\/wp-json\/wp\/v2\/media\/1681"}],"wp:attachment":[{"href":"https:\/\/www.nature-bois-concept.com\/magazine\/wp-json\/wp\/v2\/media?parent=728"}],"curies":[{"name":"wp","href":"https:\/\/api.w.org\/{rel}","templated":true}]}}