{"id":727,"date":"2016-06-29T11:07:13","date_gmt":"2016-06-29T09:07:13","guid":{"rendered":"https:\/\/www.nature-bois-concept.com\/magazine\/?page_id=727"},"modified":"2026-01-12T15:39:04","modified_gmt":"2026-01-12T14:39:04","slug":"red-cedar","status":"publish","type":"page","link":"https:\/\/www.nature-bois-concept.com\/magazine\/guide-bois\/essences\/bois-resineux\/red-cedar\/","title":{"rendered":"Le Red Cedar, le bois r\u00e9sineux le plus stable !"},"content":{"rendered":"<h2>Description de l\u2019aspect du bois Red Cedar<\/h2>\n<h3><span style=\"line-height: 1.5;\">Les caract\u00e9ristiques de l\u2019arbre Red Cedar\u00a0:<\/span><\/h3>\n<ul>\n<li><strong>Couleur de r\u00e9f\u00e9rence<\/strong> : Brun\u00a0rouge<\/li>\n<li><strong>Grain du bois<\/strong> :\u00a0Moyen<\/li>\n<li><strong>Fil<\/strong> :\u00a0Droit<\/li>\n<\/ul>\n<h2>Description techniques du\u00a0Red Cedar<\/h2>\n<ul>\n<li><strong>Durabilit\u00e9<\/strong> : Bonne ( environ 25 ans)<\/li>\n<li><strong>Densit\u00e9<\/strong> : Environ 350\u00a0kg par m3<\/li>\n<li><strong>Poids du Red Cedar\u00a0au m\u00b2<\/strong> : 9,10 kg (pour des lames de terrasse d\u2019une \u00e9paisseur de 26mm)<\/li>\n<li><strong>Classe d\u2019emploi du bois<\/strong> : Classe 3 imputrescible<\/li>\n<li><strong>R\u00e9sistance aux champignons<\/strong> : Durable<\/li>\n<li><strong>R\u00e9sistance aux insectes de bois secs<\/strong> : Durable<\/li>\n<li><strong>R\u00e9sistance aux thermites<\/strong> :\u00a0Sensible<\/li>\n<li><strong>Impr\u00e9gnabilit\u00e9<\/strong> : Peu ou non impr\u00e9gnable<\/li>\n<li><strong>Stabilit\u00e9<\/strong> :\u00a0S\u00e9chage selon les normes en vigueur DTU 51.4<\/li>\n<li><strong>Hauteur de l\u2019arbre<\/strong> :\u00a0De 45 \u00e0 60 m\u00e8tres<\/li>\n<li><strong>Diam\u00e8tre de l\u2019arbre<\/strong> : De 150 \u00e0 250 cm<\/li>\n<li><strong>Origine du bois chez Nature Bois Concept<\/strong> :\u00a0Am\u00e9rique du Nord<\/li>\n<\/ul>\n","protected":false},"excerpt":{"rendered":"<p>Description de l\u2019aspect du bois Red Cedar Les caract\u00e9ristiques de l\u2019arbre Red Cedar\u00a0: Couleur de r\u00e9f\u00e9rence : Brun\u00a0rouge Grain du bois :\u00a0Moyen Fil :\u00a0Droit Description techniques du\u00a0Red Cedar Durabilit\u00e9 : Bonne ( environ 25 ans) Densit\u00e9 : Environ 350\u00a0kg par m3 Poids du Red Cedar\u00a0au m\u00b2 : 9,10 kg (pour des lames de terrasse d\u2019une \u00e9paisseur de 26mm) Classe d\u2019emploi du bois : Classe 3 imputrescible R\u00e9sistance aux champignons :&#8230;<\/p>\n","protected":false},"author":2,"featured_media":1677,"parent":617,"menu_order":4,"comment_status":"closed","ping_status":"closed","template":"","meta":{"_acf_changed":false,"footnotes":""},"acf":[],"yoast_head":"<!-- This site is optimized with the Yoast SEO plugin v22.4 - https:\/\/yoast.com\/wordpress\/plugins\/seo\/ -->\n<title>Red Cedar : Pr\u00e9sentation de ce bois r\u00e9sineux tr\u00e8s stable<\/title>\n<meta name=\"description\" content=\"Le Red Cedar est une essence de bois r\u00e9sineux tr\u00e9s stable. On vous explique tout : caract\u00e9ristiques, utilisation, entretien !\" \/>\n<meta name=\"robots\" content=\"index, follow, max-snippet:-1, max-image-preview:large, max-video-preview:-1\" \/>\n<link rel=\"canonical\" href=\"https:\/\/www.nature-bois-concept.com\/magazine\/guide-bois\/essences\/bois-resineux\/red-cedar\/\" \/>\n<meta property=\"og:locale\" content=\"fr_FR\" \/>\n<meta property=\"og:type\" content=\"article\" \/>\n<meta property=\"og:title\" content=\"Red Cedar : Pr\u00e9sentation de ce bois r\u00e9sineux tr\u00e8s stable\" \/>\n<meta property=\"og:description\" content=\"Le Red Cedar est une essence de bois r\u00e9sineux tr\u00e9s stable. On vous explique tout : caract\u00e9ristiques, utilisation, entretien !\" \/>\n<meta property=\"og:url\" content=\"https:\/\/www.nature-bois-concept.com\/magazine\/guide-bois\/essences\/bois-resineux\/red-cedar\/\" \/>\n<meta property=\"og:site_name\" content=\"Magazine Nature Bois Concept\" \/>\n<meta property=\"article:publisher\" content=\"https:\/\/www.facebook.com\/Nature-Bois-Concept-1596307970584169\/\" \/>\n<meta property=\"article:modified_time\" content=\"2026-01-12T14:39:04+00:00\" \/>\n<meta property=\"og:image\" content=\"https:\/\/www.nature-bois-concept.com\/magazine\/wp-content\/uploads\/2016\/06\/bardage-bois-resineux-red-cedar.jpg\" \/>\n\t<meta property=\"og:image:width\" content=\"1620\" \/>\n\t<meta property=\"og:image:height\" content=\"668\" \/>\n\t<meta property=\"og:image:type\" content=\"image\/jpeg\" \/>\n<meta name=\"twitter:card\" content=\"summary_large_image\" \/>\n<meta name=\"twitter:site\" content=\"@nbc_bois\" \/>\n<meta name=\"twitter:label1\" content=\"Dur\u00e9e de lecture estim\u00e9e\" \/>\n\t<meta name=\"twitter:data1\" content=\"1 minute\" \/>\n<script type=\"application\/ld+json\" class=\"yoast-schema-graph\">{\"@context\":\"https:\/\/schema.org\",\"@graph\":[{\"@type\":\"WebPage\",\"@id\":\"https:\/\/www.nature-bois-concept.com\/magazine\/guide-bois\/essences\/bois-resineux\/red-cedar\/\",\"url\":\"https:\/\/www.nature-bois-concept.com\/magazine\/guide-bois\/essences\/bois-resineux\/red-cedar\/\",\"name\":\"Red Cedar : Pr\u00e9sentation de ce bois r\u00e9sineux tr\u00e8s stable\",\"isPartOf\":{\"@id\":\"https:\/\/www.nature-bois-concept.com\/magazine\/#website\"},\"primaryImageOfPage\":{\"@id\":\"https:\/\/www.nature-bois-concept.com\/magazine\/guide-bois\/essences\/bois-resineux\/red-cedar\/#primaryimage\"},\"image\":{\"@id\":\"https:\/\/www.nature-bois-concept.com\/magazine\/guide-bois\/essences\/bois-resineux\/red-cedar\/#primaryimage\"},\"thumbnailUrl\":\"https:\/\/www.nature-bois-concept.com\/magazine\/wp-content\/uploads\/2016\/06\/bardage-bois-resineux-red-cedar.jpg\",\"datePublished\":\"2016-06-29T09:07:13+00:00\",\"dateModified\":\"2026-01-12T14:39:04+00:00\",\"description\":\"Le Red Cedar est une essence de bois r\u00e9sineux tr\u00e9s stable. On vous explique tout : caract\u00e9ristiques, utilisation, entretien !\",\"breadcrumb\":{\"@id\":\"https:\/\/www.nature-bois-concept.com\/magazine\/guide-bois\/essences\/bois-resineux\/red-cedar\/#breadcrumb\"},\"inLanguage\":\"fr-FR\",\"potentialAction\":[{\"@type\":\"ReadAction\",\"target\":[\"https:\/\/www.nature-bois-concept.com\/magazine\/guide-bois\/essences\/bois-resineux\/red-cedar\/\"]}]},{\"@type\":\"ImageObject\",\"inLanguage\":\"fr-FR\",\"@id\":\"https:\/\/www.nature-bois-concept.com\/magazine\/guide-bois\/essences\/bois-resineux\/red-cedar\/#primaryimage\",\"url\":\"https:\/\/www.nature-bois-concept.com\/magazine\/wp-content\/uploads\/2016\/06\/bardage-bois-resineux-red-cedar.jpg\",\"contentUrl\":\"https:\/\/www.nature-bois-concept.com\/magazine\/wp-content\/uploads\/2016\/06\/bardage-bois-resineux-red-cedar.jpg\",\"width\":1620,\"height\":668,\"caption\":\"bardage et terrasse r\u00e9sineux\"},{\"@type\":\"BreadcrumbList\",\"@id\":\"https:\/\/www.nature-bois-concept.com\/magazine\/guide-bois\/essences\/bois-resineux\/red-cedar\/#breadcrumb\",\"itemListElement\":[{\"@type\":\"ListItem\",\"position\":1,\"name\":\"Magazine NBC\",\"item\":\"https:\/\/www.nature-bois-concept.com\/magazine\/\"},{\"@type\":\"ListItem\",\"position\":2,\"name\":\"Guide Bois\",\"item\":\"https:\/\/www.nature-bois-concept.com\/magazine\/guide-bois\/\"},{\"@type\":\"ListItem\",\"position\":3,\"name\":\"Guide Essences Bois\",\"item\":\"https:\/\/www.nature-bois-concept.com\/magazine\/guide-bois\/essences\/\"},{\"@type\":\"ListItem\",\"position\":4,\"name\":\"Guide Essence Bois R\u00e9sineux\",\"item\":\"https:\/\/www.nature-bois-concept.com\/magazine\/guide-bois\/essences\/bois-resineux\/\"},{\"@type\":\"ListItem\",\"position\":5,\"name\":\"Le Red Cedar, le bois r\u00e9sineux le plus stable !\"}]},{\"@type\":\"WebSite\",\"@id\":\"https:\/\/www.nature-bois-concept.com\/magazine\/#website\",\"url\":\"https:\/\/www.nature-bois-concept.com\/magazine\/\",\"name\":\"Magazine Nature Bois Concept\",\"description\":\"En association avec Nature Bois Concept\",\"potentialAction\":[{\"@type\":\"SearchAction\",\"target\":{\"@type\":\"EntryPoint\",\"urlTemplate\":\"https:\/\/www.nature-bois-concept.com\/magazine\/?s={search_term_string}\"},\"query-input\":\"required name=search_term_string\"}],\"inLanguage\":\"fr-FR\"}]}<\/script>\n<!-- \/ Yoast SEO plugin. -->","yoast_head_json":{"title":"Red Cedar : Pr\u00e9sentation de ce bois r\u00e9sineux tr\u00e8s stable","description":"Le Red Cedar est une essence de bois r\u00e9sineux tr\u00e9s stable. On vous explique tout : caract\u00e9ristiques, utilisation, entretien !","robots":{"index":"index","follow":"follow","max-snippet":"max-snippet:-1","max-image-preview":"max-image-preview:large","max-video-preview":"max-video-preview:-1"},"canonical":"https:\/\/www.nature-bois-concept.com\/magazine\/guide-bois\/essences\/bois-resineux\/red-cedar\/","og_locale":"fr_FR","og_type":"article","og_title":"Red Cedar : Pr\u00e9sentation de ce bois r\u00e9sineux tr\u00e8s stable","og_description":"Le Red Cedar est une essence de bois r\u00e9sineux tr\u00e9s stable. On vous explique tout : caract\u00e9ristiques, utilisation, entretien !","og_url":"https:\/\/www.nature-bois-concept.com\/magazine\/guide-bois\/essences\/bois-resineux\/red-cedar\/","og_site_name":"Magazine Nature Bois Concept","article_publisher":"https:\/\/www.facebook.com\/Nature-Bois-Concept-1596307970584169\/","article_modified_time":"2026-01-12T14:39:04+00:00","og_image":[{"width":1620,"height":668,"url":"https:\/\/www.nature-bois-concept.com\/magazine\/wp-content\/uploads\/2016\/06\/bardage-bois-resineux-red-cedar.jpg","type":"image\/jpeg"}],"twitter_card":"summary_large_image","twitter_site":"@nbc_bois","twitter_misc":{"Dur\u00e9e de lecture estim\u00e9e":"1 minute"},"schema":{"@context":"https:\/\/schema.org","@graph":[{"@type":"WebPage","@id":"https:\/\/www.nature-bois-concept.com\/magazine\/guide-bois\/essences\/bois-resineux\/red-cedar\/","url":"https:\/\/www.nature-bois-concept.com\/magazine\/guide-bois\/essences\/bois-resineux\/red-cedar\/","name":"Red Cedar : Pr\u00e9sentation de ce bois r\u00e9sineux tr\u00e8s stable","isPartOf":{"@id":"https:\/\/www.nature-bois-concept.com\/magazine\/#website"},"primaryImageOfPage":{"@id":"https:\/\/www.nature-bois-concept.com\/magazine\/guide-bois\/essences\/bois-resineux\/red-cedar\/#primaryimage"},"image":{"@id":"https:\/\/www.nature-bois-concept.com\/magazine\/guide-bois\/essences\/bois-resineux\/red-cedar\/#primaryimage"},"thumbnailUrl":"https:\/\/www.nature-bois-concept.com\/magazine\/wp-content\/uploads\/2016\/06\/bardage-bois-resineux-red-cedar.jpg","datePublished":"2016-06-29T09:07:13+00:00","dateModified":"2026-01-12T14:39:04+00:00","description":"Le Red Cedar est une essence de bois r\u00e9sineux tr\u00e9s stable. On vous explique tout : caract\u00e9ristiques, utilisation, entretien !","breadcrumb":{"@id":"https:\/\/www.nature-bois-concept.com\/magazine\/guide-bois\/essences\/bois-resineux\/red-cedar\/#breadcrumb"},"inLanguage":"fr-FR","potentialAction":[{"@type":"ReadAction","target":["https:\/\/www.nature-bois-concept.com\/magazine\/guide-bois\/essences\/bois-resineux\/red-cedar\/"]}]},{"@type":"ImageObject","inLanguage":"fr-FR","@id":"https:\/\/www.nature-bois-concept.com\/magazine\/guide-bois\/essences\/bois-resineux\/red-cedar\/#primaryimage","url":"https:\/\/www.nature-bois-concept.com\/magazine\/wp-content\/uploads\/2016\/06\/bardage-bois-resineux-red-cedar.jpg","contentUrl":"https:\/\/www.nature-bois-concept.com\/magazine\/wp-content\/uploads\/2016\/06\/bardage-bois-resineux-red-cedar.jpg","width":1620,"height":668,"caption":"bardage et terrasse r\u00e9sineux"},{"@type":"BreadcrumbList","@id":"https:\/\/www.nature-bois-concept.com\/magazine\/guide-bois\/essences\/bois-resineux\/red-cedar\/#breadcrumb","itemListElement":[{"@type":"ListItem","position":1,"name":"Magazine NBC","item":"https:\/\/www.nature-bois-concept.com\/magazine\/"},{"@type":"ListItem","position":2,"name":"Guide Bois","item":"https:\/\/www.nature-bois-concept.com\/magazine\/guide-bois\/"},{"@type":"ListItem","position":3,"name":"Guide Essences Bois","item":"https:\/\/www.nature-bois-concept.com\/magazine\/guide-bois\/essences\/"},{"@type":"ListItem","position":4,"name":"Guide Essence Bois R\u00e9sineux","item":"https:\/\/www.nature-bois-concept.com\/magazine\/guide-bois\/essences\/bois-resineux\/"},{"@type":"ListItem","position":5,"name":"Le Red Cedar, le bois r\u00e9sineux le plus stable !"}]},{"@type":"WebSite","@id":"https:\/\/www.nature-bois-concept.com\/magazine\/#website","url":"https:\/\/www.nature-bois-concept.com\/magazine\/","name":"Magazine Nature Bois Concept","description":"En association avec Nature Bois Concept","potentialAction":[{"@type":"SearchAction","target":{"@type":"EntryPoint","urlTemplate":"https:\/\/www.nature-bois-concept.com\/magazine\/?s={search_term_string}"},"query-input":"required name=search_term_string"}],"inLanguage":"fr-FR"}]}},"_links":{"self":[{"href":"https:\/\/www.nature-bois-concept.com\/magazine\/wp-json\/wp\/v2\/pages\/727"}],"collection":[{"href":"https:\/\/www.nature-bois-concept.com\/magazine\/wp-json\/wp\/v2\/pages"}],"about":[{"href":"https:\/\/www.nature-bois-concept.com\/magazine\/wp-json\/wp\/v2\/types\/page"}],"author":[{"embeddable":true,"href":"https:\/\/www.nature-bois-concept.com\/magazine\/wp-json\/wp\/v2\/users\/2"}],"replies":[{"embeddable":true,"href":"https:\/\/www.nature-bois-concept.com\/magazine\/wp-json\/wp\/v2\/comments?post=727"}],"version-history":[{"count":45,"href":"https:\/\/www.nature-bois-concept.com\/magazine\/wp-json\/wp\/v2\/pages\/727\/revisions"}],"predecessor-version":[{"id":8115,"href":"https:\/\/www.nature-bois-concept.com\/magazine\/wp-json\/wp\/v2\/pages\/727\/revisions\/8115"}],"up":[{"embeddable":true,"href":"https:\/\/www.nature-bois-concept.com\/magazine\/wp-json\/wp\/v2\/pages\/617"}],"wp:featuredmedia":[{"embeddable":true,"href":"https:\/\/www.nature-bois-concept.com\/magazine\/wp-json\/wp\/v2\/media\/1677"}],"wp:attachment":[{"href":"https:\/\/www.nature-bois-concept.com\/magazine\/wp-json\/wp\/v2\/media?parent=727"}],"curies":[{"name":"wp","href":"https:\/\/api.w.org\/{rel}","templated":true}]}}