{"id":726,"date":"2016-06-29T11:05:34","date_gmt":"2016-06-29T09:05:34","guid":{"rendered":"https:\/\/www.nature-bois-concept.com\/magazine\/?page_id=726"},"modified":"2026-01-12T15:45:31","modified_gmt":"2026-01-12T14:45:31","slug":"pin-sylvestre","status":"publish","type":"page","link":"https:\/\/www.nature-bois-concept.com\/magazine\/guide-bois\/essences\/bois-resineux\/pin-sylvestre\/","title":{"rendered":"Le Pin Sylvestre : un des bois les plus utilis\u00e9s au monde !"},"content":{"rendered":"<p>Le Pin Sylvestre est le bois le plus utilis\u00e9 dans l\u2019habitat, aussi bien en am\u00e9nagement ext\u00e9rieur qu\u2019en int\u00e9rieur. \u00c0 l\u2019ext\u00e9rieur, nous le retrouvons soit trait\u00e9 par autoclave soit thermo-chauff\u00e9. Bois d\u2019entr\u00e9e de gamme, il se trouve \u00eatre un bon compromis pour entreprendre \u00e0 moindre co\u00fbt. Venez le d\u00e9couvrir dans cet article.<\/p>\n","protected":false},"excerpt":{"rendered":"<p>Le Pin Sylvestre est le bois le plus utilis\u00e9 dans l\u2019habitat, aussi bien en am\u00e9nagement ext\u00e9rieur qu\u2019en int\u00e9rieur. \u00c0 l\u2019ext\u00e9rieur, nous le retrouvons soit trait\u00e9 par autoclave soit thermo-chauff\u00e9. Bois d\u2019entr\u00e9e de gamme, il se trouve \u00eatre un bon compromis pour entreprendre \u00e0 moindre co\u00fbt. Venez le d\u00e9couvrir dans cet article.<\/p>\n","protected":false},"author":2,"featured_media":1673,"parent":617,"menu_order":3,"comment_status":"closed","ping_status":"closed","template":"","meta":{"_acf_changed":false,"footnotes":""},"acf":[],"yoast_head":"<!-- This site is optimized with the Yoast SEO plugin v22.4 - https:\/\/yoast.com\/wordpress\/plugins\/seo\/ -->\n<title>Pin Sylvestre : Pr\u00e9sentation de cette essence de bois r\u00e9sineux<\/title>\n<meta name=\"description\" content=\"Le Pin Sylvestre est une essence de bois r\u00e9sineux, tr\u00e8s utilis\u00e9e et solide. On vous explique tout sur ce bois.\" \/>\n<meta name=\"robots\" content=\"index, follow, max-snippet:-1, max-image-preview:large, max-video-preview:-1\" \/>\n<link rel=\"canonical\" href=\"https:\/\/www.nature-bois-concept.com\/magazine\/guide-bois\/essences\/bois-resineux\/pin-sylvestre\/\" \/>\n<meta property=\"og:locale\" content=\"fr_FR\" \/>\n<meta property=\"og:type\" content=\"article\" \/>\n<meta property=\"og:title\" content=\"Pin Sylvestre : Pr\u00e9sentation de cette essence de bois r\u00e9sineux\" \/>\n<meta property=\"og:description\" content=\"Le Pin Sylvestre est une essence de bois r\u00e9sineux, tr\u00e8s utilis\u00e9e et solide. On vous explique tout sur ce bois.\" \/>\n<meta property=\"og:url\" content=\"https:\/\/www.nature-bois-concept.com\/magazine\/guide-bois\/essences\/bois-resineux\/pin-sylvestre\/\" \/>\n<meta property=\"og:site_name\" content=\"Magazine Nature Bois Concept\" \/>\n<meta property=\"article:publisher\" content=\"https:\/\/www.facebook.com\/Nature-Bois-Concept-1596307970584169\/\" \/>\n<meta property=\"article:modified_time\" content=\"2026-01-12T14:45:31+00:00\" \/>\n<meta property=\"og:image\" content=\"https:\/\/www.nature-bois-concept.com\/magazine\/wp-content\/uploads\/2016\/06\/realisation-terrasse-pin-autoclave-brun.jpg\" \/>\n\t<meta property=\"og:image:width\" content=\"1620\" \/>\n\t<meta property=\"og:image:height\" content=\"668\" \/>\n\t<meta property=\"og:image:type\" content=\"image\/jpeg\" \/>\n<meta name=\"twitter:card\" content=\"summary_large_image\" \/>\n<meta name=\"twitter:site\" content=\"@nbc_bois\" \/>\n<meta name=\"twitter:label1\" content=\"Dur\u00e9e de lecture estim\u00e9e\" \/>\n\t<meta name=\"twitter:data1\" content=\"1 minute\" \/>\n<script type=\"application\/ld+json\" class=\"yoast-schema-graph\">{\"@context\":\"https:\/\/schema.org\",\"@graph\":[{\"@type\":\"WebPage\",\"@id\":\"https:\/\/www.nature-bois-concept.com\/magazine\/guide-bois\/essences\/bois-resineux\/pin-sylvestre\/\",\"url\":\"https:\/\/www.nature-bois-concept.com\/magazine\/guide-bois\/essences\/bois-resineux\/pin-sylvestre\/\",\"name\":\"Pin Sylvestre : Pr\u00e9sentation de cette essence de bois r\u00e9sineux\",\"isPartOf\":{\"@id\":\"https:\/\/www.nature-bois-concept.com\/magazine\/#website\"},\"primaryImageOfPage\":{\"@id\":\"https:\/\/www.nature-bois-concept.com\/magazine\/guide-bois\/essences\/bois-resineux\/pin-sylvestre\/#primaryimage\"},\"image\":{\"@id\":\"https:\/\/www.nature-bois-concept.com\/magazine\/guide-bois\/essences\/bois-resineux\/pin-sylvestre\/#primaryimage\"},\"thumbnailUrl\":\"https:\/\/www.nature-bois-concept.com\/magazine\/wp-content\/uploads\/2016\/06\/realisation-terrasse-pin-autoclave-brun.jpg\",\"datePublished\":\"2016-06-29T09:05:34+00:00\",\"dateModified\":\"2026-01-12T14:45:31+00:00\",\"description\":\"Le Pin Sylvestre est une essence de bois r\u00e9sineux, tr\u00e8s utilis\u00e9e et solide. On vous explique tout sur ce bois.\",\"breadcrumb\":{\"@id\":\"https:\/\/www.nature-bois-concept.com\/magazine\/guide-bois\/essences\/bois-resineux\/pin-sylvestre\/#breadcrumb\"},\"inLanguage\":\"fr-FR\",\"potentialAction\":[{\"@type\":\"ReadAction\",\"target\":[\"https:\/\/www.nature-bois-concept.com\/magazine\/guide-bois\/essences\/bois-resineux\/pin-sylvestre\/\"]}]},{\"@type\":\"ImageObject\",\"inLanguage\":\"fr-FR\",\"@id\":\"https:\/\/www.nature-bois-concept.com\/magazine\/guide-bois\/essences\/bois-resineux\/pin-sylvestre\/#primaryimage\",\"url\":\"https:\/\/www.nature-bois-concept.com\/magazine\/wp-content\/uploads\/2016\/06\/realisation-terrasse-pin-autoclave-brun.jpg\",\"contentUrl\":\"https:\/\/www.nature-bois-concept.com\/magazine\/wp-content\/uploads\/2016\/06\/realisation-terrasse-pin-autoclave-brun.jpg\",\"width\":1620,\"height\":668,\"caption\":\"terrasse autoclave r\u00e9sineux\"},{\"@type\":\"BreadcrumbList\",\"@id\":\"https:\/\/www.nature-bois-concept.com\/magazine\/guide-bois\/essences\/bois-resineux\/pin-sylvestre\/#breadcrumb\",\"itemListElement\":[{\"@type\":\"ListItem\",\"position\":1,\"name\":\"Magazine NBC\",\"item\":\"https:\/\/www.nature-bois-concept.com\/magazine\/\"},{\"@type\":\"ListItem\",\"position\":2,\"name\":\"Guide Bois\",\"item\":\"https:\/\/www.nature-bois-concept.com\/magazine\/guide-bois\/\"},{\"@type\":\"ListItem\",\"position\":3,\"name\":\"Guide Essences Bois\",\"item\":\"https:\/\/www.nature-bois-concept.com\/magazine\/guide-bois\/essences\/\"},{\"@type\":\"ListItem\",\"position\":4,\"name\":\"Guide Essence Bois R\u00e9sineux\",\"item\":\"https:\/\/www.nature-bois-concept.com\/magazine\/guide-bois\/essences\/bois-resineux\/\"},{\"@type\":\"ListItem\",\"position\":5,\"name\":\"Le Pin Sylvestre : un des bois les plus utilis\u00e9s au monde !\"}]},{\"@type\":\"WebSite\",\"@id\":\"https:\/\/www.nature-bois-concept.com\/magazine\/#website\",\"url\":\"https:\/\/www.nature-bois-concept.com\/magazine\/\",\"name\":\"Magazine Nature Bois Concept\",\"description\":\"En association avec Nature Bois Concept\",\"potentialAction\":[{\"@type\":\"SearchAction\",\"target\":{\"@type\":\"EntryPoint\",\"urlTemplate\":\"https:\/\/www.nature-bois-concept.com\/magazine\/?s={search_term_string}\"},\"query-input\":\"required name=search_term_string\"}],\"inLanguage\":\"fr-FR\"}]}<\/script>\n<!-- \/ Yoast SEO plugin. -->","yoast_head_json":{"title":"Pin Sylvestre : Pr\u00e9sentation de cette essence de bois r\u00e9sineux","description":"Le Pin Sylvestre est une essence de bois r\u00e9sineux, tr\u00e8s utilis\u00e9e et solide. On vous explique tout sur ce bois.","robots":{"index":"index","follow":"follow","max-snippet":"max-snippet:-1","max-image-preview":"max-image-preview:large","max-video-preview":"max-video-preview:-1"},"canonical":"https:\/\/www.nature-bois-concept.com\/magazine\/guide-bois\/essences\/bois-resineux\/pin-sylvestre\/","og_locale":"fr_FR","og_type":"article","og_title":"Pin Sylvestre : Pr\u00e9sentation de cette essence de bois r\u00e9sineux","og_description":"Le Pin Sylvestre est une essence de bois r\u00e9sineux, tr\u00e8s utilis\u00e9e et solide. On vous explique tout sur ce bois.","og_url":"https:\/\/www.nature-bois-concept.com\/magazine\/guide-bois\/essences\/bois-resineux\/pin-sylvestre\/","og_site_name":"Magazine Nature Bois Concept","article_publisher":"https:\/\/www.facebook.com\/Nature-Bois-Concept-1596307970584169\/","article_modified_time":"2026-01-12T14:45:31+00:00","og_image":[{"width":1620,"height":668,"url":"https:\/\/www.nature-bois-concept.com\/magazine\/wp-content\/uploads\/2016\/06\/realisation-terrasse-pin-autoclave-brun.jpg","type":"image\/jpeg"}],"twitter_card":"summary_large_image","twitter_site":"@nbc_bois","twitter_misc":{"Dur\u00e9e de lecture estim\u00e9e":"1 minute"},"schema":{"@context":"https:\/\/schema.org","@graph":[{"@type":"WebPage","@id":"https:\/\/www.nature-bois-concept.com\/magazine\/guide-bois\/essences\/bois-resineux\/pin-sylvestre\/","url":"https:\/\/www.nature-bois-concept.com\/magazine\/guide-bois\/essences\/bois-resineux\/pin-sylvestre\/","name":"Pin Sylvestre : Pr\u00e9sentation de cette essence de bois r\u00e9sineux","isPartOf":{"@id":"https:\/\/www.nature-bois-concept.com\/magazine\/#website"},"primaryImageOfPage":{"@id":"https:\/\/www.nature-bois-concept.com\/magazine\/guide-bois\/essences\/bois-resineux\/pin-sylvestre\/#primaryimage"},"image":{"@id":"https:\/\/www.nature-bois-concept.com\/magazine\/guide-bois\/essences\/bois-resineux\/pin-sylvestre\/#primaryimage"},"thumbnailUrl":"https:\/\/www.nature-bois-concept.com\/magazine\/wp-content\/uploads\/2016\/06\/realisation-terrasse-pin-autoclave-brun.jpg","datePublished":"2016-06-29T09:05:34+00:00","dateModified":"2026-01-12T14:45:31+00:00","description":"Le Pin Sylvestre est une essence de bois r\u00e9sineux, tr\u00e8s utilis\u00e9e et solide. On vous explique tout sur ce bois.","breadcrumb":{"@id":"https:\/\/www.nature-bois-concept.com\/magazine\/guide-bois\/essences\/bois-resineux\/pin-sylvestre\/#breadcrumb"},"inLanguage":"fr-FR","potentialAction":[{"@type":"ReadAction","target":["https:\/\/www.nature-bois-concept.com\/magazine\/guide-bois\/essences\/bois-resineux\/pin-sylvestre\/"]}]},{"@type":"ImageObject","inLanguage":"fr-FR","@id":"https:\/\/www.nature-bois-concept.com\/magazine\/guide-bois\/essences\/bois-resineux\/pin-sylvestre\/#primaryimage","url":"https:\/\/www.nature-bois-concept.com\/magazine\/wp-content\/uploads\/2016\/06\/realisation-terrasse-pin-autoclave-brun.jpg","contentUrl":"https:\/\/www.nature-bois-concept.com\/magazine\/wp-content\/uploads\/2016\/06\/realisation-terrasse-pin-autoclave-brun.jpg","width":1620,"height":668,"caption":"terrasse autoclave r\u00e9sineux"},{"@type":"BreadcrumbList","@id":"https:\/\/www.nature-bois-concept.com\/magazine\/guide-bois\/essences\/bois-resineux\/pin-sylvestre\/#breadcrumb","itemListElement":[{"@type":"ListItem","position":1,"name":"Magazine NBC","item":"https:\/\/www.nature-bois-concept.com\/magazine\/"},{"@type":"ListItem","position":2,"name":"Guide Bois","item":"https:\/\/www.nature-bois-concept.com\/magazine\/guide-bois\/"},{"@type":"ListItem","position":3,"name":"Guide Essences Bois","item":"https:\/\/www.nature-bois-concept.com\/magazine\/guide-bois\/essences\/"},{"@type":"ListItem","position":4,"name":"Guide Essence Bois R\u00e9sineux","item":"https:\/\/www.nature-bois-concept.com\/magazine\/guide-bois\/essences\/bois-resineux\/"},{"@type":"ListItem","position":5,"name":"Le Pin Sylvestre : un des bois les plus utilis\u00e9s au monde !"}]},{"@type":"WebSite","@id":"https:\/\/www.nature-bois-concept.com\/magazine\/#website","url":"https:\/\/www.nature-bois-concept.com\/magazine\/","name":"Magazine Nature Bois Concept","description":"En association avec Nature Bois Concept","potentialAction":[{"@type":"SearchAction","target":{"@type":"EntryPoint","urlTemplate":"https:\/\/www.nature-bois-concept.com\/magazine\/?s={search_term_string}"},"query-input":"required name=search_term_string"}],"inLanguage":"fr-FR"}]}},"_links":{"self":[{"href":"https:\/\/www.nature-bois-concept.com\/magazine\/wp-json\/wp\/v2\/pages\/726"}],"collection":[{"href":"https:\/\/www.nature-bois-concept.com\/magazine\/wp-json\/wp\/v2\/pages"}],"about":[{"href":"https:\/\/www.nature-bois-concept.com\/magazine\/wp-json\/wp\/v2\/types\/page"}],"author":[{"embeddable":true,"href":"https:\/\/www.nature-bois-concept.com\/magazine\/wp-json\/wp\/v2\/users\/2"}],"replies":[{"embeddable":true,"href":"https:\/\/www.nature-bois-concept.com\/magazine\/wp-json\/wp\/v2\/comments?post=726"}],"version-history":[{"count":33,"href":"https:\/\/www.nature-bois-concept.com\/magazine\/wp-json\/wp\/v2\/pages\/726\/revisions"}],"predecessor-version":[{"id":8117,"href":"https:\/\/www.nature-bois-concept.com\/magazine\/wp-json\/wp\/v2\/pages\/726\/revisions\/8117"}],"up":[{"embeddable":true,"href":"https:\/\/www.nature-bois-concept.com\/magazine\/wp-json\/wp\/v2\/pages\/617"}],"wp:featuredmedia":[{"embeddable":true,"href":"https:\/\/www.nature-bois-concept.com\/magazine\/wp-json\/wp\/v2\/media\/1673"}],"wp:attachment":[{"href":"https:\/\/www.nature-bois-concept.com\/magazine\/wp-json\/wp\/v2\/media?parent=726"}],"curies":[{"name":"wp","href":"https:\/\/api.w.org\/{rel}","templated":true}]}}