{"id":725,"date":"2016-06-29T11:02:46","date_gmt":"2016-06-29T09:02:46","guid":{"rendered":"https:\/\/www.nature-bois-concept.com\/magazine\/?page_id=725"},"modified":"2026-01-12T15:35:46","modified_gmt":"2026-01-12T14:35:46","slug":"bois-resineux-meleze","status":"publish","type":"page","link":"https:\/\/www.nature-bois-concept.com\/magazine\/guide-bois\/essences\/bois-resineux\/bois-resineux-meleze\/","title":{"rendered":"Le M\u00e9l\u00e8ze, l&rsquo;un des bois r\u00e9sineux les plus durs et durables d&rsquo;Europe !"},"content":{"rendered":"<p>Le Bois r\u00e9sineux <a href=\"https:\/\/www.nature-bois-concept.com\/magazine\/guide-bois\/essences\/bois-resineux\/bois-resineux-meleze\/\" target=\"_blank\" rel=\"noopener\"><strong>M\u00e9l\u00e8ze<\/strong><\/a> vient du grand nord. Essence de grande qualit\u00e9, elle est utilis\u00e9e pour sa couleur brun clair depuis de nombreuses ann\u00e9es en am\u00e9nagement ext\u00e9rieur. Disponible en qualit\u00e9 avec n\u0153ud et quasi sans n\u0153ud, elle convient aussi bien pour un bardage en fa\u00e7ade qu\u2019\u00e0 une terrasse.<\/p>\n","protected":false},"excerpt":{"rendered":"<p>Le Bois r\u00e9sineux M\u00e9l\u00e8ze vient du grand nord. Essence de grande qualit\u00e9, elle est utilis\u00e9e pour sa couleur brun clair depuis de nombreuses ann\u00e9es en am\u00e9nagement ext\u00e9rieur. Disponible en qualit\u00e9 avec n\u0153ud et quasi sans n\u0153ud, elle convient aussi bien pour un bardage en fa\u00e7ade qu\u2019\u00e0 une terrasse.<\/p>\n","protected":false},"author":2,"featured_media":6229,"parent":617,"menu_order":2,"comment_status":"closed","ping_status":"closed","template":"","meta":{"_acf_changed":false,"footnotes":""},"acf":[],"yoast_head":"<!-- This site is optimized with the Yoast SEO plugin v22.4 - https:\/\/yoast.com\/wordpress\/plugins\/seo\/ -->\n<title>M\u00e9l\u00e8ze : Pr\u00e9sentation de cette essence de bois<\/title>\n<meta name=\"description\" content=\"Le M\u00e9l\u00e8ze est une essence de bois. Nous r\u00e9pondons \u00e0 toutes vos questions : Description, Caract\u00e9ristiques, Utilisation, Entretien !\" \/>\n<meta name=\"robots\" content=\"index, follow, max-snippet:-1, max-image-preview:large, max-video-preview:-1\" \/>\n<link rel=\"canonical\" href=\"https:\/\/www.nature-bois-concept.com\/magazine\/guide-bois\/essences\/bois-resineux\/bois-resineux-meleze\/\" \/>\n<meta property=\"og:locale\" content=\"fr_FR\" \/>\n<meta property=\"og:type\" content=\"article\" \/>\n<meta property=\"og:title\" content=\"M\u00e9l\u00e8ze : Pr\u00e9sentation de cette essence de bois\" \/>\n<meta property=\"og:description\" content=\"Le M\u00e9l\u00e8ze est une essence de bois. Nous r\u00e9pondons \u00e0 toutes vos questions : Description, Caract\u00e9ristiques, Utilisation, Entretien !\" \/>\n<meta property=\"og:url\" content=\"https:\/\/www.nature-bois-concept.com\/magazine\/guide-bois\/essences\/bois-resineux\/bois-resineux-meleze\/\" \/>\n<meta property=\"og:site_name\" content=\"Magazine Nature Bois Concept\" \/>\n<meta property=\"article:publisher\" content=\"https:\/\/www.facebook.com\/Nature-Bois-Concept-1596307970584169\/\" \/>\n<meta property=\"article:modified_time\" content=\"2026-01-12T14:35:46+00:00\" \/>\n<meta property=\"og:image\" content=\"https:\/\/www.nature-bois-concept.com\/magazine\/wp-content\/uploads\/2021\/02\/DSC_6199MAG.jpg\" \/>\n\t<meta property=\"og:image:width\" content=\"1900\" \/>\n\t<meta property=\"og:image:height\" content=\"400\" \/>\n\t<meta property=\"og:image:type\" content=\"image\/jpeg\" \/>\n<meta name=\"twitter:card\" content=\"summary_large_image\" \/>\n<meta name=\"twitter:site\" content=\"@nbc_bois\" \/>\n<meta name=\"twitter:label1\" content=\"Dur\u00e9e de lecture estim\u00e9e\" \/>\n\t<meta name=\"twitter:data1\" content=\"1 minute\" \/>\n<script type=\"application\/ld+json\" class=\"yoast-schema-graph\">{\"@context\":\"https:\/\/schema.org\",\"@graph\":[{\"@type\":\"WebPage\",\"@id\":\"https:\/\/www.nature-bois-concept.com\/magazine\/guide-bois\/essences\/bois-resineux\/bois-resineux-meleze\/\",\"url\":\"https:\/\/www.nature-bois-concept.com\/magazine\/guide-bois\/essences\/bois-resineux\/bois-resineux-meleze\/\",\"name\":\"M\u00e9l\u00e8ze : Pr\u00e9sentation de cette essence de bois\",\"isPartOf\":{\"@id\":\"https:\/\/www.nature-bois-concept.com\/magazine\/#website\"},\"primaryImageOfPage\":{\"@id\":\"https:\/\/www.nature-bois-concept.com\/magazine\/guide-bois\/essences\/bois-resineux\/bois-resineux-meleze\/#primaryimage\"},\"image\":{\"@id\":\"https:\/\/www.nature-bois-concept.com\/magazine\/guide-bois\/essences\/bois-resineux\/bois-resineux-meleze\/#primaryimage\"},\"thumbnailUrl\":\"https:\/\/www.nature-bois-concept.com\/magazine\/wp-content\/uploads\/2021\/02\/DSC_6199MAG.jpg\",\"datePublished\":\"2016-06-29T09:02:46+00:00\",\"dateModified\":\"2026-01-12T14:35:46+00:00\",\"description\":\"Le M\u00e9l\u00e8ze est une essence de bois. Nous r\u00e9pondons \u00e0 toutes vos questions : Description, Caract\u00e9ristiques, Utilisation, Entretien !\",\"breadcrumb\":{\"@id\":\"https:\/\/www.nature-bois-concept.com\/magazine\/guide-bois\/essences\/bois-resineux\/bois-resineux-meleze\/#breadcrumb\"},\"inLanguage\":\"fr-FR\",\"potentialAction\":[{\"@type\":\"ReadAction\",\"target\":[\"https:\/\/www.nature-bois-concept.com\/magazine\/guide-bois\/essences\/bois-resineux\/bois-resineux-meleze\/\"]}]},{\"@type\":\"ImageObject\",\"inLanguage\":\"fr-FR\",\"@id\":\"https:\/\/www.nature-bois-concept.com\/magazine\/guide-bois\/essences\/bois-resineux\/bois-resineux-meleze\/#primaryimage\",\"url\":\"https:\/\/www.nature-bois-concept.com\/magazine\/wp-content\/uploads\/2021\/02\/DSC_6199MAG.jpg\",\"contentUrl\":\"https:\/\/www.nature-bois-concept.com\/magazine\/wp-content\/uploads\/2021\/02\/DSC_6199MAG.jpg\",\"width\":1900,\"height\":400,\"caption\":\"Terrasse bordure de piscine essence bois M\u00e9l\u00e8ze\"},{\"@type\":\"BreadcrumbList\",\"@id\":\"https:\/\/www.nature-bois-concept.com\/magazine\/guide-bois\/essences\/bois-resineux\/bois-resineux-meleze\/#breadcrumb\",\"itemListElement\":[{\"@type\":\"ListItem\",\"position\":1,\"name\":\"Magazine NBC\",\"item\":\"https:\/\/www.nature-bois-concept.com\/magazine\/\"},{\"@type\":\"ListItem\",\"position\":2,\"name\":\"Guide Bois\",\"item\":\"https:\/\/www.nature-bois-concept.com\/magazine\/guide-bois\/\"},{\"@type\":\"ListItem\",\"position\":3,\"name\":\"Guide Essences Bois\",\"item\":\"https:\/\/www.nature-bois-concept.com\/magazine\/guide-bois\/essences\/\"},{\"@type\":\"ListItem\",\"position\":4,\"name\":\"Guide Essence Bois R\u00e9sineux\",\"item\":\"https:\/\/www.nature-bois-concept.com\/magazine\/guide-bois\/essences\/bois-resineux\/\"},{\"@type\":\"ListItem\",\"position\":5,\"name\":\"Le M\u00e9l\u00e8ze, l&rsquo;un des bois r\u00e9sineux les plus durs et durables d&rsquo;Europe !\"}]},{\"@type\":\"WebSite\",\"@id\":\"https:\/\/www.nature-bois-concept.com\/magazine\/#website\",\"url\":\"https:\/\/www.nature-bois-concept.com\/magazine\/\",\"name\":\"Magazine Nature Bois Concept\",\"description\":\"En association avec Nature Bois Concept\",\"potentialAction\":[{\"@type\":\"SearchAction\",\"target\":{\"@type\":\"EntryPoint\",\"urlTemplate\":\"https:\/\/www.nature-bois-concept.com\/magazine\/?s={search_term_string}\"},\"query-input\":\"required name=search_term_string\"}],\"inLanguage\":\"fr-FR\"}]}<\/script>\n<!-- \/ Yoast SEO plugin. -->","yoast_head_json":{"title":"M\u00e9l\u00e8ze : Pr\u00e9sentation de cette essence de bois","description":"Le M\u00e9l\u00e8ze est une essence de bois. Nous r\u00e9pondons \u00e0 toutes vos questions : Description, Caract\u00e9ristiques, Utilisation, Entretien !","robots":{"index":"index","follow":"follow","max-snippet":"max-snippet:-1","max-image-preview":"max-image-preview:large","max-video-preview":"max-video-preview:-1"},"canonical":"https:\/\/www.nature-bois-concept.com\/magazine\/guide-bois\/essences\/bois-resineux\/bois-resineux-meleze\/","og_locale":"fr_FR","og_type":"article","og_title":"M\u00e9l\u00e8ze : Pr\u00e9sentation de cette essence de bois","og_description":"Le M\u00e9l\u00e8ze est une essence de bois. Nous r\u00e9pondons \u00e0 toutes vos questions : Description, Caract\u00e9ristiques, Utilisation, Entretien !","og_url":"https:\/\/www.nature-bois-concept.com\/magazine\/guide-bois\/essences\/bois-resineux\/bois-resineux-meleze\/","og_site_name":"Magazine Nature Bois Concept","article_publisher":"https:\/\/www.facebook.com\/Nature-Bois-Concept-1596307970584169\/","article_modified_time":"2026-01-12T14:35:46+00:00","og_image":[{"width":1900,"height":400,"url":"https:\/\/www.nature-bois-concept.com\/magazine\/wp-content\/uploads\/2021\/02\/DSC_6199MAG.jpg","type":"image\/jpeg"}],"twitter_card":"summary_large_image","twitter_site":"@nbc_bois","twitter_misc":{"Dur\u00e9e de lecture estim\u00e9e":"1 minute"},"schema":{"@context":"https:\/\/schema.org","@graph":[{"@type":"WebPage","@id":"https:\/\/www.nature-bois-concept.com\/magazine\/guide-bois\/essences\/bois-resineux\/bois-resineux-meleze\/","url":"https:\/\/www.nature-bois-concept.com\/magazine\/guide-bois\/essences\/bois-resineux\/bois-resineux-meleze\/","name":"M\u00e9l\u00e8ze : Pr\u00e9sentation de cette essence de bois","isPartOf":{"@id":"https:\/\/www.nature-bois-concept.com\/magazine\/#website"},"primaryImageOfPage":{"@id":"https:\/\/www.nature-bois-concept.com\/magazine\/guide-bois\/essences\/bois-resineux\/bois-resineux-meleze\/#primaryimage"},"image":{"@id":"https:\/\/www.nature-bois-concept.com\/magazine\/guide-bois\/essences\/bois-resineux\/bois-resineux-meleze\/#primaryimage"},"thumbnailUrl":"https:\/\/www.nature-bois-concept.com\/magazine\/wp-content\/uploads\/2021\/02\/DSC_6199MAG.jpg","datePublished":"2016-06-29T09:02:46+00:00","dateModified":"2026-01-12T14:35:46+00:00","description":"Le M\u00e9l\u00e8ze est une essence de bois. Nous r\u00e9pondons \u00e0 toutes vos questions : Description, Caract\u00e9ristiques, Utilisation, Entretien !","breadcrumb":{"@id":"https:\/\/www.nature-bois-concept.com\/magazine\/guide-bois\/essences\/bois-resineux\/bois-resineux-meleze\/#breadcrumb"},"inLanguage":"fr-FR","potentialAction":[{"@type":"ReadAction","target":["https:\/\/www.nature-bois-concept.com\/magazine\/guide-bois\/essences\/bois-resineux\/bois-resineux-meleze\/"]}]},{"@type":"ImageObject","inLanguage":"fr-FR","@id":"https:\/\/www.nature-bois-concept.com\/magazine\/guide-bois\/essences\/bois-resineux\/bois-resineux-meleze\/#primaryimage","url":"https:\/\/www.nature-bois-concept.com\/magazine\/wp-content\/uploads\/2021\/02\/DSC_6199MAG.jpg","contentUrl":"https:\/\/www.nature-bois-concept.com\/magazine\/wp-content\/uploads\/2021\/02\/DSC_6199MAG.jpg","width":1900,"height":400,"caption":"Terrasse bordure de piscine essence bois M\u00e9l\u00e8ze"},{"@type":"BreadcrumbList","@id":"https:\/\/www.nature-bois-concept.com\/magazine\/guide-bois\/essences\/bois-resineux\/bois-resineux-meleze\/#breadcrumb","itemListElement":[{"@type":"ListItem","position":1,"name":"Magazine NBC","item":"https:\/\/www.nature-bois-concept.com\/magazine\/"},{"@type":"ListItem","position":2,"name":"Guide Bois","item":"https:\/\/www.nature-bois-concept.com\/magazine\/guide-bois\/"},{"@type":"ListItem","position":3,"name":"Guide Essences Bois","item":"https:\/\/www.nature-bois-concept.com\/magazine\/guide-bois\/essences\/"},{"@type":"ListItem","position":4,"name":"Guide Essence Bois R\u00e9sineux","item":"https:\/\/www.nature-bois-concept.com\/magazine\/guide-bois\/essences\/bois-resineux\/"},{"@type":"ListItem","position":5,"name":"Le M\u00e9l\u00e8ze, l&rsquo;un des bois r\u00e9sineux les plus durs et durables d&rsquo;Europe !"}]},{"@type":"WebSite","@id":"https:\/\/www.nature-bois-concept.com\/magazine\/#website","url":"https:\/\/www.nature-bois-concept.com\/magazine\/","name":"Magazine Nature Bois Concept","description":"En association avec Nature Bois Concept","potentialAction":[{"@type":"SearchAction","target":{"@type":"EntryPoint","urlTemplate":"https:\/\/www.nature-bois-concept.com\/magazine\/?s={search_term_string}"},"query-input":"required name=search_term_string"}],"inLanguage":"fr-FR"}]}},"_links":{"self":[{"href":"https:\/\/www.nature-bois-concept.com\/magazine\/wp-json\/wp\/v2\/pages\/725"}],"collection":[{"href":"https:\/\/www.nature-bois-concept.com\/magazine\/wp-json\/wp\/v2\/pages"}],"about":[{"href":"https:\/\/www.nature-bois-concept.com\/magazine\/wp-json\/wp\/v2\/types\/page"}],"author":[{"embeddable":true,"href":"https:\/\/www.nature-bois-concept.com\/magazine\/wp-json\/wp\/v2\/users\/2"}],"replies":[{"embeddable":true,"href":"https:\/\/www.nature-bois-concept.com\/magazine\/wp-json\/wp\/v2\/comments?post=725"}],"version-history":[{"count":33,"href":"https:\/\/www.nature-bois-concept.com\/magazine\/wp-json\/wp\/v2\/pages\/725\/revisions"}],"predecessor-version":[{"id":8114,"href":"https:\/\/www.nature-bois-concept.com\/magazine\/wp-json\/wp\/v2\/pages\/725\/revisions\/8114"}],"up":[{"embeddable":true,"href":"https:\/\/www.nature-bois-concept.com\/magazine\/wp-json\/wp\/v2\/pages\/617"}],"wp:featuredmedia":[{"embeddable":true,"href":"https:\/\/www.nature-bois-concept.com\/magazine\/wp-json\/wp\/v2\/media\/6229"}],"wp:attachment":[{"href":"https:\/\/www.nature-bois-concept.com\/magazine\/wp-json\/wp\/v2\/media?parent=725"}],"curies":[{"name":"wp","href":"https:\/\/api.w.org\/{rel}","templated":true}]}}