{"id":724,"date":"2016-06-29T10:55:39","date_gmt":"2016-06-29T08:55:39","guid":{"rendered":"https:\/\/www.nature-bois-concept.com\/magazine\/?page_id=724"},"modified":"2026-01-12T15:40:04","modified_gmt":"2026-01-12T14:40:04","slug":"frene-thermo-chauffe","status":"publish","type":"page","link":"https:\/\/www.nature-bois-concept.com\/magazine\/guide-bois\/essences\/bois-resineux\/frene-thermo-chauffe\/","title":{"rendered":"Le Fr\u00eane thermo chauff\u00e9 : la finition d&rsquo;un parquet, pour de la terrasse gr\u00e2ce au processus thermo chauff\u00e9 !"},"content":{"rendered":"<p>Le fr\u00eane est une essence aux multiples facettes. Ce bois que l\u2019on retrouve en France, mais aussi dans d\u2019autres pays d\u2019Europe, peut aussi bien \u00eatre utilis\u00e9 sans traitement \u00e0 l\u2019int\u00e9rieur, qu\u2019avec traitement \u00e0 l\u2019ext\u00e9rieur. Le traitement que l\u2019on applique au Fr\u00eane est un traitement de thermo-chauffage qui va rendre le bois imputrescible gr\u00e2ce \u00e0 une mont\u00e9e en chaleur dans des fours \u00e0 plus de 250 degr\u00e9s. C\u2019est gr\u00e2ce \u00e0 ce traitement qu\u2019il est possible de le poser en ext\u00e9rieur et plus particuli\u00e8rement en lame de terrasse. Il lui donne aussi sa couleur brun caf\u00e9 et son odeur. Si vous ne connaissez pas encore les caract\u00e9ristiques de ce bois d\u00e9couvrez les sur cette page qui lui est d\u00e9di\u00e9e.<\/p>\n","protected":false},"excerpt":{"rendered":"<p>Le fr\u00eane est une essence aux multiples facettes. Ce bois que l\u2019on retrouve en France, mais aussi dans d\u2019autres pays d\u2019Europe, peut aussi bien \u00eatre utilis\u00e9 sans traitement \u00e0 l\u2019int\u00e9rieur, qu\u2019avec traitement \u00e0 l\u2019ext\u00e9rieur. Le traitement que l\u2019on applique au Fr\u00eane est un traitement de thermo-chauffage qui va rendre le bois imputrescible gr\u00e2ce \u00e0 une mont\u00e9e en chaleur dans des fours \u00e0 plus de 250 degr\u00e9s. C\u2019est gr\u00e2ce \u00e0 ce&#8230;<\/p>\n","protected":false},"author":2,"featured_media":1665,"parent":617,"menu_order":1,"comment_status":"closed","ping_status":"closed","template":"","meta":{"_acf_changed":false,"footnotes":""},"acf":[],"yoast_head":"<!-- This site is optimized with the Yoast SEO plugin v22.4 - https:\/\/yoast.com\/wordpress\/plugins\/seo\/ -->\n<title>Fr\u00eane Thermo Chauff\u00e9 : Pr\u00e9sentation de cette essence de bois<\/title>\n<meta name=\"description\" content=\"Le Fr\u00eane Thermo Chauff\u00e9 est une essence de bois. Nous r\u00e9pondons \u00e0 toutes vos questions : Description, Caract\u00e9ristiques, Utilisation, Entretien !\" \/>\n<meta name=\"robots\" content=\"index, follow, max-snippet:-1, max-image-preview:large, max-video-preview:-1\" \/>\n<link rel=\"canonical\" href=\"https:\/\/www.nature-bois-concept.com\/magazine\/guide-bois\/essences\/bois-resineux\/frene-thermo-chauffe\/\" \/>\n<meta property=\"og:locale\" content=\"fr_FR\" \/>\n<meta property=\"og:type\" content=\"article\" \/>\n<meta property=\"og:title\" content=\"Fr\u00eane Thermo Chauff\u00e9 : Pr\u00e9sentation de cette essence de bois\" \/>\n<meta property=\"og:description\" content=\"Le Fr\u00eane Thermo Chauff\u00e9 est une essence de bois. Nous r\u00e9pondons \u00e0 toutes vos questions : Description, Caract\u00e9ristiques, Utilisation, Entretien !\" \/>\n<meta property=\"og:url\" content=\"https:\/\/www.nature-bois-concept.com\/magazine\/guide-bois\/essences\/bois-resineux\/frene-thermo-chauffe\/\" \/>\n<meta property=\"og:site_name\" content=\"Magazine Nature Bois Concept\" \/>\n<meta property=\"article:publisher\" content=\"https:\/\/www.facebook.com\/Nature-Bois-Concept-1596307970584169\/\" \/>\n<meta property=\"article:modified_time\" content=\"2026-01-12T14:40:04+00:00\" \/>\n<meta property=\"og:image\" content=\"https:\/\/www.nature-bois-concept.com\/magazine\/wp-content\/uploads\/2016\/06\/1-3.jpg\" \/>\n\t<meta property=\"og:image:width\" content=\"1620\" \/>\n\t<meta property=\"og:image:height\" content=\"668\" \/>\n\t<meta property=\"og:image:type\" content=\"image\/jpeg\" \/>\n<meta name=\"twitter:card\" content=\"summary_large_image\" \/>\n<meta name=\"twitter:site\" content=\"@nbc_bois\" \/>\n<meta name=\"twitter:label1\" content=\"Dur\u00e9e de lecture estim\u00e9e\" \/>\n\t<meta name=\"twitter:data1\" content=\"1 minute\" \/>\n<script type=\"application\/ld+json\" class=\"yoast-schema-graph\">{\"@context\":\"https:\/\/schema.org\",\"@graph\":[{\"@type\":\"WebPage\",\"@id\":\"https:\/\/www.nature-bois-concept.com\/magazine\/guide-bois\/essences\/bois-resineux\/frene-thermo-chauffe\/\",\"url\":\"https:\/\/www.nature-bois-concept.com\/magazine\/guide-bois\/essences\/bois-resineux\/frene-thermo-chauffe\/\",\"name\":\"Fr\u00eane Thermo Chauff\u00e9 : Pr\u00e9sentation de cette essence de bois\",\"isPartOf\":{\"@id\":\"https:\/\/www.nature-bois-concept.com\/magazine\/#website\"},\"primaryImageOfPage\":{\"@id\":\"https:\/\/www.nature-bois-concept.com\/magazine\/guide-bois\/essences\/bois-resineux\/frene-thermo-chauffe\/#primaryimage\"},\"image\":{\"@id\":\"https:\/\/www.nature-bois-concept.com\/magazine\/guide-bois\/essences\/bois-resineux\/frene-thermo-chauffe\/#primaryimage\"},\"thumbnailUrl\":\"https:\/\/www.nature-bois-concept.com\/magazine\/wp-content\/uploads\/2016\/06\/1-3.jpg\",\"datePublished\":\"2016-06-29T08:55:39+00:00\",\"dateModified\":\"2026-01-12T14:40:04+00:00\",\"description\":\"Le Fr\u00eane Thermo Chauff\u00e9 est une essence de bois. Nous r\u00e9pondons \u00e0 toutes vos questions : Description, Caract\u00e9ristiques, Utilisation, Entretien !\",\"breadcrumb\":{\"@id\":\"https:\/\/www.nature-bois-concept.com\/magazine\/guide-bois\/essences\/bois-resineux\/frene-thermo-chauffe\/#breadcrumb\"},\"inLanguage\":\"fr-FR\",\"potentialAction\":[{\"@type\":\"ReadAction\",\"target\":[\"https:\/\/www.nature-bois-concept.com\/magazine\/guide-bois\/essences\/bois-resineux\/frene-thermo-chauffe\/\"]}]},{\"@type\":\"ImageObject\",\"inLanguage\":\"fr-FR\",\"@id\":\"https:\/\/www.nature-bois-concept.com\/magazine\/guide-bois\/essences\/bois-resineux\/frene-thermo-chauffe\/#primaryimage\",\"url\":\"https:\/\/www.nature-bois-concept.com\/magazine\/wp-content\/uploads\/2016\/06\/1-3.jpg\",\"contentUrl\":\"https:\/\/www.nature-bois-concept.com\/magazine\/wp-content\/uploads\/2016\/06\/1-3.jpg\",\"width\":1620,\"height\":668,\"caption\":\"belle terrasse bois et chaise \u00e0 l'ombre\"},{\"@type\":\"BreadcrumbList\",\"@id\":\"https:\/\/www.nature-bois-concept.com\/magazine\/guide-bois\/essences\/bois-resineux\/frene-thermo-chauffe\/#breadcrumb\",\"itemListElement\":[{\"@type\":\"ListItem\",\"position\":1,\"name\":\"Magazine NBC\",\"item\":\"https:\/\/www.nature-bois-concept.com\/magazine\/\"},{\"@type\":\"ListItem\",\"position\":2,\"name\":\"Guide Bois\",\"item\":\"https:\/\/www.nature-bois-concept.com\/magazine\/guide-bois\/\"},{\"@type\":\"ListItem\",\"position\":3,\"name\":\"Guide Essences Bois\",\"item\":\"https:\/\/www.nature-bois-concept.com\/magazine\/guide-bois\/essences\/\"},{\"@type\":\"ListItem\",\"position\":4,\"name\":\"Guide Essence Bois R\u00e9sineux\",\"item\":\"https:\/\/www.nature-bois-concept.com\/magazine\/guide-bois\/essences\/bois-resineux\/\"},{\"@type\":\"ListItem\",\"position\":5,\"name\":\"Le Fr\u00eane thermo chauff\u00e9 : la finition d&rsquo;un parquet, pour de la terrasse gr\u00e2ce au processus thermo chauff\u00e9 !\"}]},{\"@type\":\"WebSite\",\"@id\":\"https:\/\/www.nature-bois-concept.com\/magazine\/#website\",\"url\":\"https:\/\/www.nature-bois-concept.com\/magazine\/\",\"name\":\"Magazine Nature Bois Concept\",\"description\":\"En association avec Nature Bois Concept\",\"potentialAction\":[{\"@type\":\"SearchAction\",\"target\":{\"@type\":\"EntryPoint\",\"urlTemplate\":\"https:\/\/www.nature-bois-concept.com\/magazine\/?s={search_term_string}\"},\"query-input\":\"required name=search_term_string\"}],\"inLanguage\":\"fr-FR\"}]}<\/script>\n<!-- \/ Yoast SEO plugin. -->","yoast_head_json":{"title":"Fr\u00eane Thermo Chauff\u00e9 : Pr\u00e9sentation de cette essence de bois","description":"Le Fr\u00eane Thermo Chauff\u00e9 est une essence de bois. Nous r\u00e9pondons \u00e0 toutes vos questions : Description, Caract\u00e9ristiques, Utilisation, Entretien !","robots":{"index":"index","follow":"follow","max-snippet":"max-snippet:-1","max-image-preview":"max-image-preview:large","max-video-preview":"max-video-preview:-1"},"canonical":"https:\/\/www.nature-bois-concept.com\/magazine\/guide-bois\/essences\/bois-resineux\/frene-thermo-chauffe\/","og_locale":"fr_FR","og_type":"article","og_title":"Fr\u00eane Thermo Chauff\u00e9 : Pr\u00e9sentation de cette essence de bois","og_description":"Le Fr\u00eane Thermo Chauff\u00e9 est une essence de bois. Nous r\u00e9pondons \u00e0 toutes vos questions : Description, Caract\u00e9ristiques, Utilisation, Entretien !","og_url":"https:\/\/www.nature-bois-concept.com\/magazine\/guide-bois\/essences\/bois-resineux\/frene-thermo-chauffe\/","og_site_name":"Magazine Nature Bois Concept","article_publisher":"https:\/\/www.facebook.com\/Nature-Bois-Concept-1596307970584169\/","article_modified_time":"2026-01-12T14:40:04+00:00","og_image":[{"width":1620,"height":668,"url":"https:\/\/www.nature-bois-concept.com\/magazine\/wp-content\/uploads\/2016\/06\/1-3.jpg","type":"image\/jpeg"}],"twitter_card":"summary_large_image","twitter_site":"@nbc_bois","twitter_misc":{"Dur\u00e9e de lecture estim\u00e9e":"1 minute"},"schema":{"@context":"https:\/\/schema.org","@graph":[{"@type":"WebPage","@id":"https:\/\/www.nature-bois-concept.com\/magazine\/guide-bois\/essences\/bois-resineux\/frene-thermo-chauffe\/","url":"https:\/\/www.nature-bois-concept.com\/magazine\/guide-bois\/essences\/bois-resineux\/frene-thermo-chauffe\/","name":"Fr\u00eane Thermo Chauff\u00e9 : Pr\u00e9sentation de cette essence de bois","isPartOf":{"@id":"https:\/\/www.nature-bois-concept.com\/magazine\/#website"},"primaryImageOfPage":{"@id":"https:\/\/www.nature-bois-concept.com\/magazine\/guide-bois\/essences\/bois-resineux\/frene-thermo-chauffe\/#primaryimage"},"image":{"@id":"https:\/\/www.nature-bois-concept.com\/magazine\/guide-bois\/essences\/bois-resineux\/frene-thermo-chauffe\/#primaryimage"},"thumbnailUrl":"https:\/\/www.nature-bois-concept.com\/magazine\/wp-content\/uploads\/2016\/06\/1-3.jpg","datePublished":"2016-06-29T08:55:39+00:00","dateModified":"2026-01-12T14:40:04+00:00","description":"Le Fr\u00eane Thermo Chauff\u00e9 est une essence de bois. Nous r\u00e9pondons \u00e0 toutes vos questions : Description, Caract\u00e9ristiques, Utilisation, Entretien !","breadcrumb":{"@id":"https:\/\/www.nature-bois-concept.com\/magazine\/guide-bois\/essences\/bois-resineux\/frene-thermo-chauffe\/#breadcrumb"},"inLanguage":"fr-FR","potentialAction":[{"@type":"ReadAction","target":["https:\/\/www.nature-bois-concept.com\/magazine\/guide-bois\/essences\/bois-resineux\/frene-thermo-chauffe\/"]}]},{"@type":"ImageObject","inLanguage":"fr-FR","@id":"https:\/\/www.nature-bois-concept.com\/magazine\/guide-bois\/essences\/bois-resineux\/frene-thermo-chauffe\/#primaryimage","url":"https:\/\/www.nature-bois-concept.com\/magazine\/wp-content\/uploads\/2016\/06\/1-3.jpg","contentUrl":"https:\/\/www.nature-bois-concept.com\/magazine\/wp-content\/uploads\/2016\/06\/1-3.jpg","width":1620,"height":668,"caption":"belle terrasse bois et chaise \u00e0 l'ombre"},{"@type":"BreadcrumbList","@id":"https:\/\/www.nature-bois-concept.com\/magazine\/guide-bois\/essences\/bois-resineux\/frene-thermo-chauffe\/#breadcrumb","itemListElement":[{"@type":"ListItem","position":1,"name":"Magazine NBC","item":"https:\/\/www.nature-bois-concept.com\/magazine\/"},{"@type":"ListItem","position":2,"name":"Guide Bois","item":"https:\/\/www.nature-bois-concept.com\/magazine\/guide-bois\/"},{"@type":"ListItem","position":3,"name":"Guide Essences Bois","item":"https:\/\/www.nature-bois-concept.com\/magazine\/guide-bois\/essences\/"},{"@type":"ListItem","position":4,"name":"Guide Essence Bois R\u00e9sineux","item":"https:\/\/www.nature-bois-concept.com\/magazine\/guide-bois\/essences\/bois-resineux\/"},{"@type":"ListItem","position":5,"name":"Le Fr\u00eane thermo chauff\u00e9 : la finition d&rsquo;un parquet, pour de la terrasse gr\u00e2ce au processus thermo chauff\u00e9 !"}]},{"@type":"WebSite","@id":"https:\/\/www.nature-bois-concept.com\/magazine\/#website","url":"https:\/\/www.nature-bois-concept.com\/magazine\/","name":"Magazine Nature Bois Concept","description":"En association avec Nature Bois Concept","potentialAction":[{"@type":"SearchAction","target":{"@type":"EntryPoint","urlTemplate":"https:\/\/www.nature-bois-concept.com\/magazine\/?s={search_term_string}"},"query-input":"required name=search_term_string"}],"inLanguage":"fr-FR"}]}},"_links":{"self":[{"href":"https:\/\/www.nature-bois-concept.com\/magazine\/wp-json\/wp\/v2\/pages\/724"}],"collection":[{"href":"https:\/\/www.nature-bois-concept.com\/magazine\/wp-json\/wp\/v2\/pages"}],"about":[{"href":"https:\/\/www.nature-bois-concept.com\/magazine\/wp-json\/wp\/v2\/types\/page"}],"author":[{"embeddable":true,"href":"https:\/\/www.nature-bois-concept.com\/magazine\/wp-json\/wp\/v2\/users\/2"}],"replies":[{"embeddable":true,"href":"https:\/\/www.nature-bois-concept.com\/magazine\/wp-json\/wp\/v2\/comments?post=724"}],"version-history":[{"count":27,"href":"https:\/\/www.nature-bois-concept.com\/magazine\/wp-json\/wp\/v2\/pages\/724\/revisions"}],"predecessor-version":[{"id":8116,"href":"https:\/\/www.nature-bois-concept.com\/magazine\/wp-json\/wp\/v2\/pages\/724\/revisions\/8116"}],"up":[{"embeddable":true,"href":"https:\/\/www.nature-bois-concept.com\/magazine\/wp-json\/wp\/v2\/pages\/617"}],"wp:featuredmedia":[{"embeddable":true,"href":"https:\/\/www.nature-bois-concept.com\/magazine\/wp-json\/wp\/v2\/media\/1665"}],"wp:attachment":[{"href":"https:\/\/www.nature-bois-concept.com\/magazine\/wp-json\/wp\/v2\/media?parent=724"}],"curies":[{"name":"wp","href":"https:\/\/api.w.org\/{rel}","templated":true}]}}