{"id":723,"date":"2016-06-29T11:04:12","date_gmt":"2016-06-29T09:04:12","guid":{"rendered":"https:\/\/www.nature-bois-concept.com\/magazine\/?page_id=723"},"modified":"2025-10-29T16:38:22","modified_gmt":"2025-10-29T15:38:22","slug":"padouk","status":"publish","type":"page","link":"https:\/\/www.nature-bois-concept.com\/magazine\/guide-bois\/essences\/bois-exotique\/padouk\/","title":{"rendered":"Padouk, un bois exotique tr\u00e8s color\u00e9e !"},"content":{"rendered":"<p>Bois rouge rubis devenant gris argent\u00e9, le bois exotique <a href=\"https:\/\/www.nature-bois-concept.com\/magazine\/guide-bois\/essences\/bois-exotique\/padouk\/\"><strong>Padouk<\/strong><\/a> est l\u2019un des bois les plus nobles d\u2019Afrique. Gr\u00e2ce \u00e0 son fil tr\u00e8s fin, sa grande densit\u00e9 et une r\u00e9sistance \u00e0 toute \u00e9preuve, c\u2019est une r\u00e9f\u00e9rence pour une pose en ext\u00e9rieur, au m\u00eame titre que l\u2019IP\u00c9. Alors si vous souhaitez d\u00e9couvrir ce bois aux reflets rubis lisez cet article, vous en saurez davantage.<\/p>\n","protected":false},"excerpt":{"rendered":"<p>Bois rouge rubis devenant gris argent\u00e9, le bois exotique Padouk est l\u2019un des bois les plus nobles d\u2019Afrique. Gr\u00e2ce \u00e0 son fil tr\u00e8s fin, sa grande densit\u00e9 et une r\u00e9sistance \u00e0 toute \u00e9preuve, c\u2019est une r\u00e9f\u00e9rence pour une pose en ext\u00e9rieur, au m\u00eame titre que l\u2019IP\u00c9. Alors si vous souhaitez d\u00e9couvrir ce bois aux reflets rubis lisez cet article, vous en saurez davantage.<\/p>\n","protected":false},"author":2,"featured_media":1656,"parent":616,"menu_order":5,"comment_status":"closed","ping_status":"closed","template":"","meta":{"_acf_changed":false,"footnotes":""},"acf":[],"yoast_head":"<!-- This site is optimized with the Yoast SEO plugin v22.4 - https:\/\/yoast.com\/wordpress\/plugins\/seo\/ -->\n<title>Padouk: Pr\u00e9sentation de cette essence de bois exotique<\/title>\n<meta name=\"description\" content=\"Le Padouk est une essence de bois exotique. Nous r\u00e9pondons \u00e0 toutes vos questions sur le Padouk : Description, Caract\u00e9ristiques, Utilisation, Entretien !\" \/>\n<meta name=\"robots\" content=\"index, follow, max-snippet:-1, max-image-preview:large, max-video-preview:-1\" \/>\n<link rel=\"canonical\" href=\"https:\/\/www.nature-bois-concept.com\/magazine\/guide-bois\/essences\/bois-exotique\/padouk\/\" \/>\n<meta property=\"og:locale\" content=\"fr_FR\" \/>\n<meta property=\"og:type\" content=\"article\" \/>\n<meta property=\"og:title\" content=\"Padouk: Pr\u00e9sentation de cette essence de bois exotique\" \/>\n<meta property=\"og:description\" content=\"Le Padouk est une essence de bois exotique. Nous r\u00e9pondons \u00e0 toutes vos questions sur le Padouk : Description, Caract\u00e9ristiques, Utilisation, Entretien !\" \/>\n<meta property=\"og:url\" content=\"https:\/\/www.nature-bois-concept.com\/magazine\/guide-bois\/essences\/bois-exotique\/padouk\/\" \/>\n<meta property=\"og:site_name\" content=\"Magazine Nature Bois Concept\" \/>\n<meta property=\"article:publisher\" content=\"https:\/\/www.facebook.com\/Nature-Bois-Concept-1596307970584169\/\" \/>\n<meta property=\"article:modified_time\" content=\"2025-10-29T15:38:22+00:00\" \/>\n<meta property=\"og:image\" content=\"https:\/\/www.nature-bois-concept.com\/magazine\/wp-content\/uploads\/2016\/06\/platelage-bois-exotique-padouk.jpg\" \/>\n\t<meta property=\"og:image:width\" content=\"1620\" \/>\n\t<meta property=\"og:image:height\" content=\"668\" \/>\n\t<meta property=\"og:image:type\" content=\"image\/jpeg\" \/>\n<meta name=\"twitter:card\" content=\"summary_large_image\" \/>\n<meta name=\"twitter:site\" content=\"@nbc_bois\" \/>\n<meta name=\"twitter:label1\" content=\"Dur\u00e9e de lecture estim\u00e9e\" \/>\n\t<meta name=\"twitter:data1\" content=\"1 minute\" \/>\n<script type=\"application\/ld+json\" class=\"yoast-schema-graph\">{\"@context\":\"https:\/\/schema.org\",\"@graph\":[{\"@type\":\"WebPage\",\"@id\":\"https:\/\/www.nature-bois-concept.com\/magazine\/guide-bois\/essences\/bois-exotique\/padouk\/\",\"url\":\"https:\/\/www.nature-bois-concept.com\/magazine\/guide-bois\/essences\/bois-exotique\/padouk\/\",\"name\":\"Padouk: Pr\u00e9sentation de cette essence de bois exotique\",\"isPartOf\":{\"@id\":\"https:\/\/www.nature-bois-concept.com\/magazine\/#website\"},\"primaryImageOfPage\":{\"@id\":\"https:\/\/www.nature-bois-concept.com\/magazine\/guide-bois\/essences\/bois-exotique\/padouk\/#primaryimage\"},\"image\":{\"@id\":\"https:\/\/www.nature-bois-concept.com\/magazine\/guide-bois\/essences\/bois-exotique\/padouk\/#primaryimage\"},\"thumbnailUrl\":\"https:\/\/www.nature-bois-concept.com\/magazine\/wp-content\/uploads\/2016\/06\/platelage-bois-exotique-padouk.jpg\",\"datePublished\":\"2016-06-29T09:04:12+00:00\",\"dateModified\":\"2025-10-29T15:38:22+00:00\",\"description\":\"Le Padouk est une essence de bois exotique. Nous r\u00e9pondons \u00e0 toutes vos questions sur le Padouk : Description, Caract\u00e9ristiques, Utilisation, Entretien !\",\"breadcrumb\":{\"@id\":\"https:\/\/www.nature-bois-concept.com\/magazine\/guide-bois\/essences\/bois-exotique\/padouk\/#breadcrumb\"},\"inLanguage\":\"fr-FR\",\"potentialAction\":[{\"@type\":\"ReadAction\",\"target\":[\"https:\/\/www.nature-bois-concept.com\/magazine\/guide-bois\/essences\/bois-exotique\/padouk\/\"]}]},{\"@type\":\"ImageObject\",\"inLanguage\":\"fr-FR\",\"@id\":\"https:\/\/www.nature-bois-concept.com\/magazine\/guide-bois\/essences\/bois-exotique\/padouk\/#primaryimage\",\"url\":\"https:\/\/www.nature-bois-concept.com\/magazine\/wp-content\/uploads\/2016\/06\/platelage-bois-exotique-padouk.jpg\",\"contentUrl\":\"https:\/\/www.nature-bois-concept.com\/magazine\/wp-content\/uploads\/2016\/06\/platelage-bois-exotique-padouk.jpg\",\"width\":1620,\"height\":668,\"caption\":\"belle terrasse bois exotique en padouk\"},{\"@type\":\"BreadcrumbList\",\"@id\":\"https:\/\/www.nature-bois-concept.com\/magazine\/guide-bois\/essences\/bois-exotique\/padouk\/#breadcrumb\",\"itemListElement\":[{\"@type\":\"ListItem\",\"position\":1,\"name\":\"Magazine NBC\",\"item\":\"https:\/\/www.nature-bois-concept.com\/magazine\/\"},{\"@type\":\"ListItem\",\"position\":2,\"name\":\"Guide Bois\",\"item\":\"https:\/\/www.nature-bois-concept.com\/magazine\/guide-bois\/\"},{\"@type\":\"ListItem\",\"position\":3,\"name\":\"Guide Essences Bois\",\"item\":\"https:\/\/www.nature-bois-concept.com\/magazine\/guide-bois\/essences\/\"},{\"@type\":\"ListItem\",\"position\":4,\"name\":\"Guide Essence Bois Exotique\",\"item\":\"https:\/\/www.nature-bois-concept.com\/magazine\/guide-bois\/essences\/bois-exotique\/\"},{\"@type\":\"ListItem\",\"position\":5,\"name\":\"Padouk, un bois exotique tr\u00e8s color\u00e9e !\"}]},{\"@type\":\"WebSite\",\"@id\":\"https:\/\/www.nature-bois-concept.com\/magazine\/#website\",\"url\":\"https:\/\/www.nature-bois-concept.com\/magazine\/\",\"name\":\"Magazine Nature Bois Concept\",\"description\":\"En association avec Nature Bois Concept\",\"potentialAction\":[{\"@type\":\"SearchAction\",\"target\":{\"@type\":\"EntryPoint\",\"urlTemplate\":\"https:\/\/www.nature-bois-concept.com\/magazine\/?s={search_term_string}\"},\"query-input\":\"required name=search_term_string\"}],\"inLanguage\":\"fr-FR\"}]}<\/script>\n<!-- \/ Yoast SEO plugin. -->","yoast_head_json":{"title":"Padouk: Pr\u00e9sentation de cette essence de bois exotique","description":"Le Padouk est une essence de bois exotique. Nous r\u00e9pondons \u00e0 toutes vos questions sur le Padouk : Description, Caract\u00e9ristiques, Utilisation, Entretien !","robots":{"index":"index","follow":"follow","max-snippet":"max-snippet:-1","max-image-preview":"max-image-preview:large","max-video-preview":"max-video-preview:-1"},"canonical":"https:\/\/www.nature-bois-concept.com\/magazine\/guide-bois\/essences\/bois-exotique\/padouk\/","og_locale":"fr_FR","og_type":"article","og_title":"Padouk: Pr\u00e9sentation de cette essence de bois exotique","og_description":"Le Padouk est une essence de bois exotique. Nous r\u00e9pondons \u00e0 toutes vos questions sur le Padouk : Description, Caract\u00e9ristiques, Utilisation, Entretien !","og_url":"https:\/\/www.nature-bois-concept.com\/magazine\/guide-bois\/essences\/bois-exotique\/padouk\/","og_site_name":"Magazine Nature Bois Concept","article_publisher":"https:\/\/www.facebook.com\/Nature-Bois-Concept-1596307970584169\/","article_modified_time":"2025-10-29T15:38:22+00:00","og_image":[{"width":1620,"height":668,"url":"https:\/\/www.nature-bois-concept.com\/magazine\/wp-content\/uploads\/2016\/06\/platelage-bois-exotique-padouk.jpg","type":"image\/jpeg"}],"twitter_card":"summary_large_image","twitter_site":"@nbc_bois","twitter_misc":{"Dur\u00e9e de lecture estim\u00e9e":"1 minute"},"schema":{"@context":"https:\/\/schema.org","@graph":[{"@type":"WebPage","@id":"https:\/\/www.nature-bois-concept.com\/magazine\/guide-bois\/essences\/bois-exotique\/padouk\/","url":"https:\/\/www.nature-bois-concept.com\/magazine\/guide-bois\/essences\/bois-exotique\/padouk\/","name":"Padouk: Pr\u00e9sentation de cette essence de bois exotique","isPartOf":{"@id":"https:\/\/www.nature-bois-concept.com\/magazine\/#website"},"primaryImageOfPage":{"@id":"https:\/\/www.nature-bois-concept.com\/magazine\/guide-bois\/essences\/bois-exotique\/padouk\/#primaryimage"},"image":{"@id":"https:\/\/www.nature-bois-concept.com\/magazine\/guide-bois\/essences\/bois-exotique\/padouk\/#primaryimage"},"thumbnailUrl":"https:\/\/www.nature-bois-concept.com\/magazine\/wp-content\/uploads\/2016\/06\/platelage-bois-exotique-padouk.jpg","datePublished":"2016-06-29T09:04:12+00:00","dateModified":"2025-10-29T15:38:22+00:00","description":"Le Padouk est une essence de bois exotique. Nous r\u00e9pondons \u00e0 toutes vos questions sur le Padouk : Description, Caract\u00e9ristiques, Utilisation, Entretien !","breadcrumb":{"@id":"https:\/\/www.nature-bois-concept.com\/magazine\/guide-bois\/essences\/bois-exotique\/padouk\/#breadcrumb"},"inLanguage":"fr-FR","potentialAction":[{"@type":"ReadAction","target":["https:\/\/www.nature-bois-concept.com\/magazine\/guide-bois\/essences\/bois-exotique\/padouk\/"]}]},{"@type":"ImageObject","inLanguage":"fr-FR","@id":"https:\/\/www.nature-bois-concept.com\/magazine\/guide-bois\/essences\/bois-exotique\/padouk\/#primaryimage","url":"https:\/\/www.nature-bois-concept.com\/magazine\/wp-content\/uploads\/2016\/06\/platelage-bois-exotique-padouk.jpg","contentUrl":"https:\/\/www.nature-bois-concept.com\/magazine\/wp-content\/uploads\/2016\/06\/platelage-bois-exotique-padouk.jpg","width":1620,"height":668,"caption":"belle terrasse bois exotique en padouk"},{"@type":"BreadcrumbList","@id":"https:\/\/www.nature-bois-concept.com\/magazine\/guide-bois\/essences\/bois-exotique\/padouk\/#breadcrumb","itemListElement":[{"@type":"ListItem","position":1,"name":"Magazine NBC","item":"https:\/\/www.nature-bois-concept.com\/magazine\/"},{"@type":"ListItem","position":2,"name":"Guide Bois","item":"https:\/\/www.nature-bois-concept.com\/magazine\/guide-bois\/"},{"@type":"ListItem","position":3,"name":"Guide Essences Bois","item":"https:\/\/www.nature-bois-concept.com\/magazine\/guide-bois\/essences\/"},{"@type":"ListItem","position":4,"name":"Guide Essence Bois Exotique","item":"https:\/\/www.nature-bois-concept.com\/magazine\/guide-bois\/essences\/bois-exotique\/"},{"@type":"ListItem","position":5,"name":"Padouk, un bois exotique tr\u00e8s color\u00e9e !"}]},{"@type":"WebSite","@id":"https:\/\/www.nature-bois-concept.com\/magazine\/#website","url":"https:\/\/www.nature-bois-concept.com\/magazine\/","name":"Magazine Nature Bois Concept","description":"En association avec Nature Bois Concept","potentialAction":[{"@type":"SearchAction","target":{"@type":"EntryPoint","urlTemplate":"https:\/\/www.nature-bois-concept.com\/magazine\/?s={search_term_string}"},"query-input":"required name=search_term_string"}],"inLanguage":"fr-FR"}]}},"_links":{"self":[{"href":"https:\/\/www.nature-bois-concept.com\/magazine\/wp-json\/wp\/v2\/pages\/723"}],"collection":[{"href":"https:\/\/www.nature-bois-concept.com\/magazine\/wp-json\/wp\/v2\/pages"}],"about":[{"href":"https:\/\/www.nature-bois-concept.com\/magazine\/wp-json\/wp\/v2\/types\/page"}],"author":[{"embeddable":true,"href":"https:\/\/www.nature-bois-concept.com\/magazine\/wp-json\/wp\/v2\/users\/2"}],"replies":[{"embeddable":true,"href":"https:\/\/www.nature-bois-concept.com\/magazine\/wp-json\/wp\/v2\/comments?post=723"}],"version-history":[{"count":34,"href":"https:\/\/www.nature-bois-concept.com\/magazine\/wp-json\/wp\/v2\/pages\/723\/revisions"}],"predecessor-version":[{"id":8043,"href":"https:\/\/www.nature-bois-concept.com\/magazine\/wp-json\/wp\/v2\/pages\/723\/revisions\/8043"}],"up":[{"embeddable":true,"href":"https:\/\/www.nature-bois-concept.com\/magazine\/wp-json\/wp\/v2\/pages\/616"}],"wp:featuredmedia":[{"embeddable":true,"href":"https:\/\/www.nature-bois-concept.com\/magazine\/wp-json\/wp\/v2\/media\/1656"}],"wp:attachment":[{"href":"https:\/\/www.nature-bois-concept.com\/magazine\/wp-json\/wp\/v2\/media?parent=723"}],"curies":[{"name":"wp","href":"https:\/\/api.w.org\/{rel}","templated":true}]}}