{"id":721,"date":"2026-03-29T10:58:10","date_gmt":"2026-03-29T08:58:10","guid":{"rendered":"https:\/\/www.nature-bois-concept.com\/magazine\/?page_id=721"},"modified":"2026-05-07T17:43:21","modified_gmt":"2026-05-07T15:43:21","slug":"ipe","status":"publish","type":"page","link":"https:\/\/www.nature-bois-concept.com\/magazine\/guide-bois\/essences\/bois-exotique\/ipe\/","title":{"rendered":"IP\u00c9, l&rsquo;un des bois exotiques les plus stables !"},"content":{"rendered":"<p style=\"text-align: justify;\">Nous utilisons l\u2019<a href=\"https:\/\/www.nature-bois-concept.com\/magazine\/guide-bois\/essences\/bois-exotique\/\" target=\"_blank\" rel=\"noopener noreferrer\"><strong>essence bois exotique<\/strong><\/a> IP\u00c9 en France principalement pour l\u2019am\u00e9nagement ext\u00e9rieur de l\u2019habitat. Il est fr\u00e9quent de le retrouver en lame de terrasse, en margelle, en bardage et m\u00eame \u00e0 l\u2019int\u00e9rieur en parquet, escalier et meuble. Le bois IP\u00c9 \u00e9tant particuli\u00e8rement dur, nous vous conseillons de privil\u00e9gier une fixation viss\u00e9e. Comme pour toute autre essence, nous vous d\u00e9conseillons l\u2019IP\u00c9 \u00e0 clipser. Nous vous avons r\u00e9dig\u00e9 l\u2019article qui vous explique pourquoi. Essence de grande densit\u00e9, il est n\u00e9cessaire de toujours pr\u00e9-percer les lames au moment de la fixation afin d\u2019\u00e9viter que les vis ne se cassent et que le bois ne se fende. Suivant le type de vis, il sera pr\u00e9f\u00e9rable de fraiser pour une plus belle finition.<\/p>\n","protected":false},"excerpt":{"rendered":"<p>Nous utilisons l\u2019essence bois exotique IP\u00c9 en France principalement pour l\u2019am\u00e9nagement ext\u00e9rieur de l\u2019habitat. Il est fr\u00e9quent de le retrouver en lame de terrasse, en margelle, en bardage et m\u00eame \u00e0 l\u2019int\u00e9rieur en parquet, escalier et meuble. Le bois IP\u00c9 \u00e9tant particuli\u00e8rement dur, nous vous conseillons de privil\u00e9gier une fixation viss\u00e9e. Comme pour toute autre essence, nous vous d\u00e9conseillons l\u2019IP\u00c9 \u00e0 clipser. Nous vous avons r\u00e9dig\u00e9 l\u2019article qui vous explique&#8230;<\/p>\n","protected":false},"author":2,"featured_media":6566,"parent":616,"menu_order":3,"comment_status":"closed","ping_status":"closed","template":"","meta":{"_acf_changed":false,"footnotes":""},"acf":[],"yoast_head":"<!-- This site is optimized with the Yoast SEO plugin v22.4 - https:\/\/yoast.com\/wordpress\/plugins\/seo\/ -->\n<title>IP\u00c9 : Pr\u00e9sentation de cette essence de bois exotique<\/title>\n<meta name=\"description\" content=\"L&#039;IP\u00c9 est une essence de bois exotique r\u00e9f\u00e9rente pour votre projet de terrasse . Nous r\u00e9pondons \u00e0 toutes vos questions sur l&#039;IP\u00c9\" \/>\n<meta name=\"robots\" content=\"index, follow, max-snippet:-1, max-image-preview:large, max-video-preview:-1\" \/>\n<link rel=\"canonical\" href=\"https:\/\/www.nature-bois-concept.com\/magazine\/guide-bois\/essences\/bois-exotique\/ipe\/\" \/>\n<meta property=\"og:locale\" content=\"fr_FR\" \/>\n<meta property=\"og:type\" content=\"article\" \/>\n<meta property=\"og:title\" content=\"IP\u00c9 : Pr\u00e9sentation de cette essence de bois exotique\" \/>\n<meta property=\"og:description\" content=\"L&#039;IP\u00c9 est une essence de bois exotique r\u00e9f\u00e9rente pour votre projet de terrasse . Nous r\u00e9pondons \u00e0 toutes vos questions sur l&#039;IP\u00c9\" \/>\n<meta property=\"og:url\" content=\"https:\/\/www.nature-bois-concept.com\/magazine\/guide-bois\/essences\/bois-exotique\/ipe\/\" \/>\n<meta property=\"og:site_name\" content=\"Magazine Nature Bois Concept\" \/>\n<meta property=\"article:publisher\" content=\"https:\/\/www.facebook.com\/Nature-Bois-Concept-1596307970584169\/\" \/>\n<meta property=\"article:modified_time\" content=\"2026-05-07T15:43:21+00:00\" \/>\n<meta property=\"og:image\" content=\"https:\/\/www.nature-bois-concept.com\/magazine\/wp-content\/uploads\/2022\/06\/IMG_3244MAG.jpg\" \/>\n\t<meta property=\"og:image:width\" content=\"1900\" \/>\n\t<meta property=\"og:image:height\" content=\"400\" \/>\n\t<meta property=\"og:image:type\" content=\"image\/jpeg\" \/>\n<meta name=\"twitter:card\" content=\"summary_large_image\" \/>\n<meta name=\"twitter:site\" content=\"@nbc_bois\" \/>\n<meta name=\"twitter:label1\" content=\"Dur\u00e9e de lecture estim\u00e9e\" \/>\n\t<meta name=\"twitter:data1\" content=\"1 minute\" \/>\n<script type=\"application\/ld+json\" class=\"yoast-schema-graph\">{\"@context\":\"https:\/\/schema.org\",\"@graph\":[{\"@type\":\"WebPage\",\"@id\":\"https:\/\/www.nature-bois-concept.com\/magazine\/guide-bois\/essences\/bois-exotique\/ipe\/\",\"url\":\"https:\/\/www.nature-bois-concept.com\/magazine\/guide-bois\/essences\/bois-exotique\/ipe\/\",\"name\":\"IP\u00c9 : Pr\u00e9sentation de cette essence de bois exotique\",\"isPartOf\":{\"@id\":\"https:\/\/www.nature-bois-concept.com\/magazine\/#website\"},\"primaryImageOfPage\":{\"@id\":\"https:\/\/www.nature-bois-concept.com\/magazine\/guide-bois\/essences\/bois-exotique\/ipe\/#primaryimage\"},\"image\":{\"@id\":\"https:\/\/www.nature-bois-concept.com\/magazine\/guide-bois\/essences\/bois-exotique\/ipe\/#primaryimage\"},\"thumbnailUrl\":\"https:\/\/www.nature-bois-concept.com\/magazine\/wp-content\/uploads\/2022\/06\/IMG_3244MAG.jpg\",\"datePublished\":\"2026-03-29T08:58:10+00:00\",\"dateModified\":\"2026-05-07T15:43:21+00:00\",\"description\":\"L'IP\u00c9 est une essence de bois exotique r\u00e9f\u00e9rente pour votre projet de terrasse . Nous r\u00e9pondons \u00e0 toutes vos questions sur l'IP\u00c9\",\"breadcrumb\":{\"@id\":\"https:\/\/www.nature-bois-concept.com\/magazine\/guide-bois\/essences\/bois-exotique\/ipe\/#breadcrumb\"},\"inLanguage\":\"fr-FR\",\"potentialAction\":[{\"@type\":\"ReadAction\",\"target\":[\"https:\/\/www.nature-bois-concept.com\/magazine\/guide-bois\/essences\/bois-exotique\/ipe\/\"]}]},{\"@type\":\"ImageObject\",\"inLanguage\":\"fr-FR\",\"@id\":\"https:\/\/www.nature-bois-concept.com\/magazine\/guide-bois\/essences\/bois-exotique\/ipe\/#primaryimage\",\"url\":\"https:\/\/www.nature-bois-concept.com\/magazine\/wp-content\/uploads\/2022\/06\/IMG_3244MAG.jpg\",\"contentUrl\":\"https:\/\/www.nature-bois-concept.com\/magazine\/wp-content\/uploads\/2022\/06\/IMG_3244MAG.jpg\",\"width\":1900,\"height\":400,\"caption\":\"Terrasse en bois exotique Ip\u00e9\"},{\"@type\":\"BreadcrumbList\",\"@id\":\"https:\/\/www.nature-bois-concept.com\/magazine\/guide-bois\/essences\/bois-exotique\/ipe\/#breadcrumb\",\"itemListElement\":[{\"@type\":\"ListItem\",\"position\":1,\"name\":\"Magazine NBC\",\"item\":\"https:\/\/www.nature-bois-concept.com\/magazine\/\"},{\"@type\":\"ListItem\",\"position\":2,\"name\":\"Guide Bois\",\"item\":\"https:\/\/www.nature-bois-concept.com\/magazine\/guide-bois\/\"},{\"@type\":\"ListItem\",\"position\":3,\"name\":\"Guide Essences Bois\",\"item\":\"https:\/\/www.nature-bois-concept.com\/magazine\/guide-bois\/essences\/\"},{\"@type\":\"ListItem\",\"position\":4,\"name\":\"Guide Essence Bois Exotique\",\"item\":\"https:\/\/www.nature-bois-concept.com\/magazine\/guide-bois\/essences\/bois-exotique\/\"},{\"@type\":\"ListItem\",\"position\":5,\"name\":\"IP\u00c9, l&rsquo;un des bois exotiques les plus stables !\"}]},{\"@type\":\"WebSite\",\"@id\":\"https:\/\/www.nature-bois-concept.com\/magazine\/#website\",\"url\":\"https:\/\/www.nature-bois-concept.com\/magazine\/\",\"name\":\"Magazine Nature Bois Concept\",\"description\":\"En association avec Nature Bois Concept\",\"potentialAction\":[{\"@type\":\"SearchAction\",\"target\":{\"@type\":\"EntryPoint\",\"urlTemplate\":\"https:\/\/www.nature-bois-concept.com\/magazine\/?s={search_term_string}\"},\"query-input\":\"required name=search_term_string\"}],\"inLanguage\":\"fr-FR\"}]}<\/script>\n<!-- \/ Yoast SEO plugin. -->","yoast_head_json":{"title":"IP\u00c9 : Pr\u00e9sentation de cette essence de bois exotique","description":"L'IP\u00c9 est une essence de bois exotique r\u00e9f\u00e9rente pour votre projet de terrasse . Nous r\u00e9pondons \u00e0 toutes vos questions sur l'IP\u00c9","robots":{"index":"index","follow":"follow","max-snippet":"max-snippet:-1","max-image-preview":"max-image-preview:large","max-video-preview":"max-video-preview:-1"},"canonical":"https:\/\/www.nature-bois-concept.com\/magazine\/guide-bois\/essences\/bois-exotique\/ipe\/","og_locale":"fr_FR","og_type":"article","og_title":"IP\u00c9 : Pr\u00e9sentation de cette essence de bois exotique","og_description":"L'IP\u00c9 est une essence de bois exotique r\u00e9f\u00e9rente pour votre projet de terrasse . Nous r\u00e9pondons \u00e0 toutes vos questions sur l'IP\u00c9","og_url":"https:\/\/www.nature-bois-concept.com\/magazine\/guide-bois\/essences\/bois-exotique\/ipe\/","og_site_name":"Magazine Nature Bois Concept","article_publisher":"https:\/\/www.facebook.com\/Nature-Bois-Concept-1596307970584169\/","article_modified_time":"2026-05-07T15:43:21+00:00","og_image":[{"width":1900,"height":400,"url":"https:\/\/www.nature-bois-concept.com\/magazine\/wp-content\/uploads\/2022\/06\/IMG_3244MAG.jpg","type":"image\/jpeg"}],"twitter_card":"summary_large_image","twitter_site":"@nbc_bois","twitter_misc":{"Dur\u00e9e de lecture estim\u00e9e":"1 minute"},"schema":{"@context":"https:\/\/schema.org","@graph":[{"@type":"WebPage","@id":"https:\/\/www.nature-bois-concept.com\/magazine\/guide-bois\/essences\/bois-exotique\/ipe\/","url":"https:\/\/www.nature-bois-concept.com\/magazine\/guide-bois\/essences\/bois-exotique\/ipe\/","name":"IP\u00c9 : Pr\u00e9sentation de cette essence de bois exotique","isPartOf":{"@id":"https:\/\/www.nature-bois-concept.com\/magazine\/#website"},"primaryImageOfPage":{"@id":"https:\/\/www.nature-bois-concept.com\/magazine\/guide-bois\/essences\/bois-exotique\/ipe\/#primaryimage"},"image":{"@id":"https:\/\/www.nature-bois-concept.com\/magazine\/guide-bois\/essences\/bois-exotique\/ipe\/#primaryimage"},"thumbnailUrl":"https:\/\/www.nature-bois-concept.com\/magazine\/wp-content\/uploads\/2022\/06\/IMG_3244MAG.jpg","datePublished":"2026-03-29T08:58:10+00:00","dateModified":"2026-05-07T15:43:21+00:00","description":"L'IP\u00c9 est une essence de bois exotique r\u00e9f\u00e9rente pour votre projet de terrasse . Nous r\u00e9pondons \u00e0 toutes vos questions sur l'IP\u00c9","breadcrumb":{"@id":"https:\/\/www.nature-bois-concept.com\/magazine\/guide-bois\/essences\/bois-exotique\/ipe\/#breadcrumb"},"inLanguage":"fr-FR","potentialAction":[{"@type":"ReadAction","target":["https:\/\/www.nature-bois-concept.com\/magazine\/guide-bois\/essences\/bois-exotique\/ipe\/"]}]},{"@type":"ImageObject","inLanguage":"fr-FR","@id":"https:\/\/www.nature-bois-concept.com\/magazine\/guide-bois\/essences\/bois-exotique\/ipe\/#primaryimage","url":"https:\/\/www.nature-bois-concept.com\/magazine\/wp-content\/uploads\/2022\/06\/IMG_3244MAG.jpg","contentUrl":"https:\/\/www.nature-bois-concept.com\/magazine\/wp-content\/uploads\/2022\/06\/IMG_3244MAG.jpg","width":1900,"height":400,"caption":"Terrasse en bois exotique Ip\u00e9"},{"@type":"BreadcrumbList","@id":"https:\/\/www.nature-bois-concept.com\/magazine\/guide-bois\/essences\/bois-exotique\/ipe\/#breadcrumb","itemListElement":[{"@type":"ListItem","position":1,"name":"Magazine NBC","item":"https:\/\/www.nature-bois-concept.com\/magazine\/"},{"@type":"ListItem","position":2,"name":"Guide Bois","item":"https:\/\/www.nature-bois-concept.com\/magazine\/guide-bois\/"},{"@type":"ListItem","position":3,"name":"Guide Essences Bois","item":"https:\/\/www.nature-bois-concept.com\/magazine\/guide-bois\/essences\/"},{"@type":"ListItem","position":4,"name":"Guide Essence Bois Exotique","item":"https:\/\/www.nature-bois-concept.com\/magazine\/guide-bois\/essences\/bois-exotique\/"},{"@type":"ListItem","position":5,"name":"IP\u00c9, l&rsquo;un des bois exotiques les plus stables !"}]},{"@type":"WebSite","@id":"https:\/\/www.nature-bois-concept.com\/magazine\/#website","url":"https:\/\/www.nature-bois-concept.com\/magazine\/","name":"Magazine Nature Bois Concept","description":"En association avec Nature Bois Concept","potentialAction":[{"@type":"SearchAction","target":{"@type":"EntryPoint","urlTemplate":"https:\/\/www.nature-bois-concept.com\/magazine\/?s={search_term_string}"},"query-input":"required name=search_term_string"}],"inLanguage":"fr-FR"}]}},"_links":{"self":[{"href":"https:\/\/www.nature-bois-concept.com\/magazine\/wp-json\/wp\/v2\/pages\/721"}],"collection":[{"href":"https:\/\/www.nature-bois-concept.com\/magazine\/wp-json\/wp\/v2\/pages"}],"about":[{"href":"https:\/\/www.nature-bois-concept.com\/magazine\/wp-json\/wp\/v2\/types\/page"}],"author":[{"embeddable":true,"href":"https:\/\/www.nature-bois-concept.com\/magazine\/wp-json\/wp\/v2\/users\/2"}],"replies":[{"embeddable":true,"href":"https:\/\/www.nature-bois-concept.com\/magazine\/wp-json\/wp\/v2\/comments?post=721"}],"version-history":[{"count":90,"href":"https:\/\/www.nature-bois-concept.com\/magazine\/wp-json\/wp\/v2\/pages\/721\/revisions"}],"predecessor-version":[{"id":8176,"href":"https:\/\/www.nature-bois-concept.com\/magazine\/wp-json\/wp\/v2\/pages\/721\/revisions\/8176"}],"up":[{"embeddable":true,"href":"https:\/\/www.nature-bois-concept.com\/magazine\/wp-json\/wp\/v2\/pages\/616"}],"wp:featuredmedia":[{"embeddable":true,"href":"https:\/\/www.nature-bois-concept.com\/magazine\/wp-json\/wp\/v2\/media\/6566"}],"wp:attachment":[{"href":"https:\/\/www.nature-bois-concept.com\/magazine\/wp-json\/wp\/v2\/media?parent=721"}],"curies":[{"name":"wp","href":"https:\/\/api.w.org\/{rel}","templated":true}]}}