{"id":719,"date":"2016-06-29T11:01:01","date_gmt":"2016-06-29T09:01:01","guid":{"rendered":"https:\/\/www.nature-bois-concept.com\/magazine\/?page_id=719"},"modified":"2025-10-29T16:42:43","modified_gmt":"2025-10-29T15:42:43","slug":"massaranduba","status":"publish","type":"page","link":"https:\/\/www.nature-bois-concept.com\/magazine\/guide-bois\/essences\/bois-exotique\/massaranduba\/","title":{"rendered":"Massaranduba, l&rsquo;une des essences de bois exotique la plus dense au monde !"},"content":{"rendered":"<p>Le bois exotique <a href=\"https:\/\/www.nature-bois-concept.com\/magazine\/guide-bois\/essences\/bois-exotique\/massaranduba\/\"><strong>Massaranduba<\/strong><\/a> est un bois de classe 5, tr\u00e8s stable et durable. Il peut \u00eatre immerg\u00e9 en permanence dans l\u2019eau sal\u00e9e. Il est donc recommand\u00e9 pour une utilisation en ext\u00e9rieur comme pour la r\u00e9alisation d\u2019une terrasse bois. Cette essence a l\u2019avantage par sa couleur brun ros\u00e9 d\u2019apporter chaleur et exotisme \u00e0 un am\u00e9nagement ext\u00e9rieur bois. Alors si son nom compliqu\u00e9 \u00e0 prononcer ne vous effraie pas et qu\u2019il vous a s\u00e9duit par sa couleur, d\u00e9couvrez-le plus en d\u00e9tail dans cet article qui lui est d\u00e9di\u00e9.<\/p>\n","protected":false},"excerpt":{"rendered":"<p>Le bois exotique Massaranduba est un bois de classe 5, tr\u00e8s stable et durable. Il peut \u00eatre immerg\u00e9 en permanence dans l\u2019eau sal\u00e9e. Il est donc recommand\u00e9 pour une utilisation en ext\u00e9rieur comme pour la r\u00e9alisation d\u2019une terrasse bois. Cette essence a l\u2019avantage par sa couleur brun ros\u00e9 d\u2019apporter chaleur et exotisme \u00e0 un am\u00e9nagement ext\u00e9rieur bois. Alors si son nom compliqu\u00e9 \u00e0 prononcer ne vous effraie pas et qu\u2019il&#8230;<\/p>\n","protected":false},"author":2,"featured_media":1588,"parent":616,"menu_order":1,"comment_status":"closed","ping_status":"closed","template":"","meta":{"_acf_changed":false,"footnotes":""},"acf":[],"yoast_head":"<!-- This site is optimized with the Yoast SEO plugin v22.4 - https:\/\/yoast.com\/wordpress\/plugins\/seo\/ -->\n<title>Massaranduba : Pr\u00e9sentation de cette essence de bois Exotique<\/title>\n<meta name=\"description\" content=\"Le Massaranduba est une essence de bois exotique. Tout ce qu&#039;il y a \u00e0 savoir : caract\u00e9ristiques, utilisation, entretien...\" \/>\n<meta name=\"robots\" content=\"index, follow, max-snippet:-1, max-image-preview:large, max-video-preview:-1\" \/>\n<link rel=\"canonical\" href=\"https:\/\/www.nature-bois-concept.com\/magazine\/guide-bois\/essences\/bois-exotique\/massaranduba\/\" \/>\n<meta property=\"og:locale\" content=\"fr_FR\" \/>\n<meta property=\"og:type\" content=\"article\" \/>\n<meta property=\"og:title\" content=\"Massaranduba : Pr\u00e9sentation de cette essence de bois Exotique\" \/>\n<meta property=\"og:description\" content=\"Le Massaranduba est une essence de bois exotique. Tout ce qu&#039;il y a \u00e0 savoir : caract\u00e9ristiques, utilisation, entretien...\" \/>\n<meta property=\"og:url\" content=\"https:\/\/www.nature-bois-concept.com\/magazine\/guide-bois\/essences\/bois-exotique\/massaranduba\/\" \/>\n<meta property=\"og:site_name\" content=\"Magazine Nature Bois Concept\" \/>\n<meta property=\"article:publisher\" content=\"https:\/\/www.facebook.com\/Nature-Bois-Concept-1596307970584169\/\" \/>\n<meta property=\"article:modified_time\" content=\"2025-10-29T15:42:43+00:00\" \/>\n<meta property=\"og:image\" content=\"https:\/\/www.nature-bois-concept.com\/magazine\/wp-content\/uploads\/2016\/06\/image-article-1-1.jpg\" \/>\n\t<meta property=\"og:image:width\" content=\"1620\" \/>\n\t<meta property=\"og:image:height\" content=\"668\" \/>\n\t<meta property=\"og:image:type\" content=\"image\/jpeg\" \/>\n<meta name=\"twitter:card\" content=\"summary_large_image\" \/>\n<meta name=\"twitter:site\" content=\"@nbc_bois\" \/>\n<meta name=\"twitter:label1\" content=\"Dur\u00e9e de lecture estim\u00e9e\" \/>\n\t<meta name=\"twitter:data1\" content=\"1 minute\" \/>\n<script type=\"application\/ld+json\" class=\"yoast-schema-graph\">{\"@context\":\"https:\/\/schema.org\",\"@graph\":[{\"@type\":\"WebPage\",\"@id\":\"https:\/\/www.nature-bois-concept.com\/magazine\/guide-bois\/essences\/bois-exotique\/massaranduba\/\",\"url\":\"https:\/\/www.nature-bois-concept.com\/magazine\/guide-bois\/essences\/bois-exotique\/massaranduba\/\",\"name\":\"Massaranduba : Pr\u00e9sentation de cette essence de bois Exotique\",\"isPartOf\":{\"@id\":\"https:\/\/www.nature-bois-concept.com\/magazine\/#website\"},\"primaryImageOfPage\":{\"@id\":\"https:\/\/www.nature-bois-concept.com\/magazine\/guide-bois\/essences\/bois-exotique\/massaranduba\/#primaryimage\"},\"image\":{\"@id\":\"https:\/\/www.nature-bois-concept.com\/magazine\/guide-bois\/essences\/bois-exotique\/massaranduba\/#primaryimage\"},\"thumbnailUrl\":\"https:\/\/www.nature-bois-concept.com\/magazine\/wp-content\/uploads\/2016\/06\/image-article-1-1.jpg\",\"datePublished\":\"2016-06-29T09:01:01+00:00\",\"dateModified\":\"2025-10-29T15:42:43+00:00\",\"description\":\"Le Massaranduba est une essence de bois exotique. Tout ce qu'il y a \u00e0 savoir : caract\u00e9ristiques, utilisation, entretien...\",\"breadcrumb\":{\"@id\":\"https:\/\/www.nature-bois-concept.com\/magazine\/guide-bois\/essences\/bois-exotique\/massaranduba\/#breadcrumb\"},\"inLanguage\":\"fr-FR\",\"potentialAction\":[{\"@type\":\"ReadAction\",\"target\":[\"https:\/\/www.nature-bois-concept.com\/magazine\/guide-bois\/essences\/bois-exotique\/massaranduba\/\"]}]},{\"@type\":\"ImageObject\",\"inLanguage\":\"fr-FR\",\"@id\":\"https:\/\/www.nature-bois-concept.com\/magazine\/guide-bois\/essences\/bois-exotique\/massaranduba\/#primaryimage\",\"url\":\"https:\/\/www.nature-bois-concept.com\/magazine\/wp-content\/uploads\/2016\/06\/image-article-1-1.jpg\",\"contentUrl\":\"https:\/\/www.nature-bois-concept.com\/magazine\/wp-content\/uploads\/2016\/06\/image-article-1-1.jpg\",\"width\":1620,\"height\":668,\"caption\":\"terrasse d'exception en bois\"},{\"@type\":\"BreadcrumbList\",\"@id\":\"https:\/\/www.nature-bois-concept.com\/magazine\/guide-bois\/essences\/bois-exotique\/massaranduba\/#breadcrumb\",\"itemListElement\":[{\"@type\":\"ListItem\",\"position\":1,\"name\":\"Magazine NBC\",\"item\":\"https:\/\/www.nature-bois-concept.com\/magazine\/\"},{\"@type\":\"ListItem\",\"position\":2,\"name\":\"Guide Bois\",\"item\":\"https:\/\/www.nature-bois-concept.com\/magazine\/guide-bois\/\"},{\"@type\":\"ListItem\",\"position\":3,\"name\":\"Guide Essences Bois\",\"item\":\"https:\/\/www.nature-bois-concept.com\/magazine\/guide-bois\/essences\/\"},{\"@type\":\"ListItem\",\"position\":4,\"name\":\"Guide Essence Bois Exotique\",\"item\":\"https:\/\/www.nature-bois-concept.com\/magazine\/guide-bois\/essences\/bois-exotique\/\"},{\"@type\":\"ListItem\",\"position\":5,\"name\":\"Massaranduba, l&rsquo;une des essences de bois exotique la plus dense au monde !\"}]},{\"@type\":\"WebSite\",\"@id\":\"https:\/\/www.nature-bois-concept.com\/magazine\/#website\",\"url\":\"https:\/\/www.nature-bois-concept.com\/magazine\/\",\"name\":\"Magazine Nature Bois Concept\",\"description\":\"En association avec Nature Bois Concept\",\"potentialAction\":[{\"@type\":\"SearchAction\",\"target\":{\"@type\":\"EntryPoint\",\"urlTemplate\":\"https:\/\/www.nature-bois-concept.com\/magazine\/?s={search_term_string}\"},\"query-input\":\"required name=search_term_string\"}],\"inLanguage\":\"fr-FR\"}]}<\/script>\n<!-- \/ Yoast SEO plugin. -->","yoast_head_json":{"title":"Massaranduba : Pr\u00e9sentation de cette essence de bois Exotique","description":"Le Massaranduba est une essence de bois exotique. Tout ce qu'il y a \u00e0 savoir : caract\u00e9ristiques, utilisation, entretien...","robots":{"index":"index","follow":"follow","max-snippet":"max-snippet:-1","max-image-preview":"max-image-preview:large","max-video-preview":"max-video-preview:-1"},"canonical":"https:\/\/www.nature-bois-concept.com\/magazine\/guide-bois\/essences\/bois-exotique\/massaranduba\/","og_locale":"fr_FR","og_type":"article","og_title":"Massaranduba : Pr\u00e9sentation de cette essence de bois Exotique","og_description":"Le Massaranduba est une essence de bois exotique. Tout ce qu'il y a \u00e0 savoir : caract\u00e9ristiques, utilisation, entretien...","og_url":"https:\/\/www.nature-bois-concept.com\/magazine\/guide-bois\/essences\/bois-exotique\/massaranduba\/","og_site_name":"Magazine Nature Bois Concept","article_publisher":"https:\/\/www.facebook.com\/Nature-Bois-Concept-1596307970584169\/","article_modified_time":"2025-10-29T15:42:43+00:00","og_image":[{"width":1620,"height":668,"url":"https:\/\/www.nature-bois-concept.com\/magazine\/wp-content\/uploads\/2016\/06\/image-article-1-1.jpg","type":"image\/jpeg"}],"twitter_card":"summary_large_image","twitter_site":"@nbc_bois","twitter_misc":{"Dur\u00e9e de lecture estim\u00e9e":"1 minute"},"schema":{"@context":"https:\/\/schema.org","@graph":[{"@type":"WebPage","@id":"https:\/\/www.nature-bois-concept.com\/magazine\/guide-bois\/essences\/bois-exotique\/massaranduba\/","url":"https:\/\/www.nature-bois-concept.com\/magazine\/guide-bois\/essences\/bois-exotique\/massaranduba\/","name":"Massaranduba : Pr\u00e9sentation de cette essence de bois Exotique","isPartOf":{"@id":"https:\/\/www.nature-bois-concept.com\/magazine\/#website"},"primaryImageOfPage":{"@id":"https:\/\/www.nature-bois-concept.com\/magazine\/guide-bois\/essences\/bois-exotique\/massaranduba\/#primaryimage"},"image":{"@id":"https:\/\/www.nature-bois-concept.com\/magazine\/guide-bois\/essences\/bois-exotique\/massaranduba\/#primaryimage"},"thumbnailUrl":"https:\/\/www.nature-bois-concept.com\/magazine\/wp-content\/uploads\/2016\/06\/image-article-1-1.jpg","datePublished":"2016-06-29T09:01:01+00:00","dateModified":"2025-10-29T15:42:43+00:00","description":"Le Massaranduba est une essence de bois exotique. Tout ce qu'il y a \u00e0 savoir : caract\u00e9ristiques, utilisation, entretien...","breadcrumb":{"@id":"https:\/\/www.nature-bois-concept.com\/magazine\/guide-bois\/essences\/bois-exotique\/massaranduba\/#breadcrumb"},"inLanguage":"fr-FR","potentialAction":[{"@type":"ReadAction","target":["https:\/\/www.nature-bois-concept.com\/magazine\/guide-bois\/essences\/bois-exotique\/massaranduba\/"]}]},{"@type":"ImageObject","inLanguage":"fr-FR","@id":"https:\/\/www.nature-bois-concept.com\/magazine\/guide-bois\/essences\/bois-exotique\/massaranduba\/#primaryimage","url":"https:\/\/www.nature-bois-concept.com\/magazine\/wp-content\/uploads\/2016\/06\/image-article-1-1.jpg","contentUrl":"https:\/\/www.nature-bois-concept.com\/magazine\/wp-content\/uploads\/2016\/06\/image-article-1-1.jpg","width":1620,"height":668,"caption":"terrasse d'exception en bois"},{"@type":"BreadcrumbList","@id":"https:\/\/www.nature-bois-concept.com\/magazine\/guide-bois\/essences\/bois-exotique\/massaranduba\/#breadcrumb","itemListElement":[{"@type":"ListItem","position":1,"name":"Magazine NBC","item":"https:\/\/www.nature-bois-concept.com\/magazine\/"},{"@type":"ListItem","position":2,"name":"Guide Bois","item":"https:\/\/www.nature-bois-concept.com\/magazine\/guide-bois\/"},{"@type":"ListItem","position":3,"name":"Guide Essences Bois","item":"https:\/\/www.nature-bois-concept.com\/magazine\/guide-bois\/essences\/"},{"@type":"ListItem","position":4,"name":"Guide Essence Bois Exotique","item":"https:\/\/www.nature-bois-concept.com\/magazine\/guide-bois\/essences\/bois-exotique\/"},{"@type":"ListItem","position":5,"name":"Massaranduba, l&rsquo;une des essences de bois exotique la plus dense au monde !"}]},{"@type":"WebSite","@id":"https:\/\/www.nature-bois-concept.com\/magazine\/#website","url":"https:\/\/www.nature-bois-concept.com\/magazine\/","name":"Magazine Nature Bois Concept","description":"En association avec Nature Bois Concept","potentialAction":[{"@type":"SearchAction","target":{"@type":"EntryPoint","urlTemplate":"https:\/\/www.nature-bois-concept.com\/magazine\/?s={search_term_string}"},"query-input":"required name=search_term_string"}],"inLanguage":"fr-FR"}]}},"_links":{"self":[{"href":"https:\/\/www.nature-bois-concept.com\/magazine\/wp-json\/wp\/v2\/pages\/719"}],"collection":[{"href":"https:\/\/www.nature-bois-concept.com\/magazine\/wp-json\/wp\/v2\/pages"}],"about":[{"href":"https:\/\/www.nature-bois-concept.com\/magazine\/wp-json\/wp\/v2\/types\/page"}],"author":[{"embeddable":true,"href":"https:\/\/www.nature-bois-concept.com\/magazine\/wp-json\/wp\/v2\/users\/2"}],"replies":[{"embeddable":true,"href":"https:\/\/www.nature-bois-concept.com\/magazine\/wp-json\/wp\/v2\/comments?post=719"}],"version-history":[{"count":49,"href":"https:\/\/www.nature-bois-concept.com\/magazine\/wp-json\/wp\/v2\/pages\/719\/revisions"}],"predecessor-version":[{"id":8026,"href":"https:\/\/www.nature-bois-concept.com\/magazine\/wp-json\/wp\/v2\/pages\/719\/revisions\/8026"}],"up":[{"embeddable":true,"href":"https:\/\/www.nature-bois-concept.com\/magazine\/wp-json\/wp\/v2\/pages\/616"}],"wp:featuredmedia":[{"embeddable":true,"href":"https:\/\/www.nature-bois-concept.com\/magazine\/wp-json\/wp\/v2\/media\/1588"}],"wp:attachment":[{"href":"https:\/\/www.nature-bois-concept.com\/magazine\/wp-json\/wp\/v2\/media?parent=719"}],"curies":[{"name":"wp","href":"https:\/\/api.w.org\/{rel}","templated":true}]}}