{"id":718,"date":"2016-06-29T15:15:42","date_gmt":"2016-06-29T13:15:42","guid":{"rendered":"https:\/\/www.nature-bois-concept.com\/magazine\/?page_id=718"},"modified":"2025-10-08T10:19:52","modified_gmt":"2025-10-08T08:19:52","slug":"bois-thermo-chauffe","status":"publish","type":"page","link":"https:\/\/www.nature-bois-concept.com\/magazine\/guide-bois\/traitement\/bois-thermo-chauffe\/","title":{"rendered":"Bois thermo chauff\u00e9, un bois qui ne manque pas de chaleur !"},"content":{"rendered":"<p style=\"text-align: justify;\">Certaines essences de bois ne sont absolument pas faites pour une utilisation en ext\u00e9rieur \u00e0 l\u2019\u00e9tat brut. C\u2019est le cas du fr\u00eane ou du peuplier, mais une fois <a href=\"https:\/\/www.nature-bois-concept.com\/magazine\/guide-bois\/traitement\/\"><strong>le traitement du bois<\/strong><\/a> effectu\u00e9\u00a0par le proc\u00e9d\u00e9 de thermo chauffage, toutes les utilisations deviennent possibles.<\/p>\n<h2>Le traitement par thermo chauffage, qu\u2019est-ce que c\u2019est\u00a0?<\/h2>\n<p style=\"text-align: justify;\">Le bois trait\u00e9 thermiquement est un bois qui a \u00e9t\u00e9 chauff\u00e9 \u00e0 haute temp\u00e9rature, afin de le rendre imputrescible. C\u2019est pour am\u00e9liorer ses caract\u00e9ristiques que les fabricants ont recours \u00e0 ce proc\u00e9d\u00e9. Le proc\u00e9d\u00e9, sans ajout de produit chimique, provoque une modification physico chimique d\u00e9finitive des composants du bois. Un changement de teinte se produit, ainsi qu\u2019une augmentation de sa stabilit\u00e9 dimensionnelle, une plus grande r\u00e9sistance aux champignons et aux insectes xylophages. Le bois est trait\u00e9 \u00e0 c\u0153ur.<\/p>\n<div id=\"attachment_1124\" style=\"width: 610px\" class=\"wp-caption aligncenter\"><img loading=\"lazy\" decoding=\"async\" aria-describedby=\"caption-attachment-1124\" class=\"size-full wp-image-1124\" src=\"https:\/\/res.cloudinary.com\/nature-bois-concept\/image\/upload\/fl_any_format,q_auto,c_scale,c_limit,w_1200,f_auto\/www.nature-bois-concept.com\/magazine\/wp-content\/uploads\/2016\/06\/vue-depui-terrasse-frene-tht.jpg\" alt=\"terrasse bois trait\u00e9 par thermo chauffage\" width=\"600\" height=\"248\" srcset=\"https:\/\/www.nature-bois-concept.com\/magazine\/wp-content\/uploads\/2016\/06\/vue-depui-terrasse-frene-tht.jpg 600w, https:\/\/www.nature-bois-concept.com\/magazine\/wp-content\/uploads\/2016\/06\/vue-depui-terrasse-frene-tht-300x124.jpg 300w\" sizes=\"(max-width: 600px) 100vw, 600px\" \/><p id=\"caption-attachment-1124\" class=\"wp-caption-text\">Magnifique paysage depuis cette terrasse en bois Fr\u00eane thermo chauff\u00e9<\/p><\/div>\n<h2>\u00a0Les avantages d\u2019un bois thermo chauff\u00e9<\/h2>\n<p style=\"text-align: justify;\">Tout d\u2019abord, un bois thermo chauff\u00e9, c\u2019est un bois \u00e9cologique. Il n\u2019y a pas d\u2019ajout de traitement chimique pendant le proc\u00e9d\u00e9 et les chutes peuvent \u00eatre incin\u00e9r\u00e9es sans risque pour l\u2019environnement et la sant\u00e9. Le bois trait\u00e9 n\u2019a pas une utilisation en ext\u00e9rieur possible au naturel. C\u2019est le cas du fr\u00eane et du peuplier par exemple. Mais une fois qu\u2019ils ont subi le proc\u00e9d\u00e9 de thermo chauffage, ils deviennent d\u2019excellent produit d\u2019ext\u00e9rieur classe 3-4.<\/p>\n<p style=\"text-align: justify;\">Du coup, on peut valoriser des essences r\u00e9gionales, habituellement instables et peu durables. Ainsi, elles se substituent \u00e0 des essences exotiques et permettent de favoriser la gestion durable des for\u00eats tropicales et des ressources en bois exotique. Il peut \u00eatre recycl\u00e9 en fin de vie car non polluant et enfin l\u2019impact carbone du traitement est \u00e9gal, voire moins importante, que l\u2019importation d\u2019un bois exotique.<\/p>\n<div id=\"attachment_1125\" style=\"width: 610px\" class=\"wp-caption aligncenter\"><img loading=\"lazy\" decoding=\"async\" aria-describedby=\"caption-attachment-1125\" class=\"size-full wp-image-1125\" src=\"https:\/\/res.cloudinary.com\/nature-bois-concept\/image\/upload\/fl_any_format,q_auto,c_scale,c_limit,w_1200,f_auto\/www.nature-bois-concept.com\/magazine\/wp-content\/uploads\/2016\/06\/lame-frene-tht.jpg\" alt=\"lame terasse frene tht\" width=\"600\" height=\"248\" srcset=\"https:\/\/www.nature-bois-concept.com\/magazine\/wp-content\/uploads\/2016\/06\/lame-frene-tht.jpg 600w, https:\/\/www.nature-bois-concept.com\/magazine\/wp-content\/uploads\/2016\/06\/lame-frene-tht-300x124.jpg 300w\" sizes=\"(max-width: 600px) 100vw, 600px\" \/><p id=\"caption-attachment-1125\" class=\"wp-caption-text\">Photo d&rsquo;une lame de terrasse fr\u00eane thermo chauff\u00e9<\/p><\/div>\n<h2>Le fr\u00eane thermo chauff\u00e9 ThermoWood\u00ae<\/h2>\n<p style=\"text-align: justify;\">Chez Nature Bois Concept, nous vous proposons du fr\u00eane thermo chauff\u00e9 ThermoWood\u00ae. Le proc\u00e9d\u00e9 de traitement ThermoWood\u00ae a \u00e9t\u00e9 \u00e9labor\u00e9 par la soci\u00e9t\u00e9 VTT, en coop\u00e9ration avec l\u2019industrie finlandaise de transformation du bois. Il fait l\u2019objet d\u2019une licence accord\u00e9e aux membres de l\u2019association Finlandaise ThermoWood\u00ae.<\/p>\n<p style=\"text-align: justify;\">Gr\u00e2ce \u00e0 ce traitement, la plupart des d\u00e9fauts du bois sont \u00e9limin\u00e9s ou minimis\u00e9s. Ce bois, vous apportera la finition d\u2019un parquet pour votre terrasse.<\/p>\n<p style=\"text-align: justify;\">Retrouvez le fr\u00eane thermo chauff\u00e9 ThermoWood\u00ae sur notre site Nature Bois Concept.<\/p>\n","protected":false},"excerpt":{"rendered":"<p>Certaines essences de bois ne sont absolument pas faites pour une utilisation en ext\u00e9rieur \u00e0 l\u2019\u00e9tat brut. C\u2019est le cas du fr\u00eane ou du peuplier, mais une fois le traitement du bois effectu\u00e9\u00a0par le proc\u00e9d\u00e9 de thermo chauffage, toutes les utilisations deviennent possibles. Le traitement par thermo chauffage, qu\u2019est-ce que c\u2019est\u00a0? Le bois trait\u00e9 thermiquement est un bois qui a \u00e9t\u00e9 chauff\u00e9 \u00e0 haute temp\u00e9rature, afin de le rendre imputrescible&#8230;.<\/p>\n","protected":false},"author":2,"featured_media":1126,"parent":615,"menu_order":2,"comment_status":"closed","ping_status":"closed","template":"","meta":{"_acf_changed":false,"footnotes":""},"acf":[],"yoast_head":"<!-- This site is optimized with the Yoast SEO plugin v22.4 - https:\/\/yoast.com\/wordpress\/plugins\/seo\/ -->\n<title>Bois thermo chauff\u00e9, un bois qui ne manque pas de chaleur !<\/title>\n<meta name=\"description\" content=\"Une envie de chaleur pour vos ext\u00e9rieurs? Alors tournez-vous vers un produit atypique le fr\u00eane thermo chauff\u00e9, un bois qui ne manque pas de chaleur !\" \/>\n<meta name=\"robots\" content=\"index, follow, max-snippet:-1, max-image-preview:large, max-video-preview:-1\" \/>\n<link rel=\"canonical\" href=\"https:\/\/www.nature-bois-concept.com\/magazine\/guide-bois\/traitement\/bois-thermo-chauffe\/\" \/>\n<meta property=\"og:locale\" content=\"fr_FR\" \/>\n<meta property=\"og:type\" content=\"article\" \/>\n<meta property=\"og:title\" content=\"Bois thermo chauff\u00e9, un bois qui ne manque pas de chaleur !\" \/>\n<meta property=\"og:description\" content=\"Une envie de chaleur pour vos ext\u00e9rieurs? Alors tournez-vous vers un produit atypique le fr\u00eane thermo chauff\u00e9, un bois qui ne manque pas de chaleur !\" \/>\n<meta property=\"og:url\" content=\"https:\/\/www.nature-bois-concept.com\/magazine\/guide-bois\/traitement\/bois-thermo-chauffe\/\" \/>\n<meta property=\"og:site_name\" content=\"Magazine Nature Bois Concept\" \/>\n<meta property=\"article:publisher\" content=\"https:\/\/www.facebook.com\/Nature-Bois-Concept-1596307970584169\/\" \/>\n<meta property=\"article:modified_time\" content=\"2025-10-08T08:19:52+00:00\" \/>\n<meta property=\"og:image\" content=\"https:\/\/www.nature-bois-concept.com\/magazine\/wp-content\/uploads\/2016\/06\/image-a-la-une-7.jpg\" \/>\n\t<meta property=\"og:image:width\" content=\"810\" \/>\n\t<meta property=\"og:image:height\" content=\"334\" \/>\n\t<meta property=\"og:image:type\" content=\"image\/jpeg\" \/>\n<meta name=\"twitter:card\" content=\"summary_large_image\" \/>\n<meta name=\"twitter:site\" content=\"@nbc_bois\" \/>\n<meta name=\"twitter:label1\" content=\"Dur\u00e9e de lecture estim\u00e9e\" \/>\n\t<meta name=\"twitter:data1\" content=\"3 minutes\" \/>\n<script type=\"application\/ld+json\" class=\"yoast-schema-graph\">{\"@context\":\"https:\/\/schema.org\",\"@graph\":[{\"@type\":\"WebPage\",\"@id\":\"https:\/\/www.nature-bois-concept.com\/magazine\/guide-bois\/traitement\/bois-thermo-chauffe\/\",\"url\":\"https:\/\/www.nature-bois-concept.com\/magazine\/guide-bois\/traitement\/bois-thermo-chauffe\/\",\"name\":\"Bois thermo chauff\u00e9, un bois qui ne manque pas de chaleur !\",\"isPartOf\":{\"@id\":\"https:\/\/www.nature-bois-concept.com\/magazine\/#website\"},\"primaryImageOfPage\":{\"@id\":\"https:\/\/www.nature-bois-concept.com\/magazine\/guide-bois\/traitement\/bois-thermo-chauffe\/#primaryimage\"},\"image\":{\"@id\":\"https:\/\/www.nature-bois-concept.com\/magazine\/guide-bois\/traitement\/bois-thermo-chauffe\/#primaryimage\"},\"thumbnailUrl\":\"https:\/\/www.nature-bois-concept.com\/magazine\/wp-content\/uploads\/2016\/06\/image-a-la-une-7.jpg\",\"datePublished\":\"2016-06-29T13:15:42+00:00\",\"dateModified\":\"2025-10-08T08:19:52+00:00\",\"description\":\"Une envie de chaleur pour vos ext\u00e9rieurs? Alors tournez-vous vers un produit atypique le fr\u00eane thermo chauff\u00e9, un bois qui ne manque pas de chaleur !\",\"breadcrumb\":{\"@id\":\"https:\/\/www.nature-bois-concept.com\/magazine\/guide-bois\/traitement\/bois-thermo-chauffe\/#breadcrumb\"},\"inLanguage\":\"fr-FR\",\"potentialAction\":[{\"@type\":\"ReadAction\",\"target\":[\"https:\/\/www.nature-bois-concept.com\/magazine\/guide-bois\/traitement\/bois-thermo-chauffe\/\"]}]},{\"@type\":\"ImageObject\",\"inLanguage\":\"fr-FR\",\"@id\":\"https:\/\/www.nature-bois-concept.com\/magazine\/guide-bois\/traitement\/bois-thermo-chauffe\/#primaryimage\",\"url\":\"https:\/\/www.nature-bois-concept.com\/magazine\/wp-content\/uploads\/2016\/06\/image-a-la-une-7.jpg\",\"contentUrl\":\"https:\/\/www.nature-bois-concept.com\/magazine\/wp-content\/uploads\/2016\/06\/image-a-la-une-7.jpg\",\"width\":810,\"height\":334,\"caption\":\"Photo d'une r\u00e9alisation en lame de terrasse Fr\u00eane Thermo chauff\u00e9\"},{\"@type\":\"BreadcrumbList\",\"@id\":\"https:\/\/www.nature-bois-concept.com\/magazine\/guide-bois\/traitement\/bois-thermo-chauffe\/#breadcrumb\",\"itemListElement\":[{\"@type\":\"ListItem\",\"position\":1,\"name\":\"Magazine NBC\",\"item\":\"https:\/\/www.nature-bois-concept.com\/magazine\/\"},{\"@type\":\"ListItem\",\"position\":2,\"name\":\"Guide Bois\",\"item\":\"https:\/\/www.nature-bois-concept.com\/magazine\/guide-bois\/\"},{\"@type\":\"ListItem\",\"position\":3,\"name\":\"Guide Traitement Bois\",\"item\":\"https:\/\/www.nature-bois-concept.com\/magazine\/guide-bois\/traitement\/\"},{\"@type\":\"ListItem\",\"position\":4,\"name\":\"Bois thermo chauff\u00e9, un bois qui ne manque pas de chaleur !\"}]},{\"@type\":\"WebSite\",\"@id\":\"https:\/\/www.nature-bois-concept.com\/magazine\/#website\",\"url\":\"https:\/\/www.nature-bois-concept.com\/magazine\/\",\"name\":\"Magazine Nature Bois Concept\",\"description\":\"En association avec Nature Bois Concept\",\"potentialAction\":[{\"@type\":\"SearchAction\",\"target\":{\"@type\":\"EntryPoint\",\"urlTemplate\":\"https:\/\/www.nature-bois-concept.com\/magazine\/?s={search_term_string}\"},\"query-input\":\"required name=search_term_string\"}],\"inLanguage\":\"fr-FR\"}]}<\/script>\n<!-- \/ Yoast SEO plugin. -->","yoast_head_json":{"title":"Bois thermo chauff\u00e9, un bois qui ne manque pas de chaleur !","description":"Une envie de chaleur pour vos ext\u00e9rieurs? Alors tournez-vous vers un produit atypique le fr\u00eane thermo chauff\u00e9, un bois qui ne manque pas de chaleur !","robots":{"index":"index","follow":"follow","max-snippet":"max-snippet:-1","max-image-preview":"max-image-preview:large","max-video-preview":"max-video-preview:-1"},"canonical":"https:\/\/www.nature-bois-concept.com\/magazine\/guide-bois\/traitement\/bois-thermo-chauffe\/","og_locale":"fr_FR","og_type":"article","og_title":"Bois thermo chauff\u00e9, un bois qui ne manque pas de chaleur !","og_description":"Une envie de chaleur pour vos ext\u00e9rieurs? Alors tournez-vous vers un produit atypique le fr\u00eane thermo chauff\u00e9, un bois qui ne manque pas de chaleur !","og_url":"https:\/\/www.nature-bois-concept.com\/magazine\/guide-bois\/traitement\/bois-thermo-chauffe\/","og_site_name":"Magazine Nature Bois Concept","article_publisher":"https:\/\/www.facebook.com\/Nature-Bois-Concept-1596307970584169\/","article_modified_time":"2025-10-08T08:19:52+00:00","og_image":[{"width":810,"height":334,"url":"https:\/\/www.nature-bois-concept.com\/magazine\/wp-content\/uploads\/2016\/06\/image-a-la-une-7.jpg","type":"image\/jpeg"}],"twitter_card":"summary_large_image","twitter_site":"@nbc_bois","twitter_misc":{"Dur\u00e9e de lecture estim\u00e9e":"3 minutes"},"schema":{"@context":"https:\/\/schema.org","@graph":[{"@type":"WebPage","@id":"https:\/\/www.nature-bois-concept.com\/magazine\/guide-bois\/traitement\/bois-thermo-chauffe\/","url":"https:\/\/www.nature-bois-concept.com\/magazine\/guide-bois\/traitement\/bois-thermo-chauffe\/","name":"Bois thermo chauff\u00e9, un bois qui ne manque pas de chaleur !","isPartOf":{"@id":"https:\/\/www.nature-bois-concept.com\/magazine\/#website"},"primaryImageOfPage":{"@id":"https:\/\/www.nature-bois-concept.com\/magazine\/guide-bois\/traitement\/bois-thermo-chauffe\/#primaryimage"},"image":{"@id":"https:\/\/www.nature-bois-concept.com\/magazine\/guide-bois\/traitement\/bois-thermo-chauffe\/#primaryimage"},"thumbnailUrl":"https:\/\/www.nature-bois-concept.com\/magazine\/wp-content\/uploads\/2016\/06\/image-a-la-une-7.jpg","datePublished":"2016-06-29T13:15:42+00:00","dateModified":"2025-10-08T08:19:52+00:00","description":"Une envie de chaleur pour vos ext\u00e9rieurs? Alors tournez-vous vers un produit atypique le fr\u00eane thermo chauff\u00e9, un bois qui ne manque pas de chaleur !","breadcrumb":{"@id":"https:\/\/www.nature-bois-concept.com\/magazine\/guide-bois\/traitement\/bois-thermo-chauffe\/#breadcrumb"},"inLanguage":"fr-FR","potentialAction":[{"@type":"ReadAction","target":["https:\/\/www.nature-bois-concept.com\/magazine\/guide-bois\/traitement\/bois-thermo-chauffe\/"]}]},{"@type":"ImageObject","inLanguage":"fr-FR","@id":"https:\/\/www.nature-bois-concept.com\/magazine\/guide-bois\/traitement\/bois-thermo-chauffe\/#primaryimage","url":"https:\/\/www.nature-bois-concept.com\/magazine\/wp-content\/uploads\/2016\/06\/image-a-la-une-7.jpg","contentUrl":"https:\/\/www.nature-bois-concept.com\/magazine\/wp-content\/uploads\/2016\/06\/image-a-la-une-7.jpg","width":810,"height":334,"caption":"Photo d'une r\u00e9alisation en lame de terrasse Fr\u00eane Thermo chauff\u00e9"},{"@type":"BreadcrumbList","@id":"https:\/\/www.nature-bois-concept.com\/magazine\/guide-bois\/traitement\/bois-thermo-chauffe\/#breadcrumb","itemListElement":[{"@type":"ListItem","position":1,"name":"Magazine NBC","item":"https:\/\/www.nature-bois-concept.com\/magazine\/"},{"@type":"ListItem","position":2,"name":"Guide Bois","item":"https:\/\/www.nature-bois-concept.com\/magazine\/guide-bois\/"},{"@type":"ListItem","position":3,"name":"Guide Traitement Bois","item":"https:\/\/www.nature-bois-concept.com\/magazine\/guide-bois\/traitement\/"},{"@type":"ListItem","position":4,"name":"Bois thermo chauff\u00e9, un bois qui ne manque pas de chaleur !"}]},{"@type":"WebSite","@id":"https:\/\/www.nature-bois-concept.com\/magazine\/#website","url":"https:\/\/www.nature-bois-concept.com\/magazine\/","name":"Magazine Nature Bois Concept","description":"En association avec Nature Bois Concept","potentialAction":[{"@type":"SearchAction","target":{"@type":"EntryPoint","urlTemplate":"https:\/\/www.nature-bois-concept.com\/magazine\/?s={search_term_string}"},"query-input":"required name=search_term_string"}],"inLanguage":"fr-FR"}]}},"_links":{"self":[{"href":"https:\/\/www.nature-bois-concept.com\/magazine\/wp-json\/wp\/v2\/pages\/718"}],"collection":[{"href":"https:\/\/www.nature-bois-concept.com\/magazine\/wp-json\/wp\/v2\/pages"}],"about":[{"href":"https:\/\/www.nature-bois-concept.com\/magazine\/wp-json\/wp\/v2\/types\/page"}],"author":[{"embeddable":true,"href":"https:\/\/www.nature-bois-concept.com\/magazine\/wp-json\/wp\/v2\/users\/2"}],"replies":[{"embeddable":true,"href":"https:\/\/www.nature-bois-concept.com\/magazine\/wp-json\/wp\/v2\/comments?post=718"}],"version-history":[{"count":14,"href":"https:\/\/www.nature-bois-concept.com\/magazine\/wp-json\/wp\/v2\/pages\/718\/revisions"}],"predecessor-version":[{"id":8088,"href":"https:\/\/www.nature-bois-concept.com\/magazine\/wp-json\/wp\/v2\/pages\/718\/revisions\/8088"}],"up":[{"embeddable":true,"href":"https:\/\/www.nature-bois-concept.com\/magazine\/wp-json\/wp\/v2\/pages\/615"}],"wp:featuredmedia":[{"embeddable":true,"href":"https:\/\/www.nature-bois-concept.com\/magazine\/wp-json\/wp\/v2\/media\/1126"}],"wp:attachment":[{"href":"https:\/\/www.nature-bois-concept.com\/magazine\/wp-json\/wp\/v2\/media?parent=718"}],"curies":[{"name":"wp","href":"https:\/\/api.w.org\/{rel}","templated":true}]}}