{"id":717,"date":"2016-06-29T11:36:23","date_gmt":"2016-06-29T09:36:23","guid":{"rendered":"https:\/\/www.nature-bois-concept.com\/magazine\/?page_id=717"},"modified":"2023-05-31T17:21:17","modified_gmt":"2023-05-31T15:21:17","slug":"traitement-autoclave-bois","status":"publish","type":"page","link":"https:\/\/www.nature-bois-concept.com\/magazine\/guide-bois\/traitement\/traitement-autoclave-bois\/","title":{"rendered":"Le traitement autoclave et votre bois devient durable"},"content":{"rendered":"<p style=\"text-align: justify;\">Certains bois ne sont pas naturellement imputrescibles, c\u2019est le cas de nombreux bois r\u00e9sineux comme le Pin. Pour vous permettre de les poser en ext\u00e9rieur, ils doivent subir un <a href=\"https:\/\/www.nature-bois-concept.com\/magazine\/guide-bois\/traitement\/\"><strong>traitement du bois<\/strong><\/a> qui leur permet de pr\u00e9server leur durabilit\u00e9, notamment face aux intemp\u00e9ries et au temps. Le traitement par autoclave est un proc\u00e9d\u00e9 r\u00e9guli\u00e8rement utilis\u00e9 pour traiter les bois r\u00e9sineux. On vous d\u00e9taille tout dans cet article.<\/p>\n<h2>Le traitement autoclave qu\u2019est-ce que c\u2019est ?<\/h2>\n<p>Le traitement autoclave sert \u00e0 prot\u00e9ger le bois des agressions ext\u00e9rieures, comme les insectes ou les champignons auxquels il peut \u00eatre expos\u00e9, notamment s\u2019il est utilis\u00e9 en ext\u00e9rieur comme dans le cas d\u2019une terrasse ou d\u2019un bardage. Ainsi, ce traitement permet de renforcer fortement la durabilit\u00e9 du bois dans le temps, lui permettant de rester r\u00e9sistant pendant plusieurs d\u00e9cennies.<\/p>\n<p style=\"text-align: justify;\">\n","protected":false},"excerpt":{"rendered":"<p>Certains bois ne sont pas naturellement imputrescibles, c\u2019est le cas de nombreux bois r\u00e9sineux comme le Pin. Pour vous permettre de les poser en ext\u00e9rieur, ils doivent subir un traitement du bois qui leur permet de pr\u00e9server leur durabilit\u00e9, notamment face aux intemp\u00e9ries et au temps. Le traitement par autoclave est un proc\u00e9d\u00e9 r\u00e9guli\u00e8rement utilis\u00e9 pour traiter les bois r\u00e9sineux. On vous d\u00e9taille tout dans cet article. Le traitement autoclave&#8230;<\/p>\n","protected":false},"author":2,"featured_media":1119,"parent":615,"menu_order":1,"comment_status":"closed","ping_status":"closed","template":"","meta":{"_acf_changed":false,"footnotes":""},"acf":[],"yoast_head":"<!-- This site is optimized with the Yoast SEO plugin v22.4 - https:\/\/yoast.com\/wordpress\/plugins\/seo\/ -->\n<title>Le traitement autoclave pour rendre votre bois plus durable<\/title>\n<meta name=\"description\" content=\"Vous ne connaissez pas encore le processus de traitement par autoclave qui rend les bois classe 4 ou 3? Gr\u00e2ce \u00e0 cet article vous allez tous savoir!\" \/>\n<meta name=\"robots\" content=\"index, follow, max-snippet:-1, max-image-preview:large, max-video-preview:-1\" \/>\n<link rel=\"canonical\" href=\"https:\/\/www.nature-bois-concept.com\/magazine\/guide-bois\/traitement\/traitement-autoclave-bois\/\" \/>\n<meta property=\"og:locale\" content=\"fr_FR\" \/>\n<meta property=\"og:type\" content=\"article\" \/>\n<meta property=\"og:title\" content=\"Le traitement autoclave pour rendre votre bois plus durable\" \/>\n<meta property=\"og:description\" content=\"Vous ne connaissez pas encore le processus de traitement par autoclave qui rend les bois classe 4 ou 3? Gr\u00e2ce \u00e0 cet article vous allez tous savoir!\" \/>\n<meta property=\"og:url\" content=\"https:\/\/www.nature-bois-concept.com\/magazine\/guide-bois\/traitement\/traitement-autoclave-bois\/\" \/>\n<meta property=\"og:site_name\" content=\"Magazine Nature Bois Concept\" \/>\n<meta property=\"article:publisher\" content=\"https:\/\/www.facebook.com\/Nature-Bois-Concept-1596307970584169\/\" \/>\n<meta property=\"article:modified_time\" content=\"2023-05-31T15:21:17+00:00\" \/>\n<meta property=\"og:image\" content=\"https:\/\/www.nature-bois-concept.com\/magazine\/wp-content\/uploads\/2016\/06\/2-5.jpg\" \/>\n\t<meta property=\"og:image:width\" content=\"810\" \/>\n\t<meta property=\"og:image:height\" content=\"334\" \/>\n\t<meta property=\"og:image:type\" content=\"image\/jpeg\" \/>\n<meta name=\"twitter:card\" content=\"summary_large_image\" \/>\n<meta name=\"twitter:site\" content=\"@nbc_bois\" \/>\n<meta name=\"twitter:label1\" content=\"Dur\u00e9e de lecture estim\u00e9e\" \/>\n\t<meta name=\"twitter:data1\" content=\"1 minute\" \/>\n<script type=\"application\/ld+json\" class=\"yoast-schema-graph\">{\"@context\":\"https:\/\/schema.org\",\"@graph\":[{\"@type\":\"WebPage\",\"@id\":\"https:\/\/www.nature-bois-concept.com\/magazine\/guide-bois\/traitement\/traitement-autoclave-bois\/\",\"url\":\"https:\/\/www.nature-bois-concept.com\/magazine\/guide-bois\/traitement\/traitement-autoclave-bois\/\",\"name\":\"Le traitement autoclave pour rendre votre bois plus durable\",\"isPartOf\":{\"@id\":\"https:\/\/www.nature-bois-concept.com\/magazine\/#website\"},\"primaryImageOfPage\":{\"@id\":\"https:\/\/www.nature-bois-concept.com\/magazine\/guide-bois\/traitement\/traitement-autoclave-bois\/#primaryimage\"},\"image\":{\"@id\":\"https:\/\/www.nature-bois-concept.com\/magazine\/guide-bois\/traitement\/traitement-autoclave-bois\/#primaryimage\"},\"thumbnailUrl\":\"https:\/\/www.nature-bois-concept.com\/magazine\/wp-content\/uploads\/2016\/06\/2-5.jpg\",\"datePublished\":\"2016-06-29T09:36:23+00:00\",\"dateModified\":\"2023-05-31T15:21:17+00:00\",\"description\":\"Vous ne connaissez pas encore le processus de traitement par autoclave qui rend les bois classe 4 ou 3? Gr\u00e2ce \u00e0 cet article vous allez tous savoir!\",\"breadcrumb\":{\"@id\":\"https:\/\/www.nature-bois-concept.com\/magazine\/guide-bois\/traitement\/traitement-autoclave-bois\/#breadcrumb\"},\"inLanguage\":\"fr-FR\",\"potentialAction\":[{\"@type\":\"ReadAction\",\"target\":[\"https:\/\/www.nature-bois-concept.com\/magazine\/guide-bois\/traitement\/traitement-autoclave-bois\/\"]}]},{\"@type\":\"ImageObject\",\"inLanguage\":\"fr-FR\",\"@id\":\"https:\/\/www.nature-bois-concept.com\/magazine\/guide-bois\/traitement\/traitement-autoclave-bois\/#primaryimage\",\"url\":\"https:\/\/www.nature-bois-concept.com\/magazine\/wp-content\/uploads\/2016\/06\/2-5.jpg\",\"contentUrl\":\"https:\/\/www.nature-bois-concept.com\/magazine\/wp-content\/uploads\/2016\/06\/2-5.jpg\",\"width\":810,\"height\":334,\"caption\":\"Plage de piscine en lame de terrasse Pin Sylvestre trait\u00e9 classe 4\"},{\"@type\":\"BreadcrumbList\",\"@id\":\"https:\/\/www.nature-bois-concept.com\/magazine\/guide-bois\/traitement\/traitement-autoclave-bois\/#breadcrumb\",\"itemListElement\":[{\"@type\":\"ListItem\",\"position\":1,\"name\":\"Magazine NBC\",\"item\":\"https:\/\/www.nature-bois-concept.com\/magazine\/\"},{\"@type\":\"ListItem\",\"position\":2,\"name\":\"Guide Bois\",\"item\":\"https:\/\/www.nature-bois-concept.com\/magazine\/guide-bois\/\"},{\"@type\":\"ListItem\",\"position\":3,\"name\":\"Guide Traitement Bois\",\"item\":\"https:\/\/www.nature-bois-concept.com\/magazine\/guide-bois\/traitement\/\"},{\"@type\":\"ListItem\",\"position\":4,\"name\":\"Le traitement autoclave et votre bois devient durable\"}]},{\"@type\":\"WebSite\",\"@id\":\"https:\/\/www.nature-bois-concept.com\/magazine\/#website\",\"url\":\"https:\/\/www.nature-bois-concept.com\/magazine\/\",\"name\":\"Magazine Nature Bois Concept\",\"description\":\"En association avec Nature Bois Concept\",\"potentialAction\":[{\"@type\":\"SearchAction\",\"target\":{\"@type\":\"EntryPoint\",\"urlTemplate\":\"https:\/\/www.nature-bois-concept.com\/magazine\/?s={search_term_string}\"},\"query-input\":\"required name=search_term_string\"}],\"inLanguage\":\"fr-FR\"}]}<\/script>\n<!-- \/ Yoast SEO plugin. -->","yoast_head_json":{"title":"Le traitement autoclave pour rendre votre bois plus durable","description":"Vous ne connaissez pas encore le processus de traitement par autoclave qui rend les bois classe 4 ou 3? Gr\u00e2ce \u00e0 cet article vous allez tous savoir!","robots":{"index":"index","follow":"follow","max-snippet":"max-snippet:-1","max-image-preview":"max-image-preview:large","max-video-preview":"max-video-preview:-1"},"canonical":"https:\/\/www.nature-bois-concept.com\/magazine\/guide-bois\/traitement\/traitement-autoclave-bois\/","og_locale":"fr_FR","og_type":"article","og_title":"Le traitement autoclave pour rendre votre bois plus durable","og_description":"Vous ne connaissez pas encore le processus de traitement par autoclave qui rend les bois classe 4 ou 3? Gr\u00e2ce \u00e0 cet article vous allez tous savoir!","og_url":"https:\/\/www.nature-bois-concept.com\/magazine\/guide-bois\/traitement\/traitement-autoclave-bois\/","og_site_name":"Magazine Nature Bois Concept","article_publisher":"https:\/\/www.facebook.com\/Nature-Bois-Concept-1596307970584169\/","article_modified_time":"2023-05-31T15:21:17+00:00","og_image":[{"width":810,"height":334,"url":"https:\/\/www.nature-bois-concept.com\/magazine\/wp-content\/uploads\/2016\/06\/2-5.jpg","type":"image\/jpeg"}],"twitter_card":"summary_large_image","twitter_site":"@nbc_bois","twitter_misc":{"Dur\u00e9e de lecture estim\u00e9e":"1 minute"},"schema":{"@context":"https:\/\/schema.org","@graph":[{"@type":"WebPage","@id":"https:\/\/www.nature-bois-concept.com\/magazine\/guide-bois\/traitement\/traitement-autoclave-bois\/","url":"https:\/\/www.nature-bois-concept.com\/magazine\/guide-bois\/traitement\/traitement-autoclave-bois\/","name":"Le traitement autoclave pour rendre votre bois plus durable","isPartOf":{"@id":"https:\/\/www.nature-bois-concept.com\/magazine\/#website"},"primaryImageOfPage":{"@id":"https:\/\/www.nature-bois-concept.com\/magazine\/guide-bois\/traitement\/traitement-autoclave-bois\/#primaryimage"},"image":{"@id":"https:\/\/www.nature-bois-concept.com\/magazine\/guide-bois\/traitement\/traitement-autoclave-bois\/#primaryimage"},"thumbnailUrl":"https:\/\/www.nature-bois-concept.com\/magazine\/wp-content\/uploads\/2016\/06\/2-5.jpg","datePublished":"2016-06-29T09:36:23+00:00","dateModified":"2023-05-31T15:21:17+00:00","description":"Vous ne connaissez pas encore le processus de traitement par autoclave qui rend les bois classe 4 ou 3? Gr\u00e2ce \u00e0 cet article vous allez tous savoir!","breadcrumb":{"@id":"https:\/\/www.nature-bois-concept.com\/magazine\/guide-bois\/traitement\/traitement-autoclave-bois\/#breadcrumb"},"inLanguage":"fr-FR","potentialAction":[{"@type":"ReadAction","target":["https:\/\/www.nature-bois-concept.com\/magazine\/guide-bois\/traitement\/traitement-autoclave-bois\/"]}]},{"@type":"ImageObject","inLanguage":"fr-FR","@id":"https:\/\/www.nature-bois-concept.com\/magazine\/guide-bois\/traitement\/traitement-autoclave-bois\/#primaryimage","url":"https:\/\/www.nature-bois-concept.com\/magazine\/wp-content\/uploads\/2016\/06\/2-5.jpg","contentUrl":"https:\/\/www.nature-bois-concept.com\/magazine\/wp-content\/uploads\/2016\/06\/2-5.jpg","width":810,"height":334,"caption":"Plage de piscine en lame de terrasse Pin Sylvestre trait\u00e9 classe 4"},{"@type":"BreadcrumbList","@id":"https:\/\/www.nature-bois-concept.com\/magazine\/guide-bois\/traitement\/traitement-autoclave-bois\/#breadcrumb","itemListElement":[{"@type":"ListItem","position":1,"name":"Magazine NBC","item":"https:\/\/www.nature-bois-concept.com\/magazine\/"},{"@type":"ListItem","position":2,"name":"Guide Bois","item":"https:\/\/www.nature-bois-concept.com\/magazine\/guide-bois\/"},{"@type":"ListItem","position":3,"name":"Guide Traitement Bois","item":"https:\/\/www.nature-bois-concept.com\/magazine\/guide-bois\/traitement\/"},{"@type":"ListItem","position":4,"name":"Le traitement autoclave et votre bois devient durable"}]},{"@type":"WebSite","@id":"https:\/\/www.nature-bois-concept.com\/magazine\/#website","url":"https:\/\/www.nature-bois-concept.com\/magazine\/","name":"Magazine Nature Bois Concept","description":"En association avec Nature Bois Concept","potentialAction":[{"@type":"SearchAction","target":{"@type":"EntryPoint","urlTemplate":"https:\/\/www.nature-bois-concept.com\/magazine\/?s={search_term_string}"},"query-input":"required name=search_term_string"}],"inLanguage":"fr-FR"}]}},"_links":{"self":[{"href":"https:\/\/www.nature-bois-concept.com\/magazine\/wp-json\/wp\/v2\/pages\/717"}],"collection":[{"href":"https:\/\/www.nature-bois-concept.com\/magazine\/wp-json\/wp\/v2\/pages"}],"about":[{"href":"https:\/\/www.nature-bois-concept.com\/magazine\/wp-json\/wp\/v2\/types\/page"}],"author":[{"embeddable":true,"href":"https:\/\/www.nature-bois-concept.com\/magazine\/wp-json\/wp\/v2\/users\/2"}],"replies":[{"embeddable":true,"href":"https:\/\/www.nature-bois-concept.com\/magazine\/wp-json\/wp\/v2\/comments?post=717"}],"version-history":[{"count":22,"href":"https:\/\/www.nature-bois-concept.com\/magazine\/wp-json\/wp\/v2\/pages\/717\/revisions"}],"predecessor-version":[{"id":6980,"href":"https:\/\/www.nature-bois-concept.com\/magazine\/wp-json\/wp\/v2\/pages\/717\/revisions\/6980"}],"up":[{"embeddable":true,"href":"https:\/\/www.nature-bois-concept.com\/magazine\/wp-json\/wp\/v2\/pages\/615"}],"wp:featuredmedia":[{"embeddable":true,"href":"https:\/\/www.nature-bois-concept.com\/magazine\/wp-json\/wp\/v2\/media\/1119"}],"wp:attachment":[{"href":"https:\/\/www.nature-bois-concept.com\/magazine\/wp-json\/wp\/v2\/media?parent=717"}],"curies":[{"name":"wp","href":"https:\/\/api.w.org\/{rel}","templated":true}]}}