{"id":7101,"date":"2024-03-25T08:56:31","date_gmt":"2024-03-25T07:56:31","guid":{"rendered":"https:\/\/www.nature-bois-concept.com\/magazine\/?page_id=7101"},"modified":"2024-03-25T08:56:31","modified_gmt":"2024-03-25T07:56:31","slug":"quel-bardage-choisir-pour-une-maison-ossature-bois","status":"publish","type":"page","link":"https:\/\/www.nature-bois-concept.com\/magazine\/bardage-bois\/guides\/quel-bardage-choisir-pour-une-maison-ossature-bois\/","title":{"rendered":"Quel bardage choisir pour une maison ossature bois ?"},"content":{"rendered":"<h1 style=\"text-align: center;\"><strong>Quel bardage choisir pour une maison ossature bois ?<\/strong><\/h1>\n<p style=\"text-align: center;\">De plus en plus pl\u00e9biscit\u00e9es dans le domaine de la construction, les <strong>maisons \u00e0 ossature bois<\/strong> offrent \u00e0 leurs propri\u00e9taires un v\u00e9ritable confort de vie et un charme certain. De plus, si elles sont bien isol\u00e9es, elles r\u00e9duisent plus ou moins fortement la facture \u00e9nerg\u00e9tique.<\/p>\n<p style=\"text-align: center;\">Surtout si vous choisissez d\u2019installer un <strong>bardage adapt\u00e9 sur vos fa\u00e7ades<\/strong>.<\/p>\n<p style=\"text-align: center;\">Pourquoi favoriser ce type de solution ? Et de quelle mani\u00e8re le bon bardage peut-il am\u00e9liorer \u00e0 la fois le design et le confort de votre maison ossature bois ?<\/p>\n<p style=\"text-align: center;\">R\u00e9ponses dans cet article Nature Bois Concept\u00a0!<\/p>\n<h2><strong>Quel est le meilleur bardage pour maison ossature bois ?<\/strong><\/h2>\n<p><strong>Quand on parle de maison en bois, on pense imm\u00e9diatement au bardage du m\u00eame mat\u00e9riau<\/strong>. C\u2019est m\u00eame une \u00e9vidence pour de nombreux clients. Loin de nous l\u2019id\u00e9e de vous contredire si c\u2019est aussi ce que vous pensez. Mais il faut savoir que ce n\u2019est pas la seule option possible.<\/p>\n<p>En effet, si vous voulez poser un <strong>bardage pour prot\u00e9ger les fa\u00e7ades de votre maison ossature bois<\/strong>, vous avez le choix entre un <strong>bardage bois, PVC, m\u00e9tal ou composite<\/strong>. Chacun avec leurs avantages et inconv\u00e9nients.<\/p>\n<p>&nbsp;<\/p>\n<p>\u00a9 Cr\u00e9dit photo : Nature Bois Concept \u2013 Maison ossature bois avec bardage traditionnel en peuplier thermochauff\u00e9 section 20&#215;136 mm<\/p>\n<p>&nbsp;<\/p>\n<p>\u00a9 Cr\u00e9dit photo : Nature Bois Concept \u2013 Pos\u00e9 ici, le bardage bois couvre-joint en pin trait\u00e9 classe 4 offre une excellente isolation<\/p>\n<p>&nbsp;<\/p>\n<p>Le <a href=\"https:\/\/www.nature-bois-concept.com\/fr\/bardage-bois\/\" target=\"_blank\" rel=\"noopener\"><strong>bardage en bois<\/strong><\/a>, tout d\u2019abord, offre une excellente isolation et la possibilit\u00e9 d\u2019habiller vos murs selon vos envies. Toutefois, il demande un entretien r\u00e9gulier afin de rester sain et performant, \u00e0 moins d\u2019opter pour un <a href=\"https:\/\/www.nature-bois-concept.com\/fr\/bardage-bois\/couleur\/peint\/\" target=\"_blank\" rel=\"noopener\">bardage peint<\/a> ou un <a href=\"https:\/\/www.nature-bois-concept.com\/fr\/bardage-bois\/couleur\/sature\/\" target=\"_blank\" rel=\"noopener\">bardage bois satur\u00e9<\/a>, qui, quant \u00e0 eux, ne n\u00e9cessitent qu\u2019un faible entretien lors des premi\u00e8res ann\u00e9es.<\/p>\n<p>Si vous souhaitez privil\u00e9gier la simplicit\u00e9, le <strong>bardage en PVC<\/strong> peut \u00eatre une solution int\u00e9ressante. En plus d\u2019\u00eatre le mat\u00e9riau le moins cher du march\u00e9, il ne n\u00e9cessite pas beaucoup d\u2019entretien. Toutefois, il dispose d\u2019une dur\u00e9e de vie relativement limit\u00e9e.<\/p>\n<p>Autre possibilit\u00e9 : le <strong>bardage en m\u00e9tal<\/strong> qui, lui aussi, fait le bonheur des personnes qui ne veulent pas entretenir leur structure. De plus, contrairement au PVC, le m\u00e9tal a une excellente long\u00e9vit\u00e9. Son inconv\u00e9nient : il dispose d\u2019une capacit\u00e9 d\u2019isolation un peu plus faible que les autres.<\/p>\n<p>Sans oublier le <a href=\"https:\/\/www.nature-bois-concept.com\/fr\/bardage-bois\/composite\/\" target=\"_blank\" rel=\"noopener\"><strong>bardage composite<\/strong><\/a> qui se rapproche du bois tout en \u00e9tant plus simple \u00e0 entretenir (et plus durable que le PVC).<\/p>\n<p>&nbsp;<\/p>\n<p>\u00a9 Cr\u00e9dit photo : Silvadec \u2013 Durable et facile d\u2019entretien, le bardage bois composite est une excellente alternative pour les partisans du moindre effort<\/p>\n<p>&nbsp;<\/p>\n<h2><strong>Quelle finition pour votre bardage de maison ossature bois ?<\/strong><\/h2>\n<p>Peu importe le choix de votre bardage, vous profitez d\u2019une vaste s\u00e9lection de teintes. De plus, sachez qu\u2019il est possible de poser votre protection de fa\u00e7ade de deux fa\u00e7ons :<\/p>\n<p>&#8211;\u00a0\u00a0\u00a0\u00a0\u00a0\u00a0\u00a0\u00a0\u00a0 <strong>Pose d\u2019un <a href=\"https:\/\/www.nature-bois-concept.com\/fr\/bardage-bois\/traditionnel\/\" target=\"_blank\" rel=\"noopener\">bardage en clin<\/a><\/strong> traditionnel de fa\u00e7on horizontale de bas en haut (en commen\u00e7ant au-dessus de la grille anti rongeur) en ins\u00e9rant les clins les uns dans les autres ;<\/p>\n<p>&nbsp;<\/p>\n<p>\u00a9 Cr\u00e9dit photo : Silverwood \u2013 Bardage en clin traditionnel horizontal, bois de Sapin peint profil Ontario<\/p>\n<p>&nbsp;<\/p>\n<p>&#8211;\u00a0\u00a0\u00a0\u00a0\u00a0\u00a0\u00a0\u00a0\u00a0 <strong>Pose d\u2019un <\/strong><a href=\"https:\/\/www.nature-bois-concept.com\/fr\/bardage-bois\/claire-voie\/\" target=\"_blank\" rel=\"noopener\"><strong>bardage claire-voie<\/strong><\/a> horizontalement (ou verticalement) en laissant un espace entre chaque lame.<br \/>\nBien que plus compliqu\u00e9e, la pose d\u2019un bardage claire-voie permet \u00e0 votre fa\u00e7ade de respirer plus facilement. De plus, cela donne du relief \u00e0 votre fa\u00e7ade. Sachez qu\u2019il est \u00e9galement possible d\u2019opter pour un bardage faux claire-voie, pour une facilit\u00e9 de pose accrue, tout en donnant l\u2019effet d\u2019un bardage ajour\u00e9\u00a0!<\/p>\n<p>&nbsp;<\/p>\n<p>\u00a9 Cr\u00e9dit photo : Nature Bois Concept \u2013 On craque pour ce superbe bardage claire-voie pos\u00e9 \u00e0 la verticale, venant illuminer la cour int\u00e9rieure de la maison<\/p>\n<p>&nbsp;<\/p>\n<p>&#8211; Pose d\u2019un <a href=\"https:\/\/www.nature-bois-concept.com\/fr\/bardage-bois\/couvre-joint\/\" target=\"_blank\" rel=\"noopener\">bardage couvre-joint<\/a> \u00e0 la verticale, par la juxtaposition de voliges sur lesquelles viennent se fixer des tasseaux \u00e0 l\u2019aide de pointes.<\/p>\n<p>&nbsp;<\/p>\n<p>\u00a9 Cr\u00e9dit photo : Nature Bois Concept \u2013 Typique des cabanes en bois de p\u00eacheurs, le bardage couvre-joint est parfait pour une maison ossature bois<\/p>\n<p>&nbsp;<\/p>\n<p>Derni\u00e8re chose \u00e0 savoir si vous voulez opter pour un <strong>bardage en bois<\/strong> : vous devez r\u00e9fl\u00e9chir au choix de l\u2019essence. Cela aura, en effet, une incidence directe sur les performances de votre bardage et sur sa teinte. Du Western Red Cedar (essence haut de gamme tirant vers le rouge) au m\u00e9l\u00e8ze (couleur miel), en passant par l\u2019\u00e9pic\u00e9a (teinte miel vert), le douglas (plus ros\u00e9) ou le pin sylvestre (essence\u00a0disponible \u00e0 un prix abordable), le choix vous appartient.<\/p>\n<p>&nbsp;<\/p>\n<p>\u00a9 Cr\u00e9dit photo : Nature Bois Concept \u2013 Rien de tel que le bardage en bois de Douglas pour une maison bois lumineuse et durable<\/p>\n<p>&nbsp;<\/p>\n<p>Vous l\u2019avez compris : bien que le <strong>bardage en bois massif<\/strong> offre un design naturel et chaleureux qui compl\u00e8te parfaitement une maison ossature bois, ce n\u2019est pas la seule solution disponible. En effet, le choix du <strong>bardage pour une maison ossature bois<\/strong> d\u00e9pend de plusieurs facteurs, notamment les besoins esth\u00e9tiques, fonctionnels et environnementaux de la construction. Mais aussi votre budget et vos envies. <a href=\"https:\/\/www.nature-bois-concept.com\/boutique\/nous-contacter\/\" target=\"_blank\" rel=\"noopener\">Contactez-nous<\/a> si vous voulez en savoir plus.<\/p>\n<p>&nbsp;<\/p>\n<p>\u00a9 Cr\u00e9dit photo : Nature Bois Concept \u2013 Installation d\u2019un bardage traditionnel sur une maison ossature bois de plain-pied<\/p>\n<p>&nbsp;<\/p>\n<p><u>Tableau comparatif des diff\u00e9rents types de bardages<\/u><\/p>\n","protected":false},"excerpt":{"rendered":"<p>Quel bardage choisir pour une maison ossature bois ? De plus en plus pl\u00e9biscit\u00e9es dans le domaine de la construction, les maisons \u00e0 ossature bois offrent \u00e0 leurs propri\u00e9taires un v\u00e9ritable confort de vie et un charme certain. De plus, si elles sont bien isol\u00e9es, elles r\u00e9duisent plus ou moins fortement la facture \u00e9nerg\u00e9tique. Surtout si vous choisissez d\u2019installer un bardage adapt\u00e9 sur vos fa\u00e7ades. Pourquoi favoriser ce type de&#8230;<\/p>\n","protected":false},"author":12,"featured_media":7102,"parent":580,"menu_order":0,"comment_status":"closed","ping_status":"closed","template":"","meta":{"_acf_changed":false,"footnotes":""},"acf":[],"yoast_head":"<!-- This site is optimized with the Yoast SEO plugin v22.4 - https:\/\/yoast.com\/wordpress\/plugins\/seo\/ -->\n<title>Comment choisir le bon bardage pour votre maison ossature bois ?<\/title>\n<meta name=\"description\" content=\"Trouvez le bardage qui correspond \u00e0 vos besoins gr\u00e2ce \u00e0 notre guide pour les maisons ossature bois. Explorez les diff\u00e9rentes possibilit\u00e9s et leurs avantages.\" \/>\n<meta name=\"robots\" content=\"index, follow, max-snippet:-1, max-image-preview:large, max-video-preview:-1\" \/>\n<link rel=\"canonical\" href=\"https:\/\/www.nature-bois-concept.com\/magazine\/bardage-bois\/guides\/quel-bardage-choisir-pour-une-maison-ossature-bois\/\" \/>\n<meta property=\"og:locale\" content=\"fr_FR\" \/>\n<meta property=\"og:type\" content=\"article\" \/>\n<meta property=\"og:title\" content=\"Comment choisir le bon bardage pour votre maison ossature bois ?\" \/>\n<meta property=\"og:description\" content=\"Trouvez le bardage qui correspond \u00e0 vos besoins gr\u00e2ce \u00e0 notre guide pour les maisons ossature bois. Explorez les diff\u00e9rentes possibilit\u00e9s et leurs avantages.\" \/>\n<meta property=\"og:url\" content=\"https:\/\/www.nature-bois-concept.com\/magazine\/bardage-bois\/guides\/quel-bardage-choisir-pour-une-maison-ossature-bois\/\" \/>\n<meta property=\"og:site_name\" content=\"Magazine Nature Bois Concept\" \/>\n<meta property=\"article:publisher\" content=\"https:\/\/www.facebook.com\/Nature-Bois-Concept-1596307970584169\/\" \/>\n<meta property=\"og:image\" content=\"https:\/\/www.nature-bois-concept.com\/magazine\/wp-content\/uploads\/2024\/03\/bardagecjMAG.jpg\" \/>\n\t<meta property=\"og:image:width\" content=\"1900\" \/>\n\t<meta property=\"og:image:height\" content=\"400\" \/>\n\t<meta property=\"og:image:type\" content=\"image\/jpeg\" \/>\n<meta name=\"twitter:card\" content=\"summary_large_image\" \/>\n<meta name=\"twitter:site\" content=\"@nbc_bois\" \/>\n<meta name=\"twitter:label1\" content=\"Dur\u00e9e de lecture estim\u00e9e\" \/>\n\t<meta name=\"twitter:data1\" content=\"5 minutes\" \/>\n<script type=\"application\/ld+json\" class=\"yoast-schema-graph\">{\"@context\":\"https:\/\/schema.org\",\"@graph\":[{\"@type\":\"WebPage\",\"@id\":\"https:\/\/www.nature-bois-concept.com\/magazine\/bardage-bois\/guides\/quel-bardage-choisir-pour-une-maison-ossature-bois\/\",\"url\":\"https:\/\/www.nature-bois-concept.com\/magazine\/bardage-bois\/guides\/quel-bardage-choisir-pour-une-maison-ossature-bois\/\",\"name\":\"Comment choisir le bon bardage pour votre maison ossature bois ?\",\"isPartOf\":{\"@id\":\"https:\/\/www.nature-bois-concept.com\/magazine\/#website\"},\"primaryImageOfPage\":{\"@id\":\"https:\/\/www.nature-bois-concept.com\/magazine\/bardage-bois\/guides\/quel-bardage-choisir-pour-une-maison-ossature-bois\/#primaryimage\"},\"image\":{\"@id\":\"https:\/\/www.nature-bois-concept.com\/magazine\/bardage-bois\/guides\/quel-bardage-choisir-pour-une-maison-ossature-bois\/#primaryimage\"},\"thumbnailUrl\":\"https:\/\/www.nature-bois-concept.com\/magazine\/wp-content\/uploads\/2024\/03\/bardagecjMAG.jpg\",\"datePublished\":\"2024-03-25T07:56:31+00:00\",\"dateModified\":\"2024-03-25T07:56:31+00:00\",\"description\":\"Trouvez le bardage qui correspond \u00e0 vos besoins gr\u00e2ce \u00e0 notre guide pour les maisons ossature bois. Explorez les diff\u00e9rentes possibilit\u00e9s et leurs avantages.\",\"breadcrumb\":{\"@id\":\"https:\/\/www.nature-bois-concept.com\/magazine\/bardage-bois\/guides\/quel-bardage-choisir-pour-une-maison-ossature-bois\/#breadcrumb\"},\"inLanguage\":\"fr-FR\",\"potentialAction\":[{\"@type\":\"ReadAction\",\"target\":[\"https:\/\/www.nature-bois-concept.com\/magazine\/bardage-bois\/guides\/quel-bardage-choisir-pour-une-maison-ossature-bois\/\"]}]},{\"@type\":\"ImageObject\",\"inLanguage\":\"fr-FR\",\"@id\":\"https:\/\/www.nature-bois-concept.com\/magazine\/bardage-bois\/guides\/quel-bardage-choisir-pour-une-maison-ossature-bois\/#primaryimage\",\"url\":\"https:\/\/www.nature-bois-concept.com\/magazine\/wp-content\/uploads\/2024\/03\/bardagecjMAG.jpg\",\"contentUrl\":\"https:\/\/www.nature-bois-concept.com\/magazine\/wp-content\/uploads\/2024\/03\/bardagecjMAG.jpg\",\"width\":1900,\"height\":400,\"caption\":\"Maison extension ossature bois bardage couvre-joint Pin vert\"},{\"@type\":\"BreadcrumbList\",\"@id\":\"https:\/\/www.nature-bois-concept.com\/magazine\/bardage-bois\/guides\/quel-bardage-choisir-pour-une-maison-ossature-bois\/#breadcrumb\",\"itemListElement\":[{\"@type\":\"ListItem\",\"position\":1,\"name\":\"Magazine NBC\",\"item\":\"https:\/\/www.nature-bois-concept.com\/magazine\/\"},{\"@type\":\"ListItem\",\"position\":2,\"name\":\"Bardage bois\",\"item\":\"https:\/\/www.nature-bois-concept.com\/magazine\/bardage-bois\/\"},{\"@type\":\"ListItem\",\"position\":3,\"name\":\"Guide Bardage Bois\",\"item\":\"https:\/\/www.nature-bois-concept.com\/magazine\/bardage-bois\/guides\/\"},{\"@type\":\"ListItem\",\"position\":4,\"name\":\"Quel bardage choisir pour une maison ossature bois ?\"}]},{\"@type\":\"WebSite\",\"@id\":\"https:\/\/www.nature-bois-concept.com\/magazine\/#website\",\"url\":\"https:\/\/www.nature-bois-concept.com\/magazine\/\",\"name\":\"Magazine Nature Bois Concept\",\"description\":\"En association avec Nature Bois Concept\",\"potentialAction\":[{\"@type\":\"SearchAction\",\"target\":{\"@type\":\"EntryPoint\",\"urlTemplate\":\"https:\/\/www.nature-bois-concept.com\/magazine\/?s={search_term_string}\"},\"query-input\":\"required name=search_term_string\"}],\"inLanguage\":\"fr-FR\"}]}<\/script>\n<!-- \/ Yoast SEO plugin. -->","yoast_head_json":{"title":"Comment choisir le bon bardage pour votre maison ossature bois ?","description":"Trouvez le bardage qui correspond \u00e0 vos besoins gr\u00e2ce \u00e0 notre guide pour les maisons ossature bois. Explorez les diff\u00e9rentes possibilit\u00e9s et leurs avantages.","robots":{"index":"index","follow":"follow","max-snippet":"max-snippet:-1","max-image-preview":"max-image-preview:large","max-video-preview":"max-video-preview:-1"},"canonical":"https:\/\/www.nature-bois-concept.com\/magazine\/bardage-bois\/guides\/quel-bardage-choisir-pour-une-maison-ossature-bois\/","og_locale":"fr_FR","og_type":"article","og_title":"Comment choisir le bon bardage pour votre maison ossature bois ?","og_description":"Trouvez le bardage qui correspond \u00e0 vos besoins gr\u00e2ce \u00e0 notre guide pour les maisons ossature bois. Explorez les diff\u00e9rentes possibilit\u00e9s et leurs avantages.","og_url":"https:\/\/www.nature-bois-concept.com\/magazine\/bardage-bois\/guides\/quel-bardage-choisir-pour-une-maison-ossature-bois\/","og_site_name":"Magazine Nature Bois Concept","article_publisher":"https:\/\/www.facebook.com\/Nature-Bois-Concept-1596307970584169\/","og_image":[{"width":1900,"height":400,"url":"https:\/\/www.nature-bois-concept.com\/magazine\/wp-content\/uploads\/2024\/03\/bardagecjMAG.jpg","type":"image\/jpeg"}],"twitter_card":"summary_large_image","twitter_site":"@nbc_bois","twitter_misc":{"Dur\u00e9e de lecture estim\u00e9e":"5 minutes"},"schema":{"@context":"https:\/\/schema.org","@graph":[{"@type":"WebPage","@id":"https:\/\/www.nature-bois-concept.com\/magazine\/bardage-bois\/guides\/quel-bardage-choisir-pour-une-maison-ossature-bois\/","url":"https:\/\/www.nature-bois-concept.com\/magazine\/bardage-bois\/guides\/quel-bardage-choisir-pour-une-maison-ossature-bois\/","name":"Comment choisir le bon bardage pour votre maison ossature bois ?","isPartOf":{"@id":"https:\/\/www.nature-bois-concept.com\/magazine\/#website"},"primaryImageOfPage":{"@id":"https:\/\/www.nature-bois-concept.com\/magazine\/bardage-bois\/guides\/quel-bardage-choisir-pour-une-maison-ossature-bois\/#primaryimage"},"image":{"@id":"https:\/\/www.nature-bois-concept.com\/magazine\/bardage-bois\/guides\/quel-bardage-choisir-pour-une-maison-ossature-bois\/#primaryimage"},"thumbnailUrl":"https:\/\/www.nature-bois-concept.com\/magazine\/wp-content\/uploads\/2024\/03\/bardagecjMAG.jpg","datePublished":"2024-03-25T07:56:31+00:00","dateModified":"2024-03-25T07:56:31+00:00","description":"Trouvez le bardage qui correspond \u00e0 vos besoins gr\u00e2ce \u00e0 notre guide pour les maisons ossature bois. Explorez les diff\u00e9rentes possibilit\u00e9s et leurs avantages.","breadcrumb":{"@id":"https:\/\/www.nature-bois-concept.com\/magazine\/bardage-bois\/guides\/quel-bardage-choisir-pour-une-maison-ossature-bois\/#breadcrumb"},"inLanguage":"fr-FR","potentialAction":[{"@type":"ReadAction","target":["https:\/\/www.nature-bois-concept.com\/magazine\/bardage-bois\/guides\/quel-bardage-choisir-pour-une-maison-ossature-bois\/"]}]},{"@type":"ImageObject","inLanguage":"fr-FR","@id":"https:\/\/www.nature-bois-concept.com\/magazine\/bardage-bois\/guides\/quel-bardage-choisir-pour-une-maison-ossature-bois\/#primaryimage","url":"https:\/\/www.nature-bois-concept.com\/magazine\/wp-content\/uploads\/2024\/03\/bardagecjMAG.jpg","contentUrl":"https:\/\/www.nature-bois-concept.com\/magazine\/wp-content\/uploads\/2024\/03\/bardagecjMAG.jpg","width":1900,"height":400,"caption":"Maison extension ossature bois bardage couvre-joint Pin vert"},{"@type":"BreadcrumbList","@id":"https:\/\/www.nature-bois-concept.com\/magazine\/bardage-bois\/guides\/quel-bardage-choisir-pour-une-maison-ossature-bois\/#breadcrumb","itemListElement":[{"@type":"ListItem","position":1,"name":"Magazine NBC","item":"https:\/\/www.nature-bois-concept.com\/magazine\/"},{"@type":"ListItem","position":2,"name":"Bardage bois","item":"https:\/\/www.nature-bois-concept.com\/magazine\/bardage-bois\/"},{"@type":"ListItem","position":3,"name":"Guide Bardage Bois","item":"https:\/\/www.nature-bois-concept.com\/magazine\/bardage-bois\/guides\/"},{"@type":"ListItem","position":4,"name":"Quel bardage choisir pour une maison ossature bois ?"}]},{"@type":"WebSite","@id":"https:\/\/www.nature-bois-concept.com\/magazine\/#website","url":"https:\/\/www.nature-bois-concept.com\/magazine\/","name":"Magazine Nature Bois Concept","description":"En association avec Nature Bois Concept","potentialAction":[{"@type":"SearchAction","target":{"@type":"EntryPoint","urlTemplate":"https:\/\/www.nature-bois-concept.com\/magazine\/?s={search_term_string}"},"query-input":"required name=search_term_string"}],"inLanguage":"fr-FR"}]}},"_links":{"self":[{"href":"https:\/\/www.nature-bois-concept.com\/magazine\/wp-json\/wp\/v2\/pages\/7101"}],"collection":[{"href":"https:\/\/www.nature-bois-concept.com\/magazine\/wp-json\/wp\/v2\/pages"}],"about":[{"href":"https:\/\/www.nature-bois-concept.com\/magazine\/wp-json\/wp\/v2\/types\/page"}],"author":[{"embeddable":true,"href":"https:\/\/www.nature-bois-concept.com\/magazine\/wp-json\/wp\/v2\/users\/12"}],"replies":[{"embeddable":true,"href":"https:\/\/www.nature-bois-concept.com\/magazine\/wp-json\/wp\/v2\/comments?post=7101"}],"version-history":[{"count":17,"href":"https:\/\/www.nature-bois-concept.com\/magazine\/wp-json\/wp\/v2\/pages\/7101\/revisions"}],"predecessor-version":[{"id":7135,"href":"https:\/\/www.nature-bois-concept.com\/magazine\/wp-json\/wp\/v2\/pages\/7101\/revisions\/7135"}],"up":[{"embeddable":true,"href":"https:\/\/www.nature-bois-concept.com\/magazine\/wp-json\/wp\/v2\/pages\/580"}],"wp:featuredmedia":[{"embeddable":true,"href":"https:\/\/www.nature-bois-concept.com\/magazine\/wp-json\/wp\/v2\/media\/7102"}],"wp:attachment":[{"href":"https:\/\/www.nature-bois-concept.com\/magazine\/wp-json\/wp\/v2\/media?parent=7101"}],"curies":[{"name":"wp","href":"https:\/\/api.w.org\/{rel}","templated":true}]}}