{"id":707,"date":"2016-06-29T15:18:12","date_gmt":"2016-06-29T13:18:12","guid":{"rendered":"https:\/\/www.nature-bois-concept.com\/magazine\/?page_id=707"},"modified":"2021-08-18T11:40:38","modified_gmt":"2021-08-18T09:40:38","slug":"reseau-poseur-terrasse-bois","status":"publish","type":"page","link":"https:\/\/www.nature-bois-concept.com\/magazine\/nbc\/actualites\/reseau-poseur-terrasse-bois\/","title":{"rendered":"R\u00e9seau de poseur, ou la r\u00e9alisation de votre terrasse de A \u00e0 Z"},"content":{"rendered":"<p>Nous ne sommes pas tous des bricoleurs et surtout nous n&rsquo;avons pas tous envie d\u2019installer notre terrasse bois nous-m\u00eames. C\u2019est pourquoi, chez Nature Bois Concept, il y a toujours une solution avec la possibilit\u00e9 de faire appel \u00e0 un poseur de notre r\u00e9seau.<\/p>\n<h2>Une terrasse bois au meilleur prix c\u2019est possible<\/h2>\n<p style=\"text-align: justify;\">Nature Bois Concept vous propose des terrasses bois au meilleur prix toute l\u2019ann\u00e9e. Mais vous n\u2019avez peut-\u00eatre pas envie de poser votre terrasse vous-m\u00eame. C\u2019est pourquoi Nature Bois Concept a mis en place un r\u00e9seau de poseurs partout en France.<\/p>\n<h2>Nature Bois Concept vous met en relation avec un poseur<\/h2>\n<p style=\"text-align: justify;\">\u00c0 la suite du premier contact, apr\u00e8s avoir effectu\u00e9 une premi\u00e8re demande de <a href=\"https:\/\/www.nature-bois-concept.com\/fr\/terrasse-bois\/devis\/mon-projet\/\" target=\"_blank\" rel=\"noopener noreferrer\">devis<\/a>, votre expert bois Nature Bois Concept vous donne les coordonn\u00e9es d\u2019un poseur de notre r\u00e9seau, le plus proche possible de chez vous. Selon vos souhaits, le poseur vous propose alors un devis avec ou sans mat\u00e9riaux pour la r\u00e9alisation de votre projet.<\/p>\n<h2>Le r\u00e9seau de poseurs Nature Bois Concept, un r\u00e9seau approuv\u00e9<\/h2>\n<p style=\"text-align: justify;\">Nous avons pu tester les comp\u00e9tences de nos poseurs lors de plusieurs chantiers. Ainsi, nous pouvons vous garantir une pose de qualit\u00e9. Aujourd\u2019hui nous travaillons avec pr\u00e8s de 60 poseurs partout en France.<\/p>\n<p style=\"text-align: justify;\">Choisir de faire poser sa terrasse par le r\u00e9seau de poseurs Nature Bois Concept, c\u2019est s\u2019offrir une pose de qualit\u00e9, avec des mat\u00e9riaux aux meilleurs prix, le service et l\u2019\u00e9coute de nos conseillers.<\/p>\n<p style=\"text-align: justify;\">N\u2019h\u00e9sitez donc plus pour la pose de votre terrasse sans soucis, Nature Bois Concept s\u2019occupe de tous. Remplissez votre devis en ligne et un de nos expert bois prendra contact avec vous.<\/p>\n","protected":false},"excerpt":{"rendered":"<p>Nous ne sommes pas tous des bricoleurs et surtout nous n&rsquo;avons pas tous envie d\u2019installer notre terrasse bois nous-m\u00eames. C\u2019est pourquoi, chez Nature Bois Concept, il y a toujours une solution avec la possibilit\u00e9 de faire appel \u00e0 un poseur de notre r\u00e9seau. Une terrasse bois au meilleur prix c\u2019est possible Nature Bois Concept vous propose des terrasses bois au meilleur prix toute l\u2019ann\u00e9e. Mais vous n\u2019avez peut-\u00eatre pas envie&#8230;<\/p>\n","protected":false},"author":2,"featured_media":1494,"parent":600,"menu_order":4,"comment_status":"closed","ping_status":"closed","template":"","meta":{"_acf_changed":false,"footnotes":""},"acf":[],"yoast_head":"<!-- This site is optimized with the Yoast SEO plugin v22.4 - https:\/\/yoast.com\/wordpress\/plugins\/seo\/ -->\n<title>R\u00e9seau de poseur, ou la r\u00e9alisation de votre terrasse de A \u00e0 Z<\/title>\n<meta name=\"description\" content=\"Vous avez pour projet de r\u00e9aliser une terrasse bois, mais vous n&#039;avez pas le temps ni les comp\u00e9tences? Alors profitez de notre r\u00e9seau de poseur partout en France!\" \/>\n<meta name=\"robots\" content=\"index, follow, max-snippet:-1, max-image-preview:large, max-video-preview:-1\" \/>\n<link rel=\"canonical\" href=\"https:\/\/www.nature-bois-concept.com\/magazine\/nbc\/actualites\/reseau-poseur-terrasse-bois\/\" \/>\n<meta property=\"og:locale\" content=\"fr_FR\" \/>\n<meta property=\"og:type\" content=\"article\" \/>\n<meta property=\"og:title\" content=\"R\u00e9seau de poseur, ou la r\u00e9alisation de votre terrasse de A \u00e0 Z\" \/>\n<meta property=\"og:description\" content=\"Vous avez pour projet de r\u00e9aliser une terrasse bois, mais vous n&#039;avez pas le temps ni les comp\u00e9tences? Alors profitez de notre r\u00e9seau de poseur partout en France!\" \/>\n<meta property=\"og:url\" content=\"https:\/\/www.nature-bois-concept.com\/magazine\/nbc\/actualites\/reseau-poseur-terrasse-bois\/\" \/>\n<meta property=\"og:site_name\" content=\"Magazine Nature Bois Concept\" \/>\n<meta property=\"article:publisher\" content=\"https:\/\/www.facebook.com\/Nature-Bois-Concept-1596307970584169\/\" \/>\n<meta property=\"article:modified_time\" content=\"2021-08-18T09:40:38+00:00\" \/>\n<meta property=\"og:image\" content=\"https:\/\/www.nature-bois-concept.com\/magazine\/wp-content\/uploads\/2016\/06\/montage-lame-terrasse-hapax-fixing-pro.jpg\" \/>\n\t<meta property=\"og:image:width\" content=\"1620\" \/>\n\t<meta property=\"og:image:height\" content=\"668\" \/>\n\t<meta property=\"og:image:type\" content=\"image\/jpeg\" \/>\n<meta name=\"twitter:card\" content=\"summary_large_image\" \/>\n<meta name=\"twitter:site\" content=\"@nbc_bois\" \/>\n<meta name=\"twitter:label1\" content=\"Dur\u00e9e de lecture estim\u00e9e\" \/>\n\t<meta name=\"twitter:data1\" content=\"1 minute\" \/>\n<script type=\"application\/ld+json\" class=\"yoast-schema-graph\">{\"@context\":\"https:\/\/schema.org\",\"@graph\":[{\"@type\":\"WebPage\",\"@id\":\"https:\/\/www.nature-bois-concept.com\/magazine\/nbc\/actualites\/reseau-poseur-terrasse-bois\/\",\"url\":\"https:\/\/www.nature-bois-concept.com\/magazine\/nbc\/actualites\/reseau-poseur-terrasse-bois\/\",\"name\":\"R\u00e9seau de poseur, ou la r\u00e9alisation de votre terrasse de A \u00e0 Z\",\"isPartOf\":{\"@id\":\"https:\/\/www.nature-bois-concept.com\/magazine\/#website\"},\"primaryImageOfPage\":{\"@id\":\"https:\/\/www.nature-bois-concept.com\/magazine\/nbc\/actualites\/reseau-poseur-terrasse-bois\/#primaryimage\"},\"image\":{\"@id\":\"https:\/\/www.nature-bois-concept.com\/magazine\/nbc\/actualites\/reseau-poseur-terrasse-bois\/#primaryimage\"},\"thumbnailUrl\":\"https:\/\/www.nature-bois-concept.com\/magazine\/wp-content\/uploads\/2016\/06\/montage-lame-terrasse-hapax-fixing-pro.jpg\",\"datePublished\":\"2016-06-29T13:18:12+00:00\",\"dateModified\":\"2021-08-18T09:40:38+00:00\",\"description\":\"Vous avez pour projet de r\u00e9aliser une terrasse bois, mais vous n'avez pas le temps ni les comp\u00e9tences? Alors profitez de notre r\u00e9seau de poseur partout en France!\",\"breadcrumb\":{\"@id\":\"https:\/\/www.nature-bois-concept.com\/magazine\/nbc\/actualites\/reseau-poseur-terrasse-bois\/#breadcrumb\"},\"inLanguage\":\"fr-FR\",\"potentialAction\":[{\"@type\":\"ReadAction\",\"target\":[\"https:\/\/www.nature-bois-concept.com\/magazine\/nbc\/actualites\/reseau-poseur-terrasse-bois\/\"]}]},{\"@type\":\"ImageObject\",\"inLanguage\":\"fr-FR\",\"@id\":\"https:\/\/www.nature-bois-concept.com\/magazine\/nbc\/actualites\/reseau-poseur-terrasse-bois\/#primaryimage\",\"url\":\"https:\/\/www.nature-bois-concept.com\/magazine\/wp-content\/uploads\/2016\/06\/montage-lame-terrasse-hapax-fixing-pro.jpg\",\"contentUrl\":\"https:\/\/www.nature-bois-concept.com\/magazine\/wp-content\/uploads\/2016\/06\/montage-lame-terrasse-hapax-fixing-pro.jpg\",\"width\":1620,\"height\":668,\"caption\":\"montage de lames de terrasses hapax\"},{\"@type\":\"BreadcrumbList\",\"@id\":\"https:\/\/www.nature-bois-concept.com\/magazine\/nbc\/actualites\/reseau-poseur-terrasse-bois\/#breadcrumb\",\"itemListElement\":[{\"@type\":\"ListItem\",\"position\":1,\"name\":\"Magazine NBC\",\"item\":\"https:\/\/www.nature-bois-concept.com\/magazine\/\"},{\"@type\":\"ListItem\",\"position\":2,\"name\":\"NBC\",\"item\":\"https:\/\/www.nature-bois-concept.com\/magazine\/nbc\/\"},{\"@type\":\"ListItem\",\"position\":3,\"name\":\"Article Nature Bois Concept\",\"item\":\"https:\/\/www.nature-bois-concept.com\/magazine\/nbc\/actualites\/\"},{\"@type\":\"ListItem\",\"position\":4,\"name\":\"R\u00e9seau de poseur, ou la r\u00e9alisation de votre terrasse de A \u00e0 Z\"}]},{\"@type\":\"WebSite\",\"@id\":\"https:\/\/www.nature-bois-concept.com\/magazine\/#website\",\"url\":\"https:\/\/www.nature-bois-concept.com\/magazine\/\",\"name\":\"Magazine Nature Bois Concept\",\"description\":\"En association avec Nature Bois Concept\",\"potentialAction\":[{\"@type\":\"SearchAction\",\"target\":{\"@type\":\"EntryPoint\",\"urlTemplate\":\"https:\/\/www.nature-bois-concept.com\/magazine\/?s={search_term_string}\"},\"query-input\":\"required name=search_term_string\"}],\"inLanguage\":\"fr-FR\"}]}<\/script>\n<!-- \/ Yoast SEO plugin. -->","yoast_head_json":{"title":"R\u00e9seau de poseur, ou la r\u00e9alisation de votre terrasse de A \u00e0 Z","description":"Vous avez pour projet de r\u00e9aliser une terrasse bois, mais vous n'avez pas le temps ni les comp\u00e9tences? Alors profitez de notre r\u00e9seau de poseur partout en France!","robots":{"index":"index","follow":"follow","max-snippet":"max-snippet:-1","max-image-preview":"max-image-preview:large","max-video-preview":"max-video-preview:-1"},"canonical":"https:\/\/www.nature-bois-concept.com\/magazine\/nbc\/actualites\/reseau-poseur-terrasse-bois\/","og_locale":"fr_FR","og_type":"article","og_title":"R\u00e9seau de poseur, ou la r\u00e9alisation de votre terrasse de A \u00e0 Z","og_description":"Vous avez pour projet de r\u00e9aliser une terrasse bois, mais vous n'avez pas le temps ni les comp\u00e9tences? Alors profitez de notre r\u00e9seau de poseur partout en France!","og_url":"https:\/\/www.nature-bois-concept.com\/magazine\/nbc\/actualites\/reseau-poseur-terrasse-bois\/","og_site_name":"Magazine Nature Bois Concept","article_publisher":"https:\/\/www.facebook.com\/Nature-Bois-Concept-1596307970584169\/","article_modified_time":"2021-08-18T09:40:38+00:00","og_image":[{"width":1620,"height":668,"url":"https:\/\/www.nature-bois-concept.com\/magazine\/wp-content\/uploads\/2016\/06\/montage-lame-terrasse-hapax-fixing-pro.jpg","type":"image\/jpeg"}],"twitter_card":"summary_large_image","twitter_site":"@nbc_bois","twitter_misc":{"Dur\u00e9e de lecture estim\u00e9e":"1 minute"},"schema":{"@context":"https:\/\/schema.org","@graph":[{"@type":"WebPage","@id":"https:\/\/www.nature-bois-concept.com\/magazine\/nbc\/actualites\/reseau-poseur-terrasse-bois\/","url":"https:\/\/www.nature-bois-concept.com\/magazine\/nbc\/actualites\/reseau-poseur-terrasse-bois\/","name":"R\u00e9seau de poseur, ou la r\u00e9alisation de votre terrasse de A \u00e0 Z","isPartOf":{"@id":"https:\/\/www.nature-bois-concept.com\/magazine\/#website"},"primaryImageOfPage":{"@id":"https:\/\/www.nature-bois-concept.com\/magazine\/nbc\/actualites\/reseau-poseur-terrasse-bois\/#primaryimage"},"image":{"@id":"https:\/\/www.nature-bois-concept.com\/magazine\/nbc\/actualites\/reseau-poseur-terrasse-bois\/#primaryimage"},"thumbnailUrl":"https:\/\/www.nature-bois-concept.com\/magazine\/wp-content\/uploads\/2016\/06\/montage-lame-terrasse-hapax-fixing-pro.jpg","datePublished":"2016-06-29T13:18:12+00:00","dateModified":"2021-08-18T09:40:38+00:00","description":"Vous avez pour projet de r\u00e9aliser une terrasse bois, mais vous n'avez pas le temps ni les comp\u00e9tences? Alors profitez de notre r\u00e9seau de poseur partout en France!","breadcrumb":{"@id":"https:\/\/www.nature-bois-concept.com\/magazine\/nbc\/actualites\/reseau-poseur-terrasse-bois\/#breadcrumb"},"inLanguage":"fr-FR","potentialAction":[{"@type":"ReadAction","target":["https:\/\/www.nature-bois-concept.com\/magazine\/nbc\/actualites\/reseau-poseur-terrasse-bois\/"]}]},{"@type":"ImageObject","inLanguage":"fr-FR","@id":"https:\/\/www.nature-bois-concept.com\/magazine\/nbc\/actualites\/reseau-poseur-terrasse-bois\/#primaryimage","url":"https:\/\/www.nature-bois-concept.com\/magazine\/wp-content\/uploads\/2016\/06\/montage-lame-terrasse-hapax-fixing-pro.jpg","contentUrl":"https:\/\/www.nature-bois-concept.com\/magazine\/wp-content\/uploads\/2016\/06\/montage-lame-terrasse-hapax-fixing-pro.jpg","width":1620,"height":668,"caption":"montage de lames de terrasses hapax"},{"@type":"BreadcrumbList","@id":"https:\/\/www.nature-bois-concept.com\/magazine\/nbc\/actualites\/reseau-poseur-terrasse-bois\/#breadcrumb","itemListElement":[{"@type":"ListItem","position":1,"name":"Magazine NBC","item":"https:\/\/www.nature-bois-concept.com\/magazine\/"},{"@type":"ListItem","position":2,"name":"NBC","item":"https:\/\/www.nature-bois-concept.com\/magazine\/nbc\/"},{"@type":"ListItem","position":3,"name":"Article Nature Bois Concept","item":"https:\/\/www.nature-bois-concept.com\/magazine\/nbc\/actualites\/"},{"@type":"ListItem","position":4,"name":"R\u00e9seau de poseur, ou la r\u00e9alisation de votre terrasse de A \u00e0 Z"}]},{"@type":"WebSite","@id":"https:\/\/www.nature-bois-concept.com\/magazine\/#website","url":"https:\/\/www.nature-bois-concept.com\/magazine\/","name":"Magazine Nature Bois Concept","description":"En association avec Nature Bois Concept","potentialAction":[{"@type":"SearchAction","target":{"@type":"EntryPoint","urlTemplate":"https:\/\/www.nature-bois-concept.com\/magazine\/?s={search_term_string}"},"query-input":"required name=search_term_string"}],"inLanguage":"fr-FR"}]}},"_links":{"self":[{"href":"https:\/\/www.nature-bois-concept.com\/magazine\/wp-json\/wp\/v2\/pages\/707"}],"collection":[{"href":"https:\/\/www.nature-bois-concept.com\/magazine\/wp-json\/wp\/v2\/pages"}],"about":[{"href":"https:\/\/www.nature-bois-concept.com\/magazine\/wp-json\/wp\/v2\/types\/page"}],"author":[{"embeddable":true,"href":"https:\/\/www.nature-bois-concept.com\/magazine\/wp-json\/wp\/v2\/users\/2"}],"replies":[{"embeddable":true,"href":"https:\/\/www.nature-bois-concept.com\/magazine\/wp-json\/wp\/v2\/comments?post=707"}],"version-history":[{"count":17,"href":"https:\/\/www.nature-bois-concept.com\/magazine\/wp-json\/wp\/v2\/pages\/707\/revisions"}],"predecessor-version":[{"id":6431,"href":"https:\/\/www.nature-bois-concept.com\/magazine\/wp-json\/wp\/v2\/pages\/707\/revisions\/6431"}],"up":[{"embeddable":true,"href":"https:\/\/www.nature-bois-concept.com\/magazine\/wp-json\/wp\/v2\/pages\/600"}],"wp:featuredmedia":[{"embeddable":true,"href":"https:\/\/www.nature-bois-concept.com\/magazine\/wp-json\/wp\/v2\/media\/1494"}],"wp:attachment":[{"href":"https:\/\/www.nature-bois-concept.com\/magazine\/wp-json\/wp\/v2\/media?parent=707"}],"curies":[{"name":"wp","href":"https:\/\/api.w.org\/{rel}","templated":true}]}}