{"id":7033,"date":"2024-03-25T08:57:05","date_gmt":"2024-03-25T07:57:05","guid":{"rendered":"https:\/\/www.nature-bois-concept.com\/magazine\/?page_id=7033"},"modified":"2025-05-15T15:34:51","modified_gmt":"2025-05-15T13:34:51","slug":"pose-ganivelle","status":"publish","type":"page","link":"https:\/\/www.nature-bois-concept.com\/magazine\/cloture-bois\/guides\/pose-ganivelle\/","title":{"rendered":"Comment poser une cl\u00f4ture ganivelle ?"},"content":{"rendered":"<h1 style=\"text-align: center;\"><strong>Comment poser une cl\u00f4ture ganivelle ?<\/strong><\/h1>\n<p style=\"text-align: center;\">En plus d\u2019\u00eatre tr\u00e8s simple \u00e0 poser, la <a href=\"https:\/\/www.nature-bois-concept.com\/boutique\/cloture-et-occultation\/cloture-panneau-et-palissade\/bois\/ganivelle\/\" target=\"_blank\" rel=\"noopener\"><strong>ganivelle en bois<\/strong><\/a> permet de d\u00e9limiter facilement une partie de votre terrain \u00e0 l\u2019aide de piquets en bois solides et r\u00e9sistants aux affres du temps. Surtout, elle poss\u00e8de l\u2019avantage de ne n\u00e9cessiter que tr\u00e8s peu d\u2019entretien.<\/p>\n<p style=\"text-align: center;\">Si vous avez choisi ce type d\u2019\u00e9quipement, suivez notre guide pour savoir <strong>comment la poser en toute s\u00e9r\u00e9nit\u00e9.<\/strong><\/p>\n<h2><strong>Choisir la bonne cl\u00f4ture ganivelle<\/strong><\/h2>\n<p>&nbsp;<\/p>\n<p>\u00a9 Cr\u00e9dit photo : Nature Bois Concept &#8211; Cl\u00f4ture ganivelle en bois de ch\u00e2taignier pour jardin et terrain de p\u00e9tanque<\/p>\n<p>&nbsp;<\/p>\n<p>Avant de penser \u00e0 l\u2019installation de votre <a href=\"https:\/\/www.nature-bois-concept.com\/fr\/cloture\/\" target=\"_blank\" rel=\"noopener\">cl\u00f4ture<\/a>, il faut prendre le temps de <strong>choisir le bon \u00e9quipement.<\/strong><\/p>\n<p>Pour cela, nous vous conseillons de vous int\u00e9resser aussi bien aux \u00e9chalas qu\u2019\u00e0 vos besoins. En effet, on n\u2019installe pas sa cl\u00f4ture de la m\u00eame fa\u00e7on pour un potager que pour un balcon (surtout si vous voulez \u00eatre prot\u00e9g\u00e9 du vis-\u00e0-vis).<\/p>\n<p>&nbsp;<\/p>\n<p>\u00a9 Cr\u00e9dit photo : Dvoevnore \u2013 Naturellement r\u00e9sistante, la ganivelle en ch\u00e2taignier est tr\u00e8s utilis\u00e9e en bord de mer en guise de retenue de sable<\/p>\n<p>&nbsp;<\/p>\n<p>Chez Nature Bois Concept, nous avons opt\u00e9 pour la qualit\u00e9 100% fran\u00e7aise avec une ganivelle avec des \u00e9chalas en <strong>bois de ch\u00e2taignier<\/strong> produite en France.\u00a0Toutefois, si vous voulez faire des \u00e9conomies, vous pouvez opter pour une <strong>cl\u00f4ture ganivelle en bois de noisetier<\/strong> qui se r\u00e9v\u00e8le, en contrepartie, \u00eatre plus fragile.<\/p>\n<p>Pour la taille maintenant, sachez que vous pouvez acqu\u00e9rir chez nous des <strong>\u00e9chalas de 1,75 m\u00e8tres maximum et que certaines cl\u00f4tures sont mises en place avec des espaces compris entre 4 et 8 cm<\/strong> (plus l\u2019espace sera restreint et plus vous serez prot\u00e9g\u00e9 des regards ext\u00e9rieurs).<\/p>\n<p>Avec ce type de donn\u00e9es en t\u00eate, vous pouvez maintenant passer \u00e0 l\u2019installation de votre cl\u00f4ture.<\/p>\n<h2><strong>Installer votre cl\u00f4ture ganivelle \u00e9tape par \u00e9tape<\/strong><\/h2>\n<p><strong>Mat\u00e9riel n\u00e9cessaire\u00a0: <\/strong><\/p>\n<ul>\n<li>Piquets de Ch\u00e2taignier<\/li>\n<li>Rouleaux de ganivelle<\/li>\n<li>Crampillons<\/li>\n<li>Portillon \u00e9ventuel<\/li>\n<\/ul>\n<p><strong>Outils n\u00e9cessaires\u00a0: <\/strong><\/p>\n<ul>\n<li>Tari\u00e8re manuelle<\/li>\n<li>Masse \u00e0 cl\u00f4ture<\/li>\n<li>Cordeau \u00e0 tracer, M\u00e8tre<\/li>\n<li>Pince sp\u00e9ciale cl\u00f4ture<\/li>\n<li>Marteau<\/li>\n<\/ul>\n<p><strong>Difficult\u00e9\u00a0:<\/strong> 2\/5<\/p>\n<p>&nbsp;<\/p>\n<p>\u00a9 Cr\u00e9dit photo : Nature Bois Concept \u2013 Installation d\u2019une cl\u00f4ture ganivelle en tour de piscine par un de nos clients<\/p>\n<p>&nbsp;<\/p>\n<p>1 \u2013 Pour commencer, <strong>marquez <\/strong><strong>les emplacements de d\u00e9part et d\u2019arriv\u00e9e de chaque c\u00f4t\u00e9 de votre cl\u00f4ture et enfoncez-y vos premiers <\/strong><a href=\"https:\/\/www.nature-bois-concept.com\/boutique\/bois-d-amenagement-exterieur\/piquet-tuteur\/\" target=\"_blank\" rel=\"noopener\"><strong>piquets<\/strong><\/a>, apr\u00e8s avoir fait de gros trous dans la terre \u00e0 l\u2019aide d\u2019une tari\u00e8re manuelle.<\/p>\n<p>2 &#8211; Puis, <strong>utilisez votre ficelle que vous tendrez entre chaque poteau<\/strong>. Cela vous permettra de savoir o\u00f9 placer vos poteaux interm\u00e9diaires. Nous vous conseillons d\u2019<strong>ajouter une jambe de force <\/strong>\u00e0 chacun de vos piquets.<\/p>\n<p>&nbsp;<\/p>\n<p>\u00a9 Cr\u00e9dit photo : Panupong &#8211; Utilisation de tari\u00e8re manuelle pour r\u00e9aliser les trous amen\u00e9s \u00e0 recevoir les piquets de ganivelle<\/p>\n<p>&nbsp;<\/p>\n<p>\u00a9 Cr\u00e9dit photo : Knipseria &#8211; Enfoncez les piquets de ganivelle d&rsquo;environ 40 cm dans la terre \u00e0 l&rsquo;aide d&rsquo;une masse \u00e0 cl\u00f4ture<\/p>\n<p>&nbsp;<\/p>\n<p>3 &#8211; Une fois que vous \u00eates s\u00fbr de l\u2019emplacement de tous vos piquets, <strong>plantez-les \u00e0 environ 2 m d\u2019intervalle<\/strong> en vous servant de votre masse. N\u2019h\u00e9sitez pas \u00e0 les enfoncer de 40 cm environ dans la terre.<\/p>\n<p>4 &#8211; Vous pouvez maintenant <strong>poser votre ganivelle, pointe vers le haut<\/strong>. D\u00e9roulez-la bien en l\u2019installant au pied de votre cl\u00f4ture et relevez-la tout en la fixant sur les piquets \u00e0 l\u2019aide de 3 <a href=\"https:\/\/www.nature-bois-concept.com\/boutique\/cloture-et-occultation\/accessoires-cloture\/3592-crampillons-a2-2-7x30-acton\/\" target=\"_blank\" rel=\"noopener\">crampillons<\/a>, dispos\u00e9s en haut, au milieu et en bas des pieds afin de bien stabiliser les \u00e9chalas.<\/p>\n<p>&nbsp;<\/p>\n<p style=\"text-align: center;\">R\u00e9p\u00e9tez cette op\u00e9ration pour tous les c\u00f4t\u00e9s de votre cl\u00f4ture en vous assurant que l\u2019espace entre vos ganivelles soit bien celui d\u00e9sir\u00e9.<\/p>\n<p style=\"text-align: center;\">Voici quelques indications qui vous aideront \u00e0 choisir le bon espace :<\/p>\n<p>&nbsp;<\/p>\n<table>\n<tbody>\n<tr>\n<td width=\"272\">Utilisation<\/td>\n<td width=\"272\">Espacement entre les \u00e9chalas<\/td>\n<\/tr>\n<tr>\n<td width=\"272\">D\u00e9limitation de terrain<\/td>\n<td width=\"272\">7\/8 cm<\/td>\n<\/tr>\n<tr>\n<td width=\"272\">Prot\u00e9ger un espace des animaux<\/td>\n<td width=\"272\">Entre 4\/5 et 5\/6 cm<\/td>\n<\/tr>\n<tr>\n<td width=\"272\">Occulter du voisinage et des regards ext\u00e9rieurs<\/td>\n<td width=\"272\">4\/5 cm<\/td>\n<\/tr>\n<\/tbody>\n<\/table>\n<h2><\/h2>\n<h2><strong>Comment entretenir votre cl\u00f4ture ganivelle ?<\/strong><\/h2>\n<p>Il est important de pr\u00e9ciser que le ch\u00e2taignier est une essence riche en tanin. Ce dernier rend le bois plus durable en ext\u00e9rieur et r\u00e9sistant \u00e0 la pourriture et aux piq\u00fbres d&rsquo;insectes. Une fois votre cl\u00f4ture pos\u00e9e et expos\u00e9e aux premi\u00e8res pluies, des coulures de tanins peuvent se former et tacher les mat\u00e9riaux environnants.<\/p>\n<p>Afin d&rsquo;\u00e9viter cela,\u00a0<strong>nous vous recommandons de prot\u00e9ger vos murs, mat\u00e9riaux environnants&#8230; ou de stocker votre cl\u00f4ture ganivelle en ext\u00e9rieur plusieurs semaines, avant de la poser. <\/strong>Les tanins avec le temps s&rsquo;estompent et les coulures disparaissent dans le temps avec la pluie.<\/p>\n<p>&nbsp;<\/p>\n<p>\u00a9 Cr\u00e9dit photo : M.D\u00f6rr &amp; M.Frommherz &#8211; Riche en tanin, le Ch\u00e2taignier est un bois qui r\u00e9siste tr\u00e8s bien aux al\u00e9as ext\u00e9rieurs tels que pourriture et insectes<\/p>\n<p>&nbsp;<\/p>\n<p>Apr\u00e8s la pose de votre ganivelle, il est recommand\u00e9 d\u2019<strong>attendre 2 mois de s\u00e9chage du bois avant de vous int\u00e9resser aux finitions et \u00e0 l\u2019entretien <\/strong>de cette derni\u00e8re. En effet, en appliquant une protection d\u00e8s maintenant, vous prenez le risque de bloquer l\u2019humidit\u00e9 \u00e0 l\u2019int\u00e9rieur du mat\u00e9riau, ce qui peut le rendre plus rapidement vuln\u00e9rable \u00e0 l\u2019humidit\u00e9.<\/p>\n<p>Cela \u00e9tant dit, <strong>la cl\u00f4ture ganivelle a l\u2019avantage de n\u00e9cessiter un minimum d\u2019entretien<\/strong>. Constitu\u00e9e \u00e0 partir de bois de ch\u00e2taignier fran\u00e7ais, elle utilise en effet un bois de classe 3 tr\u00e8s durable, reconnu pour sa r\u00e9sistance aux intemp\u00e9ries et aux parasites sans n\u00e9cessit\u00e9 de traitement.<\/p>\n<p>&nbsp;<\/p>\n<div class=\"article__text-image\">\n<div class=\"susy-col-6 susy-col-xs-12\"><span class=\"article-legend-left\">\u00a9 Cr\u00e9dit photo : Romaneau &#8211; Nos piquets de cl\u00f4ture en Ch\u00e2taignier sont tr\u00e8s durables du fait de leur classe d&#8217;emploi 3<\/span><\/div>\n<\/div>\n","protected":false},"excerpt":{"rendered":"<p>Comment poser une cl\u00f4ture ganivelle ? En plus d\u2019\u00eatre tr\u00e8s simple \u00e0 poser, la ganivelle en bois permet de d\u00e9limiter facilement une partie de votre terrain \u00e0 l\u2019aide de piquets en bois solides et r\u00e9sistants aux affres du temps. Surtout, elle poss\u00e8de l\u2019avantage de ne n\u00e9cessiter que tr\u00e8s peu d\u2019entretien. Si vous avez choisi ce type d\u2019\u00e9quipement, suivez notre guide pour savoir comment la poser en toute s\u00e9r\u00e9nit\u00e9. Choisir la&#8230;<\/p>\n","protected":false},"author":12,"featured_media":7034,"parent":589,"menu_order":0,"comment_status":"closed","ping_status":"closed","template":"","meta":{"_acf_changed":false,"footnotes":""},"acf":[],"yoast_head":"<!-- This site is optimized with the Yoast SEO plugin v22.4 - https:\/\/yoast.com\/wordpress\/plugins\/seo\/ -->\n<title>Notre guide pour tout savoir sur la pose de ganivelle<\/title>\n<meta name=\"description\" content=\"Vous vous int\u00e9ressez \u00e0 la pose d\u2019une ganivelle chez vous ? D\u00e9couvrez notre guide qui vous accompagne, \u00e9tape par \u00e9tape, pour une pose facile et sereine.\" \/>\n<meta name=\"robots\" content=\"index, follow, max-snippet:-1, max-image-preview:large, max-video-preview:-1\" \/>\n<link rel=\"canonical\" href=\"https:\/\/www.nature-bois-concept.com\/magazine\/cloture-bois\/guides\/pose-ganivelle\/\" \/>\n<meta property=\"og:locale\" content=\"fr_FR\" \/>\n<meta property=\"og:type\" content=\"article\" \/>\n<meta property=\"og:title\" content=\"Notre guide pour tout savoir sur la pose de ganivelle\" \/>\n<meta property=\"og:description\" content=\"Vous vous int\u00e9ressez \u00e0 la pose d\u2019une ganivelle chez vous ? D\u00e9couvrez notre guide qui vous accompagne, \u00e9tape par \u00e9tape, pour une pose facile et sereine.\" \/>\n<meta property=\"og:url\" content=\"https:\/\/www.nature-bois-concept.com\/magazine\/cloture-bois\/guides\/pose-ganivelle\/\" \/>\n<meta property=\"og:site_name\" content=\"Magazine Nature Bois Concept\" \/>\n<meta property=\"article:publisher\" content=\"https:\/\/www.facebook.com\/Nature-Bois-Concept-1596307970584169\/\" \/>\n<meta property=\"article:modified_time\" content=\"2025-05-15T13:34:51+00:00\" \/>\n<meta property=\"og:image\" content=\"https:\/\/www.nature-bois-concept.com\/magazine\/wp-content\/uploads\/2024\/03\/pose-ganivelle-plageMAG.jpg\" \/>\n\t<meta property=\"og:image:width\" content=\"1900\" \/>\n\t<meta property=\"og:image:height\" content=\"400\" \/>\n\t<meta property=\"og:image:type\" content=\"image\/jpeg\" \/>\n<meta name=\"twitter:card\" content=\"summary_large_image\" \/>\n<meta name=\"twitter:site\" content=\"@nbc_bois\" \/>\n<meta name=\"twitter:label1\" content=\"Dur\u00e9e de lecture estim\u00e9e\" \/>\n\t<meta name=\"twitter:data1\" content=\"5 minutes\" \/>\n<script type=\"application\/ld+json\" class=\"yoast-schema-graph\">{\"@context\":\"https:\/\/schema.org\",\"@graph\":[{\"@type\":\"WebPage\",\"@id\":\"https:\/\/www.nature-bois-concept.com\/magazine\/cloture-bois\/guides\/pose-ganivelle\/\",\"url\":\"https:\/\/www.nature-bois-concept.com\/magazine\/cloture-bois\/guides\/pose-ganivelle\/\",\"name\":\"Notre guide pour tout savoir sur la pose de ganivelle\",\"isPartOf\":{\"@id\":\"https:\/\/www.nature-bois-concept.com\/magazine\/#website\"},\"primaryImageOfPage\":{\"@id\":\"https:\/\/www.nature-bois-concept.com\/magazine\/cloture-bois\/guides\/pose-ganivelle\/#primaryimage\"},\"image\":{\"@id\":\"https:\/\/www.nature-bois-concept.com\/magazine\/cloture-bois\/guides\/pose-ganivelle\/#primaryimage\"},\"thumbnailUrl\":\"https:\/\/www.nature-bois-concept.com\/magazine\/wp-content\/uploads\/2024\/03\/pose-ganivelle-plageMAG.jpg\",\"datePublished\":\"2024-03-25T07:57:05+00:00\",\"dateModified\":\"2025-05-15T13:34:51+00:00\",\"description\":\"Vous vous int\u00e9ressez \u00e0 la pose d\u2019une ganivelle chez vous ? D\u00e9couvrez notre guide qui vous accompagne, \u00e9tape par \u00e9tape, pour une pose facile et sereine.\",\"breadcrumb\":{\"@id\":\"https:\/\/www.nature-bois-concept.com\/magazine\/cloture-bois\/guides\/pose-ganivelle\/#breadcrumb\"},\"inLanguage\":\"fr-FR\",\"potentialAction\":[{\"@type\":\"ReadAction\",\"target\":[\"https:\/\/www.nature-bois-concept.com\/magazine\/cloture-bois\/guides\/pose-ganivelle\/\"]}]},{\"@type\":\"ImageObject\",\"inLanguage\":\"fr-FR\",\"@id\":\"https:\/\/www.nature-bois-concept.com\/magazine\/cloture-bois\/guides\/pose-ganivelle\/#primaryimage\",\"url\":\"https:\/\/www.nature-bois-concept.com\/magazine\/wp-content\/uploads\/2024\/03\/pose-ganivelle-plageMAG.jpg\",\"contentUrl\":\"https:\/\/www.nature-bois-concept.com\/magazine\/wp-content\/uploads\/2024\/03\/pose-ganivelle-plageMAG.jpg\",\"width\":1900,\"height\":400,\"caption\":\"Pose de cl\u00f4ture ganivelle en bord de mer, Gironde\"},{\"@type\":\"BreadcrumbList\",\"@id\":\"https:\/\/www.nature-bois-concept.com\/magazine\/cloture-bois\/guides\/pose-ganivelle\/#breadcrumb\",\"itemListElement\":[{\"@type\":\"ListItem\",\"position\":1,\"name\":\"Magazine NBC\",\"item\":\"https:\/\/www.nature-bois-concept.com\/magazine\/\"},{\"@type\":\"ListItem\",\"position\":2,\"name\":\"Cl\u00f4ture Bois\",\"item\":\"https:\/\/www.nature-bois-concept.com\/magazine\/cloture-bois\/\"},{\"@type\":\"ListItem\",\"position\":3,\"name\":\"Guide Cl\u00f4ture Bois\",\"item\":\"https:\/\/www.nature-bois-concept.com\/magazine\/cloture-bois\/guides\/\"},{\"@type\":\"ListItem\",\"position\":4,\"name\":\"Comment poser une cl\u00f4ture ganivelle ?\"}]},{\"@type\":\"WebSite\",\"@id\":\"https:\/\/www.nature-bois-concept.com\/magazine\/#website\",\"url\":\"https:\/\/www.nature-bois-concept.com\/magazine\/\",\"name\":\"Magazine Nature Bois Concept\",\"description\":\"En association avec Nature Bois Concept\",\"potentialAction\":[{\"@type\":\"SearchAction\",\"target\":{\"@type\":\"EntryPoint\",\"urlTemplate\":\"https:\/\/www.nature-bois-concept.com\/magazine\/?s={search_term_string}\"},\"query-input\":\"required name=search_term_string\"}],\"inLanguage\":\"fr-FR\"}]}<\/script>\n<!-- \/ Yoast SEO plugin. -->","yoast_head_json":{"title":"Notre guide pour tout savoir sur la pose de ganivelle","description":"Vous vous int\u00e9ressez \u00e0 la pose d\u2019une ganivelle chez vous ? D\u00e9couvrez notre guide qui vous accompagne, \u00e9tape par \u00e9tape, pour une pose facile et sereine.","robots":{"index":"index","follow":"follow","max-snippet":"max-snippet:-1","max-image-preview":"max-image-preview:large","max-video-preview":"max-video-preview:-1"},"canonical":"https:\/\/www.nature-bois-concept.com\/magazine\/cloture-bois\/guides\/pose-ganivelle\/","og_locale":"fr_FR","og_type":"article","og_title":"Notre guide pour tout savoir sur la pose de ganivelle","og_description":"Vous vous int\u00e9ressez \u00e0 la pose d\u2019une ganivelle chez vous ? D\u00e9couvrez notre guide qui vous accompagne, \u00e9tape par \u00e9tape, pour une pose facile et sereine.","og_url":"https:\/\/www.nature-bois-concept.com\/magazine\/cloture-bois\/guides\/pose-ganivelle\/","og_site_name":"Magazine Nature Bois Concept","article_publisher":"https:\/\/www.facebook.com\/Nature-Bois-Concept-1596307970584169\/","article_modified_time":"2025-05-15T13:34:51+00:00","og_image":[{"width":1900,"height":400,"url":"https:\/\/www.nature-bois-concept.com\/magazine\/wp-content\/uploads\/2024\/03\/pose-ganivelle-plageMAG.jpg","type":"image\/jpeg"}],"twitter_card":"summary_large_image","twitter_site":"@nbc_bois","twitter_misc":{"Dur\u00e9e de lecture estim\u00e9e":"5 minutes"},"schema":{"@context":"https:\/\/schema.org","@graph":[{"@type":"WebPage","@id":"https:\/\/www.nature-bois-concept.com\/magazine\/cloture-bois\/guides\/pose-ganivelle\/","url":"https:\/\/www.nature-bois-concept.com\/magazine\/cloture-bois\/guides\/pose-ganivelle\/","name":"Notre guide pour tout savoir sur la pose de ganivelle","isPartOf":{"@id":"https:\/\/www.nature-bois-concept.com\/magazine\/#website"},"primaryImageOfPage":{"@id":"https:\/\/www.nature-bois-concept.com\/magazine\/cloture-bois\/guides\/pose-ganivelle\/#primaryimage"},"image":{"@id":"https:\/\/www.nature-bois-concept.com\/magazine\/cloture-bois\/guides\/pose-ganivelle\/#primaryimage"},"thumbnailUrl":"https:\/\/www.nature-bois-concept.com\/magazine\/wp-content\/uploads\/2024\/03\/pose-ganivelle-plageMAG.jpg","datePublished":"2024-03-25T07:57:05+00:00","dateModified":"2025-05-15T13:34:51+00:00","description":"Vous vous int\u00e9ressez \u00e0 la pose d\u2019une ganivelle chez vous ? D\u00e9couvrez notre guide qui vous accompagne, \u00e9tape par \u00e9tape, pour une pose facile et sereine.","breadcrumb":{"@id":"https:\/\/www.nature-bois-concept.com\/magazine\/cloture-bois\/guides\/pose-ganivelle\/#breadcrumb"},"inLanguage":"fr-FR","potentialAction":[{"@type":"ReadAction","target":["https:\/\/www.nature-bois-concept.com\/magazine\/cloture-bois\/guides\/pose-ganivelle\/"]}]},{"@type":"ImageObject","inLanguage":"fr-FR","@id":"https:\/\/www.nature-bois-concept.com\/magazine\/cloture-bois\/guides\/pose-ganivelle\/#primaryimage","url":"https:\/\/www.nature-bois-concept.com\/magazine\/wp-content\/uploads\/2024\/03\/pose-ganivelle-plageMAG.jpg","contentUrl":"https:\/\/www.nature-bois-concept.com\/magazine\/wp-content\/uploads\/2024\/03\/pose-ganivelle-plageMAG.jpg","width":1900,"height":400,"caption":"Pose de cl\u00f4ture ganivelle en bord de mer, Gironde"},{"@type":"BreadcrumbList","@id":"https:\/\/www.nature-bois-concept.com\/magazine\/cloture-bois\/guides\/pose-ganivelle\/#breadcrumb","itemListElement":[{"@type":"ListItem","position":1,"name":"Magazine NBC","item":"https:\/\/www.nature-bois-concept.com\/magazine\/"},{"@type":"ListItem","position":2,"name":"Cl\u00f4ture Bois","item":"https:\/\/www.nature-bois-concept.com\/magazine\/cloture-bois\/"},{"@type":"ListItem","position":3,"name":"Guide Cl\u00f4ture Bois","item":"https:\/\/www.nature-bois-concept.com\/magazine\/cloture-bois\/guides\/"},{"@type":"ListItem","position":4,"name":"Comment poser une cl\u00f4ture ganivelle ?"}]},{"@type":"WebSite","@id":"https:\/\/www.nature-bois-concept.com\/magazine\/#website","url":"https:\/\/www.nature-bois-concept.com\/magazine\/","name":"Magazine Nature Bois Concept","description":"En association avec Nature Bois Concept","potentialAction":[{"@type":"SearchAction","target":{"@type":"EntryPoint","urlTemplate":"https:\/\/www.nature-bois-concept.com\/magazine\/?s={search_term_string}"},"query-input":"required name=search_term_string"}],"inLanguage":"fr-FR"}]}},"_links":{"self":[{"href":"https:\/\/www.nature-bois-concept.com\/magazine\/wp-json\/wp\/v2\/pages\/7033"}],"collection":[{"href":"https:\/\/www.nature-bois-concept.com\/magazine\/wp-json\/wp\/v2\/pages"}],"about":[{"href":"https:\/\/www.nature-bois-concept.com\/magazine\/wp-json\/wp\/v2\/types\/page"}],"author":[{"embeddable":true,"href":"https:\/\/www.nature-bois-concept.com\/magazine\/wp-json\/wp\/v2\/users\/12"}],"replies":[{"embeddable":true,"href":"https:\/\/www.nature-bois-concept.com\/magazine\/wp-json\/wp\/v2\/comments?post=7033"}],"version-history":[{"count":76,"href":"https:\/\/www.nature-bois-concept.com\/magazine\/wp-json\/wp\/v2\/pages\/7033\/revisions"}],"predecessor-version":[{"id":7799,"href":"https:\/\/www.nature-bois-concept.com\/magazine\/wp-json\/wp\/v2\/pages\/7033\/revisions\/7799"}],"up":[{"embeddable":true,"href":"https:\/\/www.nature-bois-concept.com\/magazine\/wp-json\/wp\/v2\/pages\/589"}],"wp:featuredmedia":[{"embeddable":true,"href":"https:\/\/www.nature-bois-concept.com\/magazine\/wp-json\/wp\/v2\/media\/7034"}],"wp:attachment":[{"href":"https:\/\/www.nature-bois-concept.com\/magazine\/wp-json\/wp\/v2\/media?parent=7033"}],"curies":[{"name":"wp","href":"https:\/\/api.w.org\/{rel}","templated":true}]}}