{"id":703,"date":"2016-06-29T13:57:28","date_gmt":"2016-06-29T11:57:28","guid":{"rendered":"https:\/\/www.nature-bois-concept.com\/magazine\/?page_id=703"},"modified":"2021-08-18T14:46:28","modified_gmt":"2021-08-18T12:46:28","slug":"installer","status":"publish","type":"page","link":"https:\/\/www.nature-bois-concept.com\/magazine\/garde-corps\/guides\/installer\/","title":{"rendered":"Installez un garde-corps en verre"},"content":{"rendered":"<p style=\"text-align: justify;\">\u00a0Pour installer un garde-corps en verre avec des poteaux, il y a un ordre d\u2019implantation \u00e0 respecter. Nature Bois Concept vous conduit dans les diverses \u00e9tapes de montages.<\/p>\n<h2>Implantation<\/h2>\n<p style=\"text-align: justify;\">Tout d\u2019abord, vous devez d\u00e9terminer l\u2019implantation avec un tra\u00e7age au sol. Ensuite, vous installez le portillon d\u2019acc\u00e8s, puis se sera au tour des poteaux. La pose des parements de verre devra se faire toujours dans le m\u00eame sens\u00a0: exemple, d\u00e9part \u00e0 droite, finition \u00e0 gauche ou inversement. Il ne faut pas d\u00e9marrer de part et d\u2019autre du portillon.<\/p>\n<h2>Fixation des poteaux<\/h2>\n<p style=\"text-align: justify;\">Pour fixer les poteaux, que ce soit du portillon ou des parements de verre, la proc\u00e9dure reste la m\u00eame. Pour les mesures, on respecte les entraxes fournis dans la notice de montage. On positionne le poteau et on perce les trous correspondant \u00e0 la platine. On aspire la poussi\u00e8re du trou et on introduit la capsule de scellement chimique et la tige filet\u00e9e qui servira \u00e0 fixer la platine des poteaux avec des \u00e9crous. Il faut se r\u00e9f\u00e9rer aux consignes du fabricant de la capsule chimique pour le temps de s\u00e9chage. On fixe les platines avec des rondelles et des \u00e9crous sur les tiges filet\u00e9es.<\/p>\n<h2>Montage du portillon<\/h2>\n<p style=\"text-align: justify;\">Une fois les poteaux pos\u00e9s \u00e0 la bonne largeur, on assemble la paumelle sur le poteau, puis le cadre du portillon sur la paumelle. On repositionne la goupille de la paumelle et on r\u00e8gle la tension des paumelles pour la fermeture automatique en vue d\u2019obtenir un retour mesur\u00e9. On place les bouchons sur les poteaux du portillon.<\/p>\n<h2>Fixation des parements de verre<\/h2>\n<p style=\"text-align: justify;\">Apr\u00e8s avoir introduit le cache platine sur le poteau, on peut commencer \u00e0 installer les pinces qui tiendront le parement de verre. Il y a la pince basse et la pince haute. On positionne le parement de verre dans la pince basse en premier, en n\u2019oubliant pas les protections de caoutchoucs. On termine avec la mise en place de la pince haute et des protections de caoutchoucs. On contr\u00f4le le niveau du verre et on bloque \u00e0 l\u2019aide des vis. On positionne un bouchon de plastique sur l\u2019extr\u00e9mit\u00e9 du poteau.<\/p>\n<p style=\"text-align: justify;\">La visserie inox et tous les accessoires de fixation au sol seront fournis dans votre kit de montage.<\/p>\n<p style=\"text-align: justify;\">Vous pouvez retrouver nos garde-corps en verre sur notre <a href=\"https:\/\/www.nature-bois-concept.com\/fr\/\" target=\"_blank\" rel=\"noopener noreferrer\">site en ligne<\/a> et faire votre devis en ligne, pour assurer la s\u00e9curit\u00e9 de votre balcon ou piscine.<\/p>\n","protected":false},"excerpt":{"rendered":"<p>\u00a0Pour installer un garde-corps en verre avec des poteaux, il y a un ordre d\u2019implantation \u00e0 respecter. Nature Bois Concept vous conduit dans les diverses \u00e9tapes de montages. Implantation Tout d\u2019abord, vous devez d\u00e9terminer l\u2019implantation avec un tra\u00e7age au sol. Ensuite, vous installez le portillon d\u2019acc\u00e8s, puis se sera au tour des poteaux. La pose des parements de verre devra se faire toujours dans le m\u00eame sens\u00a0: exemple, d\u00e9part \u00e0&#8230;<\/p>\n","protected":false},"author":2,"featured_media":1553,"parent":595,"menu_order":4,"comment_status":"closed","ping_status":"closed","template":"","meta":{"_acf_changed":false,"footnotes":""},"acf":[],"yoast_head":"<!-- This site is optimized with the Yoast SEO plugin v22.4 - https:\/\/yoast.com\/wordpress\/plugins\/seo\/ -->\n<title>Comment installer son garde-corps, soi-m\u00eame?<\/title>\n<meta name=\"description\" content=\"Vous avez besoin de conseils sur la r\u00e9alisation de votre garde-corps ? Suivez pas-\u00e0-pas sa pose \u00e0 l\u2019aide de notre article.\" \/>\n<meta name=\"robots\" content=\"index, follow, max-snippet:-1, max-image-preview:large, max-video-preview:-1\" \/>\n<link rel=\"canonical\" href=\"https:\/\/www.nature-bois-concept.com\/magazine\/garde-corps\/guides\/installer\/\" \/>\n<meta property=\"og:locale\" content=\"fr_FR\" \/>\n<meta property=\"og:type\" content=\"article\" \/>\n<meta property=\"og:title\" content=\"Comment installer son garde-corps, soi-m\u00eame?\" \/>\n<meta property=\"og:description\" content=\"Vous avez besoin de conseils sur la r\u00e9alisation de votre garde-corps ? Suivez pas-\u00e0-pas sa pose \u00e0 l\u2019aide de notre article.\" \/>\n<meta property=\"og:url\" content=\"https:\/\/www.nature-bois-concept.com\/magazine\/garde-corps\/guides\/installer\/\" \/>\n<meta property=\"og:site_name\" content=\"Magazine Nature Bois Concept\" \/>\n<meta property=\"article:publisher\" content=\"https:\/\/www.facebook.com\/Nature-Bois-Concept-1596307970584169\/\" \/>\n<meta property=\"article:modified_time\" content=\"2021-08-18T12:46:28+00:00\" \/>\n<meta property=\"og:image\" content=\"https:\/\/www.nature-bois-concept.com\/magazine\/wp-content\/uploads\/2016\/06\/garde-corps-verre-trempe.jpg\" \/>\n\t<meta property=\"og:image:width\" content=\"1620\" \/>\n\t<meta property=\"og:image:height\" content=\"668\" \/>\n\t<meta property=\"og:image:type\" content=\"image\/jpeg\" \/>\n<meta name=\"twitter:card\" content=\"summary_large_image\" \/>\n<meta name=\"twitter:site\" content=\"@nbc_bois\" \/>\n<meta name=\"twitter:label1\" content=\"Dur\u00e9e de lecture estim\u00e9e\" \/>\n\t<meta name=\"twitter:data1\" content=\"2 minutes\" \/>\n<script type=\"application\/ld+json\" class=\"yoast-schema-graph\">{\"@context\":\"https:\/\/schema.org\",\"@graph\":[{\"@type\":\"WebPage\",\"@id\":\"https:\/\/www.nature-bois-concept.com\/magazine\/garde-corps\/guides\/installer\/\",\"url\":\"https:\/\/www.nature-bois-concept.com\/magazine\/garde-corps\/guides\/installer\/\",\"name\":\"Comment installer son garde-corps, soi-m\u00eame?\",\"isPartOf\":{\"@id\":\"https:\/\/www.nature-bois-concept.com\/magazine\/#website\"},\"primaryImageOfPage\":{\"@id\":\"https:\/\/www.nature-bois-concept.com\/magazine\/garde-corps\/guides\/installer\/#primaryimage\"},\"image\":{\"@id\":\"https:\/\/www.nature-bois-concept.com\/magazine\/garde-corps\/guides\/installer\/#primaryimage\"},\"thumbnailUrl\":\"https:\/\/www.nature-bois-concept.com\/magazine\/wp-content\/uploads\/2016\/06\/garde-corps-verre-trempe.jpg\",\"datePublished\":\"2016-06-29T11:57:28+00:00\",\"dateModified\":\"2021-08-18T12:46:28+00:00\",\"description\":\"Vous avez besoin de conseils sur la r\u00e9alisation de votre garde-corps ? Suivez pas-\u00e0-pas sa pose \u00e0 l\u2019aide de notre article.\",\"breadcrumb\":{\"@id\":\"https:\/\/www.nature-bois-concept.com\/magazine\/garde-corps\/guides\/installer\/#breadcrumb\"},\"inLanguage\":\"fr-FR\",\"potentialAction\":[{\"@type\":\"ReadAction\",\"target\":[\"https:\/\/www.nature-bois-concept.com\/magazine\/garde-corps\/guides\/installer\/\"]}]},{\"@type\":\"ImageObject\",\"inLanguage\":\"fr-FR\",\"@id\":\"https:\/\/www.nature-bois-concept.com\/magazine\/garde-corps\/guides\/installer\/#primaryimage\",\"url\":\"https:\/\/www.nature-bois-concept.com\/magazine\/wp-content\/uploads\/2016\/06\/garde-corps-verre-trempe.jpg\",\"contentUrl\":\"https:\/\/www.nature-bois-concept.com\/magazine\/wp-content\/uploads\/2016\/06\/garde-corps-verre-trempe.jpg\",\"width\":1620,\"height\":668,\"caption\":\"garde corps verre tremp\u00e9 protection terrasse bois\"},{\"@type\":\"BreadcrumbList\",\"@id\":\"https:\/\/www.nature-bois-concept.com\/magazine\/garde-corps\/guides\/installer\/#breadcrumb\",\"itemListElement\":[{\"@type\":\"ListItem\",\"position\":1,\"name\":\"Magazine NBC\",\"item\":\"https:\/\/www.nature-bois-concept.com\/magazine\/\"},{\"@type\":\"ListItem\",\"position\":2,\"name\":\"Garde-Corps\",\"item\":\"https:\/\/www.nature-bois-concept.com\/magazine\/garde-corps\/\"},{\"@type\":\"ListItem\",\"position\":3,\"name\":\"Guide Garde-Corps\",\"item\":\"https:\/\/www.nature-bois-concept.com\/magazine\/garde-corps\/guides\/\"},{\"@type\":\"ListItem\",\"position\":4,\"name\":\"Installez un garde-corps en verre\"}]},{\"@type\":\"WebSite\",\"@id\":\"https:\/\/www.nature-bois-concept.com\/magazine\/#website\",\"url\":\"https:\/\/www.nature-bois-concept.com\/magazine\/\",\"name\":\"Magazine Nature Bois Concept\",\"description\":\"En association avec Nature Bois Concept\",\"potentialAction\":[{\"@type\":\"SearchAction\",\"target\":{\"@type\":\"EntryPoint\",\"urlTemplate\":\"https:\/\/www.nature-bois-concept.com\/magazine\/?s={search_term_string}\"},\"query-input\":\"required name=search_term_string\"}],\"inLanguage\":\"fr-FR\"}]}<\/script>\n<!-- \/ Yoast SEO plugin. -->","yoast_head_json":{"title":"Comment installer son garde-corps, soi-m\u00eame?","description":"Vous avez besoin de conseils sur la r\u00e9alisation de votre garde-corps ? Suivez pas-\u00e0-pas sa pose \u00e0 l\u2019aide de notre article.","robots":{"index":"index","follow":"follow","max-snippet":"max-snippet:-1","max-image-preview":"max-image-preview:large","max-video-preview":"max-video-preview:-1"},"canonical":"https:\/\/www.nature-bois-concept.com\/magazine\/garde-corps\/guides\/installer\/","og_locale":"fr_FR","og_type":"article","og_title":"Comment installer son garde-corps, soi-m\u00eame?","og_description":"Vous avez besoin de conseils sur la r\u00e9alisation de votre garde-corps ? Suivez pas-\u00e0-pas sa pose \u00e0 l\u2019aide de notre article.","og_url":"https:\/\/www.nature-bois-concept.com\/magazine\/garde-corps\/guides\/installer\/","og_site_name":"Magazine Nature Bois Concept","article_publisher":"https:\/\/www.facebook.com\/Nature-Bois-Concept-1596307970584169\/","article_modified_time":"2021-08-18T12:46:28+00:00","og_image":[{"width":1620,"height":668,"url":"https:\/\/www.nature-bois-concept.com\/magazine\/wp-content\/uploads\/2016\/06\/garde-corps-verre-trempe.jpg","type":"image\/jpeg"}],"twitter_card":"summary_large_image","twitter_site":"@nbc_bois","twitter_misc":{"Dur\u00e9e de lecture estim\u00e9e":"2 minutes"},"schema":{"@context":"https:\/\/schema.org","@graph":[{"@type":"WebPage","@id":"https:\/\/www.nature-bois-concept.com\/magazine\/garde-corps\/guides\/installer\/","url":"https:\/\/www.nature-bois-concept.com\/magazine\/garde-corps\/guides\/installer\/","name":"Comment installer son garde-corps, soi-m\u00eame?","isPartOf":{"@id":"https:\/\/www.nature-bois-concept.com\/magazine\/#website"},"primaryImageOfPage":{"@id":"https:\/\/www.nature-bois-concept.com\/magazine\/garde-corps\/guides\/installer\/#primaryimage"},"image":{"@id":"https:\/\/www.nature-bois-concept.com\/magazine\/garde-corps\/guides\/installer\/#primaryimage"},"thumbnailUrl":"https:\/\/www.nature-bois-concept.com\/magazine\/wp-content\/uploads\/2016\/06\/garde-corps-verre-trempe.jpg","datePublished":"2016-06-29T11:57:28+00:00","dateModified":"2021-08-18T12:46:28+00:00","description":"Vous avez besoin de conseils sur la r\u00e9alisation de votre garde-corps ? Suivez pas-\u00e0-pas sa pose \u00e0 l\u2019aide de notre article.","breadcrumb":{"@id":"https:\/\/www.nature-bois-concept.com\/magazine\/garde-corps\/guides\/installer\/#breadcrumb"},"inLanguage":"fr-FR","potentialAction":[{"@type":"ReadAction","target":["https:\/\/www.nature-bois-concept.com\/magazine\/garde-corps\/guides\/installer\/"]}]},{"@type":"ImageObject","inLanguage":"fr-FR","@id":"https:\/\/www.nature-bois-concept.com\/magazine\/garde-corps\/guides\/installer\/#primaryimage","url":"https:\/\/www.nature-bois-concept.com\/magazine\/wp-content\/uploads\/2016\/06\/garde-corps-verre-trempe.jpg","contentUrl":"https:\/\/www.nature-bois-concept.com\/magazine\/wp-content\/uploads\/2016\/06\/garde-corps-verre-trempe.jpg","width":1620,"height":668,"caption":"garde corps verre tremp\u00e9 protection terrasse bois"},{"@type":"BreadcrumbList","@id":"https:\/\/www.nature-bois-concept.com\/magazine\/garde-corps\/guides\/installer\/#breadcrumb","itemListElement":[{"@type":"ListItem","position":1,"name":"Magazine NBC","item":"https:\/\/www.nature-bois-concept.com\/magazine\/"},{"@type":"ListItem","position":2,"name":"Garde-Corps","item":"https:\/\/www.nature-bois-concept.com\/magazine\/garde-corps\/"},{"@type":"ListItem","position":3,"name":"Guide Garde-Corps","item":"https:\/\/www.nature-bois-concept.com\/magazine\/garde-corps\/guides\/"},{"@type":"ListItem","position":4,"name":"Installez un garde-corps en verre"}]},{"@type":"WebSite","@id":"https:\/\/www.nature-bois-concept.com\/magazine\/#website","url":"https:\/\/www.nature-bois-concept.com\/magazine\/","name":"Magazine Nature Bois Concept","description":"En association avec Nature Bois Concept","potentialAction":[{"@type":"SearchAction","target":{"@type":"EntryPoint","urlTemplate":"https:\/\/www.nature-bois-concept.com\/magazine\/?s={search_term_string}"},"query-input":"required name=search_term_string"}],"inLanguage":"fr-FR"}]}},"_links":{"self":[{"href":"https:\/\/www.nature-bois-concept.com\/magazine\/wp-json\/wp\/v2\/pages\/703"}],"collection":[{"href":"https:\/\/www.nature-bois-concept.com\/magazine\/wp-json\/wp\/v2\/pages"}],"about":[{"href":"https:\/\/www.nature-bois-concept.com\/magazine\/wp-json\/wp\/v2\/types\/page"}],"author":[{"embeddable":true,"href":"https:\/\/www.nature-bois-concept.com\/magazine\/wp-json\/wp\/v2\/users\/2"}],"replies":[{"embeddable":true,"href":"https:\/\/www.nature-bois-concept.com\/magazine\/wp-json\/wp\/v2\/comments?post=703"}],"version-history":[{"count":9,"href":"https:\/\/www.nature-bois-concept.com\/magazine\/wp-json\/wp\/v2\/pages\/703\/revisions"}],"predecessor-version":[{"id":6454,"href":"https:\/\/www.nature-bois-concept.com\/magazine\/wp-json\/wp\/v2\/pages\/703\/revisions\/6454"}],"up":[{"embeddable":true,"href":"https:\/\/www.nature-bois-concept.com\/magazine\/wp-json\/wp\/v2\/pages\/595"}],"wp:featuredmedia":[{"embeddable":true,"href":"https:\/\/www.nature-bois-concept.com\/magazine\/wp-json\/wp\/v2\/media\/1553"}],"wp:attachment":[{"href":"https:\/\/www.nature-bois-concept.com\/magazine\/wp-json\/wp\/v2\/media?parent=703"}],"curies":[{"name":"wp","href":"https:\/\/api.w.org\/{rel}","templated":true}]}}