{"id":700,"date":"2016-06-29T13:55:10","date_gmt":"2016-06-29T11:55:10","guid":{"rendered":"https:\/\/www.nature-bois-concept.com\/magazine\/?page_id=700"},"modified":"2017-05-02T12:08:27","modified_gmt":"2017-05-02T10:08:27","slug":"usages","status":"publish","type":"page","link":"https:\/\/www.nature-bois-concept.com\/magazine\/garde-corps\/guides\/usages\/","title":{"rendered":"Les multiples utilisations du garde-corps en verre"},"content":{"rendered":"<p style=\"text-align: justify;\">Les garde-corps en verre offrent bon nombre de possibilit\u00e9 d\u2019utilisation avec un seul objectif en ligne de mire\u00a0: la s\u00e9curit\u00e9.<\/p>\n<h2>Usages priv\u00e9s<\/h2>\n<p style=\"text-align: justify;\">Le garde-corps en verre peut se retrouver autour d\u2019une piscine ou sur un balcon. Il offre cachet et design \u00e0 votre ext\u00e9rieur tout en laissant une vue d\u00e9gag\u00e9e. Autour d\u2019une piscine, il surprend par sa fluidit\u00e9 qui offre un v\u00e9ritable espace privatif et s\u00e9curitaire en toute transparence.<\/p>\n<h2>Usages collectifs et publics<\/h2>\n<p style=\"text-align: justify;\">Il laisse passer la lumi\u00e8re et met les lieux en valeur. Dans un mus\u00e9e, une mairie ou toute autre collectivit\u00e9, le garde-corps en verre, ne brisera pas le style d\u00e9j\u00e0 en place. Il s\u2019y adaptera, qu\u2019il soit moderne ou classique, tout en assurant la s\u00e9curit\u00e9 du public.<\/p>\n<h2>Tribunes et stades<\/h2>\n<p style=\"text-align: justify;\">La transparence est primordiale au m\u00eame titre que la s\u00e9curit\u00e9. Le garde-corps en verre permet les deux puisqu\u2019il ne g\u00e2che pas la vue, tout en contenant des possibles mouvements de foule. Vue d\u00e9gag\u00e9e et s\u00e9curit\u00e9 s\u2019allient donc pour le plus grand plaisir des spectateurs.<\/p>\n<h2>Tendance 2017<\/h2>\n<p style=\"text-align: justify;\">Le garde-corps en verre sera la prochaine tendance dans l\u2019am\u00e9nagement ext\u00e9rieur pour 2017. Laisser passer la lumi\u00e8re avec une vue panoramique en feront le nec plus ultra en mati\u00e8re d\u2019architecture moderne et contemporaine, tout en s\u2019int\u00e9grant parfaitement \u00e0 l\u2019univers de l\u2019ancien.<\/p>\n<p style=\"text-align: justify;\">Retrouvez nos garde-corps en verre sur notre site en ligne et r\u00e9alisez votre devis pour finaliser votre projet de s\u00e9curit\u00e9.<\/p>\n","protected":false},"excerpt":{"rendered":"<p>Les garde-corps en verre offrent bon nombre de possibilit\u00e9 d\u2019utilisation avec un seul objectif en ligne de mire\u00a0: la s\u00e9curit\u00e9. Usages priv\u00e9s Le garde-corps en verre peut se retrouver autour d\u2019une piscine ou sur un balcon. Il offre cachet et design \u00e0 votre ext\u00e9rieur tout en laissant une vue d\u00e9gag\u00e9e. Autour d\u2019une piscine, il surprend par sa fluidit\u00e9 qui offre un v\u00e9ritable espace privatif et s\u00e9curitaire en toute transparence. Usages&#8230;<\/p>\n","protected":false},"author":2,"featured_media":1548,"parent":595,"menu_order":1,"comment_status":"closed","ping_status":"closed","template":"","meta":{"_acf_changed":false,"footnotes":""},"acf":[],"yoast_head":"<!-- This site is optimized with the Yoast SEO plugin v22.4 - https:\/\/yoast.com\/wordpress\/plugins\/seo\/ -->\n<title>Les multiples utilisations du garde-corps en verre<\/title>\n<meta name=\"description\" content=\"Usage priv\u00e9 ou public, le garde-corps convient aussi bien aux particuliers qu\u2019aux professionnels. Retrouvez ici les diff\u00e9rentes utilisations de ce produit\" \/>\n<meta name=\"robots\" content=\"index, follow, max-snippet:-1, max-image-preview:large, max-video-preview:-1\" \/>\n<link rel=\"canonical\" href=\"https:\/\/www.nature-bois-concept.com\/magazine\/garde-corps\/guides\/usages\/\" \/>\n<meta property=\"og:locale\" content=\"fr_FR\" \/>\n<meta property=\"og:type\" content=\"article\" \/>\n<meta property=\"og:title\" content=\"Les multiples utilisations du garde-corps en verre\" \/>\n<meta property=\"og:description\" content=\"Usage priv\u00e9 ou public, le garde-corps convient aussi bien aux particuliers qu\u2019aux professionnels. Retrouvez ici les diff\u00e9rentes utilisations de ce produit\" \/>\n<meta property=\"og:url\" content=\"https:\/\/www.nature-bois-concept.com\/magazine\/garde-corps\/guides\/usages\/\" \/>\n<meta property=\"og:site_name\" content=\"Magazine Nature Bois Concept\" \/>\n<meta property=\"article:publisher\" content=\"https:\/\/www.facebook.com\/Nature-Bois-Concept-1596307970584169\/\" \/>\n<meta property=\"article:modified_time\" content=\"2017-05-02T10:08:27+00:00\" \/>\n<meta property=\"og:image\" content=\"https:\/\/www.nature-bois-concept.com\/magazine\/wp-content\/uploads\/2016\/06\/terrasse-bois-suspendue-garde-corps-verre.jpg\" \/>\n\t<meta property=\"og:image:width\" content=\"1620\" \/>\n\t<meta property=\"og:image:height\" content=\"668\" \/>\n\t<meta property=\"og:image:type\" content=\"image\/jpeg\" \/>\n<meta name=\"twitter:card\" content=\"summary_large_image\" \/>\n<meta name=\"twitter:site\" content=\"@nbc_bois\" \/>\n<meta name=\"twitter:label1\" content=\"Dur\u00e9e de lecture estim\u00e9e\" \/>\n\t<meta name=\"twitter:data1\" content=\"1 minute\" \/>\n<script type=\"application\/ld+json\" class=\"yoast-schema-graph\">{\"@context\":\"https:\/\/schema.org\",\"@graph\":[{\"@type\":\"WebPage\",\"@id\":\"https:\/\/www.nature-bois-concept.com\/magazine\/garde-corps\/guides\/usages\/\",\"url\":\"https:\/\/www.nature-bois-concept.com\/magazine\/garde-corps\/guides\/usages\/\",\"name\":\"Les multiples utilisations du garde-corps en verre\",\"isPartOf\":{\"@id\":\"https:\/\/www.nature-bois-concept.com\/magazine\/#website\"},\"primaryImageOfPage\":{\"@id\":\"https:\/\/www.nature-bois-concept.com\/magazine\/garde-corps\/guides\/usages\/#primaryimage\"},\"image\":{\"@id\":\"https:\/\/www.nature-bois-concept.com\/magazine\/garde-corps\/guides\/usages\/#primaryimage\"},\"thumbnailUrl\":\"https:\/\/www.nature-bois-concept.com\/magazine\/wp-content\/uploads\/2016\/06\/terrasse-bois-suspendue-garde-corps-verre.jpg\",\"datePublished\":\"2016-06-29T11:55:10+00:00\",\"dateModified\":\"2017-05-02T10:08:27+00:00\",\"description\":\"Usage priv\u00e9 ou public, le garde-corps convient aussi bien aux particuliers qu\u2019aux professionnels. Retrouvez ici les diff\u00e9rentes utilisations de ce produit\",\"breadcrumb\":{\"@id\":\"https:\/\/www.nature-bois-concept.com\/magazine\/garde-corps\/guides\/usages\/#breadcrumb\"},\"inLanguage\":\"fr-FR\",\"potentialAction\":[{\"@type\":\"ReadAction\",\"target\":[\"https:\/\/www.nature-bois-concept.com\/magazine\/garde-corps\/guides\/usages\/\"]}]},{\"@type\":\"ImageObject\",\"inLanguage\":\"fr-FR\",\"@id\":\"https:\/\/www.nature-bois-concept.com\/magazine\/garde-corps\/guides\/usages\/#primaryimage\",\"url\":\"https:\/\/www.nature-bois-concept.com\/magazine\/wp-content\/uploads\/2016\/06\/terrasse-bois-suspendue-garde-corps-verre.jpg\",\"contentUrl\":\"https:\/\/www.nature-bois-concept.com\/magazine\/wp-content\/uploads\/2016\/06\/terrasse-bois-suspendue-garde-corps-verre.jpg\",\"width\":1620,\"height\":668,\"caption\":\"vue sur terrasse de bois suspendue\"},{\"@type\":\"BreadcrumbList\",\"@id\":\"https:\/\/www.nature-bois-concept.com\/magazine\/garde-corps\/guides\/usages\/#breadcrumb\",\"itemListElement\":[{\"@type\":\"ListItem\",\"position\":1,\"name\":\"Magazine NBC\",\"item\":\"https:\/\/www.nature-bois-concept.com\/magazine\/\"},{\"@type\":\"ListItem\",\"position\":2,\"name\":\"Garde-Corps\",\"item\":\"https:\/\/www.nature-bois-concept.com\/magazine\/garde-corps\/\"},{\"@type\":\"ListItem\",\"position\":3,\"name\":\"Guide Garde-Corps\",\"item\":\"https:\/\/www.nature-bois-concept.com\/magazine\/garde-corps\/guides\/\"},{\"@type\":\"ListItem\",\"position\":4,\"name\":\"Les multiples utilisations du garde-corps en verre\"}]},{\"@type\":\"WebSite\",\"@id\":\"https:\/\/www.nature-bois-concept.com\/magazine\/#website\",\"url\":\"https:\/\/www.nature-bois-concept.com\/magazine\/\",\"name\":\"Magazine Nature Bois Concept\",\"description\":\"En association avec Nature Bois Concept\",\"potentialAction\":[{\"@type\":\"SearchAction\",\"target\":{\"@type\":\"EntryPoint\",\"urlTemplate\":\"https:\/\/www.nature-bois-concept.com\/magazine\/?s={search_term_string}\"},\"query-input\":\"required name=search_term_string\"}],\"inLanguage\":\"fr-FR\"}]}<\/script>\n<!-- \/ Yoast SEO plugin. -->","yoast_head_json":{"title":"Les multiples utilisations du garde-corps en verre","description":"Usage priv\u00e9 ou public, le garde-corps convient aussi bien aux particuliers qu\u2019aux professionnels. Retrouvez ici les diff\u00e9rentes utilisations de ce produit","robots":{"index":"index","follow":"follow","max-snippet":"max-snippet:-1","max-image-preview":"max-image-preview:large","max-video-preview":"max-video-preview:-1"},"canonical":"https:\/\/www.nature-bois-concept.com\/magazine\/garde-corps\/guides\/usages\/","og_locale":"fr_FR","og_type":"article","og_title":"Les multiples utilisations du garde-corps en verre","og_description":"Usage priv\u00e9 ou public, le garde-corps convient aussi bien aux particuliers qu\u2019aux professionnels. Retrouvez ici les diff\u00e9rentes utilisations de ce produit","og_url":"https:\/\/www.nature-bois-concept.com\/magazine\/garde-corps\/guides\/usages\/","og_site_name":"Magazine Nature Bois Concept","article_publisher":"https:\/\/www.facebook.com\/Nature-Bois-Concept-1596307970584169\/","article_modified_time":"2017-05-02T10:08:27+00:00","og_image":[{"width":1620,"height":668,"url":"https:\/\/www.nature-bois-concept.com\/magazine\/wp-content\/uploads\/2016\/06\/terrasse-bois-suspendue-garde-corps-verre.jpg","type":"image\/jpeg"}],"twitter_card":"summary_large_image","twitter_site":"@nbc_bois","twitter_misc":{"Dur\u00e9e de lecture estim\u00e9e":"1 minute"},"schema":{"@context":"https:\/\/schema.org","@graph":[{"@type":"WebPage","@id":"https:\/\/www.nature-bois-concept.com\/magazine\/garde-corps\/guides\/usages\/","url":"https:\/\/www.nature-bois-concept.com\/magazine\/garde-corps\/guides\/usages\/","name":"Les multiples utilisations du garde-corps en verre","isPartOf":{"@id":"https:\/\/www.nature-bois-concept.com\/magazine\/#website"},"primaryImageOfPage":{"@id":"https:\/\/www.nature-bois-concept.com\/magazine\/garde-corps\/guides\/usages\/#primaryimage"},"image":{"@id":"https:\/\/www.nature-bois-concept.com\/magazine\/garde-corps\/guides\/usages\/#primaryimage"},"thumbnailUrl":"https:\/\/www.nature-bois-concept.com\/magazine\/wp-content\/uploads\/2016\/06\/terrasse-bois-suspendue-garde-corps-verre.jpg","datePublished":"2016-06-29T11:55:10+00:00","dateModified":"2017-05-02T10:08:27+00:00","description":"Usage priv\u00e9 ou public, le garde-corps convient aussi bien aux particuliers qu\u2019aux professionnels. Retrouvez ici les diff\u00e9rentes utilisations de ce produit","breadcrumb":{"@id":"https:\/\/www.nature-bois-concept.com\/magazine\/garde-corps\/guides\/usages\/#breadcrumb"},"inLanguage":"fr-FR","potentialAction":[{"@type":"ReadAction","target":["https:\/\/www.nature-bois-concept.com\/magazine\/garde-corps\/guides\/usages\/"]}]},{"@type":"ImageObject","inLanguage":"fr-FR","@id":"https:\/\/www.nature-bois-concept.com\/magazine\/garde-corps\/guides\/usages\/#primaryimage","url":"https:\/\/www.nature-bois-concept.com\/magazine\/wp-content\/uploads\/2016\/06\/terrasse-bois-suspendue-garde-corps-verre.jpg","contentUrl":"https:\/\/www.nature-bois-concept.com\/magazine\/wp-content\/uploads\/2016\/06\/terrasse-bois-suspendue-garde-corps-verre.jpg","width":1620,"height":668,"caption":"vue sur terrasse de bois suspendue"},{"@type":"BreadcrumbList","@id":"https:\/\/www.nature-bois-concept.com\/magazine\/garde-corps\/guides\/usages\/#breadcrumb","itemListElement":[{"@type":"ListItem","position":1,"name":"Magazine NBC","item":"https:\/\/www.nature-bois-concept.com\/magazine\/"},{"@type":"ListItem","position":2,"name":"Garde-Corps","item":"https:\/\/www.nature-bois-concept.com\/magazine\/garde-corps\/"},{"@type":"ListItem","position":3,"name":"Guide Garde-Corps","item":"https:\/\/www.nature-bois-concept.com\/magazine\/garde-corps\/guides\/"},{"@type":"ListItem","position":4,"name":"Les multiples utilisations du garde-corps en verre"}]},{"@type":"WebSite","@id":"https:\/\/www.nature-bois-concept.com\/magazine\/#website","url":"https:\/\/www.nature-bois-concept.com\/magazine\/","name":"Magazine Nature Bois Concept","description":"En association avec Nature Bois Concept","potentialAction":[{"@type":"SearchAction","target":{"@type":"EntryPoint","urlTemplate":"https:\/\/www.nature-bois-concept.com\/magazine\/?s={search_term_string}"},"query-input":"required name=search_term_string"}],"inLanguage":"fr-FR"}]}},"_links":{"self":[{"href":"https:\/\/www.nature-bois-concept.com\/magazine\/wp-json\/wp\/v2\/pages\/700"}],"collection":[{"href":"https:\/\/www.nature-bois-concept.com\/magazine\/wp-json\/wp\/v2\/pages"}],"about":[{"href":"https:\/\/www.nature-bois-concept.com\/magazine\/wp-json\/wp\/v2\/types\/page"}],"author":[{"embeddable":true,"href":"https:\/\/www.nature-bois-concept.com\/magazine\/wp-json\/wp\/v2\/users\/2"}],"replies":[{"embeddable":true,"href":"https:\/\/www.nature-bois-concept.com\/magazine\/wp-json\/wp\/v2\/comments?post=700"}],"version-history":[{"count":7,"href":"https:\/\/www.nature-bois-concept.com\/magazine\/wp-json\/wp\/v2\/pages\/700\/revisions"}],"predecessor-version":[{"id":3528,"href":"https:\/\/www.nature-bois-concept.com\/magazine\/wp-json\/wp\/v2\/pages\/700\/revisions\/3528"}],"up":[{"embeddable":true,"href":"https:\/\/www.nature-bois-concept.com\/magazine\/wp-json\/wp\/v2\/pages\/595"}],"wp:featuredmedia":[{"embeddable":true,"href":"https:\/\/www.nature-bois-concept.com\/magazine\/wp-json\/wp\/v2\/media\/1548"}],"wp:attachment":[{"href":"https:\/\/www.nature-bois-concept.com\/magazine\/wp-json\/wp\/v2\/media?parent=700"}],"curies":[{"name":"wp","href":"https:\/\/api.w.org\/{rel}","templated":true}]}}