{"id":698,"date":"2016-06-29T13:56:09","date_gmt":"2016-06-29T11:56:09","guid":{"rendered":"https:\/\/www.nature-bois-concept.com\/magazine\/?page_id=698"},"modified":"2021-08-18T14:48:22","modified_gmt":"2021-08-18T12:48:22","slug":"types-verre","status":"publish","type":"page","link":"https:\/\/www.nature-bois-concept.com\/magazine\/garde-corps\/actualites\/types-verre\/","title":{"rendered":"Quels types de verre peut-on utiliser pour un garde-corps ?"},"content":{"rendered":"<p>Dans un garde-corps en verre, le choix du type de verre est tr\u00e8s important car c\u2019est lui qui est le principal \u00e9l\u00e9ment de s\u00e9curit\u00e9.<\/p>\n<p style=\"text-align: justify;\">Le choix d\u00e9pend de pas mal de crit\u00e8res comme les lieux et conditions d\u2019installations du garde-corps en verre.<\/p>\n<h2>Installation du garde-corps<\/h2>\n<ul>\n<li>Risque de chute (balcon, terrasse suspendu, escalier\u2026)\u00a0;<\/li>\n<li>Sans risque de chute (cl\u00f4ture, terrasse basse\u2026)\u00a0;<\/li>\n<li>Espace priv\u00e9e (maison) ou public (administration, bureau, h\u00f4tel\u2026)\u00a0;<\/li>\n<li>Montage en int\u00e9rieur ou en ext\u00e9rieur.<\/li>\n<\/ul>\n<h2>Fixation<\/h2>\n<ul>\n<li>Pinces \u00e0 verre avec ou sans goupille de s\u00e9curit\u00e9 sur des poteaux\u00a0;<\/li>\n<li>Profils de sol avec vitrage en saillie\u00a0;<\/li>\n<li>Profils de sol pour montage lat\u00e9ral des parements de verre\u00a0;<\/li>\n<li>Pinces \u00e0 verre directement au sol\u00a0;<\/li>\n<li>Poteau acier inox, bois\u00a0;<\/li>\n<li>Cadre bois ou m\u00e9tal.<\/li>\n<\/ul>\n<h2>Les diff\u00e9rents verres<\/h2>\n<p style=\"text-align: justify;\">Le plus utilis\u00e9 est le verre feuill\u00e9 tremp\u00e9, car d\u00e9j\u00e0 il est obligatoire pour les garde-corps \u00e0 risque de chute. Il pr\u00e9sente une meilleure r\u00e9sistance \u00e0 l\u2019installation par pinces et en ext\u00e9rieur (m\u00eame en cas de vent fort) ou pour des panneaux de grandes dimensions.<\/p>\n<p style=\"text-align: justify;\">Le verre tremp\u00e9 est utilis\u00e9 en int\u00e9rieur pour les \u00e9tag\u00e8res ou les plateaux de table, dalles de sol et puits de lumi\u00e8re. En ext\u00e9rieur on le retrouve pour les barri\u00e8res de piscine.<\/p>\n<p style=\"text-align: justify;\">Le verre feuillet\u00e9, utilis\u00e9 pour les fen\u00eatres, les vitrines, il assure une protection en retardant l\u2019effraction.<\/p>\n<h2>L\u2019\u00e9paisseur<\/h2>\n<p style=\"text-align: justify;\">Pour un garde-corps, l\u2019\u00e9paisseur minimale sera de 8 mm et l\u2019\u00e9paisseur maximale pourra atteindre parfois 31 mm.<\/p>\n<p style=\"text-align: justify;\">Le choix de l\u2019\u00e9paisseur d\u00e9prendra aussi du type de montage utilis\u00e9, de la taille du parement en verre et du lieu d\u2019installation. Par exemple, pour un montage par pinces et poteaux, on utilisera plut\u00f4t des verres entre 8 et 12 mm d\u2019\u00e9paisseurs.<\/p>\n<p style=\"text-align: justify;\">Sur le <a href=\"https:\/\/www.nature-bois-concept.com\/fr\/\" target=\"_blank\" rel=\"noopener noreferrer\">site Nature Bois Concept<\/a>, vous trouverez des kits de garde-corps avec le verre et fixation selon votre utilisation et parfaitement adapt\u00e9 \u00e0 votre s\u00e9curit\u00e9, ne vous compliquez pas et faites votre devis en ligne.<\/p>\n","protected":false},"excerpt":{"rendered":"<p>Dans un garde-corps en verre, le choix du type de verre est tr\u00e8s important car c\u2019est lui qui est le principal \u00e9l\u00e9ment de s\u00e9curit\u00e9. Le choix d\u00e9pend de pas mal de crit\u00e8res comme les lieux et conditions d\u2019installations du garde-corps en verre. Installation du garde-corps Risque de chute (balcon, terrasse suspendu, escalier\u2026)\u00a0; Sans risque de chute (cl\u00f4ture, terrasse basse\u2026)\u00a0; Espace priv\u00e9e (maison) ou public (administration, bureau, h\u00f4tel\u2026)\u00a0; Montage en int\u00e9rieur&#8230;<\/p>\n","protected":false},"author":2,"featured_media":1542,"parent":594,"menu_order":1,"comment_status":"closed","ping_status":"closed","template":"","meta":{"_acf_changed":false,"footnotes":""},"acf":[],"yoast_head":"<!-- This site is optimized with the Yoast SEO plugin v22.4 - https:\/\/yoast.com\/wordpress\/plugins\/seo\/ -->\n<title>Quels types de verre peut-on utilier pour un garde-corps ?<\/title>\n<meta name=\"description\" content=\"Savez-vous qu\u2019une certaine \u00e9paisseur du verre doit \u00eatre respect\u00e9e pour votre garde-corps ? Nous vous expliquons tout.\" \/>\n<meta name=\"robots\" content=\"index, follow, max-snippet:-1, max-image-preview:large, max-video-preview:-1\" \/>\n<link rel=\"canonical\" href=\"https:\/\/www.nature-bois-concept.com\/magazine\/garde-corps\/actualites\/types-verre\/\" \/>\n<meta property=\"og:locale\" content=\"fr_FR\" \/>\n<meta property=\"og:type\" content=\"article\" \/>\n<meta property=\"og:title\" content=\"Quels types de verre peut-on utilier pour un garde-corps ?\" \/>\n<meta property=\"og:description\" content=\"Savez-vous qu\u2019une certaine \u00e9paisseur du verre doit \u00eatre respect\u00e9e pour votre garde-corps ? Nous vous expliquons tout.\" \/>\n<meta property=\"og:url\" content=\"https:\/\/www.nature-bois-concept.com\/magazine\/garde-corps\/actualites\/types-verre\/\" \/>\n<meta property=\"og:site_name\" content=\"Magazine Nature Bois Concept\" \/>\n<meta property=\"article:publisher\" content=\"https:\/\/www.facebook.com\/Nature-Bois-Concept-1596307970584169\/\" \/>\n<meta property=\"article:modified_time\" content=\"2021-08-18T12:48:22+00:00\" \/>\n<meta property=\"og:image\" content=\"https:\/\/www.nature-bois-concept.com\/magazine\/wp-content\/uploads\/2016\/06\/tour-piscine-garde-corps-verre-trempe.jpg\" \/>\n\t<meta property=\"og:image:width\" content=\"1620\" \/>\n\t<meta property=\"og:image:height\" content=\"668\" \/>\n\t<meta property=\"og:image:type\" content=\"image\/jpeg\" \/>\n<meta name=\"twitter:card\" content=\"summary_large_image\" \/>\n<meta name=\"twitter:site\" content=\"@nbc_bois\" \/>\n<meta name=\"twitter:label1\" content=\"Dur\u00e9e de lecture estim\u00e9e\" \/>\n\t<meta name=\"twitter:data1\" content=\"2 minutes\" \/>\n<script type=\"application\/ld+json\" class=\"yoast-schema-graph\">{\"@context\":\"https:\/\/schema.org\",\"@graph\":[{\"@type\":\"WebPage\",\"@id\":\"https:\/\/www.nature-bois-concept.com\/magazine\/garde-corps\/actualites\/types-verre\/\",\"url\":\"https:\/\/www.nature-bois-concept.com\/magazine\/garde-corps\/actualites\/types-verre\/\",\"name\":\"Quels types de verre peut-on utilier pour un garde-corps ?\",\"isPartOf\":{\"@id\":\"https:\/\/www.nature-bois-concept.com\/magazine\/#website\"},\"primaryImageOfPage\":{\"@id\":\"https:\/\/www.nature-bois-concept.com\/magazine\/garde-corps\/actualites\/types-verre\/#primaryimage\"},\"image\":{\"@id\":\"https:\/\/www.nature-bois-concept.com\/magazine\/garde-corps\/actualites\/types-verre\/#primaryimage\"},\"thumbnailUrl\":\"https:\/\/www.nature-bois-concept.com\/magazine\/wp-content\/uploads\/2016\/06\/tour-piscine-garde-corps-verre-trempe.jpg\",\"datePublished\":\"2016-06-29T11:56:09+00:00\",\"dateModified\":\"2021-08-18T12:48:22+00:00\",\"description\":\"Savez-vous qu\u2019une certaine \u00e9paisseur du verre doit \u00eatre respect\u00e9e pour votre garde-corps ? Nous vous expliquons tout.\",\"breadcrumb\":{\"@id\":\"https:\/\/www.nature-bois-concept.com\/magazine\/garde-corps\/actualites\/types-verre\/#breadcrumb\"},\"inLanguage\":\"fr-FR\",\"potentialAction\":[{\"@type\":\"ReadAction\",\"target\":[\"https:\/\/www.nature-bois-concept.com\/magazine\/garde-corps\/actualites\/types-verre\/\"]}]},{\"@type\":\"ImageObject\",\"inLanguage\":\"fr-FR\",\"@id\":\"https:\/\/www.nature-bois-concept.com\/magazine\/garde-corps\/actualites\/types-verre\/#primaryimage\",\"url\":\"https:\/\/www.nature-bois-concept.com\/magazine\/wp-content\/uploads\/2016\/06\/tour-piscine-garde-corps-verre-trempe.jpg\",\"contentUrl\":\"https:\/\/www.nature-bois-concept.com\/magazine\/wp-content\/uploads\/2016\/06\/tour-piscine-garde-corps-verre-trempe.jpg\",\"width\":1620,\"height\":668,\"caption\":\"tour de piscine garde corps de protection\"},{\"@type\":\"BreadcrumbList\",\"@id\":\"https:\/\/www.nature-bois-concept.com\/magazine\/garde-corps\/actualites\/types-verre\/#breadcrumb\",\"itemListElement\":[{\"@type\":\"ListItem\",\"position\":1,\"name\":\"Magazine NBC\",\"item\":\"https:\/\/www.nature-bois-concept.com\/magazine\/\"},{\"@type\":\"ListItem\",\"position\":2,\"name\":\"Garde-Corps\",\"item\":\"https:\/\/www.nature-bois-concept.com\/magazine\/garde-corps\/\"},{\"@type\":\"ListItem\",\"position\":3,\"name\":\"Article Garde-Corps\",\"item\":\"https:\/\/www.nature-bois-concept.com\/magazine\/garde-corps\/actualites\/\"},{\"@type\":\"ListItem\",\"position\":4,\"name\":\"Quels types de verre peut-on utiliser pour un garde-corps ?\"}]},{\"@type\":\"WebSite\",\"@id\":\"https:\/\/www.nature-bois-concept.com\/magazine\/#website\",\"url\":\"https:\/\/www.nature-bois-concept.com\/magazine\/\",\"name\":\"Magazine Nature Bois Concept\",\"description\":\"En association avec Nature Bois Concept\",\"potentialAction\":[{\"@type\":\"SearchAction\",\"target\":{\"@type\":\"EntryPoint\",\"urlTemplate\":\"https:\/\/www.nature-bois-concept.com\/magazine\/?s={search_term_string}\"},\"query-input\":\"required name=search_term_string\"}],\"inLanguage\":\"fr-FR\"}]}<\/script>\n<!-- \/ Yoast SEO plugin. -->","yoast_head_json":{"title":"Quels types de verre peut-on utilier pour un garde-corps ?","description":"Savez-vous qu\u2019une certaine \u00e9paisseur du verre doit \u00eatre respect\u00e9e pour votre garde-corps ? Nous vous expliquons tout.","robots":{"index":"index","follow":"follow","max-snippet":"max-snippet:-1","max-image-preview":"max-image-preview:large","max-video-preview":"max-video-preview:-1"},"canonical":"https:\/\/www.nature-bois-concept.com\/magazine\/garde-corps\/actualites\/types-verre\/","og_locale":"fr_FR","og_type":"article","og_title":"Quels types de verre peut-on utilier pour un garde-corps ?","og_description":"Savez-vous qu\u2019une certaine \u00e9paisseur du verre doit \u00eatre respect\u00e9e pour votre garde-corps ? Nous vous expliquons tout.","og_url":"https:\/\/www.nature-bois-concept.com\/magazine\/garde-corps\/actualites\/types-verre\/","og_site_name":"Magazine Nature Bois Concept","article_publisher":"https:\/\/www.facebook.com\/Nature-Bois-Concept-1596307970584169\/","article_modified_time":"2021-08-18T12:48:22+00:00","og_image":[{"width":1620,"height":668,"url":"https:\/\/www.nature-bois-concept.com\/magazine\/wp-content\/uploads\/2016\/06\/tour-piscine-garde-corps-verre-trempe.jpg","type":"image\/jpeg"}],"twitter_card":"summary_large_image","twitter_site":"@nbc_bois","twitter_misc":{"Dur\u00e9e de lecture estim\u00e9e":"2 minutes"},"schema":{"@context":"https:\/\/schema.org","@graph":[{"@type":"WebPage","@id":"https:\/\/www.nature-bois-concept.com\/magazine\/garde-corps\/actualites\/types-verre\/","url":"https:\/\/www.nature-bois-concept.com\/magazine\/garde-corps\/actualites\/types-verre\/","name":"Quels types de verre peut-on utilier pour un garde-corps ?","isPartOf":{"@id":"https:\/\/www.nature-bois-concept.com\/magazine\/#website"},"primaryImageOfPage":{"@id":"https:\/\/www.nature-bois-concept.com\/magazine\/garde-corps\/actualites\/types-verre\/#primaryimage"},"image":{"@id":"https:\/\/www.nature-bois-concept.com\/magazine\/garde-corps\/actualites\/types-verre\/#primaryimage"},"thumbnailUrl":"https:\/\/www.nature-bois-concept.com\/magazine\/wp-content\/uploads\/2016\/06\/tour-piscine-garde-corps-verre-trempe.jpg","datePublished":"2016-06-29T11:56:09+00:00","dateModified":"2021-08-18T12:48:22+00:00","description":"Savez-vous qu\u2019une certaine \u00e9paisseur du verre doit \u00eatre respect\u00e9e pour votre garde-corps ? Nous vous expliquons tout.","breadcrumb":{"@id":"https:\/\/www.nature-bois-concept.com\/magazine\/garde-corps\/actualites\/types-verre\/#breadcrumb"},"inLanguage":"fr-FR","potentialAction":[{"@type":"ReadAction","target":["https:\/\/www.nature-bois-concept.com\/magazine\/garde-corps\/actualites\/types-verre\/"]}]},{"@type":"ImageObject","inLanguage":"fr-FR","@id":"https:\/\/www.nature-bois-concept.com\/magazine\/garde-corps\/actualites\/types-verre\/#primaryimage","url":"https:\/\/www.nature-bois-concept.com\/magazine\/wp-content\/uploads\/2016\/06\/tour-piscine-garde-corps-verre-trempe.jpg","contentUrl":"https:\/\/www.nature-bois-concept.com\/magazine\/wp-content\/uploads\/2016\/06\/tour-piscine-garde-corps-verre-trempe.jpg","width":1620,"height":668,"caption":"tour de piscine garde corps de protection"},{"@type":"BreadcrumbList","@id":"https:\/\/www.nature-bois-concept.com\/magazine\/garde-corps\/actualites\/types-verre\/#breadcrumb","itemListElement":[{"@type":"ListItem","position":1,"name":"Magazine NBC","item":"https:\/\/www.nature-bois-concept.com\/magazine\/"},{"@type":"ListItem","position":2,"name":"Garde-Corps","item":"https:\/\/www.nature-bois-concept.com\/magazine\/garde-corps\/"},{"@type":"ListItem","position":3,"name":"Article Garde-Corps","item":"https:\/\/www.nature-bois-concept.com\/magazine\/garde-corps\/actualites\/"},{"@type":"ListItem","position":4,"name":"Quels types de verre peut-on utiliser pour un garde-corps ?"}]},{"@type":"WebSite","@id":"https:\/\/www.nature-bois-concept.com\/magazine\/#website","url":"https:\/\/www.nature-bois-concept.com\/magazine\/","name":"Magazine Nature Bois Concept","description":"En association avec Nature Bois Concept","potentialAction":[{"@type":"SearchAction","target":{"@type":"EntryPoint","urlTemplate":"https:\/\/www.nature-bois-concept.com\/magazine\/?s={search_term_string}"},"query-input":"required name=search_term_string"}],"inLanguage":"fr-FR"}]}},"_links":{"self":[{"href":"https:\/\/www.nature-bois-concept.com\/magazine\/wp-json\/wp\/v2\/pages\/698"}],"collection":[{"href":"https:\/\/www.nature-bois-concept.com\/magazine\/wp-json\/wp\/v2\/pages"}],"about":[{"href":"https:\/\/www.nature-bois-concept.com\/magazine\/wp-json\/wp\/v2\/types\/page"}],"author":[{"embeddable":true,"href":"https:\/\/www.nature-bois-concept.com\/magazine\/wp-json\/wp\/v2\/users\/2"}],"replies":[{"embeddable":true,"href":"https:\/\/www.nature-bois-concept.com\/magazine\/wp-json\/wp\/v2\/comments?post=698"}],"version-history":[{"count":10,"href":"https:\/\/www.nature-bois-concept.com\/magazine\/wp-json\/wp\/v2\/pages\/698\/revisions"}],"predecessor-version":[{"id":6457,"href":"https:\/\/www.nature-bois-concept.com\/magazine\/wp-json\/wp\/v2\/pages\/698\/revisions\/6457"}],"up":[{"embeddable":true,"href":"https:\/\/www.nature-bois-concept.com\/magazine\/wp-json\/wp\/v2\/pages\/594"}],"wp:featuredmedia":[{"embeddable":true,"href":"https:\/\/www.nature-bois-concept.com\/magazine\/wp-json\/wp\/v2\/media\/1542"}],"wp:attachment":[{"href":"https:\/\/www.nature-bois-concept.com\/magazine\/wp-json\/wp\/v2\/media?parent=698"}],"curies":[{"name":"wp","href":"https:\/\/api.w.org\/{rel}","templated":true}]}}