{"id":697,"date":"2016-06-29T13:59:41","date_gmt":"2016-06-29T11:59:41","guid":{"rendered":"https:\/\/www.nature-bois-concept.com\/magazine\/?page_id=697"},"modified":"2017-05-02T11:15:43","modified_gmt":"2017-05-02T09:15:43","slug":"mise-en-oeuvre","status":"publish","type":"page","link":"https:\/\/www.nature-bois-concept.com\/magazine\/cloture-bois\/guides\/mise-en-oeuvre\/","title":{"rendered":"Mise en oeuvre : les cl\u00f4tures bois"},"content":{"rendered":"<p style=\"text-align: justify;\">Vous avez d\u00e9cid\u00e9 d\u2019installer une cl\u00f4ture bois\u00a0? Que ce soit en palissade ou en cl\u00f4ture lisse la mise en \u0153uvre est simple et classique. D\u00e9couvrez toutes les \u00e9tapes sur <strong><a href=\"https:\/\/www.nature-bois-concept.com\/magazine\/cloture-bois\/guides\/\">notre guide<\/a><\/strong>.<\/p>\n<h2>La mise en \u0153uvre de la cl\u00f4ture bois en palissade<\/h2>\n<p style=\"text-align: justify;\">Sur un sol b\u00e9ton, vous pourrez utiliser des sabots pour mettre en place les poteaux de votre palissade. Pour un sol en terre, il faudra faire des trous pour qu\u2019ils soient enfonc\u00e9s d\u2019environ 50 cm de profondeur. Il existe deux types de poteaux avec lesquels vous pourrez construire votre palissade\u00a0: les poteaux extr\u00e9mit\u00e9 \u00e0 une rainure, qui comme son nom l\u2019indique se placeront aux extr\u00e9mit\u00e9s de votre palissade, et les poteaux interm\u00e9diaires, \u00e0 deux rainures, qui eux serviront de jonction entre les clins, selon la longueur de la palissade. D\u2019ailleurs, si les clins ont une longueur de base de 1,95 m, ils pourront \u00eatre sci\u00e9s pour s\u2019adapter \u00e0 des longueurs interm\u00e9diaires selon votre projet.<\/p>\n<p>Les lames s\u2019embo\u00eetent les unes sur les autres entre les deux poteaux et on termine par la lame de finition.<\/p>\n<h2>Les calculs de fournitures<\/h2>\n<p style=\"text-align: justify;\"><strong>\u00a0Exemple de 50ml de cl\u00f4ture avec une hauteur souhait\u00e9e de 1,80m :<\/strong><\/p>\n<p style=\"text-align: justify;\">Nombre de lames de cl\u00f4tures 33x128x1950mm :\u00a0il faut d&rsquo;abord calculer le nombre de lames par intervalle (entre chaque poteau) : 1,80 \/ 0,128 = 14,06 soit 14 lames.<br \/>\nPuis calculer le nombre d&rsquo;intervalles : 50ml \/ 1,95m = 25,64 soit 26 intervalles TOTAL : 26 x 14 = 364 lames soit 364 x 1,95m = 709ml de lames.<br \/>\nIl y aura autant de lames de finitions que d&rsquo;intervalles soit 26 lames.<br \/>\nIl y aura 27 poteaux dont 25 interm\u00e9diaires et 2 d&rsquo;extr\u00e9mit\u00e9s. Soustraire autant de poteaux interm\u00e9diaires que d&rsquo;angles.<\/p>\n<h2>La mise en \u0153uvre de la cl\u00f4ture bois lisse en rondin<\/h2>\n<p style=\"text-align: justify;\">Qu\u2019ils soient \u00e0 une ou deux lisses, les poteaux pourront varier d\u2019une hauteur de 1,50 m \u00e0 2 m pour ceux \u00e0 deux lisses. La hauteur pour enfoncer restera la m\u00eame\u00a0: 50 cm. Ensuite, la longueur est g\u00e9n\u00e9ralement de deux m\u00e8tres. On aura donc cette distance entre chaque poteau. Les lisses font g\u00e9n\u00e9ralement 80 mm de diam\u00e8tre.<\/p>\n<h2>Les calculs de fournitures<\/h2>\n<p style=\"text-align: justify;\">Exemple avec une cl\u00f4ture de longueur souhait\u00e9 10 ml<\/p>\n<p style=\"text-align: justify;\">10 ml \/ 2 m = 5, soit 5 lisses<\/p>\n<p style=\"text-align: justify;\">Il faut compter un poteau par lisse, plus ceux des extr\u00e9mit\u00e9s, soit ici 7 poteaux.<\/p>\n<p style=\"text-align: justify;\">La mise en \u0153uvre d\u2019une cl\u00f4ture bois est donc d\u2019une simplicit\u00e9 \u00e9tonnante et vous permettra de cl\u00f4turer votre espace de fa\u00e7on \u00e9l\u00e9gante, que ce soit pour la palissade bois ou la cl\u00f4ture en rondin lisse. N\u2019attendez plus pour faire votre devis sur notre site en ligne.<\/p>\n<h2>Plus d&rsquo;informations<\/h2>\n<ul>\n<li><a href=\"https:\/\/www.nature-bois-concept.com\/magazine\/cloture-bois\/guides\/guide-achat\/\">Comment acheter une cl\u00f4ture bois?<\/a><\/li>\n<\/ul>\n","protected":false},"excerpt":{"rendered":"<p>Vous avez d\u00e9cid\u00e9 d\u2019installer une cl\u00f4ture bois\u00a0? Que ce soit en palissade ou en cl\u00f4ture lisse la mise en \u0153uvre est simple et classique. D\u00e9couvrez toutes les \u00e9tapes sur notre guide. La mise en \u0153uvre de la cl\u00f4ture bois en palissade Sur un sol b\u00e9ton, vous pourrez utiliser des sabots pour mettre en place les poteaux de votre palissade. Pour un sol en terre, il faudra faire des trous pour&#8230;<\/p>\n","protected":false},"author":2,"featured_media":3522,"parent":589,"menu_order":2,"comment_status":"closed","ping_status":"closed","template":"","meta":{"_acf_changed":false,"footnotes":""},"acf":[],"yoast_head":"<!-- This site is optimized with the Yoast SEO plugin v22.4 - https:\/\/yoast.com\/wordpress\/plugins\/seo\/ -->\n<title>Mise en oeuvre : les cl\u00f4tures bois<\/title>\n<meta name=\"description\" content=\"Vous avez d\u00e9cid\u00e9 de monter une cl\u00f4ture bois? Nature Bois Concept vous indique comment proc\u00e9der, avec les fournitures \u00e0 avoir pour la pose.\" \/>\n<meta name=\"robots\" content=\"index, follow, max-snippet:-1, max-image-preview:large, max-video-preview:-1\" \/>\n<link rel=\"canonical\" href=\"https:\/\/www.nature-bois-concept.com\/magazine\/cloture-bois\/guides\/mise-en-oeuvre\/\" \/>\n<meta property=\"og:locale\" content=\"fr_FR\" \/>\n<meta property=\"og:type\" content=\"article\" \/>\n<meta property=\"og:title\" content=\"Mise en oeuvre : les cl\u00f4tures bois\" \/>\n<meta property=\"og:description\" content=\"Vous avez d\u00e9cid\u00e9 de monter une cl\u00f4ture bois? Nature Bois Concept vous indique comment proc\u00e9der, avec les fournitures \u00e0 avoir pour la pose.\" \/>\n<meta property=\"og:url\" content=\"https:\/\/www.nature-bois-concept.com\/magazine\/cloture-bois\/guides\/mise-en-oeuvre\/\" \/>\n<meta property=\"og:site_name\" content=\"Magazine Nature Bois Concept\" \/>\n<meta property=\"article:publisher\" content=\"https:\/\/www.facebook.com\/Nature-Bois-Concept-1596307970584169\/\" \/>\n<meta property=\"article:modified_time\" content=\"2017-05-02T09:15:43+00:00\" \/>\n<meta property=\"og:image\" content=\"https:\/\/www.nature-bois-concept.com\/magazine\/wp-content\/uploads\/2016\/06\/image-a-la-une-R\u00e9cup\u00e9r\u00e9-1620x440.jpg\" \/>\n\t<meta property=\"og:image:width\" content=\"1620\" \/>\n\t<meta property=\"og:image:height\" content=\"440\" \/>\n\t<meta property=\"og:image:type\" content=\"image\/jpeg\" \/>\n<meta name=\"twitter:card\" content=\"summary_large_image\" \/>\n<meta name=\"twitter:site\" content=\"@nbc_bois\" \/>\n<meta name=\"twitter:label1\" content=\"Dur\u00e9e de lecture estim\u00e9e\" \/>\n\t<meta name=\"twitter:data1\" content=\"2 minutes\" \/>\n<script type=\"application\/ld+json\" class=\"yoast-schema-graph\">{\"@context\":\"https:\/\/schema.org\",\"@graph\":[{\"@type\":\"WebPage\",\"@id\":\"https:\/\/www.nature-bois-concept.com\/magazine\/cloture-bois\/guides\/mise-en-oeuvre\/\",\"url\":\"https:\/\/www.nature-bois-concept.com\/magazine\/cloture-bois\/guides\/mise-en-oeuvre\/\",\"name\":\"Mise en oeuvre : les cl\u00f4tures bois\",\"isPartOf\":{\"@id\":\"https:\/\/www.nature-bois-concept.com\/magazine\/#website\"},\"primaryImageOfPage\":{\"@id\":\"https:\/\/www.nature-bois-concept.com\/magazine\/cloture-bois\/guides\/mise-en-oeuvre\/#primaryimage\"},\"image\":{\"@id\":\"https:\/\/www.nature-bois-concept.com\/magazine\/cloture-bois\/guides\/mise-en-oeuvre\/#primaryimage\"},\"thumbnailUrl\":\"https:\/\/www.nature-bois-concept.com\/magazine\/wp-content\/uploads\/2016\/06\/image-a-la-une-R\u00e9cup\u00e9r\u00e9-1620x440.jpg\",\"datePublished\":\"2016-06-29T11:59:41+00:00\",\"dateModified\":\"2017-05-02T09:15:43+00:00\",\"description\":\"Vous avez d\u00e9cid\u00e9 de monter une cl\u00f4ture bois? Nature Bois Concept vous indique comment proc\u00e9der, avec les fournitures \u00e0 avoir pour la pose.\",\"breadcrumb\":{\"@id\":\"https:\/\/www.nature-bois-concept.com\/magazine\/cloture-bois\/guides\/mise-en-oeuvre\/#breadcrumb\"},\"inLanguage\":\"fr-FR\",\"potentialAction\":[{\"@type\":\"ReadAction\",\"target\":[\"https:\/\/www.nature-bois-concept.com\/magazine\/cloture-bois\/guides\/mise-en-oeuvre\/\"]}]},{\"@type\":\"ImageObject\",\"inLanguage\":\"fr-FR\",\"@id\":\"https:\/\/www.nature-bois-concept.com\/magazine\/cloture-bois\/guides\/mise-en-oeuvre\/#primaryimage\",\"url\":\"https:\/\/www.nature-bois-concept.com\/magazine\/wp-content\/uploads\/2016\/06\/image-a-la-une-R\u00e9cup\u00e9r\u00e9-1620x440.jpg\",\"contentUrl\":\"https:\/\/www.nature-bois-concept.com\/magazine\/wp-content\/uploads\/2016\/06\/image-a-la-une-R\u00e9cup\u00e9r\u00e9-1620x440.jpg\",\"width\":1620,\"height\":440,\"caption\":\"bardage en bois\"},{\"@type\":\"BreadcrumbList\",\"@id\":\"https:\/\/www.nature-bois-concept.com\/magazine\/cloture-bois\/guides\/mise-en-oeuvre\/#breadcrumb\",\"itemListElement\":[{\"@type\":\"ListItem\",\"position\":1,\"name\":\"Magazine NBC\",\"item\":\"https:\/\/www.nature-bois-concept.com\/magazine\/\"},{\"@type\":\"ListItem\",\"position\":2,\"name\":\"Cl\u00f4ture Bois\",\"item\":\"https:\/\/www.nature-bois-concept.com\/magazine\/cloture-bois\/\"},{\"@type\":\"ListItem\",\"position\":3,\"name\":\"Guide Cl\u00f4ture Bois\",\"item\":\"https:\/\/www.nature-bois-concept.com\/magazine\/cloture-bois\/guides\/\"},{\"@type\":\"ListItem\",\"position\":4,\"name\":\"Mise en oeuvre : les cl\u00f4tures bois\"}]},{\"@type\":\"WebSite\",\"@id\":\"https:\/\/www.nature-bois-concept.com\/magazine\/#website\",\"url\":\"https:\/\/www.nature-bois-concept.com\/magazine\/\",\"name\":\"Magazine Nature Bois Concept\",\"description\":\"En association avec Nature Bois Concept\",\"potentialAction\":[{\"@type\":\"SearchAction\",\"target\":{\"@type\":\"EntryPoint\",\"urlTemplate\":\"https:\/\/www.nature-bois-concept.com\/magazine\/?s={search_term_string}\"},\"query-input\":\"required name=search_term_string\"}],\"inLanguage\":\"fr-FR\"}]}<\/script>\n<!-- \/ Yoast SEO plugin. -->","yoast_head_json":{"title":"Mise en oeuvre : les cl\u00f4tures bois","description":"Vous avez d\u00e9cid\u00e9 de monter une cl\u00f4ture bois? Nature Bois Concept vous indique comment proc\u00e9der, avec les fournitures \u00e0 avoir pour la pose.","robots":{"index":"index","follow":"follow","max-snippet":"max-snippet:-1","max-image-preview":"max-image-preview:large","max-video-preview":"max-video-preview:-1"},"canonical":"https:\/\/www.nature-bois-concept.com\/magazine\/cloture-bois\/guides\/mise-en-oeuvre\/","og_locale":"fr_FR","og_type":"article","og_title":"Mise en oeuvre : les cl\u00f4tures bois","og_description":"Vous avez d\u00e9cid\u00e9 de monter une cl\u00f4ture bois? Nature Bois Concept vous indique comment proc\u00e9der, avec les fournitures \u00e0 avoir pour la pose.","og_url":"https:\/\/www.nature-bois-concept.com\/magazine\/cloture-bois\/guides\/mise-en-oeuvre\/","og_site_name":"Magazine Nature Bois Concept","article_publisher":"https:\/\/www.facebook.com\/Nature-Bois-Concept-1596307970584169\/","article_modified_time":"2017-05-02T09:15:43+00:00","og_image":[{"width":1620,"height":440,"url":"https:\/\/www.nature-bois-concept.com\/magazine\/wp-content\/uploads\/2016\/06\/image-a-la-une-R\u00e9cup\u00e9r\u00e9-1620x440.jpg","type":"image\/jpeg"}],"twitter_card":"summary_large_image","twitter_site":"@nbc_bois","twitter_misc":{"Dur\u00e9e de lecture estim\u00e9e":"2 minutes"},"schema":{"@context":"https:\/\/schema.org","@graph":[{"@type":"WebPage","@id":"https:\/\/www.nature-bois-concept.com\/magazine\/cloture-bois\/guides\/mise-en-oeuvre\/","url":"https:\/\/www.nature-bois-concept.com\/magazine\/cloture-bois\/guides\/mise-en-oeuvre\/","name":"Mise en oeuvre : les cl\u00f4tures bois","isPartOf":{"@id":"https:\/\/www.nature-bois-concept.com\/magazine\/#website"},"primaryImageOfPage":{"@id":"https:\/\/www.nature-bois-concept.com\/magazine\/cloture-bois\/guides\/mise-en-oeuvre\/#primaryimage"},"image":{"@id":"https:\/\/www.nature-bois-concept.com\/magazine\/cloture-bois\/guides\/mise-en-oeuvre\/#primaryimage"},"thumbnailUrl":"https:\/\/www.nature-bois-concept.com\/magazine\/wp-content\/uploads\/2016\/06\/image-a-la-une-R\u00e9cup\u00e9r\u00e9-1620x440.jpg","datePublished":"2016-06-29T11:59:41+00:00","dateModified":"2017-05-02T09:15:43+00:00","description":"Vous avez d\u00e9cid\u00e9 de monter une cl\u00f4ture bois? Nature Bois Concept vous indique comment proc\u00e9der, avec les fournitures \u00e0 avoir pour la pose.","breadcrumb":{"@id":"https:\/\/www.nature-bois-concept.com\/magazine\/cloture-bois\/guides\/mise-en-oeuvre\/#breadcrumb"},"inLanguage":"fr-FR","potentialAction":[{"@type":"ReadAction","target":["https:\/\/www.nature-bois-concept.com\/magazine\/cloture-bois\/guides\/mise-en-oeuvre\/"]}]},{"@type":"ImageObject","inLanguage":"fr-FR","@id":"https:\/\/www.nature-bois-concept.com\/magazine\/cloture-bois\/guides\/mise-en-oeuvre\/#primaryimage","url":"https:\/\/www.nature-bois-concept.com\/magazine\/wp-content\/uploads\/2016\/06\/image-a-la-une-R\u00e9cup\u00e9r\u00e9-1620x440.jpg","contentUrl":"https:\/\/www.nature-bois-concept.com\/magazine\/wp-content\/uploads\/2016\/06\/image-a-la-une-R\u00e9cup\u00e9r\u00e9-1620x440.jpg","width":1620,"height":440,"caption":"bardage en bois"},{"@type":"BreadcrumbList","@id":"https:\/\/www.nature-bois-concept.com\/magazine\/cloture-bois\/guides\/mise-en-oeuvre\/#breadcrumb","itemListElement":[{"@type":"ListItem","position":1,"name":"Magazine NBC","item":"https:\/\/www.nature-bois-concept.com\/magazine\/"},{"@type":"ListItem","position":2,"name":"Cl\u00f4ture Bois","item":"https:\/\/www.nature-bois-concept.com\/magazine\/cloture-bois\/"},{"@type":"ListItem","position":3,"name":"Guide Cl\u00f4ture Bois","item":"https:\/\/www.nature-bois-concept.com\/magazine\/cloture-bois\/guides\/"},{"@type":"ListItem","position":4,"name":"Mise en oeuvre : les cl\u00f4tures bois"}]},{"@type":"WebSite","@id":"https:\/\/www.nature-bois-concept.com\/magazine\/#website","url":"https:\/\/www.nature-bois-concept.com\/magazine\/","name":"Magazine Nature Bois Concept","description":"En association avec Nature Bois Concept","potentialAction":[{"@type":"SearchAction","target":{"@type":"EntryPoint","urlTemplate":"https:\/\/www.nature-bois-concept.com\/magazine\/?s={search_term_string}"},"query-input":"required name=search_term_string"}],"inLanguage":"fr-FR"}]}},"_links":{"self":[{"href":"https:\/\/www.nature-bois-concept.com\/magazine\/wp-json\/wp\/v2\/pages\/697"}],"collection":[{"href":"https:\/\/www.nature-bois-concept.com\/magazine\/wp-json\/wp\/v2\/pages"}],"about":[{"href":"https:\/\/www.nature-bois-concept.com\/magazine\/wp-json\/wp\/v2\/types\/page"}],"author":[{"embeddable":true,"href":"https:\/\/www.nature-bois-concept.com\/magazine\/wp-json\/wp\/v2\/users\/2"}],"replies":[{"embeddable":true,"href":"https:\/\/www.nature-bois-concept.com\/magazine\/wp-json\/wp\/v2\/comments?post=697"}],"version-history":[{"count":8,"href":"https:\/\/www.nature-bois-concept.com\/magazine\/wp-json\/wp\/v2\/pages\/697\/revisions"}],"predecessor-version":[{"id":3521,"href":"https:\/\/www.nature-bois-concept.com\/magazine\/wp-json\/wp\/v2\/pages\/697\/revisions\/3521"}],"up":[{"embeddable":true,"href":"https:\/\/www.nature-bois-concept.com\/magazine\/wp-json\/wp\/v2\/pages\/589"}],"wp:featuredmedia":[{"embeddable":true,"href":"https:\/\/www.nature-bois-concept.com\/magazine\/wp-json\/wp\/v2\/media\/3522"}],"wp:attachment":[{"href":"https:\/\/www.nature-bois-concept.com\/magazine\/wp-json\/wp\/v2\/media?parent=697"}],"curies":[{"name":"wp","href":"https:\/\/api.w.org\/{rel}","templated":true}]}}