{"id":692,"date":"2016-06-29T14:10:19","date_gmt":"2016-06-29T12:10:19","guid":{"rendered":"https:\/\/www.nature-bois-concept.com\/magazine\/?page_id=692"},"modified":"2025-02-26T15:42:04","modified_gmt":"2025-02-26T14:42:04","slug":"normes-pose","status":"publish","type":"page","link":"https:\/\/www.nature-bois-concept.com\/magazine\/bardage-bois\/guides\/normes-pose\/","title":{"rendered":"Les formalit\u00e9s administratives pour l&rsquo;installation d&rsquo;un bardage bois sur votre fa\u00e7ade"},"content":{"rendered":"<p>Vous avez envie de renouveler votre ext\u00e9rieur\u00a0? Vous avez donc opt\u00e9 pour l\u2019installation d\u2019un bardage bois pour votre fa\u00e7ade, esth\u00e9tique et isolant. Mais celui-ci va modifier votre fa\u00e7ade et des autorisations administratives s\u2019imposent. <a href=\"https:\/\/www.nature-bois-concept.com\/fr\/\" rel=\"noopener noreferrer\">Nature Bois Concept<\/a> vous indique la d\u00e9marche \u00e0 suivre.<\/p>\n<h2>Modification de l\u2019aspect ext\u00e9rieur de votre maison, la d\u00e9claration pr\u00e9alable de travaux<\/h2>\n<p style=\"text-align: justify;\">Dans le cas de l\u2019installation d\u2019un bardage bois sur votre fa\u00e7ade, celui-ci modifie son aspect ext\u00e9rieur.\u00a0 Le cas rel\u00e8ve donc de la d\u00e9claration pr\u00e9alable, construction et travaux non soumis \u00e0 un permis de construire sur une maison individuelle et\/ou ses annexes. On trouve facilement le formulaire CERFA n\u00b013703*05 sur le site Service-Public.fr, indispensable pour pr\u00e9parer et ensuite d\u00e9poser sa demande dans votre mairie. Apr\u00e8s le d\u00e9p\u00f4t de votre dossier, il faut compter un mois pour obtenir une r\u00e9ponse. La mairie accepte vous avez deux ans pour effectuer les travaux. La mairie refuse, vous disposez de deux mois pour faire appel de la d\u00e9cision. Vous n\u2019avez pas de nouvelles de la mairie au bout d\u2019un mois, vous pouvez consid\u00e9rer que votre demande est accept\u00e9e.<\/p>\n<h2>Tout d\u00e9pendra de l\u2019implantation de votre b\u00e2timent<\/h2>\n<p style=\"text-align: justify;\">Le lieu o\u00f9 se trouve votre maison pourra \u00eatre d\u00e9terminant pour l\u2019installation d\u2019un bardage bois sur votre fa\u00e7ade. En pleine campagne, il est plus facile d\u2019obtenir l\u2019autorisation n\u00e9cessaire. En zone urbaine, il est important de bien savoir si votre maison est situ\u00e9e ou non dans une zone prot\u00e9g\u00e9e. Dans ce cas, votre demande de travaux devra obtenir l\u2019agr\u00e9ment de l\u2019architecte des b\u00e2timents de France. N\u2019h\u00e9sitez donc pas \u00e0 vous rendre au service local d\u2019urbanisme de votre mairie, avant d\u2019y d\u00e9poser votre dossier, pour vous informer des r\u00e8gles d\u2019urbanisme en vigueur dans votre zone d\u2019habitation. Vous \u00e9viterez ainsi que votre demande de travaux soit rejet\u00e9e.<\/p>\n<p style=\"text-align: justify;\">Vous pouvez installer un bardage bois sur votre fa\u00e7ade\u00a0? Venez d\u00e9couvrir la gamme de clins de bardage bois sur notre site et faites votre <a href=\"\/fr\/bardage-bois\/devis\/mon-projet\/\" target=\"_blank\" rel=\"noopener noreferrer\">devis en ligne<\/a>.<\/p>\n<p>&nbsp;<\/p>\n","protected":false},"excerpt":{"rendered":"<p>Vous avez envie de renouveler votre ext\u00e9rieur\u00a0? Vous avez donc opt\u00e9 pour l\u2019installation d\u2019un bardage bois pour votre fa\u00e7ade, esth\u00e9tique et isolant. Mais celui-ci va modifier votre fa\u00e7ade et des autorisations administratives s\u2019imposent. Nature Bois Concept vous indique la d\u00e9marche \u00e0 suivre. Modification de l\u2019aspect ext\u00e9rieur de votre maison, la d\u00e9claration pr\u00e9alable de travaux Dans le cas de l\u2019installation d\u2019un bardage bois sur votre fa\u00e7ade, celui-ci modifie son aspect ext\u00e9rieur.\u00a0&#8230;<\/p>\n","protected":false},"author":2,"featured_media":1524,"parent":580,"menu_order":1,"comment_status":"closed","ping_status":"closed","template":"","meta":{"_acf_changed":false,"footnotes":""},"acf":[],"yoast_head":"<!-- This site is optimized with the Yoast SEO plugin v22.4 - https:\/\/yoast.com\/wordpress\/plugins\/seo\/ -->\n<title>Les normes et r\u00e8gles pour l&#039;installation d&#039;un bardage bois<\/title>\n<meta name=\"description\" content=\"La pose d&#039;un bardage bois en fa\u00e7ade est une activit\u00e9 bien r\u00e9glement\u00e9e et norm\u00e9e. Nature Bois Concept vous les indique les formalit\u00e9s \u00e0 respecter.\" \/>\n<meta name=\"robots\" content=\"index, follow, max-snippet:-1, max-image-preview:large, max-video-preview:-1\" \/>\n<link rel=\"canonical\" href=\"https:\/\/www.nature-bois-concept.com\/magazine\/bardage-bois\/guides\/normes-pose\/\" \/>\n<meta property=\"og:locale\" content=\"fr_FR\" \/>\n<meta property=\"og:type\" content=\"article\" \/>\n<meta property=\"og:title\" content=\"Les normes et r\u00e8gles pour l&#039;installation d&#039;un bardage bois\" \/>\n<meta property=\"og:description\" content=\"La pose d&#039;un bardage bois en fa\u00e7ade est une activit\u00e9 bien r\u00e9glement\u00e9e et norm\u00e9e. Nature Bois Concept vous les indique les formalit\u00e9s \u00e0 respecter.\" \/>\n<meta property=\"og:url\" content=\"https:\/\/www.nature-bois-concept.com\/magazine\/bardage-bois\/guides\/normes-pose\/\" \/>\n<meta property=\"og:site_name\" content=\"Magazine Nature Bois Concept\" \/>\n<meta property=\"article:publisher\" content=\"https:\/\/www.facebook.com\/Nature-Bois-Concept-1596307970584169\/\" \/>\n<meta property=\"article:modified_time\" content=\"2025-02-26T14:42:04+00:00\" \/>\n<meta property=\"og:image\" content=\"https:\/\/www.nature-bois-concept.com\/magazine\/wp-content\/uploads\/2016\/06\/realisation-bardage-bois.jpg\" \/>\n\t<meta property=\"og:image:width\" content=\"1620\" \/>\n\t<meta property=\"og:image:height\" content=\"668\" \/>\n\t<meta property=\"og:image:type\" content=\"image\/jpeg\" \/>\n<meta name=\"twitter:card\" content=\"summary_large_image\" \/>\n<meta name=\"twitter:site\" content=\"@nbc_bois\" \/>\n<meta name=\"twitter:label1\" content=\"Dur\u00e9e de lecture estim\u00e9e\" \/>\n\t<meta name=\"twitter:data1\" content=\"2 minutes\" \/>\n<script type=\"application\/ld+json\" class=\"yoast-schema-graph\">{\"@context\":\"https:\/\/schema.org\",\"@graph\":[{\"@type\":\"WebPage\",\"@id\":\"https:\/\/www.nature-bois-concept.com\/magazine\/bardage-bois\/guides\/normes-pose\/\",\"url\":\"https:\/\/www.nature-bois-concept.com\/magazine\/bardage-bois\/guides\/normes-pose\/\",\"name\":\"Les normes et r\u00e8gles pour l'installation d'un bardage bois\",\"isPartOf\":{\"@id\":\"https:\/\/www.nature-bois-concept.com\/magazine\/#website\"},\"primaryImageOfPage\":{\"@id\":\"https:\/\/www.nature-bois-concept.com\/magazine\/bardage-bois\/guides\/normes-pose\/#primaryimage\"},\"image\":{\"@id\":\"https:\/\/www.nature-bois-concept.com\/magazine\/bardage-bois\/guides\/normes-pose\/#primaryimage\"},\"thumbnailUrl\":\"https:\/\/www.nature-bois-concept.com\/magazine\/wp-content\/uploads\/2016\/06\/realisation-bardage-bois.jpg\",\"datePublished\":\"2016-06-29T12:10:19+00:00\",\"dateModified\":\"2025-02-26T14:42:04+00:00\",\"description\":\"La pose d'un bardage bois en fa\u00e7ade est une activit\u00e9 bien r\u00e9glement\u00e9e et norm\u00e9e. Nature Bois Concept vous les indique les formalit\u00e9s \u00e0 respecter.\",\"breadcrumb\":{\"@id\":\"https:\/\/www.nature-bois-concept.com\/magazine\/bardage-bois\/guides\/normes-pose\/#breadcrumb\"},\"inLanguage\":\"fr-FR\",\"potentialAction\":[{\"@type\":\"ReadAction\",\"target\":[\"https:\/\/www.nature-bois-concept.com\/magazine\/bardage-bois\/guides\/normes-pose\/\"]}]},{\"@type\":\"ImageObject\",\"inLanguage\":\"fr-FR\",\"@id\":\"https:\/\/www.nature-bois-concept.com\/magazine\/bardage-bois\/guides\/normes-pose\/#primaryimage\",\"url\":\"https:\/\/www.nature-bois-concept.com\/magazine\/wp-content\/uploads\/2016\/06\/realisation-bardage-bois.jpg\",\"contentUrl\":\"https:\/\/www.nature-bois-concept.com\/magazine\/wp-content\/uploads\/2016\/06\/realisation-bardage-bois.jpg\",\"width\":1620,\"height\":668,\"caption\":\"r\u00e9alisation bardage bois belle maison moderne\"},{\"@type\":\"BreadcrumbList\",\"@id\":\"https:\/\/www.nature-bois-concept.com\/magazine\/bardage-bois\/guides\/normes-pose\/#breadcrumb\",\"itemListElement\":[{\"@type\":\"ListItem\",\"position\":1,\"name\":\"Magazine NBC\",\"item\":\"https:\/\/www.nature-bois-concept.com\/magazine\/\"},{\"@type\":\"ListItem\",\"position\":2,\"name\":\"Bardage bois\",\"item\":\"https:\/\/www.nature-bois-concept.com\/magazine\/bardage-bois\/\"},{\"@type\":\"ListItem\",\"position\":3,\"name\":\"Guide Bardage Bois\",\"item\":\"https:\/\/www.nature-bois-concept.com\/magazine\/bardage-bois\/guides\/\"},{\"@type\":\"ListItem\",\"position\":4,\"name\":\"Les formalit\u00e9s administratives pour l&rsquo;installation d&rsquo;un bardage bois sur votre fa\u00e7ade\"}]},{\"@type\":\"WebSite\",\"@id\":\"https:\/\/www.nature-bois-concept.com\/magazine\/#website\",\"url\":\"https:\/\/www.nature-bois-concept.com\/magazine\/\",\"name\":\"Magazine Nature Bois Concept\",\"description\":\"En association avec Nature Bois Concept\",\"potentialAction\":[{\"@type\":\"SearchAction\",\"target\":{\"@type\":\"EntryPoint\",\"urlTemplate\":\"https:\/\/www.nature-bois-concept.com\/magazine\/?s={search_term_string}\"},\"query-input\":\"required name=search_term_string\"}],\"inLanguage\":\"fr-FR\"}]}<\/script>\n<!-- \/ Yoast SEO plugin. -->","yoast_head_json":{"title":"Les normes et r\u00e8gles pour l'installation d'un bardage bois","description":"La pose d'un bardage bois en fa\u00e7ade est une activit\u00e9 bien r\u00e9glement\u00e9e et norm\u00e9e. Nature Bois Concept vous les indique les formalit\u00e9s \u00e0 respecter.","robots":{"index":"index","follow":"follow","max-snippet":"max-snippet:-1","max-image-preview":"max-image-preview:large","max-video-preview":"max-video-preview:-1"},"canonical":"https:\/\/www.nature-bois-concept.com\/magazine\/bardage-bois\/guides\/normes-pose\/","og_locale":"fr_FR","og_type":"article","og_title":"Les normes et r\u00e8gles pour l'installation d'un bardage bois","og_description":"La pose d'un bardage bois en fa\u00e7ade est une activit\u00e9 bien r\u00e9glement\u00e9e et norm\u00e9e. Nature Bois Concept vous les indique les formalit\u00e9s \u00e0 respecter.","og_url":"https:\/\/www.nature-bois-concept.com\/magazine\/bardage-bois\/guides\/normes-pose\/","og_site_name":"Magazine Nature Bois Concept","article_publisher":"https:\/\/www.facebook.com\/Nature-Bois-Concept-1596307970584169\/","article_modified_time":"2025-02-26T14:42:04+00:00","og_image":[{"width":1620,"height":668,"url":"https:\/\/www.nature-bois-concept.com\/magazine\/wp-content\/uploads\/2016\/06\/realisation-bardage-bois.jpg","type":"image\/jpeg"}],"twitter_card":"summary_large_image","twitter_site":"@nbc_bois","twitter_misc":{"Dur\u00e9e de lecture estim\u00e9e":"2 minutes"},"schema":{"@context":"https:\/\/schema.org","@graph":[{"@type":"WebPage","@id":"https:\/\/www.nature-bois-concept.com\/magazine\/bardage-bois\/guides\/normes-pose\/","url":"https:\/\/www.nature-bois-concept.com\/magazine\/bardage-bois\/guides\/normes-pose\/","name":"Les normes et r\u00e8gles pour l'installation d'un bardage bois","isPartOf":{"@id":"https:\/\/www.nature-bois-concept.com\/magazine\/#website"},"primaryImageOfPage":{"@id":"https:\/\/www.nature-bois-concept.com\/magazine\/bardage-bois\/guides\/normes-pose\/#primaryimage"},"image":{"@id":"https:\/\/www.nature-bois-concept.com\/magazine\/bardage-bois\/guides\/normes-pose\/#primaryimage"},"thumbnailUrl":"https:\/\/www.nature-bois-concept.com\/magazine\/wp-content\/uploads\/2016\/06\/realisation-bardage-bois.jpg","datePublished":"2016-06-29T12:10:19+00:00","dateModified":"2025-02-26T14:42:04+00:00","description":"La pose d'un bardage bois en fa\u00e7ade est une activit\u00e9 bien r\u00e9glement\u00e9e et norm\u00e9e. Nature Bois Concept vous les indique les formalit\u00e9s \u00e0 respecter.","breadcrumb":{"@id":"https:\/\/www.nature-bois-concept.com\/magazine\/bardage-bois\/guides\/normes-pose\/#breadcrumb"},"inLanguage":"fr-FR","potentialAction":[{"@type":"ReadAction","target":["https:\/\/www.nature-bois-concept.com\/magazine\/bardage-bois\/guides\/normes-pose\/"]}]},{"@type":"ImageObject","inLanguage":"fr-FR","@id":"https:\/\/www.nature-bois-concept.com\/magazine\/bardage-bois\/guides\/normes-pose\/#primaryimage","url":"https:\/\/www.nature-bois-concept.com\/magazine\/wp-content\/uploads\/2016\/06\/realisation-bardage-bois.jpg","contentUrl":"https:\/\/www.nature-bois-concept.com\/magazine\/wp-content\/uploads\/2016\/06\/realisation-bardage-bois.jpg","width":1620,"height":668,"caption":"r\u00e9alisation bardage bois belle maison moderne"},{"@type":"BreadcrumbList","@id":"https:\/\/www.nature-bois-concept.com\/magazine\/bardage-bois\/guides\/normes-pose\/#breadcrumb","itemListElement":[{"@type":"ListItem","position":1,"name":"Magazine NBC","item":"https:\/\/www.nature-bois-concept.com\/magazine\/"},{"@type":"ListItem","position":2,"name":"Bardage bois","item":"https:\/\/www.nature-bois-concept.com\/magazine\/bardage-bois\/"},{"@type":"ListItem","position":3,"name":"Guide Bardage Bois","item":"https:\/\/www.nature-bois-concept.com\/magazine\/bardage-bois\/guides\/"},{"@type":"ListItem","position":4,"name":"Les formalit\u00e9s administratives pour l&rsquo;installation d&rsquo;un bardage bois sur votre fa\u00e7ade"}]},{"@type":"WebSite","@id":"https:\/\/www.nature-bois-concept.com\/magazine\/#website","url":"https:\/\/www.nature-bois-concept.com\/magazine\/","name":"Magazine Nature Bois Concept","description":"En association avec Nature Bois Concept","potentialAction":[{"@type":"SearchAction","target":{"@type":"EntryPoint","urlTemplate":"https:\/\/www.nature-bois-concept.com\/magazine\/?s={search_term_string}"},"query-input":"required name=search_term_string"}],"inLanguage":"fr-FR"}]}},"_links":{"self":[{"href":"https:\/\/www.nature-bois-concept.com\/magazine\/wp-json\/wp\/v2\/pages\/692"}],"collection":[{"href":"https:\/\/www.nature-bois-concept.com\/magazine\/wp-json\/wp\/v2\/pages"}],"about":[{"href":"https:\/\/www.nature-bois-concept.com\/magazine\/wp-json\/wp\/v2\/types\/page"}],"author":[{"embeddable":true,"href":"https:\/\/www.nature-bois-concept.com\/magazine\/wp-json\/wp\/v2\/users\/2"}],"replies":[{"embeddable":true,"href":"https:\/\/www.nature-bois-concept.com\/magazine\/wp-json\/wp\/v2\/comments?post=692"}],"version-history":[{"count":14,"href":"https:\/\/www.nature-bois-concept.com\/magazine\/wp-json\/wp\/v2\/pages\/692\/revisions"}],"predecessor-version":[{"id":7637,"href":"https:\/\/www.nature-bois-concept.com\/magazine\/wp-json\/wp\/v2\/pages\/692\/revisions\/7637"}],"up":[{"embeddable":true,"href":"https:\/\/www.nature-bois-concept.com\/magazine\/wp-json\/wp\/v2\/pages\/580"}],"wp:featuredmedia":[{"embeddable":true,"href":"https:\/\/www.nature-bois-concept.com\/magazine\/wp-json\/wp\/v2\/media\/1524"}],"wp:attachment":[{"href":"https:\/\/www.nature-bois-concept.com\/magazine\/wp-json\/wp\/v2\/media?parent=692"}],"curies":[{"name":"wp","href":"https:\/\/api.w.org\/{rel}","templated":true}]}}