{"id":691,"date":"2016-06-29T15:20:10","date_gmt":"2016-06-29T13:20:10","guid":{"rendered":"https:\/\/www.nature-bois-concept.com\/magazine\/?page_id=691"},"modified":"2025-12-01T08:49:56","modified_gmt":"2025-12-01T07:49:56","slug":"entretien","status":"publish","type":"page","link":"https:\/\/www.nature-bois-concept.com\/magazine\/bardage-bois\/actualites\/entretien\/","title":{"rendered":"Entretenir son bardage bois, la simplicit\u00e9 avant tout"},"content":{"rendered":"<p style=\"text-align: justify;\">\u00c7a y est, votre fa\u00e7ade est habill\u00e9e d\u2019un bardage bois du plus bel effet. Pour que celui-ci dure dans le temps, quelques r\u00e8gles simples d\u2019entretien suffisent.<\/p>\n<h2>Les premiers points \u00e0 v\u00e9rifier<\/h2>\n<p style=\"text-align: justify;\">Les premiers points \u00e0 v\u00e9rifier sont les finitions et les fixations. Les finitions, peuvent perdre au fil du temps leur aspect et leurs qualit\u00e9s de protection. Il faut intervenir d\u00e8s les premiers signes de d\u00e9gradations et ainsi vous contr\u00f4lerez les risques de d\u00e9gradations plus importantes.<\/p>\n<p style=\"text-align: justify;\">Les fixations doivent \u00e9galement faire l\u2019objet d\u2019attention. Un \u00e9l\u00e9ment de bardage qui change de position, ou qui se d\u00e9colle, doit aussi \u00eatre r\u00e9par\u00e9 rapidement. Plus les interventions seront rapides et moins les d\u00e9gradations seront importantes.<\/p>\n<h2><img loading=\"lazy\" decoding=\"async\" class=\"aligncenter size-full wp-image-1522\" src=\"https:\/\/res.cloudinary.com\/nature-bois-concept\/image\/upload\/fl_any_format,q_auto,c_scale,c_limit,w_1200,f_auto\/www.nature-bois-concept.com\/magazine\/wp-content\/uploads\/2016\/06\/application-degriseur-facade-bardage-bois.jpg\" alt=\"application-degriseur-facade-bardage-bois\" width=\"1200\" height=\"496\" srcset=\"https:\/\/www.nature-bois-concept.com\/magazine\/wp-content\/uploads\/2016\/06\/application-degriseur-facade-bardage-bois.jpg 1200w, https:\/\/www.nature-bois-concept.com\/magazine\/wp-content\/uploads\/2016\/06\/application-degriseur-facade-bardage-bois-300x124.jpg 300w, https:\/\/www.nature-bois-concept.com\/magazine\/wp-content\/uploads\/2016\/06\/application-degriseur-facade-bardage-bois-768x317.jpg 768w, https:\/\/www.nature-bois-concept.com\/magazine\/wp-content\/uploads\/2016\/06\/application-degriseur-facade-bardage-bois-1024x423.jpg 1024w, https:\/\/www.nature-bois-concept.com\/magazine\/wp-content\/uploads\/2016\/06\/application-degriseur-facade-bardage-bois-1060x438.jpg 1060w\" sizes=\"(max-width: 1200px) 100vw, 1200px\" \/><\/h2>\n<h2>Vernis, lasure, saturateur quels produits adopter\u00a0?<\/h2>\n<p style=\"text-align: justify;\">Le bois est un mat\u00e9riau vivant. Il est naturel et chaleureux. C\u2019est la finition premi\u00e8re qui d\u00e9terminera l\u2019entretien \u00e0 apporter<\/p>\n<p style=\"text-align: justify;\">Sur le bardage ext\u00e9rieur, le vernis est \u00e0 d\u00e9conseiller car il s\u2019\u00e9caille trop rapidement et demande un entretien beaucoup trop fr\u00e9quent.<\/p>\n<p style=\"text-align: justify;\">Les lasures laissent respirer le bois et prot\u00e8ge d\u2019une couche invisible le bardage contre les intemp\u00e9ries et les UV. Il suffit de brosser pour d\u00e9barrasser la surface des salet\u00e9s et laisser s\u00e9cher si vous lessivez. Vous appliquez ensuite une sous-couche pour faciliter l\u2019impr\u00e9gnation de la lasure et jusqu\u2019\u00e0 3 couches de lasure.<\/p>\n<p style=\"text-align: justify;\">Si votre bois est rest\u00e9 au naturel et a gris\u00e9, vous pourrez retrouver sa teinte d\u2019origine avec l\u2019utilisation d\u2019un d\u00e9griseur. Vous appliquerez apr\u00e8s un <a href=\"https:\/\/www.nature-bois-concept.com\/boutique\/terrasse-bois\/entretien\/saturateur\/\" target=\"_blank\" rel=\"noopener noreferrer\">saturateur<\/a>\u00a0qui pr\u00e9servera la teinte d\u2019origine, jusqu\u2019\u00e0 l\u2019impr\u00e9gnation des fibres du bois.<\/p>\n<p style=\"text-align: justify;\">Une autre possibilit\u00e9 est aussi le recouvrement du bois avec une peinture. Mais, elle masquera les aspects du bois et lors de la r\u00e9novation, demandera un peu plus d\u2019entretien car il faudra poncer la surface pour une meilleure accroche de la nouvelle peinture.<\/p>\n","protected":false},"excerpt":{"rendered":"<p>\u00c7a y est, votre fa\u00e7ade est habill\u00e9e d\u2019un bardage bois du plus bel effet. Pour que celui-ci dure dans le temps, quelques r\u00e8gles simples d\u2019entretien suffisent. Les premiers points \u00e0 v\u00e9rifier Les premiers points \u00e0 v\u00e9rifier sont les finitions et les fixations. Les finitions, peuvent perdre au fil du temps leur aspect et leurs qualit\u00e9s de protection. Il faut intervenir d\u00e8s les premiers signes de d\u00e9gradations et ainsi vous contr\u00f4lerez&#8230;<\/p>\n","protected":false},"author":2,"featured_media":1521,"parent":579,"menu_order":2,"comment_status":"closed","ping_status":"closed","template":"","meta":{"_acf_changed":false,"footnotes":""},"acf":[],"yoast_head":"<!-- This site is optimized with the Yoast SEO plugin v22.4 - https:\/\/yoast.com\/wordpress\/plugins\/seo\/ -->\n<title>Entretenir son bardage bois, la simplicit\u00e9 avant tout<\/title>\n<meta name=\"description\" content=\"Qu&#039;on souhaite laisser vieillir naturellement son bois de bardage ou garder la teinte d&#039;origine, quelques r\u00e8gles sont \u00e0 suivre pour un bon entretien.\" \/>\n<meta name=\"robots\" content=\"index, follow, max-snippet:-1, max-image-preview:large, max-video-preview:-1\" \/>\n<link rel=\"canonical\" href=\"https:\/\/www.nature-bois-concept.com\/magazine\/bardage-bois\/actualites\/entretien\/\" \/>\n<meta property=\"og:locale\" content=\"fr_FR\" \/>\n<meta property=\"og:type\" content=\"article\" \/>\n<meta property=\"og:title\" content=\"Entretenir son bardage bois, la simplicit\u00e9 avant tout\" \/>\n<meta property=\"og:description\" content=\"Qu&#039;on souhaite laisser vieillir naturellement son bois de bardage ou garder la teinte d&#039;origine, quelques r\u00e8gles sont \u00e0 suivre pour un bon entretien.\" \/>\n<meta property=\"og:url\" content=\"https:\/\/www.nature-bois-concept.com\/magazine\/bardage-bois\/actualites\/entretien\/\" \/>\n<meta property=\"og:site_name\" content=\"Magazine Nature Bois Concept\" \/>\n<meta property=\"article:publisher\" content=\"https:\/\/www.facebook.com\/Nature-Bois-Concept-1596307970584169\/\" \/>\n<meta property=\"article:modified_time\" content=\"2025-12-01T07:49:56+00:00\" \/>\n<meta property=\"og:image\" content=\"https:\/\/www.nature-bois-concept.com\/magazine\/wp-content\/uploads\/2016\/06\/facade-bardage-bois-gris-naturel.jpg\" \/>\n\t<meta property=\"og:image:width\" content=\"1620\" \/>\n\t<meta property=\"og:image:height\" content=\"668\" \/>\n\t<meta property=\"og:image:type\" content=\"image\/jpeg\" \/>\n<meta name=\"twitter:card\" content=\"summary_large_image\" \/>\n<meta name=\"twitter:site\" content=\"@nbc_bois\" \/>\n<meta name=\"twitter:label1\" content=\"Dur\u00e9e de lecture estim\u00e9e\" \/>\n\t<meta name=\"twitter:data1\" content=\"2 minutes\" \/>\n<script type=\"application\/ld+json\" class=\"yoast-schema-graph\">{\"@context\":\"https:\/\/schema.org\",\"@graph\":[{\"@type\":\"WebPage\",\"@id\":\"https:\/\/www.nature-bois-concept.com\/magazine\/bardage-bois\/actualites\/entretien\/\",\"url\":\"https:\/\/www.nature-bois-concept.com\/magazine\/bardage-bois\/actualites\/entretien\/\",\"name\":\"Entretenir son bardage bois, la simplicit\u00e9 avant tout\",\"isPartOf\":{\"@id\":\"https:\/\/www.nature-bois-concept.com\/magazine\/#website\"},\"primaryImageOfPage\":{\"@id\":\"https:\/\/www.nature-bois-concept.com\/magazine\/bardage-bois\/actualites\/entretien\/#primaryimage\"},\"image\":{\"@id\":\"https:\/\/www.nature-bois-concept.com\/magazine\/bardage-bois\/actualites\/entretien\/#primaryimage\"},\"thumbnailUrl\":\"https:\/\/www.nature-bois-concept.com\/magazine\/wp-content\/uploads\/2016\/06\/facade-bardage-bois-gris-naturel.jpg\",\"datePublished\":\"2016-06-29T13:20:10+00:00\",\"dateModified\":\"2025-12-01T07:49:56+00:00\",\"description\":\"Qu'on souhaite laisser vieillir naturellement son bois de bardage ou garder la teinte d'origine, quelques r\u00e8gles sont \u00e0 suivre pour un bon entretien.\",\"breadcrumb\":{\"@id\":\"https:\/\/www.nature-bois-concept.com\/magazine\/bardage-bois\/actualites\/entretien\/#breadcrumb\"},\"inLanguage\":\"fr-FR\",\"potentialAction\":[{\"@type\":\"ReadAction\",\"target\":[\"https:\/\/www.nature-bois-concept.com\/magazine\/bardage-bois\/actualites\/entretien\/\"]}]},{\"@type\":\"ImageObject\",\"inLanguage\":\"fr-FR\",\"@id\":\"https:\/\/www.nature-bois-concept.com\/magazine\/bardage-bois\/actualites\/entretien\/#primaryimage\",\"url\":\"https:\/\/www.nature-bois-concept.com\/magazine\/wp-content\/uploads\/2016\/06\/facade-bardage-bois-gris-naturel.jpg\",\"contentUrl\":\"https:\/\/www.nature-bois-concept.com\/magazine\/wp-content\/uploads\/2016\/06\/facade-bardage-bois-gris-naturel.jpg\",\"width\":1620,\"height\":668,\"caption\":\"fa\u00e7ade en bois gris naturel\"},{\"@type\":\"BreadcrumbList\",\"@id\":\"https:\/\/www.nature-bois-concept.com\/magazine\/bardage-bois\/actualites\/entretien\/#breadcrumb\",\"itemListElement\":[{\"@type\":\"ListItem\",\"position\":1,\"name\":\"Magazine NBC\",\"item\":\"https:\/\/www.nature-bois-concept.com\/magazine\/\"},{\"@type\":\"ListItem\",\"position\":2,\"name\":\"Bardage bois\",\"item\":\"https:\/\/www.nature-bois-concept.com\/magazine\/bardage-bois\/\"},{\"@type\":\"ListItem\",\"position\":3,\"name\":\"Article Bardage Bois\",\"item\":\"https:\/\/www.nature-bois-concept.com\/magazine\/bardage-bois\/actualites\/\"},{\"@type\":\"ListItem\",\"position\":4,\"name\":\"Entretenir son bardage bois, la simplicit\u00e9 avant tout\"}]},{\"@type\":\"WebSite\",\"@id\":\"https:\/\/www.nature-bois-concept.com\/magazine\/#website\",\"url\":\"https:\/\/www.nature-bois-concept.com\/magazine\/\",\"name\":\"Magazine Nature Bois Concept\",\"description\":\"En association avec Nature Bois Concept\",\"potentialAction\":[{\"@type\":\"SearchAction\",\"target\":{\"@type\":\"EntryPoint\",\"urlTemplate\":\"https:\/\/www.nature-bois-concept.com\/magazine\/?s={search_term_string}\"},\"query-input\":\"required name=search_term_string\"}],\"inLanguage\":\"fr-FR\"}]}<\/script>\n<!-- \/ Yoast SEO plugin. -->","yoast_head_json":{"title":"Entretenir son bardage bois, la simplicit\u00e9 avant tout","description":"Qu'on souhaite laisser vieillir naturellement son bois de bardage ou garder la teinte d'origine, quelques r\u00e8gles sont \u00e0 suivre pour un bon entretien.","robots":{"index":"index","follow":"follow","max-snippet":"max-snippet:-1","max-image-preview":"max-image-preview:large","max-video-preview":"max-video-preview:-1"},"canonical":"https:\/\/www.nature-bois-concept.com\/magazine\/bardage-bois\/actualites\/entretien\/","og_locale":"fr_FR","og_type":"article","og_title":"Entretenir son bardage bois, la simplicit\u00e9 avant tout","og_description":"Qu'on souhaite laisser vieillir naturellement son bois de bardage ou garder la teinte d'origine, quelques r\u00e8gles sont \u00e0 suivre pour un bon entretien.","og_url":"https:\/\/www.nature-bois-concept.com\/magazine\/bardage-bois\/actualites\/entretien\/","og_site_name":"Magazine Nature Bois Concept","article_publisher":"https:\/\/www.facebook.com\/Nature-Bois-Concept-1596307970584169\/","article_modified_time":"2025-12-01T07:49:56+00:00","og_image":[{"width":1620,"height":668,"url":"https:\/\/www.nature-bois-concept.com\/magazine\/wp-content\/uploads\/2016\/06\/facade-bardage-bois-gris-naturel.jpg","type":"image\/jpeg"}],"twitter_card":"summary_large_image","twitter_site":"@nbc_bois","twitter_misc":{"Dur\u00e9e de lecture estim\u00e9e":"2 minutes"},"schema":{"@context":"https:\/\/schema.org","@graph":[{"@type":"WebPage","@id":"https:\/\/www.nature-bois-concept.com\/magazine\/bardage-bois\/actualites\/entretien\/","url":"https:\/\/www.nature-bois-concept.com\/magazine\/bardage-bois\/actualites\/entretien\/","name":"Entretenir son bardage bois, la simplicit\u00e9 avant tout","isPartOf":{"@id":"https:\/\/www.nature-bois-concept.com\/magazine\/#website"},"primaryImageOfPage":{"@id":"https:\/\/www.nature-bois-concept.com\/magazine\/bardage-bois\/actualites\/entretien\/#primaryimage"},"image":{"@id":"https:\/\/www.nature-bois-concept.com\/magazine\/bardage-bois\/actualites\/entretien\/#primaryimage"},"thumbnailUrl":"https:\/\/www.nature-bois-concept.com\/magazine\/wp-content\/uploads\/2016\/06\/facade-bardage-bois-gris-naturel.jpg","datePublished":"2016-06-29T13:20:10+00:00","dateModified":"2025-12-01T07:49:56+00:00","description":"Qu'on souhaite laisser vieillir naturellement son bois de bardage ou garder la teinte d'origine, quelques r\u00e8gles sont \u00e0 suivre pour un bon entretien.","breadcrumb":{"@id":"https:\/\/www.nature-bois-concept.com\/magazine\/bardage-bois\/actualites\/entretien\/#breadcrumb"},"inLanguage":"fr-FR","potentialAction":[{"@type":"ReadAction","target":["https:\/\/www.nature-bois-concept.com\/magazine\/bardage-bois\/actualites\/entretien\/"]}]},{"@type":"ImageObject","inLanguage":"fr-FR","@id":"https:\/\/www.nature-bois-concept.com\/magazine\/bardage-bois\/actualites\/entretien\/#primaryimage","url":"https:\/\/www.nature-bois-concept.com\/magazine\/wp-content\/uploads\/2016\/06\/facade-bardage-bois-gris-naturel.jpg","contentUrl":"https:\/\/www.nature-bois-concept.com\/magazine\/wp-content\/uploads\/2016\/06\/facade-bardage-bois-gris-naturel.jpg","width":1620,"height":668,"caption":"fa\u00e7ade en bois gris naturel"},{"@type":"BreadcrumbList","@id":"https:\/\/www.nature-bois-concept.com\/magazine\/bardage-bois\/actualites\/entretien\/#breadcrumb","itemListElement":[{"@type":"ListItem","position":1,"name":"Magazine NBC","item":"https:\/\/www.nature-bois-concept.com\/magazine\/"},{"@type":"ListItem","position":2,"name":"Bardage bois","item":"https:\/\/www.nature-bois-concept.com\/magazine\/bardage-bois\/"},{"@type":"ListItem","position":3,"name":"Article Bardage Bois","item":"https:\/\/www.nature-bois-concept.com\/magazine\/bardage-bois\/actualites\/"},{"@type":"ListItem","position":4,"name":"Entretenir son bardage bois, la simplicit\u00e9 avant tout"}]},{"@type":"WebSite","@id":"https:\/\/www.nature-bois-concept.com\/magazine\/#website","url":"https:\/\/www.nature-bois-concept.com\/magazine\/","name":"Magazine Nature Bois Concept","description":"En association avec Nature Bois Concept","potentialAction":[{"@type":"SearchAction","target":{"@type":"EntryPoint","urlTemplate":"https:\/\/www.nature-bois-concept.com\/magazine\/?s={search_term_string}"},"query-input":"required name=search_term_string"}],"inLanguage":"fr-FR"}]}},"_links":{"self":[{"href":"https:\/\/www.nature-bois-concept.com\/magazine\/wp-json\/wp\/v2\/pages\/691"}],"collection":[{"href":"https:\/\/www.nature-bois-concept.com\/magazine\/wp-json\/wp\/v2\/pages"}],"about":[{"href":"https:\/\/www.nature-bois-concept.com\/magazine\/wp-json\/wp\/v2\/types\/page"}],"author":[{"embeddable":true,"href":"https:\/\/www.nature-bois-concept.com\/magazine\/wp-json\/wp\/v2\/users\/2"}],"replies":[{"embeddable":true,"href":"https:\/\/www.nature-bois-concept.com\/magazine\/wp-json\/wp\/v2\/comments?post=691"}],"version-history":[{"count":14,"href":"https:\/\/www.nature-bois-concept.com\/magazine\/wp-json\/wp\/v2\/pages\/691\/revisions"}],"predecessor-version":[{"id":8107,"href":"https:\/\/www.nature-bois-concept.com\/magazine\/wp-json\/wp\/v2\/pages\/691\/revisions\/8107"}],"up":[{"embeddable":true,"href":"https:\/\/www.nature-bois-concept.com\/magazine\/wp-json\/wp\/v2\/pages\/579"}],"wp:featuredmedia":[{"embeddable":true,"href":"https:\/\/www.nature-bois-concept.com\/magazine\/wp-json\/wp\/v2\/media\/1521"}],"wp:attachment":[{"href":"https:\/\/www.nature-bois-concept.com\/magazine\/wp-json\/wp\/v2\/media?parent=691"}],"curies":[{"name":"wp","href":"https:\/\/api.w.org\/{rel}","templated":true}]}}