{"id":689,"date":"2016-07-20T10:07:56","date_gmt":"2016-07-20T08:07:56","guid":{"rendered":"https:\/\/www.nature-bois-concept.com\/magazine\/?page_id=689"},"modified":"2019-10-21T17:32:36","modified_gmt":"2019-10-21T15:32:36","slug":"qualite-inox","status":"publish","type":"page","link":"https:\/\/www.nature-bois-concept.com\/magazine\/terrasse-bois\/guides\/apres-achat\/amenagement-terrasse-bois\/qualite-inox\/","title":{"rendered":"Lampes LED pour terrasse : Inox 304 ou 316 ?"},"content":{"rendered":"<p style=\"text-align: justify;\">Avec des lampes LED, vous pouvez <a href=\"https:\/\/www.nature-bois-concept.com\/magazine\/terrasse-bois\/guides\/apres-achat\/amenagement-terrasse-bois\/\">mettre en valeur votre terrasse<\/a> et lui donner un charme suppl\u00e9mentaire. Mais, il existe plusieurs qualit\u00e9s d\u2019inox. Pour faire votre choix, Nature Bois Concept vous donne les clefs.<\/p>\n<h2>L\u2019inox, c\u2019est quoi ?<\/h2>\n<p style=\"text-align: justify;\">L\u2019inox est un m\u00e9tal compos\u00e9 de divers alliages lui offrant une meilleure durabilit\u00e9 par rapport \u00e0 d\u2019autres m\u00e9taux. Ainsi, la corrosion est retard\u00e9e et l\u2019inox est particuli\u00e8rement utilis\u00e9 pour des produits expos\u00e9s \u00e0 des conditions climatiques variables, comme les lampes de jardin. Il existe deux types d\u2019inox, l\u2019inox 304 et l\u2019inox 316.<\/p>\n<h3>Inox 304<\/h3>\n<p style=\"text-align: justify;\">Dans l\u2019inox 304, le nickel et le chrome sont additionn\u00e9s. L\u2019usage des produits en inox 304 peut se faire aussi bien en int\u00e9rieur, qu\u2019en ext\u00e9rieur, mais sous certaines conditions. Il faut \u00e9viter les zones pollu\u00e9es, \u00eatre \u00e0 au moins 50 km des c\u00f4t\u00e9s et avoir un taux d\u2019humidit\u00e9 faible.<\/p>\n<h3>Inox 316<\/h3>\n<p style=\"text-align: justify;\">Les produits en inox 316 sont particuli\u00e8rement pr\u00e9conis\u00e9s dans les milieux difficiles (bord de mer, piscine, milieu humide), mais l\u2019entretien doit, n\u00e9anmoins \u00eatre r\u00e9gulier surtout dans les milieux chlor\u00e9s et iod\u00e9s, pour que n\u2019apparaisse pas de rouille. C\u2019est le molybd\u00e8ne qui assure une protection antirouille \u00e0 l\u2019inox 316. Mais c\u2019est un entretien r\u00e9gulier (rin\u00e7age \u00e0 l\u2019eau claire) qui minimisera les risques de rouille.<\/p>\n<p style=\"text-align: justify;\">En conclusion, il vaut mieux utilis\u00e9 des lampes LED en inox 316, pour votre terrasse, car elles seront plus r\u00e9sistantes \u00e0 un usage en ext\u00e9rieur dans des conditions difficiles.<\/p>\n<p style=\"text-align: justify;\">Vous pouvez trouver dans notre boutique en ligne des lampes LED pour terrasse, de qualit\u00e9 inox 316, adapt\u00e9e \u00e0 un usage en ext\u00e9rieur et qui embelliront votre terrasse.<\/p>\n","protected":false},"excerpt":{"rendered":"<p>Avec des lampes LED, vous pouvez mettre en valeur votre terrasse et lui donner un charme suppl\u00e9mentaire. Mais, il existe plusieurs qualit\u00e9s d\u2019inox. Pour faire votre choix, Nature Bois Concept vous donne les clefs. L\u2019inox, c\u2019est quoi ? L\u2019inox est un m\u00e9tal compos\u00e9 de divers alliages lui offrant une meilleure durabilit\u00e9 par rapport \u00e0 d\u2019autres m\u00e9taux. Ainsi, la corrosion est retard\u00e9e et l\u2019inox est particuli\u00e8rement utilis\u00e9 pour des produits expos\u00e9s&#8230;<\/p>\n","protected":false},"author":2,"featured_media":1507,"parent":575,"menu_order":3,"comment_status":"closed","ping_status":"closed","template":"","meta":{"_acf_changed":false,"footnotes":""},"acf":[],"yoast_head":"<!-- This site is optimized with the Yoast SEO plugin v22.4 - https:\/\/yoast.com\/wordpress\/plugins\/seo\/ -->\n<title>Les lampes LED, pour terrasse, Inox 304 ou 316 ?<\/title>\n<meta name=\"description\" content=\"Bien choisir ces luminaires, c&#039;est s&#039;assurer de leur durabilit\u00e9 face aux conditions ext\u00e9rieures qu&#039;elles vont subir. Suivant les conditions, inox 304 ou 316.\" \/>\n<meta name=\"robots\" content=\"index, follow, max-snippet:-1, max-image-preview:large, max-video-preview:-1\" \/>\n<link rel=\"canonical\" href=\"https:\/\/www.nature-bois-concept.com\/magazine\/terrasse-bois\/guides\/apres-achat\/amenagement-terrasse-bois\/qualite-inox\/\" \/>\n<meta property=\"og:locale\" content=\"fr_FR\" \/>\n<meta property=\"og:type\" content=\"article\" \/>\n<meta property=\"og:title\" content=\"Les lampes LED, pour terrasse, Inox 304 ou 316 ?\" \/>\n<meta property=\"og:description\" content=\"Bien choisir ces luminaires, c&#039;est s&#039;assurer de leur durabilit\u00e9 face aux conditions ext\u00e9rieures qu&#039;elles vont subir. Suivant les conditions, inox 304 ou 316.\" \/>\n<meta property=\"og:url\" content=\"https:\/\/www.nature-bois-concept.com\/magazine\/terrasse-bois\/guides\/apres-achat\/amenagement-terrasse-bois\/qualite-inox\/\" \/>\n<meta property=\"og:site_name\" content=\"Magazine Nature Bois Concept\" \/>\n<meta property=\"article:publisher\" content=\"https:\/\/www.facebook.com\/Nature-Bois-Concept-1596307970584169\/\" \/>\n<meta property=\"article:modified_time\" content=\"2019-10-21T15:32:36+00:00\" \/>\n<meta property=\"og:image\" content=\"https:\/\/www.nature-bois-concept.com\/magazine\/wp-content\/uploads\/2016\/07\/lampes-led-encastrable-inox-terrrasse-bois.jpg\" \/>\n\t<meta property=\"og:image:width\" content=\"1620\" \/>\n\t<meta property=\"og:image:height\" content=\"668\" \/>\n\t<meta property=\"og:image:type\" content=\"image\/jpeg\" \/>\n<meta name=\"twitter:card\" content=\"summary_large_image\" \/>\n<meta name=\"twitter:site\" content=\"@nbc_bois\" \/>\n<meta name=\"twitter:label1\" content=\"Dur\u00e9e de lecture estim\u00e9e\" \/>\n\t<meta name=\"twitter:data1\" content=\"1 minute\" \/>\n<script type=\"application\/ld+json\" class=\"yoast-schema-graph\">{\"@context\":\"https:\/\/schema.org\",\"@graph\":[{\"@type\":\"WebPage\",\"@id\":\"https:\/\/www.nature-bois-concept.com\/magazine\/terrasse-bois\/guides\/apres-achat\/amenagement-terrasse-bois\/qualite-inox\/\",\"url\":\"https:\/\/www.nature-bois-concept.com\/magazine\/terrasse-bois\/guides\/apres-achat\/amenagement-terrasse-bois\/qualite-inox\/\",\"name\":\"Les lampes LED, pour terrasse, Inox 304 ou 316 ?\",\"isPartOf\":{\"@id\":\"https:\/\/www.nature-bois-concept.com\/magazine\/#website\"},\"primaryImageOfPage\":{\"@id\":\"https:\/\/www.nature-bois-concept.com\/magazine\/terrasse-bois\/guides\/apres-achat\/amenagement-terrasse-bois\/qualite-inox\/#primaryimage\"},\"image\":{\"@id\":\"https:\/\/www.nature-bois-concept.com\/magazine\/terrasse-bois\/guides\/apres-achat\/amenagement-terrasse-bois\/qualite-inox\/#primaryimage\"},\"thumbnailUrl\":\"https:\/\/www.nature-bois-concept.com\/magazine\/wp-content\/uploads\/2016\/07\/lampes-led-encastrable-inox-terrrasse-bois.jpg\",\"datePublished\":\"2016-07-20T08:07:56+00:00\",\"dateModified\":\"2019-10-21T15:32:36+00:00\",\"description\":\"Bien choisir ces luminaires, c'est s'assurer de leur durabilit\u00e9 face aux conditions ext\u00e9rieures qu'elles vont subir. Suivant les conditions, inox 304 ou 316.\",\"breadcrumb\":{\"@id\":\"https:\/\/www.nature-bois-concept.com\/magazine\/terrasse-bois\/guides\/apres-achat\/amenagement-terrasse-bois\/qualite-inox\/#breadcrumb\"},\"inLanguage\":\"fr-FR\",\"potentialAction\":[{\"@type\":\"ReadAction\",\"target\":[\"https:\/\/www.nature-bois-concept.com\/magazine\/terrasse-bois\/guides\/apres-achat\/amenagement-terrasse-bois\/qualite-inox\/\"]}]},{\"@type\":\"ImageObject\",\"inLanguage\":\"fr-FR\",\"@id\":\"https:\/\/www.nature-bois-concept.com\/magazine\/terrasse-bois\/guides\/apres-achat\/amenagement-terrasse-bois\/qualite-inox\/#primaryimage\",\"url\":\"https:\/\/www.nature-bois-concept.com\/magazine\/wp-content\/uploads\/2016\/07\/lampes-led-encastrable-inox-terrrasse-bois.jpg\",\"contentUrl\":\"https:\/\/www.nature-bois-concept.com\/magazine\/wp-content\/uploads\/2016\/07\/lampes-led-encastrable-inox-terrrasse-bois.jpg\",\"width\":1620,\"height\":668,\"caption\":\"lampes LED encastrable sur terrasse\"},{\"@type\":\"BreadcrumbList\",\"@id\":\"https:\/\/www.nature-bois-concept.com\/magazine\/terrasse-bois\/guides\/apres-achat\/amenagement-terrasse-bois\/qualite-inox\/#breadcrumb\",\"itemListElement\":[{\"@type\":\"ListItem\",\"position\":1,\"name\":\"Magazine NBC\",\"item\":\"https:\/\/www.nature-bois-concept.com\/magazine\/\"},{\"@type\":\"ListItem\",\"position\":2,\"name\":\"Terrasse bois\",\"item\":\"https:\/\/www.nature-bois-concept.com\/magazine\/terrasse-bois\/\"},{\"@type\":\"ListItem\",\"position\":3,\"name\":\"Nos guides sur la Terrasse\",\"item\":\"https:\/\/www.nature-bois-concept.com\/magazine\/terrasse-bois\/guides\/\"},{\"@type\":\"ListItem\",\"position\":4,\"name\":\"Tout ce que vous devez savoir apr\u00e8s l&rsquo;achat de votre terrasse\",\"item\":\"https:\/\/www.nature-bois-concept.com\/magazine\/terrasse-bois\/guides\/apres-achat\/\"},{\"@type\":\"ListItem\",\"position\":5,\"name\":\"Comment bien am\u00e9nager votre terrasse ?\",\"item\":\"https:\/\/www.nature-bois-concept.com\/magazine\/terrasse-bois\/guides\/apres-achat\/amenagement-terrasse-bois\/\"},{\"@type\":\"ListItem\",\"position\":6,\"name\":\"Lampes LED pour terrasse : Inox 304 ou 316 ?\"}]},{\"@type\":\"WebSite\",\"@id\":\"https:\/\/www.nature-bois-concept.com\/magazine\/#website\",\"url\":\"https:\/\/www.nature-bois-concept.com\/magazine\/\",\"name\":\"Magazine Nature Bois Concept\",\"description\":\"En association avec Nature Bois Concept\",\"potentialAction\":[{\"@type\":\"SearchAction\",\"target\":{\"@type\":\"EntryPoint\",\"urlTemplate\":\"https:\/\/www.nature-bois-concept.com\/magazine\/?s={search_term_string}\"},\"query-input\":\"required name=search_term_string\"}],\"inLanguage\":\"fr-FR\"}]}<\/script>\n<!-- \/ Yoast SEO plugin. -->","yoast_head_json":{"title":"Les lampes LED, pour terrasse, Inox 304 ou 316 ?","description":"Bien choisir ces luminaires, c'est s'assurer de leur durabilit\u00e9 face aux conditions ext\u00e9rieures qu'elles vont subir. Suivant les conditions, inox 304 ou 316.","robots":{"index":"index","follow":"follow","max-snippet":"max-snippet:-1","max-image-preview":"max-image-preview:large","max-video-preview":"max-video-preview:-1"},"canonical":"https:\/\/www.nature-bois-concept.com\/magazine\/terrasse-bois\/guides\/apres-achat\/amenagement-terrasse-bois\/qualite-inox\/","og_locale":"fr_FR","og_type":"article","og_title":"Les lampes LED, pour terrasse, Inox 304 ou 316 ?","og_description":"Bien choisir ces luminaires, c'est s'assurer de leur durabilit\u00e9 face aux conditions ext\u00e9rieures qu'elles vont subir. Suivant les conditions, inox 304 ou 316.","og_url":"https:\/\/www.nature-bois-concept.com\/magazine\/terrasse-bois\/guides\/apres-achat\/amenagement-terrasse-bois\/qualite-inox\/","og_site_name":"Magazine Nature Bois Concept","article_publisher":"https:\/\/www.facebook.com\/Nature-Bois-Concept-1596307970584169\/","article_modified_time":"2019-10-21T15:32:36+00:00","og_image":[{"width":1620,"height":668,"url":"https:\/\/www.nature-bois-concept.com\/magazine\/wp-content\/uploads\/2016\/07\/lampes-led-encastrable-inox-terrrasse-bois.jpg","type":"image\/jpeg"}],"twitter_card":"summary_large_image","twitter_site":"@nbc_bois","twitter_misc":{"Dur\u00e9e de lecture estim\u00e9e":"1 minute"},"schema":{"@context":"https:\/\/schema.org","@graph":[{"@type":"WebPage","@id":"https:\/\/www.nature-bois-concept.com\/magazine\/terrasse-bois\/guides\/apres-achat\/amenagement-terrasse-bois\/qualite-inox\/","url":"https:\/\/www.nature-bois-concept.com\/magazine\/terrasse-bois\/guides\/apres-achat\/amenagement-terrasse-bois\/qualite-inox\/","name":"Les lampes LED, pour terrasse, Inox 304 ou 316 ?","isPartOf":{"@id":"https:\/\/www.nature-bois-concept.com\/magazine\/#website"},"primaryImageOfPage":{"@id":"https:\/\/www.nature-bois-concept.com\/magazine\/terrasse-bois\/guides\/apres-achat\/amenagement-terrasse-bois\/qualite-inox\/#primaryimage"},"image":{"@id":"https:\/\/www.nature-bois-concept.com\/magazine\/terrasse-bois\/guides\/apres-achat\/amenagement-terrasse-bois\/qualite-inox\/#primaryimage"},"thumbnailUrl":"https:\/\/www.nature-bois-concept.com\/magazine\/wp-content\/uploads\/2016\/07\/lampes-led-encastrable-inox-terrrasse-bois.jpg","datePublished":"2016-07-20T08:07:56+00:00","dateModified":"2019-10-21T15:32:36+00:00","description":"Bien choisir ces luminaires, c'est s'assurer de leur durabilit\u00e9 face aux conditions ext\u00e9rieures qu'elles vont subir. Suivant les conditions, inox 304 ou 316.","breadcrumb":{"@id":"https:\/\/www.nature-bois-concept.com\/magazine\/terrasse-bois\/guides\/apres-achat\/amenagement-terrasse-bois\/qualite-inox\/#breadcrumb"},"inLanguage":"fr-FR","potentialAction":[{"@type":"ReadAction","target":["https:\/\/www.nature-bois-concept.com\/magazine\/terrasse-bois\/guides\/apres-achat\/amenagement-terrasse-bois\/qualite-inox\/"]}]},{"@type":"ImageObject","inLanguage":"fr-FR","@id":"https:\/\/www.nature-bois-concept.com\/magazine\/terrasse-bois\/guides\/apres-achat\/amenagement-terrasse-bois\/qualite-inox\/#primaryimage","url":"https:\/\/www.nature-bois-concept.com\/magazine\/wp-content\/uploads\/2016\/07\/lampes-led-encastrable-inox-terrrasse-bois.jpg","contentUrl":"https:\/\/www.nature-bois-concept.com\/magazine\/wp-content\/uploads\/2016\/07\/lampes-led-encastrable-inox-terrrasse-bois.jpg","width":1620,"height":668,"caption":"lampes LED encastrable sur terrasse"},{"@type":"BreadcrumbList","@id":"https:\/\/www.nature-bois-concept.com\/magazine\/terrasse-bois\/guides\/apres-achat\/amenagement-terrasse-bois\/qualite-inox\/#breadcrumb","itemListElement":[{"@type":"ListItem","position":1,"name":"Magazine NBC","item":"https:\/\/www.nature-bois-concept.com\/magazine\/"},{"@type":"ListItem","position":2,"name":"Terrasse bois","item":"https:\/\/www.nature-bois-concept.com\/magazine\/terrasse-bois\/"},{"@type":"ListItem","position":3,"name":"Nos guides sur la Terrasse","item":"https:\/\/www.nature-bois-concept.com\/magazine\/terrasse-bois\/guides\/"},{"@type":"ListItem","position":4,"name":"Tout ce que vous devez savoir apr\u00e8s l&rsquo;achat de votre terrasse","item":"https:\/\/www.nature-bois-concept.com\/magazine\/terrasse-bois\/guides\/apres-achat\/"},{"@type":"ListItem","position":5,"name":"Comment bien am\u00e9nager votre terrasse ?","item":"https:\/\/www.nature-bois-concept.com\/magazine\/terrasse-bois\/guides\/apres-achat\/amenagement-terrasse-bois\/"},{"@type":"ListItem","position":6,"name":"Lampes LED pour terrasse : Inox 304 ou 316 ?"}]},{"@type":"WebSite","@id":"https:\/\/www.nature-bois-concept.com\/magazine\/#website","url":"https:\/\/www.nature-bois-concept.com\/magazine\/","name":"Magazine Nature Bois Concept","description":"En association avec Nature Bois Concept","potentialAction":[{"@type":"SearchAction","target":{"@type":"EntryPoint","urlTemplate":"https:\/\/www.nature-bois-concept.com\/magazine\/?s={search_term_string}"},"query-input":"required name=search_term_string"}],"inLanguage":"fr-FR"}]}},"_links":{"self":[{"href":"https:\/\/www.nature-bois-concept.com\/magazine\/wp-json\/wp\/v2\/pages\/689"}],"collection":[{"href":"https:\/\/www.nature-bois-concept.com\/magazine\/wp-json\/wp\/v2\/pages"}],"about":[{"href":"https:\/\/www.nature-bois-concept.com\/magazine\/wp-json\/wp\/v2\/types\/page"}],"author":[{"embeddable":true,"href":"https:\/\/www.nature-bois-concept.com\/magazine\/wp-json\/wp\/v2\/users\/2"}],"replies":[{"embeddable":true,"href":"https:\/\/www.nature-bois-concept.com\/magazine\/wp-json\/wp\/v2\/comments?post=689"}],"version-history":[{"count":10,"href":"https:\/\/www.nature-bois-concept.com\/magazine\/wp-json\/wp\/v2\/pages\/689\/revisions"}],"predecessor-version":[{"id":4584,"href":"https:\/\/www.nature-bois-concept.com\/magazine\/wp-json\/wp\/v2\/pages\/689\/revisions\/4584"}],"up":[{"embeddable":true,"href":"https:\/\/www.nature-bois-concept.com\/magazine\/wp-json\/wp\/v2\/pages\/575"}],"wp:featuredmedia":[{"embeddable":true,"href":"https:\/\/www.nature-bois-concept.com\/magazine\/wp-json\/wp\/v2\/media\/1507"}],"wp:attachment":[{"href":"https:\/\/www.nature-bois-concept.com\/magazine\/wp-json\/wp\/v2\/media?parent=689"}],"curies":[{"name":"wp","href":"https:\/\/api.w.org\/{rel}","templated":true}]}}