{"id":688,"date":"2016-06-29T10:21:40","date_gmt":"2016-06-29T08:21:40","guid":{"rendered":"https:\/\/www.nature-bois-concept.com\/magazine\/?page_id=688"},"modified":"2024-06-04T17:15:29","modified_gmt":"2024-06-04T15:15:29","slug":"led","status":"publish","type":"page","link":"https:\/\/www.nature-bois-concept.com\/magazine\/terrasse-bois\/guides\/apres-achat\/amenagement-terrasse-bois\/led\/","title":{"rendered":"LED terrasse bois Garden Lights : peaufinez votre am\u00e9nagement"},"content":{"rendered":"<p style=\"text-align: justify;\">Aux coins de votre terrasse, des deux cot\u00e9s d\u2019une all\u00e9e, au bord de l\u2019eau ou sous un vieux ch\u00eane \u2026 votre jardin demande \u00e0 \u00eatre \u00e9clair\u00e9.<\/p>\n<p style=\"text-align: justify;\">Et quelle \u00e9l\u00e9gance ! Une <a href=\"https:\/\/www.nature-bois-concept.com\/magazine\/terrasse-bois\/guides\/apres-achat\/amenagement-terrasse-bois\/\">terrasse bois bien am\u00e9nag\u00e9e<\/a> apporte un cachet magnifique \u00e0 votre ext\u00e9rieur, les LED pour terrasse rendent la finition encore plus haut de gamme !<\/p>\n<p style=\"text-align: justify;\">La solution d\u2019\u00e9clairage de jardin Garden Lights est simple et rapide \u00e0 mettre en \u0153uvre.<\/p>\n<p style=\"text-align: justify;\">Branch\u00e9es en 12 volts, ces LED pour terrasse bois sont puissantes et vous permettront d\u2019illuminer vos ext\u00e9rieurs, tout en \u00e9tant \u00e9conomes en \u00e9nergie.<\/p>\n<h2>Installer des LED pour votre terrasse bois, un jeu d\u2019enfant<\/h2>\n<p><img loading=\"lazy\" decoding=\"async\" class=\"aligncenter size-full wp-image-1503\" src=\"https:\/\/res.cloudinary.com\/nature-bois-concept\/image\/upload\/fl_any_format,q_auto,c_scale,c_limit,w_1200,f_auto\/www.nature-bois-concept.com\/magazine\/wp-content\/uploads\/2016\/06\/schema-montage-led-terrasse-bois.jpg\" alt=\"schema-montage-led-terrasse-bois\" width=\"1200\" height=\"496\" srcset=\"https:\/\/www.nature-bois-concept.com\/magazine\/wp-content\/uploads\/2016\/06\/schema-montage-led-terrasse-bois.jpg 1200w, https:\/\/www.nature-bois-concept.com\/magazine\/wp-content\/uploads\/2016\/06\/schema-montage-led-terrasse-bois-300x124.jpg 300w, https:\/\/www.nature-bois-concept.com\/magazine\/wp-content\/uploads\/2016\/06\/schema-montage-led-terrasse-bois-768x317.jpg 768w, https:\/\/www.nature-bois-concept.com\/magazine\/wp-content\/uploads\/2016\/06\/schema-montage-led-terrasse-bois-1024x423.jpg 1024w, https:\/\/www.nature-bois-concept.com\/magazine\/wp-content\/uploads\/2016\/06\/schema-montage-led-terrasse-bois-1060x438.jpg 1060w\" sizes=\"(max-width: 1200px) 100vw, 1200px\" \/><\/p>\n<p style=\"text-align: justify;\">Tout d\u2019abord installez le transformateur \u00e0 une prise de courant. Ensuite munissez-vous de la rallonge \u00e9quip\u00e9e de raccords (comme le c\u00e2ble pour luminaire de 10 m\u00e8tres \u00e9quip\u00e9 de 4 raccords). Puis branchez les LED pour terrasse bois ou bien les distributeurs de c\u00e2ble suivant o\u00f9 vous souhaitez placer vos \u00e9clairages. Quand vous \u00eates s\u00fbr de l\u2019emplacement final du spot encastrable, installez-le en per\u00e7ant vos lames de terrasse bois au bon diam\u00e8tre \u00e0 l\u2018aide d\u2019une scie cloche. Et Voil\u00e0 c\u2019est fini ! Vous disposez maintenant de l\u2019\u00e9clairage ad\u00e9quat pour une belle soir\u00e9e !<\/p>\n<h2>De quoi Jouer avec les volumes pour mettre en valeur son chez-soi<\/h2>\n<p><img loading=\"lazy\" decoding=\"async\" class=\"aligncenter size-full wp-image-1504\" src=\"https:\/\/res.cloudinary.com\/nature-bois-concept\/image\/upload\/fl_any_format,q_auto,c_scale,c_limit,w_1200,f_auto\/www.nature-bois-concept.com\/magazine\/wp-content\/uploads\/2016\/06\/led-encastrable-terrasse-bois.jpg\" alt=\"led-encastrable-terrasse-bois\" width=\"1200\" height=\"496\" srcset=\"https:\/\/www.nature-bois-concept.com\/magazine\/wp-content\/uploads\/2016\/06\/led-encastrable-terrasse-bois.jpg 1200w, https:\/\/www.nature-bois-concept.com\/magazine\/wp-content\/uploads\/2016\/06\/led-encastrable-terrasse-bois-300x124.jpg 300w, https:\/\/www.nature-bois-concept.com\/magazine\/wp-content\/uploads\/2016\/06\/led-encastrable-terrasse-bois-768x317.jpg 768w, https:\/\/www.nature-bois-concept.com\/magazine\/wp-content\/uploads\/2016\/06\/led-encastrable-terrasse-bois-1024x423.jpg 1024w, https:\/\/www.nature-bois-concept.com\/magazine\/wp-content\/uploads\/2016\/06\/led-encastrable-terrasse-bois-1060x438.jpg 1060w\" sizes=\"(max-width: 1200px) 100vw, 1200px\" \/><\/p>\n<p>&nbsp;<\/p>\n<p style=\"text-align: justify;\">Sachez qu\u2019il existe plusieurs mod\u00e8les de spots encastrables avec diff\u00e9rentes couleurs d\u2019\u00e9clairage, vous pourrez alors jouer sur les tons pour apporter l\u2019ambiance que vous souhaitez \u00e0 votre jardin. Livr\u00e9s avec des ampoules qui peuvent \u00eatre remplac\u00e9es, ces spots sont fabriqu\u00e9s pour une utilisation sous l\u2019eau, ne craignez donc pas de les \u00e9clabousser.<\/p>\n<p style=\"text-align: justify;\">Aussi simple \u00e0 mettre en oeuvre qu\u2019une guirlande de No\u00ebl, ce syst\u00e8me rendra la noblesse des mat\u00e9riaux utilis\u00e9s pour votre terrasse, comme celle d\u2019un beau bois exotique tel que l\u2019Ip\u00e9 ou le Cumaru.<\/p>\n<p style=\"text-align: justify;\">Pour plus d\u2019informations ou bien pour commander, rendez-vous sur la <a href=\"http:\/\/boutique.nature-bois-concept.com\/l\/3393\/Luminaires\" target=\"_blank\" rel=\"noopener noreferrer\">boutique<\/a> ou sur le <a href=\"https:\/\/www.nature-bois-concept.com\/terrasse-bois-devis-en-ligne.php\" target=\"_blank\" rel=\"noopener noreferrer\">devis en ligne<\/a> pour un projet de terrasse complet.<\/p>\n<p><em>Cr\u00e9dits photos : Garden Lights\u00ae<\/em><\/p>\n","protected":false},"excerpt":{"rendered":"<p>Aux coins de votre terrasse, des deux cot\u00e9s d\u2019une all\u00e9e, au bord de l\u2019eau ou sous un vieux ch\u00eane \u2026 votre jardin demande \u00e0 \u00eatre \u00e9clair\u00e9. Et quelle \u00e9l\u00e9gance ! Une terrasse bois bien am\u00e9nag\u00e9e apporte un cachet magnifique \u00e0 votre ext\u00e9rieur, les LED pour terrasse rendent la finition encore plus haut de gamme ! La solution d\u2019\u00e9clairage de jardin Garden Lights est simple et rapide \u00e0 mettre en \u0153uvre&#8230;.<\/p>\n","protected":false},"author":2,"featured_media":4490,"parent":575,"menu_order":2,"comment_status":"closed","ping_status":"closed","template":"","meta":{"_acf_changed":false,"footnotes":""},"acf":[],"yoast_head":"<!-- This site is optimized with the Yoast SEO plugin v22.4 - https:\/\/yoast.com\/wordpress\/plugins\/seo\/ -->\n<title>\u00c9clairez votre \u00e9t\u00e9 avec les LED pour terrasse bois Garden Lights<\/title>\n<meta name=\"description\" content=\"\u00c9l\u00e9gant et efficace, illuminez votre am\u00e9nagement ext\u00e9rieur gr\u00e2ce au syst\u00e8me de LED pour terrasse bois encastrable Garden Lights.\" \/>\n<meta name=\"robots\" content=\"index, follow, max-snippet:-1, max-image-preview:large, max-video-preview:-1\" \/>\n<link rel=\"canonical\" href=\"https:\/\/www.nature-bois-concept.com\/magazine\/terrasse-bois\/guides\/apres-achat\/amenagement-terrasse-bois\/led\/\" \/>\n<meta property=\"og:locale\" content=\"fr_FR\" \/>\n<meta property=\"og:type\" content=\"article\" \/>\n<meta property=\"og:title\" content=\"\u00c9clairez votre \u00e9t\u00e9 avec les LED pour terrasse bois Garden Lights\" \/>\n<meta property=\"og:description\" content=\"\u00c9l\u00e9gant et efficace, illuminez votre am\u00e9nagement ext\u00e9rieur gr\u00e2ce au syst\u00e8me de LED pour terrasse bois encastrable Garden Lights.\" \/>\n<meta property=\"og:url\" content=\"https:\/\/www.nature-bois-concept.com\/magazine\/terrasse-bois\/guides\/apres-achat\/amenagement-terrasse-bois\/led\/\" \/>\n<meta property=\"og:site_name\" content=\"Magazine Nature Bois Concept\" \/>\n<meta property=\"article:publisher\" content=\"https:\/\/www.facebook.com\/Nature-Bois-Concept-1596307970584169\/\" \/>\n<meta property=\"article:modified_time\" content=\"2024-06-04T15:15:29+00:00\" \/>\n<meta property=\"og:image\" content=\"https:\/\/www.nature-bois-concept.com\/magazine\/wp-content\/uploads\/2016\/06\/1.jpg\" \/>\n\t<meta property=\"og:image:width\" content=\"600\" \/>\n\t<meta property=\"og:image:height\" content=\"248\" \/>\n\t<meta property=\"og:image:type\" content=\"image\/jpeg\" \/>\n<meta name=\"twitter:card\" content=\"summary_large_image\" \/>\n<meta name=\"twitter:site\" content=\"@nbc_bois\" \/>\n<meta name=\"twitter:label1\" content=\"Dur\u00e9e de lecture estim\u00e9e\" \/>\n\t<meta name=\"twitter:data1\" content=\"3 minutes\" \/>\n<script type=\"application\/ld+json\" class=\"yoast-schema-graph\">{\"@context\":\"https:\/\/schema.org\",\"@graph\":[{\"@type\":\"WebPage\",\"@id\":\"https:\/\/www.nature-bois-concept.com\/magazine\/terrasse-bois\/guides\/apres-achat\/amenagement-terrasse-bois\/led\/\",\"url\":\"https:\/\/www.nature-bois-concept.com\/magazine\/terrasse-bois\/guides\/apres-achat\/amenagement-terrasse-bois\/led\/\",\"name\":\"\u00c9clairez votre \u00e9t\u00e9 avec les LED pour terrasse bois Garden Lights\",\"isPartOf\":{\"@id\":\"https:\/\/www.nature-bois-concept.com\/magazine\/#website\"},\"primaryImageOfPage\":{\"@id\":\"https:\/\/www.nature-bois-concept.com\/magazine\/terrasse-bois\/guides\/apres-achat\/amenagement-terrasse-bois\/led\/#primaryimage\"},\"image\":{\"@id\":\"https:\/\/www.nature-bois-concept.com\/magazine\/terrasse-bois\/guides\/apres-achat\/amenagement-terrasse-bois\/led\/#primaryimage\"},\"thumbnailUrl\":\"https:\/\/www.nature-bois-concept.com\/magazine\/wp-content\/uploads\/2018\/07\/Photo-couverture-luminaire.jpg\",\"datePublished\":\"2016-06-29T08:21:40+00:00\",\"dateModified\":\"2024-06-04T15:15:29+00:00\",\"description\":\"\u00c9l\u00e9gant et efficace, illuminez votre am\u00e9nagement ext\u00e9rieur gr\u00e2ce au syst\u00e8me de LED pour terrasse bois encastrable Garden Lights.\",\"breadcrumb\":{\"@id\":\"https:\/\/www.nature-bois-concept.com\/magazine\/terrasse-bois\/guides\/apres-achat\/amenagement-terrasse-bois\/led\/#breadcrumb\"},\"inLanguage\":\"fr-FR\",\"potentialAction\":[{\"@type\":\"ReadAction\",\"target\":[\"https:\/\/www.nature-bois-concept.com\/magazine\/terrasse-bois\/guides\/apres-achat\/amenagement-terrasse-bois\/led\/\"]}]},{\"@type\":\"ImageObject\",\"inLanguage\":\"fr-FR\",\"@id\":\"https:\/\/www.nature-bois-concept.com\/magazine\/terrasse-bois\/guides\/apres-achat\/amenagement-terrasse-bois\/led\/#primaryimage\",\"url\":\"https:\/\/www.nature-bois-concept.com\/magazine\/wp-content\/uploads\/2018\/07\/Photo-couverture-luminaire.jpg\",\"contentUrl\":\"https:\/\/www.nature-bois-concept.com\/magazine\/wp-content\/uploads\/2018\/07\/Photo-couverture-luminaire.jpg\",\"width\":1620,\"height\":440,\"caption\":\"R\u00e9alisation d'un tour de piscine de qualit\u00e9\"},{\"@type\":\"BreadcrumbList\",\"@id\":\"https:\/\/www.nature-bois-concept.com\/magazine\/terrasse-bois\/guides\/apres-achat\/amenagement-terrasse-bois\/led\/#breadcrumb\",\"itemListElement\":[{\"@type\":\"ListItem\",\"position\":1,\"name\":\"Magazine NBC\",\"item\":\"https:\/\/www.nature-bois-concept.com\/magazine\/\"},{\"@type\":\"ListItem\",\"position\":2,\"name\":\"Terrasse bois\",\"item\":\"https:\/\/www.nature-bois-concept.com\/magazine\/terrasse-bois\/\"},{\"@type\":\"ListItem\",\"position\":3,\"name\":\"Nos guides sur la Terrasse\",\"item\":\"https:\/\/www.nature-bois-concept.com\/magazine\/terrasse-bois\/guides\/\"},{\"@type\":\"ListItem\",\"position\":4,\"name\":\"Tout ce que vous devez savoir apr\u00e8s l&rsquo;achat de votre terrasse\",\"item\":\"https:\/\/www.nature-bois-concept.com\/magazine\/terrasse-bois\/guides\/apres-achat\/\"},{\"@type\":\"ListItem\",\"position\":5,\"name\":\"Comment bien am\u00e9nager votre terrasse ?\",\"item\":\"https:\/\/www.nature-bois-concept.com\/magazine\/terrasse-bois\/guides\/apres-achat\/amenagement-terrasse-bois\/\"},{\"@type\":\"ListItem\",\"position\":6,\"name\":\"LED terrasse bois Garden Lights : peaufinez votre am\u00e9nagement\"}]},{\"@type\":\"WebSite\",\"@id\":\"https:\/\/www.nature-bois-concept.com\/magazine\/#website\",\"url\":\"https:\/\/www.nature-bois-concept.com\/magazine\/\",\"name\":\"Magazine Nature Bois Concept\",\"description\":\"En association avec Nature Bois Concept\",\"potentialAction\":[{\"@type\":\"SearchAction\",\"target\":{\"@type\":\"EntryPoint\",\"urlTemplate\":\"https:\/\/www.nature-bois-concept.com\/magazine\/?s={search_term_string}\"},\"query-input\":\"required name=search_term_string\"}],\"inLanguage\":\"fr-FR\"}]}<\/script>\n<!-- \/ Yoast SEO plugin. -->","yoast_head_json":{"title":"\u00c9clairez votre \u00e9t\u00e9 avec les LED pour terrasse bois Garden Lights","description":"\u00c9l\u00e9gant et efficace, illuminez votre am\u00e9nagement ext\u00e9rieur gr\u00e2ce au syst\u00e8me de LED pour terrasse bois encastrable Garden Lights.","robots":{"index":"index","follow":"follow","max-snippet":"max-snippet:-1","max-image-preview":"max-image-preview:large","max-video-preview":"max-video-preview:-1"},"canonical":"https:\/\/www.nature-bois-concept.com\/magazine\/terrasse-bois\/guides\/apres-achat\/amenagement-terrasse-bois\/led\/","og_locale":"fr_FR","og_type":"article","og_title":"\u00c9clairez votre \u00e9t\u00e9 avec les LED pour terrasse bois Garden Lights","og_description":"\u00c9l\u00e9gant et efficace, illuminez votre am\u00e9nagement ext\u00e9rieur gr\u00e2ce au syst\u00e8me de LED pour terrasse bois encastrable Garden Lights.","og_url":"https:\/\/www.nature-bois-concept.com\/magazine\/terrasse-bois\/guides\/apres-achat\/amenagement-terrasse-bois\/led\/","og_site_name":"Magazine Nature Bois Concept","article_publisher":"https:\/\/www.facebook.com\/Nature-Bois-Concept-1596307970584169\/","article_modified_time":"2024-06-04T15:15:29+00:00","og_image":[{"width":600,"height":248,"url":"https:\/\/www.nature-bois-concept.com\/magazine\/wp-content\/uploads\/2016\/06\/1.jpg","type":"image\/jpeg"}],"twitter_card":"summary_large_image","twitter_site":"@nbc_bois","twitter_misc":{"Dur\u00e9e de lecture estim\u00e9e":"3 minutes"},"schema":{"@context":"https:\/\/schema.org","@graph":[{"@type":"WebPage","@id":"https:\/\/www.nature-bois-concept.com\/magazine\/terrasse-bois\/guides\/apres-achat\/amenagement-terrasse-bois\/led\/","url":"https:\/\/www.nature-bois-concept.com\/magazine\/terrasse-bois\/guides\/apres-achat\/amenagement-terrasse-bois\/led\/","name":"\u00c9clairez votre \u00e9t\u00e9 avec les LED pour terrasse bois Garden Lights","isPartOf":{"@id":"https:\/\/www.nature-bois-concept.com\/magazine\/#website"},"primaryImageOfPage":{"@id":"https:\/\/www.nature-bois-concept.com\/magazine\/terrasse-bois\/guides\/apres-achat\/amenagement-terrasse-bois\/led\/#primaryimage"},"image":{"@id":"https:\/\/www.nature-bois-concept.com\/magazine\/terrasse-bois\/guides\/apres-achat\/amenagement-terrasse-bois\/led\/#primaryimage"},"thumbnailUrl":"https:\/\/www.nature-bois-concept.com\/magazine\/wp-content\/uploads\/2018\/07\/Photo-couverture-luminaire.jpg","datePublished":"2016-06-29T08:21:40+00:00","dateModified":"2024-06-04T15:15:29+00:00","description":"\u00c9l\u00e9gant et efficace, illuminez votre am\u00e9nagement ext\u00e9rieur gr\u00e2ce au syst\u00e8me de LED pour terrasse bois encastrable Garden Lights.","breadcrumb":{"@id":"https:\/\/www.nature-bois-concept.com\/magazine\/terrasse-bois\/guides\/apres-achat\/amenagement-terrasse-bois\/led\/#breadcrumb"},"inLanguage":"fr-FR","potentialAction":[{"@type":"ReadAction","target":["https:\/\/www.nature-bois-concept.com\/magazine\/terrasse-bois\/guides\/apres-achat\/amenagement-terrasse-bois\/led\/"]}]},{"@type":"ImageObject","inLanguage":"fr-FR","@id":"https:\/\/www.nature-bois-concept.com\/magazine\/terrasse-bois\/guides\/apres-achat\/amenagement-terrasse-bois\/led\/#primaryimage","url":"https:\/\/www.nature-bois-concept.com\/magazine\/wp-content\/uploads\/2018\/07\/Photo-couverture-luminaire.jpg","contentUrl":"https:\/\/www.nature-bois-concept.com\/magazine\/wp-content\/uploads\/2018\/07\/Photo-couverture-luminaire.jpg","width":1620,"height":440,"caption":"R\u00e9alisation d'un tour de piscine de qualit\u00e9"},{"@type":"BreadcrumbList","@id":"https:\/\/www.nature-bois-concept.com\/magazine\/terrasse-bois\/guides\/apres-achat\/amenagement-terrasse-bois\/led\/#breadcrumb","itemListElement":[{"@type":"ListItem","position":1,"name":"Magazine NBC","item":"https:\/\/www.nature-bois-concept.com\/magazine\/"},{"@type":"ListItem","position":2,"name":"Terrasse bois","item":"https:\/\/www.nature-bois-concept.com\/magazine\/terrasse-bois\/"},{"@type":"ListItem","position":3,"name":"Nos guides sur la Terrasse","item":"https:\/\/www.nature-bois-concept.com\/magazine\/terrasse-bois\/guides\/"},{"@type":"ListItem","position":4,"name":"Tout ce que vous devez savoir apr\u00e8s l&rsquo;achat de votre terrasse","item":"https:\/\/www.nature-bois-concept.com\/magazine\/terrasse-bois\/guides\/apres-achat\/"},{"@type":"ListItem","position":5,"name":"Comment bien am\u00e9nager votre terrasse ?","item":"https:\/\/www.nature-bois-concept.com\/magazine\/terrasse-bois\/guides\/apres-achat\/amenagement-terrasse-bois\/"},{"@type":"ListItem","position":6,"name":"LED terrasse bois Garden Lights : peaufinez votre am\u00e9nagement"}]},{"@type":"WebSite","@id":"https:\/\/www.nature-bois-concept.com\/magazine\/#website","url":"https:\/\/www.nature-bois-concept.com\/magazine\/","name":"Magazine Nature Bois Concept","description":"En association avec Nature Bois Concept","potentialAction":[{"@type":"SearchAction","target":{"@type":"EntryPoint","urlTemplate":"https:\/\/www.nature-bois-concept.com\/magazine\/?s={search_term_string}"},"query-input":"required name=search_term_string"}],"inLanguage":"fr-FR"}]}},"_links":{"self":[{"href":"https:\/\/www.nature-bois-concept.com\/magazine\/wp-json\/wp\/v2\/pages\/688"}],"collection":[{"href":"https:\/\/www.nature-bois-concept.com\/magazine\/wp-json\/wp\/v2\/pages"}],"about":[{"href":"https:\/\/www.nature-bois-concept.com\/magazine\/wp-json\/wp\/v2\/types\/page"}],"author":[{"embeddable":true,"href":"https:\/\/www.nature-bois-concept.com\/magazine\/wp-json\/wp\/v2\/users\/2"}],"replies":[{"embeddable":true,"href":"https:\/\/www.nature-bois-concept.com\/magazine\/wp-json\/wp\/v2\/comments?post=688"}],"version-history":[{"count":29,"href":"https:\/\/www.nature-bois-concept.com\/magazine\/wp-json\/wp\/v2\/pages\/688\/revisions"}],"predecessor-version":[{"id":7307,"href":"https:\/\/www.nature-bois-concept.com\/magazine\/wp-json\/wp\/v2\/pages\/688\/revisions\/7307"}],"up":[{"embeddable":true,"href":"https:\/\/www.nature-bois-concept.com\/magazine\/wp-json\/wp\/v2\/pages\/575"}],"wp:featuredmedia":[{"embeddable":true,"href":"https:\/\/www.nature-bois-concept.com\/magazine\/wp-json\/wp\/v2\/media\/4490"}],"wp:attachment":[{"href":"https:\/\/www.nature-bois-concept.com\/magazine\/wp-json\/wp\/v2\/media?parent=688"}],"curies":[{"name":"wp","href":"https:\/\/api.w.org\/{rel}","templated":true}]}}