{"id":685,"date":"2016-06-28T17:29:35","date_gmt":"2016-06-28T15:29:35","guid":{"rendered":"https:\/\/www.nature-bois-concept.com\/magazine\/?page_id=685"},"modified":"2025-02-26T15:09:02","modified_gmt":"2025-02-26T14:09:02","slug":"changer-lame-terrasse-hapax-fixing-pro","status":"publish","type":"page","link":"https:\/\/www.nature-bois-concept.com\/magazine\/terrasse-bois\/guides\/apres-achat\/changer-lame-terrasse-hapax-fixing-pro\/","title":{"rendered":"Changer une lame de terrasse avec Hapax Fixing Pro, rien de plus facile !"},"content":{"rendered":"<p style=\"text-align: justify;\">A ce jour, plus de 200 000 M\u00b2 de terrasses ont d\u00e9j\u00e0 \u00e9t\u00e9 install\u00e9es avec le syst\u00e8me de fixation Hapax Fixing Pro. S\u2019adaptant \u00e0 tous les types de bois, bois r\u00e9sineux tel que le Pin Sylvestre ou bois exotique tel que le bois exotique Cumaru, l\u2019Hapax fixing pro est une solution invisible pour tous les bois terrasse. R\u00e9f\u00e9rence sur le march\u00e9 de la fixation invisible terrasse bois, Hapax a d\u00e9velopp\u00e9 un syst\u00e8me apportant autant de garantie que la fixation avec vis apparentes. Seulement, il est possible que pour une raison ou une autre vous souhaitiez acc\u00e9der au-dessous de votre terrasse ou bien changer une lame terrasse bois. Pour cela, on vous explique comment faire dans notre <a href=\"https:\/\/www.nature-bois-concept.com\/magazine\/terrasse-bois\/guides\/apres-achat\/\" target=\"_blank\" rel=\"noopener\">guide apr\u00e8s l&rsquo;achat d&rsquo;une terrasse<\/a> avec ce syst\u00e8me sans pour autant faire apparaitre une t\u00eate de vis.<\/p>\n<h2>Changer une lame de terrasse avec Hapax Fixing Pro, explications.<\/h2>\n<p>Mat\u00e9riel n\u00e9cessaire :<\/p>\n<ul>\n<li>Un cutter \u00e9lectrique<\/li>\n<li>Des ciseaux \u00e0 bois<\/li>\n<li>Une visseuse<\/li>\n<li>Une perceuse<\/li>\n<li>Des vis \u00e0 t\u00eate r\u00e9duite<\/li>\n<\/ul>\n<h2>\u00c9tape d\u2019un changement de lame de terrasse simple et rapide<\/h2>\n<ol>\n<li>Pour commencer, coupez les fixations viss\u00e9es sur la lambourde \u00e0 l\u2019aide d\u2019un cutter \u00e9lectrique.<\/li>\n<li>Extraire ensuite la lame avec des ciseaux \u00e0 bois, en la soulevant doucement. (Attention \u00e0 ne pas ab\u00eemer les autres lames autour)<\/li>\n<li>Retirez une vis sur deux de la lame pr\u00e9c\u00e9dente<\/li>\n<li>Equipez une nouvelle lame avec les m\u00eames fixations et installez-la<\/li>\n<li>Percez les fixations \u00e0 l\u2019endroit o\u00f9 vous avez retir\u00e9 les vis de la lame pr\u00e9c\u00e9dente<\/li>\n<li>Utilisez des vis terrasse \u00e0 t\u00eate r\u00e9duite pour viser les fixations de la nouvelle lame<\/li>\n<li>Percez les fixations de l\u2019autre c\u00f4t\u00e9 de la lame avec un l\u00e9ger angle et vissez les vis de la m\u00eame fa\u00e7on, en respectant toujours un l\u00e9ger angle.<\/li>\n<\/ol>\n<p style=\"text-align: justify;\">\u00c7a y est, votre lame de terrasse est remplac\u00e9e, en toute simplicit\u00e9. Vous avez besoin de <a href=\"https:\/\/www.nature-bois-concept.com\/boutique\/terrasse-bois\/accessoire\/fixation\/invisible\/40-fixing-pro\/\" target=\"_blank\" rel=\"noopener\">fixation invisible Hapax Fixing Pro<\/a> ? Retrouvez cet accessoire pour terrasse dans notre <a href=\"https:\/\/www.nature-bois-concept.com\/boutique\/\" target=\"_blank\" rel=\"noopener noreferrer\">boutique en ligne<\/a>.<\/p>\n","protected":false},"excerpt":{"rendered":"<p>A ce jour, plus de 200 000 M\u00b2 de terrasses ont d\u00e9j\u00e0 \u00e9t\u00e9 install\u00e9es avec le syst\u00e8me de fixation Hapax Fixing Pro. S\u2019adaptant \u00e0 tous les types de bois, bois r\u00e9sineux tel que le Pin Sylvestre ou bois exotique tel que le bois exotique Cumaru, l\u2019Hapax fixing pro est une solution invisible pour tous les bois terrasse. R\u00e9f\u00e9rence sur le march\u00e9 de la fixation invisible terrasse bois, Hapax a d\u00e9velopp\u00e9&#8230;<\/p>\n","protected":false},"author":2,"featured_media":1494,"parent":567,"menu_order":1,"comment_status":"closed","ping_status":"closed","template":"","meta":{"_acf_changed":false,"footnotes":""},"acf":[],"yoast_head":"<!-- This site is optimized with the Yoast SEO plugin v22.4 - https:\/\/yoast.com\/wordpress\/plugins\/seo\/ -->\n<title>Changer facilement une lame de terrasse avec Hapax Fixing Pro<\/title>\n<meta name=\"description\" content=\"Vous avez opt\u00e9 pour la fixation invisible Hapax Fixing Pro, mais vous vous demandez comment changer une lame apr\u00e8s la pose. On vous guide sur la proc\u00e9dure !\" \/>\n<meta name=\"robots\" content=\"index, follow, max-snippet:-1, max-image-preview:large, max-video-preview:-1\" \/>\n<link rel=\"canonical\" href=\"https:\/\/www.nature-bois-concept.com\/magazine\/terrasse-bois\/guides\/apres-achat\/changer-lame-terrasse-hapax-fixing-pro\/\" \/>\n<meta property=\"og:locale\" content=\"fr_FR\" \/>\n<meta property=\"og:type\" content=\"article\" \/>\n<meta property=\"og:title\" content=\"Changer facilement une lame de terrasse avec Hapax Fixing Pro\" \/>\n<meta property=\"og:description\" content=\"Vous avez opt\u00e9 pour la fixation invisible Hapax Fixing Pro, mais vous vous demandez comment changer une lame apr\u00e8s la pose. On vous guide sur la proc\u00e9dure !\" \/>\n<meta property=\"og:url\" content=\"https:\/\/www.nature-bois-concept.com\/magazine\/terrasse-bois\/guides\/apres-achat\/changer-lame-terrasse-hapax-fixing-pro\/\" \/>\n<meta property=\"og:site_name\" content=\"Magazine Nature Bois Concept\" \/>\n<meta property=\"article:publisher\" content=\"https:\/\/www.facebook.com\/Nature-Bois-Concept-1596307970584169\/\" \/>\n<meta property=\"article:modified_time\" content=\"2025-02-26T14:09:02+00:00\" \/>\n<meta property=\"og:image\" content=\"https:\/\/www.nature-bois-concept.com\/magazine\/wp-content\/uploads\/2016\/06\/montage-lame-terrasse-hapax-fixing-pro.jpg\" \/>\n\t<meta property=\"og:image:width\" content=\"1620\" \/>\n\t<meta property=\"og:image:height\" content=\"668\" \/>\n\t<meta property=\"og:image:type\" content=\"image\/jpeg\" \/>\n<meta name=\"twitter:card\" content=\"summary_large_image\" \/>\n<meta name=\"twitter:site\" content=\"@nbc_bois\" \/>\n<meta name=\"twitter:label1\" content=\"Dur\u00e9e de lecture estim\u00e9e\" \/>\n\t<meta name=\"twitter:data1\" content=\"2 minutes\" \/>\n<script type=\"application\/ld+json\" class=\"yoast-schema-graph\">{\"@context\":\"https:\/\/schema.org\",\"@graph\":[{\"@type\":\"WebPage\",\"@id\":\"https:\/\/www.nature-bois-concept.com\/magazine\/terrasse-bois\/guides\/apres-achat\/changer-lame-terrasse-hapax-fixing-pro\/\",\"url\":\"https:\/\/www.nature-bois-concept.com\/magazine\/terrasse-bois\/guides\/apres-achat\/changer-lame-terrasse-hapax-fixing-pro\/\",\"name\":\"Changer facilement une lame de terrasse avec Hapax Fixing Pro\",\"isPartOf\":{\"@id\":\"https:\/\/www.nature-bois-concept.com\/magazine\/#website\"},\"primaryImageOfPage\":{\"@id\":\"https:\/\/www.nature-bois-concept.com\/magazine\/terrasse-bois\/guides\/apres-achat\/changer-lame-terrasse-hapax-fixing-pro\/#primaryimage\"},\"image\":{\"@id\":\"https:\/\/www.nature-bois-concept.com\/magazine\/terrasse-bois\/guides\/apres-achat\/changer-lame-terrasse-hapax-fixing-pro\/#primaryimage\"},\"thumbnailUrl\":\"https:\/\/www.nature-bois-concept.com\/magazine\/wp-content\/uploads\/2016\/06\/montage-lame-terrasse-hapax-fixing-pro.jpg\",\"datePublished\":\"2016-06-28T15:29:35+00:00\",\"dateModified\":\"2025-02-26T14:09:02+00:00\",\"description\":\"Vous avez opt\u00e9 pour la fixation invisible Hapax Fixing Pro, mais vous vous demandez comment changer une lame apr\u00e8s la pose. On vous guide sur la proc\u00e9dure !\",\"breadcrumb\":{\"@id\":\"https:\/\/www.nature-bois-concept.com\/magazine\/terrasse-bois\/guides\/apres-achat\/changer-lame-terrasse-hapax-fixing-pro\/#breadcrumb\"},\"inLanguage\":\"fr-FR\",\"potentialAction\":[{\"@type\":\"ReadAction\",\"target\":[\"https:\/\/www.nature-bois-concept.com\/magazine\/terrasse-bois\/guides\/apres-achat\/changer-lame-terrasse-hapax-fixing-pro\/\"]}]},{\"@type\":\"ImageObject\",\"inLanguage\":\"fr-FR\",\"@id\":\"https:\/\/www.nature-bois-concept.com\/magazine\/terrasse-bois\/guides\/apres-achat\/changer-lame-terrasse-hapax-fixing-pro\/#primaryimage\",\"url\":\"https:\/\/www.nature-bois-concept.com\/magazine\/wp-content\/uploads\/2016\/06\/montage-lame-terrasse-hapax-fixing-pro.jpg\",\"contentUrl\":\"https:\/\/www.nature-bois-concept.com\/magazine\/wp-content\/uploads\/2016\/06\/montage-lame-terrasse-hapax-fixing-pro.jpg\",\"width\":1620,\"height\":668,\"caption\":\"montage de lames de terrasses hapax\"},{\"@type\":\"BreadcrumbList\",\"@id\":\"https:\/\/www.nature-bois-concept.com\/magazine\/terrasse-bois\/guides\/apres-achat\/changer-lame-terrasse-hapax-fixing-pro\/#breadcrumb\",\"itemListElement\":[{\"@type\":\"ListItem\",\"position\":1,\"name\":\"Magazine NBC\",\"item\":\"https:\/\/www.nature-bois-concept.com\/magazine\/\"},{\"@type\":\"ListItem\",\"position\":2,\"name\":\"Terrasse bois\",\"item\":\"https:\/\/www.nature-bois-concept.com\/magazine\/terrasse-bois\/\"},{\"@type\":\"ListItem\",\"position\":3,\"name\":\"Nos guides sur la Terrasse\",\"item\":\"https:\/\/www.nature-bois-concept.com\/magazine\/terrasse-bois\/guides\/\"},{\"@type\":\"ListItem\",\"position\":4,\"name\":\"Tout ce que vous devez savoir apr\u00e8s l&rsquo;achat de votre terrasse\",\"item\":\"https:\/\/www.nature-bois-concept.com\/magazine\/terrasse-bois\/guides\/apres-achat\/\"},{\"@type\":\"ListItem\",\"position\":5,\"name\":\"Changer une lame de terrasse avec Hapax Fixing Pro, rien de plus facile !\"}]},{\"@type\":\"WebSite\",\"@id\":\"https:\/\/www.nature-bois-concept.com\/magazine\/#website\",\"url\":\"https:\/\/www.nature-bois-concept.com\/magazine\/\",\"name\":\"Magazine Nature Bois Concept\",\"description\":\"En association avec Nature Bois Concept\",\"potentialAction\":[{\"@type\":\"SearchAction\",\"target\":{\"@type\":\"EntryPoint\",\"urlTemplate\":\"https:\/\/www.nature-bois-concept.com\/magazine\/?s={search_term_string}\"},\"query-input\":\"required name=search_term_string\"}],\"inLanguage\":\"fr-FR\"}]}<\/script>\n<!-- \/ Yoast SEO plugin. -->","yoast_head_json":{"title":"Changer facilement une lame de terrasse avec Hapax Fixing Pro","description":"Vous avez opt\u00e9 pour la fixation invisible Hapax Fixing Pro, mais vous vous demandez comment changer une lame apr\u00e8s la pose. On vous guide sur la proc\u00e9dure !","robots":{"index":"index","follow":"follow","max-snippet":"max-snippet:-1","max-image-preview":"max-image-preview:large","max-video-preview":"max-video-preview:-1"},"canonical":"https:\/\/www.nature-bois-concept.com\/magazine\/terrasse-bois\/guides\/apres-achat\/changer-lame-terrasse-hapax-fixing-pro\/","og_locale":"fr_FR","og_type":"article","og_title":"Changer facilement une lame de terrasse avec Hapax Fixing Pro","og_description":"Vous avez opt\u00e9 pour la fixation invisible Hapax Fixing Pro, mais vous vous demandez comment changer une lame apr\u00e8s la pose. On vous guide sur la proc\u00e9dure !","og_url":"https:\/\/www.nature-bois-concept.com\/magazine\/terrasse-bois\/guides\/apres-achat\/changer-lame-terrasse-hapax-fixing-pro\/","og_site_name":"Magazine Nature Bois Concept","article_publisher":"https:\/\/www.facebook.com\/Nature-Bois-Concept-1596307970584169\/","article_modified_time":"2025-02-26T14:09:02+00:00","og_image":[{"width":1620,"height":668,"url":"https:\/\/www.nature-bois-concept.com\/magazine\/wp-content\/uploads\/2016\/06\/montage-lame-terrasse-hapax-fixing-pro.jpg","type":"image\/jpeg"}],"twitter_card":"summary_large_image","twitter_site":"@nbc_bois","twitter_misc":{"Dur\u00e9e de lecture estim\u00e9e":"2 minutes"},"schema":{"@context":"https:\/\/schema.org","@graph":[{"@type":"WebPage","@id":"https:\/\/www.nature-bois-concept.com\/magazine\/terrasse-bois\/guides\/apres-achat\/changer-lame-terrasse-hapax-fixing-pro\/","url":"https:\/\/www.nature-bois-concept.com\/magazine\/terrasse-bois\/guides\/apres-achat\/changer-lame-terrasse-hapax-fixing-pro\/","name":"Changer facilement une lame de terrasse avec Hapax Fixing Pro","isPartOf":{"@id":"https:\/\/www.nature-bois-concept.com\/magazine\/#website"},"primaryImageOfPage":{"@id":"https:\/\/www.nature-bois-concept.com\/magazine\/terrasse-bois\/guides\/apres-achat\/changer-lame-terrasse-hapax-fixing-pro\/#primaryimage"},"image":{"@id":"https:\/\/www.nature-bois-concept.com\/magazine\/terrasse-bois\/guides\/apres-achat\/changer-lame-terrasse-hapax-fixing-pro\/#primaryimage"},"thumbnailUrl":"https:\/\/www.nature-bois-concept.com\/magazine\/wp-content\/uploads\/2016\/06\/montage-lame-terrasse-hapax-fixing-pro.jpg","datePublished":"2016-06-28T15:29:35+00:00","dateModified":"2025-02-26T14:09:02+00:00","description":"Vous avez opt\u00e9 pour la fixation invisible Hapax Fixing Pro, mais vous vous demandez comment changer une lame apr\u00e8s la pose. On vous guide sur la proc\u00e9dure !","breadcrumb":{"@id":"https:\/\/www.nature-bois-concept.com\/magazine\/terrasse-bois\/guides\/apres-achat\/changer-lame-terrasse-hapax-fixing-pro\/#breadcrumb"},"inLanguage":"fr-FR","potentialAction":[{"@type":"ReadAction","target":["https:\/\/www.nature-bois-concept.com\/magazine\/terrasse-bois\/guides\/apres-achat\/changer-lame-terrasse-hapax-fixing-pro\/"]}]},{"@type":"ImageObject","inLanguage":"fr-FR","@id":"https:\/\/www.nature-bois-concept.com\/magazine\/terrasse-bois\/guides\/apres-achat\/changer-lame-terrasse-hapax-fixing-pro\/#primaryimage","url":"https:\/\/www.nature-bois-concept.com\/magazine\/wp-content\/uploads\/2016\/06\/montage-lame-terrasse-hapax-fixing-pro.jpg","contentUrl":"https:\/\/www.nature-bois-concept.com\/magazine\/wp-content\/uploads\/2016\/06\/montage-lame-terrasse-hapax-fixing-pro.jpg","width":1620,"height":668,"caption":"montage de lames de terrasses hapax"},{"@type":"BreadcrumbList","@id":"https:\/\/www.nature-bois-concept.com\/magazine\/terrasse-bois\/guides\/apres-achat\/changer-lame-terrasse-hapax-fixing-pro\/#breadcrumb","itemListElement":[{"@type":"ListItem","position":1,"name":"Magazine NBC","item":"https:\/\/www.nature-bois-concept.com\/magazine\/"},{"@type":"ListItem","position":2,"name":"Terrasse bois","item":"https:\/\/www.nature-bois-concept.com\/magazine\/terrasse-bois\/"},{"@type":"ListItem","position":3,"name":"Nos guides sur la Terrasse","item":"https:\/\/www.nature-bois-concept.com\/magazine\/terrasse-bois\/guides\/"},{"@type":"ListItem","position":4,"name":"Tout ce que vous devez savoir apr\u00e8s l&rsquo;achat de votre terrasse","item":"https:\/\/www.nature-bois-concept.com\/magazine\/terrasse-bois\/guides\/apres-achat\/"},{"@type":"ListItem","position":5,"name":"Changer une lame de terrasse avec Hapax Fixing Pro, rien de plus facile !"}]},{"@type":"WebSite","@id":"https:\/\/www.nature-bois-concept.com\/magazine\/#website","url":"https:\/\/www.nature-bois-concept.com\/magazine\/","name":"Magazine Nature Bois Concept","description":"En association avec Nature Bois Concept","potentialAction":[{"@type":"SearchAction","target":{"@type":"EntryPoint","urlTemplate":"https:\/\/www.nature-bois-concept.com\/magazine\/?s={search_term_string}"},"query-input":"required name=search_term_string"}],"inLanguage":"fr-FR"}]}},"_links":{"self":[{"href":"https:\/\/www.nature-bois-concept.com\/magazine\/wp-json\/wp\/v2\/pages\/685"}],"collection":[{"href":"https:\/\/www.nature-bois-concept.com\/magazine\/wp-json\/wp\/v2\/pages"}],"about":[{"href":"https:\/\/www.nature-bois-concept.com\/magazine\/wp-json\/wp\/v2\/types\/page"}],"author":[{"embeddable":true,"href":"https:\/\/www.nature-bois-concept.com\/magazine\/wp-json\/wp\/v2\/users\/2"}],"replies":[{"embeddable":true,"href":"https:\/\/www.nature-bois-concept.com\/magazine\/wp-json\/wp\/v2\/comments?post=685"}],"version-history":[{"count":16,"href":"https:\/\/www.nature-bois-concept.com\/magazine\/wp-json\/wp\/v2\/pages\/685\/revisions"}],"predecessor-version":[{"id":7629,"href":"https:\/\/www.nature-bois-concept.com\/magazine\/wp-json\/wp\/v2\/pages\/685\/revisions\/7629"}],"up":[{"embeddable":true,"href":"https:\/\/www.nature-bois-concept.com\/magazine\/wp-json\/wp\/v2\/pages\/567"}],"wp:featuredmedia":[{"embeddable":true,"href":"https:\/\/www.nature-bois-concept.com\/magazine\/wp-json\/wp\/v2\/media\/1494"}],"wp:attachment":[{"href":"https:\/\/www.nature-bois-concept.com\/magazine\/wp-json\/wp\/v2\/media?parent=685"}],"curies":[{"name":"wp","href":"https:\/\/api.w.org\/{rel}","templated":true}]}}