{"id":684,"date":"2016-06-29T10:22:58","date_gmt":"2016-06-29T08:22:58","guid":{"rendered":"https:\/\/www.nature-bois-concept.com\/magazine\/?page_id=684"},"modified":"2026-01-26T11:06:26","modified_gmt":"2026-01-26T10:06:26","slug":"terrasse-bois-nature-bois-concept","status":"publish","type":"page","link":"https:\/\/www.nature-bois-concept.com\/magazine\/terrasse-bois\/guides\/apres-achat\/entretien-terrasse\/terrasse-bois-nature-bois-concept\/","title":{"rendered":"L&rsquo;entretien terrasse bois par Nature Bois Concept"},"content":{"rendered":"<p style=\"text-align: justify;\">Vous venez de devenir l\u2019heureux propri\u00e9taire d\u2019une terrasse bois et vous vous demandez comment r\u00e9aliser au mieux <a href=\"https:\/\/www.nature-bois-concept.com\/magazine\/terrasse-bois\/guides\/apres-achat\/entretien-terrasse\/\" target=\"_blank\" rel=\"noopener\">son entretien<\/a>.<\/p>\n<p style=\"text-align: justify;\">Effectivement, votre terrasse a besoin d\u2019entretien terrasse bois car elle va \u00eatre soumise aux agressions ext\u00e9rieures. Les Ultra-violets \u00e9mis par les rayons du soleil vont amener le bois \u00e0 perdre peu \u00e0 peu sa couleur, en laissant place \u00e0 une teinte davantage grise.<\/p>\n<p style=\"text-align: justify;\">Certaines personnes appr\u00e9cient cette teinte, et laissent donc faire la nature. Si ce n\u2019est pas votre cas, heureusement pour vous il existe des solutions pour maintenir la teinte naturelle de votre bois telle que le jour de la pose !<\/p>\n<p style=\"text-align: justify;\">Nature Bois Concept vous explique comment proc\u00e9der, que vous soyez tent\u00e9 de laisser vos bois de terrasse griser, ou si, au contraire, vous souhaitez les garder comme au premier jour, en vous indiquant les produits d\u2019entretien terrasse bois \u00e0 appliquer afin de pr\u00e9server la teinte d\u2019origine de celle-ci.<\/p>\n<h2>Grisaillement naturel, sans produit d\u2019entretien terrasse bois<\/h2>\n<p><img loading=\"lazy\" decoding=\"async\" class=\"aligncenter size-full wp-image-1490\" src=\"https:\/\/res.cloudinary.com\/nature-bois-concept\/image\/upload\/fl_any_format,q_auto,c_scale,c_limit,w_1200\/www.nature-bois-concept.com\/magazine\/wp-content\/uploads\/2016\/06\/terrasse-bois-gris-naturel.jpg\" alt=\"terrasse-bois-gris-naturel\" width=\"1200\" height=\"496\" srcset=\"https:\/\/www.nature-bois-concept.com\/magazine\/wp-content\/uploads\/2016\/06\/terrasse-bois-gris-naturel.jpg 1200w, https:\/\/www.nature-bois-concept.com\/magazine\/wp-content\/uploads\/2016\/06\/terrasse-bois-gris-naturel-300x124.jpg 300w, https:\/\/www.nature-bois-concept.com\/magazine\/wp-content\/uploads\/2016\/06\/terrasse-bois-gris-naturel-768x317.jpg 768w, https:\/\/www.nature-bois-concept.com\/magazine\/wp-content\/uploads\/2016\/06\/terrasse-bois-gris-naturel-1024x423.jpg 1024w, https:\/\/www.nature-bois-concept.com\/magazine\/wp-content\/uploads\/2016\/06\/terrasse-bois-gris-naturel-1060x438.jpg 1060w\" sizes=\"(max-width: 1200px) 100vw, 1200px\" \/><\/p>\n<p>La premi\u00e8re solution, la plus simple : laissez tout simplement griser votre terrasse bois naturellement en veillant cependant \u00e0 la propret\u00e9 du bois en la nettoyant \u00e0 l\u2019aide d\u2019un nettoyeur \u00e0 eau une fois par an.<\/p>\n<h2>Le saturateur pour pr\u00e9server la couleur naturelle de votre terrasse bois<\/h2>\n<p><img loading=\"lazy\" decoding=\"async\" class=\"aligncenter size-full wp-image-1475\" src=\"https:\/\/res.cloudinary.com\/nature-bois-concept\/image\/upload\/fl_any_format,q_auto,c_scale,c_limit,w_1200\/www.nature-bois-concept.com\/magazine\/wp-content\/uploads\/2016\/06\/saturateur-tous-types-bois.jpg\" alt=\"saturateur-tous-types-bois\" width=\"1200\" height=\"496\" srcset=\"https:\/\/www.nature-bois-concept.com\/magazine\/wp-content\/uploads\/2016\/06\/saturateur-tous-types-bois.jpg 1200w, https:\/\/www.nature-bois-concept.com\/magazine\/wp-content\/uploads\/2016\/06\/saturateur-tous-types-bois-300x124.jpg 300w, https:\/\/www.nature-bois-concept.com\/magazine\/wp-content\/uploads\/2016\/06\/saturateur-tous-types-bois-768x317.jpg 768w, https:\/\/www.nature-bois-concept.com\/magazine\/wp-content\/uploads\/2016\/06\/saturateur-tous-types-bois-1024x423.jpg 1024w, https:\/\/www.nature-bois-concept.com\/magazine\/wp-content\/uploads\/2016\/06\/saturateur-tous-types-bois-1060x438.jpg 1060w\" sizes=\"(max-width: 1200px) 100vw, 1200px\" \/><\/p>\n<p style=\"text-align: justify;\">Les saturateurs Nature Bois Concept sont des saturateurs tous types de bois, \u00e0 appliquer sur surfaces horizontales comme verticales. Ils sauront prot\u00e9ger vos bois ! Pour prot\u00e9ger vos lames de terrasse bois, la meilleure solution reste en effet le saturateur.<\/p>\n<p style=\"text-align: justify;\">\u00c0 appliquer deux semaines \u00e0 un mois apr\u00e8s la pose de votre terrasse, ce produit est simple \u00e0 mettre en \u0153uvre \u00e0 l\u2019aide d\u2019un rouleau ou bien d\u2019un pinceau. Ce produit va prot\u00e9ger en profondeur et stabiliser vos bois. Nous vous conseillons de r\u00e9it\u00e9rer cette application au moins 1 fois par an en ayant pass\u00e9 un d\u00e9griseur auparavant.<\/p>\n<h2>Le d\u00e9griseur pour retrouver l\u2019\u00e9clat<\/h2>\n<p><img loading=\"lazy\" decoding=\"async\" class=\"aligncenter size-full wp-image-1491\" src=\"https:\/\/res.cloudinary.com\/nature-bois-concept\/image\/upload\/fl_any_format,q_auto,c_scale,c_limit,w_1200\/www.nature-bois-concept.com\/magazine\/wp-content\/uploads\/2016\/06\/avant-apres-application-saturateur-terrasse-bois.jpg\" alt=\"avant-apres-application-saturateur-terrasse-bois\" width=\"1200\" height=\"496\" srcset=\"https:\/\/www.nature-bois-concept.com\/magazine\/wp-content\/uploads\/2016\/06\/avant-apres-application-saturateur-terrasse-bois.jpg 1200w, https:\/\/www.nature-bois-concept.com\/magazine\/wp-content\/uploads\/2016\/06\/avant-apres-application-saturateur-terrasse-bois-300x124.jpg 300w, https:\/\/www.nature-bois-concept.com\/magazine\/wp-content\/uploads\/2016\/06\/avant-apres-application-saturateur-terrasse-bois-768x317.jpg 768w, https:\/\/www.nature-bois-concept.com\/magazine\/wp-content\/uploads\/2016\/06\/avant-apres-application-saturateur-terrasse-bois-1024x423.jpg 1024w, https:\/\/www.nature-bois-concept.com\/magazine\/wp-content\/uploads\/2016\/06\/avant-apres-application-saturateur-terrasse-bois-1060x438.jpg 1060w\" sizes=\"(max-width: 1200px) 100vw, 1200px\" \/><\/p>\n<p>Le nettoyant \/ d\u00e9griseur Nature Bois Concept redonne \u00e0 votre bois son aspect naturel. Il d\u00e9grise tous types de bois aussi bien sur les surfaces verticales que horizontales. Il y a d\u00e9j\u00e0 un moment que votre terrasse a \u00e9t\u00e9 r\u00e9alis\u00e9e, seulement avec le temps cette couleur patin\u00e9e qu\u2019a adopt\u00e9 votre bois ne vous pla\u00eet plus. Nature Bois Concept a s\u00e9lectionn\u00e9 pour vous des d\u00e9griseurs pour tous les types de bois. \u00c0 appliquer deux fois jusqu\u2019\u00e0 retrouver la teinte naturelle du bois, sur l\u2019ensemble de vos lames. Le d\u00e9griseur va en effet redonner une couleur \u00e0 votre bois, au plus proche de celle d&rsquo;origine.<\/p>\n<p style=\"text-align: justify;\">Pour plus d\u2019informations ou pour commander un de nos <a href=\"https:\/\/www.nature-bois-concept.com\/boutique\/terrasse-bois\/entretien\/\" target=\"_blank\" rel=\"noopener noreferrer\">produits d\u2019entretien terrasse bois<\/a>, rendez-vous sur notre <a href=\"https:\/\/www.nature-bois-concept.com\/boutique\/\" target=\"_blank\" rel=\"noopener\">boutique<\/a> !<\/p>\n","protected":false},"excerpt":{"rendered":"<p>Vous venez de devenir l\u2019heureux propri\u00e9taire d\u2019une terrasse bois et vous vous demandez comment r\u00e9aliser au mieux son entretien. Effectivement, votre terrasse a besoin d\u2019entretien terrasse bois car elle va \u00eatre soumise aux agressions ext\u00e9rieures. Les Ultra-violets \u00e9mis par les rayons du soleil vont amener le bois \u00e0 perdre peu \u00e0 peu sa couleur, en laissant place \u00e0 une teinte davantage grise. Certaines personnes appr\u00e9cient cette teinte, et laissent donc&#8230;<\/p>\n","protected":false},"author":2,"featured_media":1492,"parent":573,"menu_order":4,"comment_status":"closed","ping_status":"closed","template":"","meta":{"_acf_changed":false,"footnotes":""},"acf":[],"yoast_head":"<!-- This site is optimized with the Yoast SEO plugin v22.4 - https:\/\/yoast.com\/wordpress\/plugins\/seo\/ -->\n<title>L&#039;entretien terrasse bois par Nature Bois Concept<\/title>\n<meta name=\"description\" content=\"D\u00e9couvrez nos solutions d&#039;entretien : pour ne plus laisser griser votre terrasse bois, les produits d&#039;entretien Nature Bois Concept vous accompagnent.\" \/>\n<meta name=\"robots\" content=\"index, follow, max-snippet:-1, max-image-preview:large, max-video-preview:-1\" \/>\n<link rel=\"canonical\" href=\"https:\/\/www.nature-bois-concept.com\/magazine\/terrasse-bois\/guides\/apres-achat\/entretien-terrasse\/terrasse-bois-nature-bois-concept\/\" \/>\n<meta property=\"og:locale\" content=\"fr_FR\" \/>\n<meta property=\"og:type\" content=\"article\" \/>\n<meta property=\"og:title\" content=\"L&#039;entretien terrasse bois par Nature Bois Concept\" \/>\n<meta property=\"og:description\" content=\"D\u00e9couvrez nos solutions d&#039;entretien : pour ne plus laisser griser votre terrasse bois, les produits d&#039;entretien Nature Bois Concept vous accompagnent.\" \/>\n<meta property=\"og:url\" content=\"https:\/\/www.nature-bois-concept.com\/magazine\/terrasse-bois\/guides\/apres-achat\/entretien-terrasse\/terrasse-bois-nature-bois-concept\/\" \/>\n<meta property=\"og:site_name\" content=\"Magazine Nature Bois Concept\" \/>\n<meta property=\"article:publisher\" content=\"https:\/\/www.facebook.com\/Nature-Bois-Concept-1596307970584169\/\" \/>\n<meta property=\"article:modified_time\" content=\"2026-01-26T10:06:26+00:00\" \/>\n<meta property=\"og:image\" content=\"https:\/\/www.nature-bois-concept.com\/magazine\/wp-content\/uploads\/2016\/06\/terrasse-bois-exotique-cumaru.jpg\" \/>\n\t<meta property=\"og:image:width\" content=\"1620\" \/>\n\t<meta property=\"og:image:height\" content=\"668\" \/>\n\t<meta property=\"og:image:type\" content=\"image\/jpeg\" \/>\n<meta name=\"twitter:card\" content=\"summary_large_image\" \/>\n<meta name=\"twitter:site\" content=\"@nbc_bois\" \/>\n<meta name=\"twitter:label1\" content=\"Dur\u00e9e de lecture estim\u00e9e\" \/>\n\t<meta name=\"twitter:data1\" content=\"3 minutes\" \/>\n<script type=\"application\/ld+json\" class=\"yoast-schema-graph\">{\"@context\":\"https:\/\/schema.org\",\"@graph\":[{\"@type\":\"WebPage\",\"@id\":\"https:\/\/www.nature-bois-concept.com\/magazine\/terrasse-bois\/guides\/apres-achat\/entretien-terrasse\/terrasse-bois-nature-bois-concept\/\",\"url\":\"https:\/\/www.nature-bois-concept.com\/magazine\/terrasse-bois\/guides\/apres-achat\/entretien-terrasse\/terrasse-bois-nature-bois-concept\/\",\"name\":\"L'entretien terrasse bois par Nature Bois Concept\",\"isPartOf\":{\"@id\":\"https:\/\/www.nature-bois-concept.com\/magazine\/#website\"},\"primaryImageOfPage\":{\"@id\":\"https:\/\/www.nature-bois-concept.com\/magazine\/terrasse-bois\/guides\/apres-achat\/entretien-terrasse\/terrasse-bois-nature-bois-concept\/#primaryimage\"},\"image\":{\"@id\":\"https:\/\/www.nature-bois-concept.com\/magazine\/terrasse-bois\/guides\/apres-achat\/entretien-terrasse\/terrasse-bois-nature-bois-concept\/#primaryimage\"},\"thumbnailUrl\":\"https:\/\/www.nature-bois-concept.com\/magazine\/wp-content\/uploads\/2016\/06\/terrasse-bois-exotique-cumaru.jpg\",\"datePublished\":\"2016-06-29T08:22:58+00:00\",\"dateModified\":\"2026-01-26T10:06:26+00:00\",\"description\":\"D\u00e9couvrez nos solutions d'entretien : pour ne plus laisser griser votre terrasse bois, les produits d'entretien Nature Bois Concept vous accompagnent.\",\"breadcrumb\":{\"@id\":\"https:\/\/www.nature-bois-concept.com\/magazine\/terrasse-bois\/guides\/apres-achat\/entretien-terrasse\/terrasse-bois-nature-bois-concept\/#breadcrumb\"},\"inLanguage\":\"fr-FR\",\"potentialAction\":[{\"@type\":\"ReadAction\",\"target\":[\"https:\/\/www.nature-bois-concept.com\/magazine\/terrasse-bois\/guides\/apres-achat\/entretien-terrasse\/terrasse-bois-nature-bois-concept\/\"]}]},{\"@type\":\"ImageObject\",\"inLanguage\":\"fr-FR\",\"@id\":\"https:\/\/www.nature-bois-concept.com\/magazine\/terrasse-bois\/guides\/apres-achat\/entretien-terrasse\/terrasse-bois-nature-bois-concept\/#primaryimage\",\"url\":\"https:\/\/www.nature-bois-concept.com\/magazine\/wp-content\/uploads\/2016\/06\/terrasse-bois-exotique-cumaru.jpg\",\"contentUrl\":\"https:\/\/www.nature-bois-concept.com\/magazine\/wp-content\/uploads\/2016\/06\/terrasse-bois-exotique-cumaru.jpg\",\"width\":1620,\"height\":668,\"caption\":\"terrasse de bois exotique cumaru lames cumaru\"},{\"@type\":\"BreadcrumbList\",\"@id\":\"https:\/\/www.nature-bois-concept.com\/magazine\/terrasse-bois\/guides\/apres-achat\/entretien-terrasse\/terrasse-bois-nature-bois-concept\/#breadcrumb\",\"itemListElement\":[{\"@type\":\"ListItem\",\"position\":1,\"name\":\"Magazine NBC\",\"item\":\"https:\/\/www.nature-bois-concept.com\/magazine\/\"},{\"@type\":\"ListItem\",\"position\":2,\"name\":\"Terrasse bois\",\"item\":\"https:\/\/www.nature-bois-concept.com\/magazine\/terrasse-bois\/\"},{\"@type\":\"ListItem\",\"position\":3,\"name\":\"Nos guides sur la Terrasse\",\"item\":\"https:\/\/www.nature-bois-concept.com\/magazine\/terrasse-bois\/guides\/\"},{\"@type\":\"ListItem\",\"position\":4,\"name\":\"Tout ce que vous devez savoir apr\u00e8s l&rsquo;achat de votre terrasse\",\"item\":\"https:\/\/www.nature-bois-concept.com\/magazine\/terrasse-bois\/guides\/apres-achat\/\"},{\"@type\":\"ListItem\",\"position\":5,\"name\":\"Comment bien entretenir votre terrasse bois\",\"item\":\"https:\/\/www.nature-bois-concept.com\/magazine\/terrasse-bois\/guides\/apres-achat\/entretien-terrasse\/\"},{\"@type\":\"ListItem\",\"position\":6,\"name\":\"L&rsquo;entretien terrasse bois par Nature Bois Concept\"}]},{\"@type\":\"WebSite\",\"@id\":\"https:\/\/www.nature-bois-concept.com\/magazine\/#website\",\"url\":\"https:\/\/www.nature-bois-concept.com\/magazine\/\",\"name\":\"Magazine Nature Bois Concept\",\"description\":\"En association avec Nature Bois Concept\",\"potentialAction\":[{\"@type\":\"SearchAction\",\"target\":{\"@type\":\"EntryPoint\",\"urlTemplate\":\"https:\/\/www.nature-bois-concept.com\/magazine\/?s={search_term_string}\"},\"query-input\":\"required name=search_term_string\"}],\"inLanguage\":\"fr-FR\"}]}<\/script>\n<!-- \/ Yoast SEO plugin. -->","yoast_head_json":{"title":"L'entretien terrasse bois par Nature Bois Concept","description":"D\u00e9couvrez nos solutions d'entretien : pour ne plus laisser griser votre terrasse bois, les produits d'entretien Nature Bois Concept vous accompagnent.","robots":{"index":"index","follow":"follow","max-snippet":"max-snippet:-1","max-image-preview":"max-image-preview:large","max-video-preview":"max-video-preview:-1"},"canonical":"https:\/\/www.nature-bois-concept.com\/magazine\/terrasse-bois\/guides\/apres-achat\/entretien-terrasse\/terrasse-bois-nature-bois-concept\/","og_locale":"fr_FR","og_type":"article","og_title":"L'entretien terrasse bois par Nature Bois Concept","og_description":"D\u00e9couvrez nos solutions d'entretien : pour ne plus laisser griser votre terrasse bois, les produits d'entretien Nature Bois Concept vous accompagnent.","og_url":"https:\/\/www.nature-bois-concept.com\/magazine\/terrasse-bois\/guides\/apres-achat\/entretien-terrasse\/terrasse-bois-nature-bois-concept\/","og_site_name":"Magazine Nature Bois Concept","article_publisher":"https:\/\/www.facebook.com\/Nature-Bois-Concept-1596307970584169\/","article_modified_time":"2026-01-26T10:06:26+00:00","og_image":[{"width":1620,"height":668,"url":"https:\/\/www.nature-bois-concept.com\/magazine\/wp-content\/uploads\/2016\/06\/terrasse-bois-exotique-cumaru.jpg","type":"image\/jpeg"}],"twitter_card":"summary_large_image","twitter_site":"@nbc_bois","twitter_misc":{"Dur\u00e9e de lecture estim\u00e9e":"3 minutes"},"schema":{"@context":"https:\/\/schema.org","@graph":[{"@type":"WebPage","@id":"https:\/\/www.nature-bois-concept.com\/magazine\/terrasse-bois\/guides\/apres-achat\/entretien-terrasse\/terrasse-bois-nature-bois-concept\/","url":"https:\/\/www.nature-bois-concept.com\/magazine\/terrasse-bois\/guides\/apres-achat\/entretien-terrasse\/terrasse-bois-nature-bois-concept\/","name":"L'entretien terrasse bois par Nature Bois Concept","isPartOf":{"@id":"https:\/\/www.nature-bois-concept.com\/magazine\/#website"},"primaryImageOfPage":{"@id":"https:\/\/www.nature-bois-concept.com\/magazine\/terrasse-bois\/guides\/apres-achat\/entretien-terrasse\/terrasse-bois-nature-bois-concept\/#primaryimage"},"image":{"@id":"https:\/\/www.nature-bois-concept.com\/magazine\/terrasse-bois\/guides\/apres-achat\/entretien-terrasse\/terrasse-bois-nature-bois-concept\/#primaryimage"},"thumbnailUrl":"https:\/\/www.nature-bois-concept.com\/magazine\/wp-content\/uploads\/2016\/06\/terrasse-bois-exotique-cumaru.jpg","datePublished":"2016-06-29T08:22:58+00:00","dateModified":"2026-01-26T10:06:26+00:00","description":"D\u00e9couvrez nos solutions d'entretien : pour ne plus laisser griser votre terrasse bois, les produits d'entretien Nature Bois Concept vous accompagnent.","breadcrumb":{"@id":"https:\/\/www.nature-bois-concept.com\/magazine\/terrasse-bois\/guides\/apres-achat\/entretien-terrasse\/terrasse-bois-nature-bois-concept\/#breadcrumb"},"inLanguage":"fr-FR","potentialAction":[{"@type":"ReadAction","target":["https:\/\/www.nature-bois-concept.com\/magazine\/terrasse-bois\/guides\/apres-achat\/entretien-terrasse\/terrasse-bois-nature-bois-concept\/"]}]},{"@type":"ImageObject","inLanguage":"fr-FR","@id":"https:\/\/www.nature-bois-concept.com\/magazine\/terrasse-bois\/guides\/apres-achat\/entretien-terrasse\/terrasse-bois-nature-bois-concept\/#primaryimage","url":"https:\/\/www.nature-bois-concept.com\/magazine\/wp-content\/uploads\/2016\/06\/terrasse-bois-exotique-cumaru.jpg","contentUrl":"https:\/\/www.nature-bois-concept.com\/magazine\/wp-content\/uploads\/2016\/06\/terrasse-bois-exotique-cumaru.jpg","width":1620,"height":668,"caption":"terrasse de bois exotique cumaru lames cumaru"},{"@type":"BreadcrumbList","@id":"https:\/\/www.nature-bois-concept.com\/magazine\/terrasse-bois\/guides\/apres-achat\/entretien-terrasse\/terrasse-bois-nature-bois-concept\/#breadcrumb","itemListElement":[{"@type":"ListItem","position":1,"name":"Magazine NBC","item":"https:\/\/www.nature-bois-concept.com\/magazine\/"},{"@type":"ListItem","position":2,"name":"Terrasse bois","item":"https:\/\/www.nature-bois-concept.com\/magazine\/terrasse-bois\/"},{"@type":"ListItem","position":3,"name":"Nos guides sur la Terrasse","item":"https:\/\/www.nature-bois-concept.com\/magazine\/terrasse-bois\/guides\/"},{"@type":"ListItem","position":4,"name":"Tout ce que vous devez savoir apr\u00e8s l&rsquo;achat de votre terrasse","item":"https:\/\/www.nature-bois-concept.com\/magazine\/terrasse-bois\/guides\/apres-achat\/"},{"@type":"ListItem","position":5,"name":"Comment bien entretenir votre terrasse bois","item":"https:\/\/www.nature-bois-concept.com\/magazine\/terrasse-bois\/guides\/apres-achat\/entretien-terrasse\/"},{"@type":"ListItem","position":6,"name":"L&rsquo;entretien terrasse bois par Nature Bois Concept"}]},{"@type":"WebSite","@id":"https:\/\/www.nature-bois-concept.com\/magazine\/#website","url":"https:\/\/www.nature-bois-concept.com\/magazine\/","name":"Magazine Nature Bois Concept","description":"En association avec Nature Bois Concept","potentialAction":[{"@type":"SearchAction","target":{"@type":"EntryPoint","urlTemplate":"https:\/\/www.nature-bois-concept.com\/magazine\/?s={search_term_string}"},"query-input":"required name=search_term_string"}],"inLanguage":"fr-FR"}]}},"_links":{"self":[{"href":"https:\/\/www.nature-bois-concept.com\/magazine\/wp-json\/wp\/v2\/pages\/684"}],"collection":[{"href":"https:\/\/www.nature-bois-concept.com\/magazine\/wp-json\/wp\/v2\/pages"}],"about":[{"href":"https:\/\/www.nature-bois-concept.com\/magazine\/wp-json\/wp\/v2\/types\/page"}],"author":[{"embeddable":true,"href":"https:\/\/www.nature-bois-concept.com\/magazine\/wp-json\/wp\/v2\/users\/2"}],"replies":[{"embeddable":true,"href":"https:\/\/www.nature-bois-concept.com\/magazine\/wp-json\/wp\/v2\/comments?post=684"}],"version-history":[{"count":24,"href":"https:\/\/www.nature-bois-concept.com\/magazine\/wp-json\/wp\/v2\/pages\/684\/revisions"}],"predecessor-version":[{"id":8130,"href":"https:\/\/www.nature-bois-concept.com\/magazine\/wp-json\/wp\/v2\/pages\/684\/revisions\/8130"}],"up":[{"embeddable":true,"href":"https:\/\/www.nature-bois-concept.com\/magazine\/wp-json\/wp\/v2\/pages\/573"}],"wp:featuredmedia":[{"embeddable":true,"href":"https:\/\/www.nature-bois-concept.com\/magazine\/wp-json\/wp\/v2\/media\/1492"}],"wp:attachment":[{"href":"https:\/\/www.nature-bois-concept.com\/magazine\/wp-json\/wp\/v2\/media?parent=684"}],"curies":[{"name":"wp","href":"https:\/\/api.w.org\/{rel}","templated":true}]}}