{"id":682,"date":"2016-06-29T15:21:12","date_gmt":"2016-06-29T13:21:12","guid":{"rendered":"https:\/\/www.nature-bois-concept.com\/magazine\/?page_id=682"},"modified":"2023-03-22T17:34:57","modified_gmt":"2023-03-22T16:34:57","slug":"saturateur","status":"publish","type":"page","link":"https:\/\/www.nature-bois-concept.com\/magazine\/terrasse-bois\/guides\/apres-achat\/entretien-terrasse\/saturateur\/","title":{"rendered":"Gr\u00e2ce au saturateur, pr\u00e9servez ou redonnez de la couleur \u00e0 votre terrasse"},"content":{"rendered":"<p><a href=\"https:\/\/www.nature-bois-concept.com\/magazine\/terrasse-bois\/guides\/apres-achat\/entretien-terrasse\/\" target=\"_blank\" rel=\"noopener\">Entretenir votre terrasse<\/a>, c\u2019est prolonger, sa dur\u00e9e de vie. C\u2019est utile aussi, si vous voulez pr\u00e9server la teinte d\u2019origine de vos lames. Pour cela utilisez un saturateur.<\/p>\n<h2>Le saturateur\u00a0? A quoi \u00e7a sert\u00a0?<\/h2>\n<p>Vous n\u2019\u00eates pas adepte de la terrasse grisonn\u00e9e par le temps et vous aimez mieux avoir une terrasse \u00e0 la teinte \u00e9clatante toute l\u2019ann\u00e9e, comme au premier jour de pose\u00a0? Le saturateur est fait pour vous. Ce produit va prot\u00e9ger votre terrasse dans le temps et ainsi lui conserver sa couleur d\u2019origine.<\/p>\n<p><img loading=\"lazy\" decoding=\"async\" class=\"aligncenter size-full wp-image-1474\" src=\"https:\/\/res.cloudinary.com\/nature-bois-concept\/image\/upload\/fl_any_format,q_auto,c_scale,c_limit,w_1200\/www.nature-bois-concept.com\/magazine\/wp-content\/uploads\/2016\/06\/application-saturateur-tous-bois-lame-terrasse.jpg\" alt=\"application-saturateur-tous-bois-lame-terrasse\" width=\"1200\" height=\"496\" srcset=\"https:\/\/www.nature-bois-concept.com\/magazine\/wp-content\/uploads\/2016\/06\/application-saturateur-tous-bois-lame-terrasse.jpg 1200w, https:\/\/www.nature-bois-concept.com\/magazine\/wp-content\/uploads\/2016\/06\/application-saturateur-tous-bois-lame-terrasse-300x124.jpg 300w, https:\/\/www.nature-bois-concept.com\/magazine\/wp-content\/uploads\/2016\/06\/application-saturateur-tous-bois-lame-terrasse-768x317.jpg 768w, https:\/\/www.nature-bois-concept.com\/magazine\/wp-content\/uploads\/2016\/06\/application-saturateur-tous-bois-lame-terrasse-1024x423.jpg 1024w, https:\/\/www.nature-bois-concept.com\/magazine\/wp-content\/uploads\/2016\/06\/application-saturateur-tous-bois-lame-terrasse-1060x438.jpg 1060w\" sizes=\"(max-width: 1200px) 100vw, 1200px\" \/><\/p>\n<h2>Le saturateur, pour tous les bois<\/h2>\n<p>Que votre terrasse soit en bois exotique, r\u00e9sineux ou m\u00eame autoclave, vous pourrez appliquer un saturateur pour conserver sa teinte d\u2019origine. Votre bois doit \u00eatre propre et sec et s\u2019il est d\u00e9j\u00e0 un peu gris\u00e9, utilisez un <a href=\"https:\/\/www.nature-bois-concept.com\/boutique\/terrasse-bois\/entretien\/degriseur\/2461-degriseur-tous-bois-5l-coril-pro\/\" target=\"_blank\" rel=\"noopener noreferrer\">d\u00e9griseur<\/a> avant le saturateur pour retrouver la teinte d\u2019origine. Une fois le bois fin pr\u00eat, rien de plus facile, un rouleau ou un pinceau suffiront \u00e0 appliquer le produit. Une premi\u00e8re couche sera n\u00e9cessaire pour bien impr\u00e9gner les fibres du bois, ensuite 20 min plus tard, sans attendre que la premi\u00e8re couche soit s\u00e8che, vous appliquerez une deuxi\u00e8me couche. Il faudra ensuite essuyer avec un chiffon ou une brosse, le saturateur qui ne sera plus absorb\u00e9. Apr\u00e8s 24 h, votre terrasse sera prot\u00e9g\u00e9e des agressions ext\u00e9rieures, en conservant sa teinte d\u2019origine.<\/p>\n<p><img loading=\"lazy\" decoding=\"async\" class=\"aligncenter size-full wp-image-1475\" src=\"https:\/\/res.cloudinary.com\/nature-bois-concept\/image\/upload\/fl_any_format,q_auto,c_scale,c_limit,w_1200\/www.nature-bois-concept.com\/magazine\/wp-content\/uploads\/2016\/06\/saturateur-tous-types-bois.jpg\" alt=\"saturateur-tous-types-bois\" width=\"1200\" height=\"496\" srcset=\"https:\/\/www.nature-bois-concept.com\/magazine\/wp-content\/uploads\/2016\/06\/saturateur-tous-types-bois.jpg 1200w, https:\/\/www.nature-bois-concept.com\/magazine\/wp-content\/uploads\/2016\/06\/saturateur-tous-types-bois-300x124.jpg 300w, https:\/\/www.nature-bois-concept.com\/magazine\/wp-content\/uploads\/2016\/06\/saturateur-tous-types-bois-768x317.jpg 768w, https:\/\/www.nature-bois-concept.com\/magazine\/wp-content\/uploads\/2016\/06\/saturateur-tous-types-bois-1024x423.jpg 1024w, https:\/\/www.nature-bois-concept.com\/magazine\/wp-content\/uploads\/2016\/06\/saturateur-tous-types-bois-1060x438.jpg 1060w\" sizes=\"(max-width: 1200px) 100vw, 1200px\" \/><\/p>\n<h3>Les saturateurs \u00e0 votre disposition<\/h3>\n<p>Mieux vaut investir dans un produit de qualit\u00e9 pour l\u2019achat de votre saturateur. Un produit de mauvaise qualit\u00e9 pourrait avoir l\u2019effet inverse de celui escompt\u00e9 et noircir votre bois. Nature Bois Concept propose des saturateurs de qualit\u00e9, \u00e9labor\u00e9s avec les plus grandes marques de produits d\u2019entretien. Les huiles et saturateurs des marques Owatrol, Coril Pro et Osmo restent aussi des r\u00e9f\u00e9rences et vous permettent de traiter votre terrasse de mani\u00e8re s\u00fbre.<\/p>\n<p>Retrouvez toute notre gamme de saturateurs sur notre <a href=\"https:\/\/www.nature-bois-concept.com\/boutique\/\" target=\"_blank\" rel=\"noopener\">boutique en ligne<\/a> !<\/p>\n","protected":false},"excerpt":{"rendered":"<p>Entretenir votre terrasse, c\u2019est prolonger, sa dur\u00e9e de vie. C\u2019est utile aussi, si vous voulez pr\u00e9server la teinte d\u2019origine de vos lames. Pour cela utilisez un saturateur. Le saturateur\u00a0? A quoi \u00e7a sert\u00a0? Vous n\u2019\u00eates pas adepte de la terrasse grisonn\u00e9e par le temps et vous aimez mieux avoir une terrasse \u00e0 la teinte \u00e9clatante toute l\u2019ann\u00e9e, comme au premier jour de pose\u00a0? Le saturateur est fait pour vous. Ce&#8230;<\/p>\n","protected":false},"author":2,"featured_media":1473,"parent":573,"menu_order":2,"comment_status":"closed","ping_status":"closed","template":"","meta":{"_acf_changed":false,"footnotes":""},"acf":[],"yoast_head":"<!-- This site is optimized with the Yoast SEO plugin v22.4 - https:\/\/yoast.com\/wordpress\/plugins\/seo\/ -->\n<title>Gr\u00e2ce au saturateur, pr\u00e9servez ou redonnez de la couleur \u00e0 votre terrasse<\/title>\n<meta name=\"description\" content=\"Vous ne souhaitez pas c\u00e9der face aux U-V et au grisaillement naturel de votre terrasse bois. Alors d\u00e9cidez-vous \u00e0 appliquer d\u00e8s maintenant un saturateur !\" \/>\n<meta name=\"robots\" content=\"index, follow, max-snippet:-1, max-image-preview:large, max-video-preview:-1\" \/>\n<link rel=\"canonical\" href=\"https:\/\/www.nature-bois-concept.com\/magazine\/terrasse-bois\/guides\/apres-achat\/entretien-terrasse\/saturateur\/\" \/>\n<meta property=\"og:locale\" content=\"fr_FR\" \/>\n<meta property=\"og:type\" content=\"article\" \/>\n<meta property=\"og:title\" content=\"Gr\u00e2ce au saturateur, pr\u00e9servez ou redonnez de la couleur \u00e0 votre terrasse\" \/>\n<meta property=\"og:description\" content=\"Vous ne souhaitez pas c\u00e9der face aux U-V et au grisaillement naturel de votre terrasse bois. Alors d\u00e9cidez-vous \u00e0 appliquer d\u00e8s maintenant un saturateur !\" \/>\n<meta property=\"og:url\" content=\"https:\/\/www.nature-bois-concept.com\/magazine\/terrasse-bois\/guides\/apres-achat\/entretien-terrasse\/saturateur\/\" \/>\n<meta property=\"og:site_name\" content=\"Magazine Nature Bois Concept\" \/>\n<meta property=\"article:publisher\" content=\"https:\/\/www.facebook.com\/Nature-Bois-Concept-1596307970584169\/\" \/>\n<meta property=\"article:modified_time\" content=\"2023-03-22T16:34:57+00:00\" \/>\n<meta property=\"og:image\" content=\"https:\/\/www.nature-bois-concept.com\/magazine\/wp-content\/uploads\/2016\/06\/terrasse-bois-cumaru-sature.jpg\" \/>\n\t<meta property=\"og:image:width\" content=\"1620\" \/>\n\t<meta property=\"og:image:height\" content=\"668\" \/>\n\t<meta property=\"og:image:type\" content=\"image\/jpeg\" \/>\n<meta name=\"twitter:card\" content=\"summary_large_image\" \/>\n<meta name=\"twitter:site\" content=\"@nbc_bois\" \/>\n<meta name=\"twitter:label1\" content=\"Dur\u00e9e de lecture estim\u00e9e\" \/>\n\t<meta name=\"twitter:data1\" content=\"2 minutes\" \/>\n<script type=\"application\/ld+json\" class=\"yoast-schema-graph\">{\"@context\":\"https:\/\/schema.org\",\"@graph\":[{\"@type\":\"WebPage\",\"@id\":\"https:\/\/www.nature-bois-concept.com\/magazine\/terrasse-bois\/guides\/apres-achat\/entretien-terrasse\/saturateur\/\",\"url\":\"https:\/\/www.nature-bois-concept.com\/magazine\/terrasse-bois\/guides\/apres-achat\/entretien-terrasse\/saturateur\/\",\"name\":\"Gr\u00e2ce au saturateur, pr\u00e9servez ou redonnez de la couleur \u00e0 votre terrasse\",\"isPartOf\":{\"@id\":\"https:\/\/www.nature-bois-concept.com\/magazine\/#website\"},\"primaryImageOfPage\":{\"@id\":\"https:\/\/www.nature-bois-concept.com\/magazine\/terrasse-bois\/guides\/apres-achat\/entretien-terrasse\/saturateur\/#primaryimage\"},\"image\":{\"@id\":\"https:\/\/www.nature-bois-concept.com\/magazine\/terrasse-bois\/guides\/apres-achat\/entretien-terrasse\/saturateur\/#primaryimage\"},\"thumbnailUrl\":\"https:\/\/www.nature-bois-concept.com\/magazine\/wp-content\/uploads\/2016\/06\/terrasse-bois-cumaru-sature.jpg\",\"datePublished\":\"2016-06-29T13:21:12+00:00\",\"dateModified\":\"2023-03-22T16:34:57+00:00\",\"description\":\"Vous ne souhaitez pas c\u00e9der face aux U-V et au grisaillement naturel de votre terrasse bois. Alors d\u00e9cidez-vous \u00e0 appliquer d\u00e8s maintenant un saturateur !\",\"breadcrumb\":{\"@id\":\"https:\/\/www.nature-bois-concept.com\/magazine\/terrasse-bois\/guides\/apres-achat\/entretien-terrasse\/saturateur\/#breadcrumb\"},\"inLanguage\":\"fr-FR\",\"potentialAction\":[{\"@type\":\"ReadAction\",\"target\":[\"https:\/\/www.nature-bois-concept.com\/magazine\/terrasse-bois\/guides\/apres-achat\/entretien-terrasse\/saturateur\/\"]}]},{\"@type\":\"ImageObject\",\"inLanguage\":\"fr-FR\",\"@id\":\"https:\/\/www.nature-bois-concept.com\/magazine\/terrasse-bois\/guides\/apres-achat\/entretien-terrasse\/saturateur\/#primaryimage\",\"url\":\"https:\/\/www.nature-bois-concept.com\/magazine\/wp-content\/uploads\/2016\/06\/terrasse-bois-cumaru-sature.jpg\",\"contentUrl\":\"https:\/\/www.nature-bois-concept.com\/magazine\/wp-content\/uploads\/2016\/06\/terrasse-bois-cumaru-sature.jpg\",\"width\":1620,\"height\":668,\"caption\":\"terrasse bois en cumaru satur\u00e9e brillante\"},{\"@type\":\"BreadcrumbList\",\"@id\":\"https:\/\/www.nature-bois-concept.com\/magazine\/terrasse-bois\/guides\/apres-achat\/entretien-terrasse\/saturateur\/#breadcrumb\",\"itemListElement\":[{\"@type\":\"ListItem\",\"position\":1,\"name\":\"Magazine NBC\",\"item\":\"https:\/\/www.nature-bois-concept.com\/magazine\/\"},{\"@type\":\"ListItem\",\"position\":2,\"name\":\"Terrasse bois\",\"item\":\"https:\/\/www.nature-bois-concept.com\/magazine\/terrasse-bois\/\"},{\"@type\":\"ListItem\",\"position\":3,\"name\":\"Nos guides sur la Terrasse\",\"item\":\"https:\/\/www.nature-bois-concept.com\/magazine\/terrasse-bois\/guides\/\"},{\"@type\":\"ListItem\",\"position\":4,\"name\":\"Tout ce que vous devez savoir apr\u00e8s l&rsquo;achat de votre terrasse\",\"item\":\"https:\/\/www.nature-bois-concept.com\/magazine\/terrasse-bois\/guides\/apres-achat\/\"},{\"@type\":\"ListItem\",\"position\":5,\"name\":\"Comment bien entretenir votre terrasse bois\",\"item\":\"https:\/\/www.nature-bois-concept.com\/magazine\/terrasse-bois\/guides\/apres-achat\/entretien-terrasse\/\"},{\"@type\":\"ListItem\",\"position\":6,\"name\":\"Gr\u00e2ce au saturateur, pr\u00e9servez ou redonnez de la couleur \u00e0 votre terrasse\"}]},{\"@type\":\"WebSite\",\"@id\":\"https:\/\/www.nature-bois-concept.com\/magazine\/#website\",\"url\":\"https:\/\/www.nature-bois-concept.com\/magazine\/\",\"name\":\"Magazine Nature Bois Concept\",\"description\":\"En association avec Nature Bois Concept\",\"potentialAction\":[{\"@type\":\"SearchAction\",\"target\":{\"@type\":\"EntryPoint\",\"urlTemplate\":\"https:\/\/www.nature-bois-concept.com\/magazine\/?s={search_term_string}\"},\"query-input\":\"required name=search_term_string\"}],\"inLanguage\":\"fr-FR\"}]}<\/script>\n<!-- \/ Yoast SEO plugin. -->","yoast_head_json":{"title":"Gr\u00e2ce au saturateur, pr\u00e9servez ou redonnez de la couleur \u00e0 votre terrasse","description":"Vous ne souhaitez pas c\u00e9der face aux U-V et au grisaillement naturel de votre terrasse bois. Alors d\u00e9cidez-vous \u00e0 appliquer d\u00e8s maintenant un saturateur !","robots":{"index":"index","follow":"follow","max-snippet":"max-snippet:-1","max-image-preview":"max-image-preview:large","max-video-preview":"max-video-preview:-1"},"canonical":"https:\/\/www.nature-bois-concept.com\/magazine\/terrasse-bois\/guides\/apres-achat\/entretien-terrasse\/saturateur\/","og_locale":"fr_FR","og_type":"article","og_title":"Gr\u00e2ce au saturateur, pr\u00e9servez ou redonnez de la couleur \u00e0 votre terrasse","og_description":"Vous ne souhaitez pas c\u00e9der face aux U-V et au grisaillement naturel de votre terrasse bois. Alors d\u00e9cidez-vous \u00e0 appliquer d\u00e8s maintenant un saturateur !","og_url":"https:\/\/www.nature-bois-concept.com\/magazine\/terrasse-bois\/guides\/apres-achat\/entretien-terrasse\/saturateur\/","og_site_name":"Magazine Nature Bois Concept","article_publisher":"https:\/\/www.facebook.com\/Nature-Bois-Concept-1596307970584169\/","article_modified_time":"2023-03-22T16:34:57+00:00","og_image":[{"width":1620,"height":668,"url":"https:\/\/www.nature-bois-concept.com\/magazine\/wp-content\/uploads\/2016\/06\/terrasse-bois-cumaru-sature.jpg","type":"image\/jpeg"}],"twitter_card":"summary_large_image","twitter_site":"@nbc_bois","twitter_misc":{"Dur\u00e9e de lecture estim\u00e9e":"2 minutes"},"schema":{"@context":"https:\/\/schema.org","@graph":[{"@type":"WebPage","@id":"https:\/\/www.nature-bois-concept.com\/magazine\/terrasse-bois\/guides\/apres-achat\/entretien-terrasse\/saturateur\/","url":"https:\/\/www.nature-bois-concept.com\/magazine\/terrasse-bois\/guides\/apres-achat\/entretien-terrasse\/saturateur\/","name":"Gr\u00e2ce au saturateur, pr\u00e9servez ou redonnez de la couleur \u00e0 votre terrasse","isPartOf":{"@id":"https:\/\/www.nature-bois-concept.com\/magazine\/#website"},"primaryImageOfPage":{"@id":"https:\/\/www.nature-bois-concept.com\/magazine\/terrasse-bois\/guides\/apres-achat\/entretien-terrasse\/saturateur\/#primaryimage"},"image":{"@id":"https:\/\/www.nature-bois-concept.com\/magazine\/terrasse-bois\/guides\/apres-achat\/entretien-terrasse\/saturateur\/#primaryimage"},"thumbnailUrl":"https:\/\/www.nature-bois-concept.com\/magazine\/wp-content\/uploads\/2016\/06\/terrasse-bois-cumaru-sature.jpg","datePublished":"2016-06-29T13:21:12+00:00","dateModified":"2023-03-22T16:34:57+00:00","description":"Vous ne souhaitez pas c\u00e9der face aux U-V et au grisaillement naturel de votre terrasse bois. Alors d\u00e9cidez-vous \u00e0 appliquer d\u00e8s maintenant un saturateur !","breadcrumb":{"@id":"https:\/\/www.nature-bois-concept.com\/magazine\/terrasse-bois\/guides\/apres-achat\/entretien-terrasse\/saturateur\/#breadcrumb"},"inLanguage":"fr-FR","potentialAction":[{"@type":"ReadAction","target":["https:\/\/www.nature-bois-concept.com\/magazine\/terrasse-bois\/guides\/apres-achat\/entretien-terrasse\/saturateur\/"]}]},{"@type":"ImageObject","inLanguage":"fr-FR","@id":"https:\/\/www.nature-bois-concept.com\/magazine\/terrasse-bois\/guides\/apres-achat\/entretien-terrasse\/saturateur\/#primaryimage","url":"https:\/\/www.nature-bois-concept.com\/magazine\/wp-content\/uploads\/2016\/06\/terrasse-bois-cumaru-sature.jpg","contentUrl":"https:\/\/www.nature-bois-concept.com\/magazine\/wp-content\/uploads\/2016\/06\/terrasse-bois-cumaru-sature.jpg","width":1620,"height":668,"caption":"terrasse bois en cumaru satur\u00e9e brillante"},{"@type":"BreadcrumbList","@id":"https:\/\/www.nature-bois-concept.com\/magazine\/terrasse-bois\/guides\/apres-achat\/entretien-terrasse\/saturateur\/#breadcrumb","itemListElement":[{"@type":"ListItem","position":1,"name":"Magazine NBC","item":"https:\/\/www.nature-bois-concept.com\/magazine\/"},{"@type":"ListItem","position":2,"name":"Terrasse bois","item":"https:\/\/www.nature-bois-concept.com\/magazine\/terrasse-bois\/"},{"@type":"ListItem","position":3,"name":"Nos guides sur la Terrasse","item":"https:\/\/www.nature-bois-concept.com\/magazine\/terrasse-bois\/guides\/"},{"@type":"ListItem","position":4,"name":"Tout ce que vous devez savoir apr\u00e8s l&rsquo;achat de votre terrasse","item":"https:\/\/www.nature-bois-concept.com\/magazine\/terrasse-bois\/guides\/apres-achat\/"},{"@type":"ListItem","position":5,"name":"Comment bien entretenir votre terrasse bois","item":"https:\/\/www.nature-bois-concept.com\/magazine\/terrasse-bois\/guides\/apres-achat\/entretien-terrasse\/"},{"@type":"ListItem","position":6,"name":"Gr\u00e2ce au saturateur, pr\u00e9servez ou redonnez de la couleur \u00e0 votre terrasse"}]},{"@type":"WebSite","@id":"https:\/\/www.nature-bois-concept.com\/magazine\/#website","url":"https:\/\/www.nature-bois-concept.com\/magazine\/","name":"Magazine Nature Bois Concept","description":"En association avec Nature Bois Concept","potentialAction":[{"@type":"SearchAction","target":{"@type":"EntryPoint","urlTemplate":"https:\/\/www.nature-bois-concept.com\/magazine\/?s={search_term_string}"},"query-input":"required name=search_term_string"}],"inLanguage":"fr-FR"}]}},"_links":{"self":[{"href":"https:\/\/www.nature-bois-concept.com\/magazine\/wp-json\/wp\/v2\/pages\/682"}],"collection":[{"href":"https:\/\/www.nature-bois-concept.com\/magazine\/wp-json\/wp\/v2\/pages"}],"about":[{"href":"https:\/\/www.nature-bois-concept.com\/magazine\/wp-json\/wp\/v2\/types\/page"}],"author":[{"embeddable":true,"href":"https:\/\/www.nature-bois-concept.com\/magazine\/wp-json\/wp\/v2\/users\/2"}],"replies":[{"embeddable":true,"href":"https:\/\/www.nature-bois-concept.com\/magazine\/wp-json\/wp\/v2\/comments?post=682"}],"version-history":[{"count":22,"href":"https:\/\/www.nature-bois-concept.com\/magazine\/wp-json\/wp\/v2\/pages\/682\/revisions"}],"predecessor-version":[{"id":6939,"href":"https:\/\/www.nature-bois-concept.com\/magazine\/wp-json\/wp\/v2\/pages\/682\/revisions\/6939"}],"up":[{"embeddable":true,"href":"https:\/\/www.nature-bois-concept.com\/magazine\/wp-json\/wp\/v2\/pages\/573"}],"wp:featuredmedia":[{"embeddable":true,"href":"https:\/\/www.nature-bois-concept.com\/magazine\/wp-json\/wp\/v2\/media\/1473"}],"wp:attachment":[{"href":"https:\/\/www.nature-bois-concept.com\/magazine\/wp-json\/wp\/v2\/media?parent=682"}],"curies":[{"name":"wp","href":"https:\/\/api.w.org\/{rel}","templated":true}]}}