{"id":681,"date":"2016-06-29T14:11:30","date_gmt":"2016-06-29T12:11:30","guid":{"rendered":"https:\/\/www.nature-bois-concept.com\/magazine\/?page_id=681"},"modified":"2026-01-26T11:11:04","modified_gmt":"2026-01-26T10:11:04","slug":"caillebotis-bois","status":"publish","type":"page","link":"https:\/\/www.nature-bois-concept.com\/magazine\/terrasse-bois\/guides\/apres-achat\/entretien-terrasse\/caillebotis-bois\/","title":{"rendered":"Redonner une seconde jeunesse \u00e0 votre terrasse en caillebotis"},"content":{"rendered":"<p>Aujourd&rsquo;hui, nous allons parler de <a href=\"https:\/\/www.nature-bois-concept.com\/magazine\/terrasse-bois\/guides\/apres-achat\/entretien-terrasse\/\" target=\"_blank\" rel=\"noopener\">l&rsquo;entretien de votre terrasse en bois<\/a>, et notamment des caillebotis. Les caillebotis sont trait\u00e9s en usine pour r\u00e9sister aux intemp\u00e9ries et aux UV qui grisent votre terrasse naturellement. Mais des mousses et lichens peuvent aussi apparaitre. C\u2019est l\u2019occasion de proc\u00e9der \u00e0 un nettoyage, avec un d\u00e9griseur et de leur redonner une seconde jeunesse avec un saturateur.<\/p>\n<p style=\"text-align: justify;\">Tout d\u2019abord, il faudra commencer par \u00e9liminer les salet\u00e9s qui se sont accumul\u00e9es au fil du temps, dans les rainures des caillebotis. Rien de plus simple, le premier travail consiste donc \u00e0 brosser les dalles, avec une brosse dure, par temps sec de pr\u00e9f\u00e9rence. Les r\u00e9sidus se d\u00e9colleront plus facilement. N\u2019oubliez pas de vous prot\u00e9ger avec un masque \u00e0 poussi\u00e8re, si les r\u00e9sidus sont nombreux.<\/p>\n<h2>Eliminez le grisaillement et les salet\u00e9s<\/h2>\n<p style=\"text-align: justify;\">Tous les bois grisent naturellement, sous les effets de la pluie et du soleil, ainsi que de la pollution. Le ph\u00e9nom\u00e8ne est normal, c\u2019est la patine naturelle du bois qui ne d\u00e9grade en rien ses qualit\u00e9s intrins\u00e8ques. Mais le grisement du bois peut ne pas plaire et les fabricants ont d\u00e9velopp\u00e9 des produits adapt\u00e9s pour d\u00e9griser le bois, \u00e0 savoir \u00ab les d\u00e9griseurs \u00bb. Il ne vont pas \u00e9claircir le bois, mais lui redonner une teinte au plus proche de celle d\u2019origine. Le saturateur est \u00e9galement utile pour supprimer les taches et les salissures. Ce produit a souvent mauvaise r\u00e9putation en mati\u00e8re de pollution, mais les industriels ont aujourd\u2019hui mis au point des produits en phase aqueuse (c\u2019est-\u00e0-dire \u00e0 base d\u2019eau) qui permettent d\u2019\u00eatre moins agressifs et surtout facilitent le nettoyage des outils utilis\u00e9s, en les passant tout simplement sous l\u2019eau. On peut trouver le produit sous forme de pulv\u00e9risateur ou en bidon \u00e0 passer au rouleau ou \u00e0 la brosse, pour les surfaces plus importantes. On humidifie d\u2019abord la surface \u00e0 traiter, ensuite on applique le d\u00e9griseur, en le laissant agir de 5 \u00e0 20 min. On rince ensuite \u00e0 l\u2019eau claire. Vous pouvez utiliser aussi un nettoyeur \u00e0 basse pression. 24 \u00e0 48 heures de s\u00e9chage complet seront n\u00e9cessaires pour passer \u00e0 l\u2019\u00e9tape suivante de la finition.<\/p>\n<h2>Nourrir et pr\u00e9server<\/h2>\n<p><img loading=\"lazy\" decoding=\"async\" class=\"aligncenter size-full wp-image-1469\" src=\"https:\/\/res.cloudinary.com\/nature-bois-concept\/image\/upload\/fl_any_format,q_auto,c_scale,c_limit,w_1200\/www.nature-bois-concept.com\/magazine\/wp-content\/uploads\/2016\/06\/realisation-terrasse-bois-dalle.jpg\" alt=\"realisation-terrasse-bois-dalle\" width=\"1200\" height=\"496\" srcset=\"https:\/\/www.nature-bois-concept.com\/magazine\/wp-content\/uploads\/2016\/06\/realisation-terrasse-bois-dalle.jpg 1200w, https:\/\/www.nature-bois-concept.com\/magazine\/wp-content\/uploads\/2016\/06\/realisation-terrasse-bois-dalle-300x124.jpg 300w, https:\/\/www.nature-bois-concept.com\/magazine\/wp-content\/uploads\/2016\/06\/realisation-terrasse-bois-dalle-768x317.jpg 768w, https:\/\/www.nature-bois-concept.com\/magazine\/wp-content\/uploads\/2016\/06\/realisation-terrasse-bois-dalle-1024x423.jpg 1024w, https:\/\/www.nature-bois-concept.com\/magazine\/wp-content\/uploads\/2016\/06\/realisation-terrasse-bois-dalle-1060x438.jpg 1060w\" sizes=\"(max-width: 1200px) 100vw, 1200px\" \/><\/p>\n<p style=\"text-align: justify;\">Rien de tel qu\u2019un saturateur pour nourrir et pr\u00e9server votre terrasse bois des diff\u00e9rentes agressions. Il va \u00e9galement retarder le grisaillement et le pourrissement, ainsi que les attaques des larves xylophages. Il s\u2019adapte \u00e0 la couleur de votre bois, puisqu\u2019il est propos\u00e9 en plusieurs teintes ou en version incolore. Comme son nom l\u2019indique, il sert \u00e0 saturer le bois en profondeur. Il faut donc l\u2019appliquer en plusieurs fois jusqu\u2019\u00e0 ce que le bois n\u2019absorbe plus le produit. On essuie alors le produit en trop avec un chiffon. La terrasse retrouve sa couleur d\u2019origine et est \u00e0 nouveau utilisable apr\u00e8s 24 h de s\u00e9chage.<\/p>\n<h3>Conseils Pratiques<\/h3>\n<p style=\"text-align: justify;\">N\u2019utilisez pas le nettoyeur haute pression \u00e0 une puissance sup\u00e9rieure \u00e0 40 bars, qui risquerait de d\u00e9t\u00e9riorer le bois. Rester \u00e9galement \u00e0 un minimum de 50 cm du bois.<\/p>\n<p style=\"text-align: justify;\">Certains saturateurs permettent de rendre les dalles moins glissantes, mais il ne faut pas n\u00e9gliger d\u2019appliquer un anti-mousse, surtout si la terrasse est \u00e0 l\u2019ombre.<\/p>\n<ol>\n<li style=\"text-align: justify;\">La premi\u00e8re \u00e9tape consiste \u00e0 brosser les dalles avec une brosse dure, voire une brosse m\u00e9tallique pour enlever les plus grosses salet\u00e9s.<\/li>\n<li style=\"text-align: justify;\">Apr\u00e8s avoir humidifi\u00e9 la terrasse, appliquer g\u00e9n\u00e9reusement le d\u00e9griseur avec un pinceau ou rouleau. Vous pouvez aussi l\u2019appliquer avec un pulv\u00e9risateur.<\/li>\n<li style=\"text-align: justify;\">Laisser agir le produit entre 5 \u00e0 20 min, avant de le rincer \u00e0 l\u2019eau claire. Vous pouvez renouveler plusieurs fois l\u2019op\u00e9ration si n\u00e9cessaire.<\/li>\n<li style=\"text-align: justify;\">Rincez ensuite \u00e0 l\u2019eau claire ou avec un nettoyeur basse pression. Vous pouvez insister sur les rainures et les espaces entre les lames des caillebotis.<\/li>\n<li style=\"text-align: justify;\">Vous pouvez passer un balai-brosse pour \u00e9liminer le maximum de mousses et lichens.<\/li>\n<li style=\"text-align: justify;\">Proc\u00e9der \u00e0 un rin\u00e7age complet, pour \u00e9liminer les restes de d\u00e9griseur. Il faut \u00e9liminer totalement le produit avant la suite des op\u00e9rations.<\/li>\n<li style=\"text-align: justify;\">Laisser s\u00e9cher le bois pendant au moins 24 h, avant d\u2019appliquer le saturateur avec une brosse ou un rouleau. Appliquez le saturateur jusqu\u2019\u00e0 saturation du bois.<\/li>\n<li style=\"text-align: justify;\">Terminez par un essuyage du saturateur, avec un chiffon doux, afin d\u2019\u00e9liminer le surplus de produit. Laisser s\u00e9cher 24 h avant d\u2019utiliser \u00e0 nouveau votre terrasse.<\/li>\n<\/ol>\n<p><img loading=\"lazy\" decoding=\"async\" class=\"aligncenter size-full wp-image-1470\" src=\"https:\/\/res.cloudinary.com\/nature-bois-concept\/image\/upload\/fl_any_format,q_auto,c_scale,c_limit,w_1200\/www.nature-bois-concept.com\/magazine\/wp-content\/uploads\/2016\/06\/caillebotis-terrasse-bois.jpg\" alt=\"caillebotis-terrasse-bois\" width=\"1200\" height=\"496\" srcset=\"https:\/\/www.nature-bois-concept.com\/magazine\/wp-content\/uploads\/2016\/06\/caillebotis-terrasse-bois.jpg 1200w, https:\/\/www.nature-bois-concept.com\/magazine\/wp-content\/uploads\/2016\/06\/caillebotis-terrasse-bois-300x124.jpg 300w, https:\/\/www.nature-bois-concept.com\/magazine\/wp-content\/uploads\/2016\/06\/caillebotis-terrasse-bois-768x317.jpg 768w, https:\/\/www.nature-bois-concept.com\/magazine\/wp-content\/uploads\/2016\/06\/caillebotis-terrasse-bois-1024x423.jpg 1024w, https:\/\/www.nature-bois-concept.com\/magazine\/wp-content\/uploads\/2016\/06\/caillebotis-terrasse-bois-1060x438.jpg 1060w\" sizes=\"(max-width: 1200px) 100vw, 1200px\" \/><\/p>\n","protected":false},"excerpt":{"rendered":"<p>Aujourd&rsquo;hui, nous allons parler de l&rsquo;entretien de votre terrasse en bois, et notamment des caillebotis. Les caillebotis sont trait\u00e9s en usine pour r\u00e9sister aux intemp\u00e9ries et aux UV qui grisent votre terrasse naturellement. Mais des mousses et lichens peuvent aussi apparaitre. C\u2019est l\u2019occasion de proc\u00e9der \u00e0 un nettoyage, avec un d\u00e9griseur et de leur redonner une seconde jeunesse avec un saturateur. Tout d\u2019abord, il faudra commencer par \u00e9liminer les salet\u00e9s&#8230;<\/p>\n","protected":false},"author":2,"featured_media":1471,"parent":573,"menu_order":1,"comment_status":"closed","ping_status":"closed","template":"","meta":{"_acf_changed":false,"footnotes":""},"acf":[],"yoast_head":"<!-- This site is optimized with the Yoast SEO plugin v22.4 - https:\/\/yoast.com\/wordpress\/plugins\/seo\/ -->\n<title>Redonner une seconde jeunesse \u00e0 votre terrasse en caillebotis<\/title>\n<meta name=\"description\" content=\"Offrez une seconde vie \u00e0 vos ext\u00e9rieurs en redonnant tout l&#039;\u00e9clat \u00e0 vos caillebotis bois gr\u00e2ce \u00e0 un entretien hors pair !\" \/>\n<meta name=\"robots\" content=\"index, follow, max-snippet:-1, max-image-preview:large, max-video-preview:-1\" \/>\n<link rel=\"canonical\" href=\"https:\/\/www.nature-bois-concept.com\/magazine\/terrasse-bois\/guides\/apres-achat\/entretien-terrasse\/caillebotis-bois\/\" \/>\n<meta property=\"og:locale\" content=\"fr_FR\" \/>\n<meta property=\"og:type\" content=\"article\" \/>\n<meta property=\"og:title\" content=\"Redonner une seconde jeunesse \u00e0 votre terrasse en caillebotis\" \/>\n<meta property=\"og:description\" content=\"Offrez une seconde vie \u00e0 vos ext\u00e9rieurs en redonnant tout l&#039;\u00e9clat \u00e0 vos caillebotis bois gr\u00e2ce \u00e0 un entretien hors pair !\" \/>\n<meta property=\"og:url\" content=\"https:\/\/www.nature-bois-concept.com\/magazine\/terrasse-bois\/guides\/apres-achat\/entretien-terrasse\/caillebotis-bois\/\" \/>\n<meta property=\"og:site_name\" content=\"Magazine Nature Bois Concept\" \/>\n<meta property=\"article:publisher\" content=\"https:\/\/www.facebook.com\/Nature-Bois-Concept-1596307970584169\/\" \/>\n<meta property=\"article:modified_time\" content=\"2026-01-26T10:11:04+00:00\" \/>\n<meta property=\"og:image\" content=\"https:\/\/www.nature-bois-concept.com\/magazine\/wp-content\/uploads\/2016\/06\/dalle-terrasse-bois-grise.jpg\" \/>\n\t<meta property=\"og:image:width\" content=\"1620\" \/>\n\t<meta property=\"og:image:height\" content=\"668\" \/>\n\t<meta property=\"og:image:type\" content=\"image\/jpeg\" \/>\n<meta name=\"twitter:card\" content=\"summary_large_image\" \/>\n<meta name=\"twitter:site\" content=\"@nbc_bois\" \/>\n<meta name=\"twitter:label1\" content=\"Dur\u00e9e de lecture estim\u00e9e\" \/>\n\t<meta name=\"twitter:data1\" content=\"5 minutes\" \/>\n<script type=\"application\/ld+json\" class=\"yoast-schema-graph\">{\"@context\":\"https:\/\/schema.org\",\"@graph\":[{\"@type\":\"WebPage\",\"@id\":\"https:\/\/www.nature-bois-concept.com\/magazine\/terrasse-bois\/guides\/apres-achat\/entretien-terrasse\/caillebotis-bois\/\",\"url\":\"https:\/\/www.nature-bois-concept.com\/magazine\/terrasse-bois\/guides\/apres-achat\/entretien-terrasse\/caillebotis-bois\/\",\"name\":\"Redonner une seconde jeunesse \u00e0 votre terrasse en caillebotis\",\"isPartOf\":{\"@id\":\"https:\/\/www.nature-bois-concept.com\/magazine\/#website\"},\"primaryImageOfPage\":{\"@id\":\"https:\/\/www.nature-bois-concept.com\/magazine\/terrasse-bois\/guides\/apres-achat\/entretien-terrasse\/caillebotis-bois\/#primaryimage\"},\"image\":{\"@id\":\"https:\/\/www.nature-bois-concept.com\/magazine\/terrasse-bois\/guides\/apres-achat\/entretien-terrasse\/caillebotis-bois\/#primaryimage\"},\"thumbnailUrl\":\"https:\/\/www.nature-bois-concept.com\/magazine\/wp-content\/uploads\/2016\/06\/dalle-terrasse-bois-grise.jpg\",\"datePublished\":\"2016-06-29T12:11:30+00:00\",\"dateModified\":\"2026-01-26T10:11:04+00:00\",\"description\":\"Offrez une seconde vie \u00e0 vos ext\u00e9rieurs en redonnant tout l'\u00e9clat \u00e0 vos caillebotis bois gr\u00e2ce \u00e0 un entretien hors pair !\",\"breadcrumb\":{\"@id\":\"https:\/\/www.nature-bois-concept.com\/magazine\/terrasse-bois\/guides\/apres-achat\/entretien-terrasse\/caillebotis-bois\/#breadcrumb\"},\"inLanguage\":\"fr-FR\",\"potentialAction\":[{\"@type\":\"ReadAction\",\"target\":[\"https:\/\/www.nature-bois-concept.com\/magazine\/terrasse-bois\/guides\/apres-achat\/entretien-terrasse\/caillebotis-bois\/\"]}]},{\"@type\":\"ImageObject\",\"inLanguage\":\"fr-FR\",\"@id\":\"https:\/\/www.nature-bois-concept.com\/magazine\/terrasse-bois\/guides\/apres-achat\/entretien-terrasse\/caillebotis-bois\/#primaryimage\",\"url\":\"https:\/\/www.nature-bois-concept.com\/magazine\/wp-content\/uploads\/2016\/06\/dalle-terrasse-bois-grise.jpg\",\"contentUrl\":\"https:\/\/www.nature-bois-concept.com\/magazine\/wp-content\/uploads\/2016\/06\/dalle-terrasse-bois-grise.jpg\",\"width\":1620,\"height\":668,\"caption\":\"dalle de terrasse en bois gris\u00e9e naturellement\"},{\"@type\":\"BreadcrumbList\",\"@id\":\"https:\/\/www.nature-bois-concept.com\/magazine\/terrasse-bois\/guides\/apres-achat\/entretien-terrasse\/caillebotis-bois\/#breadcrumb\",\"itemListElement\":[{\"@type\":\"ListItem\",\"position\":1,\"name\":\"Magazine NBC\",\"item\":\"https:\/\/www.nature-bois-concept.com\/magazine\/\"},{\"@type\":\"ListItem\",\"position\":2,\"name\":\"Terrasse bois\",\"item\":\"https:\/\/www.nature-bois-concept.com\/magazine\/terrasse-bois\/\"},{\"@type\":\"ListItem\",\"position\":3,\"name\":\"Nos guides sur la Terrasse\",\"item\":\"https:\/\/www.nature-bois-concept.com\/magazine\/terrasse-bois\/guides\/\"},{\"@type\":\"ListItem\",\"position\":4,\"name\":\"Tout ce que vous devez savoir apr\u00e8s l&rsquo;achat de votre terrasse\",\"item\":\"https:\/\/www.nature-bois-concept.com\/magazine\/terrasse-bois\/guides\/apres-achat\/\"},{\"@type\":\"ListItem\",\"position\":5,\"name\":\"Comment bien entretenir votre terrasse bois\",\"item\":\"https:\/\/www.nature-bois-concept.com\/magazine\/terrasse-bois\/guides\/apres-achat\/entretien-terrasse\/\"},{\"@type\":\"ListItem\",\"position\":6,\"name\":\"Redonner une seconde jeunesse \u00e0 votre terrasse en caillebotis\"}]},{\"@type\":\"WebSite\",\"@id\":\"https:\/\/www.nature-bois-concept.com\/magazine\/#website\",\"url\":\"https:\/\/www.nature-bois-concept.com\/magazine\/\",\"name\":\"Magazine Nature Bois Concept\",\"description\":\"En association avec Nature Bois Concept\",\"potentialAction\":[{\"@type\":\"SearchAction\",\"target\":{\"@type\":\"EntryPoint\",\"urlTemplate\":\"https:\/\/www.nature-bois-concept.com\/magazine\/?s={search_term_string}\"},\"query-input\":\"required name=search_term_string\"}],\"inLanguage\":\"fr-FR\"}]}<\/script>\n<!-- \/ Yoast SEO plugin. -->","yoast_head_json":{"title":"Redonner une seconde jeunesse \u00e0 votre terrasse en caillebotis","description":"Offrez une seconde vie \u00e0 vos ext\u00e9rieurs en redonnant tout l'\u00e9clat \u00e0 vos caillebotis bois gr\u00e2ce \u00e0 un entretien hors pair !","robots":{"index":"index","follow":"follow","max-snippet":"max-snippet:-1","max-image-preview":"max-image-preview:large","max-video-preview":"max-video-preview:-1"},"canonical":"https:\/\/www.nature-bois-concept.com\/magazine\/terrasse-bois\/guides\/apres-achat\/entretien-terrasse\/caillebotis-bois\/","og_locale":"fr_FR","og_type":"article","og_title":"Redonner une seconde jeunesse \u00e0 votre terrasse en caillebotis","og_description":"Offrez une seconde vie \u00e0 vos ext\u00e9rieurs en redonnant tout l'\u00e9clat \u00e0 vos caillebotis bois gr\u00e2ce \u00e0 un entretien hors pair !","og_url":"https:\/\/www.nature-bois-concept.com\/magazine\/terrasse-bois\/guides\/apres-achat\/entretien-terrasse\/caillebotis-bois\/","og_site_name":"Magazine Nature Bois Concept","article_publisher":"https:\/\/www.facebook.com\/Nature-Bois-Concept-1596307970584169\/","article_modified_time":"2026-01-26T10:11:04+00:00","og_image":[{"width":1620,"height":668,"url":"https:\/\/www.nature-bois-concept.com\/magazine\/wp-content\/uploads\/2016\/06\/dalle-terrasse-bois-grise.jpg","type":"image\/jpeg"}],"twitter_card":"summary_large_image","twitter_site":"@nbc_bois","twitter_misc":{"Dur\u00e9e de lecture estim\u00e9e":"5 minutes"},"schema":{"@context":"https:\/\/schema.org","@graph":[{"@type":"WebPage","@id":"https:\/\/www.nature-bois-concept.com\/magazine\/terrasse-bois\/guides\/apres-achat\/entretien-terrasse\/caillebotis-bois\/","url":"https:\/\/www.nature-bois-concept.com\/magazine\/terrasse-bois\/guides\/apres-achat\/entretien-terrasse\/caillebotis-bois\/","name":"Redonner une seconde jeunesse \u00e0 votre terrasse en caillebotis","isPartOf":{"@id":"https:\/\/www.nature-bois-concept.com\/magazine\/#website"},"primaryImageOfPage":{"@id":"https:\/\/www.nature-bois-concept.com\/magazine\/terrasse-bois\/guides\/apres-achat\/entretien-terrasse\/caillebotis-bois\/#primaryimage"},"image":{"@id":"https:\/\/www.nature-bois-concept.com\/magazine\/terrasse-bois\/guides\/apres-achat\/entretien-terrasse\/caillebotis-bois\/#primaryimage"},"thumbnailUrl":"https:\/\/www.nature-bois-concept.com\/magazine\/wp-content\/uploads\/2016\/06\/dalle-terrasse-bois-grise.jpg","datePublished":"2016-06-29T12:11:30+00:00","dateModified":"2026-01-26T10:11:04+00:00","description":"Offrez une seconde vie \u00e0 vos ext\u00e9rieurs en redonnant tout l'\u00e9clat \u00e0 vos caillebotis bois gr\u00e2ce \u00e0 un entretien hors pair !","breadcrumb":{"@id":"https:\/\/www.nature-bois-concept.com\/magazine\/terrasse-bois\/guides\/apres-achat\/entretien-terrasse\/caillebotis-bois\/#breadcrumb"},"inLanguage":"fr-FR","potentialAction":[{"@type":"ReadAction","target":["https:\/\/www.nature-bois-concept.com\/magazine\/terrasse-bois\/guides\/apres-achat\/entretien-terrasse\/caillebotis-bois\/"]}]},{"@type":"ImageObject","inLanguage":"fr-FR","@id":"https:\/\/www.nature-bois-concept.com\/magazine\/terrasse-bois\/guides\/apres-achat\/entretien-terrasse\/caillebotis-bois\/#primaryimage","url":"https:\/\/www.nature-bois-concept.com\/magazine\/wp-content\/uploads\/2016\/06\/dalle-terrasse-bois-grise.jpg","contentUrl":"https:\/\/www.nature-bois-concept.com\/magazine\/wp-content\/uploads\/2016\/06\/dalle-terrasse-bois-grise.jpg","width":1620,"height":668,"caption":"dalle de terrasse en bois gris\u00e9e naturellement"},{"@type":"BreadcrumbList","@id":"https:\/\/www.nature-bois-concept.com\/magazine\/terrasse-bois\/guides\/apres-achat\/entretien-terrasse\/caillebotis-bois\/#breadcrumb","itemListElement":[{"@type":"ListItem","position":1,"name":"Magazine NBC","item":"https:\/\/www.nature-bois-concept.com\/magazine\/"},{"@type":"ListItem","position":2,"name":"Terrasse bois","item":"https:\/\/www.nature-bois-concept.com\/magazine\/terrasse-bois\/"},{"@type":"ListItem","position":3,"name":"Nos guides sur la Terrasse","item":"https:\/\/www.nature-bois-concept.com\/magazine\/terrasse-bois\/guides\/"},{"@type":"ListItem","position":4,"name":"Tout ce que vous devez savoir apr\u00e8s l&rsquo;achat de votre terrasse","item":"https:\/\/www.nature-bois-concept.com\/magazine\/terrasse-bois\/guides\/apres-achat\/"},{"@type":"ListItem","position":5,"name":"Comment bien entretenir votre terrasse bois","item":"https:\/\/www.nature-bois-concept.com\/magazine\/terrasse-bois\/guides\/apres-achat\/entretien-terrasse\/"},{"@type":"ListItem","position":6,"name":"Redonner une seconde jeunesse \u00e0 votre terrasse en caillebotis"}]},{"@type":"WebSite","@id":"https:\/\/www.nature-bois-concept.com\/magazine\/#website","url":"https:\/\/www.nature-bois-concept.com\/magazine\/","name":"Magazine Nature Bois Concept","description":"En association avec Nature Bois Concept","potentialAction":[{"@type":"SearchAction","target":{"@type":"EntryPoint","urlTemplate":"https:\/\/www.nature-bois-concept.com\/magazine\/?s={search_term_string}"},"query-input":"required name=search_term_string"}],"inLanguage":"fr-FR"}]}},"_links":{"self":[{"href":"https:\/\/www.nature-bois-concept.com\/magazine\/wp-json\/wp\/v2\/pages\/681"}],"collection":[{"href":"https:\/\/www.nature-bois-concept.com\/magazine\/wp-json\/wp\/v2\/pages"}],"about":[{"href":"https:\/\/www.nature-bois-concept.com\/magazine\/wp-json\/wp\/v2\/types\/page"}],"author":[{"embeddable":true,"href":"https:\/\/www.nature-bois-concept.com\/magazine\/wp-json\/wp\/v2\/users\/2"}],"replies":[{"embeddable":true,"href":"https:\/\/www.nature-bois-concept.com\/magazine\/wp-json\/wp\/v2\/comments?post=681"}],"version-history":[{"count":23,"href":"https:\/\/www.nature-bois-concept.com\/magazine\/wp-json\/wp\/v2\/pages\/681\/revisions"}],"predecessor-version":[{"id":8132,"href":"https:\/\/www.nature-bois-concept.com\/magazine\/wp-json\/wp\/v2\/pages\/681\/revisions\/8132"}],"up":[{"embeddable":true,"href":"https:\/\/www.nature-bois-concept.com\/magazine\/wp-json\/wp\/v2\/pages\/573"}],"wp:featuredmedia":[{"embeddable":true,"href":"https:\/\/www.nature-bois-concept.com\/magazine\/wp-json\/wp\/v2\/media\/1471"}],"wp:attachment":[{"href":"https:\/\/www.nature-bois-concept.com\/magazine\/wp-json\/wp\/v2\/media?parent=681"}],"curies":[{"name":"wp","href":"https:\/\/api.w.org\/{rel}","templated":true}]}}