{"id":679,"date":"2016-06-28T17:27:09","date_gmt":"2016-06-28T15:27:09","guid":{"rendered":"https:\/\/www.nature-bois-concept.com\/magazine\/?page_id=679"},"modified":"2019-10-18T11:54:49","modified_gmt":"2019-10-18T09:54:49","slug":"technique-pose-terrasse-bois","status":"publish","type":"page","link":"https:\/\/www.nature-bois-concept.com\/magazine\/terrasse-bois\/guides\/avant-achat\/technique-pose-terrasse-bois\/","title":{"rendered":"Quelle technique de pose terrasse bois adopter ?"},"content":{"rendered":"<p style=\"text-align: justify;\">Vous visitez le site Nature Bois Concept et vous \u00eates sur <a href=\"https:\/\/www.nature-bois-concept.com\/magazine\/terrasse-bois\/guides\/avant-achat\/\">le point d\u2019acheter une terrasse en bois<\/a> ? Vous avez fait le choix de poser vous-m\u00eame votre terrasse en bois, seulement vous vous posez encore des questions sur la fa\u00e7on dont vous allez poser vos lames.<\/p>\n<p style=\"text-align: justify;\">De nombreuses techniques de pose d\u2019une terrasse bois existent pour la pose de votre terrasse en bois, des plus simples au plus \u00e9labor\u00e9es. Nature Bois Concept vous liste quelques techniques de poses pour une meilleure adaptation \u00e0 votre projet.<\/p>\n<h2>Avant toute chose<\/h2>\n<p style=\"text-align: justify;\">Certaines de ces techniques vous am\u00e8neront \u00e0 utiliser davantage de lame de terrasse en bois qu\u2019une pose de terrasses dite \u00ab droite \u00bb, il est donc important d\u2019inclure les pertes potentielles dans votre devis.<\/p>\n<p style=\"text-align: justify;\">Armez-vous de patience et de pr\u00e9cision, vous n\u2019allez peut-\u00eatre pas aussi vite qu\u2019un professionnel, mais ce n\u2019est pas le but. Votre souhait est de r\u00e9ussir au mieux votre terrasse en bois, alors n\u2019h\u00e9sitez pas \u00e0 prendre votre temps confectionner des sch\u00e9mas vous sera utile ainsi qu\u2019un calepinage pour d\u00e9finir exactement vos besoins. Respectez les indications qui vous sont indiqu\u00e9es dans le guide de pose de terrasse bois, ainsi que le DTU.<\/p>\n<h2>La pose droite<\/h2>\n<p><img loading=\"lazy\" decoding=\"async\" class=\"aligncenter size-full wp-image-1466\" src=\"https:\/\/www.nature-bois-concept.com\/magazine\/wp-content\/uploads\/2016\/06\/pose-droite.jpg\" alt=\"pose-droite\" width=\"600\" height=\"248\" srcset=\"https:\/\/www.nature-bois-concept.com\/magazine\/wp-content\/uploads\/2016\/06\/pose-droite.jpg 600w, https:\/\/www.nature-bois-concept.com\/magazine\/wp-content\/uploads\/2016\/06\/pose-droite-300x124.jpg 300w\" sizes=\"(max-width: 600px) 100vw, 600px\" \/><\/p>\n<p>La pose droite est la technique de montage des lames de terrasse bois la plus utilis\u00e9e quand votre projet le permet. Cette technique consiste \u00e0 aligner les lames de fa\u00e7on \u00e0 ce qu\u2019il n\u2019y ait qu\u2019une seule lame par rang\u00e9e.<\/p>\n<p><span style=\"text-decoration: underline;\">Difficult\u00e9s<\/span> : 1\/4<\/p>\n<p><span style=\"text-decoration: underline;\">Pertes<\/span> : Il faut pr\u00e9voir selon le stock et vos longueurs de lames de terrasse.<\/p>\n<h2>La pose fa\u00e7on parquet<\/h2>\n<p><img loading=\"lazy\" decoding=\"async\" class=\"aligncenter size-full wp-image-1460\" src=\"https:\/\/www.nature-bois-concept.com\/magazine\/wp-content\/uploads\/2016\/06\/quinquonce.jpg\" alt=\"quinquonce\" width=\"600\" height=\"248\" srcset=\"https:\/\/www.nature-bois-concept.com\/magazine\/wp-content\/uploads\/2016\/06\/quinquonce.jpg 600w, https:\/\/www.nature-bois-concept.com\/magazine\/wp-content\/uploads\/2016\/06\/quinquonce-300x124.jpg 300w\" sizes=\"(max-width: 600px) 100vw, 600px\" \/><\/p>\n<p>La pose fa\u00e7on parquet consiste \u00e0 ne pas aligner le bout des lames de terrasse, mais de les d\u00e9caler une lame sur deux. Comptez un espacement d\u2019environ la moiti\u00e9 de la longueur de votre lame pour un meilleur r\u00e9sultat.<\/p>\n<p><span style=\"text-decoration: underline;\">Difficult\u00e9s<\/span> : 2\/4<\/p>\n<p><span style=\"text-decoration: underline;\">Pertes<\/span> : Il faut pr\u00e9voir vos besoins selon le stock disponible et les dimensions de votre terrasse bois pour d\u00e9finir au mieux vos besoins.<\/p>\n<h2>Pose \u00e0 b\u00e2tons rompus (plus rare)<\/h2>\n<p><img loading=\"lazy\" decoding=\"async\" class=\"aligncenter size-full wp-image-1462\" src=\"https:\/\/www.nature-bois-concept.com\/magazine\/wp-content\/uploads\/2016\/06\/fvev.jpg\" alt=\"fvev\" width=\"600\" height=\"248\" srcset=\"https:\/\/www.nature-bois-concept.com\/magazine\/wp-content\/uploads\/2016\/06\/fvev.jpg 600w, https:\/\/www.nature-bois-concept.com\/magazine\/wp-content\/uploads\/2016\/06\/fvev-300x124.jpg 300w\" sizes=\"(max-width: 600px) 100vw, 600px\" \/><\/p>\n<p>La technique de montage en b\u00e2tons rompus consiste \u00e0 abouter les lames de terrasse les unes dans les autres, de mani\u00e8re \u00e0 cr\u00e9er un chevron. Cette technique est davantage utilis\u00e9e pour les parquets, mais il n\u2019est pas rare de la voir appara\u00eetre dans les angles des terrasses bois coupl\u00e9e \u00e0 une technique de pose droite.<\/p>\n<p><span style=\"text-decoration: underline;\">Difficult\u00e9s<\/span> : 4\/4<\/p>\n<p><span style=\"text-decoration: underline;\">Pertes<\/span> : Il faut pr\u00e9voir 15 % de longueur de lame suppl\u00e9mentaire pour la r\u00e9alisation de cette technique.<\/p>\n<h2>La pose en point de Hongrie (plus rare)<\/h2>\n<p><img loading=\"lazy\" decoding=\"async\" class=\"aligncenter size-full wp-image-1464\" src=\"https:\/\/www.nature-bois-concept.com\/magazine\/wp-content\/uploads\/2016\/06\/pointe-hongroise.jpg\" alt=\"pointe-hongroise\" width=\"600\" height=\"248\" srcset=\"https:\/\/www.nature-bois-concept.com\/magazine\/wp-content\/uploads\/2016\/06\/pointe-hongroise.jpg 600w, https:\/\/www.nature-bois-concept.com\/magazine\/wp-content\/uploads\/2016\/06\/pointe-hongroise-300x124.jpg 300w\" sizes=\"(max-width: 600px) 100vw, 600px\" \/><\/p>\n<p>La pose en point de Hongrie consiste \u00e0 cr\u00e9er une ligne qui part de l\u2019angle de votre terrasse jusqu\u2019au centre de celle-ci, cette ligne peut-\u00eatre repr\u00e9sent\u00e9e par une lame de terrasse. De chaque c\u00f4t\u00e9 de cette lame les autres lames partent de fa\u00e7on perpendiculaire.<\/p>\n<p><span style=\"text-decoration: underline;\">Difficult\u00e9s<\/span> : 4\/4<\/p>\n<p><span style=\"text-decoration: underline;\">Pertes<\/span> : Il faut pr\u00e9voir 15 % de longueur de lame suppl\u00e9mentaire pour la r\u00e9alisation de cette technique de montage.<\/p>\n<h2>La pose \u00e0 coupes perdues ou pose \u00e0 l\u2019anglaise<\/h2>\n<p><img loading=\"lazy\" decoding=\"async\" class=\"aligncenter size-full wp-image-1465\" src=\"https:\/\/www.nature-bois-concept.com\/magazine\/wp-content\/uploads\/2016\/06\/pose-anglaise.jpg\" alt=\"pose-anglaise\" width=\"600\" height=\"248\" srcset=\"https:\/\/www.nature-bois-concept.com\/magazine\/wp-content\/uploads\/2016\/06\/pose-anglaise.jpg 600w, https:\/\/www.nature-bois-concept.com\/magazine\/wp-content\/uploads\/2016\/06\/pose-anglaise-300x124.jpg 300w\" sizes=\"(max-width: 600px) 100vw, 600px\" \/><\/p>\n<p>Cette technique de pose de terrasse consiste \u00e0 abouter les lames de terrasse en bois de fa\u00e7on al\u00e9atoire, les trav\u00e9es seront parall\u00e8les quant aux joints ils ne seront en aucun cas align\u00e9s. Cette technique a pour but de donner du volume \u00e0 votre terrasse. Facile \u00e0 mettre en place, cette technique se r\u00e9v\u00e8le \u00eatre la plus \u00e9conomique, car en effet il est possible de r\u00e9utiliser la chute pour le d\u00e9but de la prochaine longueur de lame.<\/p>\n<p><span style=\"text-decoration: underline;\">Difficult\u00e9s<\/span> : 2\/4<\/p>\n<p><span style=\"text-decoration: underline;\">Pertes<\/span> : Il faut pr\u00e9voir 5 % de longueur de lame suppl\u00e9mentaire pour la r\u00e9alisation d\u2019une pose \u00e0 coupes perdues.<\/p>\n<h2>La pose terrasse bois inclin\u00e9e \u00e0 45\u00b0<\/h2>\n<p><img loading=\"lazy\" decoding=\"async\" class=\"aligncenter size-full wp-image-1463\" src=\"https:\/\/www.nature-bois-concept.com\/magazine\/wp-content\/uploads\/2016\/06\/inclin\u00e9.jpg\" alt=\"inclin\u00e9\" width=\"600\" height=\"248\" \/><\/p>\n<p>Gr\u00e2ce \u00e0 cette technique de pose vous apportez un dynamisme \u00e0 votre terrasse bois, le montage demande de la pr\u00e9cision dans la coupe des lames et aux extr\u00e9mit\u00e9s lors de la d\u00e9coupe des angles de la terrasse.<\/p>\n<p><span style=\"text-decoration: underline;\">Difficult\u00e9s<\/span> : 3\/4<\/p>\n<p><span style=\"text-decoration: underline;\">Pertes<\/span> : Il faut pr\u00e9voir 10 % de longueur de lame suppl\u00e9mentaire pour une pose inclin\u00e9e \u00e0 45\u00b0.<\/p>\n<h2>La pose par cadre<\/h2>\n<p><img loading=\"lazy\" decoding=\"async\" class=\"aligncenter size-full wp-image-1461\" src=\"https:\/\/www.nature-bois-concept.com\/magazine\/wp-content\/uploads\/2016\/06\/frrf.jpg\" alt=\"frrf\" width=\"600\" height=\"248\" srcset=\"https:\/\/www.nature-bois-concept.com\/magazine\/wp-content\/uploads\/2016\/06\/frrf.jpg 600w, https:\/\/www.nature-bois-concept.com\/magazine\/wp-content\/uploads\/2016\/06\/frrf-300x124.jpg 300w\" sizes=\"(max-width: 600px) 100vw, 600px\" \/><\/p>\n<p>La pose par cadre est une technique de montage qui consiste \u00e0 encadrer un ensemble de lames mont\u00e9es en pose droite. Cette technique permet de bien d\u00e9limiter les diff\u00e9rentes zones de sa terrasse.<\/p>\n<p><span style=\"text-decoration: underline;\">Difficult\u00e9s<\/span> : 2\/4<\/p>\n<p><span style=\"text-decoration: underline;\">Pertes<\/span> : Il faut pr\u00e9voir 5 % de longueur de lame suppl\u00e9mentaire pour la r\u00e9alisation de cette technique de pose<\/p>\n<h2>\u00c0 vous maintenant de r\u00e9aliser votre terrasse bois<\/h2>\n<p style=\"text-align: justify;\">Choisissez la technique de pose de lames de terrasse qui vous plait et celle qui vous semble r\u00e9alisable avec vos moyens. Bien s\u00fbr, il est possible de coupler ces techniques entre elles afin d\u2019avoir un r\u00e9sultat original. Dans le cas o\u00f9 vous seriez int\u00e9ress\u00e9 par une pose qui s\u2019av\u00e8re trop compliqu\u00e9e pour vous, n\u2019h\u00e9sitez pas \u00e0 nous contacter, nous vous ferons parvenir les coordonn\u00e9es d\u2019un poseur de terrasse bois partenaire proche de chez vous.<\/p>\n","protected":false},"excerpt":{"rendered":"<p>Vous visitez le site Nature Bois Concept et vous \u00eates sur le point d\u2019acheter une terrasse en bois ? Vous avez fait le choix de poser vous-m\u00eame votre terrasse en bois, seulement vous vous posez encore des questions sur la fa\u00e7on dont vous allez poser vos lames. De nombreuses techniques de pose d\u2019une terrasse bois existent pour la pose de votre terrasse en bois, des plus simples au plus \u00e9labor\u00e9es&#8230;.<\/p>\n","protected":false},"author":2,"featured_media":1467,"parent":563,"menu_order":1,"comment_status":"closed","ping_status":"closed","template":"","meta":{"_acf_changed":false,"footnotes":""},"acf":[],"yoast_head":"<!-- This site is optimized with the Yoast SEO plugin v22.4 - https:\/\/yoast.com\/wordpress\/plugins\/seo\/ -->\n<title>Quelle technique de pose terrasse bois adopter ?<\/title>\n<meta name=\"description\" content=\"Vous souhaitez r\u00e9alisez une pose terrasse bois \u00e9conomique et en coh\u00e9rence avec votre habitat, nous vous indiquons la technique \u00e0 adopter.\" \/>\n<meta name=\"robots\" content=\"index, follow, max-snippet:-1, max-image-preview:large, max-video-preview:-1\" \/>\n<link rel=\"canonical\" href=\"https:\/\/www.nature-bois-concept.com\/magazine\/terrasse-bois\/guides\/avant-achat\/technique-pose-terrasse-bois\/\" \/>\n<meta property=\"og:locale\" content=\"fr_FR\" \/>\n<meta property=\"og:type\" content=\"article\" \/>\n<meta property=\"og:title\" content=\"Quelle technique de pose terrasse bois adopter ?\" \/>\n<meta property=\"og:description\" content=\"Vous souhaitez r\u00e9alisez une pose terrasse bois \u00e9conomique et en coh\u00e9rence avec votre habitat, nous vous indiquons la technique \u00e0 adopter.\" \/>\n<meta property=\"og:url\" content=\"https:\/\/www.nature-bois-concept.com\/magazine\/terrasse-bois\/guides\/avant-achat\/technique-pose-terrasse-bois\/\" \/>\n<meta property=\"og:site_name\" content=\"Magazine Nature Bois Concept\" \/>\n<meta property=\"article:publisher\" content=\"https:\/\/www.facebook.com\/Nature-Bois-Concept-1596307970584169\/\" \/>\n<meta property=\"article:modified_time\" content=\"2019-10-18T09:54:49+00:00\" \/>\n<meta property=\"og:image\" content=\"https:\/\/www.nature-bois-concept.com\/magazine\/wp-content\/uploads\/2016\/06\/pose-droite-terrasse-composite.jpg\" \/>\n\t<meta property=\"og:image:width\" content=\"1620\" \/>\n\t<meta property=\"og:image:height\" content=\"668\" \/>\n\t<meta property=\"og:image:type\" content=\"image\/jpeg\" \/>\n<meta name=\"twitter:card\" content=\"summary_large_image\" \/>\n<meta name=\"twitter:site\" content=\"@nbc_bois\" \/>\n<meta name=\"twitter:label1\" content=\"Dur\u00e9e de lecture estim\u00e9e\" \/>\n\t<meta name=\"twitter:data1\" content=\"4 minutes\" \/>\n<script type=\"application\/ld+json\" class=\"yoast-schema-graph\">{\"@context\":\"https:\/\/schema.org\",\"@graph\":[{\"@type\":\"WebPage\",\"@id\":\"https:\/\/www.nature-bois-concept.com\/magazine\/terrasse-bois\/guides\/avant-achat\/technique-pose-terrasse-bois\/\",\"url\":\"https:\/\/www.nature-bois-concept.com\/magazine\/terrasse-bois\/guides\/avant-achat\/technique-pose-terrasse-bois\/\",\"name\":\"Quelle technique de pose terrasse bois adopter ?\",\"isPartOf\":{\"@id\":\"https:\/\/www.nature-bois-concept.com\/magazine\/#website\"},\"primaryImageOfPage\":{\"@id\":\"https:\/\/www.nature-bois-concept.com\/magazine\/terrasse-bois\/guides\/avant-achat\/technique-pose-terrasse-bois\/#primaryimage\"},\"image\":{\"@id\":\"https:\/\/www.nature-bois-concept.com\/magazine\/terrasse-bois\/guides\/avant-achat\/technique-pose-terrasse-bois\/#primaryimage\"},\"thumbnailUrl\":\"https:\/\/www.nature-bois-concept.com\/magazine\/wp-content\/uploads\/2016\/06\/pose-droite-terrasse-composite.jpg\",\"datePublished\":\"2016-06-28T15:27:09+00:00\",\"dateModified\":\"2019-10-18T09:54:49+00:00\",\"description\":\"Vous souhaitez r\u00e9alisez une pose terrasse bois \u00e9conomique et en coh\u00e9rence avec votre habitat, nous vous indiquons la technique \u00e0 adopter.\",\"breadcrumb\":{\"@id\":\"https:\/\/www.nature-bois-concept.com\/magazine\/terrasse-bois\/guides\/avant-achat\/technique-pose-terrasse-bois\/#breadcrumb\"},\"inLanguage\":\"fr-FR\",\"potentialAction\":[{\"@type\":\"ReadAction\",\"target\":[\"https:\/\/www.nature-bois-concept.com\/magazine\/terrasse-bois\/guides\/avant-achat\/technique-pose-terrasse-bois\/\"]}]},{\"@type\":\"ImageObject\",\"inLanguage\":\"fr-FR\",\"@id\":\"https:\/\/www.nature-bois-concept.com\/magazine\/terrasse-bois\/guides\/avant-achat\/technique-pose-terrasse-bois\/#primaryimage\",\"url\":\"https:\/\/www.nature-bois-concept.com\/magazine\/wp-content\/uploads\/2016\/06\/pose-droite-terrasse-composite.jpg\",\"contentUrl\":\"https:\/\/www.nature-bois-concept.com\/magazine\/wp-content\/uploads\/2016\/06\/pose-droite-terrasse-composite.jpg\",\"width\":1620,\"height\":668,\"caption\":\"pose droite de terrasse en composite\"},{\"@type\":\"BreadcrumbList\",\"@id\":\"https:\/\/www.nature-bois-concept.com\/magazine\/terrasse-bois\/guides\/avant-achat\/technique-pose-terrasse-bois\/#breadcrumb\",\"itemListElement\":[{\"@type\":\"ListItem\",\"position\":1,\"name\":\"Magazine NBC\",\"item\":\"https:\/\/www.nature-bois-concept.com\/magazine\/\"},{\"@type\":\"ListItem\",\"position\":2,\"name\":\"Terrasse bois\",\"item\":\"https:\/\/www.nature-bois-concept.com\/magazine\/terrasse-bois\/\"},{\"@type\":\"ListItem\",\"position\":3,\"name\":\"Nos guides sur la Terrasse\",\"item\":\"https:\/\/www.nature-bois-concept.com\/magazine\/terrasse-bois\/guides\/\"},{\"@type\":\"ListItem\",\"position\":4,\"name\":\"Tout ce qu&rsquo;il faut savoir avant l&rsquo;achat de sa Terrasse\",\"item\":\"https:\/\/www.nature-bois-concept.com\/magazine\/terrasse-bois\/guides\/avant-achat\/\"},{\"@type\":\"ListItem\",\"position\":5,\"name\":\"Quelle technique de pose terrasse bois adopter ?\"}]},{\"@type\":\"WebSite\",\"@id\":\"https:\/\/www.nature-bois-concept.com\/magazine\/#website\",\"url\":\"https:\/\/www.nature-bois-concept.com\/magazine\/\",\"name\":\"Magazine Nature Bois Concept\",\"description\":\"En association avec Nature Bois Concept\",\"potentialAction\":[{\"@type\":\"SearchAction\",\"target\":{\"@type\":\"EntryPoint\",\"urlTemplate\":\"https:\/\/www.nature-bois-concept.com\/magazine\/?s={search_term_string}\"},\"query-input\":\"required name=search_term_string\"}],\"inLanguage\":\"fr-FR\"}]}<\/script>\n<!-- \/ Yoast SEO plugin. -->","yoast_head_json":{"title":"Quelle technique de pose terrasse bois adopter ?","description":"Vous souhaitez r\u00e9alisez une pose terrasse bois \u00e9conomique et en coh\u00e9rence avec votre habitat, nous vous indiquons la technique \u00e0 adopter.","robots":{"index":"index","follow":"follow","max-snippet":"max-snippet:-1","max-image-preview":"max-image-preview:large","max-video-preview":"max-video-preview:-1"},"canonical":"https:\/\/www.nature-bois-concept.com\/magazine\/terrasse-bois\/guides\/avant-achat\/technique-pose-terrasse-bois\/","og_locale":"fr_FR","og_type":"article","og_title":"Quelle technique de pose terrasse bois adopter ?","og_description":"Vous souhaitez r\u00e9alisez une pose terrasse bois \u00e9conomique et en coh\u00e9rence avec votre habitat, nous vous indiquons la technique \u00e0 adopter.","og_url":"https:\/\/www.nature-bois-concept.com\/magazine\/terrasse-bois\/guides\/avant-achat\/technique-pose-terrasse-bois\/","og_site_name":"Magazine Nature Bois Concept","article_publisher":"https:\/\/www.facebook.com\/Nature-Bois-Concept-1596307970584169\/","article_modified_time":"2019-10-18T09:54:49+00:00","og_image":[{"width":1620,"height":668,"url":"https:\/\/www.nature-bois-concept.com\/magazine\/wp-content\/uploads\/2016\/06\/pose-droite-terrasse-composite.jpg","type":"image\/jpeg"}],"twitter_card":"summary_large_image","twitter_site":"@nbc_bois","twitter_misc":{"Dur\u00e9e de lecture estim\u00e9e":"4 minutes"},"schema":{"@context":"https:\/\/schema.org","@graph":[{"@type":"WebPage","@id":"https:\/\/www.nature-bois-concept.com\/magazine\/terrasse-bois\/guides\/avant-achat\/technique-pose-terrasse-bois\/","url":"https:\/\/www.nature-bois-concept.com\/magazine\/terrasse-bois\/guides\/avant-achat\/technique-pose-terrasse-bois\/","name":"Quelle technique de pose terrasse bois adopter ?","isPartOf":{"@id":"https:\/\/www.nature-bois-concept.com\/magazine\/#website"},"primaryImageOfPage":{"@id":"https:\/\/www.nature-bois-concept.com\/magazine\/terrasse-bois\/guides\/avant-achat\/technique-pose-terrasse-bois\/#primaryimage"},"image":{"@id":"https:\/\/www.nature-bois-concept.com\/magazine\/terrasse-bois\/guides\/avant-achat\/technique-pose-terrasse-bois\/#primaryimage"},"thumbnailUrl":"https:\/\/www.nature-bois-concept.com\/magazine\/wp-content\/uploads\/2016\/06\/pose-droite-terrasse-composite.jpg","datePublished":"2016-06-28T15:27:09+00:00","dateModified":"2019-10-18T09:54:49+00:00","description":"Vous souhaitez r\u00e9alisez une pose terrasse bois \u00e9conomique et en coh\u00e9rence avec votre habitat, nous vous indiquons la technique \u00e0 adopter.","breadcrumb":{"@id":"https:\/\/www.nature-bois-concept.com\/magazine\/terrasse-bois\/guides\/avant-achat\/technique-pose-terrasse-bois\/#breadcrumb"},"inLanguage":"fr-FR","potentialAction":[{"@type":"ReadAction","target":["https:\/\/www.nature-bois-concept.com\/magazine\/terrasse-bois\/guides\/avant-achat\/technique-pose-terrasse-bois\/"]}]},{"@type":"ImageObject","inLanguage":"fr-FR","@id":"https:\/\/www.nature-bois-concept.com\/magazine\/terrasse-bois\/guides\/avant-achat\/technique-pose-terrasse-bois\/#primaryimage","url":"https:\/\/www.nature-bois-concept.com\/magazine\/wp-content\/uploads\/2016\/06\/pose-droite-terrasse-composite.jpg","contentUrl":"https:\/\/www.nature-bois-concept.com\/magazine\/wp-content\/uploads\/2016\/06\/pose-droite-terrasse-composite.jpg","width":1620,"height":668,"caption":"pose droite de terrasse en composite"},{"@type":"BreadcrumbList","@id":"https:\/\/www.nature-bois-concept.com\/magazine\/terrasse-bois\/guides\/avant-achat\/technique-pose-terrasse-bois\/#breadcrumb","itemListElement":[{"@type":"ListItem","position":1,"name":"Magazine NBC","item":"https:\/\/www.nature-bois-concept.com\/magazine\/"},{"@type":"ListItem","position":2,"name":"Terrasse bois","item":"https:\/\/www.nature-bois-concept.com\/magazine\/terrasse-bois\/"},{"@type":"ListItem","position":3,"name":"Nos guides sur la Terrasse","item":"https:\/\/www.nature-bois-concept.com\/magazine\/terrasse-bois\/guides\/"},{"@type":"ListItem","position":4,"name":"Tout ce qu&rsquo;il faut savoir avant l&rsquo;achat de sa Terrasse","item":"https:\/\/www.nature-bois-concept.com\/magazine\/terrasse-bois\/guides\/avant-achat\/"},{"@type":"ListItem","position":5,"name":"Quelle technique de pose terrasse bois adopter ?"}]},{"@type":"WebSite","@id":"https:\/\/www.nature-bois-concept.com\/magazine\/#website","url":"https:\/\/www.nature-bois-concept.com\/magazine\/","name":"Magazine Nature Bois Concept","description":"En association avec Nature Bois Concept","potentialAction":[{"@type":"SearchAction","target":{"@type":"EntryPoint","urlTemplate":"https:\/\/www.nature-bois-concept.com\/magazine\/?s={search_term_string}"},"query-input":"required name=search_term_string"}],"inLanguage":"fr-FR"}]}},"_links":{"self":[{"href":"https:\/\/www.nature-bois-concept.com\/magazine\/wp-json\/wp\/v2\/pages\/679"}],"collection":[{"href":"https:\/\/www.nature-bois-concept.com\/magazine\/wp-json\/wp\/v2\/pages"}],"about":[{"href":"https:\/\/www.nature-bois-concept.com\/magazine\/wp-json\/wp\/v2\/types\/page"}],"author":[{"embeddable":true,"href":"https:\/\/www.nature-bois-concept.com\/magazine\/wp-json\/wp\/v2\/users\/2"}],"replies":[{"embeddable":true,"href":"https:\/\/www.nature-bois-concept.com\/magazine\/wp-json\/wp\/v2\/comments?post=679"}],"version-history":[{"count":13,"href":"https:\/\/www.nature-bois-concept.com\/magazine\/wp-json\/wp\/v2\/pages\/679\/revisions"}],"predecessor-version":[{"id":5257,"href":"https:\/\/www.nature-bois-concept.com\/magazine\/wp-json\/wp\/v2\/pages\/679\/revisions\/5257"}],"up":[{"embeddable":true,"href":"https:\/\/www.nature-bois-concept.com\/magazine\/wp-json\/wp\/v2\/pages\/563"}],"wp:featuredmedia":[{"embeddable":true,"href":"https:\/\/www.nature-bois-concept.com\/magazine\/wp-json\/wp\/v2\/media\/1467"}],"wp:attachment":[{"href":"https:\/\/www.nature-bois-concept.com\/magazine\/wp-json\/wp\/v2\/media?parent=679"}],"curies":[{"name":"wp","href":"https:\/\/api.w.org\/{rel}","templated":true}]}}