{"id":678,"date":"2016-06-29T10:13:32","date_gmt":"2016-06-29T08:13:32","guid":{"rendered":"https:\/\/www.nature-bois-concept.com\/magazine\/?page_id=678"},"modified":"2025-02-26T14:52:33","modified_gmt":"2025-02-26T13:52:33","slug":"hapax-fixing-pro-fixation-invisible","status":"publish","type":"page","link":"https:\/\/www.nature-bois-concept.com\/magazine\/terrasse-bois\/guides\/avant-achat\/fournitures-accessoires\/hapax-fixing-pro-fixation-invisible\/","title":{"rendered":"Hapax Fixing Pro, la fixation invisible sans les clips"},"content":{"rendered":"<h2>Pourquoi ne pas utiliser de clips ?<\/h2>\n<p style=\"text-align: justify;\">Contrairement aux clips, la solution Hapax Fixing Pro est une solution viss\u00e9e mais par le dessous de votre lame. Elle est con\u00e7ue pour permettre au bois de varier dimensionnellement (gonflement et retrait des lames de terrasse en fonction de l\u2019environnement et de l\u2019exposition). Ce <a href=\"https:\/\/www.youtube.com\/watch?v=DNj4ZexPXmI\" target=\"_blank\" rel=\"noopener\">tuto terrasse bois sur la fixation invisible Hapax Fixing Pro<\/a> vous \u00e9clairera davantage sur la mise en \u0153uvre de ce syst\u00e8me.<\/p>\n<h2>Produit de qualit\u00e9, con\u00e7u par des sp\u00e9cialistes du bois<\/h2>\n<p style=\"text-align: justify;\">R\u00e9sistant \u00e0 une traction de plus de 100 kg par fixation, ce produit se fixe simplement sur le dessous des lames de la terrasse, \u00e0 l\u2019aide de deux vis inox fournies et sans per\u00e7age. Fabriqu\u00e9e dans un mat\u00e9riau composite de haute densit\u00e9 renforc\u00e9 en fibre de verre, r\u00e9sistant aux UV, aux temp\u00e9ratures extr\u00eames et 100 % recyclable, cette fixation s\u2019av\u00e8re r\u00e9sistante \u00e0 toutes les \u00e9preuves. De plus, ce produit est garanti 20 ans.<\/p>\n<h2>Un r\u00e9el rupteur de pont thermique<\/h2>\n<p style=\"text-align: justify;\">Par sa conception, la fixation HAPPAX Fixing PRO cr\u00e9e un espace entre la lame de terrasse et vos bois de structure. Cet espace assure la bonne ventilation de votre platelage en r\u00e9duisant l\u2019effet de tuilage et en supprimant les points sensibles au niveau du pont thermique \u00e0 ce m\u00eame endroit. Il n\u2019est plus n\u00e9cessaire pour vous de poser les bandes bitumeuses sur les lambourdes (celles-ci restent fortement conseill\u00e9es en cas de pose viss\u00e9e).<\/p>\n<p style=\"text-align: justify;\"><img loading=\"lazy\" decoding=\"async\" class=\"aligncenter size-full wp-image-1453\" src=\"https:\/\/res.cloudinary.com\/nature-bois-concept\/image\/upload\/fl_any_format,q_auto,c_scale,c_limit,w_1200,f_auto\/www.nature-bois-concept.com\/magazine\/wp-content\/uploads\/2016\/06\/clip-hapax-fixing-pro-terrasse-boi.jpg\" alt=\"clip-hapax-fixing-pro-terrasse-boi\" width=\"1200\" height=\"496\" srcset=\"https:\/\/www.nature-bois-concept.com\/magazine\/wp-content\/uploads\/2016\/06\/clip-hapax-fixing-pro-terrasse-boi.jpg 1200w, https:\/\/www.nature-bois-concept.com\/magazine\/wp-content\/uploads\/2016\/06\/clip-hapax-fixing-pro-terrasse-boi-300x124.jpg 300w, https:\/\/www.nature-bois-concept.com\/magazine\/wp-content\/uploads\/2016\/06\/clip-hapax-fixing-pro-terrasse-boi-768x317.jpg 768w, https:\/\/www.nature-bois-concept.com\/magazine\/wp-content\/uploads\/2016\/06\/clip-hapax-fixing-pro-terrasse-boi-1024x423.jpg 1024w, https:\/\/www.nature-bois-concept.com\/magazine\/wp-content\/uploads\/2016\/06\/clip-hapax-fixing-pro-terrasse-boi-1060x438.jpg 1060w\" sizes=\"(max-width: 1200px) 100vw, 1200px\" \/><\/p>\n<h2>Quel type de bois pour ces fixations ?<\/h2>\n<p style=\"text-align: justify;\">Tous les types de bois peuvent \u00eatre utilis\u00e9s pour ces fixations. Nous vous conseillons cependant de choisir un bois qui correspond \u00e0 un usage ext\u00e9rieur (au minimum sa classe d\u2019emploi doit \u00eatre 3B).<\/p>\n<p style=\"text-align: justify;\">Pour les dimensions de vos lames, il est n\u00e9cessaire de respecter une \u00e9paisseur entre 19 \u00e0 29 mm et une largeur de 90 \u00e0 160 mm, ce qui convient \u00e0 la plupart des standards que l\u2019on retrouve pour la pose d\u2019une terrasse en bois.<\/p>\n<h2>De combien en avez-vous besoin pour votre terrasse ?<\/h2>\n<p><img loading=\"lazy\" decoding=\"async\" class=\"aligncenter size-full wp-image-1456\" src=\"https:\/\/res.cloudinary.com\/nature-bois-concept\/image\/upload\/fl_any_format,q_auto,c_scale,c_limit,w_1200,f_auto\/www.nature-bois-concept.com\/magazine\/wp-content\/uploads\/2016\/06\/boite-hapax-fixing-pro.jpg\" alt=\"boite-hapax-fixing-pro\" width=\"1200\" height=\"496\" srcset=\"https:\/\/www.nature-bois-concept.com\/magazine\/wp-content\/uploads\/2016\/06\/boite-hapax-fixing-pro.jpg 1200w, https:\/\/www.nature-bois-concept.com\/magazine\/wp-content\/uploads\/2016\/06\/boite-hapax-fixing-pro-300x124.jpg 300w, https:\/\/www.nature-bois-concept.com\/magazine\/wp-content\/uploads\/2016\/06\/boite-hapax-fixing-pro-768x317.jpg 768w, https:\/\/www.nature-bois-concept.com\/magazine\/wp-content\/uploads\/2016\/06\/boite-hapax-fixing-pro-1024x423.jpg 1024w, https:\/\/www.nature-bois-concept.com\/magazine\/wp-content\/uploads\/2016\/06\/boite-hapax-fixing-pro-1060x438.jpg 1060w\" sizes=\"(max-width: 1200px) 100vw, 1200px\" \/><\/p>\n<p style=\"text-align: justify;\">La solution Hapax Fixing Pro est commercialis\u00e9e par boite de 100 kits de fixation. Elle contient 200 vis 5,5 x30 mm en acier inoxydable, 100 vis 5,5 x 35 mm inoxydable, et les 100 fixations. Comptez une boite pour une surface de terrasse de plus ou moins 6 m\u00b2. Le calcul de vos besoins est \u00e0 r\u00e9aliser par rapport \u00e0 la largeur de vos lames, plus elles sont \u00e9troites et plus vous devez compter de fixations au m\u00b2.<\/p>\n<ul>\n<li>Largeur de lame de 140 mm : environ 16 fixations par m\u00b2 soit environ 6 m\u00b2 par bo\u00eete.<\/li>\n<li>Largeur de lame de 120 mm : environ 18 fixations par m\u00b2 soit environ 5,50 m\u00b2 par bo\u00eete.<\/li>\n<li>Largeur de lame de 100 mm : environ 23 fixations par m\u00b2 soit environ 4,40 m\u00b2 par bo\u00eete.<\/li>\n<\/ul>\n<h2>R\u00e9alisations connues :<\/h2>\n<p style=\"text-align: justify;\">La fixation Hapax Fixing Pro a d\u00e9j\u00e0 \u00e9t\u00e9 utilis\u00e9e dans bon nombre de projets, parmi ces diverses r\u00e9alisations nous retenons : Le pont Raymond Barre \u00e0 Lyon; La terrasse de la Thalasso de Dinard, Les plages de C\u00e9lestins \u00e0 Vichy ainsi que les terrasses du Casino de Le Palm Beach \u00e0 Cannes.<\/p>\n<p style=\"text-align: justify;\"><img loading=\"lazy\" decoding=\"async\" class=\"aligncenter size-full wp-image-1458\" src=\"https:\/\/res.cloudinary.com\/nature-bois-concept\/image\/upload\/fl_any_format,q_auto,c_scale,c_limit,w_1200,f_auto\/www.nature-bois-concept.com\/magazine\/wp-content\/uploads\/2016\/06\/plage-terrasse-bois-fixation-invisible.jpg\" alt=\"plage-terrasse-bois-fixation-invisible\" width=\"1200\" height=\"496\" srcset=\"https:\/\/www.nature-bois-concept.com\/magazine\/wp-content\/uploads\/2016\/06\/plage-terrasse-bois-fixation-invisible.jpg 1200w, https:\/\/www.nature-bois-concept.com\/magazine\/wp-content\/uploads\/2016\/06\/plage-terrasse-bois-fixation-invisible-300x124.jpg 300w, https:\/\/www.nature-bois-concept.com\/magazine\/wp-content\/uploads\/2016\/06\/plage-terrasse-bois-fixation-invisible-768x317.jpg 768w, https:\/\/www.nature-bois-concept.com\/magazine\/wp-content\/uploads\/2016\/06\/plage-terrasse-bois-fixation-invisible-1024x423.jpg 1024w, https:\/\/www.nature-bois-concept.com\/magazine\/wp-content\/uploads\/2016\/06\/plage-terrasse-bois-fixation-invisible-1060x438.jpg 1060w\" sizes=\"(max-width: 1200px) 100vw, 1200px\" \/><\/p>\n<h2>Besoin de fixations pour votre terrasse bois ?<\/h2>\n<p>\u00c0 ce jour, plus de 200 000 m\u00b2 de terrasse ont d\u00e9j\u00e0 \u00e9t\u00e9 r\u00e9alis\u00e9s avec la <a href=\"https:\/\/www.nature-bois-concept.com\/boutique\/terrasse-bois\/accessoire\/fixation\/invisible\/40-fixing-pro\/\" target=\"_blank\" rel=\"noopener\">fixation invisible Hapax Fixing Pro<\/a>. Si vous aussi vous avez \u00e9t\u00e9 conquis par ce syst\u00e8me, nous vous invitons \u00e0 obtenir d\u00e8s maintenant ce produit pour votre projet de terrasse bois sur notre <a href=\"https:\/\/www.nature-bois-concept.com\/boutique\/\" target=\"_blank\" rel=\"noopener noreferrer\">boutique<\/a> ou bien en r\u00e9alisant une demande de <a href=\"https:\/\/www.nature-bois-concept.com\/fr\/terrasse-bois\/devis\/mon-projet\/\" target=\"_blank\" rel=\"noopener noreferrer\">devis en ligne<\/a>.<\/p>\n","protected":false},"excerpt":{"rendered":"<p>Pourquoi ne pas utiliser de clips ? Contrairement aux clips, la solution Hapax Fixing Pro est une solution viss\u00e9e mais par le dessous de votre lame. Elle est con\u00e7ue pour permettre au bois de varier dimensionnellement (gonflement et retrait des lames de terrasse en fonction de l\u2019environnement et de l\u2019exposition). Ce tuto terrasse bois sur la fixation invisible Hapax Fixing Pro vous \u00e9clairera davantage sur la mise en \u0153uvre de&#8230;<\/p>\n","protected":false},"author":2,"featured_media":1455,"parent":565,"menu_order":11,"comment_status":"closed","ping_status":"closed","template":"","meta":{"_acf_changed":false,"footnotes":""},"acf":[],"yoast_head":"<!-- This site is optimized with the Yoast SEO plugin v22.4 - https:\/\/yoast.com\/wordpress\/plugins\/seo\/ -->\n<title>Hapax Fixing Pro, la fixation invisible sans les clips<\/title>\n<meta name=\"description\" content=\"Fixation invisible pour terrasse bois, l&#039;Hapax Fixing Pro est la r\u00e9f\u00e9rence pour fixer vos lames de terrasse bois sans faire appara\u00eetre une seule vis.\" \/>\n<meta name=\"robots\" content=\"index, follow, max-snippet:-1, max-image-preview:large, max-video-preview:-1\" \/>\n<link rel=\"canonical\" href=\"https:\/\/www.nature-bois-concept.com\/magazine\/terrasse-bois\/guides\/avant-achat\/fournitures-accessoires\/hapax-fixing-pro-fixation-invisible\/\" \/>\n<meta property=\"og:locale\" content=\"fr_FR\" \/>\n<meta property=\"og:type\" content=\"article\" \/>\n<meta property=\"og:title\" content=\"Hapax Fixing Pro, la fixation invisible sans les clips\" \/>\n<meta property=\"og:description\" content=\"Fixation invisible pour terrasse bois, l&#039;Hapax Fixing Pro est la r\u00e9f\u00e9rence pour fixer vos lames de terrasse bois sans faire appara\u00eetre une seule vis.\" \/>\n<meta property=\"og:url\" content=\"https:\/\/www.nature-bois-concept.com\/magazine\/terrasse-bois\/guides\/avant-achat\/fournitures-accessoires\/hapax-fixing-pro-fixation-invisible\/\" \/>\n<meta property=\"og:site_name\" content=\"Magazine Nature Bois Concept\" \/>\n<meta property=\"article:publisher\" content=\"https:\/\/www.facebook.com\/Nature-Bois-Concept-1596307970584169\/\" \/>\n<meta property=\"article:modified_time\" content=\"2025-02-26T13:52:33+00:00\" \/>\n<meta property=\"og:image\" content=\"https:\/\/www.nature-bois-concept.com\/magazine\/wp-content\/uploads\/2016\/06\/terrasse-bois-cumaru-fixation-hapax.jpg\" \/>\n\t<meta property=\"og:image:width\" content=\"1620\" \/>\n\t<meta property=\"og:image:height\" content=\"668\" \/>\n\t<meta property=\"og:image:type\" content=\"image\/jpeg\" \/>\n<meta name=\"twitter:card\" content=\"summary_large_image\" \/>\n<meta name=\"twitter:site\" content=\"@nbc_bois\" \/>\n<meta name=\"twitter:label1\" content=\"Dur\u00e9e de lecture estim\u00e9e\" \/>\n\t<meta name=\"twitter:data1\" content=\"4 minutes\" \/>\n<script type=\"application\/ld+json\" class=\"yoast-schema-graph\">{\"@context\":\"https:\/\/schema.org\",\"@graph\":[{\"@type\":\"WebPage\",\"@id\":\"https:\/\/www.nature-bois-concept.com\/magazine\/terrasse-bois\/guides\/avant-achat\/fournitures-accessoires\/hapax-fixing-pro-fixation-invisible\/\",\"url\":\"https:\/\/www.nature-bois-concept.com\/magazine\/terrasse-bois\/guides\/avant-achat\/fournitures-accessoires\/hapax-fixing-pro-fixation-invisible\/\",\"name\":\"Hapax Fixing Pro, la fixation invisible sans les clips\",\"isPartOf\":{\"@id\":\"https:\/\/www.nature-bois-concept.com\/magazine\/#website\"},\"primaryImageOfPage\":{\"@id\":\"https:\/\/www.nature-bois-concept.com\/magazine\/terrasse-bois\/guides\/avant-achat\/fournitures-accessoires\/hapax-fixing-pro-fixation-invisible\/#primaryimage\"},\"image\":{\"@id\":\"https:\/\/www.nature-bois-concept.com\/magazine\/terrasse-bois\/guides\/avant-achat\/fournitures-accessoires\/hapax-fixing-pro-fixation-invisible\/#primaryimage\"},\"thumbnailUrl\":\"https:\/\/www.nature-bois-concept.com\/magazine\/wp-content\/uploads\/2016\/06\/terrasse-bois-cumaru-fixation-hapax.jpg\",\"datePublished\":\"2016-06-29T08:13:32+00:00\",\"dateModified\":\"2025-02-26T13:52:33+00:00\",\"description\":\"Fixation invisible pour terrasse bois, l'Hapax Fixing Pro est la r\u00e9f\u00e9rence pour fixer vos lames de terrasse bois sans faire appara\u00eetre une seule vis.\",\"breadcrumb\":{\"@id\":\"https:\/\/www.nature-bois-concept.com\/magazine\/terrasse-bois\/guides\/avant-achat\/fournitures-accessoires\/hapax-fixing-pro-fixation-invisible\/#breadcrumb\"},\"inLanguage\":\"fr-FR\",\"potentialAction\":[{\"@type\":\"ReadAction\",\"target\":[\"https:\/\/www.nature-bois-concept.com\/magazine\/terrasse-bois\/guides\/avant-achat\/fournitures-accessoires\/hapax-fixing-pro-fixation-invisible\/\"]}]},{\"@type\":\"ImageObject\",\"inLanguage\":\"fr-FR\",\"@id\":\"https:\/\/www.nature-bois-concept.com\/magazine\/terrasse-bois\/guides\/avant-achat\/fournitures-accessoires\/hapax-fixing-pro-fixation-invisible\/#primaryimage\",\"url\":\"https:\/\/www.nature-bois-concept.com\/magazine\/wp-content\/uploads\/2016\/06\/terrasse-bois-cumaru-fixation-hapax.jpg\",\"contentUrl\":\"https:\/\/www.nature-bois-concept.com\/magazine\/wp-content\/uploads\/2016\/06\/terrasse-bois-cumaru-fixation-hapax.jpg\",\"width\":1620,\"height\":668,\"caption\":\"terraase bois en fixation invisible hapax fixing pro bois exotique cumaru\"},{\"@type\":\"BreadcrumbList\",\"@id\":\"https:\/\/www.nature-bois-concept.com\/magazine\/terrasse-bois\/guides\/avant-achat\/fournitures-accessoires\/hapax-fixing-pro-fixation-invisible\/#breadcrumb\",\"itemListElement\":[{\"@type\":\"ListItem\",\"position\":1,\"name\":\"Magazine NBC\",\"item\":\"https:\/\/www.nature-bois-concept.com\/magazine\/\"},{\"@type\":\"ListItem\",\"position\":2,\"name\":\"Terrasse bois\",\"item\":\"https:\/\/www.nature-bois-concept.com\/magazine\/terrasse-bois\/\"},{\"@type\":\"ListItem\",\"position\":3,\"name\":\"Nos guides sur la Terrasse\",\"item\":\"https:\/\/www.nature-bois-concept.com\/magazine\/terrasse-bois\/guides\/\"},{\"@type\":\"ListItem\",\"position\":4,\"name\":\"Tout ce qu&rsquo;il faut savoir avant l&rsquo;achat de sa Terrasse\",\"item\":\"https:\/\/www.nature-bois-concept.com\/magazine\/terrasse-bois\/guides\/avant-achat\/\"},{\"@type\":\"ListItem\",\"position\":5,\"name\":\"Quels fournitures et accessoires pour votre terrasse bois\",\"item\":\"https:\/\/www.nature-bois-concept.com\/magazine\/terrasse-bois\/guides\/avant-achat\/fournitures-accessoires\/\"},{\"@type\":\"ListItem\",\"position\":6,\"name\":\"Hapax Fixing Pro, la fixation invisible sans les clips\"}]},{\"@type\":\"WebSite\",\"@id\":\"https:\/\/www.nature-bois-concept.com\/magazine\/#website\",\"url\":\"https:\/\/www.nature-bois-concept.com\/magazine\/\",\"name\":\"Magazine Nature Bois Concept\",\"description\":\"En association avec Nature Bois Concept\",\"potentialAction\":[{\"@type\":\"SearchAction\",\"target\":{\"@type\":\"EntryPoint\",\"urlTemplate\":\"https:\/\/www.nature-bois-concept.com\/magazine\/?s={search_term_string}\"},\"query-input\":\"required name=search_term_string\"}],\"inLanguage\":\"fr-FR\"}]}<\/script>\n<!-- \/ Yoast SEO plugin. -->","yoast_head_json":{"title":"Hapax Fixing Pro, la fixation invisible sans les clips","description":"Fixation invisible pour terrasse bois, l'Hapax Fixing Pro est la r\u00e9f\u00e9rence pour fixer vos lames de terrasse bois sans faire appara\u00eetre une seule vis.","robots":{"index":"index","follow":"follow","max-snippet":"max-snippet:-1","max-image-preview":"max-image-preview:large","max-video-preview":"max-video-preview:-1"},"canonical":"https:\/\/www.nature-bois-concept.com\/magazine\/terrasse-bois\/guides\/avant-achat\/fournitures-accessoires\/hapax-fixing-pro-fixation-invisible\/","og_locale":"fr_FR","og_type":"article","og_title":"Hapax Fixing Pro, la fixation invisible sans les clips","og_description":"Fixation invisible pour terrasse bois, l'Hapax Fixing Pro est la r\u00e9f\u00e9rence pour fixer vos lames de terrasse bois sans faire appara\u00eetre une seule vis.","og_url":"https:\/\/www.nature-bois-concept.com\/magazine\/terrasse-bois\/guides\/avant-achat\/fournitures-accessoires\/hapax-fixing-pro-fixation-invisible\/","og_site_name":"Magazine Nature Bois Concept","article_publisher":"https:\/\/www.facebook.com\/Nature-Bois-Concept-1596307970584169\/","article_modified_time":"2025-02-26T13:52:33+00:00","og_image":[{"width":1620,"height":668,"url":"https:\/\/www.nature-bois-concept.com\/magazine\/wp-content\/uploads\/2016\/06\/terrasse-bois-cumaru-fixation-hapax.jpg","type":"image\/jpeg"}],"twitter_card":"summary_large_image","twitter_site":"@nbc_bois","twitter_misc":{"Dur\u00e9e de lecture estim\u00e9e":"4 minutes"},"schema":{"@context":"https:\/\/schema.org","@graph":[{"@type":"WebPage","@id":"https:\/\/www.nature-bois-concept.com\/magazine\/terrasse-bois\/guides\/avant-achat\/fournitures-accessoires\/hapax-fixing-pro-fixation-invisible\/","url":"https:\/\/www.nature-bois-concept.com\/magazine\/terrasse-bois\/guides\/avant-achat\/fournitures-accessoires\/hapax-fixing-pro-fixation-invisible\/","name":"Hapax Fixing Pro, la fixation invisible sans les clips","isPartOf":{"@id":"https:\/\/www.nature-bois-concept.com\/magazine\/#website"},"primaryImageOfPage":{"@id":"https:\/\/www.nature-bois-concept.com\/magazine\/terrasse-bois\/guides\/avant-achat\/fournitures-accessoires\/hapax-fixing-pro-fixation-invisible\/#primaryimage"},"image":{"@id":"https:\/\/www.nature-bois-concept.com\/magazine\/terrasse-bois\/guides\/avant-achat\/fournitures-accessoires\/hapax-fixing-pro-fixation-invisible\/#primaryimage"},"thumbnailUrl":"https:\/\/www.nature-bois-concept.com\/magazine\/wp-content\/uploads\/2016\/06\/terrasse-bois-cumaru-fixation-hapax.jpg","datePublished":"2016-06-29T08:13:32+00:00","dateModified":"2025-02-26T13:52:33+00:00","description":"Fixation invisible pour terrasse bois, l'Hapax Fixing Pro est la r\u00e9f\u00e9rence pour fixer vos lames de terrasse bois sans faire appara\u00eetre une seule vis.","breadcrumb":{"@id":"https:\/\/www.nature-bois-concept.com\/magazine\/terrasse-bois\/guides\/avant-achat\/fournitures-accessoires\/hapax-fixing-pro-fixation-invisible\/#breadcrumb"},"inLanguage":"fr-FR","potentialAction":[{"@type":"ReadAction","target":["https:\/\/www.nature-bois-concept.com\/magazine\/terrasse-bois\/guides\/avant-achat\/fournitures-accessoires\/hapax-fixing-pro-fixation-invisible\/"]}]},{"@type":"ImageObject","inLanguage":"fr-FR","@id":"https:\/\/www.nature-bois-concept.com\/magazine\/terrasse-bois\/guides\/avant-achat\/fournitures-accessoires\/hapax-fixing-pro-fixation-invisible\/#primaryimage","url":"https:\/\/www.nature-bois-concept.com\/magazine\/wp-content\/uploads\/2016\/06\/terrasse-bois-cumaru-fixation-hapax.jpg","contentUrl":"https:\/\/www.nature-bois-concept.com\/magazine\/wp-content\/uploads\/2016\/06\/terrasse-bois-cumaru-fixation-hapax.jpg","width":1620,"height":668,"caption":"terraase bois en fixation invisible hapax fixing pro bois exotique cumaru"},{"@type":"BreadcrumbList","@id":"https:\/\/www.nature-bois-concept.com\/magazine\/terrasse-bois\/guides\/avant-achat\/fournitures-accessoires\/hapax-fixing-pro-fixation-invisible\/#breadcrumb","itemListElement":[{"@type":"ListItem","position":1,"name":"Magazine NBC","item":"https:\/\/www.nature-bois-concept.com\/magazine\/"},{"@type":"ListItem","position":2,"name":"Terrasse bois","item":"https:\/\/www.nature-bois-concept.com\/magazine\/terrasse-bois\/"},{"@type":"ListItem","position":3,"name":"Nos guides sur la Terrasse","item":"https:\/\/www.nature-bois-concept.com\/magazine\/terrasse-bois\/guides\/"},{"@type":"ListItem","position":4,"name":"Tout ce qu&rsquo;il faut savoir avant l&rsquo;achat de sa Terrasse","item":"https:\/\/www.nature-bois-concept.com\/magazine\/terrasse-bois\/guides\/avant-achat\/"},{"@type":"ListItem","position":5,"name":"Quels fournitures et accessoires pour votre terrasse bois","item":"https:\/\/www.nature-bois-concept.com\/magazine\/terrasse-bois\/guides\/avant-achat\/fournitures-accessoires\/"},{"@type":"ListItem","position":6,"name":"Hapax Fixing Pro, la fixation invisible sans les clips"}]},{"@type":"WebSite","@id":"https:\/\/www.nature-bois-concept.com\/magazine\/#website","url":"https:\/\/www.nature-bois-concept.com\/magazine\/","name":"Magazine Nature Bois Concept","description":"En association avec Nature Bois Concept","potentialAction":[{"@type":"SearchAction","target":{"@type":"EntryPoint","urlTemplate":"https:\/\/www.nature-bois-concept.com\/magazine\/?s={search_term_string}"},"query-input":"required name=search_term_string"}],"inLanguage":"fr-FR"}]}},"_links":{"self":[{"href":"https:\/\/www.nature-bois-concept.com\/magazine\/wp-json\/wp\/v2\/pages\/678"}],"collection":[{"href":"https:\/\/www.nature-bois-concept.com\/magazine\/wp-json\/wp\/v2\/pages"}],"about":[{"href":"https:\/\/www.nature-bois-concept.com\/magazine\/wp-json\/wp\/v2\/types\/page"}],"author":[{"embeddable":true,"href":"https:\/\/www.nature-bois-concept.com\/magazine\/wp-json\/wp\/v2\/users\/2"}],"replies":[{"embeddable":true,"href":"https:\/\/www.nature-bois-concept.com\/magazine\/wp-json\/wp\/v2\/comments?post=678"}],"version-history":[{"count":17,"href":"https:\/\/www.nature-bois-concept.com\/magazine\/wp-json\/wp\/v2\/pages\/678\/revisions"}],"predecessor-version":[{"id":7627,"href":"https:\/\/www.nature-bois-concept.com\/magazine\/wp-json\/wp\/v2\/pages\/678\/revisions\/7627"}],"up":[{"embeddable":true,"href":"https:\/\/www.nature-bois-concept.com\/magazine\/wp-json\/wp\/v2\/pages\/565"}],"wp:featuredmedia":[{"embeddable":true,"href":"https:\/\/www.nature-bois-concept.com\/magazine\/wp-json\/wp\/v2\/media\/1455"}],"wp:attachment":[{"href":"https:\/\/www.nature-bois-concept.com\/magazine\/wp-json\/wp\/v2\/media?parent=678"}],"curies":[{"name":"wp","href":"https:\/\/api.w.org\/{rel}","templated":true}]}}