{"id":6768,"date":"2022-11-17T14:34:56","date_gmt":"2022-11-17T13:34:56","guid":{"rendered":"https:\/\/www.nature-bois-concept.com\/magazine\/?page_id=6768"},"modified":"2025-03-06T14:56:18","modified_gmt":"2025-03-06T13:56:18","slug":"isolation-bardage-exterieur-bois","status":"publish","type":"page","link":"https:\/\/www.nature-bois-concept.com\/magazine\/bardage-bois\/guides\/isolation-bardage-exterieur-bois\/","title":{"rendered":"Isoler sa maison par l&rsquo;ext\u00e9rieur avec un bardage en bois"},"content":{"rendered":"","protected":false},"excerpt":{"rendered":"","protected":false},"author":12,"featured_media":6799,"parent":580,"menu_order":0,"comment_status":"closed","ping_status":"closed","template":"","meta":{"_acf_changed":false,"footnotes":""},"acf":[],"yoast_head":"<!-- This site is optimized with the Yoast SEO plugin v22.4 - https:\/\/yoast.com\/wordpress\/plugins\/seo\/ -->\n<title>Comment isoler sa maison gr\u00e2ce \u00e0 un bardage en bois ext\u00e9rieur ?<\/title>\n<meta name=\"description\" content=\"Un bardage en bois permet d\u2019isoler son logement par l\u2019ext\u00e9rieur. D\u00e9couvrez comment et quelles aides sont disponibles !\" \/>\n<meta name=\"robots\" content=\"index, follow, max-snippet:-1, max-image-preview:large, max-video-preview:-1\" \/>\n<link rel=\"canonical\" href=\"https:\/\/www.nature-bois-concept.com\/magazine\/bardage-bois\/guides\/isolation-bardage-exterieur-bois\/\" \/>\n<meta property=\"og:locale\" content=\"fr_FR\" \/>\n<meta property=\"og:type\" content=\"article\" \/>\n<meta property=\"og:title\" content=\"Comment isoler sa maison gr\u00e2ce \u00e0 un bardage en bois ext\u00e9rieur ?\" \/>\n<meta property=\"og:description\" content=\"Un bardage en bois permet d\u2019isoler son logement par l\u2019ext\u00e9rieur. D\u00e9couvrez comment et quelles aides sont disponibles !\" \/>\n<meta property=\"og:url\" content=\"https:\/\/www.nature-bois-concept.com\/magazine\/bardage-bois\/guides\/isolation-bardage-exterieur-bois\/\" \/>\n<meta property=\"og:site_name\" content=\"Magazine Nature Bois Concept\" \/>\n<meta property=\"article:publisher\" content=\"https:\/\/www.facebook.com\/Nature-Bois-Concept-1596307970584169\/\" \/>\n<meta property=\"article:modified_time\" content=\"2025-03-06T13:56:18+00:00\" \/>\n<meta property=\"og:image\" content=\"https:\/\/www.nature-bois-concept.com\/magazine\/wp-content\/uploads\/2022\/11\/bardage-resineuxWP.jpg\" \/>\n\t<meta property=\"og:image:width\" content=\"1900\" \/>\n\t<meta property=\"og:image:height\" content=\"400\" \/>\n\t<meta property=\"og:image:type\" content=\"image\/jpeg\" \/>\n<meta name=\"twitter:card\" content=\"summary_large_image\" \/>\n<meta name=\"twitter:site\" content=\"@nbc_bois\" \/>\n<meta name=\"twitter:label1\" content=\"Dur\u00e9e de lecture estim\u00e9e\" \/>\n\t<meta name=\"twitter:data1\" content=\"1 minute\" \/>\n<script type=\"application\/ld+json\" class=\"yoast-schema-graph\">{\"@context\":\"https:\/\/schema.org\",\"@graph\":[{\"@type\":\"WebPage\",\"@id\":\"https:\/\/www.nature-bois-concept.com\/magazine\/bardage-bois\/guides\/isolation-bardage-exterieur-bois\/\",\"url\":\"https:\/\/www.nature-bois-concept.com\/magazine\/bardage-bois\/guides\/isolation-bardage-exterieur-bois\/\",\"name\":\"Comment isoler sa maison gr\u00e2ce \u00e0 un bardage en bois ext\u00e9rieur ?\",\"isPartOf\":{\"@id\":\"https:\/\/www.nature-bois-concept.com\/magazine\/#website\"},\"primaryImageOfPage\":{\"@id\":\"https:\/\/www.nature-bois-concept.com\/magazine\/bardage-bois\/guides\/isolation-bardage-exterieur-bois\/#primaryimage\"},\"image\":{\"@id\":\"https:\/\/www.nature-bois-concept.com\/magazine\/bardage-bois\/guides\/isolation-bardage-exterieur-bois\/#primaryimage\"},\"thumbnailUrl\":\"https:\/\/www.nature-bois-concept.com\/magazine\/wp-content\/uploads\/2022\/11\/bardage-resineuxWP.jpg\",\"datePublished\":\"2022-11-17T13:34:56+00:00\",\"dateModified\":\"2025-03-06T13:56:18+00:00\",\"description\":\"Un bardage en bois permet d\u2019isoler son logement par l\u2019ext\u00e9rieur. D\u00e9couvrez comment et quelles aides sont disponibles !\",\"breadcrumb\":{\"@id\":\"https:\/\/www.nature-bois-concept.com\/magazine\/bardage-bois\/guides\/isolation-bardage-exterieur-bois\/#breadcrumb\"},\"inLanguage\":\"fr-FR\",\"potentialAction\":[{\"@type\":\"ReadAction\",\"target\":[\"https:\/\/www.nature-bois-concept.com\/magazine\/bardage-bois\/guides\/isolation-bardage-exterieur-bois\/\"]}]},{\"@type\":\"ImageObject\",\"inLanguage\":\"fr-FR\",\"@id\":\"https:\/\/www.nature-bois-concept.com\/magazine\/bardage-bois\/guides\/isolation-bardage-exterieur-bois\/#primaryimage\",\"url\":\"https:\/\/www.nature-bois-concept.com\/magazine\/wp-content\/uploads\/2022\/11\/bardage-resineuxWP.jpg\",\"contentUrl\":\"https:\/\/www.nature-bois-concept.com\/magazine\/wp-content\/uploads\/2022\/11\/bardage-resineuxWP.jpg\",\"width\":1900,\"height\":400,\"caption\":\"Isoler sa maison par l'ext\u00e9rieur avec un bardage en bois\"},{\"@type\":\"BreadcrumbList\",\"@id\":\"https:\/\/www.nature-bois-concept.com\/magazine\/bardage-bois\/guides\/isolation-bardage-exterieur-bois\/#breadcrumb\",\"itemListElement\":[{\"@type\":\"ListItem\",\"position\":1,\"name\":\"Magazine NBC\",\"item\":\"https:\/\/www.nature-bois-concept.com\/magazine\/\"},{\"@type\":\"ListItem\",\"position\":2,\"name\":\"Bardage bois\",\"item\":\"https:\/\/www.nature-bois-concept.com\/magazine\/bardage-bois\/\"},{\"@type\":\"ListItem\",\"position\":3,\"name\":\"Guide Bardage Bois\",\"item\":\"https:\/\/www.nature-bois-concept.com\/magazine\/bardage-bois\/guides\/\"},{\"@type\":\"ListItem\",\"position\":4,\"name\":\"Isoler sa maison par l&rsquo;ext\u00e9rieur avec un bardage en bois\"}]},{\"@type\":\"WebSite\",\"@id\":\"https:\/\/www.nature-bois-concept.com\/magazine\/#website\",\"url\":\"https:\/\/www.nature-bois-concept.com\/magazine\/\",\"name\":\"Magazine Nature Bois Concept\",\"description\":\"En association avec Nature Bois Concept\",\"potentialAction\":[{\"@type\":\"SearchAction\",\"target\":{\"@type\":\"EntryPoint\",\"urlTemplate\":\"https:\/\/www.nature-bois-concept.com\/magazine\/?s={search_term_string}\"},\"query-input\":\"required name=search_term_string\"}],\"inLanguage\":\"fr-FR\"}]}<\/script>\n<!-- \/ Yoast SEO plugin. -->","yoast_head_json":{"title":"Comment isoler sa maison gr\u00e2ce \u00e0 un bardage en bois ext\u00e9rieur ?","description":"Un bardage en bois permet d\u2019isoler son logement par l\u2019ext\u00e9rieur. D\u00e9couvrez comment et quelles aides sont disponibles !","robots":{"index":"index","follow":"follow","max-snippet":"max-snippet:-1","max-image-preview":"max-image-preview:large","max-video-preview":"max-video-preview:-1"},"canonical":"https:\/\/www.nature-bois-concept.com\/magazine\/bardage-bois\/guides\/isolation-bardage-exterieur-bois\/","og_locale":"fr_FR","og_type":"article","og_title":"Comment isoler sa maison gr\u00e2ce \u00e0 un bardage en bois ext\u00e9rieur ?","og_description":"Un bardage en bois permet d\u2019isoler son logement par l\u2019ext\u00e9rieur. D\u00e9couvrez comment et quelles aides sont disponibles !","og_url":"https:\/\/www.nature-bois-concept.com\/magazine\/bardage-bois\/guides\/isolation-bardage-exterieur-bois\/","og_site_name":"Magazine Nature Bois Concept","article_publisher":"https:\/\/www.facebook.com\/Nature-Bois-Concept-1596307970584169\/","article_modified_time":"2025-03-06T13:56:18+00:00","og_image":[{"width":1900,"height":400,"url":"https:\/\/www.nature-bois-concept.com\/magazine\/wp-content\/uploads\/2022\/11\/bardage-resineuxWP.jpg","type":"image\/jpeg"}],"twitter_card":"summary_large_image","twitter_site":"@nbc_bois","twitter_misc":{"Dur\u00e9e de lecture estim\u00e9e":"1 minute"},"schema":{"@context":"https:\/\/schema.org","@graph":[{"@type":"WebPage","@id":"https:\/\/www.nature-bois-concept.com\/magazine\/bardage-bois\/guides\/isolation-bardage-exterieur-bois\/","url":"https:\/\/www.nature-bois-concept.com\/magazine\/bardage-bois\/guides\/isolation-bardage-exterieur-bois\/","name":"Comment isoler sa maison gr\u00e2ce \u00e0 un bardage en bois ext\u00e9rieur ?","isPartOf":{"@id":"https:\/\/www.nature-bois-concept.com\/magazine\/#website"},"primaryImageOfPage":{"@id":"https:\/\/www.nature-bois-concept.com\/magazine\/bardage-bois\/guides\/isolation-bardage-exterieur-bois\/#primaryimage"},"image":{"@id":"https:\/\/www.nature-bois-concept.com\/magazine\/bardage-bois\/guides\/isolation-bardage-exterieur-bois\/#primaryimage"},"thumbnailUrl":"https:\/\/www.nature-bois-concept.com\/magazine\/wp-content\/uploads\/2022\/11\/bardage-resineuxWP.jpg","datePublished":"2022-11-17T13:34:56+00:00","dateModified":"2025-03-06T13:56:18+00:00","description":"Un bardage en bois permet d\u2019isoler son logement par l\u2019ext\u00e9rieur. D\u00e9couvrez comment et quelles aides sont disponibles !","breadcrumb":{"@id":"https:\/\/www.nature-bois-concept.com\/magazine\/bardage-bois\/guides\/isolation-bardage-exterieur-bois\/#breadcrumb"},"inLanguage":"fr-FR","potentialAction":[{"@type":"ReadAction","target":["https:\/\/www.nature-bois-concept.com\/magazine\/bardage-bois\/guides\/isolation-bardage-exterieur-bois\/"]}]},{"@type":"ImageObject","inLanguage":"fr-FR","@id":"https:\/\/www.nature-bois-concept.com\/magazine\/bardage-bois\/guides\/isolation-bardage-exterieur-bois\/#primaryimage","url":"https:\/\/www.nature-bois-concept.com\/magazine\/wp-content\/uploads\/2022\/11\/bardage-resineuxWP.jpg","contentUrl":"https:\/\/www.nature-bois-concept.com\/magazine\/wp-content\/uploads\/2022\/11\/bardage-resineuxWP.jpg","width":1900,"height":400,"caption":"Isoler sa maison par l'ext\u00e9rieur avec un bardage en bois"},{"@type":"BreadcrumbList","@id":"https:\/\/www.nature-bois-concept.com\/magazine\/bardage-bois\/guides\/isolation-bardage-exterieur-bois\/#breadcrumb","itemListElement":[{"@type":"ListItem","position":1,"name":"Magazine NBC","item":"https:\/\/www.nature-bois-concept.com\/magazine\/"},{"@type":"ListItem","position":2,"name":"Bardage bois","item":"https:\/\/www.nature-bois-concept.com\/magazine\/bardage-bois\/"},{"@type":"ListItem","position":3,"name":"Guide Bardage Bois","item":"https:\/\/www.nature-bois-concept.com\/magazine\/bardage-bois\/guides\/"},{"@type":"ListItem","position":4,"name":"Isoler sa maison par l&rsquo;ext\u00e9rieur avec un bardage en bois"}]},{"@type":"WebSite","@id":"https:\/\/www.nature-bois-concept.com\/magazine\/#website","url":"https:\/\/www.nature-bois-concept.com\/magazine\/","name":"Magazine Nature Bois Concept","description":"En association avec Nature Bois Concept","potentialAction":[{"@type":"SearchAction","target":{"@type":"EntryPoint","urlTemplate":"https:\/\/www.nature-bois-concept.com\/magazine\/?s={search_term_string}"},"query-input":"required name=search_term_string"}],"inLanguage":"fr-FR"}]}},"_links":{"self":[{"href":"https:\/\/www.nature-bois-concept.com\/magazine\/wp-json\/wp\/v2\/pages\/6768"}],"collection":[{"href":"https:\/\/www.nature-bois-concept.com\/magazine\/wp-json\/wp\/v2\/pages"}],"about":[{"href":"https:\/\/www.nature-bois-concept.com\/magazine\/wp-json\/wp\/v2\/types\/page"}],"author":[{"embeddable":true,"href":"https:\/\/www.nature-bois-concept.com\/magazine\/wp-json\/wp\/v2\/users\/12"}],"replies":[{"embeddable":true,"href":"https:\/\/www.nature-bois-concept.com\/magazine\/wp-json\/wp\/v2\/comments?post=6768"}],"version-history":[{"count":12,"href":"https:\/\/www.nature-bois-concept.com\/magazine\/wp-json\/wp\/v2\/pages\/6768\/revisions"}],"predecessor-version":[{"id":7702,"href":"https:\/\/www.nature-bois-concept.com\/magazine\/wp-json\/wp\/v2\/pages\/6768\/revisions\/7702"}],"up":[{"embeddable":true,"href":"https:\/\/www.nature-bois-concept.com\/magazine\/wp-json\/wp\/v2\/pages\/580"}],"wp:featuredmedia":[{"embeddable":true,"href":"https:\/\/www.nature-bois-concept.com\/magazine\/wp-json\/wp\/v2\/media\/6799"}],"wp:attachment":[{"href":"https:\/\/www.nature-bois-concept.com\/magazine\/wp-json\/wp\/v2\/media?parent=6768"}],"curies":[{"name":"wp","href":"https:\/\/api.w.org\/{rel}","templated":true}]}}