{"id":673,"date":"2016-06-29T11:32:03","date_gmt":"2016-06-29T09:32:03","guid":{"rendered":"https:\/\/www.nature-bois-concept.com\/magazine\/?page_id=673"},"modified":"2024-05-27T18:23:11","modified_gmt":"2024-05-27T16:23:11","slug":"espaceur-terrasse-bois","status":"publish","type":"page","link":"https:\/\/www.nature-bois-concept.com\/magazine\/terrasse-bois\/guides\/avant-achat\/fournitures-accessoires\/espaceur-terrasse-bois\/","title":{"rendered":"L&rsquo;espaceur de lame, la garantie d&rsquo;une terrasse bien faite"},"content":{"rendered":"<p style=\"text-align: justify;\">Une terrasse de r\u00eave, \u00e7a ne s\u2019improvise pas. Avoir le bon <a href=\"https:\/\/www.nature-bois-concept.com\/magazine\/terrasse-bois\/guides\/avant-achat\/fournitures-accessoires\/\">mat\u00e9riel<\/a> pour la pose, c\u2019est le gage d\u2019une terrasse r\u00e9ussie. Avec l\u2019espaceur de lame, vous \u00eates s\u00fbr du r\u00e9sultat.<\/p>\n<h2>L\u2019espaceur de lame, un petit bout de plastique bien sympathique<\/h2>\n<p style=\"text-align: justify;\">Au premier abord, on se demande bien ce qu\u2019une petite croix en plastique peut nous apporter comme confort dans la pose de terrasse. Et pourtant, l\u2019espaceur de lame sera tr\u00e8s utile dans la r\u00e9ussite finale de votre terrasse. Pourquoi ? Tout simplement, parce qu\u2019il va rendre homog\u00e8ne l\u2019espace entre vos lames de terrasse, c\u2019est la garantie d\u2019une terrasse bien faite et esth\u00e9tique au regard et surtout il permet de respecter les conditions de pose, garant de la dur\u00e9e de vie de votre terrasse.<\/p>\n<p style=\"text-align: justify;\">Pour une finition optimis\u00e9e du carrelage, les poseurs utilisent des croisillons, afin que les joints soient tous de la m\u00eame largeur. Au m\u00eame titre que le carrelage, vos lames de terrasse devront avoir un espacement similaire afin d\u2019avoir un rendu esth\u00e9tique, mais pas seulement. On vous explique pourquoi.<\/p>\n<h2>Satisfaire les mouvements dimensionnels des lames<\/h2>\n<p style=\"text-align: justify;\">L\u2019espace de vos lames doit \u00eatre cr\u00e9\u00e9 pour pr\u00e9voir les mouvements dimensionnels des lames. Les saisons et variations d\u2019humidit\u00e9 entra\u00eenent le gonflement et le retrait du bois. Il faut donc un \u00e9cartement entre chaque lame afin d\u2019\u00e9viter des d\u00e9g\u00e2ts comme des lames d\u00e9chauss\u00e9es ou cass\u00e9es. L\u2019espace entre chaque lame sera d\u00e9termin\u00e9 par l\u2019essence du bois, l\u2019humidit\u00e9, la largeur de la lame, et les conditions climatiques du site. Avec l\u2019espaceur de lames, pas de probl\u00e8me au moment de la pose, l\u2019espace pr\u00e9conis\u00e9 est parfaitement respect\u00e9. La dur\u00e9e de vie de votre terrasse, bien pos\u00e9e, sera ainsi assur\u00e9e.<\/p>\n<p style=\"text-align: justify;\">L\u2019espaceur de lame de terrasse, qui ressemble \u00e9trangement aux croisillons de carreleur, vous permet de r\u00e9aliser un espacement plus ou moins large entre vos lames. L\u2019espaceur se compose de 4 c\u00f4t\u00e9s d\u2019\u00e9paisseurs diff\u00e9rentes. Ainsi, vous pourrez obtenir un espacement entre vos lames allant de 4 \u00e0 7 mm.<\/p>\n<h2>L\u2019espaceur de lame, mat\u00e9riel indispensable \u00e0 la pose de vos lames<\/h2>\n<p style=\"text-align: justify;\">Accessoire indispensable pour la pose d\u2019une terrasse, nous vous invitons \u00e0 vous \u00e9quiper sans plus attendre d\u2019espaceurs de lame, vous les retrouverez dans la rubrique mat\u00e9riel de pose de notre <a href=\"https:\/\/www.nature-bois-concept.com\/boutique\/terrasse-bois\/accessoire\/espaceurs\/74-espaceurs-lame-spax-4567mm\/\" target=\"_blank\" rel=\"noopener noreferrer\">boutique en ligne<\/a>.<\/p>\n","protected":false},"excerpt":{"rendered":"<p>Une terrasse de r\u00eave, \u00e7a ne s\u2019improvise pas. Avoir le bon mat\u00e9riel pour la pose, c\u2019est le gage d\u2019une terrasse r\u00e9ussie. Avec l\u2019espaceur de lame, vous \u00eates s\u00fbr du r\u00e9sultat. L\u2019espaceur de lame, un petit bout de plastique bien sympathique Au premier abord, on se demande bien ce qu\u2019une petite croix en plastique peut nous apporter comme confort dans la pose de terrasse. Et pourtant, l\u2019espaceur de lame sera tr\u00e8s&#8230;<\/p>\n","protected":false},"author":2,"featured_media":7161,"parent":565,"menu_order":6,"comment_status":"closed","ping_status":"closed","template":"","meta":{"_acf_changed":false,"footnotes":""},"acf":[],"yoast_head":"<!-- This site is optimized with the Yoast SEO plugin v22.4 - https:\/\/yoast.com\/wordpress\/plugins\/seo\/ -->\n<title>L&#039;espaceur de lame, la garantie d&#039;une terrasse bien faite<\/title>\n<meta name=\"description\" content=\"Pour vous assurez du bon d\u00e9roulement de la pose de votre terrasse bois, l&#039;espaceur est l\u2019accessoire de pose indispensable, voici pourquoi.\" \/>\n<meta name=\"robots\" content=\"index, follow, max-snippet:-1, max-image-preview:large, max-video-preview:-1\" \/>\n<link rel=\"canonical\" href=\"https:\/\/www.nature-bois-concept.com\/magazine\/terrasse-bois\/guides\/avant-achat\/fournitures-accessoires\/espaceur-terrasse-bois\/\" \/>\n<meta property=\"og:locale\" content=\"fr_FR\" \/>\n<meta property=\"og:type\" content=\"article\" \/>\n<meta property=\"og:title\" content=\"L&#039;espaceur de lame, la garantie d&#039;une terrasse bien faite\" \/>\n<meta property=\"og:description\" content=\"Pour vous assurez du bon d\u00e9roulement de la pose de votre terrasse bois, l&#039;espaceur est l\u2019accessoire de pose indispensable, voici pourquoi.\" \/>\n<meta property=\"og:url\" content=\"https:\/\/www.nature-bois-concept.com\/magazine\/terrasse-bois\/guides\/avant-achat\/fournitures-accessoires\/espaceur-terrasse-bois\/\" \/>\n<meta property=\"og:site_name\" content=\"Magazine Nature Bois Concept\" \/>\n<meta property=\"article:publisher\" content=\"https:\/\/www.facebook.com\/Nature-Bois-Concept-1596307970584169\/\" \/>\n<meta property=\"article:modified_time\" content=\"2024-05-27T16:23:11+00:00\" \/>\n<meta property=\"og:image\" content=\"https:\/\/www.nature-bois-concept.com\/magazine\/wp-content\/uploads\/2024\/03\/kit-montage-terrasse-bois-en-actionMAG.jpg\" \/>\n\t<meta property=\"og:image:width\" content=\"1900\" \/>\n\t<meta property=\"og:image:height\" content=\"400\" \/>\n\t<meta property=\"og:image:type\" content=\"image\/jpeg\" \/>\n<meta name=\"twitter:card\" content=\"summary_large_image\" \/>\n<meta name=\"twitter:site\" content=\"@nbc_bois\" \/>\n<meta name=\"twitter:label1\" content=\"Dur\u00e9e de lecture estim\u00e9e\" \/>\n\t<meta name=\"twitter:data1\" content=\"3 minutes\" \/>\n<script type=\"application\/ld+json\" class=\"yoast-schema-graph\">{\"@context\":\"https:\/\/schema.org\",\"@graph\":[{\"@type\":\"WebPage\",\"@id\":\"https:\/\/www.nature-bois-concept.com\/magazine\/terrasse-bois\/guides\/avant-achat\/fournitures-accessoires\/espaceur-terrasse-bois\/\",\"url\":\"https:\/\/www.nature-bois-concept.com\/magazine\/terrasse-bois\/guides\/avant-achat\/fournitures-accessoires\/espaceur-terrasse-bois\/\",\"name\":\"L'espaceur de lame, la garantie d'une terrasse bien faite\",\"isPartOf\":{\"@id\":\"https:\/\/www.nature-bois-concept.com\/magazine\/#website\"},\"primaryImageOfPage\":{\"@id\":\"https:\/\/www.nature-bois-concept.com\/magazine\/terrasse-bois\/guides\/avant-achat\/fournitures-accessoires\/espaceur-terrasse-bois\/#primaryimage\"},\"image\":{\"@id\":\"https:\/\/www.nature-bois-concept.com\/magazine\/terrasse-bois\/guides\/avant-achat\/fournitures-accessoires\/espaceur-terrasse-bois\/#primaryimage\"},\"thumbnailUrl\":\"https:\/\/www.nature-bois-concept.com\/magazine\/wp-content\/uploads\/2024\/03\/kit-montage-terrasse-bois-en-actionMAG.jpg\",\"datePublished\":\"2016-06-29T09:32:03+00:00\",\"dateModified\":\"2024-05-27T16:23:11+00:00\",\"description\":\"Pour vous assurez du bon d\u00e9roulement de la pose de votre terrasse bois, l'espaceur est l\u2019accessoire de pose indispensable, voici pourquoi.\",\"breadcrumb\":{\"@id\":\"https:\/\/www.nature-bois-concept.com\/magazine\/terrasse-bois\/guides\/avant-achat\/fournitures-accessoires\/espaceur-terrasse-bois\/#breadcrumb\"},\"inLanguage\":\"fr-FR\",\"potentialAction\":[{\"@type\":\"ReadAction\",\"target\":[\"https:\/\/www.nature-bois-concept.com\/magazine\/terrasse-bois\/guides\/avant-achat\/fournitures-accessoires\/espaceur-terrasse-bois\/\"]}]},{\"@type\":\"ImageObject\",\"inLanguage\":\"fr-FR\",\"@id\":\"https:\/\/www.nature-bois-concept.com\/magazine\/terrasse-bois\/guides\/avant-achat\/fournitures-accessoires\/espaceur-terrasse-bois\/#primaryimage\",\"url\":\"https:\/\/www.nature-bois-concept.com\/magazine\/wp-content\/uploads\/2024\/03\/kit-montage-terrasse-bois-en-actionMAG.jpg\",\"contentUrl\":\"https:\/\/www.nature-bois-concept.com\/magazine\/wp-content\/uploads\/2024\/03\/kit-montage-terrasse-bois-en-actionMAG.jpg\",\"width\":1900,\"height\":400,\"caption\":\"Espaceur de lame Spax pour pose de terrasse bois\"},{\"@type\":\"BreadcrumbList\",\"@id\":\"https:\/\/www.nature-bois-concept.com\/magazine\/terrasse-bois\/guides\/avant-achat\/fournitures-accessoires\/espaceur-terrasse-bois\/#breadcrumb\",\"itemListElement\":[{\"@type\":\"ListItem\",\"position\":1,\"name\":\"Magazine NBC\",\"item\":\"https:\/\/www.nature-bois-concept.com\/magazine\/\"},{\"@type\":\"ListItem\",\"position\":2,\"name\":\"Terrasse bois\",\"item\":\"https:\/\/www.nature-bois-concept.com\/magazine\/terrasse-bois\/\"},{\"@type\":\"ListItem\",\"position\":3,\"name\":\"Nos guides sur la Terrasse\",\"item\":\"https:\/\/www.nature-bois-concept.com\/magazine\/terrasse-bois\/guides\/\"},{\"@type\":\"ListItem\",\"position\":4,\"name\":\"Tout ce qu&rsquo;il faut savoir avant l&rsquo;achat de sa Terrasse\",\"item\":\"https:\/\/www.nature-bois-concept.com\/magazine\/terrasse-bois\/guides\/avant-achat\/\"},{\"@type\":\"ListItem\",\"position\":5,\"name\":\"Quels fournitures et accessoires pour votre terrasse bois\",\"item\":\"https:\/\/www.nature-bois-concept.com\/magazine\/terrasse-bois\/guides\/avant-achat\/fournitures-accessoires\/\"},{\"@type\":\"ListItem\",\"position\":6,\"name\":\"L&rsquo;espaceur de lame, la garantie d&rsquo;une terrasse bien faite\"}]},{\"@type\":\"WebSite\",\"@id\":\"https:\/\/www.nature-bois-concept.com\/magazine\/#website\",\"url\":\"https:\/\/www.nature-bois-concept.com\/magazine\/\",\"name\":\"Magazine Nature Bois Concept\",\"description\":\"En association avec Nature Bois Concept\",\"potentialAction\":[{\"@type\":\"SearchAction\",\"target\":{\"@type\":\"EntryPoint\",\"urlTemplate\":\"https:\/\/www.nature-bois-concept.com\/magazine\/?s={search_term_string}\"},\"query-input\":\"required name=search_term_string\"}],\"inLanguage\":\"fr-FR\"}]}<\/script>\n<!-- \/ Yoast SEO plugin. -->","yoast_head_json":{"title":"L'espaceur de lame, la garantie d'une terrasse bien faite","description":"Pour vous assurez du bon d\u00e9roulement de la pose de votre terrasse bois, l'espaceur est l\u2019accessoire de pose indispensable, voici pourquoi.","robots":{"index":"index","follow":"follow","max-snippet":"max-snippet:-1","max-image-preview":"max-image-preview:large","max-video-preview":"max-video-preview:-1"},"canonical":"https:\/\/www.nature-bois-concept.com\/magazine\/terrasse-bois\/guides\/avant-achat\/fournitures-accessoires\/espaceur-terrasse-bois\/","og_locale":"fr_FR","og_type":"article","og_title":"L'espaceur de lame, la garantie d'une terrasse bien faite","og_description":"Pour vous assurez du bon d\u00e9roulement de la pose de votre terrasse bois, l'espaceur est l\u2019accessoire de pose indispensable, voici pourquoi.","og_url":"https:\/\/www.nature-bois-concept.com\/magazine\/terrasse-bois\/guides\/avant-achat\/fournitures-accessoires\/espaceur-terrasse-bois\/","og_site_name":"Magazine Nature Bois Concept","article_publisher":"https:\/\/www.facebook.com\/Nature-Bois-Concept-1596307970584169\/","article_modified_time":"2024-05-27T16:23:11+00:00","og_image":[{"width":1900,"height":400,"url":"https:\/\/www.nature-bois-concept.com\/magazine\/wp-content\/uploads\/2024\/03\/kit-montage-terrasse-bois-en-actionMAG.jpg","type":"image\/jpeg"}],"twitter_card":"summary_large_image","twitter_site":"@nbc_bois","twitter_misc":{"Dur\u00e9e de lecture estim\u00e9e":"3 minutes"},"schema":{"@context":"https:\/\/schema.org","@graph":[{"@type":"WebPage","@id":"https:\/\/www.nature-bois-concept.com\/magazine\/terrasse-bois\/guides\/avant-achat\/fournitures-accessoires\/espaceur-terrasse-bois\/","url":"https:\/\/www.nature-bois-concept.com\/magazine\/terrasse-bois\/guides\/avant-achat\/fournitures-accessoires\/espaceur-terrasse-bois\/","name":"L'espaceur de lame, la garantie d'une terrasse bien faite","isPartOf":{"@id":"https:\/\/www.nature-bois-concept.com\/magazine\/#website"},"primaryImageOfPage":{"@id":"https:\/\/www.nature-bois-concept.com\/magazine\/terrasse-bois\/guides\/avant-achat\/fournitures-accessoires\/espaceur-terrasse-bois\/#primaryimage"},"image":{"@id":"https:\/\/www.nature-bois-concept.com\/magazine\/terrasse-bois\/guides\/avant-achat\/fournitures-accessoires\/espaceur-terrasse-bois\/#primaryimage"},"thumbnailUrl":"https:\/\/www.nature-bois-concept.com\/magazine\/wp-content\/uploads\/2024\/03\/kit-montage-terrasse-bois-en-actionMAG.jpg","datePublished":"2016-06-29T09:32:03+00:00","dateModified":"2024-05-27T16:23:11+00:00","description":"Pour vous assurez du bon d\u00e9roulement de la pose de votre terrasse bois, l'espaceur est l\u2019accessoire de pose indispensable, voici pourquoi.","breadcrumb":{"@id":"https:\/\/www.nature-bois-concept.com\/magazine\/terrasse-bois\/guides\/avant-achat\/fournitures-accessoires\/espaceur-terrasse-bois\/#breadcrumb"},"inLanguage":"fr-FR","potentialAction":[{"@type":"ReadAction","target":["https:\/\/www.nature-bois-concept.com\/magazine\/terrasse-bois\/guides\/avant-achat\/fournitures-accessoires\/espaceur-terrasse-bois\/"]}]},{"@type":"ImageObject","inLanguage":"fr-FR","@id":"https:\/\/www.nature-bois-concept.com\/magazine\/terrasse-bois\/guides\/avant-achat\/fournitures-accessoires\/espaceur-terrasse-bois\/#primaryimage","url":"https:\/\/www.nature-bois-concept.com\/magazine\/wp-content\/uploads\/2024\/03\/kit-montage-terrasse-bois-en-actionMAG.jpg","contentUrl":"https:\/\/www.nature-bois-concept.com\/magazine\/wp-content\/uploads\/2024\/03\/kit-montage-terrasse-bois-en-actionMAG.jpg","width":1900,"height":400,"caption":"Espaceur de lame Spax pour pose de terrasse bois"},{"@type":"BreadcrumbList","@id":"https:\/\/www.nature-bois-concept.com\/magazine\/terrasse-bois\/guides\/avant-achat\/fournitures-accessoires\/espaceur-terrasse-bois\/#breadcrumb","itemListElement":[{"@type":"ListItem","position":1,"name":"Magazine NBC","item":"https:\/\/www.nature-bois-concept.com\/magazine\/"},{"@type":"ListItem","position":2,"name":"Terrasse bois","item":"https:\/\/www.nature-bois-concept.com\/magazine\/terrasse-bois\/"},{"@type":"ListItem","position":3,"name":"Nos guides sur la Terrasse","item":"https:\/\/www.nature-bois-concept.com\/magazine\/terrasse-bois\/guides\/"},{"@type":"ListItem","position":4,"name":"Tout ce qu&rsquo;il faut savoir avant l&rsquo;achat de sa Terrasse","item":"https:\/\/www.nature-bois-concept.com\/magazine\/terrasse-bois\/guides\/avant-achat\/"},{"@type":"ListItem","position":5,"name":"Quels fournitures et accessoires pour votre terrasse bois","item":"https:\/\/www.nature-bois-concept.com\/magazine\/terrasse-bois\/guides\/avant-achat\/fournitures-accessoires\/"},{"@type":"ListItem","position":6,"name":"L&rsquo;espaceur de lame, la garantie d&rsquo;une terrasse bien faite"}]},{"@type":"WebSite","@id":"https:\/\/www.nature-bois-concept.com\/magazine\/#website","url":"https:\/\/www.nature-bois-concept.com\/magazine\/","name":"Magazine Nature Bois Concept","description":"En association avec Nature Bois Concept","potentialAction":[{"@type":"SearchAction","target":{"@type":"EntryPoint","urlTemplate":"https:\/\/www.nature-bois-concept.com\/magazine\/?s={search_term_string}"},"query-input":"required name=search_term_string"}],"inLanguage":"fr-FR"}]}},"_links":{"self":[{"href":"https:\/\/www.nature-bois-concept.com\/magazine\/wp-json\/wp\/v2\/pages\/673"}],"collection":[{"href":"https:\/\/www.nature-bois-concept.com\/magazine\/wp-json\/wp\/v2\/pages"}],"about":[{"href":"https:\/\/www.nature-bois-concept.com\/magazine\/wp-json\/wp\/v2\/types\/page"}],"author":[{"embeddable":true,"href":"https:\/\/www.nature-bois-concept.com\/magazine\/wp-json\/wp\/v2\/users\/2"}],"replies":[{"embeddable":true,"href":"https:\/\/www.nature-bois-concept.com\/magazine\/wp-json\/wp\/v2\/comments?post=673"}],"version-history":[{"count":14,"href":"https:\/\/www.nature-bois-concept.com\/magazine\/wp-json\/wp\/v2\/pages\/673\/revisions"}],"predecessor-version":[{"id":7168,"href":"https:\/\/www.nature-bois-concept.com\/magazine\/wp-json\/wp\/v2\/pages\/673\/revisions\/7168"}],"up":[{"embeddable":true,"href":"https:\/\/www.nature-bois-concept.com\/magazine\/wp-json\/wp\/v2\/pages\/565"}],"wp:featuredmedia":[{"embeddable":true,"href":"https:\/\/www.nature-bois-concept.com\/magazine\/wp-json\/wp\/v2\/media\/7161"}],"wp:attachment":[{"href":"https:\/\/www.nature-bois-concept.com\/magazine\/wp-json\/wp\/v2\/media?parent=673"}],"curies":[{"name":"wp","href":"https:\/\/api.w.org\/{rel}","templated":true}]}}