{"id":667,"date":"2016-06-29T11:12:45","date_gmt":"2016-06-29T09:12:45","guid":{"rendered":"https:\/\/www.nature-bois-concept.com\/magazine\/?page_id=667"},"modified":"2021-08-17T16:28:10","modified_gmt":"2021-08-17T14:28:10","slug":"choix-longueur-lame-terrasse-bois","status":"publish","type":"page","link":"https:\/\/www.nature-bois-concept.com\/magazine\/terrasse-bois\/guides\/avant-achat\/choisir-sa-terrasse\/choix-longueur-lame-terrasse-bois\/","title":{"rendered":"Quelle longueur de lame de terrasse choisir pour votre platelage bois"},"content":{"rendered":"<p>R\u00e9guli\u00e8rement interrog\u00e9s sur la longueur des lames que nous vous proposons, nous avons voulu vous apporter notre expertise sur ce <a href=\"https:\/\/www.nature-bois-concept.com\/magazine\/terrasse-bois\/guides\/avant-achat\/choisir-sa-terrasse\/\">choix de terrasse<\/a>. On esp\u00e8re que cet article vous permettra \u00e0 l\u2019avenir de mieux choisir vos lames de terrasse, mais aussi vous aidera \u00e0 mieux comprendre notre m\u00e9tier d\u2019importateur et de vendeur de bois.<\/p>\n<h2>Quelles sont les longueurs disponibles ?<\/h2>\n<p><img loading=\"lazy\" decoding=\"async\" class=\"aligncenter size-full wp-image-1400\" src=\"https:\/\/www.nature-bois-concept.com\/magazine\/wp-content\/uploads\/2016\/06\/2-13.jpg\" alt=\"2\" width=\"1200\" height=\"496\" srcset=\"https:\/\/www.nature-bois-concept.com\/magazine\/wp-content\/uploads\/2016\/06\/2-13.jpg 1200w, https:\/\/www.nature-bois-concept.com\/magazine\/wp-content\/uploads\/2016\/06\/2-13-300x124.jpg 300w, https:\/\/www.nature-bois-concept.com\/magazine\/wp-content\/uploads\/2016\/06\/2-13-768x317.jpg 768w, https:\/\/www.nature-bois-concept.com\/magazine\/wp-content\/uploads\/2016\/06\/2-13-1024x423.jpg 1024w, https:\/\/www.nature-bois-concept.com\/magazine\/wp-content\/uploads\/2016\/06\/2-13-1060x438.jpg 1060w\" sizes=\"(max-width: 1200px) 100vw, 1200px\" \/><\/p>\n<p>Importateur et n\u00e9gociant en bois avec plus de 30 ans d\u2019exp\u00e9rience, <a href=\"https:\/\/www.nature-bois-concept.com\/fr\/a-propos\/\" target=\"_blank\" rel=\"noopener noreferrer\">Nature Bois Concept<\/a> vous propose des longueurs de 0,95 \u00e0 6,10 m\u00e8tres. Comme l\u2019ensemble des professionnels du secteur de l\u2019importation, nous travaillons avec la mesure anglo-saxonne \u00ab le Pied \u00bb. C\u2019est pour cette raison que vous avez des \u00e9carts de 30 centim\u00e8tres entre chaque longueur, un pied \u00e9quivalant \u00e0 cette mesure.<\/p>\n<p>Parmi les 18 longueurs standardis\u00e9es, nous avons d\u00e9termin\u00e9 des longueurs dites cour\u00e7ons de 0.95 m \u00e0 1.55 m souvent moins ch\u00e8res, et des grandes longueurs de 1.85 m \u00e0 6.10 m (suivant les essences). Cette particularit\u00e9 est pr\u00e9sente uniquement sur les essences exotiques, les bois r\u00e9sineux et thermo-chauff\u00e9s n\u2019\u00e9tant pas produits en longueur inf\u00e9rieure \u00e0 2.70 m pour des raisons techniques.<\/p>\n<h3>Les longueurs suivant les essences :<\/h3>\n<p>Les essences exotiques :<\/p>\n<ul>\n<li>Ip\u00e9 \/ Cumaru \/ Itauba \/ Massaranduba : de 0.95 m \u00e0 6.10 m<\/li>\n<\/ul>\n<p>Les essences r\u00e9sineuses :<\/p>\n<ul>\n<li>Pin Sylvestre : de 2.70 m \u00e0 5.80 m<\/li>\n<li>M\u00e9l\u00e8ze : de 2.70 m \u00e0 6.10 m<\/li>\n<li>Red Cedar : de 2.70 m \u00e0 4.00 m<\/li>\n<\/ul>\n<p>Les essences feuillues :<\/p>\n<ul>\n<li>Fr\u00eane THT : de 2.10 m \u00e0 3.60 m<\/li>\n<\/ul>\n<h3>Quant \u00e0 la longueur des lames de terrasse en composite, comment est-elle d\u00e9finie ?<\/h3>\n<p>Les lames de terrasse composite \u00e9tant des produits transform\u00e9s, leur longueur d\u00e9pend de chaque fournisseur. G\u00e9n\u00e9ralement entre 2 et 3 m\u00e8tres cette longueur est visible sur la fiche produit de la lame de terrasse.<\/p>\n<h2>Ce choix est-il d\u00e9terminant ?<\/h2>\n<p>Le choix de la longueur des lames n\u2019est pas un \u00e9l\u00e9ment cl\u00e9 de la r\u00e9alisation de votre terrasse bois. N\u00e9anmoins, nous pouvons se poser quelques questions sachant qu\u2019il va influencer votre r\u00e9alisation sur plusieurs points.<\/p>\n<h3>Le prix\u00a0 des lames de terrasse :<\/h3>\n<p>Avec une variation de 7 \u00e0 35% entre le prix des lames de grandes et petites longueurs, le choix des lames de terrasse est tout d\u2019abord financier.<\/p>\n<h3>La technicit\u00e9 de la pose :<\/h3>\n<p>Suivant votre technique de pose, vous choisirez des lames plus ou moins longues (voir les <a href=\"https:\/\/www.nature-bois-concept.com\/magazine\/terrasse-bois\/guides\/avant-achat\/technique-pose-terrasse-bois\/\" target=\"_blank\" rel=\"noopener noreferrer\">techniques de pose<\/a> qui existent pour la terrasse bois). Le niveau de difficult\u00e9 de pose variera selon votre choix.<\/p>\n<h3>Les chutes :<\/h3>\n<p>Les chutes sont li\u00e9es \u00e0 la fois \u00e0 votre technique de pose mais aussi aux dimensions de votre terrasse. Il est important de prendre en compte un pourcentage plus ou moins important suivant la complexit\u00e9 de votre r\u00e9alisation.<\/p>\n<h3>L\u2019aspect esth\u00e9tique :<\/h3>\n<p>Dans un dernier temps l\u2019aspect esth\u00e9tique va \u00eatre influenc\u00e9 avec la longueur des lames. En effet, le r\u00e9sultat sera diff\u00e9rent selon votre choix de longueur et de pose de vos lames.<\/p>\n<p>Notre expertise : Privil\u00e9giez une pose type parquet afin d\u2019avoir le moins de chutes possible, tout en gardant une terrasse esth\u00e9tique.<\/p>\n<h2>L\u2019aboutement des lames est-il d\u00e9rangeant ?<\/h2>\n<p>L\u2019aboutage n\u2019est pas un probl\u00e8me, mettre une lame d\u2019un seul tenant n\u2019est pas forc\u00e9ment la meilleure solution que ce soit d\u2019un point de vue technique ou bien esth\u00e9tique, et cela pour plusieurs raisons.<\/p>\n<p>Les lames longues sont plus rares, par ce fait elles sont plus ch\u00e8res. Plus compliqu\u00e9es \u00e0 manipuler car plus encombrantes et plus lourdes, elles s\u2019av\u00e8rent plus difficiles \u00e0 mettre en \u0153uvre. De plus les lames longues sont potentiellement moins droites que des lames d\u2019une longueur plus raisonnable (2.45m). C\u2019est pourquoi nous vous conseillons d\u2019utiliser un serre-lame pour des longueurs de plus de 4m afin de pouvoir maintenir les lames lors de la pose.<\/p>\n<p><strong>Notre expertise<\/strong> : Il est donc plus facile d\u2019utiliser des lames de taille normale entre 1,85m et 2,90m qui sont bien droites et bien plus pratiques \u00e0 mettre en \u0153uvre.<\/p>\n<p><img loading=\"lazy\" decoding=\"async\" class=\"aligncenter size-full wp-image-1399\" src=\"https:\/\/www.nature-bois-concept.com\/magazine\/wp-content\/uploads\/2016\/06\/image-article-11.jpg\" alt=\"image-article\" width=\"1200\" height=\"496\" srcset=\"https:\/\/www.nature-bois-concept.com\/magazine\/wp-content\/uploads\/2016\/06\/image-article-11.jpg 1200w, https:\/\/www.nature-bois-concept.com\/magazine\/wp-content\/uploads\/2016\/06\/image-article-11-300x124.jpg 300w, https:\/\/www.nature-bois-concept.com\/magazine\/wp-content\/uploads\/2016\/06\/image-article-11-768x317.jpg 768w, https:\/\/www.nature-bois-concept.com\/magazine\/wp-content\/uploads\/2016\/06\/image-article-11-1024x423.jpg 1024w, https:\/\/www.nature-bois-concept.com\/magazine\/wp-content\/uploads\/2016\/06\/image-article-11-1060x438.jpg 1060w\" sizes=\"(max-width: 1200px) 100vw, 1200px\" \/><\/p>\n<h2>Comment s\u2019effectue le choix ?<\/h2>\n<p>En r\u00e9alisant d\u00e8s maintenant votre <a href=\"https:\/\/www.nature-bois-concept.com\/terrasse-bois-devis-en-ligne.php\" target=\"_blank\" rel=\"noopener noreferrer\">devis<\/a> sur notre site internet vous recevrez un premier devis avec un prix pour les lames de terrasse qui correspond \u00e0 des longueurs entre 1,85m \u00e0 6,10m. Ce devis indique donc l\u2019ensemble des longueurs disponibles. Votre commande sera pr\u00e9par\u00e9e \u00e9quitablement selon le stock disponible.<\/p>\n<p>Si vous ne savez pas vers quelle longueur vous tourner, vous avez la possibilit\u00e9 de nous envoyer vos plans pour que nous puissions vous guider sur le choix de la longueur ainsi que sur l\u2019ensemble de votre quantitatif. Nous nous chargerons ensuite d\u2019\u00e9diter votre devis en tenant compte des dimensions de votre terrasse mais aussi de ces contraintes techniques, dans le but de vous faciliter la pose en minimisant les chutes.<\/p>\n","protected":false},"excerpt":{"rendered":"<p>R\u00e9guli\u00e8rement interrog\u00e9s sur la longueur des lames que nous vous proposons, nous avons voulu vous apporter notre expertise sur ce choix de terrasse. On esp\u00e8re que cet article vous permettra \u00e0 l\u2019avenir de mieux choisir vos lames de terrasse, mais aussi vous aidera \u00e0 mieux comprendre notre m\u00e9tier d\u2019importateur et de vendeur de bois. Quelles sont les longueurs disponibles ? Importateur et n\u00e9gociant en bois avec plus de 30 ans&#8230;<\/p>\n","protected":false},"author":2,"featured_media":1401,"parent":564,"menu_order":10,"comment_status":"closed","ping_status":"closed","template":"","meta":{"_acf_changed":false,"footnotes":""},"acf":[],"yoast_head":"<!-- This site is optimized with the Yoast SEO plugin v22.4 - https:\/\/yoast.com\/wordpress\/plugins\/seo\/ -->\n<title>Quelle longueur de lame de terrasse choisir ?<\/title>\n<meta name=\"description\" content=\"Comment d\u00e9finir la longueur des lames de terrasse \u00e0 choisir et\u00a0quel est le choix disponible ? Le magazine Nature Bois Concept vous guide dans votre choix.\" \/>\n<meta name=\"robots\" content=\"index, follow, max-snippet:-1, max-image-preview:large, max-video-preview:-1\" \/>\n<link rel=\"canonical\" href=\"https:\/\/www.nature-bois-concept.com\/magazine\/terrasse-bois\/guides\/avant-achat\/choisir-sa-terrasse\/choix-longueur-lame-terrasse-bois\/\" \/>\n<meta property=\"og:locale\" content=\"fr_FR\" \/>\n<meta property=\"og:type\" content=\"article\" \/>\n<meta property=\"og:title\" content=\"Quelle longueur de lame de terrasse choisir ?\" \/>\n<meta property=\"og:description\" content=\"Comment d\u00e9finir la longueur des lames de terrasse \u00e0 choisir et\u00a0quel est le choix disponible ? Le magazine Nature Bois Concept vous guide dans votre choix.\" \/>\n<meta property=\"og:url\" content=\"https:\/\/www.nature-bois-concept.com\/magazine\/terrasse-bois\/guides\/avant-achat\/choisir-sa-terrasse\/choix-longueur-lame-terrasse-bois\/\" \/>\n<meta property=\"og:site_name\" content=\"Magazine Nature Bois Concept\" \/>\n<meta property=\"article:publisher\" content=\"https:\/\/www.facebook.com\/Nature-Bois-Concept-1596307970584169\/\" \/>\n<meta property=\"article:modified_time\" content=\"2021-08-17T14:28:10+00:00\" \/>\n<meta property=\"og:image\" content=\"https:\/\/www.nature-bois-concept.com\/magazine\/wp-content\/uploads\/2016\/06\/image-a-la-une-20.jpg\" \/>\n\t<meta property=\"og:image:width\" content=\"1620\" \/>\n\t<meta property=\"og:image:height\" content=\"668\" \/>\n\t<meta property=\"og:image:type\" content=\"image\/jpeg\" \/>\n<meta name=\"twitter:card\" content=\"summary_large_image\" \/>\n<meta name=\"twitter:site\" content=\"@nbc_bois\" \/>\n<meta name=\"twitter:label1\" content=\"Dur\u00e9e de lecture estim\u00e9e\" \/>\n\t<meta name=\"twitter:data1\" content=\"4 minutes\" \/>\n<script type=\"application\/ld+json\" class=\"yoast-schema-graph\">{\"@context\":\"https:\/\/schema.org\",\"@graph\":[{\"@type\":\"WebPage\",\"@id\":\"https:\/\/www.nature-bois-concept.com\/magazine\/terrasse-bois\/guides\/avant-achat\/choisir-sa-terrasse\/choix-longueur-lame-terrasse-bois\/\",\"url\":\"https:\/\/www.nature-bois-concept.com\/magazine\/terrasse-bois\/guides\/avant-achat\/choisir-sa-terrasse\/choix-longueur-lame-terrasse-bois\/\",\"name\":\"Quelle longueur de lame de terrasse choisir ?\",\"isPartOf\":{\"@id\":\"https:\/\/www.nature-bois-concept.com\/magazine\/#website\"},\"primaryImageOfPage\":{\"@id\":\"https:\/\/www.nature-bois-concept.com\/magazine\/terrasse-bois\/guides\/avant-achat\/choisir-sa-terrasse\/choix-longueur-lame-terrasse-bois\/#primaryimage\"},\"image\":{\"@id\":\"https:\/\/www.nature-bois-concept.com\/magazine\/terrasse-bois\/guides\/avant-achat\/choisir-sa-terrasse\/choix-longueur-lame-terrasse-bois\/#primaryimage\"},\"thumbnailUrl\":\"https:\/\/www.nature-bois-concept.com\/magazine\/wp-content\/uploads\/2016\/06\/image-a-la-une-20.jpg\",\"datePublished\":\"2016-06-29T09:12:45+00:00\",\"dateModified\":\"2021-08-17T14:28:10+00:00\",\"description\":\"Comment d\u00e9finir la longueur des lames de terrasse \u00e0 choisir et\u00a0quel est le choix disponible ? Le magazine Nature Bois Concept vous guide dans votre choix.\",\"breadcrumb\":{\"@id\":\"https:\/\/www.nature-bois-concept.com\/magazine\/terrasse-bois\/guides\/avant-achat\/choisir-sa-terrasse\/choix-longueur-lame-terrasse-bois\/#breadcrumb\"},\"inLanguage\":\"fr-FR\",\"potentialAction\":[{\"@type\":\"ReadAction\",\"target\":[\"https:\/\/www.nature-bois-concept.com\/magazine\/terrasse-bois\/guides\/avant-achat\/choisir-sa-terrasse\/choix-longueur-lame-terrasse-bois\/\"]}]},{\"@type\":\"ImageObject\",\"inLanguage\":\"fr-FR\",\"@id\":\"https:\/\/www.nature-bois-concept.com\/magazine\/terrasse-bois\/guides\/avant-achat\/choisir-sa-terrasse\/choix-longueur-lame-terrasse-bois\/#primaryimage\",\"url\":\"https:\/\/www.nature-bois-concept.com\/magazine\/wp-content\/uploads\/2016\/06\/image-a-la-une-20.jpg\",\"contentUrl\":\"https:\/\/www.nature-bois-concept.com\/magazine\/wp-content\/uploads\/2016\/06\/image-a-la-une-20.jpg\",\"width\":1620,\"height\":668,\"caption\":\"terrasse et jardin\"},{\"@type\":\"BreadcrumbList\",\"@id\":\"https:\/\/www.nature-bois-concept.com\/magazine\/terrasse-bois\/guides\/avant-achat\/choisir-sa-terrasse\/choix-longueur-lame-terrasse-bois\/#breadcrumb\",\"itemListElement\":[{\"@type\":\"ListItem\",\"position\":1,\"name\":\"Magazine NBC\",\"item\":\"https:\/\/www.nature-bois-concept.com\/magazine\/\"},{\"@type\":\"ListItem\",\"position\":2,\"name\":\"Terrasse bois\",\"item\":\"https:\/\/www.nature-bois-concept.com\/magazine\/terrasse-bois\/\"},{\"@type\":\"ListItem\",\"position\":3,\"name\":\"Nos guides sur la Terrasse\",\"item\":\"https:\/\/www.nature-bois-concept.com\/magazine\/terrasse-bois\/guides\/\"},{\"@type\":\"ListItem\",\"position\":4,\"name\":\"Tout ce qu&rsquo;il faut savoir avant l&rsquo;achat de sa Terrasse\",\"item\":\"https:\/\/www.nature-bois-concept.com\/magazine\/terrasse-bois\/guides\/avant-achat\/\"},{\"@type\":\"ListItem\",\"position\":5,\"name\":\"Choisir sa terrasse bois\",\"item\":\"https:\/\/www.nature-bois-concept.com\/magazine\/terrasse-bois\/guides\/avant-achat\/choisir-sa-terrasse\/\"},{\"@type\":\"ListItem\",\"position\":6,\"name\":\"Quelle longueur de lame de terrasse choisir pour votre platelage bois\"}]},{\"@type\":\"WebSite\",\"@id\":\"https:\/\/www.nature-bois-concept.com\/magazine\/#website\",\"url\":\"https:\/\/www.nature-bois-concept.com\/magazine\/\",\"name\":\"Magazine Nature Bois Concept\",\"description\":\"En association avec Nature Bois Concept\",\"potentialAction\":[{\"@type\":\"SearchAction\",\"target\":{\"@type\":\"EntryPoint\",\"urlTemplate\":\"https:\/\/www.nature-bois-concept.com\/magazine\/?s={search_term_string}\"},\"query-input\":\"required name=search_term_string\"}],\"inLanguage\":\"fr-FR\"}]}<\/script>\n<!-- \/ Yoast SEO plugin. -->","yoast_head_json":{"title":"Quelle longueur de lame de terrasse choisir ?","description":"Comment d\u00e9finir la longueur des lames de terrasse \u00e0 choisir et\u00a0quel est le choix disponible ? Le magazine Nature Bois Concept vous guide dans votre choix.","robots":{"index":"index","follow":"follow","max-snippet":"max-snippet:-1","max-image-preview":"max-image-preview:large","max-video-preview":"max-video-preview:-1"},"canonical":"https:\/\/www.nature-bois-concept.com\/magazine\/terrasse-bois\/guides\/avant-achat\/choisir-sa-terrasse\/choix-longueur-lame-terrasse-bois\/","og_locale":"fr_FR","og_type":"article","og_title":"Quelle longueur de lame de terrasse choisir ?","og_description":"Comment d\u00e9finir la longueur des lames de terrasse \u00e0 choisir et\u00a0quel est le choix disponible ? Le magazine Nature Bois Concept vous guide dans votre choix.","og_url":"https:\/\/www.nature-bois-concept.com\/magazine\/terrasse-bois\/guides\/avant-achat\/choisir-sa-terrasse\/choix-longueur-lame-terrasse-bois\/","og_site_name":"Magazine Nature Bois Concept","article_publisher":"https:\/\/www.facebook.com\/Nature-Bois-Concept-1596307970584169\/","article_modified_time":"2021-08-17T14:28:10+00:00","og_image":[{"width":1620,"height":668,"url":"https:\/\/www.nature-bois-concept.com\/magazine\/wp-content\/uploads\/2016\/06\/image-a-la-une-20.jpg","type":"image\/jpeg"}],"twitter_card":"summary_large_image","twitter_site":"@nbc_bois","twitter_misc":{"Dur\u00e9e de lecture estim\u00e9e":"4 minutes"},"schema":{"@context":"https:\/\/schema.org","@graph":[{"@type":"WebPage","@id":"https:\/\/www.nature-bois-concept.com\/magazine\/terrasse-bois\/guides\/avant-achat\/choisir-sa-terrasse\/choix-longueur-lame-terrasse-bois\/","url":"https:\/\/www.nature-bois-concept.com\/magazine\/terrasse-bois\/guides\/avant-achat\/choisir-sa-terrasse\/choix-longueur-lame-terrasse-bois\/","name":"Quelle longueur de lame de terrasse choisir ?","isPartOf":{"@id":"https:\/\/www.nature-bois-concept.com\/magazine\/#website"},"primaryImageOfPage":{"@id":"https:\/\/www.nature-bois-concept.com\/magazine\/terrasse-bois\/guides\/avant-achat\/choisir-sa-terrasse\/choix-longueur-lame-terrasse-bois\/#primaryimage"},"image":{"@id":"https:\/\/www.nature-bois-concept.com\/magazine\/terrasse-bois\/guides\/avant-achat\/choisir-sa-terrasse\/choix-longueur-lame-terrasse-bois\/#primaryimage"},"thumbnailUrl":"https:\/\/www.nature-bois-concept.com\/magazine\/wp-content\/uploads\/2016\/06\/image-a-la-une-20.jpg","datePublished":"2016-06-29T09:12:45+00:00","dateModified":"2021-08-17T14:28:10+00:00","description":"Comment d\u00e9finir la longueur des lames de terrasse \u00e0 choisir et\u00a0quel est le choix disponible ? Le magazine Nature Bois Concept vous guide dans votre choix.","breadcrumb":{"@id":"https:\/\/www.nature-bois-concept.com\/magazine\/terrasse-bois\/guides\/avant-achat\/choisir-sa-terrasse\/choix-longueur-lame-terrasse-bois\/#breadcrumb"},"inLanguage":"fr-FR","potentialAction":[{"@type":"ReadAction","target":["https:\/\/www.nature-bois-concept.com\/magazine\/terrasse-bois\/guides\/avant-achat\/choisir-sa-terrasse\/choix-longueur-lame-terrasse-bois\/"]}]},{"@type":"ImageObject","inLanguage":"fr-FR","@id":"https:\/\/www.nature-bois-concept.com\/magazine\/terrasse-bois\/guides\/avant-achat\/choisir-sa-terrasse\/choix-longueur-lame-terrasse-bois\/#primaryimage","url":"https:\/\/www.nature-bois-concept.com\/magazine\/wp-content\/uploads\/2016\/06\/image-a-la-une-20.jpg","contentUrl":"https:\/\/www.nature-bois-concept.com\/magazine\/wp-content\/uploads\/2016\/06\/image-a-la-une-20.jpg","width":1620,"height":668,"caption":"terrasse et jardin"},{"@type":"BreadcrumbList","@id":"https:\/\/www.nature-bois-concept.com\/magazine\/terrasse-bois\/guides\/avant-achat\/choisir-sa-terrasse\/choix-longueur-lame-terrasse-bois\/#breadcrumb","itemListElement":[{"@type":"ListItem","position":1,"name":"Magazine NBC","item":"https:\/\/www.nature-bois-concept.com\/magazine\/"},{"@type":"ListItem","position":2,"name":"Terrasse bois","item":"https:\/\/www.nature-bois-concept.com\/magazine\/terrasse-bois\/"},{"@type":"ListItem","position":3,"name":"Nos guides sur la Terrasse","item":"https:\/\/www.nature-bois-concept.com\/magazine\/terrasse-bois\/guides\/"},{"@type":"ListItem","position":4,"name":"Tout ce qu&rsquo;il faut savoir avant l&rsquo;achat de sa Terrasse","item":"https:\/\/www.nature-bois-concept.com\/magazine\/terrasse-bois\/guides\/avant-achat\/"},{"@type":"ListItem","position":5,"name":"Choisir sa terrasse bois","item":"https:\/\/www.nature-bois-concept.com\/magazine\/terrasse-bois\/guides\/avant-achat\/choisir-sa-terrasse\/"},{"@type":"ListItem","position":6,"name":"Quelle longueur de lame de terrasse choisir pour votre platelage bois"}]},{"@type":"WebSite","@id":"https:\/\/www.nature-bois-concept.com\/magazine\/#website","url":"https:\/\/www.nature-bois-concept.com\/magazine\/","name":"Magazine Nature Bois Concept","description":"En association avec Nature Bois Concept","potentialAction":[{"@type":"SearchAction","target":{"@type":"EntryPoint","urlTemplate":"https:\/\/www.nature-bois-concept.com\/magazine\/?s={search_term_string}"},"query-input":"required name=search_term_string"}],"inLanguage":"fr-FR"}]}},"_links":{"self":[{"href":"https:\/\/www.nature-bois-concept.com\/magazine\/wp-json\/wp\/v2\/pages\/667"}],"collection":[{"href":"https:\/\/www.nature-bois-concept.com\/magazine\/wp-json\/wp\/v2\/pages"}],"about":[{"href":"https:\/\/www.nature-bois-concept.com\/magazine\/wp-json\/wp\/v2\/types\/page"}],"author":[{"embeddable":true,"href":"https:\/\/www.nature-bois-concept.com\/magazine\/wp-json\/wp\/v2\/users\/2"}],"replies":[{"embeddable":true,"href":"https:\/\/www.nature-bois-concept.com\/magazine\/wp-json\/wp\/v2\/comments?post=667"}],"version-history":[{"count":12,"href":"https:\/\/www.nature-bois-concept.com\/magazine\/wp-json\/wp\/v2\/pages\/667\/revisions"}],"predecessor-version":[{"id":6337,"href":"https:\/\/www.nature-bois-concept.com\/magazine\/wp-json\/wp\/v2\/pages\/667\/revisions\/6337"}],"up":[{"embeddable":true,"href":"https:\/\/www.nature-bois-concept.com\/magazine\/wp-json\/wp\/v2\/pages\/564"}],"wp:featuredmedia":[{"embeddable":true,"href":"https:\/\/www.nature-bois-concept.com\/magazine\/wp-json\/wp\/v2\/media\/1401"}],"wp:attachment":[{"href":"https:\/\/www.nature-bois-concept.com\/magazine\/wp-json\/wp\/v2\/media?parent=667"}],"curies":[{"name":"wp","href":"https:\/\/api.w.org\/{rel}","templated":true}]}}