{"id":666,"date":"2016-06-29T10:24:00","date_gmt":"2016-06-29T08:24:00","guid":{"rendered":"https:\/\/www.nature-bois-concept.com\/magazine\/?page_id=666"},"modified":"2018-09-27T09:06:01","modified_gmt":"2018-09-27T07:06:01","slug":"lames-lames-de-terrasse-lisses-ou-rainurees","status":"publish","type":"page","link":"https:\/\/www.nature-bois-concept.com\/magazine\/terrasse-bois\/guides\/avant-achat\/choisir-sa-terrasse\/lames-lames-de-terrasse-lisses-ou-rainurees\/","title":{"rendered":"Lames lisses ou rainur\u00e9es, les lames de terrasse bois sont-elles glissantes ?"},"content":{"rendered":"<p>Mat\u00e9riau tendance, le bois vous a convaincu pour son aspect chaleureux, son esth\u00e9tique et son authenticit\u00e9\u2026 Autour de votre piscine, <a href=\"https:\/\/www.nature-bois-concept.com\/magazine\/terrasse-bois\/guides\/avant-achat\/choisir-sa-terrasse\/\">le choix d&rsquo;une terrasse en bois<\/a> exotique vous semble \u00eatre la meilleure solution pour recouvrir votre dalle en b\u00e9ton.<\/p>\n<p>Votre d\u00e9cision est arr\u00eat\u00e9e et vous avez choisi l\u2019essence de bois, une question vous reste n\u00e9anmoins encore \u00e0 l\u2019esprit.<\/p>\n<h2>Dois-je choisir des lames stri\u00e9es autour d\u2019une piscine pour leur effet antid\u00e9rapant ?<\/h2>\n<p>A partir du moment ou un choix existe, il est normal de se poser la question. Lames lisses ou lames stri\u00e9es ? Quel type de lames est le mieux adapt\u00e9 ?<\/p>\n<p><img loading=\"lazy\" decoding=\"async\" class=\"aligncenter size-full wp-image-1394\" src=\"https:\/\/www.nature-bois-concept.com\/magazine\/wp-content\/uploads\/2016\/06\/image-article-10.jpg\" alt=\"image-article\" width=\"1200\" height=\"496\" srcset=\"https:\/\/www.nature-bois-concept.com\/magazine\/wp-content\/uploads\/2016\/06\/image-article-10.jpg 1200w, https:\/\/www.nature-bois-concept.com\/magazine\/wp-content\/uploads\/2016\/06\/image-article-10-300x124.jpg 300w, https:\/\/www.nature-bois-concept.com\/magazine\/wp-content\/uploads\/2016\/06\/image-article-10-768x317.jpg 768w, https:\/\/www.nature-bois-concept.com\/magazine\/wp-content\/uploads\/2016\/06\/image-article-10-1024x423.jpg 1024w, https:\/\/www.nature-bois-concept.com\/magazine\/wp-content\/uploads\/2016\/06\/image-article-10-1060x438.jpg 1060w\" sizes=\"(max-width: 1200px) 100vw, 1200px\" \/><\/p>\n<h2>Les lames stri\u00e9es sont-elles vraiment antid\u00e9rapantes ?<\/h2>\n<p>On aurait tendance \u00e0 penser que oui, les lames stri\u00e9es sont moins glissantes que les lames lisses. Mais en pratique ce n\u2019est pas le cas, elles s\u2019av\u00e8rent m\u00eame \u00eatre davantage glissantes.<\/p>\n<p>En effet, gorg\u00e9es d\u2019eau, les stries provoquent un effet d\u2019aquaplaning. Les mati\u00e8res organiques vont se d\u00e9velopper plus facilement dans ces fentes que sur une surface lisse. Cette mati\u00e8re organique, sous forme de poussi\u00e8re, va se d\u00e9poser avec le temps sur votre terrasse sans m\u00eame que vous ne vous en aperceviez. Elle est la cause du caract\u00e8re glissant des lames. C\u2019est aussi elle qui peut cr\u00e9er, apr\u00e8s plusieurs ann\u00e9es sans entretien, une mousse verte d\u00e9sagr\u00e9able.<\/p>\n<h2>Alors que faire pour ne pas glisser sur sa terrasse bois ?<\/h2>\n<p>Pour ne pas glisser sur votre terrasse bois, l\u2019essentiel est de s\u2019assurer de son bon entretien. Comme celui d\u2019une terrasse en carrelage ou en pierre, vous devez nettoyer votre terrasse en bois \u00e0 l\u2018aide d\u2019une eau savonneuse et d\u2019un balai brosse ou bien d\u2019un nettoyeur \u00e0 haute pression, tout en prenant les pr\u00e9cautions n\u00e9cessaires pour ne pas d\u00e9grader vos lames avec la pression (maintenez une pression faible ou mod\u00e9r\u00e9e et gardez une distance d\u2019au moins 70 cm avec les lames).<\/p>\n<p>Une fois d\u00e9barrass\u00e9es des diff\u00e9rentes couches de salet\u00e9, vous retrouverez des lames sur lesquelles vous n\u2019aurez plus peur de glisser.<\/p>\n<h2>Mais alors pourquoi choisir des lames stri\u00e9es ?<\/h2>\n<p><img loading=\"lazy\" decoding=\"async\" class=\"aligncenter size-full wp-image-1395\" src=\"https:\/\/www.nature-bois-concept.com\/magazine\/wp-content\/uploads\/2016\/06\/2-12.jpg\" alt=\"2\" width=\"1200\" height=\"496\" srcset=\"https:\/\/www.nature-bois-concept.com\/magazine\/wp-content\/uploads\/2016\/06\/2-12.jpg 1200w, https:\/\/www.nature-bois-concept.com\/magazine\/wp-content\/uploads\/2016\/06\/2-12-300x124.jpg 300w, https:\/\/www.nature-bois-concept.com\/magazine\/wp-content\/uploads\/2016\/06\/2-12-768x317.jpg 768w, https:\/\/www.nature-bois-concept.com\/magazine\/wp-content\/uploads\/2016\/06\/2-12-1024x423.jpg 1024w, https:\/\/www.nature-bois-concept.com\/magazine\/wp-content\/uploads\/2016\/06\/2-12-1060x438.jpg 1060w\" sizes=\"(max-width: 1200px) 100vw, 1200px\" \/><\/p>\n<p>&nbsp;<\/p>\n<p>Au final, c\u2019est tout simplement une question de go\u00fbt, ces profils vont chacun apporter \u00e0 votre terrasse leurs aspects. Au visuel, la lame lisse fera ressortir les nuances et couleurs de votre bois alors qu\u2019une lame stri\u00e9e les att\u00e9nuera.<\/p>\n<p>On remarque aussi avec une vue d\u2019ensemble, que les lames stri\u00e9es vont venir casser une surface gr\u00e2ce aux multiples lignes de leurs stries alors que les lisses donneront une surface homog\u00e8ne qui viendra grandir visuellement votre terrasse bois.<\/p>\n<h3>Notre avis<\/h3>\n<p>Aujourd\u2019hui, une grande tendance existe pour les lames lisses. Chez Nature Bois Concept nous les pr\u00e9f\u00e9rons, car elles font ressortir le charme de chaque essence bois, plut\u00f4t que les lames stri\u00e9es qui l\u2019att\u00e9nuent et qui peuvent m\u00eame masquer des d\u00e9fauts de rabotage qui peuvent se ressentir au toucher.<\/p>\n<p>Maintenant que vous en savez plus sur leurs diff\u00e9rences, venez choisir le profil et l\u2019essence qui vous conviennent sur notre site o\u00f9 tous les profils de lame de terrasse s\u2019offrent \u00e0 vous.<\/p>\n<h2>Besoin d\u2019une forte adh\u00e9rence sur vos lames ?<\/h2>\n<p>Pour un escalier, une rampe, un ponton, pour une utilisation au sein d\u2019une collectivit\u00e9 ou dans le milieu industriel, vous avez besoin d\u2019une surface totalement antid\u00e9rapante par tous les temps ?<\/p>\n<p>Des saturateurs antid\u00e9rapants existent \u00e0 appliquer \u00e0 l\u2019aide d\u2019un rouleau ou bien d\u2019un pinceau de la m\u00eame mani\u00e8re qu\u2019un saturateur traditionnel. Ce produit une fois appliqu\u00e9 vous offrira une adh\u00e9rence optimale sur l\u2019ensemble de votre terrasse et prot\u00e8gera la couleur naturelle de votre bois.<\/p>\n<p>Si cette solution ne vous convient pas, des profils aluminium avec un rev\u00eatement min\u00e9ral existent. R\u00e9sistants \u00e0 l\u2019eau de mer, aux diff\u00e9rences thermiques, ainsi qu\u2019\u00e0 l\u2019usure et \u00e0 l\u2019arrachement, ces profils apportent \u00e0 votre platelage bois une adh\u00e9rence par tous les temps.<\/p>\n","protected":false},"excerpt":{"rendered":"<p>Mat\u00e9riau tendance, le bois vous a convaincu pour son aspect chaleureux, son esth\u00e9tique et son authenticit\u00e9\u2026 Autour de votre piscine, le choix d&rsquo;une terrasse en bois exotique vous semble \u00eatre la meilleure solution pour recouvrir votre dalle en b\u00e9ton. Votre d\u00e9cision est arr\u00eat\u00e9e et vous avez choisi l\u2019essence de bois, une question vous reste n\u00e9anmoins encore \u00e0 l\u2019esprit. Dois-je choisir des lames stri\u00e9es autour d\u2019une piscine pour leur effet antid\u00e9rapant&#8230;<\/p>\n","protected":false},"author":2,"featured_media":1396,"parent":564,"menu_order":9,"comment_status":"closed","ping_status":"closed","template":"","meta":{"_acf_changed":false,"footnotes":""},"acf":[],"yoast_head":"<!-- This site is optimized with the Yoast SEO plugin v22.4 - https:\/\/yoast.com\/wordpress\/plugins\/seo\/ -->\n<title>Lames lisses ou rainur\u00e9es, quel type de lame choisir?<\/title>\n<meta name=\"description\" content=\"Lames lisses ou stri\u00e9es, le choix s&#039;impose \u00e0 vous. Nature Bois concept vous guide pour choisir le profil qui convient le mieux \u00e0 vos besoins.\" \/>\n<meta name=\"robots\" content=\"index, follow, max-snippet:-1, max-image-preview:large, max-video-preview:-1\" \/>\n<link rel=\"canonical\" href=\"https:\/\/www.nature-bois-concept.com\/magazine\/terrasse-bois\/guides\/avant-achat\/choisir-sa-terrasse\/lames-lames-de-terrasse-lisses-ou-rainurees\/\" \/>\n<meta property=\"og:locale\" content=\"fr_FR\" \/>\n<meta property=\"og:type\" content=\"article\" \/>\n<meta property=\"og:title\" content=\"Lames lisses ou rainur\u00e9es, quel type de lame choisir?\" \/>\n<meta property=\"og:description\" content=\"Lames lisses ou stri\u00e9es, le choix s&#039;impose \u00e0 vous. Nature Bois concept vous guide pour choisir le profil qui convient le mieux \u00e0 vos besoins.\" \/>\n<meta property=\"og:url\" content=\"https:\/\/www.nature-bois-concept.com\/magazine\/terrasse-bois\/guides\/avant-achat\/choisir-sa-terrasse\/lames-lames-de-terrasse-lisses-ou-rainurees\/\" \/>\n<meta property=\"og:site_name\" content=\"Magazine Nature Bois Concept\" \/>\n<meta property=\"article:publisher\" content=\"https:\/\/www.facebook.com\/Nature-Bois-Concept-1596307970584169\/\" \/>\n<meta property=\"article:modified_time\" content=\"2018-09-27T07:06:01+00:00\" \/>\n<meta property=\"og:image\" content=\"https:\/\/www.nature-bois-concept.com\/magazine\/wp-content\/uploads\/2016\/06\/image-a-la-une-19.jpg\" \/>\n\t<meta property=\"og:image:width\" content=\"1620\" \/>\n\t<meta property=\"og:image:height\" content=\"668\" \/>\n\t<meta property=\"og:image:type\" content=\"image\/jpeg\" \/>\n<meta name=\"twitter:card\" content=\"summary_large_image\" \/>\n<meta name=\"twitter:site\" content=\"@nbc_bois\" \/>\n<meta name=\"twitter:label1\" content=\"Dur\u00e9e de lecture estim\u00e9e\" \/>\n\t<meta name=\"twitter:data1\" content=\"3 minutes\" \/>\n<script type=\"application\/ld+json\" class=\"yoast-schema-graph\">{\"@context\":\"https:\/\/schema.org\",\"@graph\":[{\"@type\":\"WebPage\",\"@id\":\"https:\/\/www.nature-bois-concept.com\/magazine\/terrasse-bois\/guides\/avant-achat\/choisir-sa-terrasse\/lames-lames-de-terrasse-lisses-ou-rainurees\/\",\"url\":\"https:\/\/www.nature-bois-concept.com\/magazine\/terrasse-bois\/guides\/avant-achat\/choisir-sa-terrasse\/lames-lames-de-terrasse-lisses-ou-rainurees\/\",\"name\":\"Lames lisses ou rainur\u00e9es, quel type de lame choisir?\",\"isPartOf\":{\"@id\":\"https:\/\/www.nature-bois-concept.com\/magazine\/#website\"},\"primaryImageOfPage\":{\"@id\":\"https:\/\/www.nature-bois-concept.com\/magazine\/terrasse-bois\/guides\/avant-achat\/choisir-sa-terrasse\/lames-lames-de-terrasse-lisses-ou-rainurees\/#primaryimage\"},\"image\":{\"@id\":\"https:\/\/www.nature-bois-concept.com\/magazine\/terrasse-bois\/guides\/avant-achat\/choisir-sa-terrasse\/lames-lames-de-terrasse-lisses-ou-rainurees\/#primaryimage\"},\"thumbnailUrl\":\"https:\/\/www.nature-bois-concept.com\/magazine\/wp-content\/uploads\/2016\/06\/image-a-la-une-19.jpg\",\"datePublished\":\"2016-06-29T08:24:00+00:00\",\"dateModified\":\"2018-09-27T07:06:01+00:00\",\"description\":\"Lames lisses ou stri\u00e9es, le choix s'impose \u00e0 vous. Nature Bois concept vous guide pour choisir le profil qui convient le mieux \u00e0 vos besoins.\",\"breadcrumb\":{\"@id\":\"https:\/\/www.nature-bois-concept.com\/magazine\/terrasse-bois\/guides\/avant-achat\/choisir-sa-terrasse\/lames-lames-de-terrasse-lisses-ou-rainurees\/#breadcrumb\"},\"inLanguage\":\"fr-FR\",\"potentialAction\":[{\"@type\":\"ReadAction\",\"target\":[\"https:\/\/www.nature-bois-concept.com\/magazine\/terrasse-bois\/guides\/avant-achat\/choisir-sa-terrasse\/lames-lames-de-terrasse-lisses-ou-rainurees\/\"]}]},{\"@type\":\"ImageObject\",\"inLanguage\":\"fr-FR\",\"@id\":\"https:\/\/www.nature-bois-concept.com\/magazine\/terrasse-bois\/guides\/avant-achat\/choisir-sa-terrasse\/lames-lames-de-terrasse-lisses-ou-rainurees\/#primaryimage\",\"url\":\"https:\/\/www.nature-bois-concept.com\/magazine\/wp-content\/uploads\/2016\/06\/image-a-la-une-19.jpg\",\"contentUrl\":\"https:\/\/www.nature-bois-concept.com\/magazine\/wp-content\/uploads\/2016\/06\/image-a-la-une-19.jpg\",\"width\":1620,\"height\":668,\"caption\":\"terrasse r\u00e9sineux au bord d'une piscine\"},{\"@type\":\"BreadcrumbList\",\"@id\":\"https:\/\/www.nature-bois-concept.com\/magazine\/terrasse-bois\/guides\/avant-achat\/choisir-sa-terrasse\/lames-lames-de-terrasse-lisses-ou-rainurees\/#breadcrumb\",\"itemListElement\":[{\"@type\":\"ListItem\",\"position\":1,\"name\":\"Magazine NBC\",\"item\":\"https:\/\/www.nature-bois-concept.com\/magazine\/\"},{\"@type\":\"ListItem\",\"position\":2,\"name\":\"Terrasse bois\",\"item\":\"https:\/\/www.nature-bois-concept.com\/magazine\/terrasse-bois\/\"},{\"@type\":\"ListItem\",\"position\":3,\"name\":\"Nos guides sur la Terrasse\",\"item\":\"https:\/\/www.nature-bois-concept.com\/magazine\/terrasse-bois\/guides\/\"},{\"@type\":\"ListItem\",\"position\":4,\"name\":\"Tout ce qu&rsquo;il faut savoir avant l&rsquo;achat de sa Terrasse\",\"item\":\"https:\/\/www.nature-bois-concept.com\/magazine\/terrasse-bois\/guides\/avant-achat\/\"},{\"@type\":\"ListItem\",\"position\":5,\"name\":\"Choisir sa terrasse bois\",\"item\":\"https:\/\/www.nature-bois-concept.com\/magazine\/terrasse-bois\/guides\/avant-achat\/choisir-sa-terrasse\/\"},{\"@type\":\"ListItem\",\"position\":6,\"name\":\"Lames lisses ou rainur\u00e9es, les lames de terrasse bois sont-elles glissantes ?\"}]},{\"@type\":\"WebSite\",\"@id\":\"https:\/\/www.nature-bois-concept.com\/magazine\/#website\",\"url\":\"https:\/\/www.nature-bois-concept.com\/magazine\/\",\"name\":\"Magazine Nature Bois Concept\",\"description\":\"En association avec Nature Bois Concept\",\"potentialAction\":[{\"@type\":\"SearchAction\",\"target\":{\"@type\":\"EntryPoint\",\"urlTemplate\":\"https:\/\/www.nature-bois-concept.com\/magazine\/?s={search_term_string}\"},\"query-input\":\"required name=search_term_string\"}],\"inLanguage\":\"fr-FR\"}]}<\/script>\n<!-- \/ Yoast SEO plugin. -->","yoast_head_json":{"title":"Lames lisses ou rainur\u00e9es, quel type de lame choisir?","description":"Lames lisses ou stri\u00e9es, le choix s'impose \u00e0 vous. Nature Bois concept vous guide pour choisir le profil qui convient le mieux \u00e0 vos besoins.","robots":{"index":"index","follow":"follow","max-snippet":"max-snippet:-1","max-image-preview":"max-image-preview:large","max-video-preview":"max-video-preview:-1"},"canonical":"https:\/\/www.nature-bois-concept.com\/magazine\/terrasse-bois\/guides\/avant-achat\/choisir-sa-terrasse\/lames-lames-de-terrasse-lisses-ou-rainurees\/","og_locale":"fr_FR","og_type":"article","og_title":"Lames lisses ou rainur\u00e9es, quel type de lame choisir?","og_description":"Lames lisses ou stri\u00e9es, le choix s'impose \u00e0 vous. Nature Bois concept vous guide pour choisir le profil qui convient le mieux \u00e0 vos besoins.","og_url":"https:\/\/www.nature-bois-concept.com\/magazine\/terrasse-bois\/guides\/avant-achat\/choisir-sa-terrasse\/lames-lames-de-terrasse-lisses-ou-rainurees\/","og_site_name":"Magazine Nature Bois Concept","article_publisher":"https:\/\/www.facebook.com\/Nature-Bois-Concept-1596307970584169\/","article_modified_time":"2018-09-27T07:06:01+00:00","og_image":[{"width":1620,"height":668,"url":"https:\/\/www.nature-bois-concept.com\/magazine\/wp-content\/uploads\/2016\/06\/image-a-la-une-19.jpg","type":"image\/jpeg"}],"twitter_card":"summary_large_image","twitter_site":"@nbc_bois","twitter_misc":{"Dur\u00e9e de lecture estim\u00e9e":"3 minutes"},"schema":{"@context":"https:\/\/schema.org","@graph":[{"@type":"WebPage","@id":"https:\/\/www.nature-bois-concept.com\/magazine\/terrasse-bois\/guides\/avant-achat\/choisir-sa-terrasse\/lames-lames-de-terrasse-lisses-ou-rainurees\/","url":"https:\/\/www.nature-bois-concept.com\/magazine\/terrasse-bois\/guides\/avant-achat\/choisir-sa-terrasse\/lames-lames-de-terrasse-lisses-ou-rainurees\/","name":"Lames lisses ou rainur\u00e9es, quel type de lame choisir?","isPartOf":{"@id":"https:\/\/www.nature-bois-concept.com\/magazine\/#website"},"primaryImageOfPage":{"@id":"https:\/\/www.nature-bois-concept.com\/magazine\/terrasse-bois\/guides\/avant-achat\/choisir-sa-terrasse\/lames-lames-de-terrasse-lisses-ou-rainurees\/#primaryimage"},"image":{"@id":"https:\/\/www.nature-bois-concept.com\/magazine\/terrasse-bois\/guides\/avant-achat\/choisir-sa-terrasse\/lames-lames-de-terrasse-lisses-ou-rainurees\/#primaryimage"},"thumbnailUrl":"https:\/\/www.nature-bois-concept.com\/magazine\/wp-content\/uploads\/2016\/06\/image-a-la-une-19.jpg","datePublished":"2016-06-29T08:24:00+00:00","dateModified":"2018-09-27T07:06:01+00:00","description":"Lames lisses ou stri\u00e9es, le choix s'impose \u00e0 vous. Nature Bois concept vous guide pour choisir le profil qui convient le mieux \u00e0 vos besoins.","breadcrumb":{"@id":"https:\/\/www.nature-bois-concept.com\/magazine\/terrasse-bois\/guides\/avant-achat\/choisir-sa-terrasse\/lames-lames-de-terrasse-lisses-ou-rainurees\/#breadcrumb"},"inLanguage":"fr-FR","potentialAction":[{"@type":"ReadAction","target":["https:\/\/www.nature-bois-concept.com\/magazine\/terrasse-bois\/guides\/avant-achat\/choisir-sa-terrasse\/lames-lames-de-terrasse-lisses-ou-rainurees\/"]}]},{"@type":"ImageObject","inLanguage":"fr-FR","@id":"https:\/\/www.nature-bois-concept.com\/magazine\/terrasse-bois\/guides\/avant-achat\/choisir-sa-terrasse\/lames-lames-de-terrasse-lisses-ou-rainurees\/#primaryimage","url":"https:\/\/www.nature-bois-concept.com\/magazine\/wp-content\/uploads\/2016\/06\/image-a-la-une-19.jpg","contentUrl":"https:\/\/www.nature-bois-concept.com\/magazine\/wp-content\/uploads\/2016\/06\/image-a-la-une-19.jpg","width":1620,"height":668,"caption":"terrasse r\u00e9sineux au bord d'une piscine"},{"@type":"BreadcrumbList","@id":"https:\/\/www.nature-bois-concept.com\/magazine\/terrasse-bois\/guides\/avant-achat\/choisir-sa-terrasse\/lames-lames-de-terrasse-lisses-ou-rainurees\/#breadcrumb","itemListElement":[{"@type":"ListItem","position":1,"name":"Magazine NBC","item":"https:\/\/www.nature-bois-concept.com\/magazine\/"},{"@type":"ListItem","position":2,"name":"Terrasse bois","item":"https:\/\/www.nature-bois-concept.com\/magazine\/terrasse-bois\/"},{"@type":"ListItem","position":3,"name":"Nos guides sur la Terrasse","item":"https:\/\/www.nature-bois-concept.com\/magazine\/terrasse-bois\/guides\/"},{"@type":"ListItem","position":4,"name":"Tout ce qu&rsquo;il faut savoir avant l&rsquo;achat de sa Terrasse","item":"https:\/\/www.nature-bois-concept.com\/magazine\/terrasse-bois\/guides\/avant-achat\/"},{"@type":"ListItem","position":5,"name":"Choisir sa terrasse bois","item":"https:\/\/www.nature-bois-concept.com\/magazine\/terrasse-bois\/guides\/avant-achat\/choisir-sa-terrasse\/"},{"@type":"ListItem","position":6,"name":"Lames lisses ou rainur\u00e9es, les lames de terrasse bois sont-elles glissantes ?"}]},{"@type":"WebSite","@id":"https:\/\/www.nature-bois-concept.com\/magazine\/#website","url":"https:\/\/www.nature-bois-concept.com\/magazine\/","name":"Magazine Nature Bois Concept","description":"En association avec Nature Bois Concept","potentialAction":[{"@type":"SearchAction","target":{"@type":"EntryPoint","urlTemplate":"https:\/\/www.nature-bois-concept.com\/magazine\/?s={search_term_string}"},"query-input":"required name=search_term_string"}],"inLanguage":"fr-FR"}]}},"_links":{"self":[{"href":"https:\/\/www.nature-bois-concept.com\/magazine\/wp-json\/wp\/v2\/pages\/666"}],"collection":[{"href":"https:\/\/www.nature-bois-concept.com\/magazine\/wp-json\/wp\/v2\/pages"}],"about":[{"href":"https:\/\/www.nature-bois-concept.com\/magazine\/wp-json\/wp\/v2\/types\/page"}],"author":[{"embeddable":true,"href":"https:\/\/www.nature-bois-concept.com\/magazine\/wp-json\/wp\/v2\/users\/2"}],"replies":[{"embeddable":true,"href":"https:\/\/www.nature-bois-concept.com\/magazine\/wp-json\/wp\/v2\/comments?post=666"}],"version-history":[{"count":17,"href":"https:\/\/www.nature-bois-concept.com\/magazine\/wp-json\/wp\/v2\/pages\/666\/revisions"}],"predecessor-version":[{"id":4596,"href":"https:\/\/www.nature-bois-concept.com\/magazine\/wp-json\/wp\/v2\/pages\/666\/revisions\/4596"}],"up":[{"embeddable":true,"href":"https:\/\/www.nature-bois-concept.com\/magazine\/wp-json\/wp\/v2\/pages\/564"}],"wp:featuredmedia":[{"embeddable":true,"href":"https:\/\/www.nature-bois-concept.com\/magazine\/wp-json\/wp\/v2\/media\/1396"}],"wp:attachment":[{"href":"https:\/\/www.nature-bois-concept.com\/magazine\/wp-json\/wp\/v2\/media?parent=666"}],"curies":[{"name":"wp","href":"https:\/\/api.w.org\/{rel}","templated":true}]}}