{"id":665,"date":"2016-06-29T11:15:37","date_gmt":"2016-06-29T09:15:37","guid":{"rendered":"https:\/\/www.nature-bois-concept.com\/magazine\/?page_id=665"},"modified":"2024-12-16T08:42:24","modified_gmt":"2024-12-16T07:42:24","slug":"terrasse-dalle-bois","status":"publish","type":"page","link":"https:\/\/www.nature-bois-concept.com\/magazine\/terrasse-bois\/guides\/avant-achat\/choisir-sa-terrasse\/terrasse-dalle-bois\/","title":{"rendered":"Simple et rapide, votre terrasse dalle bois en un \u00e9clair"},"content":{"rendered":"<p>R\u00e9aliser une terrasse dalle bois appel\u00e9e terrasse caillebotis est la\u00a0solution \u00e9conomique et pratique pour la r\u00e9alisation et <a href=\"https:\/\/www.nature-bois-concept.com\/magazine\/terrasse-bois\/guides\/avant-achat\/choisir-sa-terrasse\/\">le choix de votre terrasse bois<\/a>. Elles vous permettent de r\u00e9aliser votre projet rapidement, tr\u00e8s simplement et \u00e0 un prix environ 50 % moins cher que les lames de terrasse avec une essence \u00e9quivalente.<\/p>\n<p style=\"text-align: justify;\">Avec elles pas besoin de lambourdes ni de vis, mais simplement des plots r\u00e9glables PVC. Aucune fixation n\u2019est n\u00e9cessaire, ce qui vous offre la possibilit\u00e9 de construire et d\u00e9construire votre terrasse comme bon vous semble. Elle est donc \u00e0 privil\u00e9gier si vous vous trouvez dans un logement en location ou temporaire.<\/p>\n<p style=\"text-align: justify;\"><img loading=\"lazy\" decoding=\"async\" class=\"aligncenter size-full wp-image-1391\" src=\"https:\/\/res.cloudinary.com\/nature-bois-concept\/image\/upload\/fl_any_format,q_auto,c_scale,c_limit,w_1200,f_auto\/www.nature-bois-concept.com\/magazine\/wp-content\/uploads\/2016\/06\/3-7.jpg\" alt=\"3\" width=\"1200\" height=\"496\" srcset=\"https:\/\/www.nature-bois-concept.com\/magazine\/wp-content\/uploads\/2016\/06\/3-7.jpg 1200w, https:\/\/www.nature-bois-concept.com\/magazine\/wp-content\/uploads\/2016\/06\/3-7-300x124.jpg 300w, https:\/\/www.nature-bois-concept.com\/magazine\/wp-content\/uploads\/2016\/06\/3-7-768x317.jpg 768w, https:\/\/www.nature-bois-concept.com\/magazine\/wp-content\/uploads\/2016\/06\/3-7-1024x423.jpg 1024w, https:\/\/www.nature-bois-concept.com\/magazine\/wp-content\/uploads\/2016\/06\/3-7-1060x438.jpg 1060w\" sizes=\"(max-width: 1200px) 100vw, 1200px\" \/><\/p>\n<h2>Mise en \u0153uvre de votre terrasse dalle bois, sans prise de t\u00eate<\/h2>\n<p style=\"text-align: justify;\">Pour la r\u00e9alisation de votre terrasse dalle bois vous n\u2019aurez seulement besoin que de peu de choses :<\/p>\n<ul>\n<li><em>De dalle terrasse bois<\/em><\/li>\n<li><em>De plots r\u00e9glables PVC pour terrasse dalle bois<\/em><\/li>\n<li><em>Une scie circulaire (pour couper les lames si vous avez d\u2019\u00e9ventuels retours) <\/em><\/li>\n<li><em>Un niveau \u00e0 bulle \u00b7G\u00e9otextile (si le support de pose est un sol meuble) <\/em><\/li>\n<li><em>Des chevilles \u00e0 frapper (si vous avez la possibilit\u00e9 de fixer les plots \u00e0 votre support)<\/em><\/li>\n<li><em>Perceuse avec foret b\u00e9ton (si vous avez la possibilit\u00e9 de fixer les plots \u00e0 votre support)<\/em><\/li>\n<\/ul>\n<p style=\"text-align: justify;\">Tout d\u2019abord munissez-vous d\u2019un g\u00e9otextile si vous vous trouvez sur un sol meuble, de mani\u00e8re \u00e0 \u00e9viter que la v\u00e9g\u00e9talisation vienne pousser apr\u00e8s la pose de votre terrasse.<br \/>\n\u00c0 l\u2019inverse, si vous \u00eates sur un sol dur tel qu\u2019une dalle b\u00e9ton, vous pourrez fixer les plots \u00e0 l\u2019aide de chevilles \u00e0 frapper.<\/p>\n<p style=\"text-align: justify;\">Puis dispatcher les plots sur l\u2019ensemble de votre surface, il faut compter un plot \u00e0 chaque extr\u00e9mit\u00e9 du caillebotis bois pour le faire tenir. Une fois les plots install\u00e9s, vous pouvez commencer \u00e0 poser les dalles de terrasse en vous assurant de la plan\u00e9it\u00e9 gr\u00e2ce au niveau \u00e0 bulle et au r\u00e9glage des plots. Petite astuce, partez d\u2019un angle ferm\u00e9 \u00e0 90\u00b0, afin de limiter les coupes au maximum. Si la surface ne vous permet pas une pose sans d\u00e9coupe vous devrez alors vous servir de la scie circulaire pour d\u00e9couper les dalles selon les bonnes mesures. Pour ce qui est du sens de pose des caillebotis, \u00e0 vous de le d\u00e9cider suivant la forme que vous souhaitez apporter. Vous avez la possibilit\u00e9 de combiner les dalles de terrasse de mani\u00e8re \u00e0 diviser les espaces, cr\u00e9er des all\u00e9es ou des motifs.<\/p>\n<p style=\"text-align: justify;\"><img loading=\"lazy\" decoding=\"async\" class=\"aligncenter size-full wp-image-1390\" src=\"https:\/\/res.cloudinary.com\/nature-bois-concept\/image\/upload\/fl_any_format,q_auto,c_scale,c_limit,w_1200,f_auto\/www.nature-bois-concept.com\/magazine\/wp-content\/uploads\/2016\/06\/2-11.jpg\" alt=\"2\" width=\"1200\" height=\"496\" srcset=\"https:\/\/www.nature-bois-concept.com\/magazine\/wp-content\/uploads\/2016\/06\/2-11.jpg 1200w, https:\/\/www.nature-bois-concept.com\/magazine\/wp-content\/uploads\/2016\/06\/2-11-300x124.jpg 300w, https:\/\/www.nature-bois-concept.com\/magazine\/wp-content\/uploads\/2016\/06\/2-11-768x317.jpg 768w, https:\/\/www.nature-bois-concept.com\/magazine\/wp-content\/uploads\/2016\/06\/2-11-1024x423.jpg 1024w, https:\/\/www.nature-bois-concept.com\/magazine\/wp-content\/uploads\/2016\/06\/2-11-1060x438.jpg 1060w\" sizes=\"(max-width: 1200px) 100vw, 1200px\" \/><\/p>\n<h2>Peu d\u2019entretien, peu d\u2019effort mais au final une terrasse dalle bois fort agr\u00e9able<\/h2>\n<p style=\"text-align: justify;\">N\u2019h\u00e9sitez pas aussi \u00e0 faire passer des gaines ou bien des syst\u00e8mes d\u2019\u00e9clairage la hauteur de r\u00e9serve cr\u00e9\u00e9e par vos plots vous le permet (comme le syst\u00e8me de LED encastrables de la marque Garden Lights que nous vous proposons dans le devis automatique ou sur notre boutique en ligne \u00e0 l\u2019adresse suivante : <a href=\"https:\/\/www.nature-bois-concept.com\/boutique\/luminaire\/spot-encastrable\/\" target=\"_blank\" rel=\"noopener noreferrer\">LED encastrables<\/a> ).<\/p>\n<p style=\"text-align: justify;\">Dans le temps, elles ne vous demanderont que peu d\u2019entretien. Un lavage annuel sur la surface totale et \u00e9ventuellement l&rsquo;application d&rsquo;un saturateur pour garder la teinte naturelle du bois exotique.<br \/>\nEn esp\u00e9rant vous avoir convaincu d\u2019opter pour les dalles de terrasse bois, sachez que ce produit ainsi que tous les accessoires pour sa mise en \u0153uvre sont disponibles sur la <a href=\"https:\/\/www.nature-bois-concept.com\/boutique\/\" target=\"_blank\" rel=\"noopener noreferrer\">boutique en ligne Nature Bois Concept<\/a>.<\/p>\n<p style=\"text-align: justify;\">Alors simplifiez-vous la vie !<\/p>\n","protected":false},"excerpt":{"rendered":"<p>R\u00e9aliser une terrasse dalle bois appel\u00e9e terrasse caillebotis est la\u00a0solution \u00e9conomique et pratique pour la r\u00e9alisation et le choix de votre terrasse bois. Elles vous permettent de r\u00e9aliser votre projet rapidement, tr\u00e8s simplement et \u00e0 un prix environ 50 % moins cher que les lames de terrasse avec une essence \u00e9quivalente. Avec elles pas besoin de lambourdes ni de vis, mais simplement des plots r\u00e9glables PVC. Aucune fixation n\u2019est n\u00e9cessaire,&#8230;<\/p>\n","protected":false},"author":2,"featured_media":1392,"parent":564,"menu_order":8,"comment_status":"closed","ping_status":"closed","template":"","meta":{"_acf_changed":false,"footnotes":""},"acf":[],"yoast_head":"<!-- This site is optimized with the Yoast SEO plugin v22.4 - https:\/\/yoast.com\/wordpress\/plugins\/seo\/ -->\n<title>Votre terrasse dalle bois en un \u00e9clair - Le magazine Nature Bois Concept<\/title>\n<meta name=\"description\" content=\"Petit espace \u00e0 couvrir, toiture terrasse ou balcon, une terrasse dalle bois est la solution pour r\u00e9aliser couvrir facilement les endroits restreints.\" \/>\n<meta name=\"robots\" content=\"index, follow, max-snippet:-1, max-image-preview:large, max-video-preview:-1\" \/>\n<link rel=\"canonical\" href=\"https:\/\/www.nature-bois-concept.com\/magazine\/terrasse-bois\/guides\/avant-achat\/choisir-sa-terrasse\/terrasse-dalle-bois\/\" \/>\n<meta property=\"og:locale\" content=\"fr_FR\" \/>\n<meta property=\"og:type\" content=\"article\" \/>\n<meta property=\"og:title\" content=\"Votre terrasse dalle bois en un \u00e9clair - Le magazine Nature Bois Concept\" \/>\n<meta property=\"og:description\" content=\"Petit espace \u00e0 couvrir, toiture terrasse ou balcon, une terrasse dalle bois est la solution pour r\u00e9aliser couvrir facilement les endroits restreints.\" \/>\n<meta property=\"og:url\" content=\"https:\/\/www.nature-bois-concept.com\/magazine\/terrasse-bois\/guides\/avant-achat\/choisir-sa-terrasse\/terrasse-dalle-bois\/\" \/>\n<meta property=\"og:site_name\" content=\"Magazine Nature Bois Concept\" \/>\n<meta property=\"article:publisher\" content=\"https:\/\/www.facebook.com\/Nature-Bois-Concept-1596307970584169\/\" \/>\n<meta property=\"article:modified_time\" content=\"2024-12-16T07:42:24+00:00\" \/>\n<meta property=\"og:image\" content=\"https:\/\/www.nature-bois-concept.com\/magazine\/wp-content\/uploads\/2016\/06\/image-a-la-une-18.jpg\" \/>\n\t<meta property=\"og:image:width\" content=\"1620\" \/>\n\t<meta property=\"og:image:height\" content=\"668\" \/>\n\t<meta property=\"og:image:type\" content=\"image\/jpeg\" \/>\n<meta name=\"twitter:card\" content=\"summary_large_image\" \/>\n<meta name=\"twitter:site\" content=\"@nbc_bois\" \/>\n<meta name=\"twitter:label1\" content=\"Dur\u00e9e de lecture estim\u00e9e\" \/>\n\t<meta name=\"twitter:data1\" content=\"4 minutes\" \/>\n<script type=\"application\/ld+json\" class=\"yoast-schema-graph\">{\"@context\":\"https:\/\/schema.org\",\"@graph\":[{\"@type\":\"WebPage\",\"@id\":\"https:\/\/www.nature-bois-concept.com\/magazine\/terrasse-bois\/guides\/avant-achat\/choisir-sa-terrasse\/terrasse-dalle-bois\/\",\"url\":\"https:\/\/www.nature-bois-concept.com\/magazine\/terrasse-bois\/guides\/avant-achat\/choisir-sa-terrasse\/terrasse-dalle-bois\/\",\"name\":\"Votre terrasse dalle bois en un \u00e9clair - Le magazine Nature Bois Concept\",\"isPartOf\":{\"@id\":\"https:\/\/www.nature-bois-concept.com\/magazine\/#website\"},\"primaryImageOfPage\":{\"@id\":\"https:\/\/www.nature-bois-concept.com\/magazine\/terrasse-bois\/guides\/avant-achat\/choisir-sa-terrasse\/terrasse-dalle-bois\/#primaryimage\"},\"image\":{\"@id\":\"https:\/\/www.nature-bois-concept.com\/magazine\/terrasse-bois\/guides\/avant-achat\/choisir-sa-terrasse\/terrasse-dalle-bois\/#primaryimage\"},\"thumbnailUrl\":\"https:\/\/www.nature-bois-concept.com\/magazine\/wp-content\/uploads\/2016\/06\/image-a-la-une-18.jpg\",\"datePublished\":\"2016-06-29T09:15:37+00:00\",\"dateModified\":\"2024-12-16T07:42:24+00:00\",\"description\":\"Petit espace \u00e0 couvrir, toiture terrasse ou balcon, une terrasse dalle bois est la solution pour r\u00e9aliser couvrir facilement les endroits restreints.\",\"breadcrumb\":{\"@id\":\"https:\/\/www.nature-bois-concept.com\/magazine\/terrasse-bois\/guides\/avant-achat\/choisir-sa-terrasse\/terrasse-dalle-bois\/#breadcrumb\"},\"inLanguage\":\"fr-FR\",\"potentialAction\":[{\"@type\":\"ReadAction\",\"target\":[\"https:\/\/www.nature-bois-concept.com\/magazine\/terrasse-bois\/guides\/avant-achat\/choisir-sa-terrasse\/terrasse-dalle-bois\/\"]}]},{\"@type\":\"ImageObject\",\"inLanguage\":\"fr-FR\",\"@id\":\"https:\/\/www.nature-bois-concept.com\/magazine\/terrasse-bois\/guides\/avant-achat\/choisir-sa-terrasse\/terrasse-dalle-bois\/#primaryimage\",\"url\":\"https:\/\/www.nature-bois-concept.com\/magazine\/wp-content\/uploads\/2016\/06\/image-a-la-une-18.jpg\",\"contentUrl\":\"https:\/\/www.nature-bois-concept.com\/magazine\/wp-content\/uploads\/2016\/06\/image-a-la-une-18.jpg\",\"width\":1620,\"height\":668,\"caption\":\"salle \u00e0 manger ext\u00e9rieur terrasse dalle\"},{\"@type\":\"BreadcrumbList\",\"@id\":\"https:\/\/www.nature-bois-concept.com\/magazine\/terrasse-bois\/guides\/avant-achat\/choisir-sa-terrasse\/terrasse-dalle-bois\/#breadcrumb\",\"itemListElement\":[{\"@type\":\"ListItem\",\"position\":1,\"name\":\"Magazine NBC\",\"item\":\"https:\/\/www.nature-bois-concept.com\/magazine\/\"},{\"@type\":\"ListItem\",\"position\":2,\"name\":\"Terrasse bois\",\"item\":\"https:\/\/www.nature-bois-concept.com\/magazine\/terrasse-bois\/\"},{\"@type\":\"ListItem\",\"position\":3,\"name\":\"Nos guides sur la Terrasse\",\"item\":\"https:\/\/www.nature-bois-concept.com\/magazine\/terrasse-bois\/guides\/\"},{\"@type\":\"ListItem\",\"position\":4,\"name\":\"Tout ce qu&rsquo;il faut savoir avant l&rsquo;achat de sa Terrasse\",\"item\":\"https:\/\/www.nature-bois-concept.com\/magazine\/terrasse-bois\/guides\/avant-achat\/\"},{\"@type\":\"ListItem\",\"position\":5,\"name\":\"Choisir sa terrasse bois\",\"item\":\"https:\/\/www.nature-bois-concept.com\/magazine\/terrasse-bois\/guides\/avant-achat\/choisir-sa-terrasse\/\"},{\"@type\":\"ListItem\",\"position\":6,\"name\":\"Simple et rapide, votre terrasse dalle bois en un \u00e9clair\"}]},{\"@type\":\"WebSite\",\"@id\":\"https:\/\/www.nature-bois-concept.com\/magazine\/#website\",\"url\":\"https:\/\/www.nature-bois-concept.com\/magazine\/\",\"name\":\"Magazine Nature Bois Concept\",\"description\":\"En association avec Nature Bois Concept\",\"potentialAction\":[{\"@type\":\"SearchAction\",\"target\":{\"@type\":\"EntryPoint\",\"urlTemplate\":\"https:\/\/www.nature-bois-concept.com\/magazine\/?s={search_term_string}\"},\"query-input\":\"required name=search_term_string\"}],\"inLanguage\":\"fr-FR\"}]}<\/script>\n<!-- \/ Yoast SEO plugin. -->","yoast_head_json":{"title":"Votre terrasse dalle bois en un \u00e9clair - Le magazine Nature Bois Concept","description":"Petit espace \u00e0 couvrir, toiture terrasse ou balcon, une terrasse dalle bois est la solution pour r\u00e9aliser couvrir facilement les endroits restreints.","robots":{"index":"index","follow":"follow","max-snippet":"max-snippet:-1","max-image-preview":"max-image-preview:large","max-video-preview":"max-video-preview:-1"},"canonical":"https:\/\/www.nature-bois-concept.com\/magazine\/terrasse-bois\/guides\/avant-achat\/choisir-sa-terrasse\/terrasse-dalle-bois\/","og_locale":"fr_FR","og_type":"article","og_title":"Votre terrasse dalle bois en un \u00e9clair - Le magazine Nature Bois Concept","og_description":"Petit espace \u00e0 couvrir, toiture terrasse ou balcon, une terrasse dalle bois est la solution pour r\u00e9aliser couvrir facilement les endroits restreints.","og_url":"https:\/\/www.nature-bois-concept.com\/magazine\/terrasse-bois\/guides\/avant-achat\/choisir-sa-terrasse\/terrasse-dalle-bois\/","og_site_name":"Magazine Nature Bois Concept","article_publisher":"https:\/\/www.facebook.com\/Nature-Bois-Concept-1596307970584169\/","article_modified_time":"2024-12-16T07:42:24+00:00","og_image":[{"width":1620,"height":668,"url":"https:\/\/www.nature-bois-concept.com\/magazine\/wp-content\/uploads\/2016\/06\/image-a-la-une-18.jpg","type":"image\/jpeg"}],"twitter_card":"summary_large_image","twitter_site":"@nbc_bois","twitter_misc":{"Dur\u00e9e de lecture estim\u00e9e":"4 minutes"},"schema":{"@context":"https:\/\/schema.org","@graph":[{"@type":"WebPage","@id":"https:\/\/www.nature-bois-concept.com\/magazine\/terrasse-bois\/guides\/avant-achat\/choisir-sa-terrasse\/terrasse-dalle-bois\/","url":"https:\/\/www.nature-bois-concept.com\/magazine\/terrasse-bois\/guides\/avant-achat\/choisir-sa-terrasse\/terrasse-dalle-bois\/","name":"Votre terrasse dalle bois en un \u00e9clair - Le magazine Nature Bois Concept","isPartOf":{"@id":"https:\/\/www.nature-bois-concept.com\/magazine\/#website"},"primaryImageOfPage":{"@id":"https:\/\/www.nature-bois-concept.com\/magazine\/terrasse-bois\/guides\/avant-achat\/choisir-sa-terrasse\/terrasse-dalle-bois\/#primaryimage"},"image":{"@id":"https:\/\/www.nature-bois-concept.com\/magazine\/terrasse-bois\/guides\/avant-achat\/choisir-sa-terrasse\/terrasse-dalle-bois\/#primaryimage"},"thumbnailUrl":"https:\/\/www.nature-bois-concept.com\/magazine\/wp-content\/uploads\/2016\/06\/image-a-la-une-18.jpg","datePublished":"2016-06-29T09:15:37+00:00","dateModified":"2024-12-16T07:42:24+00:00","description":"Petit espace \u00e0 couvrir, toiture terrasse ou balcon, une terrasse dalle bois est la solution pour r\u00e9aliser couvrir facilement les endroits restreints.","breadcrumb":{"@id":"https:\/\/www.nature-bois-concept.com\/magazine\/terrasse-bois\/guides\/avant-achat\/choisir-sa-terrasse\/terrasse-dalle-bois\/#breadcrumb"},"inLanguage":"fr-FR","potentialAction":[{"@type":"ReadAction","target":["https:\/\/www.nature-bois-concept.com\/magazine\/terrasse-bois\/guides\/avant-achat\/choisir-sa-terrasse\/terrasse-dalle-bois\/"]}]},{"@type":"ImageObject","inLanguage":"fr-FR","@id":"https:\/\/www.nature-bois-concept.com\/magazine\/terrasse-bois\/guides\/avant-achat\/choisir-sa-terrasse\/terrasse-dalle-bois\/#primaryimage","url":"https:\/\/www.nature-bois-concept.com\/magazine\/wp-content\/uploads\/2016\/06\/image-a-la-une-18.jpg","contentUrl":"https:\/\/www.nature-bois-concept.com\/magazine\/wp-content\/uploads\/2016\/06\/image-a-la-une-18.jpg","width":1620,"height":668,"caption":"salle \u00e0 manger ext\u00e9rieur terrasse dalle"},{"@type":"BreadcrumbList","@id":"https:\/\/www.nature-bois-concept.com\/magazine\/terrasse-bois\/guides\/avant-achat\/choisir-sa-terrasse\/terrasse-dalle-bois\/#breadcrumb","itemListElement":[{"@type":"ListItem","position":1,"name":"Magazine NBC","item":"https:\/\/www.nature-bois-concept.com\/magazine\/"},{"@type":"ListItem","position":2,"name":"Terrasse bois","item":"https:\/\/www.nature-bois-concept.com\/magazine\/terrasse-bois\/"},{"@type":"ListItem","position":3,"name":"Nos guides sur la Terrasse","item":"https:\/\/www.nature-bois-concept.com\/magazine\/terrasse-bois\/guides\/"},{"@type":"ListItem","position":4,"name":"Tout ce qu&rsquo;il faut savoir avant l&rsquo;achat de sa Terrasse","item":"https:\/\/www.nature-bois-concept.com\/magazine\/terrasse-bois\/guides\/avant-achat\/"},{"@type":"ListItem","position":5,"name":"Choisir sa terrasse bois","item":"https:\/\/www.nature-bois-concept.com\/magazine\/terrasse-bois\/guides\/avant-achat\/choisir-sa-terrasse\/"},{"@type":"ListItem","position":6,"name":"Simple et rapide, votre terrasse dalle bois en un \u00e9clair"}]},{"@type":"WebSite","@id":"https:\/\/www.nature-bois-concept.com\/magazine\/#website","url":"https:\/\/www.nature-bois-concept.com\/magazine\/","name":"Magazine Nature Bois Concept","description":"En association avec Nature Bois Concept","potentialAction":[{"@type":"SearchAction","target":{"@type":"EntryPoint","urlTemplate":"https:\/\/www.nature-bois-concept.com\/magazine\/?s={search_term_string}"},"query-input":"required name=search_term_string"}],"inLanguage":"fr-FR"}]}},"_links":{"self":[{"href":"https:\/\/www.nature-bois-concept.com\/magazine\/wp-json\/wp\/v2\/pages\/665"}],"collection":[{"href":"https:\/\/www.nature-bois-concept.com\/magazine\/wp-json\/wp\/v2\/pages"}],"about":[{"href":"https:\/\/www.nature-bois-concept.com\/magazine\/wp-json\/wp\/v2\/types\/page"}],"author":[{"embeddable":true,"href":"https:\/\/www.nature-bois-concept.com\/magazine\/wp-json\/wp\/v2\/users\/2"}],"replies":[{"embeddable":true,"href":"https:\/\/www.nature-bois-concept.com\/magazine\/wp-json\/wp\/v2\/comments?post=665"}],"version-history":[{"count":18,"href":"https:\/\/www.nature-bois-concept.com\/magazine\/wp-json\/wp\/v2\/pages\/665\/revisions"}],"predecessor-version":[{"id":7464,"href":"https:\/\/www.nature-bois-concept.com\/magazine\/wp-json\/wp\/v2\/pages\/665\/revisions\/7464"}],"up":[{"embeddable":true,"href":"https:\/\/www.nature-bois-concept.com\/magazine\/wp-json\/wp\/v2\/pages\/564"}],"wp:featuredmedia":[{"embeddable":true,"href":"https:\/\/www.nature-bois-concept.com\/magazine\/wp-json\/wp\/v2\/media\/1392"}],"wp:attachment":[{"href":"https:\/\/www.nature-bois-concept.com\/magazine\/wp-json\/wp\/v2\/media?parent=665"}],"curies":[{"name":"wp","href":"https:\/\/api.w.org\/{rel}","templated":true}]}}