{"id":663,"date":"2016-06-29T10:08:26","date_gmt":"2016-06-29T08:08:26","guid":{"rendered":"https:\/\/www.nature-bois-concept.com\/magazine\/?page_id=663"},"modified":"2017-04-27T17:55:13","modified_gmt":"2017-04-27T15:55:13","slug":"massaranduba","status":"publish","type":"page","link":"https:\/\/www.nature-bois-concept.com\/magazine\/terrasse-bois\/guides\/avant-achat\/choisir-sa-terrasse\/massaranduba\/","title":{"rendered":"Connaissez-vous le Massaranduba ?"},"content":{"rendered":"<p>Son nom aux accents Ib\u00e9riques ne vous dit peut-\u00eatre rien, mais ce bois d\u2019Am\u00e9rique du Sud a tout pour devenir le nouveau bois en vogue cet \u00e9t\u00e9 pour le <a href=\"https:\/\/www.nature-bois-concept.com\/magazine\/terrasse-bois\/guides\/avant-achat\/choisir-sa-terrasse\/\">choix de votre terrasse<\/a>. On vous explique les raisons d\u2019un tel engouement.<\/p>\n<h2>Une qualit\u00e9 de finition \u00e0 un prix imbattable !<\/h2>\n<p>Ce bois brun aux notes rouge est notre coup de c\u0153ur de cette ann\u00e9e avec l\u2019ind\u00e9tr\u00f4nable Cumaru! Le Masssaranduba nous a conquis par son esth\u00e9tique chaleureux et exotique. Mais son plus grand avantage se trouve dans les qualit\u00e9s intrins\u00e8ques de ce bois.<\/p>\n<p>Avec son grain fin et une absence de contre-fil, nos arrivages pr\u00e9sentent une finition lisse, agr\u00e9able au toucher. Cette qualit\u00e9 et sa teinte naturelle en font un concurrent de taille face \u00e0 un Padouk, avec lequel il partage une couleur similaire et une m\u00eame classe de r\u00e9sistance.<\/p>\n<p><img loading=\"lazy\" decoding=\"async\" class=\"aligncenter size-full wp-image-1382\" src=\"https:\/\/www.nature-bois-concept.com\/magazine\/wp-content\/uploads\/2016\/06\/image-article-7.jpg\" alt=\"image-article\" width=\"1200\" height=\"496\" srcset=\"https:\/\/www.nature-bois-concept.com\/magazine\/wp-content\/uploads\/2016\/06\/image-article-7.jpg 1200w, https:\/\/www.nature-bois-concept.com\/magazine\/wp-content\/uploads\/2016\/06\/image-article-7-300x124.jpg 300w, https:\/\/www.nature-bois-concept.com\/magazine\/wp-content\/uploads\/2016\/06\/image-article-7-768x317.jpg 768w, https:\/\/www.nature-bois-concept.com\/magazine\/wp-content\/uploads\/2016\/06\/image-article-7-1024x423.jpg 1024w, https:\/\/www.nature-bois-concept.com\/magazine\/wp-content\/uploads\/2016\/06\/image-article-7-1060x438.jpg 1060w\" sizes=\"(max-width: 1200px) 100vw, 1200px\" \/><\/p>\n<h2>Une solidit\u00e9 a toute \u00e9preuve<\/h2>\n<p>En plus de son aspect, nous avons avec l\u2019un des bois les plus denses du monde (similaire IP\u00c9). Avec une densit\u00e9 de 1100 kilos par m\u00e8tre cube, ce bois est tr\u00e8s dur et conviendra \u00e0 tous les usages m\u00eame intensifs. Gr\u00e2ce \u00e0 ces propri\u00e9t\u00e9s, on le retrouve r\u00e9guli\u00e8rement utilis\u00e9 pour la r\u00e9alisation de travaux hydrauliques en eau douce ou en milieux marins o\u00f9 ces caract\u00e9ristiques m\u00e9caniques lui sont utiles.<\/p>\n<p>Naturellement imputrescible, ce bois de classe 5 est \u00e0 recommander au m\u00eame titre qu\u2019un Itauba si votre terrasse se trouve en bord de mer ou autour d\u2019une piscine trait\u00e9e par pyrolyse \u00e0 l\u2019eau de mer.<\/p>\n<h2>Le s\u00e9chage, un point essentiel du Massaranduba<\/h2>\n<p>Comme le bois exotique Cumaru, le s\u00e9chage en s\u00e9choir du Massaranduba est imp\u00e9ratif. Ce bois naturellement nerveux devient, apr\u00e8s son passage en s\u00e9choir, tr\u00e8s stable. V\u00e9rifiez cette exigence lors de la vente, si votre bois est dit \u00ab KD \u00bb (Kiln Dry) pour un s\u00e9chage en s\u00e9choir ou bien \u00ab AD \u00bb (Air Dry) s\u00e9ch\u00e9 \u00e0 l\u2019air libre.<\/p>\n<p><img loading=\"lazy\" decoding=\"async\" class=\"aligncenter size-full wp-image-1379\" src=\"https:\/\/www.nature-bois-concept.com\/magazine\/wp-content\/uploads\/2016\/06\/image-article2.jpg\" alt=\"image-article2\" width=\"1200\" height=\"496\" srcset=\"https:\/\/www.nature-bois-concept.com\/magazine\/wp-content\/uploads\/2016\/06\/image-article2.jpg 1200w, https:\/\/www.nature-bois-concept.com\/magazine\/wp-content\/uploads\/2016\/06\/image-article2-300x124.jpg 300w, https:\/\/www.nature-bois-concept.com\/magazine\/wp-content\/uploads\/2016\/06\/image-article2-768x317.jpg 768w, https:\/\/www.nature-bois-concept.com\/magazine\/wp-content\/uploads\/2016\/06\/image-article2-1024x423.jpg 1024w, https:\/\/www.nature-bois-concept.com\/magazine\/wp-content\/uploads\/2016\/06\/image-article2-1060x438.jpg 1060w\" sizes=\"(max-width: 1200px) 100vw, 1200px\" \/><\/p>\n<h2>Alors quel sera votre coup de c\u0153ur, le Cumaru ou le Massaranduba ?<\/h2>\n<p>C\u2019est le futur choix qui s\u2019offre \u00e0 vous entre deux essences qui poss\u00e8dent un prix et des qualit\u00e9s \u00e0 la fois similaires et diff\u00e9rentes. Chez Nature Bois Concept, on garde toujours une pr\u00e9f\u00e9rence pour le Cumaru et son c\u00f4t\u00e9 exotique li\u00e9 \u00e0 la diversit\u00e9 de ses teintes. Seulement nous ne restons pas insensibles \u00e0 la qualit\u00e9 de finition du Massaranduba et \u00e0 sa belle garde-robe rouge.<\/p>\n<p>Pour vous faire votre id\u00e9e par vous-m\u00eame rendez-vous sur notre site et repartez en quelques clics avec votre devis.<\/p>\n","protected":false},"excerpt":{"rendered":"<p>Son nom aux accents Ib\u00e9riques ne vous dit peut-\u00eatre rien, mais ce bois d\u2019Am\u00e9rique du Sud a tout pour devenir le nouveau bois en vogue cet \u00e9t\u00e9 pour le choix de votre terrasse. On vous explique les raisons d\u2019un tel engouement. Une qualit\u00e9 de finition \u00e0 un prix imbattable ! Ce bois brun aux notes rouge est notre coup de c\u0153ur de cette ann\u00e9e avec l\u2019ind\u00e9tr\u00f4nable Cumaru! Le Masssaranduba nous&#8230;<\/p>\n","protected":false},"author":2,"featured_media":1381,"parent":564,"menu_order":6,"comment_status":"closed","ping_status":"closed","template":"","meta":{"_acf_changed":false,"footnotes":""},"acf":[],"yoast_head":"<!-- This site is optimized with the Yoast SEO plugin v22.4 - https:\/\/yoast.com\/wordpress\/plugins\/seo\/ -->\n<title>Connaissez-vous le bois exotique Massaranduba ?<\/title>\n<meta name=\"description\" content=\"Vous ne connaissez pas encore le bois Massaranduba ? Alors d\u00e9couvrez sans plus attendre la nouvelle tendance en essence bois pour terrasse.\" \/>\n<meta name=\"robots\" content=\"index, follow, max-snippet:-1, max-image-preview:large, max-video-preview:-1\" \/>\n<link rel=\"canonical\" href=\"https:\/\/www.nature-bois-concept.com\/magazine\/terrasse-bois\/guides\/avant-achat\/choisir-sa-terrasse\/massaranduba\/\" \/>\n<meta property=\"og:locale\" content=\"fr_FR\" \/>\n<meta property=\"og:type\" content=\"article\" \/>\n<meta property=\"og:title\" content=\"Connaissez-vous le bois exotique Massaranduba ?\" \/>\n<meta property=\"og:description\" content=\"Vous ne connaissez pas encore le bois Massaranduba ? Alors d\u00e9couvrez sans plus attendre la nouvelle tendance en essence bois pour terrasse.\" \/>\n<meta property=\"og:url\" content=\"https:\/\/www.nature-bois-concept.com\/magazine\/terrasse-bois\/guides\/avant-achat\/choisir-sa-terrasse\/massaranduba\/\" \/>\n<meta property=\"og:site_name\" content=\"Magazine Nature Bois Concept\" \/>\n<meta property=\"article:publisher\" content=\"https:\/\/www.facebook.com\/Nature-Bois-Concept-1596307970584169\/\" \/>\n<meta property=\"article:modified_time\" content=\"2017-04-27T15:55:13+00:00\" \/>\n<meta property=\"og:image\" content=\"https:\/\/www.nature-bois-concept.com\/magazine\/wp-content\/uploads\/2016\/06\/image-a-la-une-16.jpg\" \/>\n\t<meta property=\"og:image:width\" content=\"1620\" \/>\n\t<meta property=\"og:image:height\" content=\"668\" \/>\n\t<meta property=\"og:image:type\" content=\"image\/jpeg\" \/>\n<meta name=\"twitter:card\" content=\"summary_large_image\" \/>\n<meta name=\"twitter:site\" content=\"@nbc_bois\" \/>\n<meta name=\"twitter:label1\" content=\"Dur\u00e9e de lecture estim\u00e9e\" \/>\n\t<meta name=\"twitter:data1\" content=\"2 minutes\" \/>\n<script type=\"application\/ld+json\" class=\"yoast-schema-graph\">{\"@context\":\"https:\/\/schema.org\",\"@graph\":[{\"@type\":\"WebPage\",\"@id\":\"https:\/\/www.nature-bois-concept.com\/magazine\/terrasse-bois\/guides\/avant-achat\/choisir-sa-terrasse\/massaranduba\/\",\"url\":\"https:\/\/www.nature-bois-concept.com\/magazine\/terrasse-bois\/guides\/avant-achat\/choisir-sa-terrasse\/massaranduba\/\",\"name\":\"Connaissez-vous le bois exotique Massaranduba ?\",\"isPartOf\":{\"@id\":\"https:\/\/www.nature-bois-concept.com\/magazine\/#website\"},\"primaryImageOfPage\":{\"@id\":\"https:\/\/www.nature-bois-concept.com\/magazine\/terrasse-bois\/guides\/avant-achat\/choisir-sa-terrasse\/massaranduba\/#primaryimage\"},\"image\":{\"@id\":\"https:\/\/www.nature-bois-concept.com\/magazine\/terrasse-bois\/guides\/avant-achat\/choisir-sa-terrasse\/massaranduba\/#primaryimage\"},\"thumbnailUrl\":\"https:\/\/www.nature-bois-concept.com\/magazine\/wp-content\/uploads\/2016\/06\/image-a-la-une-16.jpg\",\"datePublished\":\"2016-06-29T08:08:26+00:00\",\"dateModified\":\"2017-04-27T15:55:13+00:00\",\"description\":\"Vous ne connaissez pas encore le bois Massaranduba ? Alors d\u00e9couvrez sans plus attendre la nouvelle tendance en essence bois pour terrasse.\",\"breadcrumb\":{\"@id\":\"https:\/\/www.nature-bois-concept.com\/magazine\/terrasse-bois\/guides\/avant-achat\/choisir-sa-terrasse\/massaranduba\/#breadcrumb\"},\"inLanguage\":\"fr-FR\",\"potentialAction\":[{\"@type\":\"ReadAction\",\"target\":[\"https:\/\/www.nature-bois-concept.com\/magazine\/terrasse-bois\/guides\/avant-achat\/choisir-sa-terrasse\/massaranduba\/\"]}]},{\"@type\":\"ImageObject\",\"inLanguage\":\"fr-FR\",\"@id\":\"https:\/\/www.nature-bois-concept.com\/magazine\/terrasse-bois\/guides\/avant-achat\/choisir-sa-terrasse\/massaranduba\/#primaryimage\",\"url\":\"https:\/\/www.nature-bois-concept.com\/magazine\/wp-content\/uploads\/2016\/06\/image-a-la-une-16.jpg\",\"contentUrl\":\"https:\/\/www.nature-bois-concept.com\/magazine\/wp-content\/uploads\/2016\/06\/image-a-la-une-16.jpg\",\"width\":1620,\"height\":668,\"caption\":\"terrasse nois exotique exception\"},{\"@type\":\"BreadcrumbList\",\"@id\":\"https:\/\/www.nature-bois-concept.com\/magazine\/terrasse-bois\/guides\/avant-achat\/choisir-sa-terrasse\/massaranduba\/#breadcrumb\",\"itemListElement\":[{\"@type\":\"ListItem\",\"position\":1,\"name\":\"Magazine NBC\",\"item\":\"https:\/\/www.nature-bois-concept.com\/magazine\/\"},{\"@type\":\"ListItem\",\"position\":2,\"name\":\"Terrasse bois\",\"item\":\"https:\/\/www.nature-bois-concept.com\/magazine\/terrasse-bois\/\"},{\"@type\":\"ListItem\",\"position\":3,\"name\":\"Nos guides sur la Terrasse\",\"item\":\"https:\/\/www.nature-bois-concept.com\/magazine\/terrasse-bois\/guides\/\"},{\"@type\":\"ListItem\",\"position\":4,\"name\":\"Tout ce qu&rsquo;il faut savoir avant l&rsquo;achat de sa Terrasse\",\"item\":\"https:\/\/www.nature-bois-concept.com\/magazine\/terrasse-bois\/guides\/avant-achat\/\"},{\"@type\":\"ListItem\",\"position\":5,\"name\":\"Choisir sa terrasse bois\",\"item\":\"https:\/\/www.nature-bois-concept.com\/magazine\/terrasse-bois\/guides\/avant-achat\/choisir-sa-terrasse\/\"},{\"@type\":\"ListItem\",\"position\":6,\"name\":\"Connaissez-vous le Massaranduba ?\"}]},{\"@type\":\"WebSite\",\"@id\":\"https:\/\/www.nature-bois-concept.com\/magazine\/#website\",\"url\":\"https:\/\/www.nature-bois-concept.com\/magazine\/\",\"name\":\"Magazine Nature Bois Concept\",\"description\":\"En association avec Nature Bois Concept\",\"potentialAction\":[{\"@type\":\"SearchAction\",\"target\":{\"@type\":\"EntryPoint\",\"urlTemplate\":\"https:\/\/www.nature-bois-concept.com\/magazine\/?s={search_term_string}\"},\"query-input\":\"required name=search_term_string\"}],\"inLanguage\":\"fr-FR\"}]}<\/script>\n<!-- \/ Yoast SEO plugin. -->","yoast_head_json":{"title":"Connaissez-vous le bois exotique Massaranduba ?","description":"Vous ne connaissez pas encore le bois Massaranduba ? Alors d\u00e9couvrez sans plus attendre la nouvelle tendance en essence bois pour terrasse.","robots":{"index":"index","follow":"follow","max-snippet":"max-snippet:-1","max-image-preview":"max-image-preview:large","max-video-preview":"max-video-preview:-1"},"canonical":"https:\/\/www.nature-bois-concept.com\/magazine\/terrasse-bois\/guides\/avant-achat\/choisir-sa-terrasse\/massaranduba\/","og_locale":"fr_FR","og_type":"article","og_title":"Connaissez-vous le bois exotique Massaranduba ?","og_description":"Vous ne connaissez pas encore le bois Massaranduba ? Alors d\u00e9couvrez sans plus attendre la nouvelle tendance en essence bois pour terrasse.","og_url":"https:\/\/www.nature-bois-concept.com\/magazine\/terrasse-bois\/guides\/avant-achat\/choisir-sa-terrasse\/massaranduba\/","og_site_name":"Magazine Nature Bois Concept","article_publisher":"https:\/\/www.facebook.com\/Nature-Bois-Concept-1596307970584169\/","article_modified_time":"2017-04-27T15:55:13+00:00","og_image":[{"width":1620,"height":668,"url":"https:\/\/www.nature-bois-concept.com\/magazine\/wp-content\/uploads\/2016\/06\/image-a-la-une-16.jpg","type":"image\/jpeg"}],"twitter_card":"summary_large_image","twitter_site":"@nbc_bois","twitter_misc":{"Dur\u00e9e de lecture estim\u00e9e":"2 minutes"},"schema":{"@context":"https:\/\/schema.org","@graph":[{"@type":"WebPage","@id":"https:\/\/www.nature-bois-concept.com\/magazine\/terrasse-bois\/guides\/avant-achat\/choisir-sa-terrasse\/massaranduba\/","url":"https:\/\/www.nature-bois-concept.com\/magazine\/terrasse-bois\/guides\/avant-achat\/choisir-sa-terrasse\/massaranduba\/","name":"Connaissez-vous le bois exotique Massaranduba ?","isPartOf":{"@id":"https:\/\/www.nature-bois-concept.com\/magazine\/#website"},"primaryImageOfPage":{"@id":"https:\/\/www.nature-bois-concept.com\/magazine\/terrasse-bois\/guides\/avant-achat\/choisir-sa-terrasse\/massaranduba\/#primaryimage"},"image":{"@id":"https:\/\/www.nature-bois-concept.com\/magazine\/terrasse-bois\/guides\/avant-achat\/choisir-sa-terrasse\/massaranduba\/#primaryimage"},"thumbnailUrl":"https:\/\/www.nature-bois-concept.com\/magazine\/wp-content\/uploads\/2016\/06\/image-a-la-une-16.jpg","datePublished":"2016-06-29T08:08:26+00:00","dateModified":"2017-04-27T15:55:13+00:00","description":"Vous ne connaissez pas encore le bois Massaranduba ? Alors d\u00e9couvrez sans plus attendre la nouvelle tendance en essence bois pour terrasse.","breadcrumb":{"@id":"https:\/\/www.nature-bois-concept.com\/magazine\/terrasse-bois\/guides\/avant-achat\/choisir-sa-terrasse\/massaranduba\/#breadcrumb"},"inLanguage":"fr-FR","potentialAction":[{"@type":"ReadAction","target":["https:\/\/www.nature-bois-concept.com\/magazine\/terrasse-bois\/guides\/avant-achat\/choisir-sa-terrasse\/massaranduba\/"]}]},{"@type":"ImageObject","inLanguage":"fr-FR","@id":"https:\/\/www.nature-bois-concept.com\/magazine\/terrasse-bois\/guides\/avant-achat\/choisir-sa-terrasse\/massaranduba\/#primaryimage","url":"https:\/\/www.nature-bois-concept.com\/magazine\/wp-content\/uploads\/2016\/06\/image-a-la-une-16.jpg","contentUrl":"https:\/\/www.nature-bois-concept.com\/magazine\/wp-content\/uploads\/2016\/06\/image-a-la-une-16.jpg","width":1620,"height":668,"caption":"terrasse nois exotique exception"},{"@type":"BreadcrumbList","@id":"https:\/\/www.nature-bois-concept.com\/magazine\/terrasse-bois\/guides\/avant-achat\/choisir-sa-terrasse\/massaranduba\/#breadcrumb","itemListElement":[{"@type":"ListItem","position":1,"name":"Magazine NBC","item":"https:\/\/www.nature-bois-concept.com\/magazine\/"},{"@type":"ListItem","position":2,"name":"Terrasse bois","item":"https:\/\/www.nature-bois-concept.com\/magazine\/terrasse-bois\/"},{"@type":"ListItem","position":3,"name":"Nos guides sur la Terrasse","item":"https:\/\/www.nature-bois-concept.com\/magazine\/terrasse-bois\/guides\/"},{"@type":"ListItem","position":4,"name":"Tout ce qu&rsquo;il faut savoir avant l&rsquo;achat de sa Terrasse","item":"https:\/\/www.nature-bois-concept.com\/magazine\/terrasse-bois\/guides\/avant-achat\/"},{"@type":"ListItem","position":5,"name":"Choisir sa terrasse bois","item":"https:\/\/www.nature-bois-concept.com\/magazine\/terrasse-bois\/guides\/avant-achat\/choisir-sa-terrasse\/"},{"@type":"ListItem","position":6,"name":"Connaissez-vous le Massaranduba ?"}]},{"@type":"WebSite","@id":"https:\/\/www.nature-bois-concept.com\/magazine\/#website","url":"https:\/\/www.nature-bois-concept.com\/magazine\/","name":"Magazine Nature Bois Concept","description":"En association avec Nature Bois Concept","potentialAction":[{"@type":"SearchAction","target":{"@type":"EntryPoint","urlTemplate":"https:\/\/www.nature-bois-concept.com\/magazine\/?s={search_term_string}"},"query-input":"required name=search_term_string"}],"inLanguage":"fr-FR"}]}},"_links":{"self":[{"href":"https:\/\/www.nature-bois-concept.com\/magazine\/wp-json\/wp\/v2\/pages\/663"}],"collection":[{"href":"https:\/\/www.nature-bois-concept.com\/magazine\/wp-json\/wp\/v2\/pages"}],"about":[{"href":"https:\/\/www.nature-bois-concept.com\/magazine\/wp-json\/wp\/v2\/types\/page"}],"author":[{"embeddable":true,"href":"https:\/\/www.nature-bois-concept.com\/magazine\/wp-json\/wp\/v2\/users\/2"}],"replies":[{"embeddable":true,"href":"https:\/\/www.nature-bois-concept.com\/magazine\/wp-json\/wp\/v2\/comments?post=663"}],"version-history":[{"count":14,"href":"https:\/\/www.nature-bois-concept.com\/magazine\/wp-json\/wp\/v2\/pages\/663\/revisions"}],"predecessor-version":[{"id":3462,"href":"https:\/\/www.nature-bois-concept.com\/magazine\/wp-json\/wp\/v2\/pages\/663\/revisions\/3462"}],"up":[{"embeddable":true,"href":"https:\/\/www.nature-bois-concept.com\/magazine\/wp-json\/wp\/v2\/pages\/564"}],"wp:featuredmedia":[{"embeddable":true,"href":"https:\/\/www.nature-bois-concept.com\/magazine\/wp-json\/wp\/v2\/media\/1381"}],"wp:attachment":[{"href":"https:\/\/www.nature-bois-concept.com\/magazine\/wp-json\/wp\/v2\/media?parent=663"}],"curies":[{"name":"wp","href":"https:\/\/api.w.org\/{rel}","templated":true}]}}