{"id":662,"date":"2016-06-29T10:03:53","date_gmt":"2016-06-29T08:03:53","guid":{"rendered":"https:\/\/www.nature-bois-concept.com\/magazine\/?page_id=662"},"modified":"2021-08-18T11:38:22","modified_gmt":"2021-08-18T09:38:22","slug":"cumaru-rosa-ferro","status":"publish","type":"page","link":"https:\/\/www.nature-bois-concept.com\/magazine\/terrasse-bois\/guides\/avant-achat\/choisir-sa-terrasse\/cumaru-rosa-ferro\/","title":{"rendered":"Bois exotique Cumaru Rosa ou Ferro, soulevons le d\u00e9bat !"},"content":{"rendered":"<p style=\"text-align: justify;\">Le bois exotique Cumaru est produit dans de nombreux pays d\u2019Am\u00e9rique du sud qui ont chacun adopt\u00e9 une appellation diff\u00e9rente, Kumaru, Amarillo, Cumaru Ferro, Cumaru Rosa, cumaru amarillo\u2026<\/p>\n<p style=\"text-align: justify;\">L\u2019ensemble des pays producteurs de bois exotique Cumaru avec leurs appellations :<\/p>\n<ul>\n<li>Bolivie : Almendrillo<\/li>\n<li>Br\u00e9sil : Cumaru, Cumaru Ferro, Cumarurana, Champanha<\/li>\n<li>Colombie : Sarrapia<\/li>\n<li>Guyana : Kumaru, Tonka Bean<\/li>\n<li>Guyane Fran\u00e7aise : Gaiac de Cayenne, Tonka<\/li>\n<li>Honduras : Ebo<\/li>\n<li>P\u00e9rou : Charapilla, Shihuahuaco Amarillo<\/li>\n<li>Suriname : Koemaroe, Tonka<\/li>\n<li>V\u00e9n\u00e9zuela : Sarrapia<\/li>\n<\/ul>\n<p style=\"text-align: justify;\">Mais alors avec toutes ces appellations et pays d\u2019origines diff\u00e9rentes, quel type <a href=\"https:\/\/www.nature-bois-concept.com\/magazine\/terrasse-bois\/guides\/avant-achat\/choisir-sa-terrasse\/\">choisir pour sa terrasse<\/a> ? De plus le s\u00e9chage du bois est un facteur cl\u00e9 \u00e0 l\u2019utilisation de ce bois en ext\u00e9rieur. Nature Bois Concept vous \u00e9claire sur la question en plusieurs points.<\/p>\n<h2>Quelles sont les caract\u00e9ristiques du bois exotique Cumaru<\/h2>\n<p>Bois d\u2019Am\u00e9rique du sud, naturellement imputrescible de classe 4, il est connu et reconnu pour \u00eatre une alternative \u00e0 l\u2019Ip\u00e9. Moins cher que ce dernier, il est tr\u00e8s similaire avec une densit\u00e9 d\u2019environ 1000 kg\/m3 et une formidable r\u00e9sistance aux agressions ext\u00e9rieures telles que les insectes ou les champignons.<\/p>\n<p style=\"text-align: justify;\">Bois pouvant \u00eatre totalement immerg\u00e9 dans l\u2019eau douce, il est fr\u00e9quent de l\u2019utiliser dans les zones humides comme un tour de piscine. Naturellement nerveux, il doit \u00eatre commercialis\u00e9 sec s\u00e9choir (KD) afin d\u2019atteindre une stabilit\u00e9 permettant la pose en terrasse ou am\u00e9nagement ext\u00e9rieur bois (taux d\u2019hygrom\u00e9trie entre 16% et 18%). Cette nervosit\u00e9 lui conf\u00e8re quelques particularit\u00e9s qui font l\u2019originalit\u00e9 de cette essence. Le bois pr\u00e9sente un veinage atypique qui lui donne une finition magnifique.<\/p>\n<p style=\"text-align: justify;\"><img loading=\"lazy\" decoding=\"async\" class=\"aligncenter size-full wp-image-1373\" src=\"https:\/\/www.nature-bois-concept.com\/magazine\/wp-content\/uploads\/2016\/06\/image-article3.jpg\" alt=\"image-article3\" width=\"1200\" height=\"496\" srcset=\"https:\/\/www.nature-bois-concept.com\/magazine\/wp-content\/uploads\/2016\/06\/image-article3.jpg 1200w, https:\/\/www.nature-bois-concept.com\/magazine\/wp-content\/uploads\/2016\/06\/image-article3-300x124.jpg 300w, https:\/\/www.nature-bois-concept.com\/magazine\/wp-content\/uploads\/2016\/06\/image-article3-768x317.jpg 768w, https:\/\/www.nature-bois-concept.com\/magazine\/wp-content\/uploads\/2016\/06\/image-article3-1024x423.jpg 1024w, https:\/\/www.nature-bois-concept.com\/magazine\/wp-content\/uploads\/2016\/06\/image-article3-1060x438.jpg 1060w\" sizes=\"(max-width: 1200px) 100vw, 1200px\" \/><\/p>\n<h2>La couleur du bois exotique Cumaru est-elle un gage de qualit\u00e9?<\/h2>\n<p style=\"text-align: justify;\">Nous ne pouvons pas dire que la couleur du bois soit un indicateur de la qualit\u00e9 du bois exotique Cumaru.<\/p>\n<p style=\"text-align: justify;\">Il existe bon nombre de vari\u00e9t\u00e9s de Cumaru ayant des nuances de couleurs, cela est valable pour beaucoup d\u2019essences exotiques comme l\u2019IP\u00c9 qui pr\u00e9sente pr\u00e8s de 30 teintes diff\u00e9rentes. Il ne faut donc pas se focaliser sur la couleur du bois, mais plut\u00f4t sur la qualit\u00e9 de la production.<\/p>\n<h2>Br\u00e9sil, Bolivie, Colombie ou P\u00e9rou, l\u2019origine du bois induit-elle sa qualit\u00e9 ?<\/h2>\n<p style=\"text-align: justify;\">Oui, il est possible que suivant les pays d\u2019origines, et les parcelles de croissances, le bois soit de meilleure qualit\u00e9. Maintenant l\u2019appellation Cumaru respecte une qualit\u00e9 initiale qui est tr\u00e8s satisfaisante. Il serait donc inexact de juger la qualit\u00e9 seulement sur l\u2019origine, car il existe d\u2019autres facteurs qui interviennent dans la qualit\u00e9 du produit final.<\/p>\n<p style=\"text-align: justify;\"><img loading=\"lazy\" decoding=\"async\" class=\"aligncenter size-full wp-image-1375\" src=\"https:\/\/www.nature-bois-concept.com\/magazine\/wp-content\/uploads\/2016\/06\/image-a-la-une2.jpg\" alt=\"image-a-la-une2\" width=\"1200\" height=\"496\" srcset=\"https:\/\/www.nature-bois-concept.com\/magazine\/wp-content\/uploads\/2016\/06\/image-a-la-une2.jpg 1200w, https:\/\/www.nature-bois-concept.com\/magazine\/wp-content\/uploads\/2016\/06\/image-a-la-une2-300x124.jpg 300w, https:\/\/www.nature-bois-concept.com\/magazine\/wp-content\/uploads\/2016\/06\/image-a-la-une2-768x317.jpg 768w, https:\/\/www.nature-bois-concept.com\/magazine\/wp-content\/uploads\/2016\/06\/image-a-la-une2-1024x423.jpg 1024w, https:\/\/www.nature-bois-concept.com\/magazine\/wp-content\/uploads\/2016\/06\/image-a-la-une2-1060x438.jpg 1060w\" sizes=\"(max-width: 1200px) 100vw, 1200px\" \/><\/p>\n<h2>Les facteurs \u00e0 prendre en compte dans la qualit\u00e9 du bois exotique Cumaru<\/h2>\n<h3>L\u2019origine du bois<\/h3>\n<p style=\"text-align: justify;\">Suivant les pays d\u2019origines, selon le climat et la parcelle, le bois aura des qualit\u00e9s divergentes. Cela est un facteur dans la qualit\u00e9 du produit mais ce n\u2019est pas le seul.<\/p>\n<h3>La production<\/h3>\n<p style=\"text-align: justify;\">Le deuxi\u00e8me facteur est la transformation du bois. Il est plus s\u00e9curisant de faire confiance \u00e0 une entreprise ayant une exp\u00e9rience importante dans l\u2019importation de bois exotique. Celle-ci aura la connaissance de sa transformation, de la scierie s\u00e9lectionnant les grumes de bois selon un cahier des charges concis, au rabotage pour une finition de qualit\u00e9.<\/p>\n<h3>Le s\u00e9chage<\/h3>\n<p style=\"text-align: justify;\">N\u2019oubliez pas de v\u00e9rifier le s\u00e9chage du bois, point cl\u00e9 d\u2019un bon Cumaru en lame de terrasse. Le bois doit \u00eatre s\u00e9ch\u00e9 en s\u00e9choir (KD pour Kiln Dry). Ce point est imp\u00e9ratif, le bois exotique Cumaru \u00e9tant naturellement nerveux, il doit \u00eatre s\u00e9ch\u00e9 en s\u00e9choir \u00e0 un taux d\u2019hygrom\u00e9trie entre 16% et 18% (selon le DTU 51.4 platelage bois). Gr\u00e2ce \u00e0 un s\u00e9chage ad\u00e9quat, il obtient une stabilit\u00e9 et une durabilit\u00e9 similaire \u00e0 un IP\u00c9 pour une terrasse durable.<\/p>\n<h3>Le d\u00e9veloppement durable de sa production<\/h3>\n<p style=\"text-align: justify;\">Le deuxi\u00e8me facteur est la certification du bois. En vous tournant vers un fournisseur poss\u00e9dant une fili\u00e8re d\u2019approvisionnement de qualit\u00e9 et l\u00e9gale, vous luttez contre l\u2019abattage et la distribution des bois ill\u00e9gaux. Ces bois ne sont pas sujets \u00e0 des v\u00e9rifications de qualit\u00e9 et donc ils seront syst\u00e9matiquement de moins bonne facture.<\/p>\n<p style=\"text-align: justify;\"><img loading=\"lazy\" decoding=\"async\" class=\"aligncenter size-full wp-image-1377\" src=\"https:\/\/www.nature-bois-concept.com\/magazine\/wp-content\/uploads\/2016\/06\/image-article-6.jpg\" alt=\"image-article\" width=\"1200\" height=\"496\" srcset=\"https:\/\/www.nature-bois-concept.com\/magazine\/wp-content\/uploads\/2016\/06\/image-article-6.jpg 1200w, https:\/\/www.nature-bois-concept.com\/magazine\/wp-content\/uploads\/2016\/06\/image-article-6-300x124.jpg 300w, https:\/\/www.nature-bois-concept.com\/magazine\/wp-content\/uploads\/2016\/06\/image-article-6-768x317.jpg 768w, https:\/\/www.nature-bois-concept.com\/magazine\/wp-content\/uploads\/2016\/06\/image-article-6-1024x423.jpg 1024w, https:\/\/www.nature-bois-concept.com\/magazine\/wp-content\/uploads\/2016\/06\/image-article-6-1060x438.jpg 1060w\" sizes=\"(max-width: 1200px) 100vw, 1200px\" \/><\/p>\n<h2>Le bois exotique Cumaru fait l\u2019unanimit\u00e9<\/h2>\n<p>Apr\u00e8s avoir lu cet article, nous esp\u00e9rons que vous aurez l\u2019ensemble des \u00e9l\u00e9ments pour mieux comprendre le bois exotique Cumaru pour votre projet de terrasse de bois. Lors du dernier salon International du bois de Nantes, la profession \u00e9tait d\u00e9j\u00e0 d\u2019accord pour dire que le Cumaru serait tr\u00e8s rapidement la star de nos terrasses en rempla\u00e7ant l\u2019IPE! Cette essence n\u2019a pas \u00e9t\u00e9 choisie par hasard! Pour ce qui est du Cumaru disponible sur notre stock, il est issu de scieries locales avec lesquelles nous travaillons depuis des dizaines d\u2019ann\u00e9es. Tous nos bois sont import\u00e9s l\u00e9galement avec des soci\u00e9t\u00e9s g\u00e9rant durablement leur production et s\u2019assurant de la qualit\u00e9 de leurs bois.<\/p>\n<p style=\"text-align: justify;\">Pour retrouver l\u2019ensemble des informations et r\u00e9aliser un devis, rendez-vous sur la page d\u00e9di\u00e9e au <a href=\"https:\/\/www.nature-bois-concept.com\/fr\/terrasse-bois\/exotique\/cumaru\/\" target=\"_blank\" rel=\"noopener noreferrer\">bois exotique Cumaru<\/a>.<\/p>\n","protected":false},"excerpt":{"rendered":"<p>Le bois exotique Cumaru est produit dans de nombreux pays d\u2019Am\u00e9rique du sud qui ont chacun adopt\u00e9 une appellation diff\u00e9rente, Kumaru, Amarillo, Cumaru Ferro, Cumaru Rosa, cumaru amarillo\u2026 L\u2019ensemble des pays producteurs de bois exotique Cumaru avec leurs appellations : Bolivie : Almendrillo Br\u00e9sil : Cumaru, Cumaru Ferro, Cumarurana, Champanha Colombie : Sarrapia Guyana : Kumaru, Tonka Bean Guyane Fran\u00e7aise : Gaiac de Cayenne, Tonka Honduras : Ebo P\u00e9rou :&#8230;<\/p>\n","protected":false},"author":2,"featured_media":1374,"parent":564,"menu_order":5,"comment_status":"closed","ping_status":"closed","template":"","meta":{"_acf_changed":false,"footnotes":""},"acf":[],"yoast_head":"<!-- This site is optimized with the Yoast SEO plugin v22.4 - https:\/\/yoast.com\/wordpress\/plugins\/seo\/ -->\n<title>Bois exotique Cumaru Rosa ou Ferro, soulevons le d\u00e9bat !<\/title>\n<meta name=\"description\" content=\"R\u00e9elle alternative \u00e0 l&#039;IP\u00c9, le bois exotique Cumaru fait d\u00e9bat \u00e0 cause de sa couleur. Nature Bois Bois Concept a souhait\u00e9 vous en dire plus sur le d\u00e9bat !\" \/>\n<meta name=\"robots\" content=\"index, follow, max-snippet:-1, max-image-preview:large, max-video-preview:-1\" \/>\n<link rel=\"canonical\" href=\"https:\/\/www.nature-bois-concept.com\/magazine\/terrasse-bois\/guides\/avant-achat\/choisir-sa-terrasse\/cumaru-rosa-ferro\/\" \/>\n<meta property=\"og:locale\" content=\"fr_FR\" \/>\n<meta property=\"og:type\" content=\"article\" \/>\n<meta property=\"og:title\" content=\"Bois exotique Cumaru Rosa ou Ferro, soulevons le d\u00e9bat !\" \/>\n<meta property=\"og:description\" content=\"R\u00e9elle alternative \u00e0 l&#039;IP\u00c9, le bois exotique Cumaru fait d\u00e9bat \u00e0 cause de sa couleur. Nature Bois Bois Concept a souhait\u00e9 vous en dire plus sur le d\u00e9bat !\" \/>\n<meta property=\"og:url\" content=\"https:\/\/www.nature-bois-concept.com\/magazine\/terrasse-bois\/guides\/avant-achat\/choisir-sa-terrasse\/cumaru-rosa-ferro\/\" \/>\n<meta property=\"og:site_name\" content=\"Magazine Nature Bois Concept\" \/>\n<meta property=\"article:publisher\" content=\"https:\/\/www.facebook.com\/Nature-Bois-Concept-1596307970584169\/\" \/>\n<meta property=\"article:modified_time\" content=\"2021-08-18T09:38:22+00:00\" \/>\n<meta property=\"og:image\" content=\"https:\/\/www.nature-bois-concept.com\/magazine\/wp-content\/uploads\/2016\/06\/image-a-la-une-15.jpg\" \/>\n\t<meta property=\"og:image:width\" content=\"1620\" \/>\n\t<meta property=\"og:image:height\" content=\"668\" \/>\n\t<meta property=\"og:image:type\" content=\"image\/jpeg\" \/>\n<meta name=\"twitter:card\" content=\"summary_large_image\" \/>\n<meta name=\"twitter:site\" content=\"@nbc_bois\" \/>\n<meta name=\"twitter:label1\" content=\"Dur\u00e9e de lecture estim\u00e9e\" \/>\n\t<meta name=\"twitter:data1\" content=\"4 minutes\" \/>\n<script type=\"application\/ld+json\" class=\"yoast-schema-graph\">{\"@context\":\"https:\/\/schema.org\",\"@graph\":[{\"@type\":\"WebPage\",\"@id\":\"https:\/\/www.nature-bois-concept.com\/magazine\/terrasse-bois\/guides\/avant-achat\/choisir-sa-terrasse\/cumaru-rosa-ferro\/\",\"url\":\"https:\/\/www.nature-bois-concept.com\/magazine\/terrasse-bois\/guides\/avant-achat\/choisir-sa-terrasse\/cumaru-rosa-ferro\/\",\"name\":\"Bois exotique Cumaru Rosa ou Ferro, soulevons le d\u00e9bat !\",\"isPartOf\":{\"@id\":\"https:\/\/www.nature-bois-concept.com\/magazine\/#website\"},\"primaryImageOfPage\":{\"@id\":\"https:\/\/www.nature-bois-concept.com\/magazine\/terrasse-bois\/guides\/avant-achat\/choisir-sa-terrasse\/cumaru-rosa-ferro\/#primaryimage\"},\"image\":{\"@id\":\"https:\/\/www.nature-bois-concept.com\/magazine\/terrasse-bois\/guides\/avant-achat\/choisir-sa-terrasse\/cumaru-rosa-ferro\/#primaryimage\"},\"thumbnailUrl\":\"https:\/\/www.nature-bois-concept.com\/magazine\/wp-content\/uploads\/2016\/06\/image-a-la-une-15.jpg\",\"datePublished\":\"2016-06-29T08:03:53+00:00\",\"dateModified\":\"2021-08-18T09:38:22+00:00\",\"description\":\"R\u00e9elle alternative \u00e0 l'IP\u00c9, le bois exotique Cumaru fait d\u00e9bat \u00e0 cause de sa couleur. Nature Bois Bois Concept a souhait\u00e9 vous en dire plus sur le d\u00e9bat !\",\"breadcrumb\":{\"@id\":\"https:\/\/www.nature-bois-concept.com\/magazine\/terrasse-bois\/guides\/avant-achat\/choisir-sa-terrasse\/cumaru-rosa-ferro\/#breadcrumb\"},\"inLanguage\":\"fr-FR\",\"potentialAction\":[{\"@type\":\"ReadAction\",\"target\":[\"https:\/\/www.nature-bois-concept.com\/magazine\/terrasse-bois\/guides\/avant-achat\/choisir-sa-terrasse\/cumaru-rosa-ferro\/\"]}]},{\"@type\":\"ImageObject\",\"inLanguage\":\"fr-FR\",\"@id\":\"https:\/\/www.nature-bois-concept.com\/magazine\/terrasse-bois\/guides\/avant-achat\/choisir-sa-terrasse\/cumaru-rosa-ferro\/#primaryimage\",\"url\":\"https:\/\/www.nature-bois-concept.com\/magazine\/wp-content\/uploads\/2016\/06\/image-a-la-une-15.jpg\",\"contentUrl\":\"https:\/\/www.nature-bois-concept.com\/magazine\/wp-content\/uploads\/2016\/06\/image-a-la-une-15.jpg\",\"width\":1620,\"height\":668,\"caption\":\"belle terrasse en bois exotique avec application de saturateur\"},{\"@type\":\"BreadcrumbList\",\"@id\":\"https:\/\/www.nature-bois-concept.com\/magazine\/terrasse-bois\/guides\/avant-achat\/choisir-sa-terrasse\/cumaru-rosa-ferro\/#breadcrumb\",\"itemListElement\":[{\"@type\":\"ListItem\",\"position\":1,\"name\":\"Magazine NBC\",\"item\":\"https:\/\/www.nature-bois-concept.com\/magazine\/\"},{\"@type\":\"ListItem\",\"position\":2,\"name\":\"Terrasse bois\",\"item\":\"https:\/\/www.nature-bois-concept.com\/magazine\/terrasse-bois\/\"},{\"@type\":\"ListItem\",\"position\":3,\"name\":\"Nos guides sur la Terrasse\",\"item\":\"https:\/\/www.nature-bois-concept.com\/magazine\/terrasse-bois\/guides\/\"},{\"@type\":\"ListItem\",\"position\":4,\"name\":\"Tout ce qu&rsquo;il faut savoir avant l&rsquo;achat de sa Terrasse\",\"item\":\"https:\/\/www.nature-bois-concept.com\/magazine\/terrasse-bois\/guides\/avant-achat\/\"},{\"@type\":\"ListItem\",\"position\":5,\"name\":\"Choisir sa terrasse bois\",\"item\":\"https:\/\/www.nature-bois-concept.com\/magazine\/terrasse-bois\/guides\/avant-achat\/choisir-sa-terrasse\/\"},{\"@type\":\"ListItem\",\"position\":6,\"name\":\"Bois exotique Cumaru Rosa ou Ferro, soulevons le d\u00e9bat !\"}]},{\"@type\":\"WebSite\",\"@id\":\"https:\/\/www.nature-bois-concept.com\/magazine\/#website\",\"url\":\"https:\/\/www.nature-bois-concept.com\/magazine\/\",\"name\":\"Magazine Nature Bois Concept\",\"description\":\"En association avec Nature Bois Concept\",\"potentialAction\":[{\"@type\":\"SearchAction\",\"target\":{\"@type\":\"EntryPoint\",\"urlTemplate\":\"https:\/\/www.nature-bois-concept.com\/magazine\/?s={search_term_string}\"},\"query-input\":\"required name=search_term_string\"}],\"inLanguage\":\"fr-FR\"}]}<\/script>\n<!-- \/ Yoast SEO plugin. -->","yoast_head_json":{"title":"Bois exotique Cumaru Rosa ou Ferro, soulevons le d\u00e9bat !","description":"R\u00e9elle alternative \u00e0 l'IP\u00c9, le bois exotique Cumaru fait d\u00e9bat \u00e0 cause de sa couleur. Nature Bois Bois Concept a souhait\u00e9 vous en dire plus sur le d\u00e9bat !","robots":{"index":"index","follow":"follow","max-snippet":"max-snippet:-1","max-image-preview":"max-image-preview:large","max-video-preview":"max-video-preview:-1"},"canonical":"https:\/\/www.nature-bois-concept.com\/magazine\/terrasse-bois\/guides\/avant-achat\/choisir-sa-terrasse\/cumaru-rosa-ferro\/","og_locale":"fr_FR","og_type":"article","og_title":"Bois exotique Cumaru Rosa ou Ferro, soulevons le d\u00e9bat !","og_description":"R\u00e9elle alternative \u00e0 l'IP\u00c9, le bois exotique Cumaru fait d\u00e9bat \u00e0 cause de sa couleur. Nature Bois Bois Concept a souhait\u00e9 vous en dire plus sur le d\u00e9bat !","og_url":"https:\/\/www.nature-bois-concept.com\/magazine\/terrasse-bois\/guides\/avant-achat\/choisir-sa-terrasse\/cumaru-rosa-ferro\/","og_site_name":"Magazine Nature Bois Concept","article_publisher":"https:\/\/www.facebook.com\/Nature-Bois-Concept-1596307970584169\/","article_modified_time":"2021-08-18T09:38:22+00:00","og_image":[{"width":1620,"height":668,"url":"https:\/\/www.nature-bois-concept.com\/magazine\/wp-content\/uploads\/2016\/06\/image-a-la-une-15.jpg","type":"image\/jpeg"}],"twitter_card":"summary_large_image","twitter_site":"@nbc_bois","twitter_misc":{"Dur\u00e9e de lecture estim\u00e9e":"4 minutes"},"schema":{"@context":"https:\/\/schema.org","@graph":[{"@type":"WebPage","@id":"https:\/\/www.nature-bois-concept.com\/magazine\/terrasse-bois\/guides\/avant-achat\/choisir-sa-terrasse\/cumaru-rosa-ferro\/","url":"https:\/\/www.nature-bois-concept.com\/magazine\/terrasse-bois\/guides\/avant-achat\/choisir-sa-terrasse\/cumaru-rosa-ferro\/","name":"Bois exotique Cumaru Rosa ou Ferro, soulevons le d\u00e9bat !","isPartOf":{"@id":"https:\/\/www.nature-bois-concept.com\/magazine\/#website"},"primaryImageOfPage":{"@id":"https:\/\/www.nature-bois-concept.com\/magazine\/terrasse-bois\/guides\/avant-achat\/choisir-sa-terrasse\/cumaru-rosa-ferro\/#primaryimage"},"image":{"@id":"https:\/\/www.nature-bois-concept.com\/magazine\/terrasse-bois\/guides\/avant-achat\/choisir-sa-terrasse\/cumaru-rosa-ferro\/#primaryimage"},"thumbnailUrl":"https:\/\/www.nature-bois-concept.com\/magazine\/wp-content\/uploads\/2016\/06\/image-a-la-une-15.jpg","datePublished":"2016-06-29T08:03:53+00:00","dateModified":"2021-08-18T09:38:22+00:00","description":"R\u00e9elle alternative \u00e0 l'IP\u00c9, le bois exotique Cumaru fait d\u00e9bat \u00e0 cause de sa couleur. Nature Bois Bois Concept a souhait\u00e9 vous en dire plus sur le d\u00e9bat !","breadcrumb":{"@id":"https:\/\/www.nature-bois-concept.com\/magazine\/terrasse-bois\/guides\/avant-achat\/choisir-sa-terrasse\/cumaru-rosa-ferro\/#breadcrumb"},"inLanguage":"fr-FR","potentialAction":[{"@type":"ReadAction","target":["https:\/\/www.nature-bois-concept.com\/magazine\/terrasse-bois\/guides\/avant-achat\/choisir-sa-terrasse\/cumaru-rosa-ferro\/"]}]},{"@type":"ImageObject","inLanguage":"fr-FR","@id":"https:\/\/www.nature-bois-concept.com\/magazine\/terrasse-bois\/guides\/avant-achat\/choisir-sa-terrasse\/cumaru-rosa-ferro\/#primaryimage","url":"https:\/\/www.nature-bois-concept.com\/magazine\/wp-content\/uploads\/2016\/06\/image-a-la-une-15.jpg","contentUrl":"https:\/\/www.nature-bois-concept.com\/magazine\/wp-content\/uploads\/2016\/06\/image-a-la-une-15.jpg","width":1620,"height":668,"caption":"belle terrasse en bois exotique avec application de saturateur"},{"@type":"BreadcrumbList","@id":"https:\/\/www.nature-bois-concept.com\/magazine\/terrasse-bois\/guides\/avant-achat\/choisir-sa-terrasse\/cumaru-rosa-ferro\/#breadcrumb","itemListElement":[{"@type":"ListItem","position":1,"name":"Magazine NBC","item":"https:\/\/www.nature-bois-concept.com\/magazine\/"},{"@type":"ListItem","position":2,"name":"Terrasse bois","item":"https:\/\/www.nature-bois-concept.com\/magazine\/terrasse-bois\/"},{"@type":"ListItem","position":3,"name":"Nos guides sur la Terrasse","item":"https:\/\/www.nature-bois-concept.com\/magazine\/terrasse-bois\/guides\/"},{"@type":"ListItem","position":4,"name":"Tout ce qu&rsquo;il faut savoir avant l&rsquo;achat de sa Terrasse","item":"https:\/\/www.nature-bois-concept.com\/magazine\/terrasse-bois\/guides\/avant-achat\/"},{"@type":"ListItem","position":5,"name":"Choisir sa terrasse bois","item":"https:\/\/www.nature-bois-concept.com\/magazine\/terrasse-bois\/guides\/avant-achat\/choisir-sa-terrasse\/"},{"@type":"ListItem","position":6,"name":"Bois exotique Cumaru Rosa ou Ferro, soulevons le d\u00e9bat !"}]},{"@type":"WebSite","@id":"https:\/\/www.nature-bois-concept.com\/magazine\/#website","url":"https:\/\/www.nature-bois-concept.com\/magazine\/","name":"Magazine Nature Bois Concept","description":"En association avec Nature Bois Concept","potentialAction":[{"@type":"SearchAction","target":{"@type":"EntryPoint","urlTemplate":"https:\/\/www.nature-bois-concept.com\/magazine\/?s={search_term_string}"},"query-input":"required name=search_term_string"}],"inLanguage":"fr-FR"}]}},"_links":{"self":[{"href":"https:\/\/www.nature-bois-concept.com\/magazine\/wp-json\/wp\/v2\/pages\/662"}],"collection":[{"href":"https:\/\/www.nature-bois-concept.com\/magazine\/wp-json\/wp\/v2\/pages"}],"about":[{"href":"https:\/\/www.nature-bois-concept.com\/magazine\/wp-json\/wp\/v2\/types\/page"}],"author":[{"embeddable":true,"href":"https:\/\/www.nature-bois-concept.com\/magazine\/wp-json\/wp\/v2\/users\/2"}],"replies":[{"embeddable":true,"href":"https:\/\/www.nature-bois-concept.com\/magazine\/wp-json\/wp\/v2\/comments?post=662"}],"version-history":[{"count":10,"href":"https:\/\/www.nature-bois-concept.com\/magazine\/wp-json\/wp\/v2\/pages\/662\/revisions"}],"predecessor-version":[{"id":6427,"href":"https:\/\/www.nature-bois-concept.com\/magazine\/wp-json\/wp\/v2\/pages\/662\/revisions\/6427"}],"up":[{"embeddable":true,"href":"https:\/\/www.nature-bois-concept.com\/magazine\/wp-json\/wp\/v2\/pages\/564"}],"wp:featuredmedia":[{"embeddable":true,"href":"https:\/\/www.nature-bois-concept.com\/magazine\/wp-json\/wp\/v2\/media\/1374"}],"wp:attachment":[{"href":"https:\/\/www.nature-bois-concept.com\/magazine\/wp-json\/wp\/v2\/media?parent=662"}],"curies":[{"name":"wp","href":"https:\/\/api.w.org\/{rel}","templated":true}]}}