{"id":660,"date":"2016-06-29T10:09:18","date_gmt":"2016-06-29T08:09:18","guid":{"rendered":"https:\/\/www.nature-bois-concept.com\/magazine\/?page_id=660"},"modified":"2020-08-03T09:32:14","modified_gmt":"2020-08-03T07:32:14","slug":"itauba","status":"publish","type":"page","link":"https:\/\/www.nature-bois-concept.com\/magazine\/terrasse-bois\/guides\/avant-achat\/choisir-sa-terrasse\/itauba\/","title":{"rendered":"D\u00e9couvrez le bois exotique Itauba"},"content":{"rendered":"<p style=\"text-align: justify;\">Provenant d\u2019Am\u00e9rique du Sud, ce bois est loin d\u2019\u00eatre une nouveaut\u00e9 en lame de terrasse, il est tr\u00e8s r\u00e9pandu sur le march\u00e9 belge et br\u00e9silien o\u00f9 il figure comme une r\u00e9f\u00e9rence. Cependant, loin d\u2019\u00eatre connu sur le territoire hexagonal, le bois exotique Itauba est n\u00e9anmoins tr\u00e8s r\u00e9put\u00e9 par tous les professionnels du domaine pour plusieurs crit\u00e8res.<\/p>\n<h2>Bois exotique Itauba, une r\u00e9sistance dans tous les domaines<\/h2>\n<p style=\"text-align: justify;\">Vrai mod\u00e8le pour ses caract\u00e9ristiques m\u00e9caniques, autant en stabilit\u00e9 qu\u2019en solidit\u00e9, le bois exotique Itauba produit des lames tr\u00e8s droites qui ne se d\u00e9forment et ne se fendillent pas avec le temps, cela est un bon point dans <a href=\"https:\/\/www.nature-bois-concept.com\/magazine\/terrasse-bois\/guides\/avant-achat\/choisir-sa-terrasse\/\">le choix de votre terrasse<\/a>.<\/p>\n<p style=\"text-align: justify;\">Ses attributs sont tr\u00e8s recherch\u00e9s pour les lieux accueillant du public, c\u2019est pourquoi il est fr\u00e9quent de le retrouver sur les terrasses des plus grands h\u00f4tels br\u00e9siliens. De plus sa finition de grande qualit\u00e9, ne demande pas d\u2019entretien particulier hormis un passage au nettoyeur \u00e0 basse pression, c\u2019est l\u2019id\u00e9al si vous avez une grande surface \u00e0 couvrir.<\/p>\n<p style=\"text-align: justify;\"><img loading=\"lazy\" decoding=\"async\" class=\"aligncenter size-full wp-image-1364\" src=\"https:\/\/www.nature-bois-concept.com\/magazine\/wp-content\/uploads\/2016\/06\/image-article-4.jpg\" alt=\"image-article\" width=\"1200\" height=\"496\" srcset=\"https:\/\/www.nature-bois-concept.com\/magazine\/wp-content\/uploads\/2016\/06\/image-article-4.jpg 1200w, https:\/\/www.nature-bois-concept.com\/magazine\/wp-content\/uploads\/2016\/06\/image-article-4-300x124.jpg 300w, https:\/\/www.nature-bois-concept.com\/magazine\/wp-content\/uploads\/2016\/06\/image-article-4-768x317.jpg 768w, https:\/\/www.nature-bois-concept.com\/magazine\/wp-content\/uploads\/2016\/06\/image-article-4-1024x423.jpg 1024w, https:\/\/www.nature-bois-concept.com\/magazine\/wp-content\/uploads\/2016\/06\/image-article-4-1060x438.jpg 1060w\" sizes=\"(max-width: 1200px) 100vw, 1200px\" \/><\/p>\n<h2>Finition premium, \u00e0 un prix accessible<\/h2>\n<p style=\"text-align: justify;\">Fourni dans une finition de premier choix, sans n\u0153ud ni contre-fil, il poss\u00e8de apr\u00e8s rabotage une couleur brune claire avec des reflets dor\u00e9s. Cette couleur ne sera que temporaire et va tr\u00e8s vite s\u2019att\u00e9nuer pour devenir ch\u00e2tain clair avec quelques variations de couleurs par parcimonie, ce qui lui conf\u00e8re un esth\u00e9tisme du plus bel effet.<\/p>\n<p style=\"text-align: justify;\">L\u2019eau de mer ne lui fait pas peur, en plus d\u2019\u00eatre solide et dur comme les meilleurs bois exotiques, il a la particularit\u00e9 d\u2019avoir une classe de durabilit\u00e9 de niveau 5. Il peut donc \u00eatre utilis\u00e9 dans les milieux en contact avec l\u2019eau de mer, sans risque de d\u00e9t\u00e9rioration. Cette r\u00e9sistance fait de lui un mat\u00e9riau r\u00e9guli\u00e8rement utilis\u00e9 sur les constructions navales et hydrauliques.Une bonne id\u00e9e pour r\u00e9aliser un tour de piscine \u00e0 l\u2019eau de mer ou bien un quai pour y amarrer un bateau.<\/p>\n<p style=\"text-align: justify;\"><img loading=\"lazy\" decoding=\"async\" class=\"aligncenter size-full wp-image-1365\" src=\"https:\/\/www.nature-bois-concept.com\/magazine\/wp-content\/uploads\/2016\/06\/1-2.jpg\" alt=\"1\" width=\"1200\" height=\"496\" srcset=\"https:\/\/www.nature-bois-concept.com\/magazine\/wp-content\/uploads\/2016\/06\/1-2.jpg 1200w, https:\/\/www.nature-bois-concept.com\/magazine\/wp-content\/uploads\/2016\/06\/1-2-300x124.jpg 300w, https:\/\/www.nature-bois-concept.com\/magazine\/wp-content\/uploads\/2016\/06\/1-2-768x317.jpg 768w, https:\/\/www.nature-bois-concept.com\/magazine\/wp-content\/uploads\/2016\/06\/1-2-1024x423.jpg 1024w, https:\/\/www.nature-bois-concept.com\/magazine\/wp-content\/uploads\/2016\/06\/1-2-1060x438.jpg 1060w\" sizes=\"(max-width: 1200px) 100vw, 1200px\" \/><\/p>\n<p><strong>\u00c0 savoir<\/strong> :<\/p>\n<p style=\"text-align: justify;\">Si vous d\u00e9cidez d\u2019installer des lames de terrasse en milieu salin, pr\u00e9voyez des vis de fixation en inox A4 r\u00e9sistantes aux agressions de l\u2019eau sal\u00e9e.<\/p>\n<p style=\"text-align: justify;\">Pour plus d\u2019informations sur ces vis \u00e0 t\u00eates r\u00e9duites produites par la marque SPAX, ou bien pour les commander. Rendez-vous sur le devis en ligne pour tout projet global, ou sur notre boutique, \u00e0 partir de ce <a href=\"https:\/\/www.nature-bois-concept.com\/terrasse-bois-exotique-itauba.php\" target=\"_blank\" rel=\"noopener noreferrer\">lien<\/a>.<\/p>\n<p style=\"text-align: justify;\">Alors succomberez-vous \u00e0 une terrasse en bois exotique Itauba ? Pour notre part, nous sommes d\u00e9j\u00e0 convaincus par cette essence qui a pris sa place dans notre d\u00e9p\u00f4t.<\/p>\n<p style=\"text-align: justify;\">\u00c0 votre tour de le d\u00e9couvrir via notre page d\u00e9di\u00e9e aux <a href=\"https:\/\/www.nature-bois-concept.com\/terrasse-bois-exotique-itauba.php\" target=\"_blank\" rel=\"noopener noreferrer\">lames de terrasse en bois exotique Itauba<\/a>.<\/p>\n","protected":false},"excerpt":{"rendered":"<p>Provenant d\u2019Am\u00e9rique du Sud, ce bois est loin d\u2019\u00eatre une nouveaut\u00e9 en lame de terrasse, il est tr\u00e8s r\u00e9pandu sur le march\u00e9 belge et br\u00e9silien o\u00f9 il figure comme une r\u00e9f\u00e9rence. Cependant, loin d\u2019\u00eatre connu sur le territoire hexagonal, le bois exotique Itauba est n\u00e9anmoins tr\u00e8s r\u00e9put\u00e9 par tous les professionnels du domaine pour plusieurs crit\u00e8res. Bois exotique Itauba, une r\u00e9sistance dans tous les domaines Vrai mod\u00e8le pour ses caract\u00e9ristiques&#8230;<\/p>\n","protected":false},"author":2,"featured_media":1367,"parent":564,"menu_order":3,"comment_status":"closed","ping_status":"closed","template":"","meta":{"_acf_changed":false,"footnotes":""},"acf":[],"yoast_head":"<!-- This site is optimized with the Yoast SEO plugin v22.4 - https:\/\/yoast.com\/wordpress\/plugins\/seo\/ -->\n<title>D\u00e9couvrez le bois exotique Itauba - Le magazine Nature Bois Concept<\/title>\n<meta name=\"description\" content=\"Bois premium peu connu en France, le bois exotique Itauba ferra le bonheur de votre jardin ou balcon avec sa stabilit\u00e9 et sa r\u00e9sistance \u00e0 toute \u00e9preuve.\" \/>\n<meta name=\"robots\" content=\"index, follow, max-snippet:-1, max-image-preview:large, max-video-preview:-1\" \/>\n<link rel=\"canonical\" href=\"https:\/\/www.nature-bois-concept.com\/magazine\/terrasse-bois\/guides\/avant-achat\/choisir-sa-terrasse\/itauba\/\" \/>\n<meta property=\"og:locale\" content=\"fr_FR\" \/>\n<meta property=\"og:type\" content=\"article\" \/>\n<meta property=\"og:title\" content=\"D\u00e9couvrez le bois exotique Itauba - Le magazine Nature Bois Concept\" \/>\n<meta property=\"og:description\" content=\"Bois premium peu connu en France, le bois exotique Itauba ferra le bonheur de votre jardin ou balcon avec sa stabilit\u00e9 et sa r\u00e9sistance \u00e0 toute \u00e9preuve.\" \/>\n<meta property=\"og:url\" content=\"https:\/\/www.nature-bois-concept.com\/magazine\/terrasse-bois\/guides\/avant-achat\/choisir-sa-terrasse\/itauba\/\" \/>\n<meta property=\"og:site_name\" content=\"Magazine Nature Bois Concept\" \/>\n<meta property=\"article:publisher\" content=\"https:\/\/www.facebook.com\/Nature-Bois-Concept-1596307970584169\/\" \/>\n<meta property=\"article:modified_time\" content=\"2020-08-03T07:32:14+00:00\" \/>\n<meta property=\"og:image\" content=\"https:\/\/www.nature-bois-concept.com\/magazine\/wp-content\/uploads\/2016\/06\/image-a-la-une1.jpg\" \/>\n\t<meta property=\"og:image:width\" content=\"1620\" \/>\n\t<meta property=\"og:image:height\" content=\"668\" \/>\n\t<meta property=\"og:image:type\" content=\"image\/jpeg\" \/>\n<meta name=\"twitter:card\" content=\"summary_large_image\" \/>\n<meta name=\"twitter:site\" content=\"@nbc_bois\" \/>\n<meta name=\"twitter:label1\" content=\"Dur\u00e9e de lecture estim\u00e9e\" \/>\n\t<meta name=\"twitter:data1\" content=\"3 minutes\" \/>\n<script type=\"application\/ld+json\" class=\"yoast-schema-graph\">{\"@context\":\"https:\/\/schema.org\",\"@graph\":[{\"@type\":\"WebPage\",\"@id\":\"https:\/\/www.nature-bois-concept.com\/magazine\/terrasse-bois\/guides\/avant-achat\/choisir-sa-terrasse\/itauba\/\",\"url\":\"https:\/\/www.nature-bois-concept.com\/magazine\/terrasse-bois\/guides\/avant-achat\/choisir-sa-terrasse\/itauba\/\",\"name\":\"D\u00e9couvrez le bois exotique Itauba - Le magazine Nature Bois Concept\",\"isPartOf\":{\"@id\":\"https:\/\/www.nature-bois-concept.com\/magazine\/#website\"},\"primaryImageOfPage\":{\"@id\":\"https:\/\/www.nature-bois-concept.com\/magazine\/terrasse-bois\/guides\/avant-achat\/choisir-sa-terrasse\/itauba\/#primaryimage\"},\"image\":{\"@id\":\"https:\/\/www.nature-bois-concept.com\/magazine\/terrasse-bois\/guides\/avant-achat\/choisir-sa-terrasse\/itauba\/#primaryimage\"},\"thumbnailUrl\":\"https:\/\/www.nature-bois-concept.com\/magazine\/wp-content\/uploads\/2016\/06\/image-a-la-une1.jpg\",\"datePublished\":\"2016-06-29T08:09:18+00:00\",\"dateModified\":\"2020-08-03T07:32:14+00:00\",\"description\":\"Bois premium peu connu en France, le bois exotique Itauba ferra le bonheur de votre jardin ou balcon avec sa stabilit\u00e9 et sa r\u00e9sistance \u00e0 toute \u00e9preuve.\",\"breadcrumb\":{\"@id\":\"https:\/\/www.nature-bois-concept.com\/magazine\/terrasse-bois\/guides\/avant-achat\/choisir-sa-terrasse\/itauba\/#breadcrumb\"},\"inLanguage\":\"fr-FR\",\"potentialAction\":[{\"@type\":\"ReadAction\",\"target\":[\"https:\/\/www.nature-bois-concept.com\/magazine\/terrasse-bois\/guides\/avant-achat\/choisir-sa-terrasse\/itauba\/\"]}]},{\"@type\":\"ImageObject\",\"inLanguage\":\"fr-FR\",\"@id\":\"https:\/\/www.nature-bois-concept.com\/magazine\/terrasse-bois\/guides\/avant-achat\/choisir-sa-terrasse\/itauba\/#primaryimage\",\"url\":\"https:\/\/www.nature-bois-concept.com\/magazine\/wp-content\/uploads\/2016\/06\/image-a-la-une1.jpg\",\"contentUrl\":\"https:\/\/www.nature-bois-concept.com\/magazine\/wp-content\/uploads\/2016\/06\/image-a-la-une1.jpg\",\"width\":1620,\"height\":668,\"caption\":\"bord de piscine zen\"},{\"@type\":\"BreadcrumbList\",\"@id\":\"https:\/\/www.nature-bois-concept.com\/magazine\/terrasse-bois\/guides\/avant-achat\/choisir-sa-terrasse\/itauba\/#breadcrumb\",\"itemListElement\":[{\"@type\":\"ListItem\",\"position\":1,\"name\":\"Magazine NBC\",\"item\":\"https:\/\/www.nature-bois-concept.com\/magazine\/\"},{\"@type\":\"ListItem\",\"position\":2,\"name\":\"Terrasse bois\",\"item\":\"https:\/\/www.nature-bois-concept.com\/magazine\/terrasse-bois\/\"},{\"@type\":\"ListItem\",\"position\":3,\"name\":\"Nos guides sur la Terrasse\",\"item\":\"https:\/\/www.nature-bois-concept.com\/magazine\/terrasse-bois\/guides\/\"},{\"@type\":\"ListItem\",\"position\":4,\"name\":\"Tout ce qu&rsquo;il faut savoir avant l&rsquo;achat de sa Terrasse\",\"item\":\"https:\/\/www.nature-bois-concept.com\/magazine\/terrasse-bois\/guides\/avant-achat\/\"},{\"@type\":\"ListItem\",\"position\":5,\"name\":\"Choisir sa terrasse bois\",\"item\":\"https:\/\/www.nature-bois-concept.com\/magazine\/terrasse-bois\/guides\/avant-achat\/choisir-sa-terrasse\/\"},{\"@type\":\"ListItem\",\"position\":6,\"name\":\"D\u00e9couvrez le bois exotique Itauba\"}]},{\"@type\":\"WebSite\",\"@id\":\"https:\/\/www.nature-bois-concept.com\/magazine\/#website\",\"url\":\"https:\/\/www.nature-bois-concept.com\/magazine\/\",\"name\":\"Magazine Nature Bois Concept\",\"description\":\"En association avec Nature Bois Concept\",\"potentialAction\":[{\"@type\":\"SearchAction\",\"target\":{\"@type\":\"EntryPoint\",\"urlTemplate\":\"https:\/\/www.nature-bois-concept.com\/magazine\/?s={search_term_string}\"},\"query-input\":\"required name=search_term_string\"}],\"inLanguage\":\"fr-FR\"}]}<\/script>\n<!-- \/ Yoast SEO plugin. -->","yoast_head_json":{"title":"D\u00e9couvrez le bois exotique Itauba - Le magazine Nature Bois Concept","description":"Bois premium peu connu en France, le bois exotique Itauba ferra le bonheur de votre jardin ou balcon avec sa stabilit\u00e9 et sa r\u00e9sistance \u00e0 toute \u00e9preuve.","robots":{"index":"index","follow":"follow","max-snippet":"max-snippet:-1","max-image-preview":"max-image-preview:large","max-video-preview":"max-video-preview:-1"},"canonical":"https:\/\/www.nature-bois-concept.com\/magazine\/terrasse-bois\/guides\/avant-achat\/choisir-sa-terrasse\/itauba\/","og_locale":"fr_FR","og_type":"article","og_title":"D\u00e9couvrez le bois exotique Itauba - Le magazine Nature Bois Concept","og_description":"Bois premium peu connu en France, le bois exotique Itauba ferra le bonheur de votre jardin ou balcon avec sa stabilit\u00e9 et sa r\u00e9sistance \u00e0 toute \u00e9preuve.","og_url":"https:\/\/www.nature-bois-concept.com\/magazine\/terrasse-bois\/guides\/avant-achat\/choisir-sa-terrasse\/itauba\/","og_site_name":"Magazine Nature Bois Concept","article_publisher":"https:\/\/www.facebook.com\/Nature-Bois-Concept-1596307970584169\/","article_modified_time":"2020-08-03T07:32:14+00:00","og_image":[{"width":1620,"height":668,"url":"https:\/\/www.nature-bois-concept.com\/magazine\/wp-content\/uploads\/2016\/06\/image-a-la-une1.jpg","type":"image\/jpeg"}],"twitter_card":"summary_large_image","twitter_site":"@nbc_bois","twitter_misc":{"Dur\u00e9e de lecture estim\u00e9e":"3 minutes"},"schema":{"@context":"https:\/\/schema.org","@graph":[{"@type":"WebPage","@id":"https:\/\/www.nature-bois-concept.com\/magazine\/terrasse-bois\/guides\/avant-achat\/choisir-sa-terrasse\/itauba\/","url":"https:\/\/www.nature-bois-concept.com\/magazine\/terrasse-bois\/guides\/avant-achat\/choisir-sa-terrasse\/itauba\/","name":"D\u00e9couvrez le bois exotique Itauba - Le magazine Nature Bois Concept","isPartOf":{"@id":"https:\/\/www.nature-bois-concept.com\/magazine\/#website"},"primaryImageOfPage":{"@id":"https:\/\/www.nature-bois-concept.com\/magazine\/terrasse-bois\/guides\/avant-achat\/choisir-sa-terrasse\/itauba\/#primaryimage"},"image":{"@id":"https:\/\/www.nature-bois-concept.com\/magazine\/terrasse-bois\/guides\/avant-achat\/choisir-sa-terrasse\/itauba\/#primaryimage"},"thumbnailUrl":"https:\/\/www.nature-bois-concept.com\/magazine\/wp-content\/uploads\/2016\/06\/image-a-la-une1.jpg","datePublished":"2016-06-29T08:09:18+00:00","dateModified":"2020-08-03T07:32:14+00:00","description":"Bois premium peu connu en France, le bois exotique Itauba ferra le bonheur de votre jardin ou balcon avec sa stabilit\u00e9 et sa r\u00e9sistance \u00e0 toute \u00e9preuve.","breadcrumb":{"@id":"https:\/\/www.nature-bois-concept.com\/magazine\/terrasse-bois\/guides\/avant-achat\/choisir-sa-terrasse\/itauba\/#breadcrumb"},"inLanguage":"fr-FR","potentialAction":[{"@type":"ReadAction","target":["https:\/\/www.nature-bois-concept.com\/magazine\/terrasse-bois\/guides\/avant-achat\/choisir-sa-terrasse\/itauba\/"]}]},{"@type":"ImageObject","inLanguage":"fr-FR","@id":"https:\/\/www.nature-bois-concept.com\/magazine\/terrasse-bois\/guides\/avant-achat\/choisir-sa-terrasse\/itauba\/#primaryimage","url":"https:\/\/www.nature-bois-concept.com\/magazine\/wp-content\/uploads\/2016\/06\/image-a-la-une1.jpg","contentUrl":"https:\/\/www.nature-bois-concept.com\/magazine\/wp-content\/uploads\/2016\/06\/image-a-la-une1.jpg","width":1620,"height":668,"caption":"bord de piscine zen"},{"@type":"BreadcrumbList","@id":"https:\/\/www.nature-bois-concept.com\/magazine\/terrasse-bois\/guides\/avant-achat\/choisir-sa-terrasse\/itauba\/#breadcrumb","itemListElement":[{"@type":"ListItem","position":1,"name":"Magazine NBC","item":"https:\/\/www.nature-bois-concept.com\/magazine\/"},{"@type":"ListItem","position":2,"name":"Terrasse bois","item":"https:\/\/www.nature-bois-concept.com\/magazine\/terrasse-bois\/"},{"@type":"ListItem","position":3,"name":"Nos guides sur la Terrasse","item":"https:\/\/www.nature-bois-concept.com\/magazine\/terrasse-bois\/guides\/"},{"@type":"ListItem","position":4,"name":"Tout ce qu&rsquo;il faut savoir avant l&rsquo;achat de sa Terrasse","item":"https:\/\/www.nature-bois-concept.com\/magazine\/terrasse-bois\/guides\/avant-achat\/"},{"@type":"ListItem","position":5,"name":"Choisir sa terrasse bois","item":"https:\/\/www.nature-bois-concept.com\/magazine\/terrasse-bois\/guides\/avant-achat\/choisir-sa-terrasse\/"},{"@type":"ListItem","position":6,"name":"D\u00e9couvrez le bois exotique Itauba"}]},{"@type":"WebSite","@id":"https:\/\/www.nature-bois-concept.com\/magazine\/#website","url":"https:\/\/www.nature-bois-concept.com\/magazine\/","name":"Magazine Nature Bois Concept","description":"En association avec Nature Bois Concept","potentialAction":[{"@type":"SearchAction","target":{"@type":"EntryPoint","urlTemplate":"https:\/\/www.nature-bois-concept.com\/magazine\/?s={search_term_string}"},"query-input":"required name=search_term_string"}],"inLanguage":"fr-FR"}]}},"_links":{"self":[{"href":"https:\/\/www.nature-bois-concept.com\/magazine\/wp-json\/wp\/v2\/pages\/660"}],"collection":[{"href":"https:\/\/www.nature-bois-concept.com\/magazine\/wp-json\/wp\/v2\/pages"}],"about":[{"href":"https:\/\/www.nature-bois-concept.com\/magazine\/wp-json\/wp\/v2\/types\/page"}],"author":[{"embeddable":true,"href":"https:\/\/www.nature-bois-concept.com\/magazine\/wp-json\/wp\/v2\/users\/2"}],"replies":[{"embeddable":true,"href":"https:\/\/www.nature-bois-concept.com\/magazine\/wp-json\/wp\/v2\/comments?post=660"}],"version-history":[{"count":14,"href":"https:\/\/www.nature-bois-concept.com\/magazine\/wp-json\/wp\/v2\/pages\/660\/revisions"}],"predecessor-version":[{"id":8040,"href":"https:\/\/www.nature-bois-concept.com\/magazine\/wp-json\/wp\/v2\/pages\/660\/revisions\/8040"}],"up":[{"embeddable":true,"href":"https:\/\/www.nature-bois-concept.com\/magazine\/wp-json\/wp\/v2\/pages\/564"}],"wp:featuredmedia":[{"embeddable":true,"href":"https:\/\/www.nature-bois-concept.com\/magazine\/wp-json\/wp\/v2\/media\/1367"}],"wp:attachment":[{"href":"https:\/\/www.nature-bois-concept.com\/magazine\/wp-json\/wp\/v2\/media?parent=660"}],"curies":[{"name":"wp","href":"https:\/\/api.w.org\/{rel}","templated":true}]}}