{"id":658,"date":"2016-06-29T09:49:02","date_gmt":"2016-06-29T07:49:02","guid":{"rendered":"https:\/\/www.nature-bois-concept.com\/magazine\/?page_id=658"},"modified":"2021-08-18T11:36:51","modified_gmt":"2021-08-18T09:36:51","slug":"cumaru","status":"publish","type":"page","link":"https:\/\/www.nature-bois-concept.com\/magazine\/terrasse-bois\/guides\/avant-achat\/choisir-sa-terrasse\/cumaru\/","title":{"rendered":"Bois exotique Cumaru, notre coup de coeur"},"content":{"rendered":"<p style=\"text-align: justify;\">En ce d\u00e9but de saison, Nature Bois Concept vous d\u00e9voile son coup de c\u0153ur pour vous aidez \u00e0 <a href=\"https:\/\/www.nature-bois-concept.com\/magazine\/terrasse-bois\/guides\/avant-achat\/choisir-sa-terrasse\/\">choisir votre terrasse<\/a> le <strong>bois exotique <a href=\"https:\/\/www.nature-bois-concept.com\/magazine\/guide-bois\/essences\/bois-exotique\/cumaru\/\">Cumaru<\/a><\/strong>.<\/p>\n<h2>Le bois exotique Cumaru, un bois d\u2019Am\u00e9rique du Sud aux couleurs rouges<\/h2>\n<p style=\"text-align: justify;\">Ce bois originaire du Br\u00e9sil, de Colombie ou bien du P\u00e9rou, se d\u00e9marque par sa couleur brune aux teintes rouges ou jaunes, suivant la parcelle sur laquelle il s\u2019est d\u00e9velopp\u00e9. Ce bois pr\u00e9sente des caract\u00e9ristiques similaires \u00e0 l\u2019IPE, en effet le Cumaru poss\u00e8de une classe d\u2019utilisation de niveau 4, lui permettant de rester en contact permanent avec l\u2019eau et une densit\u00e9 \u00e9gale \u00e0 950 kg\/m3.<br \/>\nLe Cumaru est tellement proche de l\u2019IPE qu\u2019il est en train de le remplacer sur le march\u00e9.<\/p>\n<p style=\"text-align: justify;\"><img loading=\"lazy\" decoding=\"async\" class=\"aligncenter size-full wp-image-1357\" src=\"https:\/\/www.nature-bois-concept.com\/magazine\/wp-content\/uploads\/2016\/06\/3-5.jpg\" alt=\"3\" width=\"1200\" height=\"496\" srcset=\"https:\/\/www.nature-bois-concept.com\/magazine\/wp-content\/uploads\/2016\/06\/3-5.jpg 1200w, https:\/\/www.nature-bois-concept.com\/magazine\/wp-content\/uploads\/2016\/06\/3-5-300x124.jpg 300w, https:\/\/www.nature-bois-concept.com\/magazine\/wp-content\/uploads\/2016\/06\/3-5-768x317.jpg 768w, https:\/\/www.nature-bois-concept.com\/magazine\/wp-content\/uploads\/2016\/06\/3-5-1024x423.jpg 1024w, https:\/\/www.nature-bois-concept.com\/magazine\/wp-content\/uploads\/2016\/06\/3-5-1060x438.jpg 1060w\" sizes=\"(max-width: 1200px) 100vw, 1200px\" \/><\/p>\n<h2>Le Cumaru le bois exotique au meilleur rapport qualit\u00e9 prix<\/h2>\n<p style=\"text-align: justify;\">D\u00e9but 2015,\u00a0le Cumaru est en train de d\u00e9tr\u00f4ner l\u2019IPE, la star de la terrasse bois exotique jusqu\u2019alors.<br \/>\nL\u2019IPE par rapport au Cumaru est victime de son succ\u00e8s. Il est devenu difficile de s\u2019approvisionner, ce qui fait grimper les prix par rapport aux autres essences de bois exotique. Le Cumaru se trouve donc \u00eatre le bois id\u00e9al pour \u00e9quiper son ext\u00e9rieur d\u2019une agr\u00e9able terrasse bois au meilleur rapport qualit\u00e9 prix. Avec des caract\u00e9ristiques similaires il est en moyenne de 40 % moins cher que l\u2019IPE. Pour en savoir plus sur les caract\u00e9ristiques techniques, venez visiter <a href=\"https:\/\/www.nature-bois-concept.com\/fr\/terrasse-bois\/exotique\/cumaru\/\" target=\"_blank\" rel=\"noopener noreferrer\">la page qui lui est d\u00e9di\u00e9e<\/a>.<\/p>\n<h2><img loading=\"lazy\" decoding=\"async\" class=\"aligncenter size-full wp-image-1356\" src=\"https:\/\/www.nature-bois-concept.com\/magazine\/wp-content\/uploads\/2016\/06\/2-7.jpg\" alt=\"2\" width=\"1200\" height=\"496\" srcset=\"https:\/\/www.nature-bois-concept.com\/magazine\/wp-content\/uploads\/2016\/06\/2-7.jpg 1200w, https:\/\/www.nature-bois-concept.com\/magazine\/wp-content\/uploads\/2016\/06\/2-7-300x124.jpg 300w, https:\/\/www.nature-bois-concept.com\/magazine\/wp-content\/uploads\/2016\/06\/2-7-768x317.jpg 768w, https:\/\/www.nature-bois-concept.com\/magazine\/wp-content\/uploads\/2016\/06\/2-7-1024x423.jpg 1024w, https:\/\/www.nature-bois-concept.com\/magazine\/wp-content\/uploads\/2016\/06\/2-7-1060x438.jpg 1060w\" sizes=\"(max-width: 1200px) 100vw, 1200px\" \/><\/h2>\n<h2>Un bois facile d\u2019entretien<\/h2>\n<p style=\"text-align: justify;\">Ce bois n\u2019aura besoin que d\u2019un passage au Karcher (basse pression) une fois par an pour lui garantir une propret\u00e9 optimale \u00e0 chaque d\u00e9but de saison. Naturellement ce bois va griser, comme l\u2019ensemble des bois exotiques. Toutefois, si vous souhaitez garder la teinte d\u2019origine, il vous faudra pour cela appliquer un saturateur deux fois par an. \u00c0 l\u2019inverse si vous d\u00e9sirez retrouver la teinte d\u2019origine, il vous faudra appliquer un d\u00e9griseur. Ces deux produits sont disponibles sur notre site internet.<\/p>\n<p style=\"text-align: justify;\">Retrouvez les r\u00e9alisations de terrasse bois exotique Cumaru de nos clients, sur notre m\u00e9diath\u00e8que, ou bien sur la page qui retrace la pose d\u2019une terrasse en bois exotique Cumaru r\u00e9alis\u00e9e dans la Manche. Vous verrez que cette essence apporte une vraie valeur ajout\u00e9e \u00e0 votre <strong>am\u00e9nagement ext\u00e9rieur<\/strong>.<\/p>\n","protected":false},"excerpt":{"rendered":"<p>En ce d\u00e9but de saison, Nature Bois Concept vous d\u00e9voile son coup de c\u0153ur pour vous aidez \u00e0 choisir votre terrasse le bois exotique Cumaru. Le bois exotique Cumaru, un bois d\u2019Am\u00e9rique du Sud aux couleurs rouges Ce bois originaire du Br\u00e9sil, de Colombie ou bien du P\u00e9rou, se d\u00e9marque par sa couleur brune aux teintes rouges ou jaunes, suivant la parcelle sur laquelle il s\u2019est d\u00e9velopp\u00e9. Ce bois pr\u00e9sente&#8230;<\/p>\n","protected":false},"author":2,"featured_media":1355,"parent":564,"menu_order":1,"comment_status":"closed","ping_status":"closed","template":"","meta":{"_acf_changed":false,"footnotes":""},"acf":[],"yoast_head":"<!-- This site is optimized with the Yoast SEO plugin v22.4 - https:\/\/yoast.com\/wordpress\/plugins\/seo\/ -->\n<title>Bois exotique Cumaru, notre coup de coeur<\/title>\n<meta name=\"description\" content=\"Vous souhaitez une terrasse exotique au meilleur prix, ne cherchez plus le bois exotique Cumaru va vous satisfaire par sa grande qualit\u00e9 \u00e0 moindre co\u00fbt.\" \/>\n<meta name=\"robots\" content=\"index, follow, max-snippet:-1, max-image-preview:large, max-video-preview:-1\" \/>\n<link rel=\"canonical\" href=\"https:\/\/www.nature-bois-concept.com\/magazine\/terrasse-bois\/guides\/avant-achat\/choisir-sa-terrasse\/cumaru\/\" \/>\n<meta property=\"og:locale\" content=\"fr_FR\" \/>\n<meta property=\"og:type\" content=\"article\" \/>\n<meta property=\"og:title\" content=\"Bois exotique Cumaru, notre coup de coeur\" \/>\n<meta property=\"og:description\" content=\"Vous souhaitez une terrasse exotique au meilleur prix, ne cherchez plus le bois exotique Cumaru va vous satisfaire par sa grande qualit\u00e9 \u00e0 moindre co\u00fbt.\" \/>\n<meta property=\"og:url\" content=\"https:\/\/www.nature-bois-concept.com\/magazine\/terrasse-bois\/guides\/avant-achat\/choisir-sa-terrasse\/cumaru\/\" \/>\n<meta property=\"og:site_name\" content=\"Magazine Nature Bois Concept\" \/>\n<meta property=\"article:publisher\" content=\"https:\/\/www.facebook.com\/Nature-Bois-Concept-1596307970584169\/\" \/>\n<meta property=\"article:modified_time\" content=\"2021-08-18T09:36:51+00:00\" \/>\n<meta property=\"og:image\" content=\"https:\/\/www.nature-bois-concept.com\/magazine\/wp-content\/uploads\/2016\/06\/image-a-la-une-12-e1523459585646.jpg\" \/>\n\t<meta property=\"og:image:width\" content=\"1620\" \/>\n\t<meta property=\"og:image:height\" content=\"668\" \/>\n\t<meta property=\"og:image:type\" content=\"image\/jpeg\" \/>\n<meta name=\"twitter:card\" content=\"summary_large_image\" \/>\n<meta name=\"twitter:site\" content=\"@nbc_bois\" \/>\n<meta name=\"twitter:label1\" content=\"Dur\u00e9e de lecture estim\u00e9e\" \/>\n\t<meta name=\"twitter:data1\" content=\"2 minutes\" \/>\n<script type=\"application\/ld+json\" class=\"yoast-schema-graph\">{\"@context\":\"https:\/\/schema.org\",\"@graph\":[{\"@type\":\"WebPage\",\"@id\":\"https:\/\/www.nature-bois-concept.com\/magazine\/terrasse-bois\/guides\/avant-achat\/choisir-sa-terrasse\/cumaru\/\",\"url\":\"https:\/\/www.nature-bois-concept.com\/magazine\/terrasse-bois\/guides\/avant-achat\/choisir-sa-terrasse\/cumaru\/\",\"name\":\"Bois exotique Cumaru, notre coup de coeur\",\"isPartOf\":{\"@id\":\"https:\/\/www.nature-bois-concept.com\/magazine\/#website\"},\"primaryImageOfPage\":{\"@id\":\"https:\/\/www.nature-bois-concept.com\/magazine\/terrasse-bois\/guides\/avant-achat\/choisir-sa-terrasse\/cumaru\/#primaryimage\"},\"image\":{\"@id\":\"https:\/\/www.nature-bois-concept.com\/magazine\/terrasse-bois\/guides\/avant-achat\/choisir-sa-terrasse\/cumaru\/#primaryimage\"},\"thumbnailUrl\":\"https:\/\/www.nature-bois-concept.com\/magazine\/wp-content\/uploads\/2016\/06\/image-a-la-une-12-e1523459585646.jpg\",\"datePublished\":\"2016-06-29T07:49:02+00:00\",\"dateModified\":\"2021-08-18T09:36:51+00:00\",\"description\":\"Vous souhaitez une terrasse exotique au meilleur prix, ne cherchez plus le bois exotique Cumaru va vous satisfaire par sa grande qualit\u00e9 \u00e0 moindre co\u00fbt.\",\"breadcrumb\":{\"@id\":\"https:\/\/www.nature-bois-concept.com\/magazine\/terrasse-bois\/guides\/avant-achat\/choisir-sa-terrasse\/cumaru\/#breadcrumb\"},\"inLanguage\":\"fr-FR\",\"potentialAction\":[{\"@type\":\"ReadAction\",\"target\":[\"https:\/\/www.nature-bois-concept.com\/magazine\/terrasse-bois\/guides\/avant-achat\/choisir-sa-terrasse\/cumaru\/\"]}]},{\"@type\":\"ImageObject\",\"inLanguage\":\"fr-FR\",\"@id\":\"https:\/\/www.nature-bois-concept.com\/magazine\/terrasse-bois\/guides\/avant-achat\/choisir-sa-terrasse\/cumaru\/#primaryimage\",\"url\":\"https:\/\/www.nature-bois-concept.com\/magazine\/wp-content\/uploads\/2016\/06\/image-a-la-une-12-e1523459585646.jpg\",\"contentUrl\":\"https:\/\/www.nature-bois-concept.com\/magazine\/wp-content\/uploads\/2016\/06\/image-a-la-une-12-e1523459585646.jpg\",\"width\":1620,\"height\":668,\"caption\":\"Belle piscine en alu et terrasse en bois\"},{\"@type\":\"BreadcrumbList\",\"@id\":\"https:\/\/www.nature-bois-concept.com\/magazine\/terrasse-bois\/guides\/avant-achat\/choisir-sa-terrasse\/cumaru\/#breadcrumb\",\"itemListElement\":[{\"@type\":\"ListItem\",\"position\":1,\"name\":\"Magazine NBC\",\"item\":\"https:\/\/www.nature-bois-concept.com\/magazine\/\"},{\"@type\":\"ListItem\",\"position\":2,\"name\":\"Terrasse bois\",\"item\":\"https:\/\/www.nature-bois-concept.com\/magazine\/terrasse-bois\/\"},{\"@type\":\"ListItem\",\"position\":3,\"name\":\"Nos guides sur la Terrasse\",\"item\":\"https:\/\/www.nature-bois-concept.com\/magazine\/terrasse-bois\/guides\/\"},{\"@type\":\"ListItem\",\"position\":4,\"name\":\"Tout ce qu&rsquo;il faut savoir avant l&rsquo;achat de sa Terrasse\",\"item\":\"https:\/\/www.nature-bois-concept.com\/magazine\/terrasse-bois\/guides\/avant-achat\/\"},{\"@type\":\"ListItem\",\"position\":5,\"name\":\"Choisir sa terrasse bois\",\"item\":\"https:\/\/www.nature-bois-concept.com\/magazine\/terrasse-bois\/guides\/avant-achat\/choisir-sa-terrasse\/\"},{\"@type\":\"ListItem\",\"position\":6,\"name\":\"Bois exotique Cumaru, notre coup de coeur\"}]},{\"@type\":\"WebSite\",\"@id\":\"https:\/\/www.nature-bois-concept.com\/magazine\/#website\",\"url\":\"https:\/\/www.nature-bois-concept.com\/magazine\/\",\"name\":\"Magazine Nature Bois Concept\",\"description\":\"En association avec Nature Bois Concept\",\"potentialAction\":[{\"@type\":\"SearchAction\",\"target\":{\"@type\":\"EntryPoint\",\"urlTemplate\":\"https:\/\/www.nature-bois-concept.com\/magazine\/?s={search_term_string}\"},\"query-input\":\"required name=search_term_string\"}],\"inLanguage\":\"fr-FR\"}]}<\/script>\n<!-- \/ Yoast SEO plugin. -->","yoast_head_json":{"title":"Bois exotique Cumaru, notre coup de coeur","description":"Vous souhaitez une terrasse exotique au meilleur prix, ne cherchez plus le bois exotique Cumaru va vous satisfaire par sa grande qualit\u00e9 \u00e0 moindre co\u00fbt.","robots":{"index":"index","follow":"follow","max-snippet":"max-snippet:-1","max-image-preview":"max-image-preview:large","max-video-preview":"max-video-preview:-1"},"canonical":"https:\/\/www.nature-bois-concept.com\/magazine\/terrasse-bois\/guides\/avant-achat\/choisir-sa-terrasse\/cumaru\/","og_locale":"fr_FR","og_type":"article","og_title":"Bois exotique Cumaru, notre coup de coeur","og_description":"Vous souhaitez une terrasse exotique au meilleur prix, ne cherchez plus le bois exotique Cumaru va vous satisfaire par sa grande qualit\u00e9 \u00e0 moindre co\u00fbt.","og_url":"https:\/\/www.nature-bois-concept.com\/magazine\/terrasse-bois\/guides\/avant-achat\/choisir-sa-terrasse\/cumaru\/","og_site_name":"Magazine Nature Bois Concept","article_publisher":"https:\/\/www.facebook.com\/Nature-Bois-Concept-1596307970584169\/","article_modified_time":"2021-08-18T09:36:51+00:00","og_image":[{"width":1620,"height":668,"url":"https:\/\/www.nature-bois-concept.com\/magazine\/wp-content\/uploads\/2016\/06\/image-a-la-une-12-e1523459585646.jpg","type":"image\/jpeg"}],"twitter_card":"summary_large_image","twitter_site":"@nbc_bois","twitter_misc":{"Dur\u00e9e de lecture estim\u00e9e":"2 minutes"},"schema":{"@context":"https:\/\/schema.org","@graph":[{"@type":"WebPage","@id":"https:\/\/www.nature-bois-concept.com\/magazine\/terrasse-bois\/guides\/avant-achat\/choisir-sa-terrasse\/cumaru\/","url":"https:\/\/www.nature-bois-concept.com\/magazine\/terrasse-bois\/guides\/avant-achat\/choisir-sa-terrasse\/cumaru\/","name":"Bois exotique Cumaru, notre coup de coeur","isPartOf":{"@id":"https:\/\/www.nature-bois-concept.com\/magazine\/#website"},"primaryImageOfPage":{"@id":"https:\/\/www.nature-bois-concept.com\/magazine\/terrasse-bois\/guides\/avant-achat\/choisir-sa-terrasse\/cumaru\/#primaryimage"},"image":{"@id":"https:\/\/www.nature-bois-concept.com\/magazine\/terrasse-bois\/guides\/avant-achat\/choisir-sa-terrasse\/cumaru\/#primaryimage"},"thumbnailUrl":"https:\/\/www.nature-bois-concept.com\/magazine\/wp-content\/uploads\/2016\/06\/image-a-la-une-12-e1523459585646.jpg","datePublished":"2016-06-29T07:49:02+00:00","dateModified":"2021-08-18T09:36:51+00:00","description":"Vous souhaitez une terrasse exotique au meilleur prix, ne cherchez plus le bois exotique Cumaru va vous satisfaire par sa grande qualit\u00e9 \u00e0 moindre co\u00fbt.","breadcrumb":{"@id":"https:\/\/www.nature-bois-concept.com\/magazine\/terrasse-bois\/guides\/avant-achat\/choisir-sa-terrasse\/cumaru\/#breadcrumb"},"inLanguage":"fr-FR","potentialAction":[{"@type":"ReadAction","target":["https:\/\/www.nature-bois-concept.com\/magazine\/terrasse-bois\/guides\/avant-achat\/choisir-sa-terrasse\/cumaru\/"]}]},{"@type":"ImageObject","inLanguage":"fr-FR","@id":"https:\/\/www.nature-bois-concept.com\/magazine\/terrasse-bois\/guides\/avant-achat\/choisir-sa-terrasse\/cumaru\/#primaryimage","url":"https:\/\/www.nature-bois-concept.com\/magazine\/wp-content\/uploads\/2016\/06\/image-a-la-une-12-e1523459585646.jpg","contentUrl":"https:\/\/www.nature-bois-concept.com\/magazine\/wp-content\/uploads\/2016\/06\/image-a-la-une-12-e1523459585646.jpg","width":1620,"height":668,"caption":"Belle piscine en alu et terrasse en bois"},{"@type":"BreadcrumbList","@id":"https:\/\/www.nature-bois-concept.com\/magazine\/terrasse-bois\/guides\/avant-achat\/choisir-sa-terrasse\/cumaru\/#breadcrumb","itemListElement":[{"@type":"ListItem","position":1,"name":"Magazine NBC","item":"https:\/\/www.nature-bois-concept.com\/magazine\/"},{"@type":"ListItem","position":2,"name":"Terrasse bois","item":"https:\/\/www.nature-bois-concept.com\/magazine\/terrasse-bois\/"},{"@type":"ListItem","position":3,"name":"Nos guides sur la Terrasse","item":"https:\/\/www.nature-bois-concept.com\/magazine\/terrasse-bois\/guides\/"},{"@type":"ListItem","position":4,"name":"Tout ce qu&rsquo;il faut savoir avant l&rsquo;achat de sa Terrasse","item":"https:\/\/www.nature-bois-concept.com\/magazine\/terrasse-bois\/guides\/avant-achat\/"},{"@type":"ListItem","position":5,"name":"Choisir sa terrasse bois","item":"https:\/\/www.nature-bois-concept.com\/magazine\/terrasse-bois\/guides\/avant-achat\/choisir-sa-terrasse\/"},{"@type":"ListItem","position":6,"name":"Bois exotique Cumaru, notre coup de coeur"}]},{"@type":"WebSite","@id":"https:\/\/www.nature-bois-concept.com\/magazine\/#website","url":"https:\/\/www.nature-bois-concept.com\/magazine\/","name":"Magazine Nature Bois Concept","description":"En association avec Nature Bois Concept","potentialAction":[{"@type":"SearchAction","target":{"@type":"EntryPoint","urlTemplate":"https:\/\/www.nature-bois-concept.com\/magazine\/?s={search_term_string}"},"query-input":"required name=search_term_string"}],"inLanguage":"fr-FR"}]}},"_links":{"self":[{"href":"https:\/\/www.nature-bois-concept.com\/magazine\/wp-json\/wp\/v2\/pages\/658"}],"collection":[{"href":"https:\/\/www.nature-bois-concept.com\/magazine\/wp-json\/wp\/v2\/pages"}],"about":[{"href":"https:\/\/www.nature-bois-concept.com\/magazine\/wp-json\/wp\/v2\/types\/page"}],"author":[{"embeddable":true,"href":"https:\/\/www.nature-bois-concept.com\/magazine\/wp-json\/wp\/v2\/users\/2"}],"replies":[{"embeddable":true,"href":"https:\/\/www.nature-bois-concept.com\/magazine\/wp-json\/wp\/v2\/comments?post=658"}],"version-history":[{"count":13,"href":"https:\/\/www.nature-bois-concept.com\/magazine\/wp-json\/wp\/v2\/pages\/658\/revisions"}],"predecessor-version":[{"id":6425,"href":"https:\/\/www.nature-bois-concept.com\/magazine\/wp-json\/wp\/v2\/pages\/658\/revisions\/6425"}],"up":[{"embeddable":true,"href":"https:\/\/www.nature-bois-concept.com\/magazine\/wp-json\/wp\/v2\/pages\/564"}],"wp:featuredmedia":[{"embeddable":true,"href":"https:\/\/www.nature-bois-concept.com\/magazine\/wp-json\/wp\/v2\/media\/1355"}],"wp:attachment":[{"href":"https:\/\/www.nature-bois-concept.com\/magazine\/wp-json\/wp\/v2\/media?parent=658"}],"curies":[{"name":"wp","href":"https:\/\/api.w.org\/{rel}","templated":true}]}}