{"id":653,"date":"2016-06-28T17:17:50","date_gmt":"2016-06-28T15:17:50","guid":{"rendered":"https:\/\/www.nature-bois-concept.com\/magazine\/?page_id=653"},"modified":"2025-02-26T17:14:25","modified_gmt":"2025-02-26T16:14:25","slug":"calepinage","status":"publish","type":"page","link":"https:\/\/www.nature-bois-concept.com\/magazine\/terrasse-bois\/guides\/avant-achat\/calepinage\/","title":{"rendered":"Le calepinage de votre terrasse, aussi important que la pose"},"content":{"rendered":"<p style=\"text-align: justify;\">Vous avez saut\u00e9 le pas et d\u00e9cid\u00e9 d\u2019installer une terrasse bois chez vous, une \u00e9tape importante \u00e0 ne pas n\u00e9gliger : celle du calepinage ! Nature Bois Concept vous explique pourquoi. Retrouvez tous les articles li\u00e9s au<a href=\"https:\/\/www.nature-bois-concept.com\/magazine\/terrasse-bois\/guides\/avant-achat\/\" target=\"_blank\" rel=\"noopener\"> guide d&rsquo;achat des terrasses.<\/a><\/p>\n<h2>Le calepinage de votre terrasse, aussi important que la pose !<\/h2>\n<h3>Le calepinage, c\u2019est quoi ?<\/h3>\n<p style=\"text-align: justify;\">Le calepinage, un dessin ou croquis qui va vous permettre d\u2019imaginer votre projet de terrasse bois, de fa\u00e7on concr\u00e8te, pour pr\u00e9parer au mieux la pose finale. Il va prendre en compte tous les \u00e9l\u00e9ments (par exemple, un arbre) qui se trouveront dans l\u2019espace de votre terrasse. Il permettra \u00e9galement de valider la disposition des lames et d\u2019optimiser les chutes. Il est donc indispensable de le faire avant d\u2019avoir achet\u00e9 ses fournitures pour pouvoir calculer la quantit\u00e9 n\u00e9cessaire au projet.<\/p>\n<h3>Le calepinage, c\u2019est facile<\/h3>\n<p style=\"text-align: justify;\">Vous prenez une feuille blanche, vous dessinez le plan de votre terrasse, y ins\u00e9rez les lots. Nous vous conseillons d\u2019en faire une photocopie\u2026 Et nous commen\u00e7ons \u00e0 calepiner.<\/p>\n<p style=\"text-align: justify;\"><strong>Tout d\u2019abord les lames<\/strong> :<\/p>\n<ol style=\"text-align: justify;\">\n<li>Choisir le sens de pose.\u00a0Il est souvent d\u00e9termin\u00e9 par vos baies vitr\u00e9es ou bien vos ouvertures. Ceci dans le but de masquer les d\u00e9fauts potentiels et les seuils qui font g\u00e9n\u00e9ralement 30 cm, largeur de 2 lames.<br \/>\nEnsuite la question \u00e0 se poser est : \u00ab\u00a0Est-ce que je veux donner un sentiment de longueur ou de largeur \u00e0 mon deck ?\u00a0\u00bb<br \/>\nImaginez votre terrasse comme une chemise \u00e0 rayures, dans le sens de la hauteur, elle vous grandit et dans le sens de la largeur elle vous gr\u2026i.. ! Pour la terrasse bois c\u2019est le m\u00eame principe.<br \/>\nCes deux \u00e9l\u00e9ments sont les plus d\u00e9terminants pour le sens de pose. G\u00e9n\u00e9ralement le choix se positionne sur la grande longueur.<\/li>\n<li>Calepinons !<br \/>\nLes longueurs standards : en <a href=\"https:\/\/www.nature-bois-concept.com\/fr\/terrasse-bois\/exotique\/\" target=\"_blank\" rel=\"noopener noreferrer\">bois exotiques<\/a> :<br \/>\n0,95 ; 1,25 ; 1,55 ; 1,85 ; \u2026\u2026 6,10 m<br \/>\nLes longueurs standards en <a href=\"https:\/\/www.nature-bois-concept.com\/fr\/terrasse-bois\/resineux-et-thermochauffe\/\" target=\"_blank\" rel=\"noopener noreferrer\">bois r\u00e9sineux<\/a> :<br \/>\n2,40 ; 2,70 ; \u2026.. 6,00 m<\/li>\n<\/ol>\n<p style=\"text-align: justify;\">Vous adaptez donc vos longueurs en fonction de celle disponible.<br \/>\nConcernant les longueurs sup\u00e9rieurs, imaginons 9.00m, vous divisez par 2,5 , comme cela vous posez deux lames compl\u00e8tes en 3,65 m et un demi puis vous repartez dans l\u2019autre sens.<\/p>\n<p><strong>Sch\u00e9ma exemple<\/strong> :<\/p>\n<p style=\"text-align: justify;\">Divis\u00e9 la largeur pour d\u00e9terminer le nombre de rang\u00e9es : 3,50 \/ 0,140 = 25 rang\u00e9es.<br \/>\nOn divise la longueur par un nombre \u00e0 ,5.<br \/>\nExemple 9\/ 2,5 = 3,60 m<br \/>\nDonc 1 rang\u00e9e = 2,5 x 3,60m<br \/>\nTotal = 25 rang\u00e9es x 2,5 = 63 lames de 3,60m<\/p>\n<h2>Variation de la longueur des lames<\/h2>\n<p style=\"text-align: justify;\">Pour une stabilit\u00e9 optimale et une belle finition, il vaut mieux une coupe en quinconce qu\u2019un alignement des joints.<\/p>\n<p style=\"text-align: justify;\">Par exemple, sur une longueur de 10 m, plut\u00f4t que de faire deux longueurs de 5 m, il vaudra mieux faire trois longueurs 4 m, 4 m et 2 m puis repartir dans l\u2019autre sens avec 4 m , 2 m et 4 m ainsi de suite.<\/p>\n<p style=\"text-align: justify;\">Nous vous conseillons de partir sur des longueurs entre 1,85 m et 3 m, g\u00e9n\u00e9ralement bien droite et facile \u00e0 mettre en \u0153uvre quels 3,50m et plus.<br \/>\nIl fait sain que la pose de bois exotique doit g\u00e9n\u00e9ralement \u00eatre accompagn\u00e9 d\u2019un serre lame ou pour un alignement parfait des lames.<\/p>\n<p style=\"text-align: justify;\">Le calepinage est \u00e9galement utile pour pouvoir imagin\u00e9 votre future terrasse et son am\u00e9nagement. C\u2019est se projeter de fa\u00e7on concr\u00e8te dans la r\u00e9alisation de sa terrasse bois.<\/p>\n<p style=\"text-align: justify;\">Vous venez de r\u00e9aliser le calepinage de votre terrasse bois ? Retrouvez-nous sur notre <a href=\"https:\/\/www.nature-bois-concept.com\/fr\/\" target=\"_blank\" rel=\"noopener noreferrer\">site<\/a> en ligne pour choisir la terrasse de vos r\u00eaves.<\/p>\n","protected":false},"excerpt":{"rendered":"<p>Vous avez saut\u00e9 le pas et d\u00e9cid\u00e9 d\u2019installer une terrasse bois chez vous, une \u00e9tape importante \u00e0 ne pas n\u00e9gliger : celle du calepinage ! Nature Bois Concept vous explique pourquoi. Retrouvez tous les articles li\u00e9s au guide d&rsquo;achat des terrasses. Le calepinage de votre terrasse, aussi important que la pose ! Le calepinage, c\u2019est quoi ? Le calepinage, un dessin ou croquis qui va vous permettre d\u2019imaginer votre projet&#8230;<\/p>\n","protected":false},"author":2,"featured_media":1353,"parent":563,"menu_order":4,"comment_status":"closed","ping_status":"closed","template":"","meta":{"_acf_changed":false,"footnotes":""},"acf":[],"yoast_head":"<!-- This site is optimized with the Yoast SEO plugin v22.4 - https:\/\/yoast.com\/wordpress\/plugins\/seo\/ -->\n<title>Une \u00e9tape cl\u00e9, le calepinage de votre terrasse bois<\/title>\n<meta name=\"description\" content=\"Vous souhaitez r\u00e9aliser la terrasse de vos d\u00e9sirs mais vous ne savez pas par o\u00f9 commencer. Alors prenez un instant \u00e0 la r\u00e9flexion et faite votre calepinage.\" \/>\n<meta name=\"robots\" content=\"index, follow, max-snippet:-1, max-image-preview:large, max-video-preview:-1\" \/>\n<link rel=\"canonical\" href=\"https:\/\/www.nature-bois-concept.com\/magazine\/terrasse-bois\/guides\/avant-achat\/calepinage\/\" \/>\n<meta property=\"og:locale\" content=\"fr_FR\" \/>\n<meta property=\"og:type\" content=\"article\" \/>\n<meta property=\"og:title\" content=\"Une \u00e9tape cl\u00e9, le calepinage de votre terrasse bois\" \/>\n<meta property=\"og:description\" content=\"Vous souhaitez r\u00e9aliser la terrasse de vos d\u00e9sirs mais vous ne savez pas par o\u00f9 commencer. Alors prenez un instant \u00e0 la r\u00e9flexion et faite votre calepinage.\" \/>\n<meta property=\"og:url\" content=\"https:\/\/www.nature-bois-concept.com\/magazine\/terrasse-bois\/guides\/avant-achat\/calepinage\/\" \/>\n<meta property=\"og:site_name\" content=\"Magazine Nature Bois Concept\" \/>\n<meta property=\"article:publisher\" content=\"https:\/\/www.facebook.com\/Nature-Bois-Concept-1596307970584169\/\" \/>\n<meta property=\"article:modified_time\" content=\"2025-02-26T16:14:25+00:00\" \/>\n<meta property=\"og:image\" content=\"https:\/\/www.nature-bois-concept.com\/magazine\/wp-content\/uploads\/2016\/06\/image-a-la-une-11.jpg\" \/>\n\t<meta property=\"og:image:width\" content=\"1620\" \/>\n\t<meta property=\"og:image:height\" content=\"668\" \/>\n\t<meta property=\"og:image:type\" content=\"image\/jpeg\" \/>\n<meta name=\"twitter:card\" content=\"summary_large_image\" \/>\n<meta name=\"twitter:site\" content=\"@nbc_bois\" \/>\n<meta name=\"twitter:label1\" content=\"Dur\u00e9e de lecture estim\u00e9e\" \/>\n\t<meta name=\"twitter:data1\" content=\"4 minutes\" \/>\n<script type=\"application\/ld+json\" class=\"yoast-schema-graph\">{\"@context\":\"https:\/\/schema.org\",\"@graph\":[{\"@type\":\"WebPage\",\"@id\":\"https:\/\/www.nature-bois-concept.com\/magazine\/terrasse-bois\/guides\/avant-achat\/calepinage\/\",\"url\":\"https:\/\/www.nature-bois-concept.com\/magazine\/terrasse-bois\/guides\/avant-achat\/calepinage\/\",\"name\":\"Une \u00e9tape cl\u00e9, le calepinage de votre terrasse bois\",\"isPartOf\":{\"@id\":\"https:\/\/www.nature-bois-concept.com\/magazine\/#website\"},\"primaryImageOfPage\":{\"@id\":\"https:\/\/www.nature-bois-concept.com\/magazine\/terrasse-bois\/guides\/avant-achat\/calepinage\/#primaryimage\"},\"image\":{\"@id\":\"https:\/\/www.nature-bois-concept.com\/magazine\/terrasse-bois\/guides\/avant-achat\/calepinage\/#primaryimage\"},\"thumbnailUrl\":\"https:\/\/www.nature-bois-concept.com\/magazine\/wp-content\/uploads\/2016\/06\/image-a-la-une-11.jpg\",\"datePublished\":\"2016-06-28T15:17:50+00:00\",\"dateModified\":\"2025-02-26T16:14:25+00:00\",\"description\":\"Vous souhaitez r\u00e9aliser la terrasse de vos d\u00e9sirs mais vous ne savez pas par o\u00f9 commencer. Alors prenez un instant \u00e0 la r\u00e9flexion et faite votre calepinage.\",\"breadcrumb\":{\"@id\":\"https:\/\/www.nature-bois-concept.com\/magazine\/terrasse-bois\/guides\/avant-achat\/calepinage\/#breadcrumb\"},\"inLanguage\":\"fr-FR\",\"potentialAction\":[{\"@type\":\"ReadAction\",\"target\":[\"https:\/\/www.nature-bois-concept.com\/magazine\/terrasse-bois\/guides\/avant-achat\/calepinage\/\"]}]},{\"@type\":\"ImageObject\",\"inLanguage\":\"fr-FR\",\"@id\":\"https:\/\/www.nature-bois-concept.com\/magazine\/terrasse-bois\/guides\/avant-achat\/calepinage\/#primaryimage\",\"url\":\"https:\/\/www.nature-bois-concept.com\/magazine\/wp-content\/uploads\/2016\/06\/image-a-la-une-11.jpg\",\"contentUrl\":\"https:\/\/www.nature-bois-concept.com\/magazine\/wp-content\/uploads\/2016\/06\/image-a-la-une-11.jpg\",\"width\":1620,\"height\":668,\"caption\":\"Une \u00e9tape cl\u00e9 dans la r\u00e9alisation de votre terrasse bois le calepinage\"},{\"@type\":\"BreadcrumbList\",\"@id\":\"https:\/\/www.nature-bois-concept.com\/magazine\/terrasse-bois\/guides\/avant-achat\/calepinage\/#breadcrumb\",\"itemListElement\":[{\"@type\":\"ListItem\",\"position\":1,\"name\":\"Magazine NBC\",\"item\":\"https:\/\/www.nature-bois-concept.com\/magazine\/\"},{\"@type\":\"ListItem\",\"position\":2,\"name\":\"Terrasse bois\",\"item\":\"https:\/\/www.nature-bois-concept.com\/magazine\/terrasse-bois\/\"},{\"@type\":\"ListItem\",\"position\":3,\"name\":\"Nos guides sur la Terrasse\",\"item\":\"https:\/\/www.nature-bois-concept.com\/magazine\/terrasse-bois\/guides\/\"},{\"@type\":\"ListItem\",\"position\":4,\"name\":\"Tout ce qu&rsquo;il faut savoir avant l&rsquo;achat de sa Terrasse\",\"item\":\"https:\/\/www.nature-bois-concept.com\/magazine\/terrasse-bois\/guides\/avant-achat\/\"},{\"@type\":\"ListItem\",\"position\":5,\"name\":\"Le calepinage de votre terrasse, aussi important que la pose\"}]},{\"@type\":\"WebSite\",\"@id\":\"https:\/\/www.nature-bois-concept.com\/magazine\/#website\",\"url\":\"https:\/\/www.nature-bois-concept.com\/magazine\/\",\"name\":\"Magazine Nature Bois Concept\",\"description\":\"En association avec Nature Bois Concept\",\"potentialAction\":[{\"@type\":\"SearchAction\",\"target\":{\"@type\":\"EntryPoint\",\"urlTemplate\":\"https:\/\/www.nature-bois-concept.com\/magazine\/?s={search_term_string}\"},\"query-input\":\"required name=search_term_string\"}],\"inLanguage\":\"fr-FR\"}]}<\/script>\n<!-- \/ Yoast SEO plugin. -->","yoast_head_json":{"title":"Une \u00e9tape cl\u00e9, le calepinage de votre terrasse bois","description":"Vous souhaitez r\u00e9aliser la terrasse de vos d\u00e9sirs mais vous ne savez pas par o\u00f9 commencer. Alors prenez un instant \u00e0 la r\u00e9flexion et faite votre calepinage.","robots":{"index":"index","follow":"follow","max-snippet":"max-snippet:-1","max-image-preview":"max-image-preview:large","max-video-preview":"max-video-preview:-1"},"canonical":"https:\/\/www.nature-bois-concept.com\/magazine\/terrasse-bois\/guides\/avant-achat\/calepinage\/","og_locale":"fr_FR","og_type":"article","og_title":"Une \u00e9tape cl\u00e9, le calepinage de votre terrasse bois","og_description":"Vous souhaitez r\u00e9aliser la terrasse de vos d\u00e9sirs mais vous ne savez pas par o\u00f9 commencer. Alors prenez un instant \u00e0 la r\u00e9flexion et faite votre calepinage.","og_url":"https:\/\/www.nature-bois-concept.com\/magazine\/terrasse-bois\/guides\/avant-achat\/calepinage\/","og_site_name":"Magazine Nature Bois Concept","article_publisher":"https:\/\/www.facebook.com\/Nature-Bois-Concept-1596307970584169\/","article_modified_time":"2025-02-26T16:14:25+00:00","og_image":[{"width":1620,"height":668,"url":"https:\/\/www.nature-bois-concept.com\/magazine\/wp-content\/uploads\/2016\/06\/image-a-la-une-11.jpg","type":"image\/jpeg"}],"twitter_card":"summary_large_image","twitter_site":"@nbc_bois","twitter_misc":{"Dur\u00e9e de lecture estim\u00e9e":"4 minutes"},"schema":{"@context":"https:\/\/schema.org","@graph":[{"@type":"WebPage","@id":"https:\/\/www.nature-bois-concept.com\/magazine\/terrasse-bois\/guides\/avant-achat\/calepinage\/","url":"https:\/\/www.nature-bois-concept.com\/magazine\/terrasse-bois\/guides\/avant-achat\/calepinage\/","name":"Une \u00e9tape cl\u00e9, le calepinage de votre terrasse bois","isPartOf":{"@id":"https:\/\/www.nature-bois-concept.com\/magazine\/#website"},"primaryImageOfPage":{"@id":"https:\/\/www.nature-bois-concept.com\/magazine\/terrasse-bois\/guides\/avant-achat\/calepinage\/#primaryimage"},"image":{"@id":"https:\/\/www.nature-bois-concept.com\/magazine\/terrasse-bois\/guides\/avant-achat\/calepinage\/#primaryimage"},"thumbnailUrl":"https:\/\/www.nature-bois-concept.com\/magazine\/wp-content\/uploads\/2016\/06\/image-a-la-une-11.jpg","datePublished":"2016-06-28T15:17:50+00:00","dateModified":"2025-02-26T16:14:25+00:00","description":"Vous souhaitez r\u00e9aliser la terrasse de vos d\u00e9sirs mais vous ne savez pas par o\u00f9 commencer. Alors prenez un instant \u00e0 la r\u00e9flexion et faite votre calepinage.","breadcrumb":{"@id":"https:\/\/www.nature-bois-concept.com\/magazine\/terrasse-bois\/guides\/avant-achat\/calepinage\/#breadcrumb"},"inLanguage":"fr-FR","potentialAction":[{"@type":"ReadAction","target":["https:\/\/www.nature-bois-concept.com\/magazine\/terrasse-bois\/guides\/avant-achat\/calepinage\/"]}]},{"@type":"ImageObject","inLanguage":"fr-FR","@id":"https:\/\/www.nature-bois-concept.com\/magazine\/terrasse-bois\/guides\/avant-achat\/calepinage\/#primaryimage","url":"https:\/\/www.nature-bois-concept.com\/magazine\/wp-content\/uploads\/2016\/06\/image-a-la-une-11.jpg","contentUrl":"https:\/\/www.nature-bois-concept.com\/magazine\/wp-content\/uploads\/2016\/06\/image-a-la-une-11.jpg","width":1620,"height":668,"caption":"Une \u00e9tape cl\u00e9 dans la r\u00e9alisation de votre terrasse bois le calepinage"},{"@type":"BreadcrumbList","@id":"https:\/\/www.nature-bois-concept.com\/magazine\/terrasse-bois\/guides\/avant-achat\/calepinage\/#breadcrumb","itemListElement":[{"@type":"ListItem","position":1,"name":"Magazine NBC","item":"https:\/\/www.nature-bois-concept.com\/magazine\/"},{"@type":"ListItem","position":2,"name":"Terrasse bois","item":"https:\/\/www.nature-bois-concept.com\/magazine\/terrasse-bois\/"},{"@type":"ListItem","position":3,"name":"Nos guides sur la Terrasse","item":"https:\/\/www.nature-bois-concept.com\/magazine\/terrasse-bois\/guides\/"},{"@type":"ListItem","position":4,"name":"Tout ce qu&rsquo;il faut savoir avant l&rsquo;achat de sa Terrasse","item":"https:\/\/www.nature-bois-concept.com\/magazine\/terrasse-bois\/guides\/avant-achat\/"},{"@type":"ListItem","position":5,"name":"Le calepinage de votre terrasse, aussi important que la pose"}]},{"@type":"WebSite","@id":"https:\/\/www.nature-bois-concept.com\/magazine\/#website","url":"https:\/\/www.nature-bois-concept.com\/magazine\/","name":"Magazine Nature Bois Concept","description":"En association avec Nature Bois Concept","potentialAction":[{"@type":"SearchAction","target":{"@type":"EntryPoint","urlTemplate":"https:\/\/www.nature-bois-concept.com\/magazine\/?s={search_term_string}"},"query-input":"required name=search_term_string"}],"inLanguage":"fr-FR"}]}},"_links":{"self":[{"href":"https:\/\/www.nature-bois-concept.com\/magazine\/wp-json\/wp\/v2\/pages\/653"}],"collection":[{"href":"https:\/\/www.nature-bois-concept.com\/magazine\/wp-json\/wp\/v2\/pages"}],"about":[{"href":"https:\/\/www.nature-bois-concept.com\/magazine\/wp-json\/wp\/v2\/types\/page"}],"author":[{"embeddable":true,"href":"https:\/\/www.nature-bois-concept.com\/magazine\/wp-json\/wp\/v2\/users\/2"}],"replies":[{"embeddable":true,"href":"https:\/\/www.nature-bois-concept.com\/magazine\/wp-json\/wp\/v2\/comments?post=653"}],"version-history":[{"count":22,"href":"https:\/\/www.nature-bois-concept.com\/magazine\/wp-json\/wp\/v2\/pages\/653\/revisions"}],"predecessor-version":[{"id":7651,"href":"https:\/\/www.nature-bois-concept.com\/magazine\/wp-json\/wp\/v2\/pages\/653\/revisions\/7651"}],"up":[{"embeddable":true,"href":"https:\/\/www.nature-bois-concept.com\/magazine\/wp-json\/wp\/v2\/pages\/563"}],"wp:featuredmedia":[{"embeddable":true,"href":"https:\/\/www.nature-bois-concept.com\/magazine\/wp-json\/wp\/v2\/media\/1353"}],"wp:attachment":[{"href":"https:\/\/www.nature-bois-concept.com\/magazine\/wp-json\/wp\/v2\/media?parent=653"}],"curies":[{"name":"wp","href":"https:\/\/api.w.org\/{rel}","templated":true}]}}