{"id":628,"date":"2016-06-28T17:09:19","date_gmt":"2016-06-28T15:09:19","guid":{"rendered":"https:\/\/www.nature-bois-concept.com\/magazine\/?page_id=628"},"modified":"2025-12-01T08:57:32","modified_gmt":"2025-12-01T07:57:32","slug":"terrasse-bois-pas-chere-de-qualite","status":"publish","type":"page","link":"https:\/\/www.nature-bois-concept.com\/magazine\/terrasse-bois\/actualites\/terrasse-bois-pas-chere-de-qualite\/","title":{"rendered":"Une terrasse en bois pas ch\u00e8re et de qualit\u00e9 \u00e7a existe !"},"content":{"rendered":"<p style=\"text-align: justify;\">Vous r\u00eavez d\u2019une terrasse bois pour habiller votre ext\u00e9rieur avec raffinement, mais votre budget est serr\u00e9, il vous impose de trouver une solution \u00e9conomique. Comment r\u00e9aliser votre projet \u00e0 moindre co\u00fbt ?<\/p>\n<p style=\"text-align: justify;\">Plut\u00f4t que d\u2019attendre une promotion ou un d\u00e9stockage, il existe pour vous, des solutions pour r\u00e9aliser votre terrasse bois \u00e0 moindre co\u00fbt, tout en restant sur un produit de qualit\u00e9. Nature Bois Concept vous donne dans sa rubrique <a href=\"https:\/\/www.nature-bois-concept.com\/magazine\/terrasse-bois\/actualites\/\">nouveaut\u00e9s sur la terrasse<\/a>, les conseils pour que votre budget terrasse corresponde \u00e0 vos attentes.<\/p>\n<p style=\"text-align: justify;\">\n","protected":false},"excerpt":{"rendered":"<p>Vous r\u00eavez d\u2019une terrasse bois pour habiller votre ext\u00e9rieur avec raffinement, mais votre budget est serr\u00e9, il vous impose de trouver une solution \u00e9conomique. Comment r\u00e9aliser votre projet \u00e0 moindre co\u00fbt ? Plut\u00f4t que d\u2019attendre une promotion ou un d\u00e9stockage, il existe pour vous, des solutions pour r\u00e9aliser votre terrasse bois \u00e0 moindre co\u00fbt, tout en restant sur un produit de qualit\u00e9. Nature Bois Concept vous donne dans sa rubrique&#8230;<\/p>\n","protected":false},"author":2,"featured_media":3441,"parent":556,"menu_order":1,"comment_status":"closed","ping_status":"closed","template":"","meta":{"_acf_changed":false,"footnotes":""},"acf":[],"yoast_head":"<!-- This site is optimized with the Yoast SEO plugin v22.4 - https:\/\/yoast.com\/wordpress\/plugins\/seo\/ -->\n<title>Une terrasse en bois pas ch\u00e8re et de qualit\u00e9, \u00e7a existe !<\/title>\n<meta name=\"description\" content=\"Vous souhaitez une terrasse pas ch\u00e8re et de qualit\u00e9, Nature Bois Concept vous propose les essences bois qui vous donneront satisfaction.\" \/>\n<meta name=\"robots\" content=\"index, follow, max-snippet:-1, max-image-preview:large, max-video-preview:-1\" \/>\n<link rel=\"canonical\" href=\"https:\/\/www.nature-bois-concept.com\/magazine\/terrasse-bois\/actualites\/terrasse-bois-pas-chere-de-qualite\/\" \/>\n<meta property=\"og:locale\" content=\"fr_FR\" \/>\n<meta property=\"og:type\" content=\"article\" \/>\n<meta property=\"og:title\" content=\"Une terrasse en bois pas ch\u00e8re et de qualit\u00e9, \u00e7a existe !\" \/>\n<meta property=\"og:description\" content=\"Vous souhaitez une terrasse pas ch\u00e8re et de qualit\u00e9, Nature Bois Concept vous propose les essences bois qui vous donneront satisfaction.\" \/>\n<meta property=\"og:url\" content=\"https:\/\/www.nature-bois-concept.com\/magazine\/terrasse-bois\/actualites\/terrasse-bois-pas-chere-de-qualite\/\" \/>\n<meta property=\"og:site_name\" content=\"Magazine Nature Bois Concept\" \/>\n<meta property=\"article:publisher\" content=\"https:\/\/www.facebook.com\/Nature-Bois-Concept-1596307970584169\/\" \/>\n<meta property=\"article:modified_time\" content=\"2025-12-01T07:57:32+00:00\" \/>\n<meta property=\"og:image\" content=\"https:\/\/www.nature-bois-concept.com\/magazine\/wp-content\/uploads\/2016\/06\/header-1.gif\" \/>\n\t<meta property=\"og:image:width\" content=\"2100\" \/>\n\t<meta property=\"og:image:height\" content=\"440\" \/>\n\t<meta property=\"og:image:type\" content=\"image\/gif\" \/>\n<meta name=\"twitter:card\" content=\"summary_large_image\" \/>\n<meta name=\"twitter:site\" content=\"@nbc_bois\" \/>\n<meta name=\"twitter:label1\" content=\"Dur\u00e9e de lecture estim\u00e9e\" \/>\n\t<meta name=\"twitter:data1\" content=\"1 minute\" \/>\n<script type=\"application\/ld+json\" class=\"yoast-schema-graph\">{\"@context\":\"https:\/\/schema.org\",\"@graph\":[{\"@type\":\"WebPage\",\"@id\":\"https:\/\/www.nature-bois-concept.com\/magazine\/terrasse-bois\/actualites\/terrasse-bois-pas-chere-de-qualite\/\",\"url\":\"https:\/\/www.nature-bois-concept.com\/magazine\/terrasse-bois\/actualites\/terrasse-bois-pas-chere-de-qualite\/\",\"name\":\"Une terrasse en bois pas ch\u00e8re et de qualit\u00e9, \u00e7a existe !\",\"isPartOf\":{\"@id\":\"https:\/\/www.nature-bois-concept.com\/magazine\/#website\"},\"primaryImageOfPage\":{\"@id\":\"https:\/\/www.nature-bois-concept.com\/magazine\/terrasse-bois\/actualites\/terrasse-bois-pas-chere-de-qualite\/#primaryimage\"},\"image\":{\"@id\":\"https:\/\/www.nature-bois-concept.com\/magazine\/terrasse-bois\/actualites\/terrasse-bois-pas-chere-de-qualite\/#primaryimage\"},\"thumbnailUrl\":\"https:\/\/www.nature-bois-concept.com\/magazine\/wp-content\/uploads\/2016\/06\/header-1.gif\",\"datePublished\":\"2016-06-28T15:09:19+00:00\",\"dateModified\":\"2025-12-01T07:57:32+00:00\",\"description\":\"Vous souhaitez une terrasse pas ch\u00e8re et de qualit\u00e9, Nature Bois Concept vous propose les essences bois qui vous donneront satisfaction.\",\"breadcrumb\":{\"@id\":\"https:\/\/www.nature-bois-concept.com\/magazine\/terrasse-bois\/actualites\/terrasse-bois-pas-chere-de-qualite\/#breadcrumb\"},\"inLanguage\":\"fr-FR\",\"potentialAction\":[{\"@type\":\"ReadAction\",\"target\":[\"https:\/\/www.nature-bois-concept.com\/magazine\/terrasse-bois\/actualites\/terrasse-bois-pas-chere-de-qualite\/\"]}]},{\"@type\":\"ImageObject\",\"inLanguage\":\"fr-FR\",\"@id\":\"https:\/\/www.nature-bois-concept.com\/magazine\/terrasse-bois\/actualites\/terrasse-bois-pas-chere-de-qualite\/#primaryimage\",\"url\":\"https:\/\/www.nature-bois-concept.com\/magazine\/wp-content\/uploads\/2016\/06\/header-1.gif\",\"contentUrl\":\"https:\/\/www.nature-bois-concept.com\/magazine\/wp-content\/uploads\/2016\/06\/header-1.gif\",\"width\":2100,\"height\":440,\"caption\":\"terrasse en bois exotique et joint pont bateau\"},{\"@type\":\"BreadcrumbList\",\"@id\":\"https:\/\/www.nature-bois-concept.com\/magazine\/terrasse-bois\/actualites\/terrasse-bois-pas-chere-de-qualite\/#breadcrumb\",\"itemListElement\":[{\"@type\":\"ListItem\",\"position\":1,\"name\":\"Magazine NBC\",\"item\":\"https:\/\/www.nature-bois-concept.com\/magazine\/\"},{\"@type\":\"ListItem\",\"position\":2,\"name\":\"Terrasse bois\",\"item\":\"https:\/\/www.nature-bois-concept.com\/magazine\/terrasse-bois\/\"},{\"@type\":\"ListItem\",\"position\":3,\"name\":\"Les Articles sur la Terrasse en Bois\",\"item\":\"https:\/\/www.nature-bois-concept.com\/magazine\/terrasse-bois\/actualites\/\"},{\"@type\":\"ListItem\",\"position\":4,\"name\":\"Une terrasse en bois pas ch\u00e8re et de qualit\u00e9 \u00e7a existe !\"}]},{\"@type\":\"WebSite\",\"@id\":\"https:\/\/www.nature-bois-concept.com\/magazine\/#website\",\"url\":\"https:\/\/www.nature-bois-concept.com\/magazine\/\",\"name\":\"Magazine Nature Bois Concept\",\"description\":\"En association avec Nature Bois Concept\",\"potentialAction\":[{\"@type\":\"SearchAction\",\"target\":{\"@type\":\"EntryPoint\",\"urlTemplate\":\"https:\/\/www.nature-bois-concept.com\/magazine\/?s={search_term_string}\"},\"query-input\":\"required name=search_term_string\"}],\"inLanguage\":\"fr-FR\"}]}<\/script>\n<!-- \/ Yoast SEO plugin. -->","yoast_head_json":{"title":"Une terrasse en bois pas ch\u00e8re et de qualit\u00e9, \u00e7a existe !","description":"Vous souhaitez une terrasse pas ch\u00e8re et de qualit\u00e9, Nature Bois Concept vous propose les essences bois qui vous donneront satisfaction.","robots":{"index":"index","follow":"follow","max-snippet":"max-snippet:-1","max-image-preview":"max-image-preview:large","max-video-preview":"max-video-preview:-1"},"canonical":"https:\/\/www.nature-bois-concept.com\/magazine\/terrasse-bois\/actualites\/terrasse-bois-pas-chere-de-qualite\/","og_locale":"fr_FR","og_type":"article","og_title":"Une terrasse en bois pas ch\u00e8re et de qualit\u00e9, \u00e7a existe !","og_description":"Vous souhaitez une terrasse pas ch\u00e8re et de qualit\u00e9, Nature Bois Concept vous propose les essences bois qui vous donneront satisfaction.","og_url":"https:\/\/www.nature-bois-concept.com\/magazine\/terrasse-bois\/actualites\/terrasse-bois-pas-chere-de-qualite\/","og_site_name":"Magazine Nature Bois Concept","article_publisher":"https:\/\/www.facebook.com\/Nature-Bois-Concept-1596307970584169\/","article_modified_time":"2025-12-01T07:57:32+00:00","og_image":[{"width":2100,"height":440,"url":"https:\/\/www.nature-bois-concept.com\/magazine\/wp-content\/uploads\/2016\/06\/header-1.gif","type":"image\/gif"}],"twitter_card":"summary_large_image","twitter_site":"@nbc_bois","twitter_misc":{"Dur\u00e9e de lecture estim\u00e9e":"1 minute"},"schema":{"@context":"https:\/\/schema.org","@graph":[{"@type":"WebPage","@id":"https:\/\/www.nature-bois-concept.com\/magazine\/terrasse-bois\/actualites\/terrasse-bois-pas-chere-de-qualite\/","url":"https:\/\/www.nature-bois-concept.com\/magazine\/terrasse-bois\/actualites\/terrasse-bois-pas-chere-de-qualite\/","name":"Une terrasse en bois pas ch\u00e8re et de qualit\u00e9, \u00e7a existe !","isPartOf":{"@id":"https:\/\/www.nature-bois-concept.com\/magazine\/#website"},"primaryImageOfPage":{"@id":"https:\/\/www.nature-bois-concept.com\/magazine\/terrasse-bois\/actualites\/terrasse-bois-pas-chere-de-qualite\/#primaryimage"},"image":{"@id":"https:\/\/www.nature-bois-concept.com\/magazine\/terrasse-bois\/actualites\/terrasse-bois-pas-chere-de-qualite\/#primaryimage"},"thumbnailUrl":"https:\/\/www.nature-bois-concept.com\/magazine\/wp-content\/uploads\/2016\/06\/header-1.gif","datePublished":"2016-06-28T15:09:19+00:00","dateModified":"2025-12-01T07:57:32+00:00","description":"Vous souhaitez une terrasse pas ch\u00e8re et de qualit\u00e9, Nature Bois Concept vous propose les essences bois qui vous donneront satisfaction.","breadcrumb":{"@id":"https:\/\/www.nature-bois-concept.com\/magazine\/terrasse-bois\/actualites\/terrasse-bois-pas-chere-de-qualite\/#breadcrumb"},"inLanguage":"fr-FR","potentialAction":[{"@type":"ReadAction","target":["https:\/\/www.nature-bois-concept.com\/magazine\/terrasse-bois\/actualites\/terrasse-bois-pas-chere-de-qualite\/"]}]},{"@type":"ImageObject","inLanguage":"fr-FR","@id":"https:\/\/www.nature-bois-concept.com\/magazine\/terrasse-bois\/actualites\/terrasse-bois-pas-chere-de-qualite\/#primaryimage","url":"https:\/\/www.nature-bois-concept.com\/magazine\/wp-content\/uploads\/2016\/06\/header-1.gif","contentUrl":"https:\/\/www.nature-bois-concept.com\/magazine\/wp-content\/uploads\/2016\/06\/header-1.gif","width":2100,"height":440,"caption":"terrasse en bois exotique et joint pont bateau"},{"@type":"BreadcrumbList","@id":"https:\/\/www.nature-bois-concept.com\/magazine\/terrasse-bois\/actualites\/terrasse-bois-pas-chere-de-qualite\/#breadcrumb","itemListElement":[{"@type":"ListItem","position":1,"name":"Magazine NBC","item":"https:\/\/www.nature-bois-concept.com\/magazine\/"},{"@type":"ListItem","position":2,"name":"Terrasse bois","item":"https:\/\/www.nature-bois-concept.com\/magazine\/terrasse-bois\/"},{"@type":"ListItem","position":3,"name":"Les Articles sur la Terrasse en Bois","item":"https:\/\/www.nature-bois-concept.com\/magazine\/terrasse-bois\/actualites\/"},{"@type":"ListItem","position":4,"name":"Une terrasse en bois pas ch\u00e8re et de qualit\u00e9 \u00e7a existe !"}]},{"@type":"WebSite","@id":"https:\/\/www.nature-bois-concept.com\/magazine\/#website","url":"https:\/\/www.nature-bois-concept.com\/magazine\/","name":"Magazine Nature Bois Concept","description":"En association avec Nature Bois Concept","potentialAction":[{"@type":"SearchAction","target":{"@type":"EntryPoint","urlTemplate":"https:\/\/www.nature-bois-concept.com\/magazine\/?s={search_term_string}"},"query-input":"required name=search_term_string"}],"inLanguage":"fr-FR"}]}},"_links":{"self":[{"href":"https:\/\/www.nature-bois-concept.com\/magazine\/wp-json\/wp\/v2\/pages\/628"}],"collection":[{"href":"https:\/\/www.nature-bois-concept.com\/magazine\/wp-json\/wp\/v2\/pages"}],"about":[{"href":"https:\/\/www.nature-bois-concept.com\/magazine\/wp-json\/wp\/v2\/types\/page"}],"author":[{"embeddable":true,"href":"https:\/\/www.nature-bois-concept.com\/magazine\/wp-json\/wp\/v2\/users\/2"}],"replies":[{"embeddable":true,"href":"https:\/\/www.nature-bois-concept.com\/magazine\/wp-json\/wp\/v2\/comments?post=628"}],"version-history":[{"count":36,"href":"https:\/\/www.nature-bois-concept.com\/magazine\/wp-json\/wp\/v2\/pages\/628\/revisions"}],"predecessor-version":[{"id":8110,"href":"https:\/\/www.nature-bois-concept.com\/magazine\/wp-json\/wp\/v2\/pages\/628\/revisions\/8110"}],"up":[{"embeddable":true,"href":"https:\/\/www.nature-bois-concept.com\/magazine\/wp-json\/wp\/v2\/pages\/556"}],"wp:featuredmedia":[{"embeddable":true,"href":"https:\/\/www.nature-bois-concept.com\/magazine\/wp-json\/wp\/v2\/media\/3441"}],"wp:attachment":[{"href":"https:\/\/www.nature-bois-concept.com\/magazine\/wp-json\/wp\/v2\/media?parent=628"}],"curies":[{"name":"wp","href":"https:\/\/api.w.org\/{rel}","templated":true}]}}