{"id":626,"date":"2016-06-28T17:00:47","date_gmt":"2016-06-28T15:00:47","guid":{"rendered":"https:\/\/www.nature-bois-concept.com\/magazine\/?page_id=626"},"modified":"2021-08-18T11:35:51","modified_gmt":"2021-08-18T09:35:51","slug":"terrasse-dexception-terrasse-de-villa-symposia","status":"publish","type":"page","link":"https:\/\/www.nature-bois-concept.com\/magazine\/terrasse-bois\/actualites\/terrasse-dexception-terrasse-de-villa-symposia\/","title":{"rendered":"Terrasse d&rsquo;exception n\u00b01 : La terrasse de la Villa Symposia"},"content":{"rendered":"<p style=\"text-align: justify;\">Aspiran sud de la France, ancienne cit\u00e9 gallo-romaine du Languedoc Roussillon connue pour ses grands domaines viticoles vieux de plusieurs centaines d\u2019ann\u00e9es, vous d\u00e9voile une partie de son patrimoine. Aujourd\u2019hui dans notre rubrique les <a href=\"https:\/\/www.nature-bois-concept.com\/magazine\/terrasse-bois\/actualites\/\">actualit\u00e9s de la terrasse en bois<\/a>, nous vous invitons \u00e0 la d\u00e9couverte d\u2019une villa qui surplombe ce grand vignoble d\u2019une trentaine d\u2019hectares encore en activit\u00e9 contrairement \u00e0 ses illustres a\u00een\u00e9s. La propri\u00e9t\u00e9 produit plus de 80 000 bouteilles qui s\u2019exportent aux quatre coins du monde.<\/p>\n<div id=\"attachment_1301\" style=\"width: 1210px\" class=\"wp-caption aligncenter\"><img loading=\"lazy\" decoding=\"async\" aria-describedby=\"caption-attachment-1301\" class=\"size-full wp-image-1301\" src=\"https:\/\/www.nature-bois-concept.com\/magazine\/wp-content\/uploads\/2016\/06\/terrasse-bois-exotique-cumaru-realisee-a-aspiran.jpg\" alt=\"Plage de piscine bois exotique Cumaru\" width=\"1200\" height=\"496\" srcset=\"https:\/\/www.nature-bois-concept.com\/magazine\/wp-content\/uploads\/2016\/06\/terrasse-bois-exotique-cumaru-realisee-a-aspiran.jpg 1200w, https:\/\/www.nature-bois-concept.com\/magazine\/wp-content\/uploads\/2016\/06\/terrasse-bois-exotique-cumaru-realisee-a-aspiran-300x124.jpg 300w, https:\/\/www.nature-bois-concept.com\/magazine\/wp-content\/uploads\/2016\/06\/terrasse-bois-exotique-cumaru-realisee-a-aspiran-768x317.jpg 768w, https:\/\/www.nature-bois-concept.com\/magazine\/wp-content\/uploads\/2016\/06\/terrasse-bois-exotique-cumaru-realisee-a-aspiran-1024x423.jpg 1024w, https:\/\/www.nature-bois-concept.com\/magazine\/wp-content\/uploads\/2016\/06\/terrasse-bois-exotique-cumaru-realisee-a-aspiran-1060x438.jpg 1060w\" sizes=\"(max-width: 1200px) 100vw, 1200px\" \/><p id=\"caption-attachment-1301\" class=\"wp-caption-text\">Magnifique panorama offert sur cette terrasse bois qui surplombe le domaine viticole de la Villa Symposia<\/p><\/div>\n<p style=\"text-align: justify;\">Le propri\u00e9taire a choisi de faire profiter ses visiteurs du panorama magnifique qu\u2019offrent la villa Symposia et ses vignes, en cr\u00e9ant de somptueuses chambres d\u2019h\u00f4tes. Les visiteurs sont re\u00e7us sur une terrasse en bois exotique d\u2019exception qui relie chaque partie du domaine pour une convivialit\u00e9 assur\u00e9e autour de cette belle piscine.<\/p>\n<p style=\"text-align: justify;\">Chaque chambre dispose d\u2019une terrasse priv\u00e9e, celles-ci donnant soit sur une piscine, soit sur un accueillant salon de jardin. Ces terrasses ont \u00e9t\u00e9 r\u00e9alis\u00e9es avec des lames en bois exotique Cumaru en provenance d\u2019Am\u00e9rique du Sud.<\/p>\n<p style=\"text-align: justify;\">Le propri\u00e9taire a choisi le Cumaru pour son authenticit\u00e9 et son cachet afin de se d\u00e9marquer gr\u00e2ce \u00e0 sa couleur brune claire qui contient des nuances ros\u00e9es. La couleur du Cumaru, avec ses diff\u00e9rentes nuances, renforce son c\u00f4t\u00e9 exotique remarquable.<\/p>\n<div id=\"attachment_1302\" style=\"width: 1210px\" class=\"wp-caption aligncenter\"><img loading=\"lazy\" decoding=\"async\" aria-describedby=\"caption-attachment-1302\" class=\"size-full wp-image-1302\" src=\"https:\/\/www.nature-bois-concept.com\/magazine\/wp-content\/uploads\/2016\/06\/terrasse-bois-exotique-cumaru-chambres-d-hotes-1.jpg\" alt=\"Plage de piscine bois exotique Cumaru Villa Symposia\" width=\"1200\" height=\"496\" srcset=\"https:\/\/www.nature-bois-concept.com\/magazine\/wp-content\/uploads\/2016\/06\/terrasse-bois-exotique-cumaru-chambres-d-hotes-1.jpg 1200w, https:\/\/www.nature-bois-concept.com\/magazine\/wp-content\/uploads\/2016\/06\/terrasse-bois-exotique-cumaru-chambres-d-hotes-1-300x124.jpg 300w, https:\/\/www.nature-bois-concept.com\/magazine\/wp-content\/uploads\/2016\/06\/terrasse-bois-exotique-cumaru-chambres-d-hotes-1-768x317.jpg 768w, https:\/\/www.nature-bois-concept.com\/magazine\/wp-content\/uploads\/2016\/06\/terrasse-bois-exotique-cumaru-chambres-d-hotes-1-1024x423.jpg 1024w, https:\/\/www.nature-bois-concept.com\/magazine\/wp-content\/uploads\/2016\/06\/terrasse-bois-exotique-cumaru-chambres-d-hotes-1-1060x438.jpg 1060w\" sizes=\"(max-width: 1200px) 100vw, 1200px\" \/><p id=\"caption-attachment-1302\" class=\"wp-caption-text\">Beau tour de piscine en bois exotique Cumaru sur le domaine de la Villa Symposia<\/p><\/div>\n<p style=\"text-align: justify;\">Simple d\u2019entretien, il convient parfaitement aux lieux r\u00e9ceptionnant du public. Si n\u00e9cessaire un simple passage d\u2019eau savonneuse suffit pour faire disparaitre les traces de son passage. Bois tr\u00e8s dur d\u2019une densit\u00e9 \u00e9quivalente \u00e0 l\u2019IP\u00c9, il r\u00e9sistera \u00e0 toutes les agressions du quotidien.<\/p>\n<p style=\"text-align: justify;\">Si cette terrasse ne vous a pas laiss\u00e9 indiff\u00e9rent, nous vous invitons \u00e0 d\u00e9couvrir d\u00e8s maintenant le <a href=\"https:\/\/www.nature-bois-concept.com\/terrasse-bois-exotique-cumaru.php\" target=\"_blank\" rel=\"noopener noreferrer\">Cumaru<\/a> sur la page qui lui est d\u00e9di\u00e9e ou bien en r\u00e9alisant directement un <a href=\"https:\/\/www.nature-bois-concept.com\/fr\/terrasse-bois\/devis\/mon-projet\/\" target=\"_blank\" rel=\"noopener noreferrer\">devis en ligne<\/a> si vous \u00eates d\u00e9j\u00e0 conquis par cette essence bois.<\/p>\n","protected":false},"excerpt":{"rendered":"<p>Aspiran sud de la France, ancienne cit\u00e9 gallo-romaine du Languedoc Roussillon connue pour ses grands domaines viticoles vieux de plusieurs centaines d\u2019ann\u00e9es, vous d\u00e9voile une partie de son patrimoine. Aujourd\u2019hui dans notre rubrique les actualit\u00e9s de la terrasse en bois, nous vous invitons \u00e0 la d\u00e9couverte d\u2019une villa qui surplombe ce grand vignoble d\u2019une trentaine d\u2019hectares encore en activit\u00e9 contrairement \u00e0 ses illustres a\u00een\u00e9s. La propri\u00e9t\u00e9 produit plus de 80&#8230;<\/p>\n","protected":false},"author":2,"featured_media":3400,"parent":556,"menu_order":0,"comment_status":"open","ping_status":"closed","template":"","meta":{"_acf_changed":false,"footnotes":""},"acf":[],"yoast_head":"<!-- This site is optimized with the Yoast SEO plugin v22.4 - https:\/\/yoast.com\/wordpress\/plugins\/seo\/ -->\n<title>Terrasse d&#039;exception n\u00b01 - Le magazine Nature Bois Concept<\/title>\n<meta name=\"description\" content=\"Nature Bois Concept vous am\u00e8ne \u00e0 la d\u00e9couverte d&#039;une terrasse d&#039;exception, celle de la Villa Symposia. Une magnifique demeure du sud de la France.\" \/>\n<meta name=\"robots\" content=\"index, follow, max-snippet:-1, max-image-preview:large, max-video-preview:-1\" \/>\n<link rel=\"canonical\" href=\"https:\/\/www.nature-bois-concept.com\/magazine\/terrasse-bois\/actualites\/terrasse-dexception-terrasse-de-villa-symposia\/\" \/>\n<meta property=\"og:locale\" content=\"fr_FR\" \/>\n<meta property=\"og:type\" content=\"article\" \/>\n<meta property=\"og:title\" content=\"Terrasse d&#039;exception n\u00b01 - Le magazine Nature Bois Concept\" \/>\n<meta property=\"og:description\" content=\"Nature Bois Concept vous am\u00e8ne \u00e0 la d\u00e9couverte d&#039;une terrasse d&#039;exception, celle de la Villa Symposia. Une magnifique demeure du sud de la France.\" \/>\n<meta property=\"og:url\" content=\"https:\/\/www.nature-bois-concept.com\/magazine\/terrasse-bois\/actualites\/terrasse-dexception-terrasse-de-villa-symposia\/\" \/>\n<meta property=\"og:site_name\" content=\"Magazine Nature Bois Concept\" \/>\n<meta property=\"article:publisher\" content=\"https:\/\/www.facebook.com\/Nature-Bois-Concept-1596307970584169\/\" \/>\n<meta property=\"article:modified_time\" content=\"2021-08-18T09:35:51+00:00\" \/>\n<meta property=\"og:image\" content=\"https:\/\/www.nature-bois-concept.com\/magazine\/wp-content\/uploads\/2016\/06\/terrasse-bois-d-exception.jpg\" \/>\n\t<meta property=\"og:image:width\" content=\"2100\" \/>\n\t<meta property=\"og:image:height\" content=\"440\" \/>\n\t<meta property=\"og:image:type\" content=\"image\/jpeg\" \/>\n<meta name=\"twitter:card\" content=\"summary_large_image\" \/>\n<meta name=\"twitter:site\" content=\"@nbc_bois\" \/>\n<meta name=\"twitter:label1\" content=\"Dur\u00e9e de lecture estim\u00e9e\" \/>\n\t<meta name=\"twitter:data1\" content=\"2 minutes\" \/>\n<script type=\"application\/ld+json\" class=\"yoast-schema-graph\">{\"@context\":\"https:\/\/schema.org\",\"@graph\":[{\"@type\":\"WebPage\",\"@id\":\"https:\/\/www.nature-bois-concept.com\/magazine\/terrasse-bois\/actualites\/terrasse-dexception-terrasse-de-villa-symposia\/\",\"url\":\"https:\/\/www.nature-bois-concept.com\/magazine\/terrasse-bois\/actualites\/terrasse-dexception-terrasse-de-villa-symposia\/\",\"name\":\"Terrasse d'exception n\u00b01 - Le magazine Nature Bois Concept\",\"isPartOf\":{\"@id\":\"https:\/\/www.nature-bois-concept.com\/magazine\/#website\"},\"primaryImageOfPage\":{\"@id\":\"https:\/\/www.nature-bois-concept.com\/magazine\/terrasse-bois\/actualites\/terrasse-dexception-terrasse-de-villa-symposia\/#primaryimage\"},\"image\":{\"@id\":\"https:\/\/www.nature-bois-concept.com\/magazine\/terrasse-bois\/actualites\/terrasse-dexception-terrasse-de-villa-symposia\/#primaryimage\"},\"thumbnailUrl\":\"https:\/\/www.nature-bois-concept.com\/magazine\/wp-content\/uploads\/2016\/06\/terrasse-bois-d-exception.jpg\",\"datePublished\":\"2016-06-28T15:00:47+00:00\",\"dateModified\":\"2021-08-18T09:35:51+00:00\",\"description\":\"Nature Bois Concept vous am\u00e8ne \u00e0 la d\u00e9couverte d'une terrasse d'exception, celle de la Villa Symposia. Une magnifique demeure du sud de la France.\",\"breadcrumb\":{\"@id\":\"https:\/\/www.nature-bois-concept.com\/magazine\/terrasse-bois\/actualites\/terrasse-dexception-terrasse-de-villa-symposia\/#breadcrumb\"},\"inLanguage\":\"fr-FR\",\"potentialAction\":[{\"@type\":\"ReadAction\",\"target\":[\"https:\/\/www.nature-bois-concept.com\/magazine\/terrasse-bois\/actualites\/terrasse-dexception-terrasse-de-villa-symposia\/\"]}]},{\"@type\":\"ImageObject\",\"inLanguage\":\"fr-FR\",\"@id\":\"https:\/\/www.nature-bois-concept.com\/magazine\/terrasse-bois\/actualites\/terrasse-dexception-terrasse-de-villa-symposia\/#primaryimage\",\"url\":\"https:\/\/www.nature-bois-concept.com\/magazine\/wp-content\/uploads\/2016\/06\/terrasse-bois-d-exception.jpg\",\"contentUrl\":\"https:\/\/www.nature-bois-concept.com\/magazine\/wp-content\/uploads\/2016\/06\/terrasse-bois-d-exception.jpg\",\"width\":2100,\"height\":440,\"caption\":\"terrasse en bois exotique d\u2019exception\"},{\"@type\":\"BreadcrumbList\",\"@id\":\"https:\/\/www.nature-bois-concept.com\/magazine\/terrasse-bois\/actualites\/terrasse-dexception-terrasse-de-villa-symposia\/#breadcrumb\",\"itemListElement\":[{\"@type\":\"ListItem\",\"position\":1,\"name\":\"Magazine NBC\",\"item\":\"https:\/\/www.nature-bois-concept.com\/magazine\/\"},{\"@type\":\"ListItem\",\"position\":2,\"name\":\"Terrasse bois\",\"item\":\"https:\/\/www.nature-bois-concept.com\/magazine\/terrasse-bois\/\"},{\"@type\":\"ListItem\",\"position\":3,\"name\":\"Les Articles sur la Terrasse en Bois\",\"item\":\"https:\/\/www.nature-bois-concept.com\/magazine\/terrasse-bois\/actualites\/\"},{\"@type\":\"ListItem\",\"position\":4,\"name\":\"Terrasse d&rsquo;exception n\u00b01 : La terrasse de la Villa Symposia\"}]},{\"@type\":\"WebSite\",\"@id\":\"https:\/\/www.nature-bois-concept.com\/magazine\/#website\",\"url\":\"https:\/\/www.nature-bois-concept.com\/magazine\/\",\"name\":\"Magazine Nature Bois Concept\",\"description\":\"En association avec Nature Bois Concept\",\"potentialAction\":[{\"@type\":\"SearchAction\",\"target\":{\"@type\":\"EntryPoint\",\"urlTemplate\":\"https:\/\/www.nature-bois-concept.com\/magazine\/?s={search_term_string}\"},\"query-input\":\"required name=search_term_string\"}],\"inLanguage\":\"fr-FR\"}]}<\/script>\n<!-- \/ Yoast SEO plugin. -->","yoast_head_json":{"title":"Terrasse d'exception n\u00b01 - Le magazine Nature Bois Concept","description":"Nature Bois Concept vous am\u00e8ne \u00e0 la d\u00e9couverte d'une terrasse d'exception, celle de la Villa Symposia. Une magnifique demeure du sud de la France.","robots":{"index":"index","follow":"follow","max-snippet":"max-snippet:-1","max-image-preview":"max-image-preview:large","max-video-preview":"max-video-preview:-1"},"canonical":"https:\/\/www.nature-bois-concept.com\/magazine\/terrasse-bois\/actualites\/terrasse-dexception-terrasse-de-villa-symposia\/","og_locale":"fr_FR","og_type":"article","og_title":"Terrasse d'exception n\u00b01 - Le magazine Nature Bois Concept","og_description":"Nature Bois Concept vous am\u00e8ne \u00e0 la d\u00e9couverte d'une terrasse d'exception, celle de la Villa Symposia. Une magnifique demeure du sud de la France.","og_url":"https:\/\/www.nature-bois-concept.com\/magazine\/terrasse-bois\/actualites\/terrasse-dexception-terrasse-de-villa-symposia\/","og_site_name":"Magazine Nature Bois Concept","article_publisher":"https:\/\/www.facebook.com\/Nature-Bois-Concept-1596307970584169\/","article_modified_time":"2021-08-18T09:35:51+00:00","og_image":[{"width":2100,"height":440,"url":"https:\/\/www.nature-bois-concept.com\/magazine\/wp-content\/uploads\/2016\/06\/terrasse-bois-d-exception.jpg","type":"image\/jpeg"}],"twitter_card":"summary_large_image","twitter_site":"@nbc_bois","twitter_misc":{"Dur\u00e9e de lecture estim\u00e9e":"2 minutes"},"schema":{"@context":"https:\/\/schema.org","@graph":[{"@type":"WebPage","@id":"https:\/\/www.nature-bois-concept.com\/magazine\/terrasse-bois\/actualites\/terrasse-dexception-terrasse-de-villa-symposia\/","url":"https:\/\/www.nature-bois-concept.com\/magazine\/terrasse-bois\/actualites\/terrasse-dexception-terrasse-de-villa-symposia\/","name":"Terrasse d'exception n\u00b01 - Le magazine Nature Bois Concept","isPartOf":{"@id":"https:\/\/www.nature-bois-concept.com\/magazine\/#website"},"primaryImageOfPage":{"@id":"https:\/\/www.nature-bois-concept.com\/magazine\/terrasse-bois\/actualites\/terrasse-dexception-terrasse-de-villa-symposia\/#primaryimage"},"image":{"@id":"https:\/\/www.nature-bois-concept.com\/magazine\/terrasse-bois\/actualites\/terrasse-dexception-terrasse-de-villa-symposia\/#primaryimage"},"thumbnailUrl":"https:\/\/www.nature-bois-concept.com\/magazine\/wp-content\/uploads\/2016\/06\/terrasse-bois-d-exception.jpg","datePublished":"2016-06-28T15:00:47+00:00","dateModified":"2021-08-18T09:35:51+00:00","description":"Nature Bois Concept vous am\u00e8ne \u00e0 la d\u00e9couverte d'une terrasse d'exception, celle de la Villa Symposia. Une magnifique demeure du sud de la France.","breadcrumb":{"@id":"https:\/\/www.nature-bois-concept.com\/magazine\/terrasse-bois\/actualites\/terrasse-dexception-terrasse-de-villa-symposia\/#breadcrumb"},"inLanguage":"fr-FR","potentialAction":[{"@type":"ReadAction","target":["https:\/\/www.nature-bois-concept.com\/magazine\/terrasse-bois\/actualites\/terrasse-dexception-terrasse-de-villa-symposia\/"]}]},{"@type":"ImageObject","inLanguage":"fr-FR","@id":"https:\/\/www.nature-bois-concept.com\/magazine\/terrasse-bois\/actualites\/terrasse-dexception-terrasse-de-villa-symposia\/#primaryimage","url":"https:\/\/www.nature-bois-concept.com\/magazine\/wp-content\/uploads\/2016\/06\/terrasse-bois-d-exception.jpg","contentUrl":"https:\/\/www.nature-bois-concept.com\/magazine\/wp-content\/uploads\/2016\/06\/terrasse-bois-d-exception.jpg","width":2100,"height":440,"caption":"terrasse en bois exotique d\u2019exception"},{"@type":"BreadcrumbList","@id":"https:\/\/www.nature-bois-concept.com\/magazine\/terrasse-bois\/actualites\/terrasse-dexception-terrasse-de-villa-symposia\/#breadcrumb","itemListElement":[{"@type":"ListItem","position":1,"name":"Magazine NBC","item":"https:\/\/www.nature-bois-concept.com\/magazine\/"},{"@type":"ListItem","position":2,"name":"Terrasse bois","item":"https:\/\/www.nature-bois-concept.com\/magazine\/terrasse-bois\/"},{"@type":"ListItem","position":3,"name":"Les Articles sur la Terrasse en Bois","item":"https:\/\/www.nature-bois-concept.com\/magazine\/terrasse-bois\/actualites\/"},{"@type":"ListItem","position":4,"name":"Terrasse d&rsquo;exception n\u00b01 : La terrasse de la Villa Symposia"}]},{"@type":"WebSite","@id":"https:\/\/www.nature-bois-concept.com\/magazine\/#website","url":"https:\/\/www.nature-bois-concept.com\/magazine\/","name":"Magazine Nature Bois Concept","description":"En association avec Nature Bois Concept","potentialAction":[{"@type":"SearchAction","target":{"@type":"EntryPoint","urlTemplate":"https:\/\/www.nature-bois-concept.com\/magazine\/?s={search_term_string}"},"query-input":"required name=search_term_string"}],"inLanguage":"fr-FR"}]}},"_links":{"self":[{"href":"https:\/\/www.nature-bois-concept.com\/magazine\/wp-json\/wp\/v2\/pages\/626"}],"collection":[{"href":"https:\/\/www.nature-bois-concept.com\/magazine\/wp-json\/wp\/v2\/pages"}],"about":[{"href":"https:\/\/www.nature-bois-concept.com\/magazine\/wp-json\/wp\/v2\/types\/page"}],"author":[{"embeddable":true,"href":"https:\/\/www.nature-bois-concept.com\/magazine\/wp-json\/wp\/v2\/users\/2"}],"replies":[{"embeddable":true,"href":"https:\/\/www.nature-bois-concept.com\/magazine\/wp-json\/wp\/v2\/comments?post=626"}],"version-history":[{"count":47,"href":"https:\/\/www.nature-bois-concept.com\/magazine\/wp-json\/wp\/v2\/pages\/626\/revisions"}],"predecessor-version":[{"id":6423,"href":"https:\/\/www.nature-bois-concept.com\/magazine\/wp-json\/wp\/v2\/pages\/626\/revisions\/6423"}],"up":[{"embeddable":true,"href":"https:\/\/www.nature-bois-concept.com\/magazine\/wp-json\/wp\/v2\/pages\/556"}],"wp:featuredmedia":[{"embeddable":true,"href":"https:\/\/www.nature-bois-concept.com\/magazine\/wp-json\/wp\/v2\/media\/3400"}],"wp:attachment":[{"href":"https:\/\/www.nature-bois-concept.com\/magazine\/wp-json\/wp\/v2\/media?parent=626"}],"curies":[{"name":"wp","href":"https:\/\/api.w.org\/{rel}","templated":true}]}}