{"id":6239,"date":"2021-03-12T15:26:18","date_gmt":"2021-03-12T14:26:18","guid":{"rendered":"https:\/\/www.nature-bois-concept.com\/magazine\/?page_id=6239"},"modified":"2025-05-22T14:09:58","modified_gmt":"2025-05-22T12:09:58","slug":"bois-kebony-pour-terrasse-bardage-eco-responsable","status":"publish","type":"page","link":"https:\/\/www.nature-bois-concept.com\/magazine\/terrasse-bois\/actualites\/bois-kebony-pour-terrasse-bardage-eco-responsable\/","title":{"rendered":"Opter pour une terrasse ou un bardage \u00e9cologique avec le bois Kebony"},"content":{"rendered":"","protected":false},"excerpt":{"rendered":"","protected":false},"author":14,"featured_media":6241,"parent":556,"menu_order":0,"comment_status":"closed","ping_status":"closed","template":"","meta":{"_acf_changed":false,"footnotes":""},"acf":[],"yoast_head":"<!-- This site is optimized with the Yoast SEO plugin v22.4 - https:\/\/yoast.com\/wordpress\/plugins\/seo\/ -->\n<title>Le bois Kebony, pour une terrasse ou un bardage \u00e9cologique<\/title>\n<meta name=\"description\" content=\"Rien de tel que du bois Kebony pour construire une terrasse \u00e9cologique ou un bardage : on vous dit tout sur ce bois durable trait\u00e9 \u00e0 base de composants v\u00e9g\u00e9taux.\" \/>\n<meta name=\"robots\" content=\"index, follow, max-snippet:-1, max-image-preview:large, max-video-preview:-1\" \/>\n<link rel=\"canonical\" href=\"https:\/\/www.nature-bois-concept.com\/magazine\/terrasse-bois\/actualites\/bois-kebony-pour-terrasse-bardage-eco-responsable\/\" \/>\n<meta property=\"og:locale\" content=\"fr_FR\" \/>\n<meta property=\"og:type\" content=\"article\" \/>\n<meta property=\"og:title\" content=\"Le bois Kebony, pour une terrasse ou un bardage \u00e9cologique\" \/>\n<meta property=\"og:description\" content=\"Rien de tel que du bois Kebony pour construire une terrasse \u00e9cologique ou un bardage : on vous dit tout sur ce bois durable trait\u00e9 \u00e0 base de composants v\u00e9g\u00e9taux.\" \/>\n<meta property=\"og:url\" content=\"https:\/\/www.nature-bois-concept.com\/magazine\/terrasse-bois\/actualites\/bois-kebony-pour-terrasse-bardage-eco-responsable\/\" \/>\n<meta property=\"og:site_name\" content=\"Magazine Nature Bois Concept\" \/>\n<meta property=\"article:publisher\" content=\"https:\/\/www.facebook.com\/Nature-Bois-Concept-1596307970584169\/\" \/>\n<meta property=\"article:modified_time\" content=\"2025-05-22T12:09:58+00:00\" \/>\n<meta property=\"og:image\" content=\"https:\/\/www.nature-bois-concept.com\/magazine\/wp-content\/uploads\/2021\/03\/kebony.png\" \/>\n\t<meta property=\"og:image:width\" content=\"2148\" \/>\n\t<meta property=\"og:image:height\" content=\"440\" \/>\n\t<meta property=\"og:image:type\" content=\"image\/png\" \/>\n<meta name=\"twitter:card\" content=\"summary_large_image\" \/>\n<meta name=\"twitter:site\" content=\"@nbc_bois\" \/>\n<meta name=\"twitter:label1\" content=\"Dur\u00e9e de lecture estim\u00e9e\" \/>\n\t<meta name=\"twitter:data1\" content=\"1 minute\" \/>\n<script type=\"application\/ld+json\" class=\"yoast-schema-graph\">{\"@context\":\"https:\/\/schema.org\",\"@graph\":[{\"@type\":\"WebPage\",\"@id\":\"https:\/\/www.nature-bois-concept.com\/magazine\/terrasse-bois\/actualites\/bois-kebony-pour-terrasse-bardage-eco-responsable\/\",\"url\":\"https:\/\/www.nature-bois-concept.com\/magazine\/terrasse-bois\/actualites\/bois-kebony-pour-terrasse-bardage-eco-responsable\/\",\"name\":\"Le bois Kebony, pour une terrasse ou un bardage \u00e9cologique\",\"isPartOf\":{\"@id\":\"https:\/\/www.nature-bois-concept.com\/magazine\/#website\"},\"primaryImageOfPage\":{\"@id\":\"https:\/\/www.nature-bois-concept.com\/magazine\/terrasse-bois\/actualites\/bois-kebony-pour-terrasse-bardage-eco-responsable\/#primaryimage\"},\"image\":{\"@id\":\"https:\/\/www.nature-bois-concept.com\/magazine\/terrasse-bois\/actualites\/bois-kebony-pour-terrasse-bardage-eco-responsable\/#primaryimage\"},\"thumbnailUrl\":\"https:\/\/www.nature-bois-concept.com\/magazine\/wp-content\/uploads\/2021\/03\/kebony.png\",\"datePublished\":\"2021-03-12T14:26:18+00:00\",\"dateModified\":\"2025-05-22T12:09:58+00:00\",\"description\":\"Rien de tel que du bois Kebony pour construire une terrasse \u00e9cologique ou un bardage : on vous dit tout sur ce bois durable trait\u00e9 \u00e0 base de composants v\u00e9g\u00e9taux.\",\"breadcrumb\":{\"@id\":\"https:\/\/www.nature-bois-concept.com\/magazine\/terrasse-bois\/actualites\/bois-kebony-pour-terrasse-bardage-eco-responsable\/#breadcrumb\"},\"inLanguage\":\"fr-FR\",\"potentialAction\":[{\"@type\":\"ReadAction\",\"target\":[\"https:\/\/www.nature-bois-concept.com\/magazine\/terrasse-bois\/actualites\/bois-kebony-pour-terrasse-bardage-eco-responsable\/\"]}]},{\"@type\":\"ImageObject\",\"inLanguage\":\"fr-FR\",\"@id\":\"https:\/\/www.nature-bois-concept.com\/magazine\/terrasse-bois\/actualites\/bois-kebony-pour-terrasse-bardage-eco-responsable\/#primaryimage\",\"url\":\"https:\/\/www.nature-bois-concept.com\/magazine\/wp-content\/uploads\/2021\/03\/kebony.png\",\"contentUrl\":\"https:\/\/www.nature-bois-concept.com\/magazine\/wp-content\/uploads\/2021\/03\/kebony.png\",\"width\":2148,\"height\":440,\"caption\":\"Terrasse en kebony clear radiata\"},{\"@type\":\"BreadcrumbList\",\"@id\":\"https:\/\/www.nature-bois-concept.com\/magazine\/terrasse-bois\/actualites\/bois-kebony-pour-terrasse-bardage-eco-responsable\/#breadcrumb\",\"itemListElement\":[{\"@type\":\"ListItem\",\"position\":1,\"name\":\"Magazine NBC\",\"item\":\"https:\/\/www.nature-bois-concept.com\/magazine\/\"},{\"@type\":\"ListItem\",\"position\":2,\"name\":\"Terrasse bois\",\"item\":\"https:\/\/www.nature-bois-concept.com\/magazine\/terrasse-bois\/\"},{\"@type\":\"ListItem\",\"position\":3,\"name\":\"Les Articles sur la Terrasse en Bois\",\"item\":\"https:\/\/www.nature-bois-concept.com\/magazine\/terrasse-bois\/actualites\/\"},{\"@type\":\"ListItem\",\"position\":4,\"name\":\"Opter pour une terrasse ou un bardage \u00e9cologique avec le bois Kebony\"}]},{\"@type\":\"WebSite\",\"@id\":\"https:\/\/www.nature-bois-concept.com\/magazine\/#website\",\"url\":\"https:\/\/www.nature-bois-concept.com\/magazine\/\",\"name\":\"Magazine Nature Bois Concept\",\"description\":\"En association avec Nature Bois Concept\",\"potentialAction\":[{\"@type\":\"SearchAction\",\"target\":{\"@type\":\"EntryPoint\",\"urlTemplate\":\"https:\/\/www.nature-bois-concept.com\/magazine\/?s={search_term_string}\"},\"query-input\":\"required name=search_term_string\"}],\"inLanguage\":\"fr-FR\"}]}<\/script>\n<!-- \/ Yoast SEO plugin. -->","yoast_head_json":{"title":"Le bois Kebony, pour une terrasse ou un bardage \u00e9cologique","description":"Rien de tel que du bois Kebony pour construire une terrasse \u00e9cologique ou un bardage : on vous dit tout sur ce bois durable trait\u00e9 \u00e0 base de composants v\u00e9g\u00e9taux.","robots":{"index":"index","follow":"follow","max-snippet":"max-snippet:-1","max-image-preview":"max-image-preview:large","max-video-preview":"max-video-preview:-1"},"canonical":"https:\/\/www.nature-bois-concept.com\/magazine\/terrasse-bois\/actualites\/bois-kebony-pour-terrasse-bardage-eco-responsable\/","og_locale":"fr_FR","og_type":"article","og_title":"Le bois Kebony, pour une terrasse ou un bardage \u00e9cologique","og_description":"Rien de tel que du bois Kebony pour construire une terrasse \u00e9cologique ou un bardage : on vous dit tout sur ce bois durable trait\u00e9 \u00e0 base de composants v\u00e9g\u00e9taux.","og_url":"https:\/\/www.nature-bois-concept.com\/magazine\/terrasse-bois\/actualites\/bois-kebony-pour-terrasse-bardage-eco-responsable\/","og_site_name":"Magazine Nature Bois Concept","article_publisher":"https:\/\/www.facebook.com\/Nature-Bois-Concept-1596307970584169\/","article_modified_time":"2025-05-22T12:09:58+00:00","og_image":[{"width":2148,"height":440,"url":"https:\/\/www.nature-bois-concept.com\/magazine\/wp-content\/uploads\/2021\/03\/kebony.png","type":"image\/png"}],"twitter_card":"summary_large_image","twitter_site":"@nbc_bois","twitter_misc":{"Dur\u00e9e de lecture estim\u00e9e":"1 minute"},"schema":{"@context":"https:\/\/schema.org","@graph":[{"@type":"WebPage","@id":"https:\/\/www.nature-bois-concept.com\/magazine\/terrasse-bois\/actualites\/bois-kebony-pour-terrasse-bardage-eco-responsable\/","url":"https:\/\/www.nature-bois-concept.com\/magazine\/terrasse-bois\/actualites\/bois-kebony-pour-terrasse-bardage-eco-responsable\/","name":"Le bois Kebony, pour une terrasse ou un bardage \u00e9cologique","isPartOf":{"@id":"https:\/\/www.nature-bois-concept.com\/magazine\/#website"},"primaryImageOfPage":{"@id":"https:\/\/www.nature-bois-concept.com\/magazine\/terrasse-bois\/actualites\/bois-kebony-pour-terrasse-bardage-eco-responsable\/#primaryimage"},"image":{"@id":"https:\/\/www.nature-bois-concept.com\/magazine\/terrasse-bois\/actualites\/bois-kebony-pour-terrasse-bardage-eco-responsable\/#primaryimage"},"thumbnailUrl":"https:\/\/www.nature-bois-concept.com\/magazine\/wp-content\/uploads\/2021\/03\/kebony.png","datePublished":"2021-03-12T14:26:18+00:00","dateModified":"2025-05-22T12:09:58+00:00","description":"Rien de tel que du bois Kebony pour construire une terrasse \u00e9cologique ou un bardage : on vous dit tout sur ce bois durable trait\u00e9 \u00e0 base de composants v\u00e9g\u00e9taux.","breadcrumb":{"@id":"https:\/\/www.nature-bois-concept.com\/magazine\/terrasse-bois\/actualites\/bois-kebony-pour-terrasse-bardage-eco-responsable\/#breadcrumb"},"inLanguage":"fr-FR","potentialAction":[{"@type":"ReadAction","target":["https:\/\/www.nature-bois-concept.com\/magazine\/terrasse-bois\/actualites\/bois-kebony-pour-terrasse-bardage-eco-responsable\/"]}]},{"@type":"ImageObject","inLanguage":"fr-FR","@id":"https:\/\/www.nature-bois-concept.com\/magazine\/terrasse-bois\/actualites\/bois-kebony-pour-terrasse-bardage-eco-responsable\/#primaryimage","url":"https:\/\/www.nature-bois-concept.com\/magazine\/wp-content\/uploads\/2021\/03\/kebony.png","contentUrl":"https:\/\/www.nature-bois-concept.com\/magazine\/wp-content\/uploads\/2021\/03\/kebony.png","width":2148,"height":440,"caption":"Terrasse en kebony clear radiata"},{"@type":"BreadcrumbList","@id":"https:\/\/www.nature-bois-concept.com\/magazine\/terrasse-bois\/actualites\/bois-kebony-pour-terrasse-bardage-eco-responsable\/#breadcrumb","itemListElement":[{"@type":"ListItem","position":1,"name":"Magazine NBC","item":"https:\/\/www.nature-bois-concept.com\/magazine\/"},{"@type":"ListItem","position":2,"name":"Terrasse bois","item":"https:\/\/www.nature-bois-concept.com\/magazine\/terrasse-bois\/"},{"@type":"ListItem","position":3,"name":"Les Articles sur la Terrasse en Bois","item":"https:\/\/www.nature-bois-concept.com\/magazine\/terrasse-bois\/actualites\/"},{"@type":"ListItem","position":4,"name":"Opter pour une terrasse ou un bardage \u00e9cologique avec le bois Kebony"}]},{"@type":"WebSite","@id":"https:\/\/www.nature-bois-concept.com\/magazine\/#website","url":"https:\/\/www.nature-bois-concept.com\/magazine\/","name":"Magazine Nature Bois Concept","description":"En association avec Nature Bois Concept","potentialAction":[{"@type":"SearchAction","target":{"@type":"EntryPoint","urlTemplate":"https:\/\/www.nature-bois-concept.com\/magazine\/?s={search_term_string}"},"query-input":"required name=search_term_string"}],"inLanguage":"fr-FR"}]}},"_links":{"self":[{"href":"https:\/\/www.nature-bois-concept.com\/magazine\/wp-json\/wp\/v2\/pages\/6239"}],"collection":[{"href":"https:\/\/www.nature-bois-concept.com\/magazine\/wp-json\/wp\/v2\/pages"}],"about":[{"href":"https:\/\/www.nature-bois-concept.com\/magazine\/wp-json\/wp\/v2\/types\/page"}],"author":[{"embeddable":true,"href":"https:\/\/www.nature-bois-concept.com\/magazine\/wp-json\/wp\/v2\/users\/14"}],"replies":[{"embeddable":true,"href":"https:\/\/www.nature-bois-concept.com\/magazine\/wp-json\/wp\/v2\/comments?post=6239"}],"version-history":[{"count":44,"href":"https:\/\/www.nature-bois-concept.com\/magazine\/wp-json\/wp\/v2\/pages\/6239\/revisions"}],"predecessor-version":[{"id":7822,"href":"https:\/\/www.nature-bois-concept.com\/magazine\/wp-json\/wp\/v2\/pages\/6239\/revisions\/7822"}],"up":[{"embeddable":true,"href":"https:\/\/www.nature-bois-concept.com\/magazine\/wp-json\/wp\/v2\/pages\/556"}],"wp:featuredmedia":[{"embeddable":true,"href":"https:\/\/www.nature-bois-concept.com\/magazine\/wp-json\/wp\/v2\/media\/6241"}],"wp:attachment":[{"href":"https:\/\/www.nature-bois-concept.com\/magazine\/wp-json\/wp\/v2\/media?parent=6239"}],"curies":[{"name":"wp","href":"https:\/\/api.w.org\/{rel}","templated":true}]}}