{"id":600,"date":"2016-06-28T16:37:38","date_gmt":"2016-06-28T14:37:38","guid":{"rendered":"https:\/\/www.nature-bois-concept.com\/magazine\/?page_id=600"},"modified":"2019-03-28T15:18:57","modified_gmt":"2019-03-28T14:18:57","slug":"actualites","status":"publish","type":"page","link":"https:\/\/www.nature-bois-concept.com\/magazine\/nbc\/actualites\/","title":{"rendered":"Article Nature Bois Concept"},"content":{"rendered":"","protected":false},"excerpt":{"rendered":"","protected":false},"author":2,"featured_media":3867,"parent":598,"menu_order":9,"comment_status":"closed","ping_status":"closed","template":"","meta":{"_acf_changed":false,"footnotes":""},"acf":[],"yoast_head":"<!-- This site is optimized with the Yoast SEO plugin v22.4 - https:\/\/yoast.com\/wordpress\/plugins\/seo\/ -->\n<title>L&#039;actualit\u00e9 de Nature Bois Concept : d\u00e9couvrez nos articles<\/title>\n<meta name=\"description\" content=\"Pourquoi choisir notre entreprise plut\u00f4t qu\u2019une autre ? Nous avons d\u00e9cid\u00e9 de montrer nos qualit\u00e9s afin de vous rassurer dans ce choix.\" \/>\n<meta name=\"robots\" content=\"index, follow, max-snippet:-1, max-image-preview:large, max-video-preview:-1\" \/>\n<link rel=\"canonical\" href=\"https:\/\/www.nature-bois-concept.com\/magazine\/nbc\/actualites\/\" \/>\n<meta property=\"og:locale\" content=\"fr_FR\" \/>\n<meta property=\"og:type\" content=\"article\" \/>\n<meta property=\"og:title\" content=\"L&#039;actualit\u00e9 de Nature Bois Concept : d\u00e9couvrez nos articles\" \/>\n<meta property=\"og:description\" content=\"Pourquoi choisir notre entreprise plut\u00f4t qu\u2019une autre ? Nous avons d\u00e9cid\u00e9 de montrer nos qualit\u00e9s afin de vous rassurer dans ce choix.\" \/>\n<meta property=\"og:url\" content=\"https:\/\/www.nature-bois-concept.com\/magazine\/nbc\/actualites\/\" \/>\n<meta property=\"og:site_name\" content=\"Magazine Nature Bois Concept\" \/>\n<meta property=\"article:publisher\" content=\"https:\/\/www.facebook.com\/Nature-Bois-Concept-1596307970584169\/\" \/>\n<meta property=\"article:modified_time\" content=\"2019-03-28T14:18:57+00:00\" \/>\n<meta property=\"og:image\" content=\"https:\/\/www.nature-bois-concept.com\/magazine\/wp-content\/uploads\/2016\/06\/Sans-titre-1.jpg\" \/>\n\t<meta property=\"og:image:width\" content=\"1900\" \/>\n\t<meta property=\"og:image:height\" content=\"440\" \/>\n\t<meta property=\"og:image:type\" content=\"image\/jpeg\" \/>\n<meta name=\"twitter:card\" content=\"summary_large_image\" \/>\n<meta name=\"twitter:site\" content=\"@nbc_bois\" \/>\n<script type=\"application\/ld+json\" class=\"yoast-schema-graph\">{\"@context\":\"https:\/\/schema.org\",\"@graph\":[{\"@type\":\"WebPage\",\"@id\":\"https:\/\/www.nature-bois-concept.com\/magazine\/nbc\/actualites\/\",\"url\":\"https:\/\/www.nature-bois-concept.com\/magazine\/nbc\/actualites\/\",\"name\":\"L'actualit\u00e9 de Nature Bois Concept : d\u00e9couvrez nos articles\",\"isPartOf\":{\"@id\":\"https:\/\/www.nature-bois-concept.com\/magazine\/#website\"},\"primaryImageOfPage\":{\"@id\":\"https:\/\/www.nature-bois-concept.com\/magazine\/nbc\/actualites\/#primaryimage\"},\"image\":{\"@id\":\"https:\/\/www.nature-bois-concept.com\/magazine\/nbc\/actualites\/#primaryimage\"},\"thumbnailUrl\":\"https:\/\/www.nature-bois-concept.com\/magazine\/wp-content\/uploads\/2016\/06\/Sans-titre-1.jpg\",\"datePublished\":\"2016-06-28T14:37:38+00:00\",\"dateModified\":\"2019-03-28T14:18:57+00:00\",\"description\":\"Pourquoi choisir notre entreprise plut\u00f4t qu\u2019une autre ? Nous avons d\u00e9cid\u00e9 de montrer nos qualit\u00e9s afin de vous rassurer dans ce choix.\",\"breadcrumb\":{\"@id\":\"https:\/\/www.nature-bois-concept.com\/magazine\/nbc\/actualites\/#breadcrumb\"},\"inLanguage\":\"fr-FR\",\"potentialAction\":[{\"@type\":\"ReadAction\",\"target\":[\"https:\/\/www.nature-bois-concept.com\/magazine\/nbc\/actualites\/\"]}]},{\"@type\":\"ImageObject\",\"inLanguage\":\"fr-FR\",\"@id\":\"https:\/\/www.nature-bois-concept.com\/magazine\/nbc\/actualites\/#primaryimage\",\"url\":\"https:\/\/www.nature-bois-concept.com\/magazine\/wp-content\/uploads\/2016\/06\/Sans-titre-1.jpg\",\"contentUrl\":\"https:\/\/www.nature-bois-concept.com\/magazine\/wp-content\/uploads\/2016\/06\/Sans-titre-1.jpg\",\"width\":1900,\"height\":440},{\"@type\":\"BreadcrumbList\",\"@id\":\"https:\/\/www.nature-bois-concept.com\/magazine\/nbc\/actualites\/#breadcrumb\",\"itemListElement\":[{\"@type\":\"ListItem\",\"position\":1,\"name\":\"Magazine NBC\",\"item\":\"https:\/\/www.nature-bois-concept.com\/magazine\/\"},{\"@type\":\"ListItem\",\"position\":2,\"name\":\"NBC\",\"item\":\"https:\/\/www.nature-bois-concept.com\/magazine\/nbc\/\"},{\"@type\":\"ListItem\",\"position\":3,\"name\":\"Article Nature Bois Concept\"}]},{\"@type\":\"WebSite\",\"@id\":\"https:\/\/www.nature-bois-concept.com\/magazine\/#website\",\"url\":\"https:\/\/www.nature-bois-concept.com\/magazine\/\",\"name\":\"Magazine Nature Bois Concept\",\"description\":\"En association avec Nature Bois Concept\",\"potentialAction\":[{\"@type\":\"SearchAction\",\"target\":{\"@type\":\"EntryPoint\",\"urlTemplate\":\"https:\/\/www.nature-bois-concept.com\/magazine\/?s={search_term_string}\"},\"query-input\":\"required name=search_term_string\"}],\"inLanguage\":\"fr-FR\"}]}<\/script>\n<!-- \/ Yoast SEO plugin. -->","yoast_head_json":{"title":"L'actualit\u00e9 de Nature Bois Concept : d\u00e9couvrez nos articles","description":"Pourquoi choisir notre entreprise plut\u00f4t qu\u2019une autre ? Nous avons d\u00e9cid\u00e9 de montrer nos qualit\u00e9s afin de vous rassurer dans ce choix.","robots":{"index":"index","follow":"follow","max-snippet":"max-snippet:-1","max-image-preview":"max-image-preview:large","max-video-preview":"max-video-preview:-1"},"canonical":"https:\/\/www.nature-bois-concept.com\/magazine\/nbc\/actualites\/","og_locale":"fr_FR","og_type":"article","og_title":"L'actualit\u00e9 de Nature Bois Concept : d\u00e9couvrez nos articles","og_description":"Pourquoi choisir notre entreprise plut\u00f4t qu\u2019une autre ? Nous avons d\u00e9cid\u00e9 de montrer nos qualit\u00e9s afin de vous rassurer dans ce choix.","og_url":"https:\/\/www.nature-bois-concept.com\/magazine\/nbc\/actualites\/","og_site_name":"Magazine Nature Bois Concept","article_publisher":"https:\/\/www.facebook.com\/Nature-Bois-Concept-1596307970584169\/","article_modified_time":"2019-03-28T14:18:57+00:00","og_image":[{"width":1900,"height":440,"url":"https:\/\/www.nature-bois-concept.com\/magazine\/wp-content\/uploads\/2016\/06\/Sans-titre-1.jpg","type":"image\/jpeg"}],"twitter_card":"summary_large_image","twitter_site":"@nbc_bois","schema":{"@context":"https:\/\/schema.org","@graph":[{"@type":"WebPage","@id":"https:\/\/www.nature-bois-concept.com\/magazine\/nbc\/actualites\/","url":"https:\/\/www.nature-bois-concept.com\/magazine\/nbc\/actualites\/","name":"L'actualit\u00e9 de Nature Bois Concept : d\u00e9couvrez nos articles","isPartOf":{"@id":"https:\/\/www.nature-bois-concept.com\/magazine\/#website"},"primaryImageOfPage":{"@id":"https:\/\/www.nature-bois-concept.com\/magazine\/nbc\/actualites\/#primaryimage"},"image":{"@id":"https:\/\/www.nature-bois-concept.com\/magazine\/nbc\/actualites\/#primaryimage"},"thumbnailUrl":"https:\/\/www.nature-bois-concept.com\/magazine\/wp-content\/uploads\/2016\/06\/Sans-titre-1.jpg","datePublished":"2016-06-28T14:37:38+00:00","dateModified":"2019-03-28T14:18:57+00:00","description":"Pourquoi choisir notre entreprise plut\u00f4t qu\u2019une autre ? Nous avons d\u00e9cid\u00e9 de montrer nos qualit\u00e9s afin de vous rassurer dans ce choix.","breadcrumb":{"@id":"https:\/\/www.nature-bois-concept.com\/magazine\/nbc\/actualites\/#breadcrumb"},"inLanguage":"fr-FR","potentialAction":[{"@type":"ReadAction","target":["https:\/\/www.nature-bois-concept.com\/magazine\/nbc\/actualites\/"]}]},{"@type":"ImageObject","inLanguage":"fr-FR","@id":"https:\/\/www.nature-bois-concept.com\/magazine\/nbc\/actualites\/#primaryimage","url":"https:\/\/www.nature-bois-concept.com\/magazine\/wp-content\/uploads\/2016\/06\/Sans-titre-1.jpg","contentUrl":"https:\/\/www.nature-bois-concept.com\/magazine\/wp-content\/uploads\/2016\/06\/Sans-titre-1.jpg","width":1900,"height":440},{"@type":"BreadcrumbList","@id":"https:\/\/www.nature-bois-concept.com\/magazine\/nbc\/actualites\/#breadcrumb","itemListElement":[{"@type":"ListItem","position":1,"name":"Magazine NBC","item":"https:\/\/www.nature-bois-concept.com\/magazine\/"},{"@type":"ListItem","position":2,"name":"NBC","item":"https:\/\/www.nature-bois-concept.com\/magazine\/nbc\/"},{"@type":"ListItem","position":3,"name":"Article Nature Bois Concept"}]},{"@type":"WebSite","@id":"https:\/\/www.nature-bois-concept.com\/magazine\/#website","url":"https:\/\/www.nature-bois-concept.com\/magazine\/","name":"Magazine Nature Bois Concept","description":"En association avec Nature Bois Concept","potentialAction":[{"@type":"SearchAction","target":{"@type":"EntryPoint","urlTemplate":"https:\/\/www.nature-bois-concept.com\/magazine\/?s={search_term_string}"},"query-input":"required name=search_term_string"}],"inLanguage":"fr-FR"}]}},"_links":{"self":[{"href":"https:\/\/www.nature-bois-concept.com\/magazine\/wp-json\/wp\/v2\/pages\/600"}],"collection":[{"href":"https:\/\/www.nature-bois-concept.com\/magazine\/wp-json\/wp\/v2\/pages"}],"about":[{"href":"https:\/\/www.nature-bois-concept.com\/magazine\/wp-json\/wp\/v2\/types\/page"}],"author":[{"embeddable":true,"href":"https:\/\/www.nature-bois-concept.com\/magazine\/wp-json\/wp\/v2\/users\/2"}],"replies":[{"embeddable":true,"href":"https:\/\/www.nature-bois-concept.com\/magazine\/wp-json\/wp\/v2\/comments?post=600"}],"version-history":[{"count":7,"href":"https:\/\/www.nature-bois-concept.com\/magazine\/wp-json\/wp\/v2\/pages\/600\/revisions"}],"predecessor-version":[{"id":3868,"href":"https:\/\/www.nature-bois-concept.com\/magazine\/wp-json\/wp\/v2\/pages\/600\/revisions\/3868"}],"up":[{"embeddable":true,"href":"https:\/\/www.nature-bois-concept.com\/magazine\/wp-json\/wp\/v2\/pages\/598"}],"wp:featuredmedia":[{"embeddable":true,"href":"https:\/\/www.nature-bois-concept.com\/magazine\/wp-json\/wp\/v2\/media\/3867"}],"wp:attachment":[{"href":"https:\/\/www.nature-bois-concept.com\/magazine\/wp-json\/wp\/v2\/media?parent=600"}],"curies":[{"name":"wp","href":"https:\/\/api.w.org\/{rel}","templated":true}]}}