{"id":589,"date":"2016-06-28T16:34:48","date_gmt":"2016-06-28T14:34:48","guid":{"rendered":"https:\/\/www.nature-bois-concept.com\/magazine\/?page_id=589"},"modified":"2019-03-28T10:36:26","modified_gmt":"2019-03-28T09:36:26","slug":"guides","status":"publish","type":"page","link":"https:\/\/www.nature-bois-concept.com\/magazine\/cloture-bois\/guides\/","title":{"rendered":"Guide Cl\u00f4ture Bois"},"content":{"rendered":"","protected":false},"excerpt":{"rendered":"","protected":false},"author":2,"featured_media":3379,"parent":586,"menu_order":11,"comment_status":"closed","ping_status":"closed","template":"","meta":{"_acf_changed":false,"footnotes":""},"acf":[],"yoast_head":"<!-- This site is optimized with the Yoast SEO plugin v22.4 - https:\/\/yoast.com\/wordpress\/plugins\/seo\/ -->\n<title>Guide pour tout savoir sur la cl\u00f4ture bois de A \u00e0 Z<\/title>\n<meta name=\"description\" content=\"Vous souhaitez vous perfectionner sur la cl\u00f4ture bois ? Alors suivez le guide cl\u00f4ture bois : achat, mise en \u0153uvre et entretien, on vous dit tout !\" \/>\n<meta name=\"robots\" content=\"index, follow, max-snippet:-1, max-image-preview:large, max-video-preview:-1\" \/>\n<link rel=\"canonical\" href=\"https:\/\/www.nature-bois-concept.com\/magazine\/cloture-bois\/guides\/\" \/>\n<meta property=\"og:locale\" content=\"fr_FR\" \/>\n<meta property=\"og:type\" content=\"article\" \/>\n<meta property=\"og:title\" content=\"Guide pour tout savoir sur la cl\u00f4ture bois de A \u00e0 Z\" \/>\n<meta property=\"og:description\" content=\"Vous souhaitez vous perfectionner sur la cl\u00f4ture bois ? Alors suivez le guide cl\u00f4ture bois : achat, mise en \u0153uvre et entretien, on vous dit tout !\" \/>\n<meta property=\"og:url\" content=\"https:\/\/www.nature-bois-concept.com\/magazine\/cloture-bois\/guides\/\" \/>\n<meta property=\"og:site_name\" content=\"Magazine Nature Bois Concept\" \/>\n<meta property=\"article:publisher\" content=\"https:\/\/www.facebook.com\/Nature-Bois-Concept-1596307970584169\/\" \/>\n<meta property=\"article:modified_time\" content=\"2019-03-28T09:36:26+00:00\" \/>\n<meta property=\"og:image\" content=\"https:\/\/www.nature-bois-concept.com\/magazine\/wp-content\/uploads\/2016\/06\/cloture-bois-palissade.jpg\" \/>\n\t<meta property=\"og:image:width\" content=\"1880\" \/>\n\t<meta property=\"og:image:height\" content=\"440\" \/>\n\t<meta property=\"og:image:type\" content=\"image\/jpeg\" \/>\n<meta name=\"twitter:card\" content=\"summary_large_image\" \/>\n<meta name=\"twitter:site\" content=\"@nbc_bois\" \/>\n<script type=\"application\/ld+json\" class=\"yoast-schema-graph\">{\"@context\":\"https:\/\/schema.org\",\"@graph\":[{\"@type\":\"WebPage\",\"@id\":\"https:\/\/www.nature-bois-concept.com\/magazine\/cloture-bois\/guides\/\",\"url\":\"https:\/\/www.nature-bois-concept.com\/magazine\/cloture-bois\/guides\/\",\"name\":\"Guide pour tout savoir sur la cl\u00f4ture bois de A \u00e0 Z\",\"isPartOf\":{\"@id\":\"https:\/\/www.nature-bois-concept.com\/magazine\/#website\"},\"primaryImageOfPage\":{\"@id\":\"https:\/\/www.nature-bois-concept.com\/magazine\/cloture-bois\/guides\/#primaryimage\"},\"image\":{\"@id\":\"https:\/\/www.nature-bois-concept.com\/magazine\/cloture-bois\/guides\/#primaryimage\"},\"thumbnailUrl\":\"https:\/\/www.nature-bois-concept.com\/magazine\/wp-content\/uploads\/2016\/06\/cloture-bois-palissade.jpg\",\"datePublished\":\"2016-06-28T14:34:48+00:00\",\"dateModified\":\"2019-03-28T09:36:26+00:00\",\"description\":\"Vous souhaitez vous perfectionner sur la cl\u00f4ture bois ? Alors suivez le guide cl\u00f4ture bois : achat, mise en \u0153uvre et entretien, on vous dit tout !\",\"breadcrumb\":{\"@id\":\"https:\/\/www.nature-bois-concept.com\/magazine\/cloture-bois\/guides\/#breadcrumb\"},\"inLanguage\":\"fr-FR\",\"potentialAction\":[{\"@type\":\"ReadAction\",\"target\":[\"https:\/\/www.nature-bois-concept.com\/magazine\/cloture-bois\/guides\/\"]}]},{\"@type\":\"ImageObject\",\"inLanguage\":\"fr-FR\",\"@id\":\"https:\/\/www.nature-bois-concept.com\/magazine\/cloture-bois\/guides\/#primaryimage\",\"url\":\"https:\/\/www.nature-bois-concept.com\/magazine\/wp-content\/uploads\/2016\/06\/cloture-bois-palissade.jpg\",\"contentUrl\":\"https:\/\/www.nature-bois-concept.com\/magazine\/wp-content\/uploads\/2016\/06\/cloture-bois-palissade.jpg\",\"width\":1880,\"height\":440,\"caption\":\"cl\u00f4ture palissade de bois\"},{\"@type\":\"BreadcrumbList\",\"@id\":\"https:\/\/www.nature-bois-concept.com\/magazine\/cloture-bois\/guides\/#breadcrumb\",\"itemListElement\":[{\"@type\":\"ListItem\",\"position\":1,\"name\":\"Magazine NBC\",\"item\":\"https:\/\/www.nature-bois-concept.com\/magazine\/\"},{\"@type\":\"ListItem\",\"position\":2,\"name\":\"Cl\u00f4ture Bois\",\"item\":\"https:\/\/www.nature-bois-concept.com\/magazine\/cloture-bois\/\"},{\"@type\":\"ListItem\",\"position\":3,\"name\":\"Guide Cl\u00f4ture Bois\"}]},{\"@type\":\"WebSite\",\"@id\":\"https:\/\/www.nature-bois-concept.com\/magazine\/#website\",\"url\":\"https:\/\/www.nature-bois-concept.com\/magazine\/\",\"name\":\"Magazine Nature Bois Concept\",\"description\":\"En association avec Nature Bois Concept\",\"potentialAction\":[{\"@type\":\"SearchAction\",\"target\":{\"@type\":\"EntryPoint\",\"urlTemplate\":\"https:\/\/www.nature-bois-concept.com\/magazine\/?s={search_term_string}\"},\"query-input\":\"required name=search_term_string\"}],\"inLanguage\":\"fr-FR\"}]}<\/script>\n<!-- \/ Yoast SEO plugin. -->","yoast_head_json":{"title":"Guide pour tout savoir sur la cl\u00f4ture bois de A \u00e0 Z","description":"Vous souhaitez vous perfectionner sur la cl\u00f4ture bois ? Alors suivez le guide cl\u00f4ture bois : achat, mise en \u0153uvre et entretien, on vous dit tout !","robots":{"index":"index","follow":"follow","max-snippet":"max-snippet:-1","max-image-preview":"max-image-preview:large","max-video-preview":"max-video-preview:-1"},"canonical":"https:\/\/www.nature-bois-concept.com\/magazine\/cloture-bois\/guides\/","og_locale":"fr_FR","og_type":"article","og_title":"Guide pour tout savoir sur la cl\u00f4ture bois de A \u00e0 Z","og_description":"Vous souhaitez vous perfectionner sur la cl\u00f4ture bois ? Alors suivez le guide cl\u00f4ture bois : achat, mise en \u0153uvre et entretien, on vous dit tout !","og_url":"https:\/\/www.nature-bois-concept.com\/magazine\/cloture-bois\/guides\/","og_site_name":"Magazine Nature Bois Concept","article_publisher":"https:\/\/www.facebook.com\/Nature-Bois-Concept-1596307970584169\/","article_modified_time":"2019-03-28T09:36:26+00:00","og_image":[{"width":1880,"height":440,"url":"https:\/\/www.nature-bois-concept.com\/magazine\/wp-content\/uploads\/2016\/06\/cloture-bois-palissade.jpg","type":"image\/jpeg"}],"twitter_card":"summary_large_image","twitter_site":"@nbc_bois","schema":{"@context":"https:\/\/schema.org","@graph":[{"@type":"WebPage","@id":"https:\/\/www.nature-bois-concept.com\/magazine\/cloture-bois\/guides\/","url":"https:\/\/www.nature-bois-concept.com\/magazine\/cloture-bois\/guides\/","name":"Guide pour tout savoir sur la cl\u00f4ture bois de A \u00e0 Z","isPartOf":{"@id":"https:\/\/www.nature-bois-concept.com\/magazine\/#website"},"primaryImageOfPage":{"@id":"https:\/\/www.nature-bois-concept.com\/magazine\/cloture-bois\/guides\/#primaryimage"},"image":{"@id":"https:\/\/www.nature-bois-concept.com\/magazine\/cloture-bois\/guides\/#primaryimage"},"thumbnailUrl":"https:\/\/www.nature-bois-concept.com\/magazine\/wp-content\/uploads\/2016\/06\/cloture-bois-palissade.jpg","datePublished":"2016-06-28T14:34:48+00:00","dateModified":"2019-03-28T09:36:26+00:00","description":"Vous souhaitez vous perfectionner sur la cl\u00f4ture bois ? Alors suivez le guide cl\u00f4ture bois : achat, mise en \u0153uvre et entretien, on vous dit tout !","breadcrumb":{"@id":"https:\/\/www.nature-bois-concept.com\/magazine\/cloture-bois\/guides\/#breadcrumb"},"inLanguage":"fr-FR","potentialAction":[{"@type":"ReadAction","target":["https:\/\/www.nature-bois-concept.com\/magazine\/cloture-bois\/guides\/"]}]},{"@type":"ImageObject","inLanguage":"fr-FR","@id":"https:\/\/www.nature-bois-concept.com\/magazine\/cloture-bois\/guides\/#primaryimage","url":"https:\/\/www.nature-bois-concept.com\/magazine\/wp-content\/uploads\/2016\/06\/cloture-bois-palissade.jpg","contentUrl":"https:\/\/www.nature-bois-concept.com\/magazine\/wp-content\/uploads\/2016\/06\/cloture-bois-palissade.jpg","width":1880,"height":440,"caption":"cl\u00f4ture palissade de bois"},{"@type":"BreadcrumbList","@id":"https:\/\/www.nature-bois-concept.com\/magazine\/cloture-bois\/guides\/#breadcrumb","itemListElement":[{"@type":"ListItem","position":1,"name":"Magazine NBC","item":"https:\/\/www.nature-bois-concept.com\/magazine\/"},{"@type":"ListItem","position":2,"name":"Cl\u00f4ture Bois","item":"https:\/\/www.nature-bois-concept.com\/magazine\/cloture-bois\/"},{"@type":"ListItem","position":3,"name":"Guide Cl\u00f4ture Bois"}]},{"@type":"WebSite","@id":"https:\/\/www.nature-bois-concept.com\/magazine\/#website","url":"https:\/\/www.nature-bois-concept.com\/magazine\/","name":"Magazine Nature Bois Concept","description":"En association avec Nature Bois Concept","potentialAction":[{"@type":"SearchAction","target":{"@type":"EntryPoint","urlTemplate":"https:\/\/www.nature-bois-concept.com\/magazine\/?s={search_term_string}"},"query-input":"required name=search_term_string"}],"inLanguage":"fr-FR"}]}},"_links":{"self":[{"href":"https:\/\/www.nature-bois-concept.com\/magazine\/wp-json\/wp\/v2\/pages\/589"}],"collection":[{"href":"https:\/\/www.nature-bois-concept.com\/magazine\/wp-json\/wp\/v2\/pages"}],"about":[{"href":"https:\/\/www.nature-bois-concept.com\/magazine\/wp-json\/wp\/v2\/types\/page"}],"author":[{"embeddable":true,"href":"https:\/\/www.nature-bois-concept.com\/magazine\/wp-json\/wp\/v2\/users\/2"}],"replies":[{"embeddable":true,"href":"https:\/\/www.nature-bois-concept.com\/magazine\/wp-json\/wp\/v2\/comments?post=589"}],"version-history":[{"count":9,"href":"https:\/\/www.nature-bois-concept.com\/magazine\/wp-json\/wp\/v2\/pages\/589\/revisions"}],"predecessor-version":[{"id":3197,"href":"https:\/\/www.nature-bois-concept.com\/magazine\/wp-json\/wp\/v2\/pages\/589\/revisions\/3197"}],"up":[{"embeddable":true,"href":"https:\/\/www.nature-bois-concept.com\/magazine\/wp-json\/wp\/v2\/pages\/586"}],"wp:featuredmedia":[{"embeddable":true,"href":"https:\/\/www.nature-bois-concept.com\/magazine\/wp-json\/wp\/v2\/media\/3379"}],"wp:attachment":[{"href":"https:\/\/www.nature-bois-concept.com\/magazine\/wp-json\/wp\/v2\/media?parent=589"}],"curies":[{"name":"wp","href":"https:\/\/api.w.org\/{rel}","templated":true}]}}