{"id":586,"date":"2016-06-28T16:33:54","date_gmt":"2016-06-28T14:33:54","guid":{"rendered":"https:\/\/www.nature-bois-concept.com\/magazine\/?page_id=586"},"modified":"2025-06-13T15:33:23","modified_gmt":"2025-06-13T13:33:23","slug":"cloture-bois","status":"publish","type":"page","link":"https:\/\/www.nature-bois-concept.com\/magazine\/cloture-bois\/","title":{"rendered":"Cl\u00f4ture Bois"},"content":{"rendered":"<p style=\"text-align: justify;\">La cl\u00f4ture en bois trait\u00e9 classe 4, vous est d\u00e9taill\u00e9e ici. Chez Nature Bois Concept nous vous proposons deux r\u00e9f\u00e9rences, la cl\u00f4ture bois rondins et la palissade bois.<\/p>\n<p style=\"text-align: justify;\"><strong>La cl\u00f4ture bois rondins<\/strong><\/p>\n<p style=\"text-align: justify;\">La cl\u00f4ture bois rondin aussi appel\u00e9e cl\u00f4ture champ se compose de poteaux cylindriques \u00e0 sceller en bois reli\u00e9s entre eux par des rondins \u00e0 l\u2019horizontal commun\u00e9ment appel\u00e9s des lisses. Cette cl\u00f4ture est r\u00e9alis\u00e9e en bois r\u00e9sineux Pin Sylvestre trait\u00e9 classe 4. Ce traitement lui assure une r\u00e9sistance contre toutes les agressions ext\u00e9rieures (insectes, champignons et autres). Ce type de cl\u00f4ture est fr\u00e9quemment utilis\u00e9 par les professionnels et les collectivit\u00e9s mais il n\u2019est pas rare de le trouver chez un particulier poss\u00e9dant un champ, un domaine viticole ou \u00e9questre.<\/p>\n<p style=\"text-align: justify;\">Les domaines d\u2019applications de cette cl\u00f4ture sont multiples : domaine \u00e9questre, carri\u00e8re, domaine agricole, voirie, complexe sportif, collectivit\u00e9 et bien d\u2019autres encore.<\/p>\n<p style=\"text-align: justify;\"><strong>La cl\u00f4ture palissade bois<\/strong><\/p>\n<p style=\"text-align: justify;\">La palissade bois appel\u00e9e aussi claustra bois se compose de poteaux carr\u00e9s qu\u2019il est possible de fixer \u00e0 l\u2019aide de sabot, ces poteaux \u00e9tant rainur\u00e9s vous permettent de superposer les lames les unes sur les autres. Au m\u00eame titre que la cl\u00f4ture bois rondins, le Pin Sylvestre trait\u00e9 classe 4 est ici utilis\u00e9. On retrouve principalement ce type de cl\u00f4ture pour cl\u00f4turer des parcelles, ou bien s\u00e9parer des espaces.<\/p>\n<p style=\"text-align: justify;\">D\u00e9couvrez donc ce produit et ses diverses applications, via un ensemble d\u2019articles qui lui sont consacr\u00e9s, et apprenez en plus sur les besoins et la mise en oeuvre n\u00e9cessaire pour les cl\u00f4tures bois dans nos <a href=\"https:\/\/www.nature-bois-concept.com\/magazine\/cloture-rigide\/guides\/\">guides<\/a>.<\/p>\n","protected":false},"excerpt":{"rendered":"<p>La cl\u00f4ture en bois trait\u00e9 classe 4, vous est d\u00e9taill\u00e9e ici. Chez Nature Bois Concept nous vous proposons deux r\u00e9f\u00e9rences, la cl\u00f4ture bois rondins et la palissade bois. La cl\u00f4ture bois rondins La cl\u00f4ture bois rondin aussi appel\u00e9e cl\u00f4ture champ se compose de poteaux cylindriques \u00e0 sceller en bois reli\u00e9s entre eux par des rondins \u00e0 l\u2019horizontal commun\u00e9ment appel\u00e9s des lisses. Cette cl\u00f4ture est r\u00e9alis\u00e9e en bois r\u00e9sineux Pin Sylvestre&#8230;<\/p>\n","protected":false},"author":2,"featured_media":3178,"parent":0,"menu_order":13,"comment_status":"closed","ping_status":"closed","template":"","meta":{"_acf_changed":false,"footnotes":""},"acf":[],"yoast_head":"<!-- This site is optimized with the Yoast SEO plugin v22.4 - https:\/\/yoast.com\/wordpress\/plugins\/seo\/ -->\n<title>Tout savoir sur la cloture en bois : nos guides et actualit\u00e9s<\/title>\n<meta name=\"description\" content=\"Vous souhaitez en savoir plus sur la cl\u00f4ture bois ? Venez visiter les articles de notre magazine cl\u00f4ture bois pour suivre l&#039;info de l\u2019am\u00e9nagement ext\u00e9rieur\" \/>\n<meta name=\"robots\" content=\"index, follow, max-snippet:-1, max-image-preview:large, max-video-preview:-1\" \/>\n<link rel=\"canonical\" href=\"https:\/\/www.nature-bois-concept.com\/magazine\/cloture-bois\/\" \/>\n<meta property=\"og:locale\" content=\"fr_FR\" \/>\n<meta property=\"og:type\" content=\"article\" \/>\n<meta property=\"og:title\" content=\"Tout savoir sur la cloture en bois : nos guides et actualit\u00e9s\" \/>\n<meta property=\"og:description\" content=\"Vous souhaitez en savoir plus sur la cl\u00f4ture bois ? Venez visiter les articles de notre magazine cl\u00f4ture bois pour suivre l&#039;info de l\u2019am\u00e9nagement ext\u00e9rieur\" \/>\n<meta property=\"og:url\" content=\"https:\/\/www.nature-bois-concept.com\/magazine\/cloture-bois\/\" \/>\n<meta property=\"og:site_name\" content=\"Magazine Nature Bois Concept\" \/>\n<meta property=\"article:publisher\" content=\"https:\/\/www.facebook.com\/Nature-Bois-Concept-1596307970584169\/\" \/>\n<meta property=\"article:modified_time\" content=\"2025-06-13T13:33:23+00:00\" \/>\n<meta property=\"og:image\" content=\"https:\/\/www.nature-bois-concept.com\/magazine\/wp-content\/uploads\/2016\/06\/gamme-cloture-bois.jpg\" \/>\n\t<meta property=\"og:image:width\" content=\"290\" \/>\n\t<meta property=\"og:image:height\" content=\"200\" \/>\n\t<meta property=\"og:image:type\" content=\"image\/jpeg\" \/>\n<meta name=\"twitter:card\" content=\"summary_large_image\" \/>\n<meta name=\"twitter:site\" content=\"@nbc_bois\" \/>\n<meta name=\"twitter:label1\" content=\"Dur\u00e9e de lecture estim\u00e9e\" \/>\n\t<meta name=\"twitter:data1\" content=\"2 minutes\" \/>\n<script type=\"application\/ld+json\" class=\"yoast-schema-graph\">{\"@context\":\"https:\/\/schema.org\",\"@graph\":[{\"@type\":\"WebPage\",\"@id\":\"https:\/\/www.nature-bois-concept.com\/magazine\/cloture-bois\/\",\"url\":\"https:\/\/www.nature-bois-concept.com\/magazine\/cloture-bois\/\",\"name\":\"Tout savoir sur la cloture en bois : nos guides et actualit\u00e9s\",\"isPartOf\":{\"@id\":\"https:\/\/www.nature-bois-concept.com\/magazine\/#website\"},\"primaryImageOfPage\":{\"@id\":\"https:\/\/www.nature-bois-concept.com\/magazine\/cloture-bois\/#primaryimage\"},\"image\":{\"@id\":\"https:\/\/www.nature-bois-concept.com\/magazine\/cloture-bois\/#primaryimage\"},\"thumbnailUrl\":\"https:\/\/www.nature-bois-concept.com\/magazine\/wp-content\/uploads\/2016\/06\/gamme-cloture-bois.jpg\",\"datePublished\":\"2016-06-28T14:33:54+00:00\",\"dateModified\":\"2025-06-13T13:33:23+00:00\",\"description\":\"Vous souhaitez en savoir plus sur la cl\u00f4ture bois ? Venez visiter les articles de notre magazine cl\u00f4ture bois pour suivre l'info de l\u2019am\u00e9nagement ext\u00e9rieur\",\"breadcrumb\":{\"@id\":\"https:\/\/www.nature-bois-concept.com\/magazine\/cloture-bois\/#breadcrumb\"},\"inLanguage\":\"fr-FR\",\"potentialAction\":[{\"@type\":\"ReadAction\",\"target\":[\"https:\/\/www.nature-bois-concept.com\/magazine\/cloture-bois\/\"]}]},{\"@type\":\"ImageObject\",\"inLanguage\":\"fr-FR\",\"@id\":\"https:\/\/www.nature-bois-concept.com\/magazine\/cloture-bois\/#primaryimage\",\"url\":\"https:\/\/www.nature-bois-concept.com\/magazine\/wp-content\/uploads\/2016\/06\/gamme-cloture-bois.jpg\",\"contentUrl\":\"https:\/\/www.nature-bois-concept.com\/magazine\/wp-content\/uploads\/2016\/06\/gamme-cloture-bois.jpg\",\"width\":290,\"height\":200,\"caption\":\"gamme cl\u00f4ture palissade\"},{\"@type\":\"BreadcrumbList\",\"@id\":\"https:\/\/www.nature-bois-concept.com\/magazine\/cloture-bois\/#breadcrumb\",\"itemListElement\":[{\"@type\":\"ListItem\",\"position\":1,\"name\":\"Magazine NBC\",\"item\":\"https:\/\/www.nature-bois-concept.com\/magazine\/\"},{\"@type\":\"ListItem\",\"position\":2,\"name\":\"Cl\u00f4ture Bois\"}]},{\"@type\":\"WebSite\",\"@id\":\"https:\/\/www.nature-bois-concept.com\/magazine\/#website\",\"url\":\"https:\/\/www.nature-bois-concept.com\/magazine\/\",\"name\":\"Magazine Nature Bois Concept\",\"description\":\"En association avec Nature Bois Concept\",\"potentialAction\":[{\"@type\":\"SearchAction\",\"target\":{\"@type\":\"EntryPoint\",\"urlTemplate\":\"https:\/\/www.nature-bois-concept.com\/magazine\/?s={search_term_string}\"},\"query-input\":\"required name=search_term_string\"}],\"inLanguage\":\"fr-FR\"}]}<\/script>\n<!-- \/ Yoast SEO plugin. -->","yoast_head_json":{"title":"Tout savoir sur la cloture en bois : nos guides et actualit\u00e9s","description":"Vous souhaitez en savoir plus sur la cl\u00f4ture bois ? Venez visiter les articles de notre magazine cl\u00f4ture bois pour suivre l'info de l\u2019am\u00e9nagement ext\u00e9rieur","robots":{"index":"index","follow":"follow","max-snippet":"max-snippet:-1","max-image-preview":"max-image-preview:large","max-video-preview":"max-video-preview:-1"},"canonical":"https:\/\/www.nature-bois-concept.com\/magazine\/cloture-bois\/","og_locale":"fr_FR","og_type":"article","og_title":"Tout savoir sur la cloture en bois : nos guides et actualit\u00e9s","og_description":"Vous souhaitez en savoir plus sur la cl\u00f4ture bois ? Venez visiter les articles de notre magazine cl\u00f4ture bois pour suivre l'info de l\u2019am\u00e9nagement ext\u00e9rieur","og_url":"https:\/\/www.nature-bois-concept.com\/magazine\/cloture-bois\/","og_site_name":"Magazine Nature Bois Concept","article_publisher":"https:\/\/www.facebook.com\/Nature-Bois-Concept-1596307970584169\/","article_modified_time":"2025-06-13T13:33:23+00:00","og_image":[{"width":290,"height":200,"url":"https:\/\/www.nature-bois-concept.com\/magazine\/wp-content\/uploads\/2016\/06\/gamme-cloture-bois.jpg","type":"image\/jpeg"}],"twitter_card":"summary_large_image","twitter_site":"@nbc_bois","twitter_misc":{"Dur\u00e9e de lecture estim\u00e9e":"2 minutes"},"schema":{"@context":"https:\/\/schema.org","@graph":[{"@type":"WebPage","@id":"https:\/\/www.nature-bois-concept.com\/magazine\/cloture-bois\/","url":"https:\/\/www.nature-bois-concept.com\/magazine\/cloture-bois\/","name":"Tout savoir sur la cloture en bois : nos guides et actualit\u00e9s","isPartOf":{"@id":"https:\/\/www.nature-bois-concept.com\/magazine\/#website"},"primaryImageOfPage":{"@id":"https:\/\/www.nature-bois-concept.com\/magazine\/cloture-bois\/#primaryimage"},"image":{"@id":"https:\/\/www.nature-bois-concept.com\/magazine\/cloture-bois\/#primaryimage"},"thumbnailUrl":"https:\/\/www.nature-bois-concept.com\/magazine\/wp-content\/uploads\/2016\/06\/gamme-cloture-bois.jpg","datePublished":"2016-06-28T14:33:54+00:00","dateModified":"2025-06-13T13:33:23+00:00","description":"Vous souhaitez en savoir plus sur la cl\u00f4ture bois ? Venez visiter les articles de notre magazine cl\u00f4ture bois pour suivre l'info de l\u2019am\u00e9nagement ext\u00e9rieur","breadcrumb":{"@id":"https:\/\/www.nature-bois-concept.com\/magazine\/cloture-bois\/#breadcrumb"},"inLanguage":"fr-FR","potentialAction":[{"@type":"ReadAction","target":["https:\/\/www.nature-bois-concept.com\/magazine\/cloture-bois\/"]}]},{"@type":"ImageObject","inLanguage":"fr-FR","@id":"https:\/\/www.nature-bois-concept.com\/magazine\/cloture-bois\/#primaryimage","url":"https:\/\/www.nature-bois-concept.com\/magazine\/wp-content\/uploads\/2016\/06\/gamme-cloture-bois.jpg","contentUrl":"https:\/\/www.nature-bois-concept.com\/magazine\/wp-content\/uploads\/2016\/06\/gamme-cloture-bois.jpg","width":290,"height":200,"caption":"gamme cl\u00f4ture palissade"},{"@type":"BreadcrumbList","@id":"https:\/\/www.nature-bois-concept.com\/magazine\/cloture-bois\/#breadcrumb","itemListElement":[{"@type":"ListItem","position":1,"name":"Magazine NBC","item":"https:\/\/www.nature-bois-concept.com\/magazine\/"},{"@type":"ListItem","position":2,"name":"Cl\u00f4ture Bois"}]},{"@type":"WebSite","@id":"https:\/\/www.nature-bois-concept.com\/magazine\/#website","url":"https:\/\/www.nature-bois-concept.com\/magazine\/","name":"Magazine Nature Bois Concept","description":"En association avec Nature Bois Concept","potentialAction":[{"@type":"SearchAction","target":{"@type":"EntryPoint","urlTemplate":"https:\/\/www.nature-bois-concept.com\/magazine\/?s={search_term_string}"},"query-input":"required name=search_term_string"}],"inLanguage":"fr-FR"}]}},"_links":{"self":[{"href":"https:\/\/www.nature-bois-concept.com\/magazine\/wp-json\/wp\/v2\/pages\/586"}],"collection":[{"href":"https:\/\/www.nature-bois-concept.com\/magazine\/wp-json\/wp\/v2\/pages"}],"about":[{"href":"https:\/\/www.nature-bois-concept.com\/magazine\/wp-json\/wp\/v2\/types\/page"}],"author":[{"embeddable":true,"href":"https:\/\/www.nature-bois-concept.com\/magazine\/wp-json\/wp\/v2\/users\/2"}],"replies":[{"embeddable":true,"href":"https:\/\/www.nature-bois-concept.com\/magazine\/wp-json\/wp\/v2\/comments?post=586"}],"version-history":[{"count":32,"href":"https:\/\/www.nature-bois-concept.com\/magazine\/wp-json\/wp\/v2\/pages\/586\/revisions"}],"predecessor-version":[{"id":7856,"href":"https:\/\/www.nature-bois-concept.com\/magazine\/wp-json\/wp\/v2\/pages\/586\/revisions\/7856"}],"wp:featuredmedia":[{"embeddable":true,"href":"https:\/\/www.nature-bois-concept.com\/magazine\/wp-json\/wp\/v2\/media\/3178"}],"wp:attachment":[{"href":"https:\/\/www.nature-bois-concept.com\/magazine\/wp-json\/wp\/v2\/media?parent=586"}],"curies":[{"name":"wp","href":"https:\/\/api.w.org\/{rel}","templated":true}]}}