{"id":5848,"date":"2020-05-04T19:48:51","date_gmt":"2020-05-04T17:48:51","guid":{"rendered":"https:\/\/www.nature-bois-concept.com\/magazine\/?page_id=5848"},"modified":"2020-05-04T20:07:58","modified_gmt":"2020-05-04T18:07:58","slug":"tendance-terrasse-en-caillebotis-bois","status":"publish","type":"page","link":"https:\/\/www.nature-bois-concept.com\/magazine\/terrasse-bois\/actualites\/tendance-terrasse-en-caillebotis-bois\/","title":{"rendered":"La terrasse en caillebotis bois : ultra tendance pour cet \u00e9t\u00e9"},"content":{"rendered":"","protected":false},"excerpt":{"rendered":"","protected":false},"author":12,"featured_media":5898,"parent":556,"menu_order":0,"comment_status":"closed","ping_status":"closed","template":"","meta":{"_acf_changed":false,"footnotes":""},"acf":[],"yoast_head":"<!-- This site is optimized with the Yoast SEO plugin v22.4 - https:\/\/yoast.com\/wordpress\/plugins\/seo\/ -->\n<title>La terrasse en caillebotis bois : la tendance pour l\u2019\u00e9t\u00e9<\/title>\n<meta name=\"description\" content=\"La terrasse en caillebotis bois est de plus en plus pl\u00e9biscit\u00e9e par des propri\u00e9taires de maisons avec jardin et qui souhaitent am\u00e9nager leur ext\u00e9rieur.\" \/>\n<meta name=\"robots\" content=\"index, follow, max-snippet:-1, max-image-preview:large, max-video-preview:-1\" \/>\n<link rel=\"canonical\" href=\"https:\/\/www.nature-bois-concept.com\/magazine\/terrasse-bois\/actualites\/tendance-terrasse-en-caillebotis-bois\/\" \/>\n<meta property=\"og:locale\" content=\"fr_FR\" \/>\n<meta property=\"og:type\" content=\"article\" \/>\n<meta property=\"og:title\" content=\"La terrasse en caillebotis bois : la tendance pour l\u2019\u00e9t\u00e9\" \/>\n<meta property=\"og:description\" content=\"La terrasse en caillebotis bois est de plus en plus pl\u00e9biscit\u00e9e par des propri\u00e9taires de maisons avec jardin et qui souhaitent am\u00e9nager leur ext\u00e9rieur.\" \/>\n<meta property=\"og:url\" content=\"https:\/\/www.nature-bois-concept.com\/magazine\/terrasse-bois\/actualites\/tendance-terrasse-en-caillebotis-bois\/\" \/>\n<meta property=\"og:site_name\" content=\"Magazine Nature Bois Concept\" \/>\n<meta property=\"article:publisher\" content=\"https:\/\/www.facebook.com\/Nature-Bois-Concept-1596307970584169\/\" \/>\n<meta property=\"article:modified_time\" content=\"2020-05-04T18:07:58+00:00\" \/>\n<meta property=\"og:image\" content=\"https:\/\/www.nature-bois-concept.com\/magazine\/wp-content\/uploads\/2020\/05\/IMG_0293MAG2.jpg\" \/>\n\t<meta property=\"og:image:width\" content=\"1900\" \/>\n\t<meta property=\"og:image:height\" content=\"400\" \/>\n\t<meta property=\"og:image:type\" content=\"image\/jpeg\" \/>\n<meta name=\"twitter:card\" content=\"summary_large_image\" \/>\n<meta name=\"twitter:site\" content=\"@nbc_bois\" \/>\n<script type=\"application\/ld+json\" class=\"yoast-schema-graph\">{\"@context\":\"https:\/\/schema.org\",\"@graph\":[{\"@type\":\"WebPage\",\"@id\":\"https:\/\/www.nature-bois-concept.com\/magazine\/terrasse-bois\/actualites\/tendance-terrasse-en-caillebotis-bois\/\",\"url\":\"https:\/\/www.nature-bois-concept.com\/magazine\/terrasse-bois\/actualites\/tendance-terrasse-en-caillebotis-bois\/\",\"name\":\"La terrasse en caillebotis bois : la tendance pour l\u2019\u00e9t\u00e9\",\"isPartOf\":{\"@id\":\"https:\/\/www.nature-bois-concept.com\/magazine\/#website\"},\"primaryImageOfPage\":{\"@id\":\"https:\/\/www.nature-bois-concept.com\/magazine\/terrasse-bois\/actualites\/tendance-terrasse-en-caillebotis-bois\/#primaryimage\"},\"image\":{\"@id\":\"https:\/\/www.nature-bois-concept.com\/magazine\/terrasse-bois\/actualites\/tendance-terrasse-en-caillebotis-bois\/#primaryimage\"},\"thumbnailUrl\":\"https:\/\/www.nature-bois-concept.com\/magazine\/wp-content\/uploads\/2020\/05\/IMG_0293MAG2.jpg\",\"datePublished\":\"2020-05-04T17:48:51+00:00\",\"dateModified\":\"2020-05-04T18:07:58+00:00\",\"description\":\"La terrasse en caillebotis bois est de plus en plus pl\u00e9biscit\u00e9e par des propri\u00e9taires de maisons avec jardin et qui souhaitent am\u00e9nager leur ext\u00e9rieur.\",\"breadcrumb\":{\"@id\":\"https:\/\/www.nature-bois-concept.com\/magazine\/terrasse-bois\/actualites\/tendance-terrasse-en-caillebotis-bois\/#breadcrumb\"},\"inLanguage\":\"fr-FR\",\"potentialAction\":[{\"@type\":\"ReadAction\",\"target\":[\"https:\/\/www.nature-bois-concept.com\/magazine\/terrasse-bois\/actualites\/tendance-terrasse-en-caillebotis-bois\/\"]}]},{\"@type\":\"ImageObject\",\"inLanguage\":\"fr-FR\",\"@id\":\"https:\/\/www.nature-bois-concept.com\/magazine\/terrasse-bois\/actualites\/tendance-terrasse-en-caillebotis-bois\/#primaryimage\",\"url\":\"https:\/\/www.nature-bois-concept.com\/magazine\/wp-content\/uploads\/2020\/05\/IMG_0293MAG2.jpg\",\"contentUrl\":\"https:\/\/www.nature-bois-concept.com\/magazine\/wp-content\/uploads\/2020\/05\/IMG_0293MAG2.jpg\",\"width\":1900,\"height\":400,\"caption\":\"Terrasse am\u00e9nag\u00e9e en dalles padouk\"},{\"@type\":\"BreadcrumbList\",\"@id\":\"https:\/\/www.nature-bois-concept.com\/magazine\/terrasse-bois\/actualites\/tendance-terrasse-en-caillebotis-bois\/#breadcrumb\",\"itemListElement\":[{\"@type\":\"ListItem\",\"position\":1,\"name\":\"Magazine NBC\",\"item\":\"https:\/\/www.nature-bois-concept.com\/magazine\/\"},{\"@type\":\"ListItem\",\"position\":2,\"name\":\"Terrasse bois\",\"item\":\"https:\/\/www.nature-bois-concept.com\/magazine\/terrasse-bois\/\"},{\"@type\":\"ListItem\",\"position\":3,\"name\":\"Les Articles sur la Terrasse en Bois\",\"item\":\"https:\/\/www.nature-bois-concept.com\/magazine\/terrasse-bois\/actualites\/\"},{\"@type\":\"ListItem\",\"position\":4,\"name\":\"La terrasse en caillebotis bois : ultra tendance pour cet \u00e9t\u00e9\"}]},{\"@type\":\"WebSite\",\"@id\":\"https:\/\/www.nature-bois-concept.com\/magazine\/#website\",\"url\":\"https:\/\/www.nature-bois-concept.com\/magazine\/\",\"name\":\"Magazine Nature Bois Concept\",\"description\":\"En association avec Nature Bois Concept\",\"potentialAction\":[{\"@type\":\"SearchAction\",\"target\":{\"@type\":\"EntryPoint\",\"urlTemplate\":\"https:\/\/www.nature-bois-concept.com\/magazine\/?s={search_term_string}\"},\"query-input\":\"required name=search_term_string\"}],\"inLanguage\":\"fr-FR\"}]}<\/script>\n<!-- \/ Yoast SEO plugin. -->","yoast_head_json":{"title":"La terrasse en caillebotis bois : la tendance pour l\u2019\u00e9t\u00e9","description":"La terrasse en caillebotis bois est de plus en plus pl\u00e9biscit\u00e9e par des propri\u00e9taires de maisons avec jardin et qui souhaitent am\u00e9nager leur ext\u00e9rieur.","robots":{"index":"index","follow":"follow","max-snippet":"max-snippet:-1","max-image-preview":"max-image-preview:large","max-video-preview":"max-video-preview:-1"},"canonical":"https:\/\/www.nature-bois-concept.com\/magazine\/terrasse-bois\/actualites\/tendance-terrasse-en-caillebotis-bois\/","og_locale":"fr_FR","og_type":"article","og_title":"La terrasse en caillebotis bois : la tendance pour l\u2019\u00e9t\u00e9","og_description":"La terrasse en caillebotis bois est de plus en plus pl\u00e9biscit\u00e9e par des propri\u00e9taires de maisons avec jardin et qui souhaitent am\u00e9nager leur ext\u00e9rieur.","og_url":"https:\/\/www.nature-bois-concept.com\/magazine\/terrasse-bois\/actualites\/tendance-terrasse-en-caillebotis-bois\/","og_site_name":"Magazine Nature Bois Concept","article_publisher":"https:\/\/www.facebook.com\/Nature-Bois-Concept-1596307970584169\/","article_modified_time":"2020-05-04T18:07:58+00:00","og_image":[{"width":1900,"height":400,"url":"https:\/\/www.nature-bois-concept.com\/magazine\/wp-content\/uploads\/2020\/05\/IMG_0293MAG2.jpg","type":"image\/jpeg"}],"twitter_card":"summary_large_image","twitter_site":"@nbc_bois","schema":{"@context":"https:\/\/schema.org","@graph":[{"@type":"WebPage","@id":"https:\/\/www.nature-bois-concept.com\/magazine\/terrasse-bois\/actualites\/tendance-terrasse-en-caillebotis-bois\/","url":"https:\/\/www.nature-bois-concept.com\/magazine\/terrasse-bois\/actualites\/tendance-terrasse-en-caillebotis-bois\/","name":"La terrasse en caillebotis bois : la tendance pour l\u2019\u00e9t\u00e9","isPartOf":{"@id":"https:\/\/www.nature-bois-concept.com\/magazine\/#website"},"primaryImageOfPage":{"@id":"https:\/\/www.nature-bois-concept.com\/magazine\/terrasse-bois\/actualites\/tendance-terrasse-en-caillebotis-bois\/#primaryimage"},"image":{"@id":"https:\/\/www.nature-bois-concept.com\/magazine\/terrasse-bois\/actualites\/tendance-terrasse-en-caillebotis-bois\/#primaryimage"},"thumbnailUrl":"https:\/\/www.nature-bois-concept.com\/magazine\/wp-content\/uploads\/2020\/05\/IMG_0293MAG2.jpg","datePublished":"2020-05-04T17:48:51+00:00","dateModified":"2020-05-04T18:07:58+00:00","description":"La terrasse en caillebotis bois est de plus en plus pl\u00e9biscit\u00e9e par des propri\u00e9taires de maisons avec jardin et qui souhaitent am\u00e9nager leur ext\u00e9rieur.","breadcrumb":{"@id":"https:\/\/www.nature-bois-concept.com\/magazine\/terrasse-bois\/actualites\/tendance-terrasse-en-caillebotis-bois\/#breadcrumb"},"inLanguage":"fr-FR","potentialAction":[{"@type":"ReadAction","target":["https:\/\/www.nature-bois-concept.com\/magazine\/terrasse-bois\/actualites\/tendance-terrasse-en-caillebotis-bois\/"]}]},{"@type":"ImageObject","inLanguage":"fr-FR","@id":"https:\/\/www.nature-bois-concept.com\/magazine\/terrasse-bois\/actualites\/tendance-terrasse-en-caillebotis-bois\/#primaryimage","url":"https:\/\/www.nature-bois-concept.com\/magazine\/wp-content\/uploads\/2020\/05\/IMG_0293MAG2.jpg","contentUrl":"https:\/\/www.nature-bois-concept.com\/magazine\/wp-content\/uploads\/2020\/05\/IMG_0293MAG2.jpg","width":1900,"height":400,"caption":"Terrasse am\u00e9nag\u00e9e en dalles padouk"},{"@type":"BreadcrumbList","@id":"https:\/\/www.nature-bois-concept.com\/magazine\/terrasse-bois\/actualites\/tendance-terrasse-en-caillebotis-bois\/#breadcrumb","itemListElement":[{"@type":"ListItem","position":1,"name":"Magazine NBC","item":"https:\/\/www.nature-bois-concept.com\/magazine\/"},{"@type":"ListItem","position":2,"name":"Terrasse bois","item":"https:\/\/www.nature-bois-concept.com\/magazine\/terrasse-bois\/"},{"@type":"ListItem","position":3,"name":"Les Articles sur la Terrasse en Bois","item":"https:\/\/www.nature-bois-concept.com\/magazine\/terrasse-bois\/actualites\/"},{"@type":"ListItem","position":4,"name":"La terrasse en caillebotis bois : ultra tendance pour cet \u00e9t\u00e9"}]},{"@type":"WebSite","@id":"https:\/\/www.nature-bois-concept.com\/magazine\/#website","url":"https:\/\/www.nature-bois-concept.com\/magazine\/","name":"Magazine Nature Bois Concept","description":"En association avec Nature Bois Concept","potentialAction":[{"@type":"SearchAction","target":{"@type":"EntryPoint","urlTemplate":"https:\/\/www.nature-bois-concept.com\/magazine\/?s={search_term_string}"},"query-input":"required name=search_term_string"}],"inLanguage":"fr-FR"}]}},"_links":{"self":[{"href":"https:\/\/www.nature-bois-concept.com\/magazine\/wp-json\/wp\/v2\/pages\/5848"}],"collection":[{"href":"https:\/\/www.nature-bois-concept.com\/magazine\/wp-json\/wp\/v2\/pages"}],"about":[{"href":"https:\/\/www.nature-bois-concept.com\/magazine\/wp-json\/wp\/v2\/types\/page"}],"author":[{"embeddable":true,"href":"https:\/\/www.nature-bois-concept.com\/magazine\/wp-json\/wp\/v2\/users\/12"}],"replies":[{"embeddable":true,"href":"https:\/\/www.nature-bois-concept.com\/magazine\/wp-json\/wp\/v2\/comments?post=5848"}],"version-history":[{"count":22,"href":"https:\/\/www.nature-bois-concept.com\/magazine\/wp-json\/wp\/v2\/pages\/5848\/revisions"}],"predecessor-version":[{"id":5917,"href":"https:\/\/www.nature-bois-concept.com\/magazine\/wp-json\/wp\/v2\/pages\/5848\/revisions\/5917"}],"up":[{"embeddable":true,"href":"https:\/\/www.nature-bois-concept.com\/magazine\/wp-json\/wp\/v2\/pages\/556"}],"wp:featuredmedia":[{"embeddable":true,"href":"https:\/\/www.nature-bois-concept.com\/magazine\/wp-json\/wp\/v2\/media\/5898"}],"wp:attachment":[{"href":"https:\/\/www.nature-bois-concept.com\/magazine\/wp-json\/wp\/v2\/media?parent=5848"}],"curies":[{"name":"wp","href":"https:\/\/api.w.org\/{rel}","templated":true}]}}