{"id":5763,"date":"2020-02-10T20:39:32","date_gmt":"2020-02-10T19:39:32","guid":{"rendered":"https:\/\/www.nature-bois-concept.com\/magazine\/?page_id=5763"},"modified":"2026-04-03T09:57:52","modified_gmt":"2026-04-03T07:57:52","slug":"avantages-essence-garapa","status":"publish","type":"page","link":"https:\/\/www.nature-bois-concept.com\/magazine\/terrasse-bois\/actualites\/avantages-essence-garapa\/","title":{"rendered":"Le Garapa, une essence exotique aux nombreux avantages !"},"content":{"rendered":"<p>Disponible chez Nature Bois Concept, le Garapa s&rsquo;est rapidement impos\u00e9 comme une essence incontournable, rivalisant aussi bien avec les bois exotiques qu&rsquo;avec les bois r\u00e9sineux. Teinte dor\u00e9e, durabilit\u00e9, provenance\u2026 D\u00e9couvrez <a href=\"https:\/\/www.nature-bois-concept.com\/magazine\/terrasse-bois\/actualites\/avantages-essence-garapa\/\" target=\"_blank\" rel=\"noopener\">tous les avantages de l&rsquo;essence de bois Garapa<\/a> !<\/p>\n","protected":false},"excerpt":{"rendered":"<p>Disponible chez Nature Bois Concept, le Garapa s&rsquo;est rapidement impos\u00e9 comme une essence incontournable, rivalisant aussi bien avec les bois exotiques qu&rsquo;avec les bois r\u00e9sineux. Teinte dor\u00e9e, durabilit\u00e9, provenance\u2026 D\u00e9couvrez tous les avantages de l&rsquo;essence de bois Garapa !<\/p>\n","protected":false},"author":12,"featured_media":4221,"parent":556,"menu_order":0,"comment_status":"closed","ping_status":"closed","template":"","meta":{"_acf_changed":false,"footnotes":""},"acf":[],"yoast_head":"<!-- This site is optimized with the Yoast SEO plugin v22.4 - https:\/\/yoast.com\/wordpress\/plugins\/seo\/ -->\n<title>Garapa Bois : Avantages de Cette Essence pour Votre Terrasse<\/title>\n<meta name=\"description\" content=\"D\u00e9couvrez les atouts du bois exotique Garapa pour votre terrasse : une teinte dor\u00e9e lumineuse, une grande r\u00e9sistance et un excellent rapport qualit\u00e9-prix.\" \/>\n<meta name=\"robots\" content=\"index, follow, max-snippet:-1, max-image-preview:large, max-video-preview:-1\" \/>\n<link rel=\"canonical\" href=\"https:\/\/www.nature-bois-concept.com\/magazine\/terrasse-bois\/actualites\/avantages-essence-garapa\/\" \/>\n<meta property=\"og:locale\" content=\"fr_FR\" \/>\n<meta property=\"og:type\" content=\"article\" \/>\n<meta property=\"og:title\" content=\"Garapa Bois : Avantages de Cette Essence pour Votre Terrasse\" \/>\n<meta property=\"og:description\" content=\"D\u00e9couvrez les atouts du bois exotique Garapa pour votre terrasse : une teinte dor\u00e9e lumineuse, une grande r\u00e9sistance et un excellent rapport qualit\u00e9-prix.\" \/>\n<meta property=\"og:url\" content=\"https:\/\/www.nature-bois-concept.com\/magazine\/terrasse-bois\/actualites\/avantages-essence-garapa\/\" \/>\n<meta property=\"og:site_name\" content=\"Magazine Nature Bois Concept\" \/>\n<meta property=\"article:publisher\" content=\"https:\/\/www.facebook.com\/Nature-Bois-Concept-1596307970584169\/\" \/>\n<meta property=\"article:modified_time\" content=\"2026-04-03T07:57:52+00:00\" \/>\n<meta property=\"og:image\" content=\"https:\/\/www.nature-bois-concept.com\/magazine\/wp-content\/uploads\/2018\/03\/terrasse-garapa-2-e1521712516318.jpg\" \/>\n\t<meta property=\"og:image:width\" content=\"2000\" \/>\n\t<meta property=\"og:image:height\" content=\"1190\" \/>\n\t<meta property=\"og:image:type\" content=\"image\/jpeg\" \/>\n<meta name=\"twitter:card\" content=\"summary_large_image\" \/>\n<meta name=\"twitter:site\" content=\"@nbc_bois\" \/>\n<meta name=\"twitter:label1\" content=\"Dur\u00e9e de lecture estim\u00e9e\" \/>\n\t<meta name=\"twitter:data1\" content=\"1 minute\" \/>\n<script type=\"application\/ld+json\" class=\"yoast-schema-graph\">{\"@context\":\"https:\/\/schema.org\",\"@graph\":[{\"@type\":\"WebPage\",\"@id\":\"https:\/\/www.nature-bois-concept.com\/magazine\/terrasse-bois\/actualites\/avantages-essence-garapa\/\",\"url\":\"https:\/\/www.nature-bois-concept.com\/magazine\/terrasse-bois\/actualites\/avantages-essence-garapa\/\",\"name\":\"Garapa Bois : Avantages de Cette Essence pour Votre Terrasse\",\"isPartOf\":{\"@id\":\"https:\/\/www.nature-bois-concept.com\/magazine\/#website\"},\"primaryImageOfPage\":{\"@id\":\"https:\/\/www.nature-bois-concept.com\/magazine\/terrasse-bois\/actualites\/avantages-essence-garapa\/#primaryimage\"},\"image\":{\"@id\":\"https:\/\/www.nature-bois-concept.com\/magazine\/terrasse-bois\/actualites\/avantages-essence-garapa\/#primaryimage\"},\"thumbnailUrl\":\"https:\/\/www.nature-bois-concept.com\/magazine\/wp-content\/uploads\/2018\/03\/terrasse-garapa-2-e1521712516318.jpg\",\"datePublished\":\"2020-02-10T19:39:32+00:00\",\"dateModified\":\"2026-04-03T07:57:52+00:00\",\"description\":\"D\u00e9couvrez les atouts du bois exotique Garapa pour votre terrasse : une teinte dor\u00e9e lumineuse, une grande r\u00e9sistance et un excellent rapport qualit\u00e9-prix.\",\"breadcrumb\":{\"@id\":\"https:\/\/www.nature-bois-concept.com\/magazine\/terrasse-bois\/actualites\/avantages-essence-garapa\/#breadcrumb\"},\"inLanguage\":\"fr-FR\",\"potentialAction\":[{\"@type\":\"ReadAction\",\"target\":[\"https:\/\/www.nature-bois-concept.com\/magazine\/terrasse-bois\/actualites\/avantages-essence-garapa\/\"]}]},{\"@type\":\"ImageObject\",\"inLanguage\":\"fr-FR\",\"@id\":\"https:\/\/www.nature-bois-concept.com\/magazine\/terrasse-bois\/actualites\/avantages-essence-garapa\/#primaryimage\",\"url\":\"https:\/\/www.nature-bois-concept.com\/magazine\/wp-content\/uploads\/2018\/03\/terrasse-garapa-2-e1521712516318.jpg\",\"contentUrl\":\"https:\/\/www.nature-bois-concept.com\/magazine\/wp-content\/uploads\/2018\/03\/terrasse-garapa-2-e1521712516318.jpg\",\"width\":2000,\"height\":1190,\"caption\":\"Terrasse en Garapa dans un am\u00e9nagement moderne.\"},{\"@type\":\"BreadcrumbList\",\"@id\":\"https:\/\/www.nature-bois-concept.com\/magazine\/terrasse-bois\/actualites\/avantages-essence-garapa\/#breadcrumb\",\"itemListElement\":[{\"@type\":\"ListItem\",\"position\":1,\"name\":\"Magazine NBC\",\"item\":\"https:\/\/www.nature-bois-concept.com\/magazine\/\"},{\"@type\":\"ListItem\",\"position\":2,\"name\":\"Terrasse bois\",\"item\":\"https:\/\/www.nature-bois-concept.com\/magazine\/terrasse-bois\/\"},{\"@type\":\"ListItem\",\"position\":3,\"name\":\"Les Articles sur la Terrasse en Bois\",\"item\":\"https:\/\/www.nature-bois-concept.com\/magazine\/terrasse-bois\/actualites\/\"},{\"@type\":\"ListItem\",\"position\":4,\"name\":\"Le Garapa, une essence exotique aux nombreux avantages !\"}]},{\"@type\":\"WebSite\",\"@id\":\"https:\/\/www.nature-bois-concept.com\/magazine\/#website\",\"url\":\"https:\/\/www.nature-bois-concept.com\/magazine\/\",\"name\":\"Magazine Nature Bois Concept\",\"description\":\"En association avec Nature Bois Concept\",\"potentialAction\":[{\"@type\":\"SearchAction\",\"target\":{\"@type\":\"EntryPoint\",\"urlTemplate\":\"https:\/\/www.nature-bois-concept.com\/magazine\/?s={search_term_string}\"},\"query-input\":\"required name=search_term_string\"}],\"inLanguage\":\"fr-FR\"}]}<\/script>\n<!-- \/ Yoast SEO plugin. -->","yoast_head_json":{"title":"Garapa Bois : Avantages de Cette Essence pour Votre Terrasse","description":"D\u00e9couvrez les atouts du bois exotique Garapa pour votre terrasse : une teinte dor\u00e9e lumineuse, une grande r\u00e9sistance et un excellent rapport qualit\u00e9-prix.","robots":{"index":"index","follow":"follow","max-snippet":"max-snippet:-1","max-image-preview":"max-image-preview:large","max-video-preview":"max-video-preview:-1"},"canonical":"https:\/\/www.nature-bois-concept.com\/magazine\/terrasse-bois\/actualites\/avantages-essence-garapa\/","og_locale":"fr_FR","og_type":"article","og_title":"Garapa Bois : Avantages de Cette Essence pour Votre Terrasse","og_description":"D\u00e9couvrez les atouts du bois exotique Garapa pour votre terrasse : une teinte dor\u00e9e lumineuse, une grande r\u00e9sistance et un excellent rapport qualit\u00e9-prix.","og_url":"https:\/\/www.nature-bois-concept.com\/magazine\/terrasse-bois\/actualites\/avantages-essence-garapa\/","og_site_name":"Magazine Nature Bois Concept","article_publisher":"https:\/\/www.facebook.com\/Nature-Bois-Concept-1596307970584169\/","article_modified_time":"2026-04-03T07:57:52+00:00","og_image":[{"width":2000,"height":1190,"url":"https:\/\/www.nature-bois-concept.com\/magazine\/wp-content\/uploads\/2018\/03\/terrasse-garapa-2-e1521712516318.jpg","type":"image\/jpeg"}],"twitter_card":"summary_large_image","twitter_site":"@nbc_bois","twitter_misc":{"Dur\u00e9e de lecture estim\u00e9e":"1 minute"},"schema":{"@context":"https:\/\/schema.org","@graph":[{"@type":"WebPage","@id":"https:\/\/www.nature-bois-concept.com\/magazine\/terrasse-bois\/actualites\/avantages-essence-garapa\/","url":"https:\/\/www.nature-bois-concept.com\/magazine\/terrasse-bois\/actualites\/avantages-essence-garapa\/","name":"Garapa Bois : Avantages de Cette Essence pour Votre Terrasse","isPartOf":{"@id":"https:\/\/www.nature-bois-concept.com\/magazine\/#website"},"primaryImageOfPage":{"@id":"https:\/\/www.nature-bois-concept.com\/magazine\/terrasse-bois\/actualites\/avantages-essence-garapa\/#primaryimage"},"image":{"@id":"https:\/\/www.nature-bois-concept.com\/magazine\/terrasse-bois\/actualites\/avantages-essence-garapa\/#primaryimage"},"thumbnailUrl":"https:\/\/www.nature-bois-concept.com\/magazine\/wp-content\/uploads\/2018\/03\/terrasse-garapa-2-e1521712516318.jpg","datePublished":"2020-02-10T19:39:32+00:00","dateModified":"2026-04-03T07:57:52+00:00","description":"D\u00e9couvrez les atouts du bois exotique Garapa pour votre terrasse : une teinte dor\u00e9e lumineuse, une grande r\u00e9sistance et un excellent rapport qualit\u00e9-prix.","breadcrumb":{"@id":"https:\/\/www.nature-bois-concept.com\/magazine\/terrasse-bois\/actualites\/avantages-essence-garapa\/#breadcrumb"},"inLanguage":"fr-FR","potentialAction":[{"@type":"ReadAction","target":["https:\/\/www.nature-bois-concept.com\/magazine\/terrasse-bois\/actualites\/avantages-essence-garapa\/"]}]},{"@type":"ImageObject","inLanguage":"fr-FR","@id":"https:\/\/www.nature-bois-concept.com\/magazine\/terrasse-bois\/actualites\/avantages-essence-garapa\/#primaryimage","url":"https:\/\/www.nature-bois-concept.com\/magazine\/wp-content\/uploads\/2018\/03\/terrasse-garapa-2-e1521712516318.jpg","contentUrl":"https:\/\/www.nature-bois-concept.com\/magazine\/wp-content\/uploads\/2018\/03\/terrasse-garapa-2-e1521712516318.jpg","width":2000,"height":1190,"caption":"Terrasse en Garapa dans un am\u00e9nagement moderne."},{"@type":"BreadcrumbList","@id":"https:\/\/www.nature-bois-concept.com\/magazine\/terrasse-bois\/actualites\/avantages-essence-garapa\/#breadcrumb","itemListElement":[{"@type":"ListItem","position":1,"name":"Magazine NBC","item":"https:\/\/www.nature-bois-concept.com\/magazine\/"},{"@type":"ListItem","position":2,"name":"Terrasse bois","item":"https:\/\/www.nature-bois-concept.com\/magazine\/terrasse-bois\/"},{"@type":"ListItem","position":3,"name":"Les Articles sur la Terrasse en Bois","item":"https:\/\/www.nature-bois-concept.com\/magazine\/terrasse-bois\/actualites\/"},{"@type":"ListItem","position":4,"name":"Le Garapa, une essence exotique aux nombreux avantages !"}]},{"@type":"WebSite","@id":"https:\/\/www.nature-bois-concept.com\/magazine\/#website","url":"https:\/\/www.nature-bois-concept.com\/magazine\/","name":"Magazine Nature Bois Concept","description":"En association avec Nature Bois Concept","potentialAction":[{"@type":"SearchAction","target":{"@type":"EntryPoint","urlTemplate":"https:\/\/www.nature-bois-concept.com\/magazine\/?s={search_term_string}"},"query-input":"required name=search_term_string"}],"inLanguage":"fr-FR"}]}},"_links":{"self":[{"href":"https:\/\/www.nature-bois-concept.com\/magazine\/wp-json\/wp\/v2\/pages\/5763"}],"collection":[{"href":"https:\/\/www.nature-bois-concept.com\/magazine\/wp-json\/wp\/v2\/pages"}],"about":[{"href":"https:\/\/www.nature-bois-concept.com\/magazine\/wp-json\/wp\/v2\/types\/page"}],"author":[{"embeddable":true,"href":"https:\/\/www.nature-bois-concept.com\/magazine\/wp-json\/wp\/v2\/users\/12"}],"replies":[{"embeddable":true,"href":"https:\/\/www.nature-bois-concept.com\/magazine\/wp-json\/wp\/v2\/comments?post=5763"}],"version-history":[{"count":15,"href":"https:\/\/www.nature-bois-concept.com\/magazine\/wp-json\/wp\/v2\/pages\/5763\/revisions"}],"predecessor-version":[{"id":8154,"href":"https:\/\/www.nature-bois-concept.com\/magazine\/wp-json\/wp\/v2\/pages\/5763\/revisions\/8154"}],"up":[{"embeddable":true,"href":"https:\/\/www.nature-bois-concept.com\/magazine\/wp-json\/wp\/v2\/pages\/556"}],"wp:featuredmedia":[{"embeddable":true,"href":"https:\/\/www.nature-bois-concept.com\/magazine\/wp-json\/wp\/v2\/media\/4221"}],"wp:attachment":[{"href":"https:\/\/www.nature-bois-concept.com\/magazine\/wp-json\/wp\/v2\/media?parent=5763"}],"curies":[{"name":"wp","href":"https:\/\/api.w.org\/{rel}","templated":true}]}}